{"id":41388,"date":"2020-11-26T09:24:53","date_gmt":"2020-11-26T08:24:53","guid":{"rendered":"https:\/\/relaisgourmet.com\/produit\/juego-de-utensilios-para-foie-gras\/"},"modified":"2025-12-01T01:17:40","modified_gmt":"2025-12-01T00:17:40","slug":"juego-de-utensilios-para-foie-gras","status":"publish","type":"product","link":"https:\/\/relaisgourmet.com\/es\/producto\/juego-de-utensilios-para-foie-gras\/","title":{"rendered":"Juego de utensilios para Foie Gras"},"content":{"rendered":"<p>Descubra nuestro juego de utensilios de Foie Gras, con todo lo esencial para servir su Foie Gras y sus aperitivos festivos. El juego de utensilios para el Foie Gras es imprescindible para todas sus reuniones con amigos o familiares.<\/p>\n<h2><strong>El Juego de utensilios para Foie Gras incluye:<\/strong><\/h2>\n<ul>\n<li><a href=\"https:\/\/relaisgourmet.com\/produit\/lira-de-foie-gras-en-acero-inoxidable\/?lang=es\" target=\"_blank\" rel=\"noopener noreferrer\">Lira de Foie Gras<\/a><\/li>\n<li><a href=\"https:\/\/relaisgourmet.com\/produit\/cuchillo-de-foie-gras\/?lang=es\" target=\"_blank\" rel=\"noopener noreferrer\">Cuchillo de Foie Gras<\/a><\/li>\n<li><a href=\"https:\/\/relaisgourmet.com\/produit\/abridor-de-tarros-foie-gras\/?lang=es\" target=\"_blank\" rel=\"noopener noreferrer\">Abridor de tarros Foie Gras<\/a><\/li>\n<li><a href=\"https:\/\/relaisgourmet.com\/produit\/pala-de-foie-gras\/?lang=es\" target=\"_blank\" rel=\"noopener noreferrer\">Pala de Foie Gras<\/a><\/li>\n<li><a href=\"https:\/\/relaisgourmet.com\/produit\/esparcidor-de-foie-gras\/?lang=es\" target=\"_blank\" rel=\"noopener noreferrer\">Esparcidor de Foie Gras<\/a><\/li>\n<\/ul>\n<p><strong>Peso:<\/strong> 500 g<\/p>\n<h2>C\u00f3mo servir el Foie Gras como un aut\u00e9ntico Gourmet:<\/h2>\n<p>El Foie Gras no es un simple pat\u00e9 que untar sobre una tostada. Degustarlo correctamente es todo un proceso, y por eso en Relais Gourmet ofrecemos los siguientes consejos para degustarlo como un aut\u00e9ntico Gourmet:<\/p>\n<ul>\n<li><strong>Enfr\u00ede el Foie Gras antes de degustarlo: <\/strong>Aunque el Foie Gras entero se conserva a temperatura ambiente, trate de enfriarlo en el frigor\u00edfico una hora antes de servirlo. Esto le ayudar\u00e1 a tener una mejor consistencia y textura.<\/li>\n<li><strong>Utilice una lira para cortar rodajas:<\/strong> Intente que la rodaja no sea demasiado fina, pero que se mantenga ligera. En lugar de una lira, puede usar un cuchillo siempre que este sea muy fino, plano y bien afilado, tras sumergirlo en agua caliente.<\/li>\n<li><strong>Limpie su herramienta despu\u00e9s de cada corte: <\/strong>Las irregularidades en un cuchillo pueden causar que el Foie Gras se quiebre, por lo que pase un trapo a su herramienta despu\u00e9s de cada corte.<\/li>\n<li><strong>Use un pan adecuado: <\/strong>Los biscotes, tostadas y panes de semillas generalmente tienen demasiado sabor, y pueden hacer que se pierda parte del delicado sabor de un buen Foie Gras. Si quiere degustar el Foie Gras con todos sus matices, un pan sencillo, como el pay\u00e9s, es una apuesta segura. Panes de jengibre, brioche, o con otros sabores suaves y afrutados pueden tambi\u00e9n complementar el sabor sin imponerse sobre \u00e9l.<\/li>\n<li><strong>No esparza el Foie Gras: <\/strong>Coloque el Foie Gras en rodajas sobre el pan, sin aplastarlo ni untarlo. La textura es una parte tan importante de la experiencia como el propio sabor, por eso es importante que la rodaja sea una pieza s\u00f3lida con un cierto grosor.<\/li>\n<li><strong>Acompa\u00f1e el Foie Gras con sabores dulces y suaves: <\/strong>Las bebidas afrutadas son una buena opci\u00f3n, as\u00ed como la cl\u00e1sica ensalada Perigord. Si va a servir alimentos m\u00e1s fuertes, aseg\u00farese de que estos vayan posteriormente al Foie Gras, para evitar que sus sabores eclipsen su textura.<\/li>\n<\/ul>\n<p>Encuentre todos nuestros productos en la tienda Relais Gourmet y no dudes en visitar <a href=\"https:\/\/relaisgourmet.com\/blog\/?lang=es\">nuestro blog<\/a> para descubrir <a href=\"https:\/\/relaisgourmet.com\/recetas\/?lang=es\">nuestras recetas<\/a> y otras novedades.<\/p>\n","protected":false},"excerpt":{"rendered":"<p><strong>Descubra nuestro juego de utensilios para Foie Gras.<\/strong> Encontrar\u00e1 todos los utensilios necesarios para presentar su Foie Gras con elegancia.<\/p>\n","protected":false},"featured_media":55137,"comment_status":"closed","ping_status":"closed","template":"","meta":[],"product_brand":[],"product_cat":[1329],"product_tag":[1878],"giftcard-category":[],"class_list":{"0":"post-41388","1":"product","2":"type-product","3":"status-publish","4":"has-post-thumbnail","6":"product_cat-utensilios-para-foie-gras","7":"product_tag-foie-gras-es","8":"product_shipping_class-standard-es","10":"first","11":"instock","12":"taxable","13":"shipping-taxable","14":"purchasable","15":"product-type-simple"},"yoast_head":"<!-- This site is optimized with the Yoast SEO Premium plugin v27.0 (Yoast SEO v27.0) - https:\/\/yoast.com\/product\/yoast-seo-premium-wordpress\/ -->\n<title>Utensilios para Foie Gras - Kit completo<\/title>\n<meta name=\"description\" content=\"Juego de utensilios para foie gras: herramientas pr\u00e1cticas para servir y disfrutar tu foie gras f\u00e1cilmente.\" \/>\n<meta name=\"robots\" content=\"index, follow, max-snippet:-1, max-image-preview:large, max-video-preview:-1\" \/>\n<link rel=\"canonical\" href=\"https:\/\/relaisgourmet.com\/es\/producto\/juego-de-utensilios-para-foie-gras\/\" \/>\n<meta property=\"og:locale\" content=\"es_ES\" \/>\n<meta property=\"og:type\" content=\"article\" \/>\n<meta property=\"og:title\" content=\"Juego de utensilios para Foie Gras\" \/>\n<meta property=\"og:description\" content=\"Juego de utensilios para foie gras: herramientas pr\u00e1cticas para servir y disfrutar tu foie gras f\u00e1cilmente.\" \/>\n<meta property=\"og:url\" content=\"https:\/\/relaisgourmet.com\/es\/producto\/juego-de-utensilios-para-foie-gras\/\" \/>\n<meta property=\"og:site_name\" content=\"Relais Gourmet\" \/>\n<meta property=\"article:publisher\" content=\"https:\/\/facebook.com\/yoast\" \/>\n<meta property=\"article:modified_time\" content=\"2025-12-01T00:17:40+00:00\" \/>\n<meta property=\"og:image\" content=\"https:\/\/relaisgourmet.com\/wp-content\/uploads\/2020\/11\/Capture-decran-2025-03-11-155626.png\" \/>\n\t<meta property=\"og:image:width\" content=\"506\" \/>\n\t<meta property=\"og:image:height\" content=\"406\" \/>\n\t<meta property=\"og:image:type\" content=\"image\/png\" \/>\n<meta name=\"twitter:card\" content=\"summary_large_image\" \/>\n<meta name=\"twitter:label1\" content=\"Tiempo de lectura\" \/>\n\t<meta name=\"twitter:data1\" content=\"3 minuto\" \/>\n<script type=\"application\/ld+json\" class=\"yoast-schema-graph\">{\"@context\":\"https:\/\/schema.org\",\"@graph\":[{\"@type\":\"WebPage\",\"@id\":\"https:\/\/relaisgourmet.com\/es\/producto\/juego-de-utensilios-para-foie-gras\/\",\"url\":\"https:\/\/relaisgourmet.com\/es\/producto\/juego-de-utensilios-para-foie-gras\/\",\"name\":\"Utensilios para Foie Gras - Kit completo\",\"isPartOf\":{\"@id\":\"https:\/\/relaisgourmet.com\/es\/#website\"},\"primaryImageOfPage\":{\"@id\":\"https:\/\/relaisgourmet.com\/es\/producto\/juego-de-utensilios-para-foie-gras\/#primaryimage\"},\"image\":{\"@id\":\"https:\/\/relaisgourmet.com\/es\/producto\/juego-de-utensilios-para-foie-gras\/#primaryimage\"},\"thumbnailUrl\":\"https:\/\/relaisgourmet.com\/wp-content\/uploads\/2020\/11\/Capture-decran-2025-03-11-155626.png\",\"datePublished\":\"2020-11-26T08:24:53+00:00\",\"dateModified\":\"2025-12-01T00:17:40+00:00\",\"description\":\"Juego de utensilios para foie gras: herramientas pr\u00e1cticas para servir y disfrutar tu foie gras f\u00e1cilmente.\",\"breadcrumb\":{\"@id\":\"https:\/\/relaisgourmet.com\/es\/producto\/juego-de-utensilios-para-foie-gras\/#breadcrumb\"},\"inLanguage\":\"es\",\"potentialAction\":[{\"@type\":\"ReadAction\",\"target\":[\"https:\/\/relaisgourmet.com\/es\/producto\/juego-de-utensilios-para-foie-gras\/\"]}]},{\"@type\":\"ImageObject\",\"inLanguage\":\"es\",\"@id\":\"https:\/\/relaisgourmet.com\/es\/producto\/juego-de-utensilios-para-foie-gras\/#primaryimage\",\"url\":\"https:\/\/relaisgourmet.com\/wp-content\/uploads\/2020\/11\/Capture-decran-2025-03-11-155626.png\",\"contentUrl\":\"https:\/\/relaisgourmet.com\/wp-content\/uploads\/2020\/11\/Capture-decran-2025-03-11-155626.png\",\"width\":506,\"height\":406},{\"@type\":\"BreadcrumbList\",\"@id\":\"https:\/\/relaisgourmet.com\/es\/producto\/juego-de-utensilios-para-foie-gras\/#breadcrumb\",\"itemListElement\":[{\"@type\":\"ListItem\",\"position\":1,\"name\":\"Inicio\",\"item\":\"https:\/\/relaisgourmet.com\/es\/\"},{\"@type\":\"ListItem\",\"position\":2,\"name\":\"Aut\u00e9ntico foie gras\",\"item\":\"https:\/\/relaisgourmet.com\/es\/autentico-foie-gras\/\"},{\"@type\":\"ListItem\",\"position\":3,\"name\":\"Juego de utensilios para Foie Gras\"}]},{\"@type\":\"WebSite\",\"@id\":\"https:\/\/relaisgourmet.com\/es\/#website\",\"url\":\"https:\/\/relaisgourmet.com\/es\/\",\"name\":\"Relais Gourmet\",\"description\":\"Maison Gastronomique au Pays-Basque Depuis 2004\",\"publisher\":{\"@id\":\"https:\/\/relaisgourmet.com\/es\/#organization\"},\"potentialAction\":[{\"@type\":\"SearchAction\",\"target\":{\"@type\":\"EntryPoint\",\"urlTemplate\":\"https:\/\/relaisgourmet.com\/es\/?s={search_term_string}\"},\"query-input\":{\"@type\":\"PropertyValueSpecification\",\"valueRequired\":true,\"valueName\":\"search_term_string\"}}],\"inLanguage\":\"es\"},{\"@type\":\"Organization\",\"@id\":\"https:\/\/relaisgourmet.com\/es\/#organization\",\"name\":\"Relais Gourmet\",\"url\":\"https:\/\/relaisgourmet.com\/es\/\",\"logo\":{\"@type\":\"ImageObject\",\"inLanguage\":\"es\",\"@id\":\"https:\/\/relaisgourmet.com\/es\/#\/schema\/logo\/image\/\",\"url\":\"https:\/\/relaisgourmet.com\/wp-content\/uploads\/2024\/11\/Diseno-sin-titulo-8.jpg\",\"contentUrl\":\"https:\/\/relaisgourmet.com\/wp-content\/uploads\/2024\/11\/Diseno-sin-titulo-8.jpg\",\"width\":500,\"height\":500,\"caption\":\"Relais Gourmet\"},\"image\":{\"@id\":\"https:\/\/relaisgourmet.com\/es\/#\/schema\/logo\/image\/\"},\"sameAs\":[\"https:\/\/facebook.com\/yoast\",\"https:\/\/instagram.com\/yoast\"]}]}<\/script>\n<!-- \/ Yoast SEO Premium plugin. -->","yoast_head_json":{"title":"Utensilios para Foie Gras - Kit completo","description":"Juego de utensilios para foie gras: herramientas pr\u00e1cticas para servir y disfrutar tu foie gras f\u00e1cilmente.","robots":{"index":"index","follow":"follow","max-snippet":"max-snippet:-1","max-image-preview":"max-image-preview:large","max-video-preview":"max-video-preview:-1"},"canonical":"https:\/\/relaisgourmet.com\/es\/producto\/juego-de-utensilios-para-foie-gras\/","og_locale":"es_ES","og_type":"article","og_title":"Juego de utensilios para Foie Gras","og_description":"Juego de utensilios para foie gras: herramientas pr\u00e1cticas para servir y disfrutar tu foie gras f\u00e1cilmente.","og_url":"https:\/\/relaisgourmet.com\/es\/producto\/juego-de-utensilios-para-foie-gras\/","og_site_name":"Relais Gourmet","article_publisher":"https:\/\/facebook.com\/yoast","article_modified_time":"2025-12-01T00:17:40+00:00","og_image":[{"width":506,"height":406,"url":"https:\/\/relaisgourmet.com\/wp-content\/uploads\/2020\/11\/Capture-decran-2025-03-11-155626.png","type":"image\/png"}],"twitter_card":"summary_large_image","twitter_misc":{"Tiempo de lectura":"3 minuto"},"schema":{"@context":"https:\/\/schema.org","@graph":[{"@type":"WebPage","@id":"https:\/\/relaisgourmet.com\/es\/producto\/juego-de-utensilios-para-foie-gras\/","url":"https:\/\/relaisgourmet.com\/es\/producto\/juego-de-utensilios-para-foie-gras\/","name":"Utensilios para Foie Gras - Kit completo","isPartOf":{"@id":"https:\/\/relaisgourmet.com\/es\/#website"},"primaryImageOfPage":{"@id":"https:\/\/relaisgourmet.com\/es\/producto\/juego-de-utensilios-para-foie-gras\/#primaryimage"},"image":{"@id":"https:\/\/relaisgourmet.com\/es\/producto\/juego-de-utensilios-para-foie-gras\/#primaryimage"},"thumbnailUrl":"https:\/\/relaisgourmet.com\/wp-content\/uploads\/2020\/11\/Capture-decran-2025-03-11-155626.png","datePublished":"2020-11-26T08:24:53+00:00","dateModified":"2025-12-01T00:17:40+00:00","description":"Juego de utensilios para foie gras: herramientas pr\u00e1cticas para servir y disfrutar tu foie gras f\u00e1cilmente.","breadcrumb":{"@id":"https:\/\/relaisgourmet.com\/es\/producto\/juego-de-utensilios-para-foie-gras\/#breadcrumb"},"inLanguage":"es","potentialAction":[{"@type":"ReadAction","target":["https:\/\/relaisgourmet.com\/es\/producto\/juego-de-utensilios-para-foie-gras\/"]}]},{"@type":"ImageObject","inLanguage":"es","@id":"https:\/\/relaisgourmet.com\/es\/producto\/juego-de-utensilios-para-foie-gras\/#primaryimage","url":"https:\/\/relaisgourmet.com\/wp-content\/uploads\/2020\/11\/Capture-decran-2025-03-11-155626.png","contentUrl":"https:\/\/relaisgourmet.com\/wp-content\/uploads\/2020\/11\/Capture-decran-2025-03-11-155626.png","width":506,"height":406},{"@type":"BreadcrumbList","@id":"https:\/\/relaisgourmet.com\/es\/producto\/juego-de-utensilios-para-foie-gras\/#breadcrumb","itemListElement":[{"@type":"ListItem","position":1,"name":"Inicio","item":"https:\/\/relaisgourmet.com\/es\/"},{"@type":"ListItem","position":2,"name":"Aut\u00e9ntico foie gras","item":"https:\/\/relaisgourmet.com\/es\/autentico-foie-gras\/"},{"@type":"ListItem","position":3,"name":"Juego de utensilios para Foie Gras"}]},{"@type":"WebSite","@id":"https:\/\/relaisgourmet.com\/es\/#website","url":"https:\/\/relaisgourmet.com\/es\/","name":"Relais Gourmet","description":"Maison Gastronomique au Pays-Basque Depuis 2004","publisher":{"@id":"https:\/\/relaisgourmet.com\/es\/#organization"},"potentialAction":[{"@type":"SearchAction","target":{"@type":"EntryPoint","urlTemplate":"https:\/\/relaisgourmet.com\/es\/?s={search_term_string}"},"query-input":{"@type":"PropertyValueSpecification","valueRequired":true,"valueName":"search_term_string"}}],"inLanguage":"es"},{"@type":"Organization","@id":"https:\/\/relaisgourmet.com\/es\/#organization","name":"Relais Gourmet","url":"https:\/\/relaisgourmet.com\/es\/","logo":{"@type":"ImageObject","inLanguage":"es","@id":"https:\/\/relaisgourmet.com\/es\/#\/schema\/logo\/image\/","url":"https:\/\/relaisgourmet.com\/wp-content\/uploads\/2024\/11\/Diseno-sin-titulo-8.jpg","contentUrl":"https:\/\/relaisgourmet.com\/wp-content\/uploads\/2024\/11\/Diseno-sin-titulo-8.jpg","width":500,"height":500,"caption":"Relais Gourmet"},"image":{"@id":"https:\/\/relaisgourmet.com\/es\/#\/schema\/logo\/image\/"},"sameAs":["https:\/\/facebook.com\/yoast","https:\/\/instagram.com\/yoast"]}]}},"_links":{"self":[{"href":"https:\/\/relaisgourmet.com\/es\/wp-json\/wp\/v2\/product\/41388","targetHints":{"allow":["GET"]}}],"collection":[{"href":"https:\/\/relaisgourmet.com\/es\/wp-json\/wp\/v2\/product"}],"about":[{"href":"https:\/\/relaisgourmet.com\/es\/wp-json\/wp\/v2\/types\/product"}],"replies":[{"embeddable":true,"href":"https:\/\/relaisgourmet.com\/es\/wp-json\/wp\/v2\/comments?post=41388"}],"version-history":[{"count":0,"href":"https:\/\/relaisgourmet.com\/es\/wp-json\/wp\/v2\/product\/41388\/revisions"}],"wp:featuredmedia":[{"embeddable":true,"href":"https:\/\/relaisgourmet.com\/es\/wp-json\/wp\/v2\/media\/55137"}],"wp:attachment":[{"href":"https:\/\/relaisgourmet.com\/es\/wp-json\/wp\/v2\/media?parent=41388"}],"wp:term":[{"taxonomy":"product_brand","embeddable":true,"href":"https:\/\/relaisgourmet.com\/es\/wp-json\/wp\/v2\/product_brand?post=41388"},{"taxonomy":"product_cat","embeddable":true,"href":"https:\/\/relaisgourmet.com\/es\/wp-json\/wp\/v2\/product_cat?post=41388"},{"taxonomy":"product_tag","embeddable":true,"href":"https:\/\/relaisgourmet.com\/es\/wp-json\/wp\/v2\/product_tag?post=41388"},{"taxonomy":"giftcard-category","embeddable":true,"href":"https:\/\/relaisgourmet.com\/es\/wp-json\/wp\/v2\/giftcard-category?post=41388"}],"curies":[{"name":"wp","href":"https:\/\/api.w.org\/{rel}","templated":true}]}}