{"id":60606,"date":"2025-12-16T04:32:20","date_gmt":"2025-12-16T04:32:20","guid":{"rendered":"https:\/\/strange-jennings.213-136-85-46.plesk.page\/carrito\/"},"modified":"2026-04-01T22:34:50","modified_gmt":"2026-04-01T22:34:50","slug":"carrito","status":"publish","type":"page","link":"https:\/\/relaisgourmet.com\/es\/carrito\/","title":{"rendered":"Carro"},"content":{"rendered":"\n<div id=\"bfw-countdown-timer\" data-rule-ids=\"[]\" data-cart-block=\"1\" data-checkout-block=\"\"><\/div>\n<div data-block-name=\"woocommerce\/cart\" class=\"wp-block-woocommerce-cart alignwide is-loading\">\n<div data-block-name=\"woocommerce\/filled-cart-block\" class=\"wp-block-woocommerce-filled-cart-block\">\n<div data-block-name=\"woocommerce\/cart-items-block\" class=\"wp-block-woocommerce-cart-items-block\">\n<div data-block-name=\"woocommerce\/cart-line-items-block\" class=\"wp-block-woocommerce-cart-line-items-block\"><\/div>\n\n\n<\/div>\n\n\n\n<div data-block-name=\"woocommerce\/cart-totals-block\" class=\"wp-block-woocommerce-cart-totals-block\">\n<div data-block-name=\"woocommerce\/cart-order-summary-block\" class=\"wp-block-woocommerce-cart-order-summary-block\">\n<div data-block-name=\"woocommerce\/cart-order-summary-heading-block\" data-content=\"Cartucho total\" class=\"wp-block-woocommerce-cart-order-summary-heading-block\"><\/div>\n\n\n\n<div data-block-name=\"woocommerce\/cart-order-summary-coupon-form-block\" class=\"wp-block-woocommerce-cart-order-summary-coupon-form-block\"><\/div>\n\n\n\n<div data-block-name=\"woocommerce\/cart-order-summary-totals-block\" class=\"wp-block-woocommerce-cart-order-summary-totals-block\">\n<div data-block-name=\"woocommerce\/cart-order-summary-subtotal-block\" class=\"wp-block-woocommerce-cart-order-summary-subtotal-block\"><\/div>\n\n\n\n<div data-block-name=\"woocommerce\/cart-order-summary-fee-block\" class=\"wp-block-woocommerce-cart-order-summary-fee-block\"><\/div>\n\n\n\n<div data-block-name=\"woocommerce\/cart-order-summary-discount-block\" class=\"wp-block-woocommerce-cart-order-summary-discount-block\"><\/div>\n\n\n\n<div data-block-name=\"woocommerce\/cart-order-summary-shipping-block\" class=\"wp-block-woocommerce-cart-order-summary-shipping-block\"><\/div>\n\n\n\n<div data-block-name=\"woocommerce\/cart-order-summary-taxes-block\" class=\"wp-block-woocommerce-cart-order-summary-taxes-block\"><\/div>\n<\/div>\n<\/div>\n\n\n<div data-lock=\"{&quot;remove&quot;:true}\" data-ppcp-id=\"ppcp-10a4506d-10be-474f-b760-87b00ace6b2f\" data-block-name=\"woocommerce-paypal-payments\/cart-paylater-messages\" data-pp-placement=\"cart\" data-pp-style-layout=\"text\" data-pp-style-logo-position=\"left\" data-pp-style-logo-type=\"inline\" data-pp-style-text-color=\"black\" data-pp-style-text-size=\"12\" id=\"ppcp-10a4506d-10be-474f-b760-87b00ace6b2f\" class=\"ppcp-messages\" data-partner-attribution-id=\"Woo_PPCP\"><\/div>\n\n\n<div data-block-name=\"woocommerce\/cart-express-payment-block\" class=\"wp-block-woocommerce-cart-express-payment-block\"><\/div>\n\n\n\n<div data-block-name=\"woocommerce\/proceed-to-checkout-block\" class=\"wp-block-woocommerce-proceed-to-checkout-block\"><\/div>\n\n\n\n<div data-block-name=\"woocommerce\/cart-accepted-payment-methods-block\" class=\"wp-block-woocommerce-cart-accepted-payment-methods-block\"><\/div>\n<\/div>\n<\/div>\n\n\n\n<div data-block-name=\"woocommerce\/empty-cart-block\" class=\"wp-block-woocommerce-empty-cart-block\">\n<h2 class=\"wp-block-heading has-text-align-center with-empty-cart-icon wc-block-cart__empty-cart__title\">\u00a1Tu carrito est\u00e1 vac\u00edo ahora mismo!<\/h2>\n\n\n\n<hr class=\"wp-block-separator has-alpha-channel-opacity is-style-dots\"\/>\n\n\n\n<h2 class=\"wp-block-heading has-text-align-center\"><strong>Reci\u00e9n llegados del Pa\u00eds Vasco<\/strong><\/h2>\n\n\n<div data-align-buttons=\"true\" data-block-name=\"woocommerce\/product-new\" data-categories=\"[28,26]\" data-columns=\"4\" data-rows=\"1\" data-stock-status=\"[&quot;&quot;,&quot;instock&quot;]\" class=\"wc-block-grid wp-block-product-new wp-block-woocommerce-product-new wc-block-product-new has-4-columns has-aligned-buttons\"><ul class=\"wc-block-grid__products\"><li class=\"wc-block-grid__product\">\n\t\t\t\t<a href=\"https:\/\/relaisgourmet.com\/es\/producto\/caja-iraty__trashed\/\" class=\"wc-block-grid__product-link\">\n\t\t\t\t\t\n\t\t\t\t\t<div class=\"wc-block-grid__product-image\"><img fetchpriority=\"high\" decoding=\"async\" width=\"1000\" height=\"1000\" src=\"https:\/\/relaisgourmet.com\/wp-content\/uploads\/2026\/03\/Iraty-1000x1000.webp\" class=\"attachment-woocommerce_thumbnail size-woocommerce_thumbnail\" alt=\"Caja Iraty\" srcset=\"https:\/\/relaisgourmet.com\/wp-content\/uploads\/2026\/03\/Iraty-1000x1000.webp 1000w, https:\/\/relaisgourmet.com\/wp-content\/uploads\/2026\/03\/Iraty-100x100.webp 100w, https:\/\/relaisgourmet.com\/wp-content\/uploads\/2026\/03\/Iraty-300x300.jpg 300w, https:\/\/relaisgourmet.com\/wp-content\/uploads\/2026\/03\/Iraty-1024x1024.jpg 1024w, https:\/\/relaisgourmet.com\/wp-content\/uploads\/2026\/03\/Iraty-150x150.jpg 150w, https:\/\/relaisgourmet.com\/wp-content\/uploads\/2026\/03\/Iraty-768x768.jpg 768w, https:\/\/relaisgourmet.com\/wp-content\/uploads\/2026\/03\/Iraty.webp 1427w\" sizes=\"(max-width: 1000px) 100vw, 1000px\" \/><\/div>\n\t\t\t\t\t<div class=\"wc-block-grid__product-title\">Caja Iraty<\/div>\n\t\t\t\t<\/a>\n\t\t\t\t<div class=\"wc-block-grid__product-price price\"><span class=\"woocommerce-Price-amount amount\">69.90&nbsp;<span class=\"woocommerce-Price-currencySymbol\">&euro;<\/span><\/span><\/div>\n\t\t\t\t\n\t\t\t\t<div class=\"wp-block-button wc-block-grid__product-add-to-cart\"><a href=\"\/es\/wp-json\/wp\/v2\/pages\/60606?add-to-cart=61801\" aria-label=\"A\u00f1adir al carrito: &ldquo;Caja Iraty&rdquo;\" data-quantity=\"1\" data-product_id=\"61801\" data-product_sku=\"3110000346804-1\" data-price=\"69.9\" rel=\"nofollow\" class=\"wp-block-button__link  add_to_cart_button ajax_add_to_cart\">A\u00f1adir al carrito<\/a><\/div>\n\t\t\t<\/li><li class=\"wc-block-grid__product\">\n\t\t\t\t<a href=\"https:\/\/relaisgourmet.com\/es\/producto\/aperitivo-gourmet-con-chalotas-confitadas\/\" class=\"wc-block-grid__product-link\">\n\t\t\t\t\t\n\t\t\t\t\t<div class=\"wc-block-grid__product-image\"><img decoding=\"async\" width=\"1000\" height=\"1000\" src=\"https:\/\/relaisgourmet.com\/wp-content\/uploads\/2026\/03\/Apero-Echalottes.png\" class=\"attachment-woocommerce_thumbnail size-woocommerce_thumbnail\" alt=\"Aperitivo gourmet con chalotas confitadas\" srcset=\"https:\/\/relaisgourmet.com\/wp-content\/uploads\/2026\/03\/Apero-Echalottes.png 1000w, https:\/\/relaisgourmet.com\/wp-content\/uploads\/2026\/03\/Apero-Echalottes-100x100.png 100w, https:\/\/relaisgourmet.com\/wp-content\/uploads\/2026\/03\/Apero-Echalottes-300x300.png 300w, https:\/\/relaisgourmet.com\/wp-content\/uploads\/2026\/03\/Apero-Echalottes-150x150.png 150w, https:\/\/relaisgourmet.com\/wp-content\/uploads\/2026\/03\/Apero-Echalottes-768x768.png 768w, https:\/\/relaisgourmet.com\/wp-content\/uploads\/2026\/03\/Apero-Echalottes-600x600.png 600w\" sizes=\"(max-width: 1000px) 100vw, 1000px\" \/><\/div>\n\t\t\t\t\t<div class=\"wc-block-grid__product-title\">Aperitivo gourmet con chalotas confitadas<\/div>\n\t\t\t\t<\/a>\n\t\t\t\t<div class=\"wc-block-grid__product-price price\"><span class=\"woocommerce-Price-amount amount\">12.00&nbsp;<span class=\"woocommerce-Price-currencySymbol\">&euro;<\/span><\/span><\/div>\n\t\t\t\t\n\t\t\t\t<div class=\"wp-block-button wc-block-grid__product-add-to-cart\"><a href=\"\/es\/wp-json\/wp\/v2\/pages\/60606?add-to-cart=61667\" aria-label=\"A\u00f1adir al carrito: &ldquo;Aperitivo gourmet con chalotas confitadas&rdquo;\" data-quantity=\"1\" data-product_id=\"61667\" data-product_sku=\"MV-Y56G-IZ1C\" data-price=\"12\" rel=\"nofollow\" class=\"wp-block-button__link  add_to_cart_button ajax_add_to_cart\">A\u00f1adir al carrito<\/a><\/div>\n\t\t\t<\/li><li class=\"wc-block-grid__product\">\n\t\t\t\t<a href=\"https:\/\/relaisgourmet.com\/es\/producto\/set-de-aperitivo-ainhoa\/\" class=\"wc-block-grid__product-link\">\n\t\t\t\t\t\n\t\t\t\t\t<div class=\"wc-block-grid__product-image\"><img decoding=\"async\" width=\"1000\" height=\"1000\" src=\"https:\/\/relaisgourmet.com\/wp-content\/uploads\/2026\/03\/Ainhoa-1000x1000.jpg\" class=\"attachment-woocommerce_thumbnail size-woocommerce_thumbnail\" alt=\"Set de aperitivo Ainhoa\" srcset=\"https:\/\/relaisgourmet.com\/wp-content\/uploads\/2026\/03\/Ainhoa-1000x1000.jpg 1000w, https:\/\/relaisgourmet.com\/wp-content\/uploads\/2026\/03\/Ainhoa-100x100.jpg 100w, https:\/\/relaisgourmet.com\/wp-content\/uploads\/2026\/03\/Ainhoa-300x300.jpg 300w, https:\/\/relaisgourmet.com\/wp-content\/uploads\/2026\/03\/Ainhoa-1024x1024.jpg 1024w, https:\/\/relaisgourmet.com\/wp-content\/uploads\/2026\/03\/Ainhoa-150x150.jpg 150w, https:\/\/relaisgourmet.com\/wp-content\/uploads\/2026\/03\/Ainhoa-768x768.jpg 768w, https:\/\/relaisgourmet.com\/wp-content\/uploads\/2026\/03\/Ainhoa.jpg 1427w\" sizes=\"(max-width: 1000px) 100vw, 1000px\" \/><\/div>\n\t\t\t\t\t<div class=\"wc-block-grid__product-title\">Set de aperitivo Ainhoa<\/div>\n\t\t\t\t<\/a>\n\t\t\t\t<div class=\"wc-block-grid__product-price price\"><span class=\"woocommerce-Price-amount amount\">39.90&nbsp;<span class=\"woocommerce-Price-currencySymbol\">&euro;<\/span><\/span><\/div>\n\t\t\t\t\n\t\t\t\t<div class=\"wp-block-button wc-block-grid__product-add-to-cart\"><a href=\"\/es\/wp-json\/wp\/v2\/pages\/60606?add-to-cart=64867\" aria-label=\"A\u00f1adir al carrito: &ldquo;Set de aperitivo Ainhoa&rdquo;\" data-quantity=\"1\" data-product_id=\"64867\" data-product_sku=\"3190000346776\" data-price=\"39.9\" rel=\"nofollow\" class=\"wp-block-button__link  add_to_cart_button ajax_add_to_cart\">A\u00f1adir al carrito<\/a><\/div>\n\t\t\t<\/li><li class=\"wc-block-grid__product\">\n\t\t\t\t<a href=\"https:\/\/relaisgourmet.com\/es\/producto\/caja-de-foie-gras-quintessence-y-pechuga-de-pato\/\" class=\"wc-block-grid__product-link\">\n\t\t\t\t\t\n\t\t\t\t\t<div class=\"wc-block-grid__product-image\"><img loading=\"lazy\" decoding=\"async\" width=\"1000\" height=\"1000\" src=\"https:\/\/relaisgourmet.com\/wp-content\/uploads\/2026\/03\/Quintessence-x3-1000x1000.jpg\" class=\"attachment-woocommerce_thumbnail size-woocommerce_thumbnail\" alt=\"Caja de foie gras Quintessence y pechuga de pato\" srcset=\"https:\/\/relaisgourmet.com\/wp-content\/uploads\/2026\/03\/Quintessence-x3-1000x1000.jpg 1000w, https:\/\/relaisgourmet.com\/wp-content\/uploads\/2026\/03\/Quintessence-x3-100x100.jpg 100w, https:\/\/relaisgourmet.com\/wp-content\/uploads\/2026\/03\/Quintessence-x3-300x300.jpg 300w, https:\/\/relaisgourmet.com\/wp-content\/uploads\/2026\/03\/Quintessence-x3-1024x1024.jpg 1024w, https:\/\/relaisgourmet.com\/wp-content\/uploads\/2026\/03\/Quintessence-x3-150x150.jpg 150w, https:\/\/relaisgourmet.com\/wp-content\/uploads\/2026\/03\/Quintessence-x3-768x768.jpg 768w, https:\/\/relaisgourmet.com\/wp-content\/uploads\/2026\/03\/Quintessence-x3-1536x1536.jpg 1536w, https:\/\/relaisgourmet.com\/wp-content\/uploads\/2026\/03\/Quintessence-x3.jpg 1583w\" sizes=\"(max-width: 1000px) 100vw, 1000px\" \/><\/div>\n\t\t\t\t\t<div class=\"wc-block-grid__product-title\">Caja de foie gras Quintessence y pechuga de pato<\/div>\n\t\t\t\t<\/a>\n\t\t\t\t<div class=\"wc-block-grid__product-price price\"><span class=\"woocommerce-Price-amount amount\">62.00&nbsp;<span class=\"woocommerce-Price-currencySymbol\">&euro;<\/span><\/span><\/div>\n\t\t\t\t\n\t\t\t\t<div class=\"wp-block-button wc-block-grid__product-add-to-cart\"><a href=\"\/es\/wp-json\/wp\/v2\/pages\/60606?add-to-cart=64732\" aria-label=\"A\u00f1adir al carrito: &ldquo;Caja de foie gras Quintessence y pechuga de pato&rdquo;\" data-quantity=\"1\" data-product_id=\"64732\" data-product_sku=\"3060000338739\" data-price=\"62\" rel=\"nofollow\" class=\"wp-block-button__link  add_to_cart_button ajax_add_to_cart\">A\u00f1adir al carrito<\/a><\/div>\n\t\t\t<\/li><\/ul><\/div><\/div>\n<\/div>\n","protected":false},"excerpt":{"rendered":"","protected":false},"author":1,"featured_media":0,"parent":0,"menu_order":0,"comment_status":"closed","ping_status":"closed","template":"","meta":{"footnotes":""},"class_list":["post-60606","page","type-page","status-publish","hentry"],"yoast_head":"<!-- This site is optimized with the Yoast SEO Premium plugin v27.3 (Yoast SEO v27.3) - https:\/\/yoast.com\/product\/yoast-seo-premium-wordpress\/ -->\n<title>Carro&#8211; Relais Gourmet<\/title>\n<meta name=\"description\" content=\"Nuestros clientes tambi\u00e9n se han enamorado de... \u00a1Tu carrito est\u00e1 vac\u00edo ahora mismo! Reci\u00e9n llegados del Pa\u00eds\" \/>\n<meta name=\"robots\" content=\"index, follow, max-snippet:-1, max-image-preview:large, max-video-preview:-1\" \/>\n<link rel=\"canonical\" href=\"https:\/\/relaisgourmet.com\/es\/carrito\/\" \/>\n<meta property=\"og:locale\" content=\"es_ES\" \/>\n<meta property=\"og:type\" content=\"article\" \/>\n<meta property=\"og:title\" content=\"Carro\" \/>\n<meta property=\"og:description\" content=\"Nuestros clientes tambi\u00e9n se han enamorado de... \u00a1Tu carrito est\u00e1 vac\u00edo ahora mismo! Reci\u00e9n llegados del Pa\u00eds\" \/>\n<meta property=\"og:url\" content=\"https:\/\/relaisgourmet.com\/es\/carrito\/\" \/>\n<meta property=\"og:site_name\" content=\"Relais Gourmet\" \/>\n<meta property=\"article:publisher\" content=\"https:\/\/www.facebook.com\/relaisgourmet\/\" \/>\n<meta property=\"article:modified_time\" content=\"2026-04-01T22:34:50+00:00\" \/>\n<meta property=\"og:image\" content=\"https:\/\/relaisgourmet.com\/wp-content\/uploads\/2026\/03\/yoast-logo-2-relais-gourmet-.png\" \/>\n\t<meta property=\"og:image:width\" content=\"1200\" \/>\n\t<meta property=\"og:image:height\" content=\"675\" \/>\n\t<meta property=\"og:image:type\" content=\"image\/png\" \/>\n<meta name=\"twitter:card\" content=\"summary_large_image\" \/>\n<meta name=\"twitter:site\" content=\"@relaisgourmet64\" \/>\n<script type=\"application\/ld+json\" class=\"yoast-schema-graph\">{\"@context\":\"https:\\\/\\\/schema.org\",\"@graph\":[{\"@type\":\"WebPage\",\"@id\":\"https:\\\/\\\/relaisgourmet.com\\\/es\\\/carrito\\\/\",\"url\":\"https:\\\/\\\/relaisgourmet.com\\\/es\\\/carrito\\\/\",\"name\":\"Carro&#8211; Relais Gourmet\",\"isPartOf\":{\"@id\":\"https:\\\/\\\/relaisgourmet.com\\\/es\\\/#website\"},\"datePublished\":\"2025-12-16T04:32:20+00:00\",\"dateModified\":\"2026-04-01T22:34:50+00:00\",\"description\":\"Nuestros clientes tambi\u00e9n se han enamorado de... \u00a1Tu carrito est\u00e1 vac\u00edo ahora mismo! Reci\u00e9n llegados del Pa\u00eds\",\"breadcrumb\":{\"@id\":\"https:\\\/\\\/relaisgourmet.com\\\/es\\\/carrito\\\/#breadcrumb\"},\"inLanguage\":\"es\",\"potentialAction\":[{\"@type\":\"ReadAction\",\"target\":[\"https:\\\/\\\/relaisgourmet.com\\\/es\\\/carrito\\\/\"]}]},{\"@type\":\"BreadcrumbList\",\"@id\":\"https:\\\/\\\/relaisgourmet.com\\\/es\\\/carrito\\\/#breadcrumb\",\"itemListElement\":[{\"@type\":\"ListItem\",\"position\":1,\"name\":\"Inicio\",\"item\":\"https:\\\/\\\/relaisgourmet.com\\\/es\\\/inicio\\\/\"},{\"@type\":\"ListItem\",\"position\":2,\"name\":\"Carro\"}]},{\"@type\":\"WebSite\",\"@id\":\"https:\\\/\\\/relaisgourmet.com\\\/es\\\/#website\",\"url\":\"https:\\\/\\\/relaisgourmet.com\\\/es\\\/\",\"name\":\"Relais Gourmet\",\"description\":\"Foie Gras 100% Fran\u00e7ais\",\"publisher\":{\"@id\":\"https:\\\/\\\/relaisgourmet.com\\\/es\\\/#organization\"},\"potentialAction\":[{\"@type\":\"SearchAction\",\"target\":{\"@type\":\"EntryPoint\",\"urlTemplate\":\"https:\\\/\\\/relaisgourmet.com\\\/es\\\/?s={search_term_string}\"},\"query-input\":{\"@type\":\"PropertyValueSpecification\",\"valueRequired\":true,\"valueName\":\"search_term_string\"}}],\"inLanguage\":\"es\"},{\"@type\":\"Organization\",\"@id\":\"https:\\\/\\\/relaisgourmet.com\\\/es\\\/#organization\",\"name\":\"Relais Gourmet\",\"url\":\"https:\\\/\\\/relaisgourmet.com\\\/es\\\/\",\"logo\":{\"@type\":\"ImageObject\",\"inLanguage\":\"es\",\"@id\":\"https:\\\/\\\/relaisgourmet.com\\\/es\\\/#\\\/schema\\\/logo\\\/image\\\/\",\"url\":\"https:\\\/\\\/relaisgourmet.com\\\/wp-content\\\/uploads\\\/2026\\\/03\\\/yoast-logo-2-relais-gourmet-.png\",\"contentUrl\":\"https:\\\/\\\/relaisgourmet.com\\\/wp-content\\\/uploads\\\/2026\\\/03\\\/yoast-logo-2-relais-gourmet-.png\",\"width\":1200,\"height\":675,\"caption\":\"Relais Gourmet\"},\"image\":{\"@id\":\"https:\\\/\\\/relaisgourmet.com\\\/es\\\/#\\\/schema\\\/logo\\\/image\\\/\"},\"sameAs\":[\"https:\\\/\\\/www.facebook.com\\\/relaisgourmet\\\/\",\"https:\\\/\\\/x.com\\\/relaisgourmet64\",\"https:\\\/\\\/www.instagram.com\\\/relaisgourmetofficiel\",\"https:\\\/\\\/www.pinterest.fr\\\/relaisgourmet\\\/\"],\"email\":\"yaqueche@relaisgourmet.com\",\"telephone\":\"+33 0 5 40 07 07 65\",\"legalName\":\"Relais Gourmet\",\"vatID\":\"FR13482415015\",\"taxID\":\"482415015\"}]}<\/script>\n<!-- \/ Yoast SEO Premium plugin. -->","yoast_head_json":{"title":"Carro&#8211; Relais Gourmet","description":"Nuestros clientes tambi\u00e9n se han enamorado de... \u00a1Tu carrito est\u00e1 vac\u00edo ahora mismo! Reci\u00e9n llegados del Pa\u00eds","robots":{"index":"index","follow":"follow","max-snippet":"max-snippet:-1","max-image-preview":"max-image-preview:large","max-video-preview":"max-video-preview:-1"},"canonical":"https:\/\/relaisgourmet.com\/es\/carrito\/","og_locale":"es_ES","og_type":"article","og_title":"Carro","og_description":"Nuestros clientes tambi\u00e9n se han enamorado de... \u00a1Tu carrito est\u00e1 vac\u00edo ahora mismo! Reci\u00e9n llegados del Pa\u00eds","og_url":"https:\/\/relaisgourmet.com\/es\/carrito\/","og_site_name":"Relais Gourmet","article_publisher":"https:\/\/www.facebook.com\/relaisgourmet\/","article_modified_time":"2026-04-01T22:34:50+00:00","og_image":[{"width":1200,"height":675,"url":"https:\/\/relaisgourmet.com\/wp-content\/uploads\/2026\/03\/yoast-logo-2-relais-gourmet-.png","type":"image\/png"}],"twitter_card":"summary_large_image","twitter_site":"@relaisgourmet64","schema":{"@context":"https:\/\/schema.org","@graph":[{"@type":"WebPage","@id":"https:\/\/relaisgourmet.com\/es\/carrito\/","url":"https:\/\/relaisgourmet.com\/es\/carrito\/","name":"Carro&#8211; Relais Gourmet","isPartOf":{"@id":"https:\/\/relaisgourmet.com\/es\/#website"},"datePublished":"2025-12-16T04:32:20+00:00","dateModified":"2026-04-01T22:34:50+00:00","description":"Nuestros clientes tambi\u00e9n se han enamorado de... \u00a1Tu carrito est\u00e1 vac\u00edo ahora mismo! Reci\u00e9n llegados del Pa\u00eds","breadcrumb":{"@id":"https:\/\/relaisgourmet.com\/es\/carrito\/#breadcrumb"},"inLanguage":"es","potentialAction":[{"@type":"ReadAction","target":["https:\/\/relaisgourmet.com\/es\/carrito\/"]}]},{"@type":"BreadcrumbList","@id":"https:\/\/relaisgourmet.com\/es\/carrito\/#breadcrumb","itemListElement":[{"@type":"ListItem","position":1,"name":"Inicio","item":"https:\/\/relaisgourmet.com\/es\/inicio\/"},{"@type":"ListItem","position":2,"name":"Carro"}]},{"@type":"WebSite","@id":"https:\/\/relaisgourmet.com\/es\/#website","url":"https:\/\/relaisgourmet.com\/es\/","name":"Relais Gourmet","description":"Foie Gras 100% Fran\u00e7ais","publisher":{"@id":"https:\/\/relaisgourmet.com\/es\/#organization"},"potentialAction":[{"@type":"SearchAction","target":{"@type":"EntryPoint","urlTemplate":"https:\/\/relaisgourmet.com\/es\/?s={search_term_string}"},"query-input":{"@type":"PropertyValueSpecification","valueRequired":true,"valueName":"search_term_string"}}],"inLanguage":"es"},{"@type":"Organization","@id":"https:\/\/relaisgourmet.com\/es\/#organization","name":"Relais Gourmet","url":"https:\/\/relaisgourmet.com\/es\/","logo":{"@type":"ImageObject","inLanguage":"es","@id":"https:\/\/relaisgourmet.com\/es\/#\/schema\/logo\/image\/","url":"https:\/\/relaisgourmet.com\/wp-content\/uploads\/2026\/03\/yoast-logo-2-relais-gourmet-.png","contentUrl":"https:\/\/relaisgourmet.com\/wp-content\/uploads\/2026\/03\/yoast-logo-2-relais-gourmet-.png","width":1200,"height":675,"caption":"Relais Gourmet"},"image":{"@id":"https:\/\/relaisgourmet.com\/es\/#\/schema\/logo\/image\/"},"sameAs":["https:\/\/www.facebook.com\/relaisgourmet\/","https:\/\/x.com\/relaisgourmet64","https:\/\/www.instagram.com\/relaisgourmetofficiel","https:\/\/www.pinterest.fr\/relaisgourmet\/"],"email":"yaqueche@relaisgourmet.com","telephone":"+33 0 5 40 07 07 65","legalName":"Relais Gourmet","vatID":"FR13482415015","taxID":"482415015"}]}},"_links":{"self":[{"href":"https:\/\/relaisgourmet.com\/es\/wp-json\/wp\/v2\/pages\/60606","targetHints":{"allow":["GET"]}}],"collection":[{"href":"https:\/\/relaisgourmet.com\/es\/wp-json\/wp\/v2\/pages"}],"about":[{"href":"https:\/\/relaisgourmet.com\/es\/wp-json\/wp\/v2\/types\/page"}],"author":[{"embeddable":true,"href":"https:\/\/relaisgourmet.com\/es\/wp-json\/wp\/v2\/users\/1"}],"replies":[{"embeddable":true,"href":"https:\/\/relaisgourmet.com\/es\/wp-json\/wp\/v2\/comments?post=60606"}],"version-history":[{"count":3,"href":"https:\/\/relaisgourmet.com\/es\/wp-json\/wp\/v2\/pages\/60606\/revisions"}],"predecessor-version":[{"id":64150,"href":"https:\/\/relaisgourmet.com\/es\/wp-json\/wp\/v2\/pages\/60606\/revisions\/64150"}],"wp:attachment":[{"href":"https:\/\/relaisgourmet.com\/es\/wp-json\/wp\/v2\/media?parent=60606"}],"curies":[{"name":"wp","href":"https:\/\/api.w.org\/{rel}","templated":true}]}}