{"id":54135,"date":"2021-07-15T14:26:42","date_gmt":"2021-07-15T12:26:42","guid":{"rendered":"https:\/\/relaisgourmet.com\/newsletter\/"},"modified":"2025-02-28T14:19:07","modified_gmt":"2025-02-28T13:19:07","slug":"newsletter","status":"publish","type":"page","link":"https:\/\/relaisgourmet.com\/es\/newsletter\/","title":{"rendered":"Newsletter"},"content":{"rendered":"<h2>\u00a1Inscr\u00edbete ahora a nuestro bolet\u00edn y recibe tu ebook gratis!<\/h2>\n<p><img decoding=\"async\" width=\"510\" height=\"798\" src=\"https:\/\/relaisgourmet.com\/wp-content\/uploads\/2021\/07\/Capture-decran-de-2021-07-15-15-18-25.png\" alt=\"\" loading=\"lazy\" srcset=\"https:\/\/relaisgourmet.com\/wp-content\/uploads\/2021\/07\/Capture-decran-de-2021-07-15-15-18-25.png 510w, https:\/\/relaisgourmet.com\/wp-content\/uploads\/2021\/07\/Capture-decran-de-2021-07-15-15-18-25-192x300.png 192w\" sizes=\"auto, (max-width: 510px) 100vw, 510px\"><br \/>\nSuscr\u00edbete a nuestro bolet\u00edn  [sibwp_form id=\u00bb1&#8243;]<\/p>\n","protected":false},"excerpt":{"rendered":"<p>\u00a1Inscr\u00edbete ahora a nuestro bolet\u00edn y recibe tu ebook gratis! Suscr\u00edbete a nuestro bolet\u00edn [sibwp_form id=\u00bb1&#8243;]<\/p>\n","protected":false},"author":1,"featured_media":0,"parent":0,"menu_order":0,"comment_status":"open","ping_status":"closed","template":"","meta":{"footnotes":""},"class_list":["post-54135","page","type-page","status-publish","hentry"],"yoast_head":"<!-- This site is optimized with the Yoast SEO Premium plugin v27.4 (Yoast SEO v27.5) - https:\/\/yoast.com\/product\/yoast-seo-premium-wordpress\/ -->\n<title>Newsletter<\/title>\n<meta name=\"description\" content=\"Suscr\u00edbete al bolet\u00edn de RG y recibe ofertas gourmet exclusivas: \u00a1productos sanos, sin aditivos, conservantes ni colorantes!\" \/>\n<meta name=\"robots\" content=\"index, follow, max-snippet:-1, max-image-preview:large, max-video-preview:-1\" \/>\n<link rel=\"canonical\" href=\"https:\/\/relaisgourmet.com\/es\/newsletter\/\" \/>\n<meta property=\"og:locale\" content=\"es_ES\" \/>\n<meta property=\"og:type\" content=\"article\" \/>\n<meta property=\"og:title\" content=\"Newsletter\" \/>\n<meta property=\"og:description\" content=\"Suscr\u00edbete al bolet\u00edn de RG y recibe ofertas gourmet exclusivas: \u00a1productos sanos, sin aditivos, conservantes ni colorantes!\" \/>\n<meta property=\"og:url\" content=\"https:\/\/relaisgourmet.com\/es\/newsletter\/\" \/>\n<meta property=\"og:site_name\" content=\"Relais Gourmet\" \/>\n<meta property=\"article:publisher\" content=\"https:\/\/facebook.com\/yoast\" \/>\n<meta property=\"article:modified_time\" content=\"2025-02-28T13:19:07+00:00\" \/>\n<meta property=\"og:image\" content=\"https:\/\/relaisgourmet.com\/wp-content\/uploads\/2021\/07\/Capture-decran-de-2021-07-15-15-18-25.png\" \/>\n<meta name=\"twitter:card\" content=\"summary_large_image\" \/>\n<script type=\"application\/ld+json\" class=\"yoast-schema-graph\">{\"@context\":\"https:\\\/\\\/schema.org\",\"@graph\":[{\"@type\":\"WebPage\",\"@id\":\"https:\\\/\\\/relaisgourmet.com\\\/es\\\/newsletter\\\/\",\"url\":\"https:\\\/\\\/relaisgourmet.com\\\/es\\\/newsletter\\\/\",\"name\":\"Newsletter\",\"isPartOf\":{\"@id\":\"https:\\\/\\\/relaisgourmet.com\\\/es\\\/#website\"},\"primaryImageOfPage\":{\"@id\":\"https:\\\/\\\/relaisgourmet.com\\\/es\\\/newsletter\\\/#primaryimage\"},\"image\":{\"@id\":\"https:\\\/\\\/relaisgourmet.com\\\/es\\\/newsletter\\\/#primaryimage\"},\"thumbnailUrl\":\"https:\\\/\\\/relaisgourmet.com\\\/wp-content\\\/uploads\\\/2021\\\/07\\\/Capture-decran-de-2021-07-15-15-18-25.png\",\"datePublished\":\"2021-07-15T12:26:42+00:00\",\"dateModified\":\"2025-02-28T13:19:07+00:00\",\"description\":\"Suscr\u00edbete al bolet\u00edn de RG y recibe ofertas gourmet exclusivas: \u00a1productos sanos, sin aditivos, conservantes ni colorantes!\",\"breadcrumb\":{\"@id\":\"https:\\\/\\\/relaisgourmet.com\\\/es\\\/newsletter\\\/#breadcrumb\"},\"inLanguage\":\"es\",\"potentialAction\":[{\"@type\":\"ReadAction\",\"target\":[\"https:\\\/\\\/relaisgourmet.com\\\/es\\\/newsletter\\\/\"]}]},{\"@type\":\"ImageObject\",\"inLanguage\":\"es\",\"@id\":\"https:\\\/\\\/relaisgourmet.com\\\/es\\\/newsletter\\\/#primaryimage\",\"url\":\"https:\\\/\\\/relaisgourmet.com\\\/wp-content\\\/uploads\\\/2021\\\/07\\\/Capture-decran-de-2021-07-15-15-18-25.png\",\"contentUrl\":\"https:\\\/\\\/relaisgourmet.com\\\/wp-content\\\/uploads\\\/2021\\\/07\\\/Capture-decran-de-2021-07-15-15-18-25.png\"},{\"@type\":\"BreadcrumbList\",\"@id\":\"https:\\\/\\\/relaisgourmet.com\\\/es\\\/newsletter\\\/#breadcrumb\",\"itemListElement\":[{\"@type\":\"ListItem\",\"position\":1,\"name\":\"Inicio\",\"item\":\"https:\\\/\\\/relaisgourmet.com\\\/es\\\/\"},{\"@type\":\"ListItem\",\"position\":2,\"name\":\"Newsletter\"}]},{\"@type\":\"WebSite\",\"@id\":\"https:\\\/\\\/relaisgourmet.com\\\/es\\\/#website\",\"url\":\"https:\\\/\\\/relaisgourmet.com\\\/es\\\/\",\"name\":\"Relais Gourmet\",\"description\":\"Maison Gastronomique au Pays-Basque Depuis 2004\",\"publisher\":{\"@id\":\"https:\\\/\\\/relaisgourmet.com\\\/es\\\/#organization\"},\"potentialAction\":[{\"@type\":\"SearchAction\",\"target\":{\"@type\":\"EntryPoint\",\"urlTemplate\":\"https:\\\/\\\/relaisgourmet.com\\\/es\\\/?s={search_term_string}\"},\"query-input\":{\"@type\":\"PropertyValueSpecification\",\"valueRequired\":true,\"valueName\":\"search_term_string\"}}],\"inLanguage\":\"es\"},{\"@type\":\"Organization\",\"@id\":\"https:\\\/\\\/relaisgourmet.com\\\/es\\\/#organization\",\"name\":\"Relais Gourmet\",\"url\":\"https:\\\/\\\/relaisgourmet.com\\\/es\\\/\",\"logo\":{\"@type\":\"ImageObject\",\"inLanguage\":\"es\",\"@id\":\"https:\\\/\\\/relaisgourmet.com\\\/es\\\/#\\\/schema\\\/logo\\\/image\\\/\",\"url\":\"https:\\\/\\\/relaisgourmet.com\\\/wp-content\\\/uploads\\\/2024\\\/11\\\/Diseno-sin-titulo-8.jpg\",\"contentUrl\":\"https:\\\/\\\/relaisgourmet.com\\\/wp-content\\\/uploads\\\/2024\\\/11\\\/Diseno-sin-titulo-8.jpg\",\"width\":500,\"height\":500,\"caption\":\"Relais Gourmet\"},\"image\":{\"@id\":\"https:\\\/\\\/relaisgourmet.com\\\/es\\\/#\\\/schema\\\/logo\\\/image\\\/\"},\"sameAs\":[\"https:\\\/\\\/facebook.com\\\/yoast\",\"https:\\\/\\\/instagram.com\\\/yoast\"]}]}<\/script>\n<!-- \/ Yoast SEO Premium plugin. -->","yoast_head_json":{"title":"Newsletter","description":"Suscr\u00edbete al bolet\u00edn de RG y recibe ofertas gourmet exclusivas: \u00a1productos sanos, sin aditivos, conservantes ni colorantes!","robots":{"index":"index","follow":"follow","max-snippet":"max-snippet:-1","max-image-preview":"max-image-preview:large","max-video-preview":"max-video-preview:-1"},"canonical":"https:\/\/relaisgourmet.com\/es\/newsletter\/","og_locale":"es_ES","og_type":"article","og_title":"Newsletter","og_description":"Suscr\u00edbete al bolet\u00edn de RG y recibe ofertas gourmet exclusivas: \u00a1productos sanos, sin aditivos, conservantes ni colorantes!","og_url":"https:\/\/relaisgourmet.com\/es\/newsletter\/","og_site_name":"Relais Gourmet","article_publisher":"https:\/\/facebook.com\/yoast","article_modified_time":"2025-02-28T13:19:07+00:00","og_image":[{"url":"https:\/\/relaisgourmet.com\/wp-content\/uploads\/2021\/07\/Capture-decran-de-2021-07-15-15-18-25.png","type":"","width":"","height":""}],"twitter_card":"summary_large_image","schema":{"@context":"https:\/\/schema.org","@graph":[{"@type":"WebPage","@id":"https:\/\/relaisgourmet.com\/es\/newsletter\/","url":"https:\/\/relaisgourmet.com\/es\/newsletter\/","name":"Newsletter","isPartOf":{"@id":"https:\/\/relaisgourmet.com\/es\/#website"},"primaryImageOfPage":{"@id":"https:\/\/relaisgourmet.com\/es\/newsletter\/#primaryimage"},"image":{"@id":"https:\/\/relaisgourmet.com\/es\/newsletter\/#primaryimage"},"thumbnailUrl":"https:\/\/relaisgourmet.com\/wp-content\/uploads\/2021\/07\/Capture-decran-de-2021-07-15-15-18-25.png","datePublished":"2021-07-15T12:26:42+00:00","dateModified":"2025-02-28T13:19:07+00:00","description":"Suscr\u00edbete al bolet\u00edn de RG y recibe ofertas gourmet exclusivas: \u00a1productos sanos, sin aditivos, conservantes ni colorantes!","breadcrumb":{"@id":"https:\/\/relaisgourmet.com\/es\/newsletter\/#breadcrumb"},"inLanguage":"es","potentialAction":[{"@type":"ReadAction","target":["https:\/\/relaisgourmet.com\/es\/newsletter\/"]}]},{"@type":"ImageObject","inLanguage":"es","@id":"https:\/\/relaisgourmet.com\/es\/newsletter\/#primaryimage","url":"https:\/\/relaisgourmet.com\/wp-content\/uploads\/2021\/07\/Capture-decran-de-2021-07-15-15-18-25.png","contentUrl":"https:\/\/relaisgourmet.com\/wp-content\/uploads\/2021\/07\/Capture-decran-de-2021-07-15-15-18-25.png"},{"@type":"BreadcrumbList","@id":"https:\/\/relaisgourmet.com\/es\/newsletter\/#breadcrumb","itemListElement":[{"@type":"ListItem","position":1,"name":"Inicio","item":"https:\/\/relaisgourmet.com\/es\/"},{"@type":"ListItem","position":2,"name":"Newsletter"}]},{"@type":"WebSite","@id":"https:\/\/relaisgourmet.com\/es\/#website","url":"https:\/\/relaisgourmet.com\/es\/","name":"Relais Gourmet","description":"Maison Gastronomique au Pays-Basque Depuis 2004","publisher":{"@id":"https:\/\/relaisgourmet.com\/es\/#organization"},"potentialAction":[{"@type":"SearchAction","target":{"@type":"EntryPoint","urlTemplate":"https:\/\/relaisgourmet.com\/es\/?s={search_term_string}"},"query-input":{"@type":"PropertyValueSpecification","valueRequired":true,"valueName":"search_term_string"}}],"inLanguage":"es"},{"@type":"Organization","@id":"https:\/\/relaisgourmet.com\/es\/#organization","name":"Relais Gourmet","url":"https:\/\/relaisgourmet.com\/es\/","logo":{"@type":"ImageObject","inLanguage":"es","@id":"https:\/\/relaisgourmet.com\/es\/#\/schema\/logo\/image\/","url":"https:\/\/relaisgourmet.com\/wp-content\/uploads\/2024\/11\/Diseno-sin-titulo-8.jpg","contentUrl":"https:\/\/relaisgourmet.com\/wp-content\/uploads\/2024\/11\/Diseno-sin-titulo-8.jpg","width":500,"height":500,"caption":"Relais Gourmet"},"image":{"@id":"https:\/\/relaisgourmet.com\/es\/#\/schema\/logo\/image\/"},"sameAs":["https:\/\/facebook.com\/yoast","https:\/\/instagram.com\/yoast"]}]}},"_links":{"self":[{"href":"https:\/\/relaisgourmet.com\/es\/wp-json\/wp\/v2\/pages\/54135","targetHints":{"allow":["GET"]}}],"collection":[{"href":"https:\/\/relaisgourmet.com\/es\/wp-json\/wp\/v2\/pages"}],"about":[{"href":"https:\/\/relaisgourmet.com\/es\/wp-json\/wp\/v2\/types\/page"}],"author":[{"embeddable":true,"href":"https:\/\/relaisgourmet.com\/es\/wp-json\/wp\/v2\/users\/1"}],"replies":[{"embeddable":true,"href":"https:\/\/relaisgourmet.com\/es\/wp-json\/wp\/v2\/comments?post=54135"}],"version-history":[{"count":0,"href":"https:\/\/relaisgourmet.com\/es\/wp-json\/wp\/v2\/pages\/54135\/revisions"}],"wp:attachment":[{"href":"https:\/\/relaisgourmet.com\/es\/wp-json\/wp\/v2\/media?parent=54135"}],"curies":[{"name":"wp","href":"https:\/\/api.w.org\/{rel}","templated":true}]}}