{"id":42957,"date":"2019-09-25T07:05:31","date_gmt":"2019-09-25T05:05:31","guid":{"rendered":"https:\/\/relaisgourmet.com\/conditions-generales-de-vente-cgv\/"},"modified":"2024-09-28T14:31:14","modified_gmt":"2024-09-28T12:31:14","slug":"condiciones-generales-de-venta-cgv","status":"publish","type":"page","link":"https:\/\/relaisgourmet.com\/es\/condiciones-generales-de-venta-cgv\/","title":{"rendered":"Condiciones Generales de Venta (CGV)"},"content":{"rendered":"<p><b>1. Pedidos<\/b><\/p>\n<p>Todo pedido realizado en el sitio implica la aceptaci\u00f3n plena y total de las presentes condiciones de venta, que ser\u00e1n las \u00fanicas aplicables al contrato as\u00ed concluido entre el Cliente y Relais Gourmet.<\/p>\n<p><strong>Confirmaci\u00f3n del pedido<\/strong><\/p>\n<p>El pedido solo se tiene en cuenta despu\u00e9s de la validaci\u00f3n de la compra en el sitio\u00a0<a href=\"http:\/\/www.relaisgourmet.com\/\" target=\"_new\" rel=\"noreferrer noopener\">www.relaisgourmet.com<\/a>, es decir, en la validaci\u00f3n del pago realizado por el Cliente utilizando una de las soluciones de pago propuestas en el sitio.<\/p>\n<p>Relais Gourmet se reserva el derecho de rechazar un pedido en caso de incumplimiento del Cliente de alguna de sus obligaciones, y m\u00e1s generalmente, de rechazar cualquier pedido que presente un car\u00e1cter anormal por cualquier raz\u00f3n que sea.<\/p>\n<p>El pedido no es definitivo hasta despu\u00e9s de la confirmaci\u00f3n por parte de Relais Gourmet. Relais Gourmet confirmar\u00e1 la aceptaci\u00f3n del pedido al usuario por correo electr\u00f3nico o por carta, o, en su caso, su rechazo dentro de las 48 horas h\u00e1biles siguientes a la entrada del pedido en el sitio.<\/p>\n<p>En cuanto al plazo de retractaci\u00f3n, en virtud del art\u00edculo L. 121-16 del C\u00f3digo del consumo, para todas las operaciones a distancia, el Cliente dispone de un plazo de 7 d\u00edas naturales a partir de la entrega de su pedido para devolver el producto y se le reembolsar\u00e1 la totalidad del precio del pedido.<\/p>\n<p><b>2. Obligaciones<\/b><\/p>\n<p><strong>Obligaciones de Relais Gourmet<\/strong><\/p>\n<p>Relais Gourmet se compromete, en caso de aceptaci\u00f3n de un pedido, a vender y enviar por La Poste los productos pedidos por el Cliente dentro de los 5 d\u00edas h\u00e1biles siguientes a la preparaci\u00f3n del pedido en Francia, 10 d\u00edas en Europa y 15 d\u00edas en otros pa\u00edses.<\/p>\n<p><strong>Obligaciones del cliente<\/strong><\/p>\n<p>El Cliente se compromete a llenar el formulario de pedido con exactitud.<\/p>\n<p>El Cliente se proh\u00edbe revender los productos, siendo su pedido obligatoriamente destinado a un uso personal o al uso personal de la persona a la cual el env\u00edo est\u00e1 destinado salvo acuerdo contrario de Relais Gourmet.<\/p>\n<p><b>3. Disposiciones espec\u00edficas<\/b><\/p>\n<p>Los precios de los productos y los gastos de env\u00edo se facturan con todos los impuestos incluidos (IVA incluido).<\/p>\n<p>Los precios est\u00e1n garantizados dentro del l\u00edmite de las existencias disponibles y sujetos a la modificaci\u00f3n de la tasa del IVA. Cualquier cambio en esta tasa podr\u00eda entonces ser inmediatamente repercutido en los precios de venta.<\/p>\n<p>El precio global indicado en la confirmaci\u00f3n del pedido por Relais Gourmet es el precio definitivo.<\/p>\n<p>El precio de los productos en el sitio de Relais Gourmet est\u00e1 expresado en Euros, los montos expresados en otras monedas se proporcionan solo a t\u00edtulo indicativo.<\/p>\n<p><b>4. Pago<\/b><\/p>\n<p>Le garantizamos la seguridad de su pago. Los protocolos de seguridad utilizados por la Caisse d\u2019Epargne y por PayPal garantizan una total confidencialidad de la informaci\u00f3n personal transmitida a trav\u00e9s de nuestro sitio Relais Gourmet. Los datos de su tarjeta de cr\u00e9dito est\u00e1n encriptados y transitan por una red segura. El pago se efect\u00faa directamente en el sitio de la Caisse d\u2019Epargne o de PayPal, por lo que Relais Gourmet no tiene acceso a sus datos bancarios ni ning\u00fan registro.<\/p>\n<p><b>5. Entrega<\/b><\/p>\n<p>Entregamos nuestros productos en todo el mundo. Asumimos todos los riesgos asociados al transporte de su pedido. En caso de da\u00f1os, cont\u00e1ctenos y le reembolsaremos el monto total de su compra, as\u00ed como los gastos de transporte de acuerdo con nuestras condiciones generales de venta.<\/p>\n<p>Podemos entregarle en 48 horas en toda Europa para todos los pedidos realizados antes de las 10 a.m. (excepto s\u00e1bados, domingos y festivos). Para utilizar nuestro servicio de entrega expr\u00e9s, ll\u00e1menos directamente por tel\u00e9fono al (+33) 09 51 76 13 60.<\/p>\n<p>La entrega en Francia y en Europa se realiza por Colissimo en un plazo de aproximadamente 5 a 10 d\u00edas h\u00e1biles despu\u00e9s de la confirmaci\u00f3n del pedido. Fuera de Europa, enviamos con empresas de transporte y log\u00edstica. Por lo tanto, se debe contar entre 10 y 15 d\u00edas h\u00e1biles. Estos plazos son indicativos y no se podr\u00e1 solicitar ninguna compensaci\u00f3n a Relais Gourmet en caso de un eventual retraso en la entrega. Para obtener m\u00e1s informaci\u00f3n, lea la p\u00e1gina de informaci\u00f3n sobre el env\u00edo.<\/p>\n<p>En caso de ausencia del destinatario durante la entrega del paquete, Relais Gourmet no podr\u00e1 ser considerado responsable de las deterioraciones que puedan ocurrir a los productos, o de la no retirada por parte del destinatario.<\/p>\n<p><b>6. Garant\u00eda \u201cSatisfecho o Reembolsado\u201d\u201d<\/b><\/p>\n<p>Nuestros clientes se comprometen a respetar estrictamente las condiciones de conservaci\u00f3n de los productos, as\u00ed como la fecha l\u00edmite de consumo indicada en los envases. Tambi\u00e9n incumbe al destinatario verificar el n\u00famero y el estado de los productos en el momento de la recepci\u00f3n.<\/p>\n<p>Nuestras condiciones de retorno son simples: aceptamos la devoluci\u00f3n de todos los art\u00edculos nuevos devueltos en un plazo de 15 d\u00edas. Todo producto devuelto deber\u00e1 serlo en su embalaje original acompa\u00f1ado de la prueba de compra. No aceptamos devoluciones de art\u00edculos no conformes a su estado original, es decir, productos iniciados en m\u00e1s del 15% del peso total inicial.<\/p>\n<p>Las devoluciones de los productos para cambio o reembolso se hacen exclusivamente por correo a la siguiente direcci\u00f3n: Relais Gourmet \u2013 \u00a1Devuelvo los productos!, 14 rue Burugoria 64700 Hendaye \u2013 Francia. Le agradecemos que embale los art\u00edculos devueltos con mucho cuidado y que nos los devuelva acompa\u00f1ados de la factura y una carta que especifique la naturaleza del cambio as\u00ed como la naturaleza del reembolso (Opciones posibles: por cheque o por cheque regalo). Para saber m\u00e1s, lea la p\u00e1gina sobre nuestra Garant\u00eda \u201cSatisfecho o Reembolsado\u201d<\/p>\n<p>En caso de entrega no conforme, una reclamaci\u00f3n deber\u00e1 hacerse por escrito a Relais Gourmet dentro de las 24 horas siguientes a la entrega. Todos los litigios y controversias ser\u00e1n de la competencia de los tribunales competentes de Bayona (Francia).<\/p>\n<p><b>7. Informaci\u00f3n legal&gt;<\/b><\/p>\n<p><u>Sede social :<\/u><\/p>\n<p>Relais Gourmet<\/p>\n<p>14 rue Burugoria 64700 Hendaye \u2013 Francia<\/p>\n<p>Tel: (+33) 09 51 76 13 60<\/p>\n<p><a target=\"_new\" rel=\"noreferrer noopener\">Yaqueche@relaisgourmet.com<\/a><\/p>\n<p>Informaci\u00f3n fiscal y legal:<\/p>\n<p>Siret: RCS Bayonne 482 415 015 00015<\/p>\n<p>IVA Intracomunitario: FR13482415015<\/p>\n<p>RELAIS GOURMET MAISON GASTRONOMIQUE AU PAYS BASQUE es socio vendedor de la marketplace Cocote y est\u00e1 registrado en Lemon Way, establecimiento de pago aprobado por el APCR en Francia el 24\/12\/2012 bajo el n\u00famero 16568<\/p>\n","protected":false},"excerpt":{"rendered":"<p>1. Pedidos Todo pedido realizado en el sitio implica la aceptaci\u00f3n plena y total de las presentes condiciones de venta, que ser\u00e1n las \u00fanicas aplicables al contrato as\u00ed concluido entre el Cliente y Relais Gourmet. Confirmaci\u00f3n del pedido El pedido solo se tiene en cuenta despu\u00e9s de la validaci\u00f3n de la compra en el sitio\u00a0www.relaisgourmet.com, [&hellip;]<\/p>\n","protected":false},"author":1,"featured_media":0,"parent":0,"menu_order":0,"comment_status":"open","ping_status":"closed","template":"","meta":{"footnotes":""},"class_list":["post-42957","page","type-page","status-publish","hentry"],"yoast_head":"<!-- This site is optimized with the Yoast SEO Premium plugin v27.0 (Yoast SEO v27.3) - https:\/\/yoast.com\/product\/yoast-seo-premium-wordpress\/ -->\n<title>Condiciones Generales de Venta (CGV)<\/title>\n<meta name=\"description\" content=\"Condiciones Generales de Venta (CGV) - Relais Gourmet\" \/>\n<meta name=\"robots\" content=\"index, follow, max-snippet:-1, max-image-preview:large, max-video-preview:-1\" \/>\n<link rel=\"canonical\" href=\"https:\/\/relaisgourmet.com\/es\/condiciones-generales-de-venta-cgv\/\" \/>\n<meta property=\"og:locale\" content=\"es_ES\" \/>\n<meta property=\"og:type\" content=\"article\" \/>\n<meta property=\"og:title\" content=\"Condiciones Generales de Venta (CGV)\" \/>\n<meta property=\"og:description\" content=\"Condiciones Generales de Venta (CGV) - Relais Gourmet\" \/>\n<meta property=\"og:url\" content=\"https:\/\/relaisgourmet.com\/es\/condiciones-generales-de-venta-cgv\/\" \/>\n<meta property=\"og:site_name\" content=\"Relais Gourmet\" \/>\n<meta property=\"article:publisher\" content=\"https:\/\/facebook.com\/yoast\" \/>\n<meta property=\"article:modified_time\" content=\"2024-09-28T12:31:14+00:00\" \/>\n<meta name=\"twitter:card\" content=\"summary_large_image\" \/>\n<meta name=\"twitter:label1\" content=\"Tiempo de lectura\" \/>\n\t<meta name=\"twitter:data1\" content=\"5 minuto\" \/>\n<script type=\"application\/ld+json\" class=\"yoast-schema-graph\">{\"@context\":\"https:\\\/\\\/schema.org\",\"@graph\":[{\"@type\":\"WebPage\",\"@id\":\"https:\\\/\\\/relaisgourmet.com\\\/es\\\/condiciones-generales-de-venta-cgv\\\/\",\"url\":\"https:\\\/\\\/relaisgourmet.com\\\/es\\\/condiciones-generales-de-venta-cgv\\\/\",\"name\":\"Condiciones Generales de Venta (CGV)\",\"isPartOf\":{\"@id\":\"https:\\\/\\\/relaisgourmet.com\\\/es\\\/#website\"},\"datePublished\":\"2019-09-25T05:05:31+00:00\",\"dateModified\":\"2024-09-28T12:31:14+00:00\",\"description\":\"Condiciones Generales de Venta (CGV) - Relais Gourmet\",\"breadcrumb\":{\"@id\":\"https:\\\/\\\/relaisgourmet.com\\\/es\\\/condiciones-generales-de-venta-cgv\\\/#breadcrumb\"},\"inLanguage\":\"es\",\"potentialAction\":[{\"@type\":\"ReadAction\",\"target\":[\"https:\\\/\\\/relaisgourmet.com\\\/es\\\/condiciones-generales-de-venta-cgv\\\/\"]}]},{\"@type\":\"BreadcrumbList\",\"@id\":\"https:\\\/\\\/relaisgourmet.com\\\/es\\\/condiciones-generales-de-venta-cgv\\\/#breadcrumb\",\"itemListElement\":[{\"@type\":\"ListItem\",\"position\":1,\"name\":\"Inicio\",\"item\":\"https:\\\/\\\/relaisgourmet.com\\\/es\\\/\"},{\"@type\":\"ListItem\",\"position\":2,\"name\":\"Condiciones Generales de Venta (CGV)\"}]},{\"@type\":\"WebSite\",\"@id\":\"https:\\\/\\\/relaisgourmet.com\\\/es\\\/#website\",\"url\":\"https:\\\/\\\/relaisgourmet.com\\\/es\\\/\",\"name\":\"Relais Gourmet\",\"description\":\"Maison Gastronomique au Pays-Basque Depuis 2004\",\"publisher\":{\"@id\":\"https:\\\/\\\/relaisgourmet.com\\\/es\\\/#organization\"},\"potentialAction\":[{\"@type\":\"SearchAction\",\"target\":{\"@type\":\"EntryPoint\",\"urlTemplate\":\"https:\\\/\\\/relaisgourmet.com\\\/es\\\/?s={search_term_string}\"},\"query-input\":{\"@type\":\"PropertyValueSpecification\",\"valueRequired\":true,\"valueName\":\"search_term_string\"}}],\"inLanguage\":\"es\"},{\"@type\":\"Organization\",\"@id\":\"https:\\\/\\\/relaisgourmet.com\\\/es\\\/#organization\",\"name\":\"Relais Gourmet\",\"url\":\"https:\\\/\\\/relaisgourmet.com\\\/es\\\/\",\"logo\":{\"@type\":\"ImageObject\",\"inLanguage\":\"es\",\"@id\":\"https:\\\/\\\/relaisgourmet.com\\\/es\\\/#\\\/schema\\\/logo\\\/image\\\/\",\"url\":\"https:\\\/\\\/relaisgourmet.com\\\/wp-content\\\/uploads\\\/2024\\\/11\\\/Diseno-sin-titulo-8.jpg\",\"contentUrl\":\"https:\\\/\\\/relaisgourmet.com\\\/wp-content\\\/uploads\\\/2024\\\/11\\\/Diseno-sin-titulo-8.jpg\",\"width\":500,\"height\":500,\"caption\":\"Relais Gourmet\"},\"image\":{\"@id\":\"https:\\\/\\\/relaisgourmet.com\\\/es\\\/#\\\/schema\\\/logo\\\/image\\\/\"},\"sameAs\":[\"https:\\\/\\\/facebook.com\\\/yoast\",\"https:\\\/\\\/instagram.com\\\/yoast\"]}]}<\/script>\n<!-- \/ Yoast SEO Premium plugin. -->","yoast_head_json":{"title":"Condiciones Generales de Venta (CGV)","description":"Condiciones Generales de Venta (CGV) - Relais Gourmet","robots":{"index":"index","follow":"follow","max-snippet":"max-snippet:-1","max-image-preview":"max-image-preview:large","max-video-preview":"max-video-preview:-1"},"canonical":"https:\/\/relaisgourmet.com\/es\/condiciones-generales-de-venta-cgv\/","og_locale":"es_ES","og_type":"article","og_title":"Condiciones Generales de Venta (CGV)","og_description":"Condiciones Generales de Venta (CGV) - Relais Gourmet","og_url":"https:\/\/relaisgourmet.com\/es\/condiciones-generales-de-venta-cgv\/","og_site_name":"Relais Gourmet","article_publisher":"https:\/\/facebook.com\/yoast","article_modified_time":"2024-09-28T12:31:14+00:00","twitter_card":"summary_large_image","twitter_misc":{"Tiempo de lectura":"5 minuto"},"schema":{"@context":"https:\/\/schema.org","@graph":[{"@type":"WebPage","@id":"https:\/\/relaisgourmet.com\/es\/condiciones-generales-de-venta-cgv\/","url":"https:\/\/relaisgourmet.com\/es\/condiciones-generales-de-venta-cgv\/","name":"Condiciones Generales de Venta (CGV)","isPartOf":{"@id":"https:\/\/relaisgourmet.com\/es\/#website"},"datePublished":"2019-09-25T05:05:31+00:00","dateModified":"2024-09-28T12:31:14+00:00","description":"Condiciones Generales de Venta (CGV) - Relais Gourmet","breadcrumb":{"@id":"https:\/\/relaisgourmet.com\/es\/condiciones-generales-de-venta-cgv\/#breadcrumb"},"inLanguage":"es","potentialAction":[{"@type":"ReadAction","target":["https:\/\/relaisgourmet.com\/es\/condiciones-generales-de-venta-cgv\/"]}]},{"@type":"BreadcrumbList","@id":"https:\/\/relaisgourmet.com\/es\/condiciones-generales-de-venta-cgv\/#breadcrumb","itemListElement":[{"@type":"ListItem","position":1,"name":"Inicio","item":"https:\/\/relaisgourmet.com\/es\/"},{"@type":"ListItem","position":2,"name":"Condiciones Generales de Venta (CGV)"}]},{"@type":"WebSite","@id":"https:\/\/relaisgourmet.com\/es\/#website","url":"https:\/\/relaisgourmet.com\/es\/","name":"Relais Gourmet","description":"Maison Gastronomique au Pays-Basque Depuis 2004","publisher":{"@id":"https:\/\/relaisgourmet.com\/es\/#organization"},"potentialAction":[{"@type":"SearchAction","target":{"@type":"EntryPoint","urlTemplate":"https:\/\/relaisgourmet.com\/es\/?s={search_term_string}"},"query-input":{"@type":"PropertyValueSpecification","valueRequired":true,"valueName":"search_term_string"}}],"inLanguage":"es"},{"@type":"Organization","@id":"https:\/\/relaisgourmet.com\/es\/#organization","name":"Relais Gourmet","url":"https:\/\/relaisgourmet.com\/es\/","logo":{"@type":"ImageObject","inLanguage":"es","@id":"https:\/\/relaisgourmet.com\/es\/#\/schema\/logo\/image\/","url":"https:\/\/relaisgourmet.com\/wp-content\/uploads\/2024\/11\/Diseno-sin-titulo-8.jpg","contentUrl":"https:\/\/relaisgourmet.com\/wp-content\/uploads\/2024\/11\/Diseno-sin-titulo-8.jpg","width":500,"height":500,"caption":"Relais Gourmet"},"image":{"@id":"https:\/\/relaisgourmet.com\/es\/#\/schema\/logo\/image\/"},"sameAs":["https:\/\/facebook.com\/yoast","https:\/\/instagram.com\/yoast"]}]}},"_links":{"self":[{"href":"https:\/\/relaisgourmet.com\/es\/wp-json\/wp\/v2\/pages\/42957","targetHints":{"allow":["GET"]}}],"collection":[{"href":"https:\/\/relaisgourmet.com\/es\/wp-json\/wp\/v2\/pages"}],"about":[{"href":"https:\/\/relaisgourmet.com\/es\/wp-json\/wp\/v2\/types\/page"}],"author":[{"embeddable":true,"href":"https:\/\/relaisgourmet.com\/es\/wp-json\/wp\/v2\/users\/1"}],"replies":[{"embeddable":true,"href":"https:\/\/relaisgourmet.com\/es\/wp-json\/wp\/v2\/comments?post=42957"}],"version-history":[{"count":0,"href":"https:\/\/relaisgourmet.com\/es\/wp-json\/wp\/v2\/pages\/42957\/revisions"}],"wp:attachment":[{"href":"https:\/\/relaisgourmet.com\/es\/wp-json\/wp\/v2\/media?parent=42957"}],"curies":[{"name":"wp","href":"https:\/\/api.w.org\/{rel}","templated":true}]}}