{"id":67328,"date":"2026-03-10T12:24:47","date_gmt":"2026-03-10T12:24:47","guid":{"rendered":"https:\/\/relaisgourmet.com\/product\/turron-with-catalan-cream-soft\/"},"modified":"2026-04-01T22:43:20","modified_gmt":"2026-04-01T22:43:20","slug":"turron-with-catalan-cream-soft","status":"publish","type":"product","link":"https:\/\/relaisgourmet.com\/en\/product\/turron-with-catalan-cream-soft\/","title":{"rendered":"Turron with Catalan Cream (soft)"},"content":{"rendered":"<p><strong>Maria Simona&#8217;s Turr\u00f3n with Catalan cream is made according to <a href=\"https:\/\/mariasimona.com\/secrets-fabrication-turron-jijona\/\">the traditional recipe<\/a>.<\/strong><\/p>\n<ul>\n<li><strong>Net weight:<\/strong> 200 g<\/li>\n<li><strong>Shelf life: <\/strong>9 months minimum. Once opened, store in a cool, dry, dark place, away from light and moisture, either in its original packaging or wrapped in aluminum foil or film, then in an airtight box. We often make the mistake of storing nougat in the refrigerator, which only alters its organoleptic properties, aroma and texture.  <\/li>\n<li><strong>Ingredients: <\/strong>Sugar, almond, egg yolk (7%), glucose syrup and preservative (E-200). May contain traces of nuts and milk.<\/li>\n<\/ul>\n<p><strong>This product is gluten-free and therefore suitable for coeliacs.<\/strong><\/p>\n<h3>The story of Catalan cream turron<\/h3>\n<p>Crema Catalana <a href=\"https:\/\/fr.wikipedia.org\/wiki\/Cr%C3%A8me_catalane\">is a typical Catalan dessert<\/a>. It has been made in this region since at least the 16th century, but is probably much older. In fact, this cream is an evolution of custard, which was already being made in the Republic of Rome a few centuries before Christ.  <\/p>\n<p>This dessert consists of an egg yolk-based custard topped with a layer of caramelized sugar. Turron \u00e0 la cr\u00e8me catalane uses toasted egg yolk and sugar in a similar way, which is why it&#8217;s also called nougat \u00e0 la cr\u00e8me catalane, although it contains no flour or milk. <\/p>\n<h3>For more information:<\/h3>\n<p>Find all our preparation tips on <a href=\"https:\/\/mariasimona.com\/\">Maria Simona&#8217;s website<\/a>.<\/p>\n<p>Please visit our blog to discover <a href=\"https:\/\/mariasimona.com\/recettes-turron\/\">our delicious recipes<\/a>.<\/p>\n<p>And to accompany it, why not indulge in <a href=\"https:\/\/epic-varahamihira.207-180-195-93.plesk.page\/\">the delicious Relais Gourmet Foies Gras <\/a>?<\/p>\n","protected":false},"excerpt":{"rendered":"<p>Also known as &#8220;toasted egg yolk turron&#8221;, Catalan cream turron is made from toasted egg yolk and ground almonds. Its color, aroma and flavor are those of the egg yolk used in its preparation, carefully combined with the almonds. <\/p>\n<p>Maria Simona&#8217;s turron with Catalan cream is made according to <a href=\"https:\/\/mariasimona.com\/secrets-fabrication-turron-jijona\/\">the traditional recipe<\/a>.<\/p>\n<p><span style=\"font-size: 16px;\">We use only premium Spanish ingredients.<\/span><\/p>\n","protected":false},"featured_media":67329,"comment_status":"closed","ping_status":"closed","template":"","meta":{"_iconic_wsb_product_page_order_bump_ids":[],"_sku":["864d429bd7da"],"_iconic_wsb_product_page_bump_modal_ids":[]},"product_brand":[],"product_cat":[1671],"product_tag":[],"giftcard-category":[],"class_list":{"0":"post-67328","1":"product","2":"type-product","3":"status-publish","4":"has-post-thumbnail","6":"product_cat-spanish-turrons","7":"product_shipping_class-standard","9":"first","10":"instock","11":"taxable","12":"shipping-taxable","13":"purchasable","14":"product-type-simple"},"yoast_head":"<!-- This site is optimized with the Yoast SEO Premium plugin v27.3 (Yoast SEO v27.3) - https:\/\/yoast.com\/product\/yoast-seo-premium-wordpress\/ -->\n<title>Turron Cr\u00e8me Catalane Gourmand | Relais Gourmet<\/title>\n<meta name=\"description\" content=\"Turron \u00e0 la Cr\u00e8me Catalane: a sweet, creamy specialty inspired by the Catalan dessert.\" \/>\n<meta name=\"robots\" content=\"index, follow, max-snippet:-1, max-image-preview:large, max-video-preview:-1\" \/>\n<link rel=\"canonical\" href=\"https:\/\/relaisgourmet.com\/en\/product\/turron-with-catalan-cream-soft\/\" \/>\n<meta property=\"og:locale\" content=\"en_US\" \/>\n<meta property=\"og:type\" content=\"article\" \/>\n<meta property=\"og:title\" content=\"Turron with Catalan Cream (soft)\" \/>\n<meta property=\"og:description\" content=\"Also known as &quot;toasted egg yolk turron&quot;, Catalan cream turron is made from toasted egg yolk and ground almonds. Its color, aroma and flavor are those of the egg yolk used in its preparation, carefully combined with the almonds.  Maria Simona&#039;s turron with Catalan cream is made according to the traditional recipe. We use only premium Spanish ingredients.\" \/>\n<meta property=\"og:url\" content=\"https:\/\/relaisgourmet.com\/en\/product\/turron-with-catalan-cream-soft\/\" \/>\n<meta property=\"og:site_name\" content=\"Relais Gourmet\" \/>\n<meta property=\"article:publisher\" content=\"https:\/\/www.facebook.com\/relaisgourmet\/\" \/>\n<meta property=\"article:modified_time\" content=\"2026-04-01T22:43:20+00:00\" \/>\n<meta property=\"og:image\" content=\"https:\/\/relaisgourmet.com\/wp-content\/uploads\/2026\/03\/Yema-Tostada-1.jpg\" \/>\n\t<meta property=\"og:image:width\" content=\"600\" \/>\n\t<meta property=\"og:image:height\" content=\"600\" \/>\n\t<meta property=\"og:image:type\" content=\"image\/jpeg\" \/>\n<meta name=\"twitter:card\" content=\"summary_large_image\" \/>\n<meta name=\"twitter:site\" content=\"@relaisgourmet64\" \/>\n<meta name=\"twitter:label1\" content=\"Est. reading time\" \/>\n\t<meta name=\"twitter:data1\" content=\"1 minute\" \/>\n<script type=\"application\/ld+json\" class=\"yoast-schema-graph\">{\"@context\":\"https:\\\/\\\/schema.org\",\"@graph\":[{\"@type\":\"WebPage\",\"@id\":\"https:\\\/\\\/relaisgourmet.com\\\/en\\\/product\\\/turron-with-catalan-cream-soft\\\/\",\"url\":\"https:\\\/\\\/relaisgourmet.com\\\/en\\\/product\\\/turron-with-catalan-cream-soft\\\/\",\"name\":\"Turron Cr\u00e8me Catalane Gourmand | Relais Gourmet\",\"isPartOf\":{\"@id\":\"https:\\\/\\\/relaisgourmet.com\\\/en\\\/#website\"},\"primaryImageOfPage\":{\"@id\":\"https:\\\/\\\/relaisgourmet.com\\\/en\\\/product\\\/turron-with-catalan-cream-soft\\\/#primaryimage\"},\"image\":{\"@id\":\"https:\\\/\\\/relaisgourmet.com\\\/en\\\/product\\\/turron-with-catalan-cream-soft\\\/#primaryimage\"},\"thumbnailUrl\":\"https:\\\/\\\/relaisgourmet.com\\\/wp-content\\\/uploads\\\/2026\\\/03\\\/Yema-Tostada-1.jpg\",\"datePublished\":\"2026-03-10T12:24:47+00:00\",\"dateModified\":\"2026-04-01T22:43:20+00:00\",\"description\":\"Turron \u00e0 la Cr\u00e8me Catalane: a sweet, creamy specialty inspired by the Catalan dessert.\",\"breadcrumb\":{\"@id\":\"https:\\\/\\\/relaisgourmet.com\\\/en\\\/product\\\/turron-with-catalan-cream-soft\\\/#breadcrumb\"},\"inLanguage\":\"en-US\",\"potentialAction\":[{\"@type\":\"ReadAction\",\"target\":[\"https:\\\/\\\/relaisgourmet.com\\\/en\\\/product\\\/turron-with-catalan-cream-soft\\\/\"]}]},{\"@type\":\"ImageObject\",\"inLanguage\":\"en-US\",\"@id\":\"https:\\\/\\\/relaisgourmet.com\\\/en\\\/product\\\/turron-with-catalan-cream-soft\\\/#primaryimage\",\"url\":\"https:\\\/\\\/relaisgourmet.com\\\/wp-content\\\/uploads\\\/2026\\\/03\\\/Yema-Tostada-1.jpg\",\"contentUrl\":\"https:\\\/\\\/relaisgourmet.com\\\/wp-content\\\/uploads\\\/2026\\\/03\\\/Yema-Tostada-1.jpg\",\"width\":600,\"height\":600},{\"@type\":\"BreadcrumbList\",\"@id\":\"https:\\\/\\\/relaisgourmet.com\\\/en\\\/product\\\/turron-with-catalan-cream-soft\\\/#breadcrumb\",\"itemListElement\":[{\"@type\":\"ListItem\",\"position\":1,\"name\":\"Startseite\",\"item\":\"https:\\\/\\\/relaisgourmet.com\\\/en\\\/home\\\/\"},{\"@type\":\"ListItem\",\"position\":2,\"name\":\"All our products\",\"item\":\"https:\\\/\\\/relaisgourmet.com\\\/en\\\/shop\\\/\"},{\"@type\":\"ListItem\",\"position\":3,\"name\":\"Turron with Catalan Cream (soft)\"}]},{\"@type\":\"WebSite\",\"@id\":\"https:\\\/\\\/relaisgourmet.com\\\/en\\\/#website\",\"url\":\"https:\\\/\\\/relaisgourmet.com\\\/en\\\/\",\"name\":\"Relais Gourmet\",\"description\":\"Foie Gras 100% Fran\u00e7ais\",\"publisher\":{\"@id\":\"https:\\\/\\\/relaisgourmet.com\\\/en\\\/#organization\"},\"potentialAction\":[{\"@type\":\"SearchAction\",\"target\":{\"@type\":\"EntryPoint\",\"urlTemplate\":\"https:\\\/\\\/relaisgourmet.com\\\/en\\\/?s={search_term_string}\"},\"query-input\":{\"@type\":\"PropertyValueSpecification\",\"valueRequired\":true,\"valueName\":\"search_term_string\"}}],\"inLanguage\":\"en-US\"},{\"@type\":\"Organization\",\"@id\":\"https:\\\/\\\/relaisgourmet.com\\\/en\\\/#organization\",\"name\":\"Relais Gourmet\",\"url\":\"https:\\\/\\\/relaisgourmet.com\\\/en\\\/\",\"logo\":{\"@type\":\"ImageObject\",\"inLanguage\":\"en-US\",\"@id\":\"https:\\\/\\\/relaisgourmet.com\\\/en\\\/#\\\/schema\\\/logo\\\/image\\\/\",\"url\":\"https:\\\/\\\/relaisgourmet.com\\\/wp-content\\\/uploads\\\/2026\\\/03\\\/yoast-logo-2-relais-gourmet-.png\",\"contentUrl\":\"https:\\\/\\\/relaisgourmet.com\\\/wp-content\\\/uploads\\\/2026\\\/03\\\/yoast-logo-2-relais-gourmet-.png\",\"width\":1200,\"height\":675,\"caption\":\"Relais Gourmet\"},\"image\":{\"@id\":\"https:\\\/\\\/relaisgourmet.com\\\/en\\\/#\\\/schema\\\/logo\\\/image\\\/\"},\"sameAs\":[\"https:\\\/\\\/www.facebook.com\\\/relaisgourmet\\\/\",\"https:\\\/\\\/x.com\\\/relaisgourmet64\",\"https:\\\/\\\/www.instagram.com\\\/relaisgourmetofficiel\",\"https:\\\/\\\/www.pinterest.fr\\\/relaisgourmet\\\/\"],\"email\":\"yaqueche@relaisgourmet.com\",\"telephone\":\"+33 0 5 40 07 07 65\",\"legalName\":\"Relais Gourmet\",\"vatID\":\"FR13482415015\",\"taxID\":\"482415015\"}]}<\/script>\n<!-- \/ Yoast SEO Premium plugin. -->","yoast_head_json":{"title":"Turron Cr\u00e8me Catalane Gourmand | Relais Gourmet","description":"Turron \u00e0 la Cr\u00e8me Catalane: a sweet, creamy specialty inspired by the Catalan dessert.","robots":{"index":"index","follow":"follow","max-snippet":"max-snippet:-1","max-image-preview":"max-image-preview:large","max-video-preview":"max-video-preview:-1"},"canonical":"https:\/\/relaisgourmet.com\/en\/product\/turron-with-catalan-cream-soft\/","og_locale":"en_US","og_type":"article","og_title":"Turron with Catalan Cream (soft)","og_description":"Also known as \"toasted egg yolk turron\", Catalan cream turron is made from toasted egg yolk and ground almonds. Its color, aroma and flavor are those of the egg yolk used in its preparation, carefully combined with the almonds.  Maria Simona's turron with Catalan cream is made according to the traditional recipe. We use only premium Spanish ingredients.","og_url":"https:\/\/relaisgourmet.com\/en\/product\/turron-with-catalan-cream-soft\/","og_site_name":"Relais Gourmet","article_publisher":"https:\/\/www.facebook.com\/relaisgourmet\/","article_modified_time":"2026-04-01T22:43:20+00:00","og_image":[{"width":600,"height":600,"url":"https:\/\/relaisgourmet.com\/wp-content\/uploads\/2026\/03\/Yema-Tostada-1.jpg","type":"image\/jpeg"}],"twitter_card":"summary_large_image","twitter_site":"@relaisgourmet64","twitter_misc":{"Est. reading time":"1 minute"},"schema":{"@context":"https:\/\/schema.org","@graph":[{"@type":"WebPage","@id":"https:\/\/relaisgourmet.com\/en\/product\/turron-with-catalan-cream-soft\/","url":"https:\/\/relaisgourmet.com\/en\/product\/turron-with-catalan-cream-soft\/","name":"Turron Cr\u00e8me Catalane Gourmand | Relais Gourmet","isPartOf":{"@id":"https:\/\/relaisgourmet.com\/en\/#website"},"primaryImageOfPage":{"@id":"https:\/\/relaisgourmet.com\/en\/product\/turron-with-catalan-cream-soft\/#primaryimage"},"image":{"@id":"https:\/\/relaisgourmet.com\/en\/product\/turron-with-catalan-cream-soft\/#primaryimage"},"thumbnailUrl":"https:\/\/relaisgourmet.com\/wp-content\/uploads\/2026\/03\/Yema-Tostada-1.jpg","datePublished":"2026-03-10T12:24:47+00:00","dateModified":"2026-04-01T22:43:20+00:00","description":"Turron \u00e0 la Cr\u00e8me Catalane: a sweet, creamy specialty inspired by the Catalan dessert.","breadcrumb":{"@id":"https:\/\/relaisgourmet.com\/en\/product\/turron-with-catalan-cream-soft\/#breadcrumb"},"inLanguage":"en-US","potentialAction":[{"@type":"ReadAction","target":["https:\/\/relaisgourmet.com\/en\/product\/turron-with-catalan-cream-soft\/"]}]},{"@type":"ImageObject","inLanguage":"en-US","@id":"https:\/\/relaisgourmet.com\/en\/product\/turron-with-catalan-cream-soft\/#primaryimage","url":"https:\/\/relaisgourmet.com\/wp-content\/uploads\/2026\/03\/Yema-Tostada-1.jpg","contentUrl":"https:\/\/relaisgourmet.com\/wp-content\/uploads\/2026\/03\/Yema-Tostada-1.jpg","width":600,"height":600},{"@type":"BreadcrumbList","@id":"https:\/\/relaisgourmet.com\/en\/product\/turron-with-catalan-cream-soft\/#breadcrumb","itemListElement":[{"@type":"ListItem","position":1,"name":"Startseite","item":"https:\/\/relaisgourmet.com\/en\/home\/"},{"@type":"ListItem","position":2,"name":"All our products","item":"https:\/\/relaisgourmet.com\/en\/shop\/"},{"@type":"ListItem","position":3,"name":"Turron with Catalan Cream (soft)"}]},{"@type":"WebSite","@id":"https:\/\/relaisgourmet.com\/en\/#website","url":"https:\/\/relaisgourmet.com\/en\/","name":"Relais Gourmet","description":"Foie Gras 100% Fran\u00e7ais","publisher":{"@id":"https:\/\/relaisgourmet.com\/en\/#organization"},"potentialAction":[{"@type":"SearchAction","target":{"@type":"EntryPoint","urlTemplate":"https:\/\/relaisgourmet.com\/en\/?s={search_term_string}"},"query-input":{"@type":"PropertyValueSpecification","valueRequired":true,"valueName":"search_term_string"}}],"inLanguage":"en-US"},{"@type":"Organization","@id":"https:\/\/relaisgourmet.com\/en\/#organization","name":"Relais Gourmet","url":"https:\/\/relaisgourmet.com\/en\/","logo":{"@type":"ImageObject","inLanguage":"en-US","@id":"https:\/\/relaisgourmet.com\/en\/#\/schema\/logo\/image\/","url":"https:\/\/relaisgourmet.com\/wp-content\/uploads\/2026\/03\/yoast-logo-2-relais-gourmet-.png","contentUrl":"https:\/\/relaisgourmet.com\/wp-content\/uploads\/2026\/03\/yoast-logo-2-relais-gourmet-.png","width":1200,"height":675,"caption":"Relais Gourmet"},"image":{"@id":"https:\/\/relaisgourmet.com\/en\/#\/schema\/logo\/image\/"},"sameAs":["https:\/\/www.facebook.com\/relaisgourmet\/","https:\/\/x.com\/relaisgourmet64","https:\/\/www.instagram.com\/relaisgourmetofficiel","https:\/\/www.pinterest.fr\/relaisgourmet\/"],"email":"yaqueche@relaisgourmet.com","telephone":"+33 0 5 40 07 07 65","legalName":"Relais Gourmet","vatID":"FR13482415015","taxID":"482415015"}]}},"_links":{"self":[{"href":"https:\/\/relaisgourmet.com\/en\/wp-json\/wp\/v2\/product\/67328","targetHints":{"allow":["GET"]}}],"collection":[{"href":"https:\/\/relaisgourmet.com\/en\/wp-json\/wp\/v2\/product"}],"about":[{"href":"https:\/\/relaisgourmet.com\/en\/wp-json\/wp\/v2\/types\/product"}],"replies":[{"embeddable":true,"href":"https:\/\/relaisgourmet.com\/en\/wp-json\/wp\/v2\/comments?post=67328"}],"wp:featuredmedia":[{"embeddable":true,"href":"https:\/\/relaisgourmet.com\/en\/wp-json\/wp\/v2\/media\/67329"}],"wp:attachment":[{"href":"https:\/\/relaisgourmet.com\/en\/wp-json\/wp\/v2\/media?parent=67328"}],"wp:term":[{"taxonomy":"product_brand","embeddable":true,"href":"https:\/\/relaisgourmet.com\/en\/wp-json\/wp\/v2\/product_brand?post=67328"},{"taxonomy":"product_cat","embeddable":true,"href":"https:\/\/relaisgourmet.com\/en\/wp-json\/wp\/v2\/product_cat?post=67328"},{"taxonomy":"product_tag","embeddable":true,"href":"https:\/\/relaisgourmet.com\/en\/wp-json\/wp\/v2\/product_tag?post=67328"},{"taxonomy":"giftcard-category","embeddable":true,"href":"https:\/\/relaisgourmet.com\/en\/wp-json\/wp\/v2\/giftcard-category?post=67328"}],"curies":[{"name":"wp","href":"https:\/\/api.w.org\/{rel}","templated":true}]}}