{"id":67321,"date":"2026-03-10T12:24:46","date_gmt":"2026-03-10T12:24:46","guid":{"rendered":"https:\/\/relaisgourmet.com\/product\/prestige-scented-wonder-box\/"},"modified":"2026-04-01T22:43:04","modified_gmt":"2026-04-01T22:43:04","slug":"prestige-scented-wonder-box","status":"publish","type":"product","link":"https:\/\/relaisgourmet.com\/en\/product\/prestige-scented-wonder-box\/","title":{"rendered":"Prestige Scented Wonder Box"},"content":{"rendered":"<p><span style=\"font-weight: 400;\">Discover our <\/span><strong>Perfumed <\/strong><span style=\"font-weight: 400;\"><strong>Merveilles<\/strong>, an exclusive selection of three Foies Gras: <strong>Port<\/strong>, <strong>Sauternes<\/strong> and<strong>Armagnac<\/strong>.<\/span><\/p>\n<p><span style=\"font-weight: 400;\">Each is carefully prepared for <strong>a unique taste experience<\/strong>, combining <strong>tradition<\/strong> and <strong>quality<\/strong>.  <\/span><\/p>\n<p><b>Guaranteed without preservatives, colourings or additives.<\/b><\/p>\n<p><b>Composition:<\/b><\/p>\n<ul>\n<li style=\"font-weight: 400;\"><span style=\"font-weight: 400;\">Whole Foie Gras with Port (80 g)<\/span><\/li>\n<li style=\"font-weight: 400;\"><span style=\"font-weight: 400;\">Whole Foie Gras with Sauternes (80g)<\/span><\/li>\n<li style=\"font-weight: 400;\"><span style=\"font-weight: 400;\"><span style=\"font-weight: 400;\">Whole Foie Gras with Armagnac (80g)<\/span><\/span><\/li>\n<\/ul>\n<p><b>Guaranteed without preservatives, colourings or additives.<\/b><\/p>\n<p><b>Shelf life<\/b><span style=\"font-weight: 400;\"> 3 years at room temperature. After opening, consume within 15 days and keep refrigerated.<\/span><\/p>\n<p><span style=\"font-weight: 400;\">Find all our tips and tricks for preparing the Foies Gras that make up our Scented Wonder Box in the <a href=\"\/?page_id=33969\">Blog<\/a> section and on our <a href=\"https:\/\/www.instagram.com\/relaisgourmetofficiel\/\">Instagram<\/a> page.<\/span><\/p>\n","protected":false},"excerpt":{"rendered":"<p>Our Bo\u00eete \u00e0 Merveilles Parfum\u00e9e invites you on a gourmet voyage with 3 refined Foies Gras, each weighing 80 g, subtly blended with the flavors of Port, Sauternes and Armagnac. An exceptional box for unique tasting moments. <\/p>\n<p><img decoding=\"async\" class=\"emoji\" role=\"img\" src=\"https:\/\/s.w.org\/images\/core\/emoji\/15.0.3\/svg\/1f1eb-1f1f7.svg\" alt=\"\ud83c\uddeb\ud83c\uddf7\">  Guaranteed 100% French production<br \/>\n\u2714 Guaranteed without preservatives, additives or colorants.<br \/>\n\ud83c\udf43 Ducks fed yellow corn<br \/>\n\ud83d\ude9a Fast worldwide delivery<br \/>\n\ud83d\udd53 Keeps for 3 years<br \/>\n\ud83d\udd10 Secure payment<\/p>\n<p>Net weight: 240 g<\/p>\n","protected":false},"featured_media":67323,"comment_status":"closed","ping_status":"closed","template":"","meta":{"_iconic_wsb_product_page_order_bump_ids":[[]],"_sku":["0D-PDAT-V8LP"],"_iconic_wsb_product_page_bump_modal_ids":[[]]},"product_brand":[],"product_cat":[1681,1662],"product_tag":[2054,2050,2877,2878,2058,1663,2680],"giftcard-category":[],"class_list":{"0":"post-67321","1":"product","2":"type-product","3":"status-publish","4":"has-post-thumbnail","6":"product_cat-gift-boxes","7":"product_cat-whole-foie-gras","8":"product_tag-classic","9":"product_tag-foie-gras-with-armagnac","10":"product_tag-foie-gras-with-port","11":"product_tag-foie-gras-with-sauternes","12":"product_tag-good-foie-gras","13":"product_tag-made-in-france","14":"product_tag-whole-foie-gras","15":"product_shipping_class-standard","17":"first","18":"instock","19":"sale","20":"taxable","21":"shipping-taxable","22":"purchasable","23":"product-type-simple"},"yoast_head":"<!-- This site is optimized with the Yoast SEO Premium plugin v27.3 (Yoast SEO v27.3) - https:\/\/yoast.com\/product\/yoast-seo-premium-wordpress\/ -->\n<title>Bo\u00eete \u00e0 Merveilles Parfum\u00e9e | Relais Gourmet<\/title>\n<meta name=\"description\" content=\"Bo\u00eete \u00e0 Merveilles Parfum\u00e9e: a selection of delicately flavored treats.\" \/>\n<meta name=\"robots\" content=\"index, follow, max-snippet:-1, max-image-preview:large, max-video-preview:-1\" \/>\n<link rel=\"canonical\" href=\"https:\/\/relaisgourmet.com\/en\/product\/prestige-scented-wonder-box\/\" \/>\n<meta property=\"og:locale\" content=\"en_US\" \/>\n<meta property=\"og:type\" content=\"article\" \/>\n<meta property=\"og:title\" content=\"Prestige Scented Wonder Box\" \/>\n<meta property=\"og:description\" content=\"Our Bo\u00eete \u00e0 Merveilles Parfum\u00e9e invites you on a gourmet voyage with 3 refined Foies Gras, each weighing 80 g, subtly blended with the flavors of Port, Sauternes and Armagnac. An exceptional box for unique tasting moments.   Guaranteed 100% French production \u2714 Guaranteed without preservatives, additives or colorants. \ud83c\udf43 Ducks fed yellow corn \ud83d\ude9a Fast worldwide delivery \ud83d\udd53 Keeps for 3 years \ud83d\udd10 Secure payment Net weight: 240 g\" \/>\n<meta property=\"og:url\" content=\"https:\/\/relaisgourmet.com\/en\/product\/prestige-scented-wonder-box\/\" \/>\n<meta property=\"og:site_name\" content=\"Relais Gourmet\" \/>\n<meta property=\"article:publisher\" content=\"https:\/\/www.facebook.com\/relaisgourmet\/\" \/>\n<meta property=\"article:modified_time\" content=\"2026-04-01T22:43:04+00:00\" \/>\n<meta property=\"og:image\" content=\"https:\/\/relaisgourmet.com\/wp-content\/uploads\/2026\/03\/boite-a-merveille-parfume1.jpg\" \/>\n\t<meta property=\"og:image:width\" content=\"974\" \/>\n\t<meta property=\"og:image:height\" content=\"974\" \/>\n\t<meta property=\"og:image:type\" content=\"image\/jpeg\" \/>\n<meta name=\"twitter:card\" content=\"summary_large_image\" \/>\n<meta name=\"twitter:site\" content=\"@relaisgourmet64\" \/>\n<script type=\"application\/ld+json\" class=\"yoast-schema-graph\">{\"@context\":\"https:\\\/\\\/schema.org\",\"@graph\":[{\"@type\":\"WebPage\",\"@id\":\"https:\\\/\\\/relaisgourmet.com\\\/en\\\/product\\\/prestige-scented-wonder-box\\\/\",\"url\":\"https:\\\/\\\/relaisgourmet.com\\\/en\\\/product\\\/prestige-scented-wonder-box\\\/\",\"name\":\"Bo\u00eete \u00e0 Merveilles Parfum\u00e9e | Relais Gourmet\",\"isPartOf\":{\"@id\":\"https:\\\/\\\/relaisgourmet.com\\\/en\\\/#website\"},\"primaryImageOfPage\":{\"@id\":\"https:\\\/\\\/relaisgourmet.com\\\/en\\\/product\\\/prestige-scented-wonder-box\\\/#primaryimage\"},\"image\":{\"@id\":\"https:\\\/\\\/relaisgourmet.com\\\/en\\\/product\\\/prestige-scented-wonder-box\\\/#primaryimage\"},\"thumbnailUrl\":\"https:\\\/\\\/relaisgourmet.com\\\/wp-content\\\/uploads\\\/2026\\\/03\\\/boite-a-merveille-parfume1.jpg\",\"datePublished\":\"2026-03-10T12:24:46+00:00\",\"dateModified\":\"2026-04-01T22:43:04+00:00\",\"description\":\"Bo\u00eete \u00e0 Merveilles Parfum\u00e9e: a selection of delicately flavored treats.\",\"breadcrumb\":{\"@id\":\"https:\\\/\\\/relaisgourmet.com\\\/en\\\/product\\\/prestige-scented-wonder-box\\\/#breadcrumb\"},\"inLanguage\":\"en-US\",\"potentialAction\":[{\"@type\":\"ReadAction\",\"target\":[\"https:\\\/\\\/relaisgourmet.com\\\/en\\\/product\\\/prestige-scented-wonder-box\\\/\"]}]},{\"@type\":\"ImageObject\",\"inLanguage\":\"en-US\",\"@id\":\"https:\\\/\\\/relaisgourmet.com\\\/en\\\/product\\\/prestige-scented-wonder-box\\\/#primaryimage\",\"url\":\"https:\\\/\\\/relaisgourmet.com\\\/wp-content\\\/uploads\\\/2026\\\/03\\\/boite-a-merveille-parfume1.jpg\",\"contentUrl\":\"https:\\\/\\\/relaisgourmet.com\\\/wp-content\\\/uploads\\\/2026\\\/03\\\/boite-a-merveille-parfume1.jpg\",\"width\":974,\"height\":974},{\"@type\":\"BreadcrumbList\",\"@id\":\"https:\\\/\\\/relaisgourmet.com\\\/en\\\/product\\\/prestige-scented-wonder-box\\\/#breadcrumb\",\"itemListElement\":[{\"@type\":\"ListItem\",\"position\":1,\"name\":\"Inicio\",\"item\":\"https:\\\/\\\/relaisgourmet.com\\\/en\\\/home\\\/\"},{\"@type\":\"ListItem\",\"position\":2,\"name\":\"All our products\",\"item\":\"https:\\\/\\\/relaisgourmet.com\\\/en\\\/shop\\\/\"},{\"@type\":\"ListItem\",\"position\":3,\"name\":\"Prestige Scented Wonder Box\"}]},{\"@type\":\"WebSite\",\"@id\":\"https:\\\/\\\/relaisgourmet.com\\\/en\\\/#website\",\"url\":\"https:\\\/\\\/relaisgourmet.com\\\/en\\\/\",\"name\":\"Relais Gourmet\",\"description\":\"Foie Gras 100% Fran\u00e7ais\",\"publisher\":{\"@id\":\"https:\\\/\\\/relaisgourmet.com\\\/en\\\/#organization\"},\"potentialAction\":[{\"@type\":\"SearchAction\",\"target\":{\"@type\":\"EntryPoint\",\"urlTemplate\":\"https:\\\/\\\/relaisgourmet.com\\\/en\\\/?s={search_term_string}\"},\"query-input\":{\"@type\":\"PropertyValueSpecification\",\"valueRequired\":true,\"valueName\":\"search_term_string\"}}],\"inLanguage\":\"en-US\"},{\"@type\":\"Organization\",\"@id\":\"https:\\\/\\\/relaisgourmet.com\\\/en\\\/#organization\",\"name\":\"Relais Gourmet\",\"url\":\"https:\\\/\\\/relaisgourmet.com\\\/en\\\/\",\"logo\":{\"@type\":\"ImageObject\",\"inLanguage\":\"en-US\",\"@id\":\"https:\\\/\\\/relaisgourmet.com\\\/en\\\/#\\\/schema\\\/logo\\\/image\\\/\",\"url\":\"https:\\\/\\\/relaisgourmet.com\\\/wp-content\\\/uploads\\\/2026\\\/03\\\/yoast-logo-2-relais-gourmet-.png\",\"contentUrl\":\"https:\\\/\\\/relaisgourmet.com\\\/wp-content\\\/uploads\\\/2026\\\/03\\\/yoast-logo-2-relais-gourmet-.png\",\"width\":1200,\"height\":675,\"caption\":\"Relais Gourmet\"},\"image\":{\"@id\":\"https:\\\/\\\/relaisgourmet.com\\\/en\\\/#\\\/schema\\\/logo\\\/image\\\/\"},\"sameAs\":[\"https:\\\/\\\/www.facebook.com\\\/relaisgourmet\\\/\",\"https:\\\/\\\/x.com\\\/relaisgourmet64\",\"https:\\\/\\\/www.instagram.com\\\/relaisgourmetofficiel\",\"https:\\\/\\\/www.pinterest.fr\\\/relaisgourmet\\\/\"],\"email\":\"yaqueche@relaisgourmet.com\",\"telephone\":\"+33 0 5 40 07 07 65\",\"legalName\":\"Relais Gourmet\",\"vatID\":\"FR13482415015\",\"taxID\":\"482415015\"}]}<\/script>\n<!-- \/ Yoast SEO Premium plugin. -->","yoast_head_json":{"title":"Bo\u00eete \u00e0 Merveilles Parfum\u00e9e | Relais Gourmet","description":"Bo\u00eete \u00e0 Merveilles Parfum\u00e9e: a selection of delicately flavored treats.","robots":{"index":"index","follow":"follow","max-snippet":"max-snippet:-1","max-image-preview":"max-image-preview:large","max-video-preview":"max-video-preview:-1"},"canonical":"https:\/\/relaisgourmet.com\/en\/product\/prestige-scented-wonder-box\/","og_locale":"en_US","og_type":"article","og_title":"Prestige Scented Wonder Box","og_description":"Our Bo\u00eete \u00e0 Merveilles Parfum\u00e9e invites you on a gourmet voyage with 3 refined Foies Gras, each weighing 80 g, subtly blended with the flavors of Port, Sauternes and Armagnac. An exceptional box for unique tasting moments.   Guaranteed 100% French production \u2714 Guaranteed without preservatives, additives or colorants. \ud83c\udf43 Ducks fed yellow corn \ud83d\ude9a Fast worldwide delivery \ud83d\udd53 Keeps for 3 years \ud83d\udd10 Secure payment Net weight: 240 g","og_url":"https:\/\/relaisgourmet.com\/en\/product\/prestige-scented-wonder-box\/","og_site_name":"Relais Gourmet","article_publisher":"https:\/\/www.facebook.com\/relaisgourmet\/","article_modified_time":"2026-04-01T22:43:04+00:00","og_image":[{"width":974,"height":974,"url":"https:\/\/relaisgourmet.com\/wp-content\/uploads\/2026\/03\/boite-a-merveille-parfume1.jpg","type":"image\/jpeg"}],"twitter_card":"summary_large_image","twitter_site":"@relaisgourmet64","schema":{"@context":"https:\/\/schema.org","@graph":[{"@type":"WebPage","@id":"https:\/\/relaisgourmet.com\/en\/product\/prestige-scented-wonder-box\/","url":"https:\/\/relaisgourmet.com\/en\/product\/prestige-scented-wonder-box\/","name":"Bo\u00eete \u00e0 Merveilles Parfum\u00e9e | Relais Gourmet","isPartOf":{"@id":"https:\/\/relaisgourmet.com\/en\/#website"},"primaryImageOfPage":{"@id":"https:\/\/relaisgourmet.com\/en\/product\/prestige-scented-wonder-box\/#primaryimage"},"image":{"@id":"https:\/\/relaisgourmet.com\/en\/product\/prestige-scented-wonder-box\/#primaryimage"},"thumbnailUrl":"https:\/\/relaisgourmet.com\/wp-content\/uploads\/2026\/03\/boite-a-merveille-parfume1.jpg","datePublished":"2026-03-10T12:24:46+00:00","dateModified":"2026-04-01T22:43:04+00:00","description":"Bo\u00eete \u00e0 Merveilles Parfum\u00e9e: a selection of delicately flavored treats.","breadcrumb":{"@id":"https:\/\/relaisgourmet.com\/en\/product\/prestige-scented-wonder-box\/#breadcrumb"},"inLanguage":"en-US","potentialAction":[{"@type":"ReadAction","target":["https:\/\/relaisgourmet.com\/en\/product\/prestige-scented-wonder-box\/"]}]},{"@type":"ImageObject","inLanguage":"en-US","@id":"https:\/\/relaisgourmet.com\/en\/product\/prestige-scented-wonder-box\/#primaryimage","url":"https:\/\/relaisgourmet.com\/wp-content\/uploads\/2026\/03\/boite-a-merveille-parfume1.jpg","contentUrl":"https:\/\/relaisgourmet.com\/wp-content\/uploads\/2026\/03\/boite-a-merveille-parfume1.jpg","width":974,"height":974},{"@type":"BreadcrumbList","@id":"https:\/\/relaisgourmet.com\/en\/product\/prestige-scented-wonder-box\/#breadcrumb","itemListElement":[{"@type":"ListItem","position":1,"name":"Inicio","item":"https:\/\/relaisgourmet.com\/en\/home\/"},{"@type":"ListItem","position":2,"name":"All our products","item":"https:\/\/relaisgourmet.com\/en\/shop\/"},{"@type":"ListItem","position":3,"name":"Prestige Scented Wonder Box"}]},{"@type":"WebSite","@id":"https:\/\/relaisgourmet.com\/en\/#website","url":"https:\/\/relaisgourmet.com\/en\/","name":"Relais Gourmet","description":"Foie Gras 100% Fran\u00e7ais","publisher":{"@id":"https:\/\/relaisgourmet.com\/en\/#organization"},"potentialAction":[{"@type":"SearchAction","target":{"@type":"EntryPoint","urlTemplate":"https:\/\/relaisgourmet.com\/en\/?s={search_term_string}"},"query-input":{"@type":"PropertyValueSpecification","valueRequired":true,"valueName":"search_term_string"}}],"inLanguage":"en-US"},{"@type":"Organization","@id":"https:\/\/relaisgourmet.com\/en\/#organization","name":"Relais Gourmet","url":"https:\/\/relaisgourmet.com\/en\/","logo":{"@type":"ImageObject","inLanguage":"en-US","@id":"https:\/\/relaisgourmet.com\/en\/#\/schema\/logo\/image\/","url":"https:\/\/relaisgourmet.com\/wp-content\/uploads\/2026\/03\/yoast-logo-2-relais-gourmet-.png","contentUrl":"https:\/\/relaisgourmet.com\/wp-content\/uploads\/2026\/03\/yoast-logo-2-relais-gourmet-.png","width":1200,"height":675,"caption":"Relais Gourmet"},"image":{"@id":"https:\/\/relaisgourmet.com\/en\/#\/schema\/logo\/image\/"},"sameAs":["https:\/\/www.facebook.com\/relaisgourmet\/","https:\/\/x.com\/relaisgourmet64","https:\/\/www.instagram.com\/relaisgourmetofficiel","https:\/\/www.pinterest.fr\/relaisgourmet\/"],"email":"yaqueche@relaisgourmet.com","telephone":"+33 0 5 40 07 07 65","legalName":"Relais Gourmet","vatID":"FR13482415015","taxID":"482415015"}]}},"_links":{"self":[{"href":"https:\/\/relaisgourmet.com\/en\/wp-json\/wp\/v2\/product\/67321","targetHints":{"allow":["GET"]}}],"collection":[{"href":"https:\/\/relaisgourmet.com\/en\/wp-json\/wp\/v2\/product"}],"about":[{"href":"https:\/\/relaisgourmet.com\/en\/wp-json\/wp\/v2\/types\/product"}],"replies":[{"embeddable":true,"href":"https:\/\/relaisgourmet.com\/en\/wp-json\/wp\/v2\/comments?post=67321"}],"wp:featuredmedia":[{"embeddable":true,"href":"https:\/\/relaisgourmet.com\/en\/wp-json\/wp\/v2\/media\/67323"}],"wp:attachment":[{"href":"https:\/\/relaisgourmet.com\/en\/wp-json\/wp\/v2\/media?parent=67321"}],"wp:term":[{"taxonomy":"product_brand","embeddable":true,"href":"https:\/\/relaisgourmet.com\/en\/wp-json\/wp\/v2\/product_brand?post=67321"},{"taxonomy":"product_cat","embeddable":true,"href":"https:\/\/relaisgourmet.com\/en\/wp-json\/wp\/v2\/product_cat?post=67321"},{"taxonomy":"product_tag","embeddable":true,"href":"https:\/\/relaisgourmet.com\/en\/wp-json\/wp\/v2\/product_tag?post=67321"},{"taxonomy":"giftcard-category","embeddable":true,"href":"https:\/\/relaisgourmet.com\/en\/wp-json\/wp\/v2\/giftcard-category?post=67321"}],"curies":[{"name":"wp","href":"https:\/\/api.w.org\/{rel}","templated":true}]}}