{"id":67179,"date":"2026-03-10T12:24:42","date_gmt":"2026-03-10T12:24:42","guid":{"rendered":"https:\/\/relaisgourmet.com\/product\/the-basque-country-primer-tome-2\/"},"modified":"2026-04-01T22:40:55","modified_gmt":"2026-04-01T22:40:55","slug":"the-basque-country-primer-tome-2","status":"publish","type":"product","link":"https:\/\/relaisgourmet.com\/en\/product\/the-basque-country-primer-tome-2\/","title":{"rendered":"The Basque Country Primer &#8211; TOME 2"},"content":{"rendered":"<p>Continue your discovery with this second volume of the Basque Country Primer:<\/p>\n<p>A quick reminder: an alphabet book is an exploratory guide, a journey where each letter of the alphabet serves as a compass to navigate through themes, authors, genres, characters, places and much more. This concept associates each letter with a representative keyword! <\/p>\n<p><b>A walk in the heart of the Basque Country: discover typical villages, traditions, gastronomy&#8230;<\/b><\/p>\n<p><span data-offset-key=\"cm71o-142-0\">Visit<\/span><span data-offset-key=\"cm71o-143-0\">  chap<\/span><span data-offset-key=\"cm71o-144-0\">it<\/span><span data-offset-key=\"cm71o-145-0\">res<\/span><span data-offset-key=\"cm71o-146-0\">  s<\/span><span data-offset-key=\"cm71o-147-0\">have<\/span><span data-offset-key=\"cm71o-148-0\">  illustrate<\/span><span data-offset-key=\"cm71o-149-0\">r<\/span><span data-offset-key=\"cm71o-150-0\">s<\/span><span data-offset-key=\"cm71o-151-0\">  by<\/span><span data-offset-key=\"cm71o-152-0\">  from<\/span><span data-offset-key=\"cm71o-153-0\">  photos<\/span><span data-offset-key=\"cm71o-154-0\">  and<\/span><span data-offset-key=\"cm71o-155-0\">  from<\/span><span data-offset-key=\"cm71o-156-0\">  d<\/span><span data-offset-key=\"cm71o-157-0\">ess<\/span><span data-offset-key=\"cm71o-158-0\">ins<\/span><span data-offset-key=\"cm71o-159-0\">  which<\/span><span data-offset-key=\"cm71o-160-0\">  app<\/span><span data-offset-key=\"cm71o-161-0\">ort<\/span><span data-offset-key=\"cm71o-162-0\">ent<\/span><span data-offset-key=\"cm71o-163-0\">  a<\/span><span data-offset-key=\"cm71o-164-0\">  tou<\/span><span data-offset-key=\"cm71o-165-0\">che<\/span><span data-offset-key=\"cm71o-166-0\">  staff<\/span><span data-offset-key=\"cm71o-167-0\">the<\/span><span data-offset-key=\"cm71o-168-0\">  and<\/span><span data-offset-key=\"cm71o-169-0\">  origin<\/span><span data-offset-key=\"cm71o-170-0\">ale<\/span><span data-offset-key=\"cm71o-171-0\">  \u00e0<\/span><span data-offset-key=\"cm71o-172-0\">  c<\/span><span data-offset-key=\"cm71o-173-0\">and<\/span><span data-offset-key=\"cm71o-174-0\">  o<\/span><span data-offset-key=\"cm71o-175-0\">uv<\/span><span data-offset-key=\"cm71o-176-0\">rage<\/span><span data-offset-key=\"cm71o-177-0\">.<\/span><\/p>\n<p>Written by an enthusiast of the Basque Country, this book is an invaluable guide to discovering and better understanding this region rich in culture and heritage.<\/p>\n<p>A must-read if you&#8217;re curious!<\/p>\n<p>With the Basque Country Primer, you&#8217;ll be equipped for every occasion and able to taste <a href=\"https:\/\/epic-varahamihira.207-180-195-93.plesk.page\/categories\/\">our different foies gras<\/a>!<\/p>\n<p>Relais Gourmet invites you to discover the Basque Country through an Alphabet rich in gastronomy, folklore and historical heritage.<\/p>\n<p><strong>You&#8217;ll find all our preparation tips in the Advice section, and all our products in the Relais Gourmet store. Don&#8217;t hesitate to visit our <\/strong><strong><a href=\"https:\/\/epic-varahamihira.207-180-195-93.plesk.page\/index.php\/blog-foies-gras-actualite\/\">blog<\/a><\/strong><strong> to discover our <\/strong><strong><a href=\"https:\/\/epic-varahamihira.207-180-195-93.plesk.page\/index.php\/recettes\/\">recipes <\/a><\/strong><strong>and other new products.<\/strong><\/p>\n<p>For a gourmet meal, why not round things off with some delicious Turrones <a href=\"https:\/\/mariasimona.com\/\">Maria Simona<\/a>?<\/p>\n<p>Peio E.: &#8220;A fresh, new look to continue taking you on a journey on both sides of the Pyrenees&#8221;.<\/p>\n<p>Ander P: &#8220;Very informative book&#8221;.<\/p>\n<p>File: pdf<\/p>\n<p>Author : Yaqueche<\/p>\n<p>Number of pages: 30<\/p>\n<p>&nbsp;<\/p>\n","protected":false},"excerpt":{"rendered":"<p><strong>Continue your hike over the towering mountains of the Basque Country <\/strong><\/p>\n<p><em><strong>This book is free with any order over 89\u20ac.<\/strong><\/em><\/p>\n<p>Fly over these places of history and mystery with this second opus in digital format<\/p>\n<p>FILE: pdf<\/p>\n<p>AUTHOR: Yaqueche<\/p>\n<p>NUMBER OF PAGES: 30 pages<\/p>\n","protected":false},"featured_media":67185,"comment_status":"closed","ping_status":"closed","template":"","meta":{"_iconic_wsb_product_page_order_bump_ids":[],"_sku":["3360000336125"],"_iconic_wsb_product_page_bump_modal_ids":[]},"product_brand":[],"product_cat":[2146],"product_tag":[2758,2747,1663],"giftcard-category":[],"class_list":{"0":"post-67179","1":"product","2":"type-product","3":"status-publish","4":"has-post-thumbnail","6":"product_cat-cooking-ebooks","7":"product_tag-basque-country-2","8":"product_tag-ebook","9":"product_tag-made-in-france","10":"product_shipping_class-standard","12":"first","13":"instock","14":"downloadable","15":"virtual","16":"taxable","17":"purchasable","18":"product-type-simple"},"yoast_head":"<!-- This site is optimized with the Yoast SEO Premium plugin v27.3 (Yoast SEO v27.3) - https:\/\/yoast.com\/product\/yoast-seo-premium-wordpress\/ -->\n<title>L&#039;Ab\u00e9c\u00e9daire du Pays Basque Tome 2 | Relais Gourmet<\/title>\n<meta name=\"description\" content=\"Ab\u00e9c\u00e9daire du Pays Basque - Tome 2: a captivating tome to extend your discovery of the region.\" \/>\n<meta name=\"robots\" content=\"index, follow, max-snippet:-1, max-image-preview:large, max-video-preview:-1\" \/>\n<link rel=\"canonical\" href=\"https:\/\/relaisgourmet.com\/en\/product\/the-basque-country-primer-tome-2\/\" \/>\n<meta property=\"og:locale\" content=\"en_US\" \/>\n<meta property=\"og:type\" content=\"article\" \/>\n<meta property=\"og:title\" content=\"The Basque Country Primer - TOME 2\" \/>\n<meta property=\"og:description\" content=\"Continue your hike over the towering mountains of the Basque Country  This book is free with any order over 89\u20ac. Fly over these places of history and mystery with this second opus in digital format FILE: pdf AUTHOR: Yaqueche NUMBER OF PAGES: 30 pages\" \/>\n<meta property=\"og:url\" content=\"https:\/\/relaisgourmet.com\/en\/product\/the-basque-country-primer-tome-2\/\" \/>\n<meta property=\"og:site_name\" content=\"Relais Gourmet\" \/>\n<meta property=\"article:publisher\" content=\"https:\/\/www.facebook.com\/relaisgourmet\/\" \/>\n<meta property=\"article:modified_time\" content=\"2026-04-01T22:40:55+00:00\" \/>\n<meta property=\"og:image\" content=\"https:\/\/relaisgourmet.com\/wp-content\/uploads\/2026\/03\/Design-sans-titre-1-1.png\" \/>\n\t<meta property=\"og:image:width\" content=\"600\" \/>\n\t<meta property=\"og:image:height\" content=\"600\" \/>\n\t<meta property=\"og:image:type\" content=\"image\/png\" \/>\n<meta name=\"twitter:card\" content=\"summary_large_image\" \/>\n<meta name=\"twitter:site\" content=\"@relaisgourmet64\" \/>\n<meta name=\"twitter:label1\" content=\"Est. reading time\" \/>\n\t<meta name=\"twitter:data1\" content=\"1 minute\" \/>\n<script type=\"application\/ld+json\" class=\"yoast-schema-graph\">{\"@context\":\"https:\\\/\\\/schema.org\",\"@graph\":[{\"@type\":\"WebPage\",\"@id\":\"https:\\\/\\\/relaisgourmet.com\\\/en\\\/product\\\/the-basque-country-primer-tome-2\\\/\",\"url\":\"https:\\\/\\\/relaisgourmet.com\\\/en\\\/product\\\/the-basque-country-primer-tome-2\\\/\",\"name\":\"L'Ab\u00e9c\u00e9daire du Pays Basque Tome 2 | Relais Gourmet\",\"isPartOf\":{\"@id\":\"https:\\\/\\\/relaisgourmet.com\\\/en\\\/#website\"},\"primaryImageOfPage\":{\"@id\":\"https:\\\/\\\/relaisgourmet.com\\\/en\\\/product\\\/the-basque-country-primer-tome-2\\\/#primaryimage\"},\"image\":{\"@id\":\"https:\\\/\\\/relaisgourmet.com\\\/en\\\/product\\\/the-basque-country-primer-tome-2\\\/#primaryimage\"},\"thumbnailUrl\":\"https:\\\/\\\/relaisgourmet.com\\\/wp-content\\\/uploads\\\/2026\\\/03\\\/Design-sans-titre-1-1.png\",\"datePublished\":\"2026-03-10T12:24:42+00:00\",\"dateModified\":\"2026-04-01T22:40:55+00:00\",\"description\":\"Ab\u00e9c\u00e9daire du Pays Basque - Tome 2: a captivating tome to extend your discovery of the region.\",\"breadcrumb\":{\"@id\":\"https:\\\/\\\/relaisgourmet.com\\\/en\\\/product\\\/the-basque-country-primer-tome-2\\\/#breadcrumb\"},\"inLanguage\":\"en-US\",\"potentialAction\":[{\"@type\":\"ReadAction\",\"target\":[\"https:\\\/\\\/relaisgourmet.com\\\/en\\\/product\\\/the-basque-country-primer-tome-2\\\/\"]}]},{\"@type\":\"ImageObject\",\"inLanguage\":\"en-US\",\"@id\":\"https:\\\/\\\/relaisgourmet.com\\\/en\\\/product\\\/the-basque-country-primer-tome-2\\\/#primaryimage\",\"url\":\"https:\\\/\\\/relaisgourmet.com\\\/wp-content\\\/uploads\\\/2026\\\/03\\\/Design-sans-titre-1-1.png\",\"contentUrl\":\"https:\\\/\\\/relaisgourmet.com\\\/wp-content\\\/uploads\\\/2026\\\/03\\\/Design-sans-titre-1-1.png\",\"width\":600,\"height\":600},{\"@type\":\"BreadcrumbList\",\"@id\":\"https:\\\/\\\/relaisgourmet.com\\\/en\\\/product\\\/the-basque-country-primer-tome-2\\\/#breadcrumb\",\"itemListElement\":[{\"@type\":\"ListItem\",\"position\":1,\"name\":\"Startseite\",\"item\":\"https:\\\/\\\/relaisgourmet.com\\\/en\\\/home\\\/\"},{\"@type\":\"ListItem\",\"position\":2,\"name\":\"All our products\",\"item\":\"https:\\\/\\\/relaisgourmet.com\\\/en\\\/shop\\\/\"},{\"@type\":\"ListItem\",\"position\":3,\"name\":\"The Basque Country Primer &#8211; TOME 2\"}]},{\"@type\":\"WebSite\",\"@id\":\"https:\\\/\\\/relaisgourmet.com\\\/en\\\/#website\",\"url\":\"https:\\\/\\\/relaisgourmet.com\\\/en\\\/\",\"name\":\"Relais Gourmet\",\"description\":\"Foie Gras 100% Fran\u00e7ais\",\"publisher\":{\"@id\":\"https:\\\/\\\/relaisgourmet.com\\\/en\\\/#organization\"},\"potentialAction\":[{\"@type\":\"SearchAction\",\"target\":{\"@type\":\"EntryPoint\",\"urlTemplate\":\"https:\\\/\\\/relaisgourmet.com\\\/en\\\/?s={search_term_string}\"},\"query-input\":{\"@type\":\"PropertyValueSpecification\",\"valueRequired\":true,\"valueName\":\"search_term_string\"}}],\"inLanguage\":\"en-US\"},{\"@type\":\"Organization\",\"@id\":\"https:\\\/\\\/relaisgourmet.com\\\/en\\\/#organization\",\"name\":\"Relais Gourmet\",\"url\":\"https:\\\/\\\/relaisgourmet.com\\\/en\\\/\",\"logo\":{\"@type\":\"ImageObject\",\"inLanguage\":\"en-US\",\"@id\":\"https:\\\/\\\/relaisgourmet.com\\\/en\\\/#\\\/schema\\\/logo\\\/image\\\/\",\"url\":\"https:\\\/\\\/relaisgourmet.com\\\/wp-content\\\/uploads\\\/2026\\\/03\\\/yoast-logo-2-relais-gourmet-.png\",\"contentUrl\":\"https:\\\/\\\/relaisgourmet.com\\\/wp-content\\\/uploads\\\/2026\\\/03\\\/yoast-logo-2-relais-gourmet-.png\",\"width\":1200,\"height\":675,\"caption\":\"Relais Gourmet\"},\"image\":{\"@id\":\"https:\\\/\\\/relaisgourmet.com\\\/en\\\/#\\\/schema\\\/logo\\\/image\\\/\"},\"sameAs\":[\"https:\\\/\\\/www.facebook.com\\\/relaisgourmet\\\/\",\"https:\\\/\\\/x.com\\\/relaisgourmet64\",\"https:\\\/\\\/www.instagram.com\\\/relaisgourmetofficiel\",\"https:\\\/\\\/www.pinterest.fr\\\/relaisgourmet\\\/\"],\"email\":\"yaqueche@relaisgourmet.com\",\"telephone\":\"+33 0 5 40 07 07 65\",\"legalName\":\"Relais Gourmet\",\"vatID\":\"FR13482415015\",\"taxID\":\"482415015\"}]}<\/script>\n<!-- \/ Yoast SEO Premium plugin. -->","yoast_head_json":{"title":"L'Ab\u00e9c\u00e9daire du Pays Basque Tome 2 | Relais Gourmet","description":"Ab\u00e9c\u00e9daire du Pays Basque - Tome 2: a captivating tome to extend your discovery of the region.","robots":{"index":"index","follow":"follow","max-snippet":"max-snippet:-1","max-image-preview":"max-image-preview:large","max-video-preview":"max-video-preview:-1"},"canonical":"https:\/\/relaisgourmet.com\/en\/product\/the-basque-country-primer-tome-2\/","og_locale":"en_US","og_type":"article","og_title":"The Basque Country Primer - TOME 2","og_description":"Continue your hike over the towering mountains of the Basque Country  This book is free with any order over 89\u20ac. Fly over these places of history and mystery with this second opus in digital format FILE: pdf AUTHOR: Yaqueche NUMBER OF PAGES: 30 pages","og_url":"https:\/\/relaisgourmet.com\/en\/product\/the-basque-country-primer-tome-2\/","og_site_name":"Relais Gourmet","article_publisher":"https:\/\/www.facebook.com\/relaisgourmet\/","article_modified_time":"2026-04-01T22:40:55+00:00","og_image":[{"width":600,"height":600,"url":"https:\/\/relaisgourmet.com\/wp-content\/uploads\/2026\/03\/Design-sans-titre-1-1.png","type":"image\/png"}],"twitter_card":"summary_large_image","twitter_site":"@relaisgourmet64","twitter_misc":{"Est. reading time":"1 minute"},"schema":{"@context":"https:\/\/schema.org","@graph":[{"@type":"WebPage","@id":"https:\/\/relaisgourmet.com\/en\/product\/the-basque-country-primer-tome-2\/","url":"https:\/\/relaisgourmet.com\/en\/product\/the-basque-country-primer-tome-2\/","name":"L'Ab\u00e9c\u00e9daire du Pays Basque Tome 2 | Relais Gourmet","isPartOf":{"@id":"https:\/\/relaisgourmet.com\/en\/#website"},"primaryImageOfPage":{"@id":"https:\/\/relaisgourmet.com\/en\/product\/the-basque-country-primer-tome-2\/#primaryimage"},"image":{"@id":"https:\/\/relaisgourmet.com\/en\/product\/the-basque-country-primer-tome-2\/#primaryimage"},"thumbnailUrl":"https:\/\/relaisgourmet.com\/wp-content\/uploads\/2026\/03\/Design-sans-titre-1-1.png","datePublished":"2026-03-10T12:24:42+00:00","dateModified":"2026-04-01T22:40:55+00:00","description":"Ab\u00e9c\u00e9daire du Pays Basque - Tome 2: a captivating tome to extend your discovery of the region.","breadcrumb":{"@id":"https:\/\/relaisgourmet.com\/en\/product\/the-basque-country-primer-tome-2\/#breadcrumb"},"inLanguage":"en-US","potentialAction":[{"@type":"ReadAction","target":["https:\/\/relaisgourmet.com\/en\/product\/the-basque-country-primer-tome-2\/"]}]},{"@type":"ImageObject","inLanguage":"en-US","@id":"https:\/\/relaisgourmet.com\/en\/product\/the-basque-country-primer-tome-2\/#primaryimage","url":"https:\/\/relaisgourmet.com\/wp-content\/uploads\/2026\/03\/Design-sans-titre-1-1.png","contentUrl":"https:\/\/relaisgourmet.com\/wp-content\/uploads\/2026\/03\/Design-sans-titre-1-1.png","width":600,"height":600},{"@type":"BreadcrumbList","@id":"https:\/\/relaisgourmet.com\/en\/product\/the-basque-country-primer-tome-2\/#breadcrumb","itemListElement":[{"@type":"ListItem","position":1,"name":"Startseite","item":"https:\/\/relaisgourmet.com\/en\/home\/"},{"@type":"ListItem","position":2,"name":"All our products","item":"https:\/\/relaisgourmet.com\/en\/shop\/"},{"@type":"ListItem","position":3,"name":"The Basque Country Primer &#8211; TOME 2"}]},{"@type":"WebSite","@id":"https:\/\/relaisgourmet.com\/en\/#website","url":"https:\/\/relaisgourmet.com\/en\/","name":"Relais Gourmet","description":"Foie Gras 100% Fran\u00e7ais","publisher":{"@id":"https:\/\/relaisgourmet.com\/en\/#organization"},"potentialAction":[{"@type":"SearchAction","target":{"@type":"EntryPoint","urlTemplate":"https:\/\/relaisgourmet.com\/en\/?s={search_term_string}"},"query-input":{"@type":"PropertyValueSpecification","valueRequired":true,"valueName":"search_term_string"}}],"inLanguage":"en-US"},{"@type":"Organization","@id":"https:\/\/relaisgourmet.com\/en\/#organization","name":"Relais Gourmet","url":"https:\/\/relaisgourmet.com\/en\/","logo":{"@type":"ImageObject","inLanguage":"en-US","@id":"https:\/\/relaisgourmet.com\/en\/#\/schema\/logo\/image\/","url":"https:\/\/relaisgourmet.com\/wp-content\/uploads\/2026\/03\/yoast-logo-2-relais-gourmet-.png","contentUrl":"https:\/\/relaisgourmet.com\/wp-content\/uploads\/2026\/03\/yoast-logo-2-relais-gourmet-.png","width":1200,"height":675,"caption":"Relais Gourmet"},"image":{"@id":"https:\/\/relaisgourmet.com\/en\/#\/schema\/logo\/image\/"},"sameAs":["https:\/\/www.facebook.com\/relaisgourmet\/","https:\/\/x.com\/relaisgourmet64","https:\/\/www.instagram.com\/relaisgourmetofficiel","https:\/\/www.pinterest.fr\/relaisgourmet\/"],"email":"yaqueche@relaisgourmet.com","telephone":"+33 0 5 40 07 07 65","legalName":"Relais Gourmet","vatID":"FR13482415015","taxID":"482415015"}]}},"_links":{"self":[{"href":"https:\/\/relaisgourmet.com\/en\/wp-json\/wp\/v2\/product\/67179","targetHints":{"allow":["GET"]}}],"collection":[{"href":"https:\/\/relaisgourmet.com\/en\/wp-json\/wp\/v2\/product"}],"about":[{"href":"https:\/\/relaisgourmet.com\/en\/wp-json\/wp\/v2\/types\/product"}],"replies":[{"embeddable":true,"href":"https:\/\/relaisgourmet.com\/en\/wp-json\/wp\/v2\/comments?post=67179"}],"wp:featuredmedia":[{"embeddable":true,"href":"https:\/\/relaisgourmet.com\/en\/wp-json\/wp\/v2\/media\/67185"}],"wp:attachment":[{"href":"https:\/\/relaisgourmet.com\/en\/wp-json\/wp\/v2\/media?parent=67179"}],"wp:term":[{"taxonomy":"product_brand","embeddable":true,"href":"https:\/\/relaisgourmet.com\/en\/wp-json\/wp\/v2\/product_brand?post=67179"},{"taxonomy":"product_cat","embeddable":true,"href":"https:\/\/relaisgourmet.com\/en\/wp-json\/wp\/v2\/product_cat?post=67179"},{"taxonomy":"product_tag","embeddable":true,"href":"https:\/\/relaisgourmet.com\/en\/wp-json\/wp\/v2\/product_tag?post=67179"},{"taxonomy":"giftcard-category","embeddable":true,"href":"https:\/\/relaisgourmet.com\/en\/wp-json\/wp\/v2\/giftcard-category?post=67179"}],"curies":[{"name":"wp","href":"https:\/\/api.w.org\/{rel}","templated":true}]}}