{"id":66966,"date":"2026-03-10T12:24:09","date_gmt":"2026-03-10T12:24:09","guid":{"rendered":"https:\/\/relaisgourmet.com\/product\/gourmet-aperitif-with-jurancon-2\/"},"modified":"2026-04-01T22:36:20","modified_gmt":"2026-04-01T22:36:20","slug":"gourmet-aperitif-with-jurancon-2","status":"publish","type":"product","link":"https:\/\/relaisgourmet.com\/en\/product\/gourmet-aperitif-with-jurancon-2\/","title":{"rendered":"Gourmet Aperitif with Juran\u00e7on"},"content":{"rendered":"<p><span style=\"font-weight: 400;\">In this Ap\u00e9ritif Gourmet au Juran\u00e7on, Juran\u00e7on is a white wine from France, <\/span><b>rich and aromatic<\/b><span style=\"font-weight: 400;\">produced in the Pyr\u00e9n\u00e9es-Atlantiques region, famous for its <\/span><b>exotic fruit notes<\/b><span style=\"font-weight: 400;\">. <\/span> <\/p>\n<p><span style=\"font-weight: 400;\">Our Gourmet Aperitif with Juran\u00e7on is a delicious combination of smooth flavors and Juran\u00e7on, a sweet, fruity wine that adds a subtle touch to your aperitif.<\/span><\/p>\n<p><b>Guaranteed free from preservatives, additives and colorants.<\/b><\/p>\n<p><b>Ingredients :<\/b><span style=\"font-weight: 400;\"> lean pork and pork belly, pork liver, egg, Juran\u00e7on wine (5%), salt, pepper and garlic.<\/span><\/p>\n<p><b>Cellaring:<\/b><span style=\"font-weight: 400;\"> 3 years at room temperature. <\/span><span style=\"font-weight: 400;\">After opening, consume it within 15 days and store it in the refrigerator.<\/span><\/p>\n<p>Find all our preparation tips and tricks in the <a href=\"\/?page_id=33969\">Blog<\/a> section <span style=\"font-weight: 400;\"> and on our <a href=\"https:\/\/www.instagram.com\/relaisgourmetofficiel\/\">instagram<\/a> page.<\/span><\/p>\n","protected":false},"excerpt":{"rendered":"<p>Our Juran\u00e7on Gourmet Aperitif made with French white wine, perfumes the aperitif with sweet, fruity notes.<\/p>\n<p><img decoding=\"async\" class=\"emoji\" role=\"img\" src=\"https:\/\/s.w.org\/images\/core\/emoji\/15.0.3\/svg\/1f1eb-1f1f7.svg\" alt=\"\ud83c\uddeb\ud83c\uddf7\"> Guaranteed 100% French production<br \/>\n\u2714 Guaranteed without preservatives, additives or colorants.<br \/>\n\ud83c\udf43 Ducks fed yellow corn<br \/>\n\ud83d\ude9a Fast worldwide delivery<br \/>\n\ud83d\udd53 Keeps for 3 years<br \/>\n\ud83d\udd10 Secure payment<\/p>\n<p>Weight: 180g<\/p>\n","protected":false},"featured_media":61760,"comment_status":"closed","ping_status":"closed","template":"","meta":{"_iconic_wsb_product_page_order_bump_ids":[],"_sku":["sku25"],"_iconic_wsb_product_page_bump_modal_ids":[]},"product_brand":[],"product_cat":[1677],"product_tag":[1825,1767,2547,2549,2550,2551,2552,1663,2507,2509,2548],"giftcard-category":[],"class_list":{"0":"post-66966","1":"product","2":"type-product","3":"status-publish","4":"has-post-thumbnail","6":"product_cat-spreadable-aperitifs","7":"product_tag-180g","8":"product_tag-4-5-servings","9":"product_tag-aperitif","10":"product_tag-gourmet","11":"product_tag-jurancon","12":"product_tag-jurancon-pate","13":"product_tag-jurancon-terrine","14":"product_tag-made-in-france","15":"product_tag-pate","16":"product_tag-terrine","17":"product_tag-user-friendly","18":"product_shipping_class-tva-5-5","20":"first","21":"instock","22":"taxable","23":"shipping-taxable","24":"purchasable","25":"product-type-simple"},"yoast_head":"<!-- This site is optimized with the Yoast SEO Premium plugin v27.3 (Yoast SEO v27.3) - https:\/\/yoast.com\/product\/yoast-seo-premium-wordpress\/ -->\n<title>Gourmet Aperitif with Juran\u00e7on - Relais Gourmet<\/title>\n<meta name=\"description\" content=\"Ap\u00e9ritif Gourmet au Juran\u00e7on: sweet wine and savory treats in a unique recipe.\" \/>\n<meta name=\"robots\" content=\"index, follow, max-snippet:-1, max-image-preview:large, max-video-preview:-1\" \/>\n<link rel=\"canonical\" href=\"https:\/\/relaisgourmet.com\/en\/product\/gourmet-aperitif-with-jurancon-2\/\" \/>\n<meta property=\"og:locale\" content=\"en_US\" \/>\n<meta property=\"og:type\" content=\"article\" \/>\n<meta property=\"og:title\" content=\"Gourmet Aperitif with Juran\u00e7on\" \/>\n<meta property=\"og:description\" content=\"Our Juran\u00e7on Gourmet Aperitif made with French white wine, perfumes the aperitif with sweet, fruity notes.  Guaranteed 100% French production \u2714 Guaranteed without preservatives, additives or colorants. \ud83c\udf43 Ducks fed yellow corn \ud83d\ude9a Fast worldwide delivery \ud83d\udd53 Keeps for 3 years \ud83d\udd10 Secure payment Weight: 180g\" \/>\n<meta property=\"og:url\" content=\"https:\/\/relaisgourmet.com\/en\/product\/gourmet-aperitif-with-jurancon-2\/\" \/>\n<meta property=\"og:site_name\" content=\"Relais Gourmet\" \/>\n<meta property=\"article:publisher\" content=\"https:\/\/www.facebook.com\/relaisgourmet\/\" \/>\n<meta property=\"article:modified_time\" content=\"2026-04-01T22:36:20+00:00\" \/>\n<meta property=\"og:image\" content=\"https:\/\/relaisgourmet.com\/wp-content\/uploads\/2026\/03\/Apero-Jurancon-min.png\" \/>\n\t<meta property=\"og:image:width\" content=\"1000\" \/>\n\t<meta property=\"og:image:height\" content=\"1000\" \/>\n\t<meta property=\"og:image:type\" content=\"image\/png\" \/>\n<meta name=\"twitter:card\" content=\"summary_large_image\" \/>\n<meta name=\"twitter:site\" content=\"@relaisgourmet64\" \/>\n<meta name=\"twitter:label1\" content=\"Est. reading time\" \/>\n\t<meta name=\"twitter:data1\" content=\"1 minute\" \/>\n<script type=\"application\/ld+json\" class=\"yoast-schema-graph\">{\"@context\":\"https:\\\/\\\/schema.org\",\"@graph\":[{\"@type\":\"WebPage\",\"@id\":\"https:\\\/\\\/relaisgourmet.com\\\/en\\\/product\\\/gourmet-aperitif-with-jurancon-2\\\/\",\"url\":\"https:\\\/\\\/relaisgourmet.com\\\/en\\\/product\\\/gourmet-aperitif-with-jurancon-2\\\/\",\"name\":\"Gourmet Aperitif with Juran\u00e7on - Relais Gourmet\",\"isPartOf\":{\"@id\":\"https:\\\/\\\/relaisgourmet.com\\\/en\\\/#website\"},\"primaryImageOfPage\":{\"@id\":\"https:\\\/\\\/relaisgourmet.com\\\/en\\\/product\\\/gourmet-aperitif-with-jurancon-2\\\/#primaryimage\"},\"image\":{\"@id\":\"https:\\\/\\\/relaisgourmet.com\\\/en\\\/product\\\/gourmet-aperitif-with-jurancon-2\\\/#primaryimage\"},\"thumbnailUrl\":\"https:\\\/\\\/relaisgourmet.com\\\/wp-content\\\/uploads\\\/2026\\\/03\\\/Apero-Jurancon-min.png\",\"datePublished\":\"2026-03-10T12:24:09+00:00\",\"dateModified\":\"2026-04-01T22:36:20+00:00\",\"description\":\"Ap\u00e9ritif Gourmet au Juran\u00e7on: sweet wine and savory treats in a unique recipe.\",\"breadcrumb\":{\"@id\":\"https:\\\/\\\/relaisgourmet.com\\\/en\\\/product\\\/gourmet-aperitif-with-jurancon-2\\\/#breadcrumb\"},\"inLanguage\":\"en-US\",\"potentialAction\":[{\"@type\":\"ReadAction\",\"target\":[\"https:\\\/\\\/relaisgourmet.com\\\/en\\\/product\\\/gourmet-aperitif-with-jurancon-2\\\/\"]}]},{\"@type\":\"ImageObject\",\"inLanguage\":\"en-US\",\"@id\":\"https:\\\/\\\/relaisgourmet.com\\\/en\\\/product\\\/gourmet-aperitif-with-jurancon-2\\\/#primaryimage\",\"url\":\"https:\\\/\\\/relaisgourmet.com\\\/wp-content\\\/uploads\\\/2026\\\/03\\\/Apero-Jurancon-min.png\",\"contentUrl\":\"https:\\\/\\\/relaisgourmet.com\\\/wp-content\\\/uploads\\\/2026\\\/03\\\/Apero-Jurancon-min.png\",\"width\":1000,\"height\":1000},{\"@type\":\"BreadcrumbList\",\"@id\":\"https:\\\/\\\/relaisgourmet.com\\\/en\\\/product\\\/gourmet-aperitif-with-jurancon-2\\\/#breadcrumb\",\"itemListElement\":[{\"@type\":\"ListItem\",\"position\":1,\"name\":\"Inicio\",\"item\":\"https:\\\/\\\/relaisgourmet.com\\\/en\\\/home\\\/\"},{\"@type\":\"ListItem\",\"position\":2,\"name\":\"All our products\",\"item\":\"https:\\\/\\\/relaisgourmet.com\\\/en\\\/shop\\\/\"},{\"@type\":\"ListItem\",\"position\":3,\"name\":\"Gourmet Aperitif with Juran\u00e7on\"}]},{\"@type\":\"WebSite\",\"@id\":\"https:\\\/\\\/relaisgourmet.com\\\/en\\\/#website\",\"url\":\"https:\\\/\\\/relaisgourmet.com\\\/en\\\/\",\"name\":\"Relais Gourmet\",\"description\":\"Foie Gras 100% Fran\u00e7ais\",\"publisher\":{\"@id\":\"https:\\\/\\\/relaisgourmet.com\\\/en\\\/#organization\"},\"potentialAction\":[{\"@type\":\"SearchAction\",\"target\":{\"@type\":\"EntryPoint\",\"urlTemplate\":\"https:\\\/\\\/relaisgourmet.com\\\/en\\\/?s={search_term_string}\"},\"query-input\":{\"@type\":\"PropertyValueSpecification\",\"valueRequired\":true,\"valueName\":\"search_term_string\"}}],\"inLanguage\":\"en-US\"},{\"@type\":\"Organization\",\"@id\":\"https:\\\/\\\/relaisgourmet.com\\\/en\\\/#organization\",\"name\":\"Relais Gourmet\",\"url\":\"https:\\\/\\\/relaisgourmet.com\\\/en\\\/\",\"logo\":{\"@type\":\"ImageObject\",\"inLanguage\":\"en-US\",\"@id\":\"https:\\\/\\\/relaisgourmet.com\\\/en\\\/#\\\/schema\\\/logo\\\/image\\\/\",\"url\":\"https:\\\/\\\/relaisgourmet.com\\\/wp-content\\\/uploads\\\/2026\\\/03\\\/yoast-logo-2-relais-gourmet-.png\",\"contentUrl\":\"https:\\\/\\\/relaisgourmet.com\\\/wp-content\\\/uploads\\\/2026\\\/03\\\/yoast-logo-2-relais-gourmet-.png\",\"width\":1200,\"height\":675,\"caption\":\"Relais Gourmet\"},\"image\":{\"@id\":\"https:\\\/\\\/relaisgourmet.com\\\/en\\\/#\\\/schema\\\/logo\\\/image\\\/\"},\"sameAs\":[\"https:\\\/\\\/www.facebook.com\\\/relaisgourmet\\\/\",\"https:\\\/\\\/x.com\\\/relaisgourmet64\",\"https:\\\/\\\/www.instagram.com\\\/relaisgourmetofficiel\",\"https:\\\/\\\/www.pinterest.fr\\\/relaisgourmet\\\/\"],\"email\":\"yaqueche@relaisgourmet.com\",\"telephone\":\"+33 0 5 40 07 07 65\",\"legalName\":\"Relais Gourmet\",\"vatID\":\"FR13482415015\",\"taxID\":\"482415015\"}]}<\/script>\n<!-- \/ Yoast SEO Premium plugin. -->","yoast_head_json":{"title":"Gourmet Aperitif with Juran\u00e7on - Relais Gourmet","description":"Ap\u00e9ritif Gourmet au Juran\u00e7on: sweet wine and savory treats in a unique recipe.","robots":{"index":"index","follow":"follow","max-snippet":"max-snippet:-1","max-image-preview":"max-image-preview:large","max-video-preview":"max-video-preview:-1"},"canonical":"https:\/\/relaisgourmet.com\/en\/product\/gourmet-aperitif-with-jurancon-2\/","og_locale":"en_US","og_type":"article","og_title":"Gourmet Aperitif with Juran\u00e7on","og_description":"Our Juran\u00e7on Gourmet Aperitif made with French white wine, perfumes the aperitif with sweet, fruity notes.  Guaranteed 100% French production \u2714 Guaranteed without preservatives, additives or colorants. \ud83c\udf43 Ducks fed yellow corn \ud83d\ude9a Fast worldwide delivery \ud83d\udd53 Keeps for 3 years \ud83d\udd10 Secure payment Weight: 180g","og_url":"https:\/\/relaisgourmet.com\/en\/product\/gourmet-aperitif-with-jurancon-2\/","og_site_name":"Relais Gourmet","article_publisher":"https:\/\/www.facebook.com\/relaisgourmet\/","article_modified_time":"2026-04-01T22:36:20+00:00","og_image":[{"width":1000,"height":1000,"url":"https:\/\/relaisgourmet.com\/wp-content\/uploads\/2026\/03\/Apero-Jurancon-min.png","type":"image\/png"}],"twitter_card":"summary_large_image","twitter_site":"@relaisgourmet64","twitter_misc":{"Est. reading time":"1 minute"},"schema":{"@context":"https:\/\/schema.org","@graph":[{"@type":"WebPage","@id":"https:\/\/relaisgourmet.com\/en\/product\/gourmet-aperitif-with-jurancon-2\/","url":"https:\/\/relaisgourmet.com\/en\/product\/gourmet-aperitif-with-jurancon-2\/","name":"Gourmet Aperitif with Juran\u00e7on - Relais Gourmet","isPartOf":{"@id":"https:\/\/relaisgourmet.com\/en\/#website"},"primaryImageOfPage":{"@id":"https:\/\/relaisgourmet.com\/en\/product\/gourmet-aperitif-with-jurancon-2\/#primaryimage"},"image":{"@id":"https:\/\/relaisgourmet.com\/en\/product\/gourmet-aperitif-with-jurancon-2\/#primaryimage"},"thumbnailUrl":"https:\/\/relaisgourmet.com\/wp-content\/uploads\/2026\/03\/Apero-Jurancon-min.png","datePublished":"2026-03-10T12:24:09+00:00","dateModified":"2026-04-01T22:36:20+00:00","description":"Ap\u00e9ritif Gourmet au Juran\u00e7on: sweet wine and savory treats in a unique recipe.","breadcrumb":{"@id":"https:\/\/relaisgourmet.com\/en\/product\/gourmet-aperitif-with-jurancon-2\/#breadcrumb"},"inLanguage":"en-US","potentialAction":[{"@type":"ReadAction","target":["https:\/\/relaisgourmet.com\/en\/product\/gourmet-aperitif-with-jurancon-2\/"]}]},{"@type":"ImageObject","inLanguage":"en-US","@id":"https:\/\/relaisgourmet.com\/en\/product\/gourmet-aperitif-with-jurancon-2\/#primaryimage","url":"https:\/\/relaisgourmet.com\/wp-content\/uploads\/2026\/03\/Apero-Jurancon-min.png","contentUrl":"https:\/\/relaisgourmet.com\/wp-content\/uploads\/2026\/03\/Apero-Jurancon-min.png","width":1000,"height":1000},{"@type":"BreadcrumbList","@id":"https:\/\/relaisgourmet.com\/en\/product\/gourmet-aperitif-with-jurancon-2\/#breadcrumb","itemListElement":[{"@type":"ListItem","position":1,"name":"Inicio","item":"https:\/\/relaisgourmet.com\/en\/home\/"},{"@type":"ListItem","position":2,"name":"All our products","item":"https:\/\/relaisgourmet.com\/en\/shop\/"},{"@type":"ListItem","position":3,"name":"Gourmet Aperitif with Juran\u00e7on"}]},{"@type":"WebSite","@id":"https:\/\/relaisgourmet.com\/en\/#website","url":"https:\/\/relaisgourmet.com\/en\/","name":"Relais Gourmet","description":"Foie Gras 100% Fran\u00e7ais","publisher":{"@id":"https:\/\/relaisgourmet.com\/en\/#organization"},"potentialAction":[{"@type":"SearchAction","target":{"@type":"EntryPoint","urlTemplate":"https:\/\/relaisgourmet.com\/en\/?s={search_term_string}"},"query-input":{"@type":"PropertyValueSpecification","valueRequired":true,"valueName":"search_term_string"}}],"inLanguage":"en-US"},{"@type":"Organization","@id":"https:\/\/relaisgourmet.com\/en\/#organization","name":"Relais Gourmet","url":"https:\/\/relaisgourmet.com\/en\/","logo":{"@type":"ImageObject","inLanguage":"en-US","@id":"https:\/\/relaisgourmet.com\/en\/#\/schema\/logo\/image\/","url":"https:\/\/relaisgourmet.com\/wp-content\/uploads\/2026\/03\/yoast-logo-2-relais-gourmet-.png","contentUrl":"https:\/\/relaisgourmet.com\/wp-content\/uploads\/2026\/03\/yoast-logo-2-relais-gourmet-.png","width":1200,"height":675,"caption":"Relais Gourmet"},"image":{"@id":"https:\/\/relaisgourmet.com\/en\/#\/schema\/logo\/image\/"},"sameAs":["https:\/\/www.facebook.com\/relaisgourmet\/","https:\/\/x.com\/relaisgourmet64","https:\/\/www.instagram.com\/relaisgourmetofficiel","https:\/\/www.pinterest.fr\/relaisgourmet\/"],"email":"yaqueche@relaisgourmet.com","telephone":"+33 0 5 40 07 07 65","legalName":"Relais Gourmet","vatID":"FR13482415015","taxID":"482415015"}]}},"_links":{"self":[{"href":"https:\/\/relaisgourmet.com\/en\/wp-json\/wp\/v2\/product\/66966","targetHints":{"allow":["GET"]}}],"collection":[{"href":"https:\/\/relaisgourmet.com\/en\/wp-json\/wp\/v2\/product"}],"about":[{"href":"https:\/\/relaisgourmet.com\/en\/wp-json\/wp\/v2\/types\/product"}],"replies":[{"embeddable":true,"href":"https:\/\/relaisgourmet.com\/en\/wp-json\/wp\/v2\/comments?post=66966"}],"wp:featuredmedia":[{"embeddable":true,"href":"https:\/\/relaisgourmet.com\/en\/wp-json\/wp\/v2\/media\/61760"}],"wp:attachment":[{"href":"https:\/\/relaisgourmet.com\/en\/wp-json\/wp\/v2\/media?parent=66966"}],"wp:term":[{"taxonomy":"product_brand","embeddable":true,"href":"https:\/\/relaisgourmet.com\/en\/wp-json\/wp\/v2\/product_brand?post=66966"},{"taxonomy":"product_cat","embeddable":true,"href":"https:\/\/relaisgourmet.com\/en\/wp-json\/wp\/v2\/product_cat?post=66966"},{"taxonomy":"product_tag","embeddable":true,"href":"https:\/\/relaisgourmet.com\/en\/wp-json\/wp\/v2\/product_tag?post=66966"},{"taxonomy":"giftcard-category","embeddable":true,"href":"https:\/\/relaisgourmet.com\/en\/wp-json\/wp\/v2\/giftcard-category?post=66966"}],"curies":[{"name":"wp","href":"https:\/\/api.w.org\/{rel}","templated":true}]}}