{"id":66897,"date":"2026-03-30T15:07:55","date_gmt":"2026-03-30T15:07:55","guid":{"rendered":"https:\/\/relaisgourmet.com\/product\/compose-your-own-gourmet-box-of-fragrant-foies-gras\/"},"modified":"2026-04-01T22:35:14","modified_gmt":"2026-04-01T22:35:14","slug":"compose-your-own-gourmet-box-of-fragrant-foies-gras","status":"publish","type":"product","link":"https:\/\/relaisgourmet.com\/en\/product\/compose-your-own-gourmet-box-of-fragrant-foies-gras\/","title":{"rendered":"Compose your own gourmet box of fragrant Foies Gras"},"content":{"rendered":"","protected":false},"excerpt":{"rendered":"<p>Personalize your box with our <strong>Foies Gras Parfum\u00e9s<\/strong>, combining subtle aromas and carefully selected ingredients.<\/p>\n<p><u>It&#8217;s easy:<br \/>\n<\/u>Choose <strong>200g or 400g<\/strong> jars to suit your taste.<\/p>\n<p>For every <strong>4 Foies Gras you buy<\/strong>, we&#8217;ll give you an <strong>Aperitif<\/strong> worth 12 euros.<br \/>\nPlus <strong>free delivery<\/strong> on orders over <strong>\u20ac99 (mainland France only).<\/strong><\/p>\n<p>Discover the available options and create your perfect fragrance box!<\/p>\n<p><img decoding=\"async\" class=\"emoji\" role=\"img\" draggable=\"false\" src=\"https:\/\/s.w.org\/images\/core\/emoji\/15.0.3\/svg\/1f1eb-1f1f7.svg\" alt=\"\ud83c\uddeb\ud83c\uddf7\">  Guaranteed 100% French production<br \/>\n\u2714 Guaranteed without preservatives, additives or colorants.<br \/>\n\ud83c\udf43 Ducks fed yellow corn<br \/>\n\ud83d\ude9a Fast worldwide delivery<br \/>\n\ud83d\udd53 Keeps for 3 years<br \/>\n\ud83d\udd10 Secure payment<\/p>\n","protected":false},"featured_media":66751,"comment_status":"open","ping_status":"closed","template":"","meta":{"_iconic_wsb_product_page_order_bump_ids":[[]],"_sku":["3780000351759"],"_iconic_wsb_product_page_bump_modal_ids":[[]]},"product_brand":[],"product_cat":[1536],"product_tag":[2418,2236,2419,1663],"giftcard-category":[],"class_list":{"0":"post-66897","1":"product","2":"type-product","3":"status-publish","4":"has-post-thumbnail","6":"product_cat-uncategorized","7":"product_tag-14-shares","8":"product_tag-400g-2","9":"product_tag-choose","10":"product_tag-made-in-france","12":"first","13":"instock","14":"taxable","15":"shipping-taxable","16":"purchasable","17":"product-type-yith_bundle"},"yoast_head":"<!-- This site is optimized with the Yoast SEO Premium plugin v27.3 (Yoast SEO v27.3) - https:\/\/yoast.com\/product\/yoast-seo-premium-wordpress\/ -->\n<title>Coffret Gourmet Foies Gras Parfum\u00e9s \u00e0 Composer | Relais Gourmet<\/title>\n<meta name=\"description\" content=\"Select fragrant flavors and create your own Foies Gras Parfum\u00e9s boxed set.\" \/>\n<meta name=\"robots\" content=\"index, follow, max-snippet:-1, max-image-preview:large, max-video-preview:-1\" \/>\n<link rel=\"canonical\" href=\"https:\/\/relaisgourmet.com\/en\/product\/compose-your-own-gourmet-box-of-fragrant-foies-gras\/\" \/>\n<meta property=\"og:locale\" content=\"en_US\" \/>\n<meta property=\"og:type\" content=\"article\" \/>\n<meta property=\"og:title\" content=\"Compose your own gourmet box of fragrant Foies Gras\" \/>\n<meta property=\"og:description\" content=\"Personalize your box with our Foies Gras Parfum\u00e9s, combining subtle aromas and carefully selected ingredients. It&#039;s easy: Choose 200g or 400g jars to suit your taste. For every 4 Foies Gras you buy, we&#039;ll give you an Aperitif worth 12 euros. Plus free delivery on orders over \u20ac99 (mainland France only). Discover the available options and create your perfect fragrance box!  Guaranteed 100% French production \u2714 Guaranteed without preservatives, additives or colorants. \ud83c\udf43 Ducks fed yellow corn \ud83d\ude9a Fast worldwide delivery \ud83d\udd53 Keeps for 3 years \ud83d\udd10 Secure payment\" \/>\n<meta property=\"og:url\" content=\"https:\/\/relaisgourmet.com\/en\/product\/compose-your-own-gourmet-box-of-fragrant-foies-gras\/\" \/>\n<meta property=\"og:site_name\" content=\"Relais Gourmet\" \/>\n<meta property=\"article:publisher\" content=\"https:\/\/www.facebook.com\/relaisgourmet\/\" \/>\n<meta property=\"article:modified_time\" content=\"2026-04-01T22:35:14+00:00\" \/>\n<meta property=\"og:image\" content=\"https:\/\/relaisgourmet.com\/wp-content\/uploads\/2026\/03\/Coffret-3-Foies-Gras-1-300x300-1.jpg\" \/>\n\t<meta property=\"og:image:width\" content=\"300\" \/>\n\t<meta property=\"og:image:height\" content=\"300\" \/>\n\t<meta property=\"og:image:type\" content=\"image\/jpeg\" \/>\n<meta name=\"twitter:card\" content=\"summary_large_image\" \/>\n<meta name=\"twitter:site\" content=\"@relaisgourmet64\" \/>\n<script type=\"application\/ld+json\" class=\"yoast-schema-graph\">{\"@context\":\"https:\\\/\\\/schema.org\",\"@graph\":[{\"@type\":\"WebPage\",\"@id\":\"https:\\\/\\\/relaisgourmet.com\\\/en\\\/product\\\/compose-your-own-gourmet-box-of-fragrant-foies-gras\\\/\",\"url\":\"https:\\\/\\\/relaisgourmet.com\\\/en\\\/product\\\/compose-your-own-gourmet-box-of-fragrant-foies-gras\\\/\",\"name\":\"Coffret Gourmet Foies Gras Parfum\u00e9s \u00e0 Composer | Relais Gourmet\",\"isPartOf\":{\"@id\":\"https:\\\/\\\/relaisgourmet.com\\\/en\\\/#website\"},\"primaryImageOfPage\":{\"@id\":\"https:\\\/\\\/relaisgourmet.com\\\/en\\\/product\\\/compose-your-own-gourmet-box-of-fragrant-foies-gras\\\/#primaryimage\"},\"image\":{\"@id\":\"https:\\\/\\\/relaisgourmet.com\\\/en\\\/product\\\/compose-your-own-gourmet-box-of-fragrant-foies-gras\\\/#primaryimage\"},\"thumbnailUrl\":\"https:\\\/\\\/relaisgourmet.com\\\/wp-content\\\/uploads\\\/2026\\\/03\\\/Coffret-3-Foies-Gras-1-300x300-1.jpg\",\"datePublished\":\"2026-03-30T15:07:55+00:00\",\"dateModified\":\"2026-04-01T22:35:14+00:00\",\"description\":\"Select fragrant flavors and create your own Foies Gras Parfum\u00e9s boxed set.\",\"breadcrumb\":{\"@id\":\"https:\\\/\\\/relaisgourmet.com\\\/en\\\/product\\\/compose-your-own-gourmet-box-of-fragrant-foies-gras\\\/#breadcrumb\"},\"inLanguage\":\"en-US\",\"potentialAction\":[{\"@type\":\"ReadAction\",\"target\":[\"https:\\\/\\\/relaisgourmet.com\\\/en\\\/product\\\/compose-your-own-gourmet-box-of-fragrant-foies-gras\\\/\"]}]},{\"@type\":\"ImageObject\",\"inLanguage\":\"en-US\",\"@id\":\"https:\\\/\\\/relaisgourmet.com\\\/en\\\/product\\\/compose-your-own-gourmet-box-of-fragrant-foies-gras\\\/#primaryimage\",\"url\":\"https:\\\/\\\/relaisgourmet.com\\\/wp-content\\\/uploads\\\/2026\\\/03\\\/Coffret-3-Foies-Gras-1-300x300-1.jpg\",\"contentUrl\":\"https:\\\/\\\/relaisgourmet.com\\\/wp-content\\\/uploads\\\/2026\\\/03\\\/Coffret-3-Foies-Gras-1-300x300-1.jpg\",\"width\":300,\"height\":300},{\"@type\":\"BreadcrumbList\",\"@id\":\"https:\\\/\\\/relaisgourmet.com\\\/en\\\/product\\\/compose-your-own-gourmet-box-of-fragrant-foies-gras\\\/#breadcrumb\",\"itemListElement\":[{\"@type\":\"ListItem\",\"position\":1,\"name\":\"Casa\",\"item\":\"https:\\\/\\\/relaisgourmet.com\\\/en\\\/home\\\/\"},{\"@type\":\"ListItem\",\"position\":2,\"name\":\"All our products\",\"item\":\"https:\\\/\\\/relaisgourmet.com\\\/en\\\/shop\\\/\"},{\"@type\":\"ListItem\",\"position\":3,\"name\":\"Compose your own gourmet box of fragrant Foies Gras\"}]},{\"@type\":\"WebSite\",\"@id\":\"https:\\\/\\\/relaisgourmet.com\\\/en\\\/#website\",\"url\":\"https:\\\/\\\/relaisgourmet.com\\\/en\\\/\",\"name\":\"Relais Gourmet\",\"description\":\"Foie Gras 100% Fran\u00e7ais\",\"publisher\":{\"@id\":\"https:\\\/\\\/relaisgourmet.com\\\/en\\\/#organization\"},\"potentialAction\":[{\"@type\":\"SearchAction\",\"target\":{\"@type\":\"EntryPoint\",\"urlTemplate\":\"https:\\\/\\\/relaisgourmet.com\\\/en\\\/?s={search_term_string}\"},\"query-input\":{\"@type\":\"PropertyValueSpecification\",\"valueRequired\":true,\"valueName\":\"search_term_string\"}}],\"inLanguage\":\"en-US\"},{\"@type\":\"Organization\",\"@id\":\"https:\\\/\\\/relaisgourmet.com\\\/en\\\/#organization\",\"name\":\"Relais Gourmet\",\"url\":\"https:\\\/\\\/relaisgourmet.com\\\/en\\\/\",\"logo\":{\"@type\":\"ImageObject\",\"inLanguage\":\"en-US\",\"@id\":\"https:\\\/\\\/relaisgourmet.com\\\/en\\\/#\\\/schema\\\/logo\\\/image\\\/\",\"url\":\"https:\\\/\\\/relaisgourmet.com\\\/wp-content\\\/uploads\\\/2026\\\/03\\\/yoast-logo-2-relais-gourmet-.png\",\"contentUrl\":\"https:\\\/\\\/relaisgourmet.com\\\/wp-content\\\/uploads\\\/2026\\\/03\\\/yoast-logo-2-relais-gourmet-.png\",\"width\":1200,\"height\":675,\"caption\":\"Relais Gourmet\"},\"image\":{\"@id\":\"https:\\\/\\\/relaisgourmet.com\\\/en\\\/#\\\/schema\\\/logo\\\/image\\\/\"},\"sameAs\":[\"https:\\\/\\\/www.facebook.com\\\/relaisgourmet\\\/\",\"https:\\\/\\\/x.com\\\/relaisgourmet64\",\"https:\\\/\\\/www.instagram.com\\\/relaisgourmetofficiel\",\"https:\\\/\\\/www.pinterest.fr\\\/relaisgourmet\\\/\"],\"email\":\"yaqueche@relaisgourmet.com\",\"telephone\":\"+33 0 5 40 07 07 65\",\"legalName\":\"Relais Gourmet\",\"vatID\":\"FR13482415015\",\"taxID\":\"482415015\"}]}<\/script>\n<!-- \/ Yoast SEO Premium plugin. -->","yoast_head_json":{"title":"Coffret Gourmet Foies Gras Parfum\u00e9s \u00e0 Composer | Relais Gourmet","description":"Select fragrant flavors and create your own Foies Gras Parfum\u00e9s boxed set.","robots":{"index":"index","follow":"follow","max-snippet":"max-snippet:-1","max-image-preview":"max-image-preview:large","max-video-preview":"max-video-preview:-1"},"canonical":"https:\/\/relaisgourmet.com\/en\/product\/compose-your-own-gourmet-box-of-fragrant-foies-gras\/","og_locale":"en_US","og_type":"article","og_title":"Compose your own gourmet box of fragrant Foies Gras","og_description":"Personalize your box with our Foies Gras Parfum\u00e9s, combining subtle aromas and carefully selected ingredients. It's easy: Choose 200g or 400g jars to suit your taste. For every 4 Foies Gras you buy, we'll give you an Aperitif worth 12 euros. Plus free delivery on orders over \u20ac99 (mainland France only). Discover the available options and create your perfect fragrance box!  Guaranteed 100% French production \u2714 Guaranteed without preservatives, additives or colorants. \ud83c\udf43 Ducks fed yellow corn \ud83d\ude9a Fast worldwide delivery \ud83d\udd53 Keeps for 3 years \ud83d\udd10 Secure payment","og_url":"https:\/\/relaisgourmet.com\/en\/product\/compose-your-own-gourmet-box-of-fragrant-foies-gras\/","og_site_name":"Relais Gourmet","article_publisher":"https:\/\/www.facebook.com\/relaisgourmet\/","article_modified_time":"2026-04-01T22:35:14+00:00","og_image":[{"width":300,"height":300,"url":"https:\/\/relaisgourmet.com\/wp-content\/uploads\/2026\/03\/Coffret-3-Foies-Gras-1-300x300-1.jpg","type":"image\/jpeg"}],"twitter_card":"summary_large_image","twitter_site":"@relaisgourmet64","schema":{"@context":"https:\/\/schema.org","@graph":[{"@type":"WebPage","@id":"https:\/\/relaisgourmet.com\/en\/product\/compose-your-own-gourmet-box-of-fragrant-foies-gras\/","url":"https:\/\/relaisgourmet.com\/en\/product\/compose-your-own-gourmet-box-of-fragrant-foies-gras\/","name":"Coffret Gourmet Foies Gras Parfum\u00e9s \u00e0 Composer | Relais Gourmet","isPartOf":{"@id":"https:\/\/relaisgourmet.com\/en\/#website"},"primaryImageOfPage":{"@id":"https:\/\/relaisgourmet.com\/en\/product\/compose-your-own-gourmet-box-of-fragrant-foies-gras\/#primaryimage"},"image":{"@id":"https:\/\/relaisgourmet.com\/en\/product\/compose-your-own-gourmet-box-of-fragrant-foies-gras\/#primaryimage"},"thumbnailUrl":"https:\/\/relaisgourmet.com\/wp-content\/uploads\/2026\/03\/Coffret-3-Foies-Gras-1-300x300-1.jpg","datePublished":"2026-03-30T15:07:55+00:00","dateModified":"2026-04-01T22:35:14+00:00","description":"Select fragrant flavors and create your own Foies Gras Parfum\u00e9s boxed set.","breadcrumb":{"@id":"https:\/\/relaisgourmet.com\/en\/product\/compose-your-own-gourmet-box-of-fragrant-foies-gras\/#breadcrumb"},"inLanguage":"en-US","potentialAction":[{"@type":"ReadAction","target":["https:\/\/relaisgourmet.com\/en\/product\/compose-your-own-gourmet-box-of-fragrant-foies-gras\/"]}]},{"@type":"ImageObject","inLanguage":"en-US","@id":"https:\/\/relaisgourmet.com\/en\/product\/compose-your-own-gourmet-box-of-fragrant-foies-gras\/#primaryimage","url":"https:\/\/relaisgourmet.com\/wp-content\/uploads\/2026\/03\/Coffret-3-Foies-Gras-1-300x300-1.jpg","contentUrl":"https:\/\/relaisgourmet.com\/wp-content\/uploads\/2026\/03\/Coffret-3-Foies-Gras-1-300x300-1.jpg","width":300,"height":300},{"@type":"BreadcrumbList","@id":"https:\/\/relaisgourmet.com\/en\/product\/compose-your-own-gourmet-box-of-fragrant-foies-gras\/#breadcrumb","itemListElement":[{"@type":"ListItem","position":1,"name":"Casa","item":"https:\/\/relaisgourmet.com\/en\/home\/"},{"@type":"ListItem","position":2,"name":"All our products","item":"https:\/\/relaisgourmet.com\/en\/shop\/"},{"@type":"ListItem","position":3,"name":"Compose your own gourmet box of fragrant Foies Gras"}]},{"@type":"WebSite","@id":"https:\/\/relaisgourmet.com\/en\/#website","url":"https:\/\/relaisgourmet.com\/en\/","name":"Relais Gourmet","description":"Foie Gras 100% Fran\u00e7ais","publisher":{"@id":"https:\/\/relaisgourmet.com\/en\/#organization"},"potentialAction":[{"@type":"SearchAction","target":{"@type":"EntryPoint","urlTemplate":"https:\/\/relaisgourmet.com\/en\/?s={search_term_string}"},"query-input":{"@type":"PropertyValueSpecification","valueRequired":true,"valueName":"search_term_string"}}],"inLanguage":"en-US"},{"@type":"Organization","@id":"https:\/\/relaisgourmet.com\/en\/#organization","name":"Relais Gourmet","url":"https:\/\/relaisgourmet.com\/en\/","logo":{"@type":"ImageObject","inLanguage":"en-US","@id":"https:\/\/relaisgourmet.com\/en\/#\/schema\/logo\/image\/","url":"https:\/\/relaisgourmet.com\/wp-content\/uploads\/2026\/03\/yoast-logo-2-relais-gourmet-.png","contentUrl":"https:\/\/relaisgourmet.com\/wp-content\/uploads\/2026\/03\/yoast-logo-2-relais-gourmet-.png","width":1200,"height":675,"caption":"Relais Gourmet"},"image":{"@id":"https:\/\/relaisgourmet.com\/en\/#\/schema\/logo\/image\/"},"sameAs":["https:\/\/www.facebook.com\/relaisgourmet\/","https:\/\/x.com\/relaisgourmet64","https:\/\/www.instagram.com\/relaisgourmetofficiel","https:\/\/www.pinterest.fr\/relaisgourmet\/"],"email":"yaqueche@relaisgourmet.com","telephone":"+33 0 5 40 07 07 65","legalName":"Relais Gourmet","vatID":"FR13482415015","taxID":"482415015"}]}},"_links":{"self":[{"href":"https:\/\/relaisgourmet.com\/en\/wp-json\/wp\/v2\/product\/66897","targetHints":{"allow":["GET"]}}],"collection":[{"href":"https:\/\/relaisgourmet.com\/en\/wp-json\/wp\/v2\/product"}],"about":[{"href":"https:\/\/relaisgourmet.com\/en\/wp-json\/wp\/v2\/types\/product"}],"replies":[{"embeddable":true,"href":"https:\/\/relaisgourmet.com\/en\/wp-json\/wp\/v2\/comments?post=66897"}],"wp:featuredmedia":[{"embeddable":true,"href":"https:\/\/relaisgourmet.com\/en\/wp-json\/wp\/v2\/media\/66751"}],"wp:attachment":[{"href":"https:\/\/relaisgourmet.com\/en\/wp-json\/wp\/v2\/media?parent=66897"}],"wp:term":[{"taxonomy":"product_brand","embeddable":true,"href":"https:\/\/relaisgourmet.com\/en\/wp-json\/wp\/v2\/product_brand?post=66897"},{"taxonomy":"product_cat","embeddable":true,"href":"https:\/\/relaisgourmet.com\/en\/wp-json\/wp\/v2\/product_cat?post=66897"},{"taxonomy":"product_tag","embeddable":true,"href":"https:\/\/relaisgourmet.com\/en\/wp-json\/wp\/v2\/product_tag?post=66897"},{"taxonomy":"giftcard-category","embeddable":true,"href":"https:\/\/relaisgourmet.com\/en\/wp-json\/wp\/v2\/giftcard-category?post=66897"}],"curies":[{"name":"wp","href":"https:\/\/api.w.org\/{rel}","templated":true}]}}