{"id":66698,"date":"2026-03-10T12:24:04","date_gmt":"2026-03-10T12:24:04","guid":{"rendered":"https:\/\/relaisgourmet.com\/product\/foie-gras-entier-au-piment-despelette\/"},"modified":"2026-03-10T12:24:04","modified_gmt":"2026-03-10T12:24:04","slug":"foie-gras-entier-au-piment-despelette","status":"publish","type":"product","link":"https:\/\/relaisgourmet.com\/en\/product\/foie-gras-entier-au-piment-despelette\/","title":{"rendered":"Foie Gras Entier au Piment d&#8217;Espelette"},"content":{"rendered":"<p>Le Foie Gras de Canard Entier au Piment d&#8217;Espelette, v\u00e9ritable tr\u00e9sor gastronomique, incarne plus de cinq si\u00e8cles de tradition dans la cuisine basque et repr\u00e9sente l&#8217;excellence du savoir-faire culinaire fran\u00e7ais et basque.<\/p>\n<p><span style=\"font-weight: 400;\">Le Piment d&#8217;Espelette est un<b> piment rouge basque<\/b><span style=\"font-weight: 400;\">, l\u00e9g\u00e8rement <\/span><b>piquant <\/b><span style=\"font-weight: 400;\">et <\/span><b>fruit\u00e9<\/b><span style=\"font-weight: 400;\">, utilis\u00e9 pour assaisonner divers plats, originaire du <\/span><b>village d&#8217;Espelette<\/b><span style=\"font-weight: 400;\"> en France.<\/span><\/span><\/p>\n<p><b>Guaranteed free from preservatives, additives and colorants.<\/b><\/p>\n<p><b>Ingr\u00e9dients: <\/b>Foie Gras de canard entier, Piment d\u2019Espelette (0,3%), sel et \u00e9pices.<\/p>\n<p><b>Shelf life:<\/b><span style=\"font-weight: 400;\"> 3 years at room temperature. <\/span><span style=\"font-weight: 400;\">After opening, consume within 15 days and keep refrigerated.<\/span><\/p>\n<p><span style=\"font-weight: 400;\">Retrouvez tous nos conseils et astuces pour le d\u00e9guster dans la rubrique <a href=\"\/?page_id=33969\">Blog<\/a> ainsi que sur notre page <a href=\"https:\/\/www.instagram.com\/relaisgourmetofficiel\/\">Instagram<\/a>.<\/span><\/p>\n","protected":false},"excerpt":{"rendered":"<p><span class=\"yoast-text-mark\">La douceur du Foie Gras et l&#8217;ar\u00f4me caract\u00e9ristique du Piment d&#8217;Espelette.<\/span><\/p>\n<p>\ud83c\uddeb\ud83c\uddf7 Production garantie 100% fran\u00e7aise<br \/>\n\u2714 Garanti sans conservateurs, sans additifs et sans colorants.<br \/>\n\ud83c\udf43 Canards nourris au ma\u00efs jaune<br \/>\n\ud83d\ude9a Livraison rapide dans le monde entier<br \/>\n\ud83d\udd53 Se conserve 3 ans<br \/>\n\ud83d\udd10 Paiement s\u00e9curis\u00e9<\/p>\n","protected":false},"featured_media":61721,"comment_status":"closed","ping_status":"closed","template":"","meta":{"_iconic_wsb_product_page_order_bump_ids":[[59370,64114]],"_sku":["3030000333515"],"_iconic_wsb_product_page_bump_modal_ids":[[]]},"product_brand":[],"product_cat":[1662],"product_tag":[1825,1766,1767,1827,1768,1832,2054,1829,1833,1835,1834,1831,1830,1663,1765],"giftcard-category":[],"class_list":{"0":"post-66698","1":"product","2":"type-product","3":"status-publish","4":"has-post-thumbnail","6":"product_cat-whole-foie-gras","7":"product_tag-180g","8":"product_tag-2-parts","9":"product_tag-4-5-servings","10":"product_tag-400g","11":"product_tag-80g","12":"product_tag-basque-foie-gras","13":"product_tag-classic","14":"product_tag-espelette","15":"product_tag-espelette-foie-gras","16":"product_tag-foie-gras-chilli","17":"product_tag-foie-gras-espellette","18":"product_tag-foie-gras-with-basque-pepper","19":"product_tag-foie-gras-with-chilli-pepper","20":"product_tag-made-in-france","21":"product_tag-tipoclasico","22":"product_shipping_class-tva-5-5","24":"first","25":"instock","26":"featured","27":"taxable","28":"shipping-taxable","29":"purchasable","30":"product-type-variable"},"yoast_head":"<!-- This site is optimized with the Yoast SEO Premium plugin v27.3 (Yoast SEO v27.3) - https:\/\/yoast.com\/product\/yoast-seo-premium-wordpress\/ -->\n<title>Foie Gras au Piment d&#039;Espelette &#8211; Relais Gourmet<\/title>\n<meta name=\"description\" content=\"Foie Gras au Piment d&#039;Espelette : une recette typique du Sud-Ouest, relev\u00e9e et savoureuse.\" \/>\n<meta name=\"robots\" content=\"index, follow, max-snippet:-1, max-image-preview:large, max-video-preview:-1\" \/>\n<link rel=\"canonical\" href=\"https:\/\/relaisgourmet.com\/en\/product\/foie-gras-entier-au-piment-despelette\/\" \/>\n<meta property=\"og:locale\" content=\"en_US\" \/>\n<meta property=\"og:type\" content=\"article\" \/>\n<meta property=\"og:title\" content=\"Foie Gras Entier au Piment d&#039;Espelette\" \/>\n<meta property=\"og:description\" content=\"La douceur du Foie Gras et l&#039;ar\u00f4me caract\u00e9ristique du Piment d&#039;Espelette. \ud83c\uddeb\ud83c\uddf7 Production garantie 100% fran\u00e7aise \u2714 Garanti sans conservateurs, sans additifs et sans colorants. \ud83c\udf43 Canards nourris au ma\u00efs jaune \ud83d\ude9a Livraison rapide dans le monde entier \ud83d\udd53 Se conserve 3 ans \ud83d\udd10 Paiement s\u00e9curis\u00e9\" \/>\n<meta property=\"og:url\" content=\"https:\/\/relaisgourmet.com\/en\/product\/foie-gras-entier-au-piment-despelette\/\" \/>\n<meta property=\"og:site_name\" content=\"Relais Gourmet\" \/>\n<meta property=\"article:publisher\" content=\"https:\/\/www.facebook.com\/relaisgourmet\/\" \/>\n<meta property=\"og:image\" content=\"https:\/\/relaisgourmet.com\/wp-content\/uploads\/2026\/03\/Piment.png\" \/>\n\t<meta property=\"og:image:width\" content=\"1000\" \/>\n\t<meta property=\"og:image:height\" content=\"1000\" \/>\n\t<meta property=\"og:image:type\" content=\"image\/png\" \/>\n<meta name=\"twitter:card\" content=\"summary_large_image\" \/>\n<meta name=\"twitter:site\" content=\"@relaisgourmet64\" \/>\n<meta name=\"twitter:label1\" content=\"Est. reading time\" \/>\n\t<meta name=\"twitter:data1\" content=\"1 minute\" \/>\n<script type=\"application\/ld+json\" class=\"yoast-schema-graph\">{\"@context\":\"https:\\\/\\\/schema.org\",\"@graph\":[{\"@type\":\"WebPage\",\"@id\":\"https:\\\/\\\/relaisgourmet.com\\\/en\\\/product\\\/foie-gras-entier-au-piment-despelette\\\/\",\"url\":\"https:\\\/\\\/relaisgourmet.com\\\/en\\\/product\\\/foie-gras-entier-au-piment-despelette\\\/\",\"name\":\"Foie Gras au Piment d'Espelette &#8211; Relais Gourmet\",\"isPartOf\":{\"@id\":\"https:\\\/\\\/relaisgourmet.com\\\/en\\\/#website\"},\"primaryImageOfPage\":{\"@id\":\"https:\\\/\\\/relaisgourmet.com\\\/en\\\/product\\\/foie-gras-entier-au-piment-despelette\\\/#primaryimage\"},\"image\":{\"@id\":\"https:\\\/\\\/relaisgourmet.com\\\/en\\\/product\\\/foie-gras-entier-au-piment-despelette\\\/#primaryimage\"},\"thumbnailUrl\":\"https:\\\/\\\/relaisgourmet.com\\\/wp-content\\\/uploads\\\/2026\\\/03\\\/Piment.png\",\"datePublished\":\"2026-03-10T12:24:04+00:00\",\"description\":\"Foie Gras au Piment d'Espelette : une recette typique du Sud-Ouest, relev\u00e9e et savoureuse.\",\"breadcrumb\":{\"@id\":\"https:\\\/\\\/relaisgourmet.com\\\/en\\\/product\\\/foie-gras-entier-au-piment-despelette\\\/#breadcrumb\"},\"inLanguage\":\"en-US\",\"potentialAction\":[{\"@type\":\"ReadAction\",\"target\":[\"https:\\\/\\\/relaisgourmet.com\\\/en\\\/product\\\/foie-gras-entier-au-piment-despelette\\\/\"]}]},{\"@type\":\"ImageObject\",\"inLanguage\":\"en-US\",\"@id\":\"https:\\\/\\\/relaisgourmet.com\\\/en\\\/product\\\/foie-gras-entier-au-piment-despelette\\\/#primaryimage\",\"url\":\"https:\\\/\\\/relaisgourmet.com\\\/wp-content\\\/uploads\\\/2026\\\/03\\\/Piment.png\",\"contentUrl\":\"https:\\\/\\\/relaisgourmet.com\\\/wp-content\\\/uploads\\\/2026\\\/03\\\/Piment.png\",\"width\":1000,\"height\":1000},{\"@type\":\"BreadcrumbList\",\"@id\":\"https:\\\/\\\/relaisgourmet.com\\\/en\\\/product\\\/foie-gras-entier-au-piment-despelette\\\/#breadcrumb\",\"itemListElement\":[{\"@type\":\"ListItem\",\"position\":1,\"name\":\"Inicio\",\"item\":\"https:\\\/\\\/relaisgourmet.com\\\/en\\\/home\\\/\"},{\"@type\":\"ListItem\",\"position\":2,\"name\":\"All our products\",\"item\":\"https:\\\/\\\/relaisgourmet.com\\\/en\\\/shop\\\/\"},{\"@type\":\"ListItem\",\"position\":3,\"name\":\"Foie Gras Entier au Piment d&#8217;Espelette\"}]},{\"@type\":\"WebSite\",\"@id\":\"https:\\\/\\\/relaisgourmet.com\\\/en\\\/#website\",\"url\":\"https:\\\/\\\/relaisgourmet.com\\\/en\\\/\",\"name\":\"Relais Gourmet\",\"description\":\"Foie Gras 100% Fran\u00e7ais\",\"publisher\":{\"@id\":\"https:\\\/\\\/relaisgourmet.com\\\/en\\\/#organization\"},\"potentialAction\":[{\"@type\":\"SearchAction\",\"target\":{\"@type\":\"EntryPoint\",\"urlTemplate\":\"https:\\\/\\\/relaisgourmet.com\\\/en\\\/?s={search_term_string}\"},\"query-input\":{\"@type\":\"PropertyValueSpecification\",\"valueRequired\":true,\"valueName\":\"search_term_string\"}}],\"inLanguage\":\"en-US\"},{\"@type\":\"Organization\",\"@id\":\"https:\\\/\\\/relaisgourmet.com\\\/en\\\/#organization\",\"name\":\"Relais Gourmet\",\"url\":\"https:\\\/\\\/relaisgourmet.com\\\/en\\\/\",\"logo\":{\"@type\":\"ImageObject\",\"inLanguage\":\"en-US\",\"@id\":\"https:\\\/\\\/relaisgourmet.com\\\/en\\\/#\\\/schema\\\/logo\\\/image\\\/\",\"url\":\"https:\\\/\\\/relaisgourmet.com\\\/wp-content\\\/uploads\\\/2026\\\/03\\\/yoast-logo-2-relais-gourmet-.png\",\"contentUrl\":\"https:\\\/\\\/relaisgourmet.com\\\/wp-content\\\/uploads\\\/2026\\\/03\\\/yoast-logo-2-relais-gourmet-.png\",\"width\":1200,\"height\":675,\"caption\":\"Relais Gourmet\"},\"image\":{\"@id\":\"https:\\\/\\\/relaisgourmet.com\\\/en\\\/#\\\/schema\\\/logo\\\/image\\\/\"},\"sameAs\":[\"https:\\\/\\\/www.facebook.com\\\/relaisgourmet\\\/\",\"https:\\\/\\\/x.com\\\/relaisgourmet64\",\"https:\\\/\\\/www.instagram.com\\\/relaisgourmetofficiel\",\"https:\\\/\\\/www.pinterest.fr\\\/relaisgourmet\\\/\"],\"email\":\"yaqueche@relaisgourmet.com\",\"telephone\":\"+33 0 5 40 07 07 65\",\"legalName\":\"Relais Gourmet\",\"vatID\":\"FR13482415015\",\"taxID\":\"482415015\"}]}<\/script>\n<!-- \/ Yoast SEO Premium plugin. -->","yoast_head_json":{"title":"Foie Gras au Piment d'Espelette &#8211; Relais Gourmet","description":"Foie Gras au Piment d'Espelette : une recette typique du Sud-Ouest, relev\u00e9e et savoureuse.","robots":{"index":"index","follow":"follow","max-snippet":"max-snippet:-1","max-image-preview":"max-image-preview:large","max-video-preview":"max-video-preview:-1"},"canonical":"https:\/\/relaisgourmet.com\/en\/product\/foie-gras-entier-au-piment-despelette\/","og_locale":"en_US","og_type":"article","og_title":"Foie Gras Entier au Piment d'Espelette","og_description":"La douceur du Foie Gras et l'ar\u00f4me caract\u00e9ristique du Piment d'Espelette. \ud83c\uddeb\ud83c\uddf7 Production garantie 100% fran\u00e7aise \u2714 Garanti sans conservateurs, sans additifs et sans colorants. \ud83c\udf43 Canards nourris au ma\u00efs jaune \ud83d\ude9a Livraison rapide dans le monde entier \ud83d\udd53 Se conserve 3 ans \ud83d\udd10 Paiement s\u00e9curis\u00e9","og_url":"https:\/\/relaisgourmet.com\/en\/product\/foie-gras-entier-au-piment-despelette\/","og_site_name":"Relais Gourmet","article_publisher":"https:\/\/www.facebook.com\/relaisgourmet\/","og_image":[{"width":1000,"height":1000,"url":"https:\/\/relaisgourmet.com\/wp-content\/uploads\/2026\/03\/Piment.png","type":"image\/png"}],"twitter_card":"summary_large_image","twitter_site":"@relaisgourmet64","twitter_misc":{"Est. reading time":"1 minute"},"schema":{"@context":"https:\/\/schema.org","@graph":[{"@type":"WebPage","@id":"https:\/\/relaisgourmet.com\/en\/product\/foie-gras-entier-au-piment-despelette\/","url":"https:\/\/relaisgourmet.com\/en\/product\/foie-gras-entier-au-piment-despelette\/","name":"Foie Gras au Piment d'Espelette &#8211; Relais Gourmet","isPartOf":{"@id":"https:\/\/relaisgourmet.com\/en\/#website"},"primaryImageOfPage":{"@id":"https:\/\/relaisgourmet.com\/en\/product\/foie-gras-entier-au-piment-despelette\/#primaryimage"},"image":{"@id":"https:\/\/relaisgourmet.com\/en\/product\/foie-gras-entier-au-piment-despelette\/#primaryimage"},"thumbnailUrl":"https:\/\/relaisgourmet.com\/wp-content\/uploads\/2026\/03\/Piment.png","datePublished":"2026-03-10T12:24:04+00:00","description":"Foie Gras au Piment d'Espelette : une recette typique du Sud-Ouest, relev\u00e9e et savoureuse.","breadcrumb":{"@id":"https:\/\/relaisgourmet.com\/en\/product\/foie-gras-entier-au-piment-despelette\/#breadcrumb"},"inLanguage":"en-US","potentialAction":[{"@type":"ReadAction","target":["https:\/\/relaisgourmet.com\/en\/product\/foie-gras-entier-au-piment-despelette\/"]}]},{"@type":"ImageObject","inLanguage":"en-US","@id":"https:\/\/relaisgourmet.com\/en\/product\/foie-gras-entier-au-piment-despelette\/#primaryimage","url":"https:\/\/relaisgourmet.com\/wp-content\/uploads\/2026\/03\/Piment.png","contentUrl":"https:\/\/relaisgourmet.com\/wp-content\/uploads\/2026\/03\/Piment.png","width":1000,"height":1000},{"@type":"BreadcrumbList","@id":"https:\/\/relaisgourmet.com\/en\/product\/foie-gras-entier-au-piment-despelette\/#breadcrumb","itemListElement":[{"@type":"ListItem","position":1,"name":"Inicio","item":"https:\/\/relaisgourmet.com\/en\/home\/"},{"@type":"ListItem","position":2,"name":"All our products","item":"https:\/\/relaisgourmet.com\/en\/shop\/"},{"@type":"ListItem","position":3,"name":"Foie Gras Entier au Piment d&#8217;Espelette"}]},{"@type":"WebSite","@id":"https:\/\/relaisgourmet.com\/en\/#website","url":"https:\/\/relaisgourmet.com\/en\/","name":"Relais Gourmet","description":"Foie Gras 100% Fran\u00e7ais","publisher":{"@id":"https:\/\/relaisgourmet.com\/en\/#organization"},"potentialAction":[{"@type":"SearchAction","target":{"@type":"EntryPoint","urlTemplate":"https:\/\/relaisgourmet.com\/en\/?s={search_term_string}"},"query-input":{"@type":"PropertyValueSpecification","valueRequired":true,"valueName":"search_term_string"}}],"inLanguage":"en-US"},{"@type":"Organization","@id":"https:\/\/relaisgourmet.com\/en\/#organization","name":"Relais Gourmet","url":"https:\/\/relaisgourmet.com\/en\/","logo":{"@type":"ImageObject","inLanguage":"en-US","@id":"https:\/\/relaisgourmet.com\/en\/#\/schema\/logo\/image\/","url":"https:\/\/relaisgourmet.com\/wp-content\/uploads\/2026\/03\/yoast-logo-2-relais-gourmet-.png","contentUrl":"https:\/\/relaisgourmet.com\/wp-content\/uploads\/2026\/03\/yoast-logo-2-relais-gourmet-.png","width":1200,"height":675,"caption":"Relais Gourmet"},"image":{"@id":"https:\/\/relaisgourmet.com\/en\/#\/schema\/logo\/image\/"},"sameAs":["https:\/\/www.facebook.com\/relaisgourmet\/","https:\/\/x.com\/relaisgourmet64","https:\/\/www.instagram.com\/relaisgourmetofficiel","https:\/\/www.pinterest.fr\/relaisgourmet\/"],"email":"yaqueche@relaisgourmet.com","telephone":"+33 0 5 40 07 07 65","legalName":"Relais Gourmet","vatID":"FR13482415015","taxID":"482415015"}]}},"_links":{"self":[{"href":"https:\/\/relaisgourmet.com\/en\/wp-json\/wp\/v2\/product\/66698","targetHints":{"allow":["GET"]}}],"collection":[{"href":"https:\/\/relaisgourmet.com\/en\/wp-json\/wp\/v2\/product"}],"about":[{"href":"https:\/\/relaisgourmet.com\/en\/wp-json\/wp\/v2\/types\/product"}],"replies":[{"embeddable":true,"href":"https:\/\/relaisgourmet.com\/en\/wp-json\/wp\/v2\/comments?post=66698"}],"wp:featuredmedia":[{"embeddable":true,"href":"https:\/\/relaisgourmet.com\/en\/wp-json\/wp\/v2\/media\/61721"}],"wp:attachment":[{"href":"https:\/\/relaisgourmet.com\/en\/wp-json\/wp\/v2\/media?parent=66698"}],"wp:term":[{"taxonomy":"product_brand","embeddable":true,"href":"https:\/\/relaisgourmet.com\/en\/wp-json\/wp\/v2\/product_brand?post=66698"},{"taxonomy":"product_cat","embeddable":true,"href":"https:\/\/relaisgourmet.com\/en\/wp-json\/wp\/v2\/product_cat?post=66698"},{"taxonomy":"product_tag","embeddable":true,"href":"https:\/\/relaisgourmet.com\/en\/wp-json\/wp\/v2\/product_tag?post=66698"},{"taxonomy":"giftcard-category","embeddable":true,"href":"https:\/\/relaisgourmet.com\/en\/wp-json\/wp\/v2\/giftcard-category?post=66698"}],"curies":[{"name":"wp","href":"https:\/\/api.w.org\/{rel}","templated":true}]}}