{"id":45396,"date":"2024-09-12T12:18:08","date_gmt":"2024-09-12T10:18:08","guid":{"rendered":"https:\/\/relaisgourmet.com\/produit\/coffret-ametzondo\/"},"modified":"2025-04-08T00:27:25","modified_gmt":"2025-04-07T22:27:25","slug":"ametzondo-box","status":"publish","type":"product","link":"https:\/\/relaisgourmet.com\/en\/product\/ametzondo-box\/","title":{"rendered":"Ametzondo Box"},"content":{"rendered":"<p><b>Discover the Ametzondo Box: A Gourmet Journey<\/b><\/p>\n<p><span style=\"font-weight: 400;\">The <\/span><b>Ametzondo Box<\/b><span style=\"font-weight: 400;\"> is more than just a gourmet gift box\u2014it&#8217;s an invitation to savor the finest <\/span><b>Relais Gourmet<\/b><span style=\"font-weight: 400;\"> products. Perfect for summer aperitifs or spring picnics, this box is a joy to give and to receive.<\/span><\/p>\n<p><b>A Box Guaranteed Without Preservatives<\/b><\/p>\n<p><span style=\"font-weight: 400;\">At <\/span><b>Relais Gourmet<\/b><span style=\"font-weight: 400;\">, we focus on the purity of our products. The <\/span><b>Ametzondo Box<\/b><span style=\"font-weight: 400;\"> is guaranteed free from preservatives, colorants, and additives. It&#8217;s a promise of enjoying foie gras in its purest form without compromising on quality.<\/span><\/p>\n<p><b>Ametzondo Box Composition<\/b><\/p>\n<p><span style=\"font-weight: 400;\">The <\/span><b>Ametzondo Box<\/b><span style=\"font-weight: 400;\"> includes an exceptional selection of foie gras:<\/span><\/p>\n<ul>\n<li style=\"font-weight: 400;\" aria-level=\"1\"><b>Natural Foie Gras<\/b><span style=\"font-weight: 400;\"> (200g): for lovers of authentic flavors.<\/span><\/li>\n<li style=\"font-weight: 400;\" aria-level=\"1\"><b>Foie Gras with Black Truffle<\/b><span style=\"font-weight: 400;\"> (200g): a delicate pairing of foie gras and luxurious truffles.<\/span><\/li>\n<li style=\"font-weight: 400;\" aria-level=\"1\"><b>Foie Gras with Sauternes<\/b><span style=\"font-weight: 400;\"> (200g): for a subtle sweet-salty balance.<\/span><\/li>\n<li style=\"font-weight: 400;\" aria-level=\"1\"><b>A bottle of Champagne<\/b><span style=\"font-weight: 400;\">: perfect for elevating your tasting experience.<\/span><\/li>\n<\/ul>\n<p><b>Long Shelf Life<\/b><\/p>\n<p><span style=\"font-weight: 400;\">The <\/span><b>Ametzondo Box<\/b><span style=\"font-weight: 400;\"> can be stored for up to 3 years at room temperature. Once opened, consume within 15 days and store in the refrigerator to maintain its freshness and flavor.<\/span><\/p>\n<p><b>Tasting Tips<\/b><\/p>\n<p><span style=\"font-weight: 400;\">Want to learn how to enhance your foie gras experience? Find our tips and preparation advice in our Blog section and on our Instagram page.<\/span><\/p>\n<p><span style=\"font-weight: 400;\">The <\/span><b>Ametzondo Box<\/b><span style=\"font-weight: 400;\"> is the perfect gift idea for gourmet lovers. Offer a unique tasting moment with this exclusive selection from <\/span><b>Relais Gourmet<\/b><span style=\"font-weight: 400;\">.<\/span><\/p>\n","protected":false},"excerpt":{"rendered":"<p><span style=\"font-weight: 400;\">The <\/span><b>Ametzondo Box<\/b><span style=\"font-weight: 400;\"> can be stored for up to 3 years at room temperature. Once opened, consume within 15 days and store in the refrigerator to maintain its freshness and flavor.<\/span><\/p>\n<p><img decoding=\"async\" class=\"emoji\" role=\"img\" draggable=\"false\" src=\"https:\/\/s.w.org\/images\/core\/emoji\/15.0.3\/svg\/1f1eb-1f1f7.svg\" alt=\"\ud83c\uddeb\ud83c\uddf7\" \/>\u00a0100% French production guaranteed<br \/>\n\u2714 Guaranteed without preservatives, additives, or colorants.<br \/>\n\ud83c\udf43 Ducks fed with yellow corn<br \/>\n\ud83d\ude9a Fast worldwide delivery<br \/>\n\ud83d\udd53 Keeps for 3 years<br \/>\n\ud83d\udd10 Secure payment<\/p>\n<div class=\"woocommerce-product-details__short-description\">\n<p>Net weight: 1.36kg<\/p>\n<\/div>\n","protected":false},"featured_media":40699,"comment_status":"closed","ping_status":"closed","template":"","meta":[],"product_brand":[],"product_cat":[1273,1282],"product_tag":[],"giftcard-category":[],"class_list":{"0":"post-45396","1":"product","2":"type-product","3":"status-publish","4":"has-post-thumbnail","6":"product_cat-gift-boxes","7":"product_cat-prestige-gifts","8":"product_shipping_class-standard-en","10":"first","11":"instock","12":"taxable","13":"shipping-taxable","14":"purchasable","15":"product-type-simple"},"yoast_head":"<!-- This site is optimized with the Yoast SEO Premium plugin v27.4 (Yoast SEO v27.5) - https:\/\/yoast.com\/product\/yoast-seo-premium-wordpress\/ -->\n<title>Ametzondo Box \u2013 Taste the Heart of Basque Foie Gras<\/title>\n<meta name=\"description\" content=\"Faites plaisir ou faites vous plaisir avec un Coffret Ametzondo contenant tout ce que n\u00e9cessite un bon ap\u00e9ritif pour un moment de convivialit\u00e9.\" \/>\n<meta name=\"robots\" content=\"index, follow, max-snippet:-1, max-image-preview:large, max-video-preview:-1\" \/>\n<link rel=\"canonical\" href=\"https:\/\/relaisgourmet.com\/en\/product\/ametzondo-box\/\" \/>\n<meta property=\"og:locale\" content=\"en_US\" \/>\n<meta property=\"og:type\" content=\"article\" \/>\n<meta property=\"og:title\" content=\"Ametzondo Box\" \/>\n<meta property=\"og:description\" content=\"Faites plaisir ou faites vous plaisir avec un Coffret Ametzondo contenant tout ce que n\u00e9cessite un bon ap\u00e9ritif pour un moment de convivialit\u00e9.\" \/>\n<meta property=\"og:url\" content=\"https:\/\/relaisgourmet.com\/en\/product\/ametzondo-box\/\" \/>\n<meta property=\"og:site_name\" content=\"Relais Gourmet\" \/>\n<meta property=\"article:publisher\" content=\"https:\/\/facebook.com\/yoast\" \/>\n<meta property=\"article:modified_time\" content=\"2025-04-07T22:27:25+00:00\" \/>\n<meta property=\"og:image\" content=\"https:\/\/relaisgourmet.com\/wp-content\/uploads\/2024\/09\/coffret-1003-1.jpg\" \/>\n\t<meta property=\"og:image:width\" content=\"2500\" \/>\n\t<meta property=\"og:image:height\" content=\"1667\" \/>\n\t<meta property=\"og:image:type\" content=\"image\/jpeg\" \/>\n<meta name=\"twitter:card\" content=\"summary_large_image\" \/>\n<meta name=\"twitter:label1\" content=\"Est. reading time\" \/>\n\t<meta name=\"twitter:data1\" content=\"2 minutes\" \/>\n<script type=\"application\/ld+json\" class=\"yoast-schema-graph\">{\"@context\":\"https:\\\/\\\/schema.org\",\"@graph\":[{\"@type\":\"WebPage\",\"@id\":\"https:\\\/\\\/relaisgourmet.com\\\/en\\\/product\\\/ametzondo-box\\\/\",\"url\":\"https:\\\/\\\/relaisgourmet.com\\\/en\\\/product\\\/ametzondo-box\\\/\",\"name\":\"Ametzondo Box \u2013 Taste the Heart of Basque Foie Gras\",\"isPartOf\":{\"@id\":\"https:\\\/\\\/relaisgourmet.com\\\/en\\\/#website\"},\"primaryImageOfPage\":{\"@id\":\"https:\\\/\\\/relaisgourmet.com\\\/en\\\/product\\\/ametzondo-box\\\/#primaryimage\"},\"image\":{\"@id\":\"https:\\\/\\\/relaisgourmet.com\\\/en\\\/product\\\/ametzondo-box\\\/#primaryimage\"},\"thumbnailUrl\":\"https:\\\/\\\/relaisgourmet.com\\\/wp-content\\\/uploads\\\/2024\\\/09\\\/coffret-1003-1.jpg\",\"datePublished\":\"2024-09-12T10:18:08+00:00\",\"dateModified\":\"2025-04-07T22:27:25+00:00\",\"description\":\"Faites plaisir ou faites vous plaisir avec un Coffret Ametzondo contenant tout ce que n\u00e9cessite un bon ap\u00e9ritif pour un moment de convivialit\u00e9.\",\"breadcrumb\":{\"@id\":\"https:\\\/\\\/relaisgourmet.com\\\/en\\\/product\\\/ametzondo-box\\\/#breadcrumb\"},\"inLanguage\":\"en-US\",\"potentialAction\":[{\"@type\":\"ReadAction\",\"target\":[\"https:\\\/\\\/relaisgourmet.com\\\/en\\\/product\\\/ametzondo-box\\\/\"]}]},{\"@type\":\"ImageObject\",\"inLanguage\":\"en-US\",\"@id\":\"https:\\\/\\\/relaisgourmet.com\\\/en\\\/product\\\/ametzondo-box\\\/#primaryimage\",\"url\":\"https:\\\/\\\/relaisgourmet.com\\\/wp-content\\\/uploads\\\/2024\\\/09\\\/coffret-1003-1.jpg\",\"contentUrl\":\"https:\\\/\\\/relaisgourmet.com\\\/wp-content\\\/uploads\\\/2024\\\/09\\\/coffret-1003-1.jpg\",\"width\":2500,\"height\":1667,\"caption\":\"photographe d'entreprise, corporate, packshot, CV pau bearn pays basque\"},{\"@type\":\"BreadcrumbList\",\"@id\":\"https:\\\/\\\/relaisgourmet.com\\\/en\\\/product\\\/ametzondo-box\\\/#breadcrumb\",\"itemListElement\":[{\"@type\":\"ListItem\",\"position\":1,\"name\":\"Portada\",\"item\":\"https:\\\/\\\/relaisgourmet.com\\\/en\\\/https-relaisgourmet-com\\\/\"},{\"@type\":\"ListItem\",\"position\":2,\"name\":\"Authentic Foie Gras\",\"item\":\"https:\\\/\\\/relaisgourmet.com\\\/en\\\/authentic-foie-gras\\\/\"},{\"@type\":\"ListItem\",\"position\":3,\"name\":\"Ametzondo Box\"}]},{\"@type\":\"WebSite\",\"@id\":\"https:\\\/\\\/relaisgourmet.com\\\/en\\\/#website\",\"url\":\"https:\\\/\\\/relaisgourmet.com\\\/en\\\/\",\"name\":\"Relais Gourmet\",\"description\":\"Maison Gastronomique au Pays-Basque Depuis 2004\",\"publisher\":{\"@id\":\"https:\\\/\\\/relaisgourmet.com\\\/en\\\/#organization\"},\"potentialAction\":[{\"@type\":\"SearchAction\",\"target\":{\"@type\":\"EntryPoint\",\"urlTemplate\":\"https:\\\/\\\/relaisgourmet.com\\\/en\\\/?s={search_term_string}\"},\"query-input\":{\"@type\":\"PropertyValueSpecification\",\"valueRequired\":true,\"valueName\":\"search_term_string\"}}],\"inLanguage\":\"en-US\"},{\"@type\":\"Organization\",\"@id\":\"https:\\\/\\\/relaisgourmet.com\\\/en\\\/#organization\",\"name\":\"Relais Gourmet\",\"url\":\"https:\\\/\\\/relaisgourmet.com\\\/en\\\/\",\"logo\":{\"@type\":\"ImageObject\",\"inLanguage\":\"en-US\",\"@id\":\"https:\\\/\\\/relaisgourmet.com\\\/en\\\/#\\\/schema\\\/logo\\\/image\\\/\",\"url\":\"https:\\\/\\\/relaisgourmet.com\\\/wp-content\\\/uploads\\\/2024\\\/11\\\/Diseno-sin-titulo-8.jpg\",\"contentUrl\":\"https:\\\/\\\/relaisgourmet.com\\\/wp-content\\\/uploads\\\/2024\\\/11\\\/Diseno-sin-titulo-8.jpg\",\"width\":500,\"height\":500,\"caption\":\"Relais Gourmet\"},\"image\":{\"@id\":\"https:\\\/\\\/relaisgourmet.com\\\/en\\\/#\\\/schema\\\/logo\\\/image\\\/\"},\"sameAs\":[\"https:\\\/\\\/facebook.com\\\/yoast\",\"https:\\\/\\\/instagram.com\\\/yoast\"]}]}<\/script>\n<!-- \/ Yoast SEO Premium plugin. -->","yoast_head_json":{"title":"Ametzondo Box \u2013 Taste the Heart of Basque Foie Gras","description":"Faites plaisir ou faites vous plaisir avec un Coffret Ametzondo contenant tout ce que n\u00e9cessite un bon ap\u00e9ritif pour un moment de convivialit\u00e9.","robots":{"index":"index","follow":"follow","max-snippet":"max-snippet:-1","max-image-preview":"max-image-preview:large","max-video-preview":"max-video-preview:-1"},"canonical":"https:\/\/relaisgourmet.com\/en\/product\/ametzondo-box\/","og_locale":"en_US","og_type":"article","og_title":"Ametzondo Box","og_description":"Faites plaisir ou faites vous plaisir avec un Coffret Ametzondo contenant tout ce que n\u00e9cessite un bon ap\u00e9ritif pour un moment de convivialit\u00e9.","og_url":"https:\/\/relaisgourmet.com\/en\/product\/ametzondo-box\/","og_site_name":"Relais Gourmet","article_publisher":"https:\/\/facebook.com\/yoast","article_modified_time":"2025-04-07T22:27:25+00:00","og_image":[{"width":2500,"height":1667,"url":"https:\/\/relaisgourmet.com\/wp-content\/uploads\/2024\/09\/coffret-1003-1.jpg","type":"image\/jpeg"}],"twitter_card":"summary_large_image","twitter_misc":{"Est. reading time":"2 minutes"},"schema":{"@context":"https:\/\/schema.org","@graph":[{"@type":"WebPage","@id":"https:\/\/relaisgourmet.com\/en\/product\/ametzondo-box\/","url":"https:\/\/relaisgourmet.com\/en\/product\/ametzondo-box\/","name":"Ametzondo Box \u2013 Taste the Heart of Basque Foie Gras","isPartOf":{"@id":"https:\/\/relaisgourmet.com\/en\/#website"},"primaryImageOfPage":{"@id":"https:\/\/relaisgourmet.com\/en\/product\/ametzondo-box\/#primaryimage"},"image":{"@id":"https:\/\/relaisgourmet.com\/en\/product\/ametzondo-box\/#primaryimage"},"thumbnailUrl":"https:\/\/relaisgourmet.com\/wp-content\/uploads\/2024\/09\/coffret-1003-1.jpg","datePublished":"2024-09-12T10:18:08+00:00","dateModified":"2025-04-07T22:27:25+00:00","description":"Faites plaisir ou faites vous plaisir avec un Coffret Ametzondo contenant tout ce que n\u00e9cessite un bon ap\u00e9ritif pour un moment de convivialit\u00e9.","breadcrumb":{"@id":"https:\/\/relaisgourmet.com\/en\/product\/ametzondo-box\/#breadcrumb"},"inLanguage":"en-US","potentialAction":[{"@type":"ReadAction","target":["https:\/\/relaisgourmet.com\/en\/product\/ametzondo-box\/"]}]},{"@type":"ImageObject","inLanguage":"en-US","@id":"https:\/\/relaisgourmet.com\/en\/product\/ametzondo-box\/#primaryimage","url":"https:\/\/relaisgourmet.com\/wp-content\/uploads\/2024\/09\/coffret-1003-1.jpg","contentUrl":"https:\/\/relaisgourmet.com\/wp-content\/uploads\/2024\/09\/coffret-1003-1.jpg","width":2500,"height":1667,"caption":"photographe d'entreprise, corporate, packshot, CV pau bearn pays basque"},{"@type":"BreadcrumbList","@id":"https:\/\/relaisgourmet.com\/en\/product\/ametzondo-box\/#breadcrumb","itemListElement":[{"@type":"ListItem","position":1,"name":"Portada","item":"https:\/\/relaisgourmet.com\/en\/https-relaisgourmet-com\/"},{"@type":"ListItem","position":2,"name":"Authentic Foie Gras","item":"https:\/\/relaisgourmet.com\/en\/authentic-foie-gras\/"},{"@type":"ListItem","position":3,"name":"Ametzondo Box"}]},{"@type":"WebSite","@id":"https:\/\/relaisgourmet.com\/en\/#website","url":"https:\/\/relaisgourmet.com\/en\/","name":"Relais Gourmet","description":"Maison Gastronomique au Pays-Basque Depuis 2004","publisher":{"@id":"https:\/\/relaisgourmet.com\/en\/#organization"},"potentialAction":[{"@type":"SearchAction","target":{"@type":"EntryPoint","urlTemplate":"https:\/\/relaisgourmet.com\/en\/?s={search_term_string}"},"query-input":{"@type":"PropertyValueSpecification","valueRequired":true,"valueName":"search_term_string"}}],"inLanguage":"en-US"},{"@type":"Organization","@id":"https:\/\/relaisgourmet.com\/en\/#organization","name":"Relais Gourmet","url":"https:\/\/relaisgourmet.com\/en\/","logo":{"@type":"ImageObject","inLanguage":"en-US","@id":"https:\/\/relaisgourmet.com\/en\/#\/schema\/logo\/image\/","url":"https:\/\/relaisgourmet.com\/wp-content\/uploads\/2024\/11\/Diseno-sin-titulo-8.jpg","contentUrl":"https:\/\/relaisgourmet.com\/wp-content\/uploads\/2024\/11\/Diseno-sin-titulo-8.jpg","width":500,"height":500,"caption":"Relais Gourmet"},"image":{"@id":"https:\/\/relaisgourmet.com\/en\/#\/schema\/logo\/image\/"},"sameAs":["https:\/\/facebook.com\/yoast","https:\/\/instagram.com\/yoast"]}]}},"_links":{"self":[{"href":"https:\/\/relaisgourmet.com\/en\/wp-json\/wp\/v2\/product\/45396","targetHints":{"allow":["GET"]}}],"collection":[{"href":"https:\/\/relaisgourmet.com\/en\/wp-json\/wp\/v2\/product"}],"about":[{"href":"https:\/\/relaisgourmet.com\/en\/wp-json\/wp\/v2\/types\/product"}],"replies":[{"embeddable":true,"href":"https:\/\/relaisgourmet.com\/en\/wp-json\/wp\/v2\/comments?post=45396"}],"version-history":[{"count":0,"href":"https:\/\/relaisgourmet.com\/en\/wp-json\/wp\/v2\/product\/45396\/revisions"}],"wp:featuredmedia":[{"embeddable":true,"href":"https:\/\/relaisgourmet.com\/en\/wp-json\/wp\/v2\/media\/40699"}],"wp:attachment":[{"href":"https:\/\/relaisgourmet.com\/en\/wp-json\/wp\/v2\/media?parent=45396"}],"wp:term":[{"taxonomy":"product_brand","embeddable":true,"href":"https:\/\/relaisgourmet.com\/en\/wp-json\/wp\/v2\/product_brand?post=45396"},{"taxonomy":"product_cat","embeddable":true,"href":"https:\/\/relaisgourmet.com\/en\/wp-json\/wp\/v2\/product_cat?post=45396"},{"taxonomy":"product_tag","embeddable":true,"href":"https:\/\/relaisgourmet.com\/en\/wp-json\/wp\/v2\/product_tag?post=45396"},{"taxonomy":"giftcard-category","embeddable":true,"href":"https:\/\/relaisgourmet.com\/en\/wp-json\/wp\/v2\/giftcard-category?post=45396"}],"curies":[{"name":"wp","href":"https:\/\/api.w.org\/{rel}","templated":true}]}}