{"id":44911,"date":"2024-09-17T11:31:10","date_gmt":"2024-09-17T09:31:10","guid":{"rendered":"https:\/\/relaisgourmet.com\/?post_type=product&#038;p=44911"},"modified":"2025-12-01T01:17:26","modified_gmt":"2025-12-01T00:17:26","slug":"coffret-ainhoa","status":"publish","type":"product","link":"https:\/\/relaisgourmet.com\/en\/product\/coffret-ainhoa\/","title":{"rendered":"Coffret Ap\u00e9ros Ainhoa"},"content":{"rendered":"<h4><b>D\u00e9couvrez le Coffret Ap\u00e9ros Ainhoa : l&#8217;incontournable pour des ap\u00e9ritifs conviviaux<\/b><\/h4>\n<p><span style=\"font-weight: 400;\">Le <\/span><b>Coffret Ap\u00e9ros Ainhoa<\/b><span style=\"font-weight: 400;\"> de <strong>Relais Gourmet<\/strong> est une s\u00e9lection soigneusement \u00e9labor\u00e9e pour sublimer vos moments de partage.<\/span><\/p>\n<p><span style=\"font-weight: 400;\">C\u2019est la promesse de Relais Gourmet : des ingr\u00e9dients de qualit\u00e9 sup\u00e9rieure, respectueux des traditions, pour des moments gourmands.<\/span><\/p>\n<p><span style=\"font-weight: 400;\">Parfait pour un ap\u00e9ritif entre amis ou en famille, ce coffret est un plaisir \u00e0 offrir ou \u00e0 recevoir.<\/span><\/p>\n<p>Le Coffret Ap\u00e9ros Ainhoa est garanti <strong>sans conservateurs, sans colorants et sans additifs.\u00a0<\/strong><\/p>\n<h4><strong>Composition:\u00a0<\/strong><\/h4>\n<p><span style=\"font-weight: 400;\">Le <\/span><b>Coffret Ap\u00e9ros Ainhoa<\/b><span style=\"font-weight: 400;\"> comprend trois pr\u00e9parations d\u2019exception, toutes inspir\u00e9es par les saveurs du terroir basque.<\/span><\/p>\n<ul>\n<li style=\"font-weight: 400;\" aria-level=\"1\"><strong>Ap\u00e9ritif Gourmet au Juran\u00e7on (180 g)<\/strong><span style=\"font-weight: 400;\">: une d\u00e9licieuse association entre des saveurs onctueuses et le Juran\u00e7on, un vin doux et fruit\u00e9.<\/span><\/li>\n<li style=\"font-weight: 400;\" aria-level=\"1\"><strong>Ap\u00e9ritif Gourmet \u00e0 l\u2019Armagnac (180 g)<\/strong><span style=\"font-weight: 400;\">: le mariage parfait entre des saveurs riches et les ar\u00f4mes de l\u2019Armagnac, offrant une exp\u00e9rience de d\u00e9gustation raffin\u00e9e<\/span><\/li>\n<li style=\"font-weight: 400;\" aria-level=\"1\"><strong>Ap\u00e9ritif Gourmet au Piment d\u2019Espelette (180 g)<\/strong><span style=\"font-weight: 400;\">: un classique \u00e9pic\u00e9 avec juste ce qu&#8217;il faut de piquant pour \u00e9veiller vos papilles, mettant en avant l\u2019embl\u00e9matique piment d\u2019Espelette.<\/span><\/li>\n<\/ul>\n<h4><\/h4>\n<h4><strong>Conservation :<\/strong><\/h4>\n<p><span style=\"font-weight: 400;\">3 ans \u00e0 temp\u00e9rature ambiante, offrant ainsi la possibilit\u00e9 de le d\u00e9guster \u00e0 votre convenance. Une fois ouvert, pensez \u00e0 le consommer sous 15 jours et \u00e0 le conserver au r\u00e9frig\u00e9rateur pour en profiter pleinement.<\/span><\/p>\n<p>&nbsp;<\/p>\n<h4><b>Pr\u00e9parez-vous pour un moment de gourmandise:<\/b><\/h4>\n<p><span style=\"font-weight: 400;\">Retrouvez sur notre <a href=\"https:\/\/relaisgourmet.com\/en\/blog-foies-gras-actualite\/\">blog<\/a> et notre page <a href=\"https:\/\/www.instagram.com\/relaisgourmetofficiel\/\">Instagram<\/a> des id\u00e9es cr\u00e9atives et des astuces pour savourer les produits du <\/span><b>Coffret Ap\u00e9ros Ainhoa<\/b><span style=\"font-weight: 400;\">.<\/span><\/p>\n<p><span style=\"font-weight: 400;\">Ces conseils vous aideront \u00e0 cr\u00e9er des instants de partage inoubliables.<\/span><\/p>\n<p><span style=\"font-weight: 400;\">Le <\/span><b>Coffret Ap\u00e9ros Ainhoa<\/b><span style=\"font-weight: 400;\"> est le choix id\u00e9al pour transformer n\u2019importe quelle occasion en un moment gourmand, convivial et authentique.<\/span><\/p>\n<p><span style=\"font-weight: 400;\">Relais Gourmet vous garantit des ap\u00e9ritifs \u00e0 la hauteur de vos attentes avec ce coffret d\u2019exception.<\/span><\/p>\n","protected":false},"excerpt":{"rendered":"<p>Le Coffret Ap\u00e9ros Ainhoa de Relais Gourmet, parfait pour sublimer vos ap\u00e9ritifs. \u00c0 savourer ou \u00e0 offrir pour toutes vos occasions !<\/p>\n<p><img decoding=\"async\" class=\"emoji\" role=\"img\" src=\"https:\/\/s.w.org\/images\/core\/emoji\/15.0.3\/svg\/1f1eb-1f1f7.svg\" alt=\"\ud83c\uddeb\ud83c\uddf7\" \/>\u00a0Production garantie 100% fran\u00e7aise<br \/>\n\u2714 Garanti sans conservateurs, sans additifs et sans colorants.<br \/>\n\ud83c\udf43 Canards nourris au ma\u00efs jaune<br \/>\n\ud83d\ude9a Livraison rapide dans le monde entier<br \/>\n\ud83d\udd53 Se conserve 3 ans<br \/>\n\ud83d\udd10 Paiement s\u00e9curis\u00e9<\/p>\n<p>Poids net: 540g (180&#215;3)<\/p>\n","protected":false},"featured_media":58773,"comment_status":"closed","ping_status":"closed","template":"","meta":[],"product_brand":[],"product_cat":[1273,1269,1277],"product_tag":[1221,1245,2577],"giftcard-category":[],"class_list":{"0":"post-44911","1":"product","2":"type-product","3":"status-publish","4":"has-post-thumbnail","6":"product_cat-gift-boxes","7":"product_cat-gourmet-appetizers","8":"product_cat-gourmet-gifts","9":"product_tag-plus-400g","10":"product_tag-10-14-people","11":"product_tag-made-in-france-en","13":"first","14":"instock","15":"taxable","16":"shipping-taxable","17":"purchasable","18":"product-type-simple"},"yoast_head":"<!-- This site is optimized with the Yoast SEO Premium plugin v27.0 (Yoast SEO v27.0) - https:\/\/yoast.com\/product\/yoast-seo-premium-wordpress\/ -->\n<title>Coffret Ap\u00e9ros Ainhoa : D\u00e9lices du Pays Basque | Relais Gourmet<\/title>\n<meta name=\"description\" content=\"Le Coffret Ap\u00e9ros Ainhoa est l\u2019alli\u00e9 parfait de vos moments conviviaux et gourmands.\" \/>\n<meta name=\"robots\" content=\"index, follow, max-snippet:-1, max-image-preview:large, max-video-preview:-1\" \/>\n<link rel=\"canonical\" href=\"https:\/\/relaisgourmet.com\/en\/product\/coffret-ainhoa\/\" \/>\n<meta property=\"og:locale\" content=\"en_US\" \/>\n<meta property=\"og:type\" content=\"article\" \/>\n<meta property=\"og:title\" content=\"Coffret Ap\u00e9ros Ainhoa\" \/>\n<meta property=\"og:description\" content=\"Le Coffret Ap\u00e9ros Ainhoa est l\u2019alli\u00e9 parfait de vos moments conviviaux et gourmands.\" \/>\n<meta property=\"og:url\" content=\"https:\/\/relaisgourmet.com\/en\/product\/coffret-ainhoa\/\" \/>\n<meta property=\"og:site_name\" content=\"Relais Gourmet\" \/>\n<meta property=\"article:publisher\" content=\"https:\/\/facebook.com\/yoast\" \/>\n<meta property=\"article:modified_time\" content=\"2025-12-01T00:17:26+00:00\" \/>\n<meta property=\"og:image\" content=\"https:\/\/relaisgourmet.com\/wp-content\/uploads\/2024\/09\/Ainhoa.jpg\" \/>\n\t<meta property=\"og:image:width\" content=\"1427\" \/>\n\t<meta property=\"og:image:height\" content=\"1427\" \/>\n\t<meta property=\"og:image:type\" content=\"image\/jpeg\" \/>\n<meta name=\"twitter:card\" content=\"summary_large_image\" \/>\n<meta name=\"twitter:label1\" content=\"Est. reading time\" \/>\n\t<meta name=\"twitter:data1\" content=\"2 minutes\" \/>\n<script type=\"application\/ld+json\" class=\"yoast-schema-graph\">{\"@context\":\"https:\/\/schema.org\",\"@graph\":[{\"@type\":\"WebPage\",\"@id\":\"https:\/\/relaisgourmet.com\/en\/product\/coffret-ainhoa\/\",\"url\":\"https:\/\/relaisgourmet.com\/en\/product\/coffret-ainhoa\/\",\"name\":\"Coffret Ap\u00e9ros Ainhoa : D\u00e9lices du Pays Basque | Relais Gourmet\",\"isPartOf\":{\"@id\":\"https:\/\/relaisgourmet.com\/en\/#website\"},\"primaryImageOfPage\":{\"@id\":\"https:\/\/relaisgourmet.com\/en\/product\/coffret-ainhoa\/#primaryimage\"},\"image\":{\"@id\":\"https:\/\/relaisgourmet.com\/en\/product\/coffret-ainhoa\/#primaryimage\"},\"thumbnailUrl\":\"https:\/\/relaisgourmet.com\/wp-content\/uploads\/2024\/09\/Ainhoa.jpg\",\"datePublished\":\"2024-09-17T09:31:10+00:00\",\"dateModified\":\"2025-12-01T00:17:26+00:00\",\"description\":\"Le Coffret Ap\u00e9ros Ainhoa est l\u2019alli\u00e9 parfait de vos moments conviviaux et gourmands.\",\"breadcrumb\":{\"@id\":\"https:\/\/relaisgourmet.com\/en\/product\/coffret-ainhoa\/#breadcrumb\"},\"inLanguage\":\"en-US\",\"potentialAction\":[{\"@type\":\"ReadAction\",\"target\":[\"https:\/\/relaisgourmet.com\/en\/product\/coffret-ainhoa\/\"]}]},{\"@type\":\"ImageObject\",\"inLanguage\":\"en-US\",\"@id\":\"https:\/\/relaisgourmet.com\/en\/product\/coffret-ainhoa\/#primaryimage\",\"url\":\"https:\/\/relaisgourmet.com\/wp-content\/uploads\/2024\/09\/Ainhoa.jpg\",\"contentUrl\":\"https:\/\/relaisgourmet.com\/wp-content\/uploads\/2024\/09\/Ainhoa.jpg\",\"width\":1427,\"height\":1427,\"caption\":\"photographe d'entreprise, corporate, packshot, CV pau bearn pays basque\"},{\"@type\":\"BreadcrumbList\",\"@id\":\"https:\/\/relaisgourmet.com\/en\/product\/coffret-ainhoa\/#breadcrumb\",\"itemListElement\":[{\"@type\":\"ListItem\",\"position\":1,\"name\":\"Portada\",\"item\":\"https:\/\/relaisgourmet.com\/en\/https-relaisgourmet-com\/\"},{\"@type\":\"ListItem\",\"position\":2,\"name\":\"Authentic Foie Gras\",\"item\":\"https:\/\/relaisgourmet.com\/en\/authentic-foie-gras\/\"},{\"@type\":\"ListItem\",\"position\":3,\"name\":\"Coffret Ap\u00e9ros Ainhoa\"}]},{\"@type\":\"WebSite\",\"@id\":\"https:\/\/relaisgourmet.com\/en\/#website\",\"url\":\"https:\/\/relaisgourmet.com\/en\/\",\"name\":\"Relais Gourmet\",\"description\":\"Maison Gastronomique au Pays-Basque Depuis 2004\",\"publisher\":{\"@id\":\"https:\/\/relaisgourmet.com\/en\/#organization\"},\"potentialAction\":[{\"@type\":\"SearchAction\",\"target\":{\"@type\":\"EntryPoint\",\"urlTemplate\":\"https:\/\/relaisgourmet.com\/en\/?s={search_term_string}\"},\"query-input\":{\"@type\":\"PropertyValueSpecification\",\"valueRequired\":true,\"valueName\":\"search_term_string\"}}],\"inLanguage\":\"en-US\"},{\"@type\":\"Organization\",\"@id\":\"https:\/\/relaisgourmet.com\/en\/#organization\",\"name\":\"Relais Gourmet\",\"url\":\"https:\/\/relaisgourmet.com\/en\/\",\"logo\":{\"@type\":\"ImageObject\",\"inLanguage\":\"en-US\",\"@id\":\"https:\/\/relaisgourmet.com\/en\/#\/schema\/logo\/image\/\",\"url\":\"https:\/\/relaisgourmet.com\/wp-content\/uploads\/2024\/11\/Diseno-sin-titulo-8.jpg\",\"contentUrl\":\"https:\/\/relaisgourmet.com\/wp-content\/uploads\/2024\/11\/Diseno-sin-titulo-8.jpg\",\"width\":500,\"height\":500,\"caption\":\"Relais Gourmet\"},\"image\":{\"@id\":\"https:\/\/relaisgourmet.com\/en\/#\/schema\/logo\/image\/\"},\"sameAs\":[\"https:\/\/facebook.com\/yoast\",\"https:\/\/instagram.com\/yoast\"]}]}<\/script>\n<!-- \/ Yoast SEO Premium plugin. -->","yoast_head_json":{"title":"Coffret Ap\u00e9ros Ainhoa : D\u00e9lices du Pays Basque | Relais Gourmet","description":"Le Coffret Ap\u00e9ros Ainhoa est l\u2019alli\u00e9 parfait de vos moments conviviaux et gourmands.","robots":{"index":"index","follow":"follow","max-snippet":"max-snippet:-1","max-image-preview":"max-image-preview:large","max-video-preview":"max-video-preview:-1"},"canonical":"https:\/\/relaisgourmet.com\/en\/product\/coffret-ainhoa\/","og_locale":"en_US","og_type":"article","og_title":"Coffret Ap\u00e9ros Ainhoa","og_description":"Le Coffret Ap\u00e9ros Ainhoa est l\u2019alli\u00e9 parfait de vos moments conviviaux et gourmands.","og_url":"https:\/\/relaisgourmet.com\/en\/product\/coffret-ainhoa\/","og_site_name":"Relais Gourmet","article_publisher":"https:\/\/facebook.com\/yoast","article_modified_time":"2025-12-01T00:17:26+00:00","og_image":[{"width":1427,"height":1427,"url":"https:\/\/relaisgourmet.com\/wp-content\/uploads\/2024\/09\/Ainhoa.jpg","type":"image\/jpeg"}],"twitter_card":"summary_large_image","twitter_misc":{"Est. reading time":"2 minutes"},"schema":{"@context":"https:\/\/schema.org","@graph":[{"@type":"WebPage","@id":"https:\/\/relaisgourmet.com\/en\/product\/coffret-ainhoa\/","url":"https:\/\/relaisgourmet.com\/en\/product\/coffret-ainhoa\/","name":"Coffret Ap\u00e9ros Ainhoa : D\u00e9lices du Pays Basque | Relais Gourmet","isPartOf":{"@id":"https:\/\/relaisgourmet.com\/en\/#website"},"primaryImageOfPage":{"@id":"https:\/\/relaisgourmet.com\/en\/product\/coffret-ainhoa\/#primaryimage"},"image":{"@id":"https:\/\/relaisgourmet.com\/en\/product\/coffret-ainhoa\/#primaryimage"},"thumbnailUrl":"https:\/\/relaisgourmet.com\/wp-content\/uploads\/2024\/09\/Ainhoa.jpg","datePublished":"2024-09-17T09:31:10+00:00","dateModified":"2025-12-01T00:17:26+00:00","description":"Le Coffret Ap\u00e9ros Ainhoa est l\u2019alli\u00e9 parfait de vos moments conviviaux et gourmands.","breadcrumb":{"@id":"https:\/\/relaisgourmet.com\/en\/product\/coffret-ainhoa\/#breadcrumb"},"inLanguage":"en-US","potentialAction":[{"@type":"ReadAction","target":["https:\/\/relaisgourmet.com\/en\/product\/coffret-ainhoa\/"]}]},{"@type":"ImageObject","inLanguage":"en-US","@id":"https:\/\/relaisgourmet.com\/en\/product\/coffret-ainhoa\/#primaryimage","url":"https:\/\/relaisgourmet.com\/wp-content\/uploads\/2024\/09\/Ainhoa.jpg","contentUrl":"https:\/\/relaisgourmet.com\/wp-content\/uploads\/2024\/09\/Ainhoa.jpg","width":1427,"height":1427,"caption":"photographe d'entreprise, corporate, packshot, CV pau bearn pays basque"},{"@type":"BreadcrumbList","@id":"https:\/\/relaisgourmet.com\/en\/product\/coffret-ainhoa\/#breadcrumb","itemListElement":[{"@type":"ListItem","position":1,"name":"Portada","item":"https:\/\/relaisgourmet.com\/en\/https-relaisgourmet-com\/"},{"@type":"ListItem","position":2,"name":"Authentic Foie Gras","item":"https:\/\/relaisgourmet.com\/en\/authentic-foie-gras\/"},{"@type":"ListItem","position":3,"name":"Coffret Ap\u00e9ros Ainhoa"}]},{"@type":"WebSite","@id":"https:\/\/relaisgourmet.com\/en\/#website","url":"https:\/\/relaisgourmet.com\/en\/","name":"Relais Gourmet","description":"Maison Gastronomique au Pays-Basque Depuis 2004","publisher":{"@id":"https:\/\/relaisgourmet.com\/en\/#organization"},"potentialAction":[{"@type":"SearchAction","target":{"@type":"EntryPoint","urlTemplate":"https:\/\/relaisgourmet.com\/en\/?s={search_term_string}"},"query-input":{"@type":"PropertyValueSpecification","valueRequired":true,"valueName":"search_term_string"}}],"inLanguage":"en-US"},{"@type":"Organization","@id":"https:\/\/relaisgourmet.com\/en\/#organization","name":"Relais Gourmet","url":"https:\/\/relaisgourmet.com\/en\/","logo":{"@type":"ImageObject","inLanguage":"en-US","@id":"https:\/\/relaisgourmet.com\/en\/#\/schema\/logo\/image\/","url":"https:\/\/relaisgourmet.com\/wp-content\/uploads\/2024\/11\/Diseno-sin-titulo-8.jpg","contentUrl":"https:\/\/relaisgourmet.com\/wp-content\/uploads\/2024\/11\/Diseno-sin-titulo-8.jpg","width":500,"height":500,"caption":"Relais Gourmet"},"image":{"@id":"https:\/\/relaisgourmet.com\/en\/#\/schema\/logo\/image\/"},"sameAs":["https:\/\/facebook.com\/yoast","https:\/\/instagram.com\/yoast"]}]}},"_links":{"self":[{"href":"https:\/\/relaisgourmet.com\/en\/wp-json\/wp\/v2\/product\/44911","targetHints":{"allow":["GET"]}}],"collection":[{"href":"https:\/\/relaisgourmet.com\/en\/wp-json\/wp\/v2\/product"}],"about":[{"href":"https:\/\/relaisgourmet.com\/en\/wp-json\/wp\/v2\/types\/product"}],"replies":[{"embeddable":true,"href":"https:\/\/relaisgourmet.com\/en\/wp-json\/wp\/v2\/comments?post=44911"}],"version-history":[{"count":17,"href":"https:\/\/relaisgourmet.com\/en\/wp-json\/wp\/v2\/product\/44911\/revisions"}],"predecessor-version":[{"id":55117,"href":"https:\/\/relaisgourmet.com\/en\/wp-json\/wp\/v2\/product\/44911\/revisions\/55117"}],"wp:featuredmedia":[{"embeddable":true,"href":"https:\/\/relaisgourmet.com\/en\/wp-json\/wp\/v2\/media\/58773"}],"wp:attachment":[{"href":"https:\/\/relaisgourmet.com\/en\/wp-json\/wp\/v2\/media?parent=44911"}],"wp:term":[{"taxonomy":"product_brand","embeddable":true,"href":"https:\/\/relaisgourmet.com\/en\/wp-json\/wp\/v2\/product_brand?post=44911"},{"taxonomy":"product_cat","embeddable":true,"href":"https:\/\/relaisgourmet.com\/en\/wp-json\/wp\/v2\/product_cat?post=44911"},{"taxonomy":"product_tag","embeddable":true,"href":"https:\/\/relaisgourmet.com\/en\/wp-json\/wp\/v2\/product_tag?post=44911"},{"taxonomy":"giftcard-category","embeddable":true,"href":"https:\/\/relaisgourmet.com\/en\/wp-json\/wp\/v2\/giftcard-category?post=44911"}],"curies":[{"name":"wp","href":"https:\/\/api.w.org\/{rel}","templated":true}]}}