{"id":42524,"date":"2021-11-22T10:30:43","date_gmt":"2021-11-22T09:30:43","guid":{"rendered":"https:\/\/relaisgourmet.com\/produit\/recipes-for-lovers-ebook\/"},"modified":"2025-04-08T00:27:07","modified_gmt":"2025-04-07T22:27:07","slug":"recipes-for-lovers-ebook","status":"publish","type":"product","link":"https:\/\/relaisgourmet.com\/en\/product\/recipes-for-lovers-ebook\/","title":{"rendered":"Recipes for Lovers"},"content":{"rendered":"<p><span data-offset-key=\"ai6el-34-0\">Rec<\/span><span data-offset-key=\"ai6el-35-0\">andtes<\/span><span data-offset-key=\"ai6el-36-0\">  at<\/span><span data-offset-key=\"ai6el-37-0\">  Am<\/span><span data-offset-key=\"ai6el-38-0\">or<\/span><span data-offset-key=\"ai6el-39-0\">re<\/span><span data-offset-key=\"ai6el-40-0\">at<\/span><span data-offset-key=\"ai6el-41-0\">  is<\/span><span data-offset-key=\"ai6el-42-0\">  a<\/span><span data-offset-key=\"ai6el-43-0\">  liv<\/span><span data-offset-key=\"ai6el-44-0\">re<\/span><span data-offset-key=\"ai6el-45-0\">  which<\/span><span data-offset-key=\"ai6el-46-0\">  proposes<\/span><span data-offset-key=\"ai6el-47-0\">  more<\/span><span data-offset-key=\"ai6el-48-0\">  from<\/span><span data-offset-key=\"ai6el-49-0\">  100<\/span><span data-offset-key=\"ai6el-50-0\">  rec<\/span><span data-offset-key=\"ai6el-51-0\">andtes<\/span><span data-offset-key=\"ai6el-52-0\">  sp<\/span><span data-offset-key=\"ai6el-53-0\">\u00e9<\/span><span data-offset-key=\"ai6el-54-0\">cial<\/span><span data-offset-key=\"ai6el-55-0\">ement<\/span><span data-offset-key=\"ai6el-56-0\">  con<\/span><span data-offset-key=\"ai6el-57-0\">\u00e7<\/span><span data-offset-key=\"ai6el-58-0\">ues<\/span><span data-offset-key=\"ai6el-59-0\">  for<\/span><span data-offset-key=\"ai6el-60-0\">  visit<\/span><span data-offset-key=\"ai6el-61-0\">  couples<\/span><span data-offset-key=\"ai6el-62-0\">.<\/span><\/p>\n<p><span data-offset-key=\"ai6el-63-0\">Ch<\/span><span data-offset-key=\"ai6el-64-0\">aqueous<\/span><span data-offset-key=\"ai6el-65-0\">  rec<\/span><span data-offset-key=\"ai6el-66-0\">ette<\/span><span data-offset-key=\"ai6el-67-0\">  is<\/span><span data-offset-key=\"ai6el-68-0\">  accomp<\/span><span data-offset-key=\"ai6el-69-0\">agn<\/span><span data-offset-key=\"ai6el-70-0\">ee<\/span><span data-offset-key=\"ai6el-71-0\">  from<\/span><span data-offset-key=\"ai6el-72-0\">  more<\/span><span data-offset-key=\"ai6el-73-0\">ie<\/span><span data-offset-key=\"ai6el-74-0\">urs<\/span><span data-offset-key=\"ai6el-75-0\">  ast<\/span><span data-offset-key=\"ai6el-76-0\">uces<\/span><span data-offset-key=\"ai6el-77-0\">  for<\/span><span data-offset-key=\"ai6el-78-0\">  a<\/span><span data-offset-key=\"ai6el-79-0\">ider<\/span><span data-offset-key=\"ai6el-80-0\">  visit<\/span><span data-offset-key=\"ai6el-81-0\">  am<\/span><span data-offset-key=\"ai6el-82-0\">or<\/span><span data-offset-key=\"ai6el-83-0\">re<\/span><span data-offset-key=\"ai6el-84-0\">at<\/span><span data-offset-key=\"ai6el-85-0\">  \u00e0<\/span><span data-offset-key=\"ai6el-86-0\">  pr<\/span><span data-offset-key=\"ai6el-87-0\">\u00e9<\/span><span data-offset-key=\"ai6el-88-0\">p<\/span><span data-offset-key=\"ai6el-89-0\">arer<\/span><span data-offset-key=\"ai6el-90-0\">  from<\/span><span data-offset-key=\"ai6el-91-0\">  pl<\/span><span data-offset-key=\"ai6el-92-0\">ats<\/span><span data-offset-key=\"ai6el-93-0\">  succ<\/span><span data-offset-key=\"ai6el-94-0\">ul<\/span><span data-offset-key=\"ai6el-95-0\">ents<\/span><span data-offset-key=\"ai6el-96-0\">  and<\/span><span data-offset-key=\"ai6el-97-0\">  sav<\/span><span data-offset-key=\"ai6el-98-0\">or<\/span><span data-offset-key=\"ai6el-99-0\">re<\/span><span data-offset-key=\"ai6el-100-0\">at<\/span><span data-offset-key=\"ai6el-101-0\">.<\/span><\/p>\n<p><span data-offset-key=\"ai6el-102-0\">Visit<\/span><span data-offset-key=\"ai6el-103-0\">  pl<\/span><span data-offset-key=\"ai6el-104-0\">ats<\/span><span data-offset-key=\"ai6el-105-0\">  var<\/span><span data-offset-key=\"ai6el-106-0\">ient<\/span><span data-offset-key=\"ai6el-107-0\">  from<\/span><span data-offset-key=\"ai6el-108-0\">  entr<\/span><span data-offset-key=\"ai6el-109-0\">\u00e9<\/span><span data-offset-key=\"ai6el-110-0\">es<\/span><span data-offset-key=\"ai6el-111-0\">  at<\/span><span data-offset-key=\"ai6el-112-0\">  desserts<\/span><span data-offset-key=\"ai6el-113-0\">  and<\/span><span data-offset-key=\"ai6el-114-0\">  it<\/span><span data-offset-key=\"ai6el-115-0\">  y<\/span><span data-offset-key=\"ai6el-116-0\">  a<\/span><span data-offset-key=\"ai6el-117-0\">  from<\/span><span data-offset-key=\"ai6el-118-0\">  rec<\/span><span data-offset-key=\"ai6el-119-0\">andtes<\/span><span data-offset-key=\"ai6el-120-0\">  for<\/span><span data-offset-key=\"ai6el-121-0\">  cha<\/span><span data-offset-key=\"ai6el-122-0\">that<\/span><span data-offset-key=\"ai6el-123-0\">  opportunity<\/span><span data-offset-key=\"ai6el-124-0\">.<\/span><\/p>\n<p><span data-offset-key=\"ai6el-125-0\">In addition, ch<\/span><span data-offset-key=\"ai6el-126-0\">acune contient d<\/span><span data-offset-key=\"ai6el-133-0\">es<\/span><span data-offset-key=\"ai6el-134-0\">  con<\/span><span data-offset-key=\"ai6el-135-0\">go to<\/span><span data-offset-key=\"ai6el-136-0\">they<\/span><span data-offset-key=\"ai6el-137-0\">  for<\/span><span data-offset-key=\"ai6el-138-0\">  s<\/span><span data-offset-key=\"ai6el-139-0\">\u00e9<\/span><span data-offset-key=\"ai6el-140-0\">lection<\/span><span data-offset-key=\"ai6el-141-0\">ner<\/span><span data-offset-key=\"ai6el-142-0\">  visit<\/span><span data-offset-key=\"ai6el-143-0\">  me<\/span><span data-offset-key=\"ai6el-144-0\">ille<\/span><span data-offset-key=\"ai6el-145-0\">urs<\/span><span data-offset-key=\"ai6el-146-0\">  ing<\/span><span data-offset-key=\"ai6el-147-0\">re<\/span><span data-offset-key=\"ai6el-148-0\">d<\/span><span data-offset-key=\"ai6el-149-0\">ients<\/span><span data-offset-key=\"ai6el-150-0\">  and<\/span><span data-offset-key=\"ai6el-151-0\">  from<\/span><span data-offset-key=\"ai6el-152-0\">  good<\/span><span data-offset-key=\"ai6el-153-0\">nes<\/span><span data-offset-key=\"ai6el-154-0\">  fa<\/span><span data-offset-key=\"ai6el-155-0\">\u00e7<\/span><span data-offset-key=\"ai6el-156-0\">ons<\/span><span data-offset-key=\"ai6el-157-0\">  from<\/span><span data-offset-key=\"ai6el-158-0\">  visit<\/span><span data-offset-key=\"ai6el-159-0\">  m<\/span><span data-offset-key=\"ai6el-160-0\">\u00e9<\/span><span data-offset-key=\"ai6el-161-0\">l<\/span><span data-offset-key=\"ai6el-162-0\">anger<\/span><span data-offset-key=\"ai6el-163-0\">.<\/span><\/p>\n<p><span data-offset-key=\"ai6el-164-0\">Next, the<\/span><span data-offset-key=\"ai6el-165-0\">  rec<\/span><span data-offset-key=\"ai6el-166-0\">andtes<\/span><span data-offset-key=\"ai6el-167-0\">  s<\/span><span data-offset-key=\"ai6el-168-0\">have<\/span><span data-offset-key=\"ai6el-172-0\">  accomp<\/span><span data-offset-key=\"ai6el-173-0\">agn<\/span><span data-offset-key=\"ai6el-174-0\">\u00e9<\/span><span data-offset-key=\"ai6el-175-0\">es<\/span><span data-offset-key=\"ai6el-176-0\">  from<\/span><span data-offset-key=\"ai6el-177-0\">  suggestions<\/span><span data-offset-key=\"ai6el-178-0\">  for<\/span><span data-offset-key=\"ai6el-179-0\">  from<\/span><span data-offset-key=\"ai6el-180-0\">  accomp<\/span><span data-offset-key=\"ai6el-181-0\">agn<\/span><span data-offset-key=\"ai6el-182-0\">ements<\/span><span data-offset-key=\"ai6el-183-0\">  by<\/span><span data-offset-key=\"ai6el-184-0\">fa<\/span><span data-offset-key=\"ai6el-185-0\">its<\/span><span data-offset-key=\"ai6el-186-0\">  for<\/span><span data-offset-key=\"ai6el-187-0\">  compl<\/span><span data-offset-key=\"ai6el-188-0\">\u00e9<\/span><span data-offset-key=\"ai6el-189-0\">ter<\/span><span data-offset-key=\"ai6el-190-0\">  the<\/span><span data-offset-key=\"ai6el-191-0\">  dish<\/span><span data-offset-key=\"ai6el-192-0\">.<\/span><\/p>\n<p><span data-offset-key=\"ai6el-193-0\">Visit<\/span><span data-offset-key=\"ai6el-194-0\">  liv<\/span><span data-offset-key=\"ai6el-195-0\">re<\/span><span data-offset-key=\"ai6el-196-0\">  is<\/span><span data-offset-key=\"ai6el-197-0\">  \u00e9<\/span><span data-offset-key=\"ai6el-198-0\">crit<\/span><span data-offset-key=\"ai6el-199-0\">  by<\/span><span data-offset-key=\"ai6el-200-0\">  from<\/span><span data-offset-key=\"ai6el-201-0\">  chefs<\/span><span data-offset-key=\"ai6el-202-0\">  profession<\/span><span data-offset-key=\"ai6el-203-0\">nels<\/span><span data-offset-key=\"ai6el-204-0\">  and<\/span><span data-offset-key=\"ai6el-205-0\">  comp<\/span><span data-offset-key=\"ai6el-206-0\">makes<\/span><span data-offset-key=\"ai6el-207-0\">  from<\/span><span data-offset-key=\"ai6el-208-0\">  photos<\/span><span data-offset-key=\"ai6el-216-0\">  for<\/span><span data-offset-key=\"ai6el-217-0\">  a<\/span><span data-offset-key=\"ai6el-218-0\">ider<\/span><span data-offset-key=\"ai6el-219-0\">  visit<\/span><span data-offset-key=\"ai6el-220-0\">  lect<\/span><span data-offset-key=\"ai6el-221-0\">e<\/span><span data-offset-key=\"ai6el-222-0\">urs<\/span><span data-offset-key=\"ai6el-223-0\">  \u00e0<\/span><span data-offset-key=\"ai6el-224-0\">  visual<\/span><span data-offset-key=\"ai6el-225-0\">iser<\/span><span data-offset-key=\"ai6el-226-0\">  cha<\/span><span data-offset-key=\"ai6el-227-0\">that<\/span><span data-offset-key=\"ai6el-228-0\">  dish<\/span><span data-offset-key=\"ai6el-229-0\">.<\/span><\/p>\n<p>So, with these recipes for lovers, you&#8217;ll be equipped for any occasion and be able to enjoy <a href=\"\/?page_id=34001\">our different foies gras<\/a> with ease!<\/p>\n<p><strong>You&#8217;ll find all our preparation tips in the Advice section, as well as all our products in the Relais Gourmet store. Feel free to visit our  <\/strong><strong><a href=\"https:\/\/relaisgourmet.com\/index.php\/blog-foies-gras-actualite\/\">blog<\/a><\/strong><strong> to discover our <\/strong><strong><a href=\"\/?page_id=33979\">recipes <\/a><\/strong><strong>and other news.<\/strong><\/p>\n<p>Finally, for a gourmet meal, why not round things off with some delicious Turrones <a href=\"https:\/\/mariasimona.com\/\">Maria Simona<\/a>?<\/p>\n","protected":false},"excerpt":{"rendered":"<p>Recandtes at Amorreat is a livre which proposes more from 100 recandtes sp\u00e9cialement con\u00e7ues for visit couples. Chaqueous recette is accompagnee from moreieurs astuces for aider visit amorreat \u00e0 pr\u00e9parer from plats succulents and savorreat. Visit plats varient from entr\u00e9es at desserts and it y a from recandtes for chathat opportunity. In addition, chacune contient [&hellip;]<\/p>\n","protected":false},"featured_media":39651,"comment_status":"closed","ping_status":"closed","template":"","meta":[],"product_brand":[],"product_cat":[1197],"product_tag":[2152,2556,2577,2557],"giftcard-category":[],"class_list":{"0":"post-42524","1":"product","2":"type-product","3":"status-publish","4":"has-post-thumbnail","6":"product_cat-ebooks","7":"product_tag-ebook-en","8":"product_tag-lovers-en","9":"product_tag-made-in-france-en","10":"product_tag-revenues","11":"product_shipping_class-standard-en","13":"first","14":"instock","15":"downloadable","16":"virtual","17":"taxable","18":"purchasable","19":"product-type-simple"},"yoast_head":"<!-- This site is optimized with the Yoast SEO Premium plugin v27.0 (Yoast SEO v27.0) - https:\/\/yoast.com\/product\/yoast-seo-premium-wordpress\/ -->\n<title>Romantic Recipes \u2013 Cook with Love &amp; Foie Gras<\/title>\n<meta name=\"description\" content=\"Recettes en Amoureux (Recipes for Lovers) is a book of recipes specially designed for couples. Dishes range from starters to desserts.\" \/>\n<meta name=\"robots\" content=\"index, follow, max-snippet:-1, max-image-preview:large, max-video-preview:-1\" \/>\n<link rel=\"canonical\" href=\"https:\/\/relaisgourmet.com\/en\/product\/recipes-for-lovers-ebook\/\" \/>\n<meta property=\"og:locale\" content=\"en_US\" \/>\n<meta property=\"og:type\" content=\"article\" \/>\n<meta property=\"og:title\" content=\"Recipes for Lovers\" \/>\n<meta property=\"og:description\" content=\"Recettes en Amoureux (Recipes for Lovers) is a book of recipes specially designed for couples. Dishes range from starters to desserts.\" \/>\n<meta property=\"og:url\" content=\"https:\/\/relaisgourmet.com\/en\/product\/recipes-for-lovers-ebook\/\" \/>\n<meta property=\"og:site_name\" content=\"Relais Gourmet\" \/>\n<meta property=\"article:publisher\" content=\"https:\/\/facebook.com\/yoast\" \/>\n<meta property=\"article:modified_time\" content=\"2025-04-07T22:27:07+00:00\" \/>\n<meta property=\"og:image\" content=\"https:\/\/relaisgourmet.com\/wp-content\/uploads\/2024\/09\/recettes-en-amoureux-1.png\" \/>\n\t<meta property=\"og:image:width\" content=\"600\" \/>\n\t<meta property=\"og:image:height\" content=\"600\" \/>\n\t<meta property=\"og:image:type\" content=\"image\/png\" \/>\n<meta name=\"twitter:card\" content=\"summary_large_image\" \/>\n<meta name=\"twitter:label1\" content=\"Est. reading time\" \/>\n\t<meta name=\"twitter:data1\" content=\"1 minute\" \/>\n<script type=\"application\/ld+json\" class=\"yoast-schema-graph\">{\"@context\":\"https:\/\/schema.org\",\"@graph\":[{\"@type\":\"WebPage\",\"@id\":\"https:\/\/relaisgourmet.com\/en\/product\/recipes-for-lovers-ebook\/\",\"url\":\"https:\/\/relaisgourmet.com\/en\/product\/recipes-for-lovers-ebook\/\",\"name\":\"Romantic Recipes \u2013 Cook with Love & Foie Gras\",\"isPartOf\":{\"@id\":\"https:\/\/relaisgourmet.com\/en\/#website\"},\"primaryImageOfPage\":{\"@id\":\"https:\/\/relaisgourmet.com\/en\/product\/recipes-for-lovers-ebook\/#primaryimage\"},\"image\":{\"@id\":\"https:\/\/relaisgourmet.com\/en\/product\/recipes-for-lovers-ebook\/#primaryimage\"},\"thumbnailUrl\":\"https:\/\/relaisgourmet.com\/wp-content\/uploads\/2024\/09\/recettes-en-amoureux-1.png\",\"datePublished\":\"2021-11-22T09:30:43+00:00\",\"dateModified\":\"2025-04-07T22:27:07+00:00\",\"description\":\"Recettes en Amoureux (Recipes for Lovers) is a book of recipes specially designed for couples. Dishes range from starters to desserts.\",\"breadcrumb\":{\"@id\":\"https:\/\/relaisgourmet.com\/en\/product\/recipes-for-lovers-ebook\/#breadcrumb\"},\"inLanguage\":\"en-US\",\"potentialAction\":[{\"@type\":\"ReadAction\",\"target\":[\"https:\/\/relaisgourmet.com\/en\/product\/recipes-for-lovers-ebook\/\"]}]},{\"@type\":\"ImageObject\",\"inLanguage\":\"en-US\",\"@id\":\"https:\/\/relaisgourmet.com\/en\/product\/recipes-for-lovers-ebook\/#primaryimage\",\"url\":\"https:\/\/relaisgourmet.com\/wp-content\/uploads\/2024\/09\/recettes-en-amoureux-1.png\",\"contentUrl\":\"https:\/\/relaisgourmet.com\/wp-content\/uploads\/2024\/09\/recettes-en-amoureux-1.png\",\"width\":600,\"height\":600,\"caption\":\"Recipes for Lovers\"},{\"@type\":\"BreadcrumbList\",\"@id\":\"https:\/\/relaisgourmet.com\/en\/product\/recipes-for-lovers-ebook\/#breadcrumb\",\"itemListElement\":[{\"@type\":\"ListItem\",\"position\":1,\"name\":\"Portada\",\"item\":\"https:\/\/relaisgourmet.com\/en\/https-relaisgourmet-com\/\"},{\"@type\":\"ListItem\",\"position\":2,\"name\":\"Authentic Foie Gras\",\"item\":\"https:\/\/relaisgourmet.com\/en\/authentic-foie-gras\/\"},{\"@type\":\"ListItem\",\"position\":3,\"name\":\"Recipes for Lovers\"}]},{\"@type\":\"WebSite\",\"@id\":\"https:\/\/relaisgourmet.com\/en\/#website\",\"url\":\"https:\/\/relaisgourmet.com\/en\/\",\"name\":\"Relais Gourmet\",\"description\":\"Maison Gastronomique au Pays-Basque Depuis 2004\",\"publisher\":{\"@id\":\"https:\/\/relaisgourmet.com\/en\/#organization\"},\"potentialAction\":[{\"@type\":\"SearchAction\",\"target\":{\"@type\":\"EntryPoint\",\"urlTemplate\":\"https:\/\/relaisgourmet.com\/en\/?s={search_term_string}\"},\"query-input\":{\"@type\":\"PropertyValueSpecification\",\"valueRequired\":true,\"valueName\":\"search_term_string\"}}],\"inLanguage\":\"en-US\"},{\"@type\":\"Organization\",\"@id\":\"https:\/\/relaisgourmet.com\/en\/#organization\",\"name\":\"Relais Gourmet\",\"url\":\"https:\/\/relaisgourmet.com\/en\/\",\"logo\":{\"@type\":\"ImageObject\",\"inLanguage\":\"en-US\",\"@id\":\"https:\/\/relaisgourmet.com\/en\/#\/schema\/logo\/image\/\",\"url\":\"https:\/\/relaisgourmet.com\/wp-content\/uploads\/2024\/11\/Diseno-sin-titulo-8.jpg\",\"contentUrl\":\"https:\/\/relaisgourmet.com\/wp-content\/uploads\/2024\/11\/Diseno-sin-titulo-8.jpg\",\"width\":500,\"height\":500,\"caption\":\"Relais Gourmet\"},\"image\":{\"@id\":\"https:\/\/relaisgourmet.com\/en\/#\/schema\/logo\/image\/\"},\"sameAs\":[\"https:\/\/facebook.com\/yoast\",\"https:\/\/instagram.com\/yoast\"]}]}<\/script>\n<!-- \/ Yoast SEO Premium plugin. -->","yoast_head_json":{"title":"Romantic Recipes \u2013 Cook with Love & Foie Gras","description":"Recettes en Amoureux (Recipes for Lovers) is a book of recipes specially designed for couples. Dishes range from starters to desserts.","robots":{"index":"index","follow":"follow","max-snippet":"max-snippet:-1","max-image-preview":"max-image-preview:large","max-video-preview":"max-video-preview:-1"},"canonical":"https:\/\/relaisgourmet.com\/en\/product\/recipes-for-lovers-ebook\/","og_locale":"en_US","og_type":"article","og_title":"Recipes for Lovers","og_description":"Recettes en Amoureux (Recipes for Lovers) is a book of recipes specially designed for couples. Dishes range from starters to desserts.","og_url":"https:\/\/relaisgourmet.com\/en\/product\/recipes-for-lovers-ebook\/","og_site_name":"Relais Gourmet","article_publisher":"https:\/\/facebook.com\/yoast","article_modified_time":"2025-04-07T22:27:07+00:00","og_image":[{"width":600,"height":600,"url":"https:\/\/relaisgourmet.com\/wp-content\/uploads\/2024\/09\/recettes-en-amoureux-1.png","type":"image\/png"}],"twitter_card":"summary_large_image","twitter_misc":{"Est. reading time":"1 minute"},"schema":{"@context":"https:\/\/schema.org","@graph":[{"@type":"WebPage","@id":"https:\/\/relaisgourmet.com\/en\/product\/recipes-for-lovers-ebook\/","url":"https:\/\/relaisgourmet.com\/en\/product\/recipes-for-lovers-ebook\/","name":"Romantic Recipes \u2013 Cook with Love & Foie Gras","isPartOf":{"@id":"https:\/\/relaisgourmet.com\/en\/#website"},"primaryImageOfPage":{"@id":"https:\/\/relaisgourmet.com\/en\/product\/recipes-for-lovers-ebook\/#primaryimage"},"image":{"@id":"https:\/\/relaisgourmet.com\/en\/product\/recipes-for-lovers-ebook\/#primaryimage"},"thumbnailUrl":"https:\/\/relaisgourmet.com\/wp-content\/uploads\/2024\/09\/recettes-en-amoureux-1.png","datePublished":"2021-11-22T09:30:43+00:00","dateModified":"2025-04-07T22:27:07+00:00","description":"Recettes en Amoureux (Recipes for Lovers) is a book of recipes specially designed for couples. Dishes range from starters to desserts.","breadcrumb":{"@id":"https:\/\/relaisgourmet.com\/en\/product\/recipes-for-lovers-ebook\/#breadcrumb"},"inLanguage":"en-US","potentialAction":[{"@type":"ReadAction","target":["https:\/\/relaisgourmet.com\/en\/product\/recipes-for-lovers-ebook\/"]}]},{"@type":"ImageObject","inLanguage":"en-US","@id":"https:\/\/relaisgourmet.com\/en\/product\/recipes-for-lovers-ebook\/#primaryimage","url":"https:\/\/relaisgourmet.com\/wp-content\/uploads\/2024\/09\/recettes-en-amoureux-1.png","contentUrl":"https:\/\/relaisgourmet.com\/wp-content\/uploads\/2024\/09\/recettes-en-amoureux-1.png","width":600,"height":600,"caption":"Recipes for Lovers"},{"@type":"BreadcrumbList","@id":"https:\/\/relaisgourmet.com\/en\/product\/recipes-for-lovers-ebook\/#breadcrumb","itemListElement":[{"@type":"ListItem","position":1,"name":"Portada","item":"https:\/\/relaisgourmet.com\/en\/https-relaisgourmet-com\/"},{"@type":"ListItem","position":2,"name":"Authentic Foie Gras","item":"https:\/\/relaisgourmet.com\/en\/authentic-foie-gras\/"},{"@type":"ListItem","position":3,"name":"Recipes for Lovers"}]},{"@type":"WebSite","@id":"https:\/\/relaisgourmet.com\/en\/#website","url":"https:\/\/relaisgourmet.com\/en\/","name":"Relais Gourmet","description":"Maison Gastronomique au Pays-Basque Depuis 2004","publisher":{"@id":"https:\/\/relaisgourmet.com\/en\/#organization"},"potentialAction":[{"@type":"SearchAction","target":{"@type":"EntryPoint","urlTemplate":"https:\/\/relaisgourmet.com\/en\/?s={search_term_string}"},"query-input":{"@type":"PropertyValueSpecification","valueRequired":true,"valueName":"search_term_string"}}],"inLanguage":"en-US"},{"@type":"Organization","@id":"https:\/\/relaisgourmet.com\/en\/#organization","name":"Relais Gourmet","url":"https:\/\/relaisgourmet.com\/en\/","logo":{"@type":"ImageObject","inLanguage":"en-US","@id":"https:\/\/relaisgourmet.com\/en\/#\/schema\/logo\/image\/","url":"https:\/\/relaisgourmet.com\/wp-content\/uploads\/2024\/11\/Diseno-sin-titulo-8.jpg","contentUrl":"https:\/\/relaisgourmet.com\/wp-content\/uploads\/2024\/11\/Diseno-sin-titulo-8.jpg","width":500,"height":500,"caption":"Relais Gourmet"},"image":{"@id":"https:\/\/relaisgourmet.com\/en\/#\/schema\/logo\/image\/"},"sameAs":["https:\/\/facebook.com\/yoast","https:\/\/instagram.com\/yoast"]}]}},"_links":{"self":[{"href":"https:\/\/relaisgourmet.com\/en\/wp-json\/wp\/v2\/product\/42524","targetHints":{"allow":["GET"]}}],"collection":[{"href":"https:\/\/relaisgourmet.com\/en\/wp-json\/wp\/v2\/product"}],"about":[{"href":"https:\/\/relaisgourmet.com\/en\/wp-json\/wp\/v2\/types\/product"}],"replies":[{"embeddable":true,"href":"https:\/\/relaisgourmet.com\/en\/wp-json\/wp\/v2\/comments?post=42524"}],"version-history":[{"count":1,"href":"https:\/\/relaisgourmet.com\/en\/wp-json\/wp\/v2\/product\/42524\/revisions"}],"predecessor-version":[{"id":54872,"href":"https:\/\/relaisgourmet.com\/en\/wp-json\/wp\/v2\/product\/42524\/revisions\/54872"}],"wp:featuredmedia":[{"embeddable":true,"href":"https:\/\/relaisgourmet.com\/en\/wp-json\/wp\/v2\/media\/39651"}],"wp:attachment":[{"href":"https:\/\/relaisgourmet.com\/en\/wp-json\/wp\/v2\/media?parent=42524"}],"wp:term":[{"taxonomy":"product_brand","embeddable":true,"href":"https:\/\/relaisgourmet.com\/en\/wp-json\/wp\/v2\/product_brand?post=42524"},{"taxonomy":"product_cat","embeddable":true,"href":"https:\/\/relaisgourmet.com\/en\/wp-json\/wp\/v2\/product_cat?post=42524"},{"taxonomy":"product_tag","embeddable":true,"href":"https:\/\/relaisgourmet.com\/en\/wp-json\/wp\/v2\/product_tag?post=42524"},{"taxonomy":"giftcard-category","embeddable":true,"href":"https:\/\/relaisgourmet.com\/en\/wp-json\/wp\/v2\/giftcard-category?post=42524"}],"curies":[{"name":"wp","href":"https:\/\/api.w.org\/{rel}","templated":true}]}}