{"id":42243,"date":"2014-10-19T14:49:50","date_gmt":"2014-10-19T12:49:50","guid":{"rendered":"https:\/\/relaisgourmet.com\/produit\/gourmet-appetizer-with-jurancon\/"},"modified":"2025-12-01T01:18:09","modified_gmt":"2025-12-01T00:18:09","slug":"gourmet-appetizer-with-jurancon","status":"publish","type":"product","link":"https:\/\/relaisgourmet.com\/en\/product\/gourmet-appetizer-with-jurancon\/","title":{"rendered":"Gourmet Aperitif with Juran\u00e7on"},"content":{"rendered":"<p><span style=\"font-weight: 400;\">In this Ap\u00e9ritif Gourmet au Juran\u00e7on, Juran\u00e7on is a white wine from France, <\/span><b>rich and aromatic<\/b><span style=\"font-weight: 400;\">produced in the Pyr\u00e9n\u00e9es-Atlantiques region, famous for its <\/span><b>exotic fruit notes<\/b><span style=\"font-weight: 400;\">. <\/span> <\/p>\n<p><span style=\"font-weight: 400;\">Our Gourmet Aperitif with Juran\u00e7on is a delicious combination of smooth flavors and Juran\u00e7on, a sweet, fruity wine that adds a subtle touch to your aperitif.<\/span><\/p>\n<p><b>Guaranteed free from preservatives, additives and colorants.<\/b><\/p>\n<p><b>Ingredients :<\/b><span style=\"font-weight: 400;\"> lean pork and pork belly, pork liver, egg, Juran\u00e7on wine (5%), salt, pepper and garlic.<\/span><\/p>\n<p><b>Shelf life :<\/b><span style=\"font-weight: 400;\"> 3 years at room temperature. <\/span><span style=\"font-weight: 400;\">After opening, consume within 15 days and keep refrigerated.<\/span><\/p>\n<p>Find all our preparation tips and tricks in the <a href=\"\/?page_id=33969\">Blog<\/a> section <span style=\"font-weight: 400;\"> and on our <a href=\"https:\/\/www.instagram.com\/relaisgourmetofficiel\/\">instagram<\/a> page.<\/span><\/p>\n","protected":false},"excerpt":{"rendered":"<p>Our Gourmet Aperitif with Juran\u00e7on, made from French white wine, perfumes the aperitif with sweet, fruity notes.<\/p>\n<p><img decoding=\"async\" class=\"emoji\" role=\"img\" src=\"https:\/\/s.w.org\/images\/core\/emoji\/15.0.3\/svg\/1f1eb-1f1f7.svg\" alt=\"\ud83c\uddeb\ud83c\uddf7\">  Guaranteed 100% French production<br \/>\n\u2714 Guaranteed free from preservatives, additives and colorants.<br \/>\n\ud83c\udf43 Ducks fed yellow corn<br \/>\n\ud83d\ude9a Fast worldwide delivery<br \/>\n\ud83d\udd53 Shelf life 3 years<br \/>\n\ud83d\udd10 Secure payment<\/p>\n<p>Weight: 180g<\/p>\n","protected":false},"featured_media":57756,"comment_status":"closed","ping_status":"closed","template":"","meta":[],"product_brand":[],"product_cat":[1269],"product_tag":[1253,1237,1992,1991,2339,2340,2341,2342,2577,2336,2337,2338],"giftcard-category":[],"class_list":{"0":"post-42243","1":"product","2":"type-product","3":"status-publish","4":"has-post-thumbnail","6":"product_cat-gourmet-appetizers","7":"product_tag-180g-en","8":"product_tag-4-5-people","9":"product_tag-aperitif-en-2","10":"product_tag-aperitif-en","11":"product_tag-gourmet-en","12":"product_tag-jurancon-en","13":"product_tag-jurancon-pate-en","14":"product_tag-jurancon-terrine-en","15":"product_tag-made-in-france-en","16":"product_tag-pate-en","17":"product_tag-terrine-en","18":"product_tag-user-friendly","19":"product_shipping_class-tva-5-5-en","21":"first","22":"instock","23":"taxable","24":"shipping-taxable","25":"purchasable","26":"product-type-simple"},"yoast_head":"<!-- This site is optimized with the Yoast SEO Premium plugin v27.0 (Yoast SEO v27.0) - https:\/\/yoast.com\/product\/yoast-seo-premium-wordpress\/ -->\n<title>Gourmet Aperitif with Juran\u00e7on \u2013 Elegant Sweet Pairing<\/title>\n<meta name=\"description\" content=\"Come and taste this Gourmet Aperitif with Juran\u00e7on, mellow and fragrant, bringing subtle balance and sulfurous notes to the mix.\" \/>\n<meta name=\"robots\" content=\"index, follow, max-snippet:-1, max-image-preview:large, max-video-preview:-1\" \/>\n<link rel=\"canonical\" href=\"https:\/\/relaisgourmet.com\/en\/product\/gourmet-appetizer-with-jurancon\/\" \/>\n<meta property=\"og:locale\" content=\"en_US\" \/>\n<meta property=\"og:type\" content=\"article\" \/>\n<meta property=\"og:title\" content=\"Gourmet Aperitif with Juran\u00e7on\" \/>\n<meta property=\"og:description\" content=\"Come and taste this Gourmet Aperitif with Juran\u00e7on, mellow and fragrant, bringing subtle balance and sulfurous notes to the mix.\" \/>\n<meta property=\"og:url\" content=\"https:\/\/relaisgourmet.com\/en\/product\/gourmet-appetizer-with-jurancon\/\" \/>\n<meta property=\"og:site_name\" content=\"Relais Gourmet\" \/>\n<meta property=\"article:publisher\" content=\"https:\/\/facebook.com\/yoast\" \/>\n<meta property=\"article:modified_time\" content=\"2025-12-01T00:18:09+00:00\" \/>\n<meta property=\"og:image\" content=\"https:\/\/relaisgourmet.com\/wp-content\/uploads\/2024\/09\/apero-jurancon-1.jpg\" \/>\n\t<meta property=\"og:image:width\" content=\"1000\" \/>\n\t<meta property=\"og:image:height\" content=\"1000\" \/>\n\t<meta property=\"og:image:type\" content=\"image\/jpeg\" \/>\n<meta name=\"twitter:card\" content=\"summary_large_image\" \/>\n<meta name=\"twitter:label1\" content=\"Est. reading time\" \/>\n\t<meta name=\"twitter:data1\" content=\"1 minute\" \/>\n<script type=\"application\/ld+json\" class=\"yoast-schema-graph\">{\"@context\":\"https:\/\/schema.org\",\"@graph\":[{\"@type\":\"WebPage\",\"@id\":\"https:\/\/relaisgourmet.com\/en\/product\/gourmet-appetizer-with-jurancon\/\",\"url\":\"https:\/\/relaisgourmet.com\/en\/product\/gourmet-appetizer-with-jurancon\/\",\"name\":\"Gourmet Aperitif with Juran\u00e7on \u2013 Elegant Sweet Pairing\",\"isPartOf\":{\"@id\":\"https:\/\/relaisgourmet.com\/en\/#website\"},\"primaryImageOfPage\":{\"@id\":\"https:\/\/relaisgourmet.com\/en\/product\/gourmet-appetizer-with-jurancon\/#primaryimage\"},\"image\":{\"@id\":\"https:\/\/relaisgourmet.com\/en\/product\/gourmet-appetizer-with-jurancon\/#primaryimage\"},\"thumbnailUrl\":\"https:\/\/relaisgourmet.com\/wp-content\/uploads\/2014\/10\/Apero-Jurancon-min.png\",\"datePublished\":\"2014-10-19T12:49:50+00:00\",\"dateModified\":\"2025-12-01T00:18:09+00:00\",\"description\":\"Come and taste this Gourmet Aperitif with Juran\u00e7on, mellow and fragrant, bringing subtle balance and sulfurous notes to the mix.\",\"breadcrumb\":{\"@id\":\"https:\/\/relaisgourmet.com\/en\/product\/gourmet-appetizer-with-jurancon\/#breadcrumb\"},\"inLanguage\":\"en-US\",\"potentialAction\":[{\"@type\":\"ReadAction\",\"target\":[\"https:\/\/relaisgourmet.com\/en\/product\/gourmet-appetizer-with-jurancon\/\"]}]},{\"@type\":\"ImageObject\",\"inLanguage\":\"en-US\",\"@id\":\"https:\/\/relaisgourmet.com\/en\/product\/gourmet-appetizer-with-jurancon\/#primaryimage\",\"url\":\"https:\/\/relaisgourmet.com\/wp-content\/uploads\/2014\/10\/Apero-Jurancon-min.png\",\"contentUrl\":\"https:\/\/relaisgourmet.com\/wp-content\/uploads\/2014\/10\/Apero-Jurancon-min.png\",\"width\":1000,\"height\":1000},{\"@type\":\"BreadcrumbList\",\"@id\":\"https:\/\/relaisgourmet.com\/en\/product\/gourmet-appetizer-with-jurancon\/#breadcrumb\",\"itemListElement\":[{\"@type\":\"ListItem\",\"position\":1,\"name\":\"Portada\",\"item\":\"https:\/\/relaisgourmet.com\/en\/https-relaisgourmet-com\/\"},{\"@type\":\"ListItem\",\"position\":2,\"name\":\"Authentic Foie Gras\",\"item\":\"https:\/\/relaisgourmet.com\/en\/authentic-foie-gras\/\"},{\"@type\":\"ListItem\",\"position\":3,\"name\":\"Gourmet Aperitif with Juran\u00e7on\"}]},{\"@type\":\"WebSite\",\"@id\":\"https:\/\/relaisgourmet.com\/en\/#website\",\"url\":\"https:\/\/relaisgourmet.com\/en\/\",\"name\":\"Relais Gourmet\",\"description\":\"Maison Gastronomique au Pays-Basque Depuis 2004\",\"publisher\":{\"@id\":\"https:\/\/relaisgourmet.com\/en\/#organization\"},\"potentialAction\":[{\"@type\":\"SearchAction\",\"target\":{\"@type\":\"EntryPoint\",\"urlTemplate\":\"https:\/\/relaisgourmet.com\/en\/?s={search_term_string}\"},\"query-input\":{\"@type\":\"PropertyValueSpecification\",\"valueRequired\":true,\"valueName\":\"search_term_string\"}}],\"inLanguage\":\"en-US\"},{\"@type\":\"Organization\",\"@id\":\"https:\/\/relaisgourmet.com\/en\/#organization\",\"name\":\"Relais Gourmet\",\"url\":\"https:\/\/relaisgourmet.com\/en\/\",\"logo\":{\"@type\":\"ImageObject\",\"inLanguage\":\"en-US\",\"@id\":\"https:\/\/relaisgourmet.com\/en\/#\/schema\/logo\/image\/\",\"url\":\"https:\/\/relaisgourmet.com\/wp-content\/uploads\/2024\/11\/Diseno-sin-titulo-8.jpg\",\"contentUrl\":\"https:\/\/relaisgourmet.com\/wp-content\/uploads\/2024\/11\/Diseno-sin-titulo-8.jpg\",\"width\":500,\"height\":500,\"caption\":\"Relais Gourmet\"},\"image\":{\"@id\":\"https:\/\/relaisgourmet.com\/en\/#\/schema\/logo\/image\/\"},\"sameAs\":[\"https:\/\/facebook.com\/yoast\",\"https:\/\/instagram.com\/yoast\"]}]}<\/script>\n<!-- \/ Yoast SEO Premium plugin. -->","yoast_head_json":{"title":"Gourmet Aperitif with Juran\u00e7on \u2013 Elegant Sweet Pairing","description":"Come and taste this Gourmet Aperitif with Juran\u00e7on, mellow and fragrant, bringing subtle balance and sulfurous notes to the mix.","robots":{"index":"index","follow":"follow","max-snippet":"max-snippet:-1","max-image-preview":"max-image-preview:large","max-video-preview":"max-video-preview:-1"},"canonical":"https:\/\/relaisgourmet.com\/en\/product\/gourmet-appetizer-with-jurancon\/","og_locale":"en_US","og_type":"article","og_title":"Gourmet Aperitif with Juran\u00e7on","og_description":"Come and taste this Gourmet Aperitif with Juran\u00e7on, mellow and fragrant, bringing subtle balance and sulfurous notes to the mix.","og_url":"https:\/\/relaisgourmet.com\/en\/product\/gourmet-appetizer-with-jurancon\/","og_site_name":"Relais Gourmet","article_publisher":"https:\/\/facebook.com\/yoast","article_modified_time":"2025-12-01T00:18:09+00:00","og_image":[{"width":1000,"height":1000,"url":"https:\/\/relaisgourmet.com\/wp-content\/uploads\/2024\/09\/apero-jurancon-1.jpg","type":"image\/jpeg"}],"twitter_card":"summary_large_image","twitter_misc":{"Est. reading time":"1 minute"},"schema":{"@context":"https:\/\/schema.org","@graph":[{"@type":"WebPage","@id":"https:\/\/relaisgourmet.com\/en\/product\/gourmet-appetizer-with-jurancon\/","url":"https:\/\/relaisgourmet.com\/en\/product\/gourmet-appetizer-with-jurancon\/","name":"Gourmet Aperitif with Juran\u00e7on \u2013 Elegant Sweet Pairing","isPartOf":{"@id":"https:\/\/relaisgourmet.com\/en\/#website"},"primaryImageOfPage":{"@id":"https:\/\/relaisgourmet.com\/en\/product\/gourmet-appetizer-with-jurancon\/#primaryimage"},"image":{"@id":"https:\/\/relaisgourmet.com\/en\/product\/gourmet-appetizer-with-jurancon\/#primaryimage"},"thumbnailUrl":"https:\/\/relaisgourmet.com\/wp-content\/uploads\/2014\/10\/Apero-Jurancon-min.png","datePublished":"2014-10-19T12:49:50+00:00","dateModified":"2025-12-01T00:18:09+00:00","description":"Come and taste this Gourmet Aperitif with Juran\u00e7on, mellow and fragrant, bringing subtle balance and sulfurous notes to the mix.","breadcrumb":{"@id":"https:\/\/relaisgourmet.com\/en\/product\/gourmet-appetizer-with-jurancon\/#breadcrumb"},"inLanguage":"en-US","potentialAction":[{"@type":"ReadAction","target":["https:\/\/relaisgourmet.com\/en\/product\/gourmet-appetizer-with-jurancon\/"]}]},{"@type":"ImageObject","inLanguage":"en-US","@id":"https:\/\/relaisgourmet.com\/en\/product\/gourmet-appetizer-with-jurancon\/#primaryimage","url":"https:\/\/relaisgourmet.com\/wp-content\/uploads\/2014\/10\/Apero-Jurancon-min.png","contentUrl":"https:\/\/relaisgourmet.com\/wp-content\/uploads\/2014\/10\/Apero-Jurancon-min.png","width":1000,"height":1000},{"@type":"BreadcrumbList","@id":"https:\/\/relaisgourmet.com\/en\/product\/gourmet-appetizer-with-jurancon\/#breadcrumb","itemListElement":[{"@type":"ListItem","position":1,"name":"Portada","item":"https:\/\/relaisgourmet.com\/en\/https-relaisgourmet-com\/"},{"@type":"ListItem","position":2,"name":"Authentic Foie Gras","item":"https:\/\/relaisgourmet.com\/en\/authentic-foie-gras\/"},{"@type":"ListItem","position":3,"name":"Gourmet Aperitif with Juran\u00e7on"}]},{"@type":"WebSite","@id":"https:\/\/relaisgourmet.com\/en\/#website","url":"https:\/\/relaisgourmet.com\/en\/","name":"Relais Gourmet","description":"Maison Gastronomique au Pays-Basque Depuis 2004","publisher":{"@id":"https:\/\/relaisgourmet.com\/en\/#organization"},"potentialAction":[{"@type":"SearchAction","target":{"@type":"EntryPoint","urlTemplate":"https:\/\/relaisgourmet.com\/en\/?s={search_term_string}"},"query-input":{"@type":"PropertyValueSpecification","valueRequired":true,"valueName":"search_term_string"}}],"inLanguage":"en-US"},{"@type":"Organization","@id":"https:\/\/relaisgourmet.com\/en\/#organization","name":"Relais Gourmet","url":"https:\/\/relaisgourmet.com\/en\/","logo":{"@type":"ImageObject","inLanguage":"en-US","@id":"https:\/\/relaisgourmet.com\/en\/#\/schema\/logo\/image\/","url":"https:\/\/relaisgourmet.com\/wp-content\/uploads\/2024\/11\/Diseno-sin-titulo-8.jpg","contentUrl":"https:\/\/relaisgourmet.com\/wp-content\/uploads\/2024\/11\/Diseno-sin-titulo-8.jpg","width":500,"height":500,"caption":"Relais Gourmet"},"image":{"@id":"https:\/\/relaisgourmet.com\/en\/#\/schema\/logo\/image\/"},"sameAs":["https:\/\/facebook.com\/yoast","https:\/\/instagram.com\/yoast"]}]}},"_links":{"self":[{"href":"https:\/\/relaisgourmet.com\/en\/wp-json\/wp\/v2\/product\/42243","targetHints":{"allow":["GET"]}}],"collection":[{"href":"https:\/\/relaisgourmet.com\/en\/wp-json\/wp\/v2\/product"}],"about":[{"href":"https:\/\/relaisgourmet.com\/en\/wp-json\/wp\/v2\/types\/product"}],"replies":[{"embeddable":true,"href":"https:\/\/relaisgourmet.com\/en\/wp-json\/wp\/v2\/comments?post=42243"}],"version-history":[{"count":1,"href":"https:\/\/relaisgourmet.com\/en\/wp-json\/wp\/v2\/product\/42243\/revisions"}],"predecessor-version":[{"id":54833,"href":"https:\/\/relaisgourmet.com\/en\/wp-json\/wp\/v2\/product\/42243\/revisions\/54833"}],"wp:featuredmedia":[{"embeddable":true,"href":"https:\/\/relaisgourmet.com\/en\/wp-json\/wp\/v2\/media\/57756"}],"wp:attachment":[{"href":"https:\/\/relaisgourmet.com\/en\/wp-json\/wp\/v2\/media?parent=42243"}],"wp:term":[{"taxonomy":"product_brand","embeddable":true,"href":"https:\/\/relaisgourmet.com\/en\/wp-json\/wp\/v2\/product_brand?post=42243"},{"taxonomy":"product_cat","embeddable":true,"href":"https:\/\/relaisgourmet.com\/en\/wp-json\/wp\/v2\/product_cat?post=42243"},{"taxonomy":"product_tag","embeddable":true,"href":"https:\/\/relaisgourmet.com\/en\/wp-json\/wp\/v2\/product_tag?post=42243"},{"taxonomy":"giftcard-category","embeddable":true,"href":"https:\/\/relaisgourmet.com\/en\/wp-json\/wp\/v2\/giftcard-category?post=42243"}],"curies":[{"name":"wp","href":"https:\/\/api.w.org\/{rel}","templated":true}]}}