{"id":43004,"date":"2024-09-19T11:56:47","date_gmt":"2024-09-19T09:56:47","guid":{"rendered":"https:\/\/relaisgourmet.com\/meilleures-ventes-foie-gras\/"},"modified":"2025-04-09T22:57:49","modified_gmt":"2025-04-09T20:57:49","slug":"best-sellers-foie-gras","status":"publish","type":"page","link":"https:\/\/relaisgourmet.com\/en\/best-sellers-foie-gras\/","title":{"rendered":"Best-Selling Foie Gras"},"content":{"rendered":"\t\t<div data-elementor-type=\"wp-page\" data-elementor-id=\"43004\" class=\"elementor elementor-43004 elementor-35051\" data-elementor-post-type=\"page\">\n\t\t\t\t<div class=\"elementor-element elementor-element-5e1783a e-flex e-con-boxed e-con e-parent\" data-id=\"5e1783a\" data-element_type=\"container\" data-settings=\"{&quot;background_background&quot;:&quot;classic&quot;}\">\n\t\t\t\t\t<div class=\"e-con-inner\">\n\t\t\t\t<div class=\"elementor-element elementor-element-ef2c23f elementor-widget elementor-widget-woocommerce-breadcrumb\" data-id=\"ef2c23f\" data-element_type=\"widget\" data-widget_type=\"woocommerce-breadcrumb.default\">\n\t\t\t\t<div class=\"elementor-widget-container\">\n\t\t\t\t\t<nav class=\"woocommerce-breadcrumb\" aria-label=\"Breadcrumb\">Home<\/nav>\t\t\t\t<\/div>\n\t\t\t\t<\/div>\n\t\t\t\t\t<\/div>\n\t\t\t\t<\/div>\n\t\t<div class=\"elementor-element elementor-element-1d19b3a e-flex e-con-boxed e-con e-parent\" data-id=\"1d19b3a\" data-element_type=\"container\">\n\t\t\t\t\t<div class=\"e-con-inner\">\n\t\t<div class=\"elementor-element elementor-element-d533c9d e-con-full e-flex e-con e-child\" data-id=\"d533c9d\" data-element_type=\"container\">\n\t\t\t\t<div class=\"elementor-element elementor-element-969b206 elementor-widget elementor-widget-heading\" data-id=\"969b206\" data-element_type=\"widget\" data-widget_type=\"heading.default\">\n\t\t\t\t<div class=\"elementor-widget-container\">\n\t\t\t\t\t<h1 class=\"elementor-heading-title elementor-size-default\">Best-Selling Foie Gras<\/h1>\t\t\t\t<\/div>\n\t\t\t\t<\/div>\n\t\t\t\t<div class=\"elementor-element elementor-element-69b9e14 elementor-widget elementor-widget-text-editor\" data-id=\"69b9e14\" data-element_type=\"widget\" data-widget_type=\"text-editor.default\">\n\t\t\t\t<div class=\"elementor-widget-container\">\n\t\t\t\t\t\t\t\t\t<p><\/p>\n\t\t\t\t\t\t\t\t<\/div>\n\t\t\t\t<\/div>\n\t\t\t\t<\/div>\n\t\t<div class=\"elementor-element elementor-element-2f2f212 e-con-full e-flex e-con e-child\" data-id=\"2f2f212\" data-element_type=\"container\">\n\t\t\t\t<\/div>\n\t\t\t\t\t<\/div>\n\t\t\t\t<\/div>\n\t\t<div class=\"elementor-element elementor-element-fc2f9a6 e-flex e-con-boxed e-con e-parent\" data-id=\"fc2f9a6\" data-element_type=\"container\">\n\t\t\t\t\t<div class=\"e-con-inner\">\n\t\t\t\t<div class=\"elementor-element elementor-element-cad41f9 elementor-widget elementor-widget-text-editor\" data-id=\"cad41f9\" data-element_type=\"widget\" data-widget_type=\"text-editor.default\">\n\t\t\t\t<div class=\"elementor-widget-container\">\n\t\t\t\t\t\t\t\t\t<p><strong>D\u00e9couvrez nos meilleures ventes de Foies gras d&#8217;exception<\/strong><u><\/u><u><\/u><\/p>\n<p>Nos produits phares vous attendent ! Relais Gourmet vous propose une s\u00e9lection de Foies gras entiers, sans conservateur, sans colorants ni additif. Profitez de la qualit\u00e9 supr\u00eame de notre savoir-faire, id\u00e9ale pour vos repas festifs ou pour offrir en cadeau.<u><\/u><u><\/u><\/p>\n<p><strong>Les incontournables de Relais Gourmet pour vos tables gourmandes<\/strong><u><\/u><u><\/u><\/p>\n<p>Parcourez notre gamme des best-sellers en Foies gras classiques, fruit\u00e9s\u2026 De l\u2019entr\u00e9e jusqu&#8217;\u00e0 l&#8217;ap\u00e9ritif, d\u00e9gustez des saveurs authentiques, issues d\u2019un savoir-faire et tradition du Sud-Ouest de la France.<u><\/u><u><\/u><\/p>\n<p>Commandez d\u00e8s maintenant pour d\u00e9couvrir nos produits les plus appr\u00e9ci\u00e9s !<\/p>\n\t\t\t\t\t\t\t\t<\/div>\n\t\t\t\t<\/div>\n\t\t\t\t\t<\/div>\n\t\t\t\t<\/div>\n\t\t\t\t<\/div>\n\t\t","protected":false},"excerpt":{"rendered":"<p>D\u00e9couvrez nos meilleures ventes de Foies gras d&#8217;exception Nos produits phares vous attendent ! Relais Gourmet vous propose une s\u00e9lection de Foies gras entiers, sans conservateur, sans colorants ni additif. Profitez de la qualit\u00e9 supr\u00eame de notre savoir-faire, id\u00e9ale pour vos repas festifs ou pour offrir en cadeau. Les incontournables de Relais Gourmet pour vos [&hellip;]<\/p>\n","protected":false},"author":1,"featured_media":0,"parent":0,"menu_order":0,"comment_status":"closed","ping_status":"closed","template":"elementor_header_footer","meta":{"footnotes":""},"class_list":["post-43004","page","type-page","status-publish","hentry"],"yoast_head":"<!-- This site is optimized with the Yoast SEO Premium plugin v27.0 (Yoast SEO v27.3) - https:\/\/yoast.com\/product\/yoast-seo-premium-wordpress\/ -->\n<title>Best-Selling Foie Gras<\/title>\n<meta name=\"description\" content=\"Best-Selling Foie Gras - Relais Gourmet\" \/>\n<meta name=\"robots\" content=\"index, follow, max-snippet:-1, max-image-preview:large, max-video-preview:-1\" \/>\n<link rel=\"canonical\" href=\"https:\/\/relaisgourmet.com\/en\/best-sellers-foie-gras\/\" \/>\n<meta property=\"og:locale\" content=\"en_US\" \/>\n<meta property=\"og:type\" content=\"article\" \/>\n<meta property=\"og:title\" content=\"Best-Selling Foie Gras\" \/>\n<meta property=\"og:description\" content=\"Best-Selling Foie Gras - Relais Gourmet\" \/>\n<meta property=\"og:url\" content=\"https:\/\/relaisgourmet.com\/en\/best-sellers-foie-gras\/\" \/>\n<meta property=\"og:site_name\" content=\"Relais Gourmet\" \/>\n<meta property=\"article:publisher\" content=\"https:\/\/facebook.com\/yoast\" \/>\n<meta property=\"article:modified_time\" content=\"2025-04-09T20:57:49+00:00\" \/>\n<meta name=\"twitter:card\" content=\"summary_large_image\" \/>\n<meta name=\"twitter:label1\" content=\"Est. reading time\" \/>\n\t<meta name=\"twitter:data1\" content=\"1 minute\" \/>\n<script type=\"application\/ld+json\" class=\"yoast-schema-graph\">{\"@context\":\"https:\\\/\\\/schema.org\",\"@graph\":[{\"@type\":\"WebPage\",\"@id\":\"https:\\\/\\\/relaisgourmet.com\\\/en\\\/best-sellers-foie-gras\\\/\",\"url\":\"https:\\\/\\\/relaisgourmet.com\\\/en\\\/best-sellers-foie-gras\\\/\",\"name\":\"Best-Selling Foie Gras\",\"isPartOf\":{\"@id\":\"https:\\\/\\\/relaisgourmet.com\\\/en\\\/#website\"},\"datePublished\":\"2024-09-19T09:56:47+00:00\",\"dateModified\":\"2025-04-09T20:57:49+00:00\",\"description\":\"Best-Selling Foie Gras - Relais Gourmet\",\"breadcrumb\":{\"@id\":\"https:\\\/\\\/relaisgourmet.com\\\/en\\\/best-sellers-foie-gras\\\/#breadcrumb\"},\"inLanguage\":\"en-US\",\"potentialAction\":[{\"@type\":\"ReadAction\",\"target\":[\"https:\\\/\\\/relaisgourmet.com\\\/en\\\/best-sellers-foie-gras\\\/\"]}]},{\"@type\":\"BreadcrumbList\",\"@id\":\"https:\\\/\\\/relaisgourmet.com\\\/en\\\/best-sellers-foie-gras\\\/#breadcrumb\",\"itemListElement\":[{\"@type\":\"ListItem\",\"position\":1,\"name\":\"Portada\",\"item\":\"https:\\\/\\\/relaisgourmet.com\\\/en\\\/https-relaisgourmet-com\\\/\"},{\"@type\":\"ListItem\",\"position\":2,\"name\":\"Best-Selling Foie Gras\"}]},{\"@type\":\"WebSite\",\"@id\":\"https:\\\/\\\/relaisgourmet.com\\\/en\\\/#website\",\"url\":\"https:\\\/\\\/relaisgourmet.com\\\/en\\\/\",\"name\":\"Relais Gourmet\",\"description\":\"Maison Gastronomique au Pays-Basque Depuis 2004\",\"publisher\":{\"@id\":\"https:\\\/\\\/relaisgourmet.com\\\/en\\\/#organization\"},\"potentialAction\":[{\"@type\":\"SearchAction\",\"target\":{\"@type\":\"EntryPoint\",\"urlTemplate\":\"https:\\\/\\\/relaisgourmet.com\\\/en\\\/?s={search_term_string}\"},\"query-input\":{\"@type\":\"PropertyValueSpecification\",\"valueRequired\":true,\"valueName\":\"search_term_string\"}}],\"inLanguage\":\"en-US\"},{\"@type\":\"Organization\",\"@id\":\"https:\\\/\\\/relaisgourmet.com\\\/en\\\/#organization\",\"name\":\"Relais Gourmet\",\"url\":\"https:\\\/\\\/relaisgourmet.com\\\/en\\\/\",\"logo\":{\"@type\":\"ImageObject\",\"inLanguage\":\"en-US\",\"@id\":\"https:\\\/\\\/relaisgourmet.com\\\/en\\\/#\\\/schema\\\/logo\\\/image\\\/\",\"url\":\"https:\\\/\\\/relaisgourmet.com\\\/wp-content\\\/uploads\\\/2024\\\/11\\\/Diseno-sin-titulo-8.jpg\",\"contentUrl\":\"https:\\\/\\\/relaisgourmet.com\\\/wp-content\\\/uploads\\\/2024\\\/11\\\/Diseno-sin-titulo-8.jpg\",\"width\":500,\"height\":500,\"caption\":\"Relais Gourmet\"},\"image\":{\"@id\":\"https:\\\/\\\/relaisgourmet.com\\\/en\\\/#\\\/schema\\\/logo\\\/image\\\/\"},\"sameAs\":[\"https:\\\/\\\/facebook.com\\\/yoast\",\"https:\\\/\\\/instagram.com\\\/yoast\"]}]}<\/script>\n<!-- \/ Yoast SEO Premium plugin. -->","yoast_head_json":{"title":"Best-Selling Foie Gras","description":"Best-Selling Foie Gras - Relais Gourmet","robots":{"index":"index","follow":"follow","max-snippet":"max-snippet:-1","max-image-preview":"max-image-preview:large","max-video-preview":"max-video-preview:-1"},"canonical":"https:\/\/relaisgourmet.com\/en\/best-sellers-foie-gras\/","og_locale":"en_US","og_type":"article","og_title":"Best-Selling Foie Gras","og_description":"Best-Selling Foie Gras - Relais Gourmet","og_url":"https:\/\/relaisgourmet.com\/en\/best-sellers-foie-gras\/","og_site_name":"Relais Gourmet","article_publisher":"https:\/\/facebook.com\/yoast","article_modified_time":"2025-04-09T20:57:49+00:00","twitter_card":"summary_large_image","twitter_misc":{"Est. reading time":"1 minute"},"schema":{"@context":"https:\/\/schema.org","@graph":[{"@type":"WebPage","@id":"https:\/\/relaisgourmet.com\/en\/best-sellers-foie-gras\/","url":"https:\/\/relaisgourmet.com\/en\/best-sellers-foie-gras\/","name":"Best-Selling Foie Gras","isPartOf":{"@id":"https:\/\/relaisgourmet.com\/en\/#website"},"datePublished":"2024-09-19T09:56:47+00:00","dateModified":"2025-04-09T20:57:49+00:00","description":"Best-Selling Foie Gras - Relais Gourmet","breadcrumb":{"@id":"https:\/\/relaisgourmet.com\/en\/best-sellers-foie-gras\/#breadcrumb"},"inLanguage":"en-US","potentialAction":[{"@type":"ReadAction","target":["https:\/\/relaisgourmet.com\/en\/best-sellers-foie-gras\/"]}]},{"@type":"BreadcrumbList","@id":"https:\/\/relaisgourmet.com\/en\/best-sellers-foie-gras\/#breadcrumb","itemListElement":[{"@type":"ListItem","position":1,"name":"Portada","item":"https:\/\/relaisgourmet.com\/en\/https-relaisgourmet-com\/"},{"@type":"ListItem","position":2,"name":"Best-Selling Foie Gras"}]},{"@type":"WebSite","@id":"https:\/\/relaisgourmet.com\/en\/#website","url":"https:\/\/relaisgourmet.com\/en\/","name":"Relais Gourmet","description":"Maison Gastronomique au Pays-Basque Depuis 2004","publisher":{"@id":"https:\/\/relaisgourmet.com\/en\/#organization"},"potentialAction":[{"@type":"SearchAction","target":{"@type":"EntryPoint","urlTemplate":"https:\/\/relaisgourmet.com\/en\/?s={search_term_string}"},"query-input":{"@type":"PropertyValueSpecification","valueRequired":true,"valueName":"search_term_string"}}],"inLanguage":"en-US"},{"@type":"Organization","@id":"https:\/\/relaisgourmet.com\/en\/#organization","name":"Relais Gourmet","url":"https:\/\/relaisgourmet.com\/en\/","logo":{"@type":"ImageObject","inLanguage":"en-US","@id":"https:\/\/relaisgourmet.com\/en\/#\/schema\/logo\/image\/","url":"https:\/\/relaisgourmet.com\/wp-content\/uploads\/2024\/11\/Diseno-sin-titulo-8.jpg","contentUrl":"https:\/\/relaisgourmet.com\/wp-content\/uploads\/2024\/11\/Diseno-sin-titulo-8.jpg","width":500,"height":500,"caption":"Relais Gourmet"},"image":{"@id":"https:\/\/relaisgourmet.com\/en\/#\/schema\/logo\/image\/"},"sameAs":["https:\/\/facebook.com\/yoast","https:\/\/instagram.com\/yoast"]}]}},"_links":{"self":[{"href":"https:\/\/relaisgourmet.com\/en\/wp-json\/wp\/v2\/pages\/43004","targetHints":{"allow":["GET"]}}],"collection":[{"href":"https:\/\/relaisgourmet.com\/en\/wp-json\/wp\/v2\/pages"}],"about":[{"href":"https:\/\/relaisgourmet.com\/en\/wp-json\/wp\/v2\/types\/page"}],"author":[{"embeddable":true,"href":"https:\/\/relaisgourmet.com\/en\/wp-json\/wp\/v2\/users\/1"}],"replies":[{"embeddable":true,"href":"https:\/\/relaisgourmet.com\/en\/wp-json\/wp\/v2\/comments?post=43004"}],"version-history":[{"count":9,"href":"https:\/\/relaisgourmet.com\/en\/wp-json\/wp\/v2\/pages\/43004\/revisions"}],"predecessor-version":[{"id":55591,"href":"https:\/\/relaisgourmet.com\/en\/wp-json\/wp\/v2\/pages\/43004\/revisions\/55591"}],"wp:attachment":[{"href":"https:\/\/relaisgourmet.com\/en\/wp-json\/wp\/v2\/media?parent=43004"}],"curies":[{"name":"wp","href":"https:\/\/api.w.org\/{rel}","templated":true}]}}