{"id":67260,"date":"2026-03-10T12:24:45","date_gmt":"2026-03-10T12:24:45","guid":{"rendered":"https:\/\/relaisgourmet.com\/product\/leberpastete-einfach-zubereiten\/"},"modified":"2026-04-01T22:42:32","modified_gmt":"2026-04-01T22:42:32","slug":"leberpastete-einfach-zubereiten","status":"publish","type":"product","link":"https:\/\/relaisgourmet.com\/de\/produkt\/leberpastete-einfach-zubereiten\/","title":{"rendered":"Leberpastete einfach zubereiten"},"content":{"rendered":"<h2>Kochen mit Leberpastete ist ein unentbehrlicher Begleiter f\u00fcr alle Liebhaber von Stopfleber, sowohl f\u00fcr angehende als auch f\u00fcr erfahrene K\u00f6che.<\/h2>\n<p>&nbsp;<\/p>\n<p>Dieses Buch bietet eine <strong>Vielzahl einfacher und effektiver Rezepte<\/strong> zur Vorbereitung und <strong>Zubereitung<\/strong> von Leberpastete, mit <strong>Ratschl\u00e4gen<\/strong> zur <strong>Auswahl der Foie<\/strong> Gras und zu den <strong>Zubereitungstechniken<\/strong>. Die Rezepte umfassen<strong> klassische Gerichte<\/strong> wie<strong> gebratene F<\/strong> oie Gras und<strong> innovative Kreationen<\/strong> wie Foie Gras mit Lebkuchenkruste. <\/p>\n<p>Neben den Rezepten enth\u00e4lt das Buch auch Informationen \u00fcber die Geschichte und Kultur der Foie Gras sowie <strong>Ratschl\u00e4ge zur Auswahl der besten Weine<\/strong> und Beilagen f\u00fcr jedes Gericht.<\/p>\n<p>Mit diesem E-Book wird die Leberpastete keine Geheimnisse mehr vor Ihnen haben! Es ist an der Zeit, sich selbst und Ihre Lieben an den Feiertagen zu verw\u00f6hnen. <\/p>\n<p>Alle unsere Tipps zur Zubereitung von Foie Gras finden Sie in unserem <a href=\"https:\/\/epic-varahamihira.207-180-195-93.plesk.page\/index.php\/blog-foies-gras-actualite\/\">Blog<\/a> und alle unsere Produkte in der Relais Gourmet Boutique.<\/p>\n<p>Besuchen Sie unseren <a href=\"https:\/\/epic-varahamihira.207-180-195-93.plesk.page\/index.php\/blog-foies-gras-actualite\/\">Blog<\/a>, um unsere <a href=\"\/?page_id=33979\">Rezepte <\/a>und andere Neuigkeiten zu entdecken.<\/p>\n<p>F\u00fcr ein Gourmet-Essen, warum nicht mit einem k\u00f6stlichen Turrones <a href=\"https:\/\/mariasimona.com\/\">Maria Simona <\/a> abschlie\u00dfen?<\/p>\n","protected":false},"excerpt":{"rendered":"<p>Stopfleber ist und bleibt eine au\u00dfergew\u00f6hnliche Delikatesse. Mit diesem ebook k\u00f6nnen Sie sie in Terrinen, Schnitzeln, Ravioli, Salaten&#8230; zubereiten. <\/p>\n<p>Es besteht aus vielen leckeren Rezepten (Vorspeisen, Hauptgerichte und Desserts), die Sie verw\u00f6hnen und Ihren Gaumen \u00fcberraschen werden.<\/p>\n<p>Beispiele f\u00fcr Rezepte: Makronen mit Stopfleber, Truthahn gef\u00fcllt mit Stopfleber und Kastanien, Wintergem\u00fcse mit Stopfleber&#8230;.<\/p>\n<p>Sie werden zu einem &#8222;Experten&#8220; in der einfachen Zubereitung von G\u00e4nseleberpastete.<\/p>\n","protected":false},"featured_media":67261,"comment_status":"closed","ping_status":"closed","template":"","meta":{"_iconic_wsb_product_page_order_bump_ids":[],"_sku":["3710000337033"],"_iconic_wsb_product_page_bump_modal_ids":[]},"product_brand":[],"product_cat":[2158],"product_tag":[2748,1924,2851,1661],"giftcard-category":[],"class_list":{"0":"post-67260","1":"product","2":"type-product","3":"status-publish","4":"has-post-thumbnail","6":"product_cat-koch-e-books","7":"product_tag-ebook","8":"product_tag-foie-gras","9":"product_tag-kochen","10":"product_tag-made-in-frankreich","11":"product_shipping_class-standard","13":"first","14":"instock","15":"downloadable","16":"virtual","17":"taxable","18":"purchasable","19":"product-type-simple"},"yoast_head":"<!-- This site is optimized with the Yoast SEO Premium plugin v27.3 (Yoast SEO v27.3) - https:\/\/yoast.com\/product\/yoast-seo-premium-wordpress\/ -->\n<title>Kochen mit Leberpastete : Ideen und Rezepte | Relais Gourmet<\/title>\n<meta name=\"description\" content=\"Buch &quot;Cuisiner le Foie Gras&quot;: Entdecken Sie alle Tipps und Tricks, um Foie Gras zu Hause zu verfeinern.\" \/>\n<meta name=\"robots\" content=\"index, follow, max-snippet:-1, max-image-preview:large, max-video-preview:-1\" \/>\n<link rel=\"canonical\" href=\"https:\/\/relaisgourmet.com\/de\/produkt\/leberpastete-einfach-zubereiten\/\" \/>\n<meta property=\"og:locale\" content=\"de_DE\" \/>\n<meta property=\"og:type\" content=\"article\" \/>\n<meta property=\"og:title\" content=\"Leberpastete einfach zubereiten\" \/>\n<meta property=\"og:description\" content=\"Stopfleber ist und bleibt eine au\u00dfergew\u00f6hnliche Delikatesse. Mit diesem ebook k\u00f6nnen Sie sie in Terrinen, Schnitzeln, Ravioli, Salaten... zubereiten.  Es besteht aus vielen leckeren Rezepten (Vorspeisen, Hauptgerichte und Desserts), die Sie verw\u00f6hnen und Ihren Gaumen \u00fcberraschen werden. Beispiele f\u00fcr Rezepte: Makronen mit Stopfleber, Truthahn gef\u00fcllt mit Stopfleber und Kastanien, Wintergem\u00fcse mit Stopfleber.... Sie werden zu einem &quot;Experten&quot; in der einfachen Zubereitung von G\u00e4nseleberpastete.\" \/>\n<meta property=\"og:url\" content=\"https:\/\/relaisgourmet.com\/de\/produkt\/leberpastete-einfach-zubereiten\/\" \/>\n<meta property=\"og:site_name\" content=\"Relais Gourmet\" \/>\n<meta property=\"article:publisher\" content=\"https:\/\/www.facebook.com\/relaisgourmet\/\" \/>\n<meta property=\"article:modified_time\" content=\"2026-04-01T22:42:32+00:00\" \/>\n<meta property=\"og:image\" content=\"https:\/\/relaisgourmet.com\/wp-content\/uploads\/2026\/03\/5-e1698754257552-1.jpg\" \/>\n\t<meta property=\"og:image:width\" content=\"1000\" \/>\n\t<meta property=\"og:image:height\" content=\"1179\" \/>\n\t<meta property=\"og:image:type\" content=\"image\/jpeg\" \/>\n<meta name=\"twitter:card\" content=\"summary_large_image\" \/>\n<meta name=\"twitter:site\" content=\"@relaisgourmet64\" \/>\n<meta name=\"twitter:label1\" content=\"Gesch\u00e4tzte Lesezeit\" \/>\n\t<meta name=\"twitter:data1\" content=\"1\u00a0Minute\" \/>\n<script type=\"application\/ld+json\" class=\"yoast-schema-graph\">{\"@context\":\"https:\\\/\\\/schema.org\",\"@graph\":[{\"@type\":\"WebPage\",\"@id\":\"https:\\\/\\\/relaisgourmet.com\\\/de\\\/produkt\\\/leberpastete-einfach-zubereiten\\\/\",\"url\":\"https:\\\/\\\/relaisgourmet.com\\\/de\\\/produkt\\\/leberpastete-einfach-zubereiten\\\/\",\"name\":\"Kochen mit Leberpastete : Ideen und Rezepte | Relais Gourmet\",\"isPartOf\":{\"@id\":\"https:\\\/\\\/relaisgourmet.com\\\/de\\\/#website\"},\"primaryImageOfPage\":{\"@id\":\"https:\\\/\\\/relaisgourmet.com\\\/de\\\/produkt\\\/leberpastete-einfach-zubereiten\\\/#primaryimage\"},\"image\":{\"@id\":\"https:\\\/\\\/relaisgourmet.com\\\/de\\\/produkt\\\/leberpastete-einfach-zubereiten\\\/#primaryimage\"},\"thumbnailUrl\":\"https:\\\/\\\/relaisgourmet.com\\\/wp-content\\\/uploads\\\/2026\\\/03\\\/5-e1698754257552-1.jpg\",\"datePublished\":\"2026-03-10T12:24:45+00:00\",\"dateModified\":\"2026-04-01T22:42:32+00:00\",\"description\":\"Buch \\\"Cuisiner le Foie Gras\\\": Entdecken Sie alle Tipps und Tricks, um Foie Gras zu Hause zu verfeinern.\",\"breadcrumb\":{\"@id\":\"https:\\\/\\\/relaisgourmet.com\\\/de\\\/produkt\\\/leberpastete-einfach-zubereiten\\\/#breadcrumb\"},\"inLanguage\":\"de\",\"potentialAction\":[{\"@type\":\"ReadAction\",\"target\":[\"https:\\\/\\\/relaisgourmet.com\\\/de\\\/produkt\\\/leberpastete-einfach-zubereiten\\\/\"]}]},{\"@type\":\"ImageObject\",\"inLanguage\":\"de\",\"@id\":\"https:\\\/\\\/relaisgourmet.com\\\/de\\\/produkt\\\/leberpastete-einfach-zubereiten\\\/#primaryimage\",\"url\":\"https:\\\/\\\/relaisgourmet.com\\\/wp-content\\\/uploads\\\/2026\\\/03\\\/5-e1698754257552-1.jpg\",\"contentUrl\":\"https:\\\/\\\/relaisgourmet.com\\\/wp-content\\\/uploads\\\/2026\\\/03\\\/5-e1698754257552-1.jpg\",\"width\":1000,\"height\":1179},{\"@type\":\"BreadcrumbList\",\"@id\":\"https:\\\/\\\/relaisgourmet.com\\\/de\\\/produkt\\\/leberpastete-einfach-zubereiten\\\/#breadcrumb\",\"itemListElement\":[{\"@type\":\"ListItem\",\"position\":1,\"name\":\"Startseite\",\"item\":\"https:\\\/\\\/relaisgourmet.com\\\/de\\\/startseite\\\/\"},{\"@type\":\"ListItem\",\"position\":2,\"name\":\"Alle unsere Produkte\",\"item\":\"https:\\\/\\\/relaisgourmet.com\\\/de\\\/shop\\\/\"},{\"@type\":\"ListItem\",\"position\":3,\"name\":\"Leberpastete einfach zubereiten\"}]},{\"@type\":\"WebSite\",\"@id\":\"https:\\\/\\\/relaisgourmet.com\\\/de\\\/#website\",\"url\":\"https:\\\/\\\/relaisgourmet.com\\\/de\\\/\",\"name\":\"Relais Gourmet\",\"description\":\"Foie Gras 100% Fran\u00e7ais\",\"publisher\":{\"@id\":\"https:\\\/\\\/relaisgourmet.com\\\/de\\\/#organization\"},\"potentialAction\":[{\"@type\":\"SearchAction\",\"target\":{\"@type\":\"EntryPoint\",\"urlTemplate\":\"https:\\\/\\\/relaisgourmet.com\\\/de\\\/?s={search_term_string}\"},\"query-input\":{\"@type\":\"PropertyValueSpecification\",\"valueRequired\":true,\"valueName\":\"search_term_string\"}}],\"inLanguage\":\"de\"},{\"@type\":\"Organization\",\"@id\":\"https:\\\/\\\/relaisgourmet.com\\\/de\\\/#organization\",\"name\":\"Relais Gourmet\",\"url\":\"https:\\\/\\\/relaisgourmet.com\\\/de\\\/\",\"logo\":{\"@type\":\"ImageObject\",\"inLanguage\":\"de\",\"@id\":\"https:\\\/\\\/relaisgourmet.com\\\/de\\\/#\\\/schema\\\/logo\\\/image\\\/\",\"url\":\"https:\\\/\\\/relaisgourmet.com\\\/wp-content\\\/uploads\\\/2026\\\/03\\\/yoast-logo-2-relais-gourmet-.png\",\"contentUrl\":\"https:\\\/\\\/relaisgourmet.com\\\/wp-content\\\/uploads\\\/2026\\\/03\\\/yoast-logo-2-relais-gourmet-.png\",\"width\":1200,\"height\":675,\"caption\":\"Relais Gourmet\"},\"image\":{\"@id\":\"https:\\\/\\\/relaisgourmet.com\\\/de\\\/#\\\/schema\\\/logo\\\/image\\\/\"},\"sameAs\":[\"https:\\\/\\\/www.facebook.com\\\/relaisgourmet\\\/\",\"https:\\\/\\\/x.com\\\/relaisgourmet64\",\"https:\\\/\\\/www.instagram.com\\\/relaisgourmetofficiel\",\"https:\\\/\\\/www.pinterest.fr\\\/relaisgourmet\\\/\"],\"email\":\"yaqueche@relaisgourmet.com\",\"telephone\":\"+33 0 5 40 07 07 65\",\"legalName\":\"Relais Gourmet\",\"vatID\":\"FR13482415015\",\"taxID\":\"482415015\"}]}<\/script>\n<!-- \/ Yoast SEO Premium plugin. -->","yoast_head_json":{"title":"Kochen mit Leberpastete : Ideen und Rezepte | Relais Gourmet","description":"Buch \"Cuisiner le Foie Gras\": Entdecken Sie alle Tipps und Tricks, um Foie Gras zu Hause zu verfeinern.","robots":{"index":"index","follow":"follow","max-snippet":"max-snippet:-1","max-image-preview":"max-image-preview:large","max-video-preview":"max-video-preview:-1"},"canonical":"https:\/\/relaisgourmet.com\/de\/produkt\/leberpastete-einfach-zubereiten\/","og_locale":"de_DE","og_type":"article","og_title":"Leberpastete einfach zubereiten","og_description":"Stopfleber ist und bleibt eine au\u00dfergew\u00f6hnliche Delikatesse. Mit diesem ebook k\u00f6nnen Sie sie in Terrinen, Schnitzeln, Ravioli, Salaten... zubereiten.  Es besteht aus vielen leckeren Rezepten (Vorspeisen, Hauptgerichte und Desserts), die Sie verw\u00f6hnen und Ihren Gaumen \u00fcberraschen werden. Beispiele f\u00fcr Rezepte: Makronen mit Stopfleber, Truthahn gef\u00fcllt mit Stopfleber und Kastanien, Wintergem\u00fcse mit Stopfleber.... Sie werden zu einem \"Experten\" in der einfachen Zubereitung von G\u00e4nseleberpastete.","og_url":"https:\/\/relaisgourmet.com\/de\/produkt\/leberpastete-einfach-zubereiten\/","og_site_name":"Relais Gourmet","article_publisher":"https:\/\/www.facebook.com\/relaisgourmet\/","article_modified_time":"2026-04-01T22:42:32+00:00","og_image":[{"width":1000,"height":1179,"url":"https:\/\/relaisgourmet.com\/wp-content\/uploads\/2026\/03\/5-e1698754257552-1.jpg","type":"image\/jpeg"}],"twitter_card":"summary_large_image","twitter_site":"@relaisgourmet64","twitter_misc":{"Gesch\u00e4tzte Lesezeit":"1\u00a0Minute"},"schema":{"@context":"https:\/\/schema.org","@graph":[{"@type":"WebPage","@id":"https:\/\/relaisgourmet.com\/de\/produkt\/leberpastete-einfach-zubereiten\/","url":"https:\/\/relaisgourmet.com\/de\/produkt\/leberpastete-einfach-zubereiten\/","name":"Kochen mit Leberpastete : Ideen und Rezepte | Relais Gourmet","isPartOf":{"@id":"https:\/\/relaisgourmet.com\/de\/#website"},"primaryImageOfPage":{"@id":"https:\/\/relaisgourmet.com\/de\/produkt\/leberpastete-einfach-zubereiten\/#primaryimage"},"image":{"@id":"https:\/\/relaisgourmet.com\/de\/produkt\/leberpastete-einfach-zubereiten\/#primaryimage"},"thumbnailUrl":"https:\/\/relaisgourmet.com\/wp-content\/uploads\/2026\/03\/5-e1698754257552-1.jpg","datePublished":"2026-03-10T12:24:45+00:00","dateModified":"2026-04-01T22:42:32+00:00","description":"Buch \"Cuisiner le Foie Gras\": Entdecken Sie alle Tipps und Tricks, um Foie Gras zu Hause zu verfeinern.","breadcrumb":{"@id":"https:\/\/relaisgourmet.com\/de\/produkt\/leberpastete-einfach-zubereiten\/#breadcrumb"},"inLanguage":"de","potentialAction":[{"@type":"ReadAction","target":["https:\/\/relaisgourmet.com\/de\/produkt\/leberpastete-einfach-zubereiten\/"]}]},{"@type":"ImageObject","inLanguage":"de","@id":"https:\/\/relaisgourmet.com\/de\/produkt\/leberpastete-einfach-zubereiten\/#primaryimage","url":"https:\/\/relaisgourmet.com\/wp-content\/uploads\/2026\/03\/5-e1698754257552-1.jpg","contentUrl":"https:\/\/relaisgourmet.com\/wp-content\/uploads\/2026\/03\/5-e1698754257552-1.jpg","width":1000,"height":1179},{"@type":"BreadcrumbList","@id":"https:\/\/relaisgourmet.com\/de\/produkt\/leberpastete-einfach-zubereiten\/#breadcrumb","itemListElement":[{"@type":"ListItem","position":1,"name":"Startseite","item":"https:\/\/relaisgourmet.com\/de\/startseite\/"},{"@type":"ListItem","position":2,"name":"Alle unsere Produkte","item":"https:\/\/relaisgourmet.com\/de\/shop\/"},{"@type":"ListItem","position":3,"name":"Leberpastete einfach zubereiten"}]},{"@type":"WebSite","@id":"https:\/\/relaisgourmet.com\/de\/#website","url":"https:\/\/relaisgourmet.com\/de\/","name":"Relais Gourmet","description":"Foie Gras 100% Fran\u00e7ais","publisher":{"@id":"https:\/\/relaisgourmet.com\/de\/#organization"},"potentialAction":[{"@type":"SearchAction","target":{"@type":"EntryPoint","urlTemplate":"https:\/\/relaisgourmet.com\/de\/?s={search_term_string}"},"query-input":{"@type":"PropertyValueSpecification","valueRequired":true,"valueName":"search_term_string"}}],"inLanguage":"de"},{"@type":"Organization","@id":"https:\/\/relaisgourmet.com\/de\/#organization","name":"Relais Gourmet","url":"https:\/\/relaisgourmet.com\/de\/","logo":{"@type":"ImageObject","inLanguage":"de","@id":"https:\/\/relaisgourmet.com\/de\/#\/schema\/logo\/image\/","url":"https:\/\/relaisgourmet.com\/wp-content\/uploads\/2026\/03\/yoast-logo-2-relais-gourmet-.png","contentUrl":"https:\/\/relaisgourmet.com\/wp-content\/uploads\/2026\/03\/yoast-logo-2-relais-gourmet-.png","width":1200,"height":675,"caption":"Relais Gourmet"},"image":{"@id":"https:\/\/relaisgourmet.com\/de\/#\/schema\/logo\/image\/"},"sameAs":["https:\/\/www.facebook.com\/relaisgourmet\/","https:\/\/x.com\/relaisgourmet64","https:\/\/www.instagram.com\/relaisgourmetofficiel","https:\/\/www.pinterest.fr\/relaisgourmet\/"],"email":"yaqueche@relaisgourmet.com","telephone":"+33 0 5 40 07 07 65","legalName":"Relais Gourmet","vatID":"FR13482415015","taxID":"482415015"}]}},"_links":{"self":[{"href":"https:\/\/relaisgourmet.com\/de\/wp-json\/wp\/v2\/product\/67260","targetHints":{"allow":["GET"]}}],"collection":[{"href":"https:\/\/relaisgourmet.com\/de\/wp-json\/wp\/v2\/product"}],"about":[{"href":"https:\/\/relaisgourmet.com\/de\/wp-json\/wp\/v2\/types\/product"}],"replies":[{"embeddable":true,"href":"https:\/\/relaisgourmet.com\/de\/wp-json\/wp\/v2\/comments?post=67260"}],"wp:featuredmedia":[{"embeddable":true,"href":"https:\/\/relaisgourmet.com\/de\/wp-json\/wp\/v2\/media\/67261"}],"wp:attachment":[{"href":"https:\/\/relaisgourmet.com\/de\/wp-json\/wp\/v2\/media?parent=67260"}],"wp:term":[{"taxonomy":"product_brand","embeddable":true,"href":"https:\/\/relaisgourmet.com\/de\/wp-json\/wp\/v2\/product_brand?post=67260"},{"taxonomy":"product_cat","embeddable":true,"href":"https:\/\/relaisgourmet.com\/de\/wp-json\/wp\/v2\/product_cat?post=67260"},{"taxonomy":"product_tag","embeddable":true,"href":"https:\/\/relaisgourmet.com\/de\/wp-json\/wp\/v2\/product_tag?post=67260"},{"taxonomy":"giftcard-category","embeddable":true,"href":"https:\/\/relaisgourmet.com\/de\/wp-json\/wp\/v2\/giftcard-category?post=67260"}],"curies":[{"name":"wp","href":"https:\/\/api.w.org\/{rel}","templated":true}]}}