{"id":67230,"date":"2026-03-10T12:24:44","date_gmt":"2026-03-10T12:24:44","guid":{"rendered":"https:\/\/relaisgourmet.com\/product\/einfache-und-unkomplizierte-rezepte\/"},"modified":"2026-04-01T22:41:54","modified_gmt":"2026-04-01T22:41:54","slug":"einfache-und-unkomplizierte-rezepte","status":"publish","type":"product","link":"https:\/\/relaisgourmet.com\/de\/produkt\/einfache-und-unkomplizierte-rezepte\/","title":{"rendered":"Einfache und unkomplizierte Rezepte"},"content":{"rendered":"<p>Das E-Book &#8222;Beauty &amp; Foody - Rezepte f\u00fcr nat\u00fcrliche Sch\u00f6nheit&#8220; ist ein E-Book, das von Relais Gourmet ver\u00f6ffentlicht und von Florie Thielin geschrieben wurde.<\/p>\n<p>&nbsp;<\/p>\n<p><strong>Beauty &amp; Foody<\/strong>, w\u00f6rtlich \u00fcbersetzt &#8222;Sch\u00f6nheit mit Lebensmitteln&#8220;, bietet eine Vielzahl von gesunden und nat\u00fcrlichen Rezepten, die Ihnen helfen, eine gesunde und strahlende Haut zu erhalten.<\/p>\n<p>Die Einnahmen umfassen:<\/p>\n<ul>\n<li>Smoothies<\/li>\n<li>Suppen<\/li>\n<li>Salate<\/li>\n<li>Desserts<\/li>\n<\/ul>\n<p>alle aus nat\u00fcrlichen und gesunden Zutaten hergestellt.<\/p>\n<p>Dieses E-Book enth\u00e4lt auch Tipps zu den besten Lebensmitteln, die Sie f\u00fcr eine gesunde Haut essen sollten, sowie Informationen \u00fcber wichtige N\u00e4hrstoffe und Vitamine, die f\u00fcr die Erhaltung einer strahlenden Haut wichtig sind.<\/p>\n<p>Alle unsere Ratschl\u00e4ge finden Sie in unserem <a href=\"https:\/\/epic-varahamihira.207-180-195-93.plesk.page\/index.php\/blog-foies-gras-actualite\/\">Blog<\/a> und alle unsere Produkte im Relais Gourmet Shop.<\/p>\n<p>Besuchen Sie unseren <a href=\"https:\/\/epic-varahamihira.207-180-195-93.plesk.page\/index.php\/blog-foies-gras-actualite\/\">Blog<\/a>, um unsere <a href=\"\/?page_id=33979\">Rezepte <\/a>und andere Neuigkeiten zu entdecken.<\/p>\n<p>F\u00fcr ein Gourmet-Essen, warum nicht mit einem k\u00f6stlichen Turrones <a href=\"https:\/\/mariasimona.com\/?lang=es\">Maria Simona <\/a> abschlie\u00dfen?<\/p>\n","protected":false},"excerpt":{"rendered":"<p>Das E-Book &#8222;Beauty &amp; Foody - Rezepte f\u00fcr nat\u00fcrliche Sch\u00f6nheit&#8220; ist ein E-Book, das von Relais Gourmet ver\u00f6ffentlicht und von Florie Thielin geschrieben wurde.<\/p>\n","protected":false},"featured_media":67231,"comment_status":"closed","ping_status":"closed","template":"","meta":{"_iconic_wsb_product_page_order_bump_ids":[],"_sku":["3240000336885"],"_iconic_wsb_product_page_bump_modal_ids":[]},"product_brand":[],"product_cat":[2158],"product_tag":[2840,2748,2841,2842,1661],"giftcard-category":[],"class_list":{"0":"post-67230","1":"product","2":"type-product","3":"status-publish","4":"has-post-thumbnail","6":"product_cat-koch-e-books","7":"product_tag-beauty","8":"product_tag-ebook","9":"product_tag-foodie","10":"product_tag-foody","11":"product_tag-made-in-frankreich","12":"product_shipping_class-standard","14":"first","15":"instock","16":"downloadable","17":"virtual","18":"taxable","19":"purchasable","20":"product-type-simple"},"yoast_head":"<!-- This site is optimized with the Yoast SEO Premium plugin v27.3 (Yoast SEO v27.3) - https:\/\/yoast.com\/product\/yoast-seo-premium-wordpress\/ -->\n<title>Beauty &amp; Foody : Sch\u00f6nheit und Gaumenfreuden | Relais Gourmet<\/title>\n<meta name=\"description\" content=\"Beauty &amp; Foody: ein exklusives eBook, das nat\u00fcrliche Sch\u00f6nheit und leckere Rezepte miteinander verbindet.\" \/>\n<meta name=\"robots\" content=\"index, follow, max-snippet:-1, max-image-preview:large, max-video-preview:-1\" \/>\n<link rel=\"canonical\" href=\"https:\/\/relaisgourmet.com\/de\/produkt\/einfache-und-unkomplizierte-rezepte\/\" \/>\n<meta property=\"og:locale\" content=\"de_DE\" \/>\n<meta property=\"og:type\" content=\"article\" \/>\n<meta property=\"og:title\" content=\"Einfache und unkomplizierte Rezepte\" \/>\n<meta property=\"og:description\" content=\"Das E-Book &quot;Beauty &amp; Foody - Rezepte f\u00fcr nat\u00fcrliche Sch\u00f6nheit&quot; ist ein E-Book, das von Relais Gourmet ver\u00f6ffentlicht und von Florie Thielin geschrieben wurde.\" \/>\n<meta property=\"og:url\" content=\"https:\/\/relaisgourmet.com\/de\/produkt\/einfache-und-unkomplizierte-rezepte\/\" \/>\n<meta property=\"og:site_name\" content=\"Relais Gourmet\" \/>\n<meta property=\"article:publisher\" content=\"https:\/\/www.facebook.com\/relaisgourmet\/\" \/>\n<meta property=\"article:modified_time\" content=\"2026-04-01T22:41:54+00:00\" \/>\n<meta property=\"og:image\" content=\"https:\/\/relaisgourmet.com\/wp-content\/uploads\/2026\/03\/beauty-and-food-1.png\" \/>\n\t<meta property=\"og:image:width\" content=\"600\" \/>\n\t<meta property=\"og:image:height\" content=\"600\" \/>\n\t<meta property=\"og:image:type\" content=\"image\/png\" \/>\n<meta name=\"twitter:card\" content=\"summary_large_image\" \/>\n<meta name=\"twitter:site\" content=\"@relaisgourmet64\" \/>\n<meta name=\"twitter:label1\" content=\"Gesch\u00e4tzte Lesezeit\" \/>\n\t<meta name=\"twitter:data1\" content=\"1\u00a0Minute\" \/>\n<script type=\"application\/ld+json\" class=\"yoast-schema-graph\">{\"@context\":\"https:\\\/\\\/schema.org\",\"@graph\":[{\"@type\":\"WebPage\",\"@id\":\"https:\\\/\\\/relaisgourmet.com\\\/de\\\/produkt\\\/einfache-und-unkomplizierte-rezepte\\\/\",\"url\":\"https:\\\/\\\/relaisgourmet.com\\\/de\\\/produkt\\\/einfache-und-unkomplizierte-rezepte\\\/\",\"name\":\"Beauty & Foody : Sch\u00f6nheit und Gaumenfreuden | Relais Gourmet\",\"isPartOf\":{\"@id\":\"https:\\\/\\\/relaisgourmet.com\\\/de\\\/#website\"},\"primaryImageOfPage\":{\"@id\":\"https:\\\/\\\/relaisgourmet.com\\\/de\\\/produkt\\\/einfache-und-unkomplizierte-rezepte\\\/#primaryimage\"},\"image\":{\"@id\":\"https:\\\/\\\/relaisgourmet.com\\\/de\\\/produkt\\\/einfache-und-unkomplizierte-rezepte\\\/#primaryimage\"},\"thumbnailUrl\":\"https:\\\/\\\/relaisgourmet.com\\\/wp-content\\\/uploads\\\/2026\\\/03\\\/beauty-and-food-1.png\",\"datePublished\":\"2026-03-10T12:24:44+00:00\",\"dateModified\":\"2026-04-01T22:41:54+00:00\",\"description\":\"Beauty & Foody: ein exklusives eBook, das nat\u00fcrliche Sch\u00f6nheit und leckere Rezepte miteinander verbindet.\",\"breadcrumb\":{\"@id\":\"https:\\\/\\\/relaisgourmet.com\\\/de\\\/produkt\\\/einfache-und-unkomplizierte-rezepte\\\/#breadcrumb\"},\"inLanguage\":\"de\",\"potentialAction\":[{\"@type\":\"ReadAction\",\"target\":[\"https:\\\/\\\/relaisgourmet.com\\\/de\\\/produkt\\\/einfache-und-unkomplizierte-rezepte\\\/\"]}]},{\"@type\":\"ImageObject\",\"inLanguage\":\"de\",\"@id\":\"https:\\\/\\\/relaisgourmet.com\\\/de\\\/produkt\\\/einfache-und-unkomplizierte-rezepte\\\/#primaryimage\",\"url\":\"https:\\\/\\\/relaisgourmet.com\\\/wp-content\\\/uploads\\\/2026\\\/03\\\/beauty-and-food-1.png\",\"contentUrl\":\"https:\\\/\\\/relaisgourmet.com\\\/wp-content\\\/uploads\\\/2026\\\/03\\\/beauty-and-food-1.png\",\"width\":600,\"height\":600},{\"@type\":\"BreadcrumbList\",\"@id\":\"https:\\\/\\\/relaisgourmet.com\\\/de\\\/produkt\\\/einfache-und-unkomplizierte-rezepte\\\/#breadcrumb\",\"itemListElement\":[{\"@type\":\"ListItem\",\"position\":1,\"name\":\"Startseite\",\"item\":\"https:\\\/\\\/relaisgourmet.com\\\/de\\\/startseite\\\/\"},{\"@type\":\"ListItem\",\"position\":2,\"name\":\"Alle unsere Produkte\",\"item\":\"https:\\\/\\\/relaisgourmet.com\\\/de\\\/shop\\\/\"},{\"@type\":\"ListItem\",\"position\":3,\"name\":\"Einfache und unkomplizierte Rezepte\"}]},{\"@type\":\"WebSite\",\"@id\":\"https:\\\/\\\/relaisgourmet.com\\\/de\\\/#website\",\"url\":\"https:\\\/\\\/relaisgourmet.com\\\/de\\\/\",\"name\":\"Relais Gourmet\",\"description\":\"Foie Gras 100% Fran\u00e7ais\",\"publisher\":{\"@id\":\"https:\\\/\\\/relaisgourmet.com\\\/de\\\/#organization\"},\"potentialAction\":[{\"@type\":\"SearchAction\",\"target\":{\"@type\":\"EntryPoint\",\"urlTemplate\":\"https:\\\/\\\/relaisgourmet.com\\\/de\\\/?s={search_term_string}\"},\"query-input\":{\"@type\":\"PropertyValueSpecification\",\"valueRequired\":true,\"valueName\":\"search_term_string\"}}],\"inLanguage\":\"de\"},{\"@type\":\"Organization\",\"@id\":\"https:\\\/\\\/relaisgourmet.com\\\/de\\\/#organization\",\"name\":\"Relais Gourmet\",\"url\":\"https:\\\/\\\/relaisgourmet.com\\\/de\\\/\",\"logo\":{\"@type\":\"ImageObject\",\"inLanguage\":\"de\",\"@id\":\"https:\\\/\\\/relaisgourmet.com\\\/de\\\/#\\\/schema\\\/logo\\\/image\\\/\",\"url\":\"https:\\\/\\\/relaisgourmet.com\\\/wp-content\\\/uploads\\\/2026\\\/03\\\/yoast-logo-2-relais-gourmet-.png\",\"contentUrl\":\"https:\\\/\\\/relaisgourmet.com\\\/wp-content\\\/uploads\\\/2026\\\/03\\\/yoast-logo-2-relais-gourmet-.png\",\"width\":1200,\"height\":675,\"caption\":\"Relais Gourmet\"},\"image\":{\"@id\":\"https:\\\/\\\/relaisgourmet.com\\\/de\\\/#\\\/schema\\\/logo\\\/image\\\/\"},\"sameAs\":[\"https:\\\/\\\/www.facebook.com\\\/relaisgourmet\\\/\",\"https:\\\/\\\/x.com\\\/relaisgourmet64\",\"https:\\\/\\\/www.instagram.com\\\/relaisgourmetofficiel\",\"https:\\\/\\\/www.pinterest.fr\\\/relaisgourmet\\\/\"],\"email\":\"yaqueche@relaisgourmet.com\",\"telephone\":\"+33 0 5 40 07 07 65\",\"legalName\":\"Relais Gourmet\",\"vatID\":\"FR13482415015\",\"taxID\":\"482415015\"}]}<\/script>\n<!-- \/ Yoast SEO Premium plugin. -->","yoast_head_json":{"title":"Beauty & Foody : Sch\u00f6nheit und Gaumenfreuden | Relais Gourmet","description":"Beauty & Foody: ein exklusives eBook, das nat\u00fcrliche Sch\u00f6nheit und leckere Rezepte miteinander verbindet.","robots":{"index":"index","follow":"follow","max-snippet":"max-snippet:-1","max-image-preview":"max-image-preview:large","max-video-preview":"max-video-preview:-1"},"canonical":"https:\/\/relaisgourmet.com\/de\/produkt\/einfache-und-unkomplizierte-rezepte\/","og_locale":"de_DE","og_type":"article","og_title":"Einfache und unkomplizierte Rezepte","og_description":"Das E-Book \"Beauty &amp; Foody - Rezepte f\u00fcr nat\u00fcrliche Sch\u00f6nheit\" ist ein E-Book, das von Relais Gourmet ver\u00f6ffentlicht und von Florie Thielin geschrieben wurde.","og_url":"https:\/\/relaisgourmet.com\/de\/produkt\/einfache-und-unkomplizierte-rezepte\/","og_site_name":"Relais Gourmet","article_publisher":"https:\/\/www.facebook.com\/relaisgourmet\/","article_modified_time":"2026-04-01T22:41:54+00:00","og_image":[{"width":600,"height":600,"url":"https:\/\/relaisgourmet.com\/wp-content\/uploads\/2026\/03\/beauty-and-food-1.png","type":"image\/png"}],"twitter_card":"summary_large_image","twitter_site":"@relaisgourmet64","twitter_misc":{"Gesch\u00e4tzte Lesezeit":"1\u00a0Minute"},"schema":{"@context":"https:\/\/schema.org","@graph":[{"@type":"WebPage","@id":"https:\/\/relaisgourmet.com\/de\/produkt\/einfache-und-unkomplizierte-rezepte\/","url":"https:\/\/relaisgourmet.com\/de\/produkt\/einfache-und-unkomplizierte-rezepte\/","name":"Beauty & Foody : Sch\u00f6nheit und Gaumenfreuden | Relais Gourmet","isPartOf":{"@id":"https:\/\/relaisgourmet.com\/de\/#website"},"primaryImageOfPage":{"@id":"https:\/\/relaisgourmet.com\/de\/produkt\/einfache-und-unkomplizierte-rezepte\/#primaryimage"},"image":{"@id":"https:\/\/relaisgourmet.com\/de\/produkt\/einfache-und-unkomplizierte-rezepte\/#primaryimage"},"thumbnailUrl":"https:\/\/relaisgourmet.com\/wp-content\/uploads\/2026\/03\/beauty-and-food-1.png","datePublished":"2026-03-10T12:24:44+00:00","dateModified":"2026-04-01T22:41:54+00:00","description":"Beauty & Foody: ein exklusives eBook, das nat\u00fcrliche Sch\u00f6nheit und leckere Rezepte miteinander verbindet.","breadcrumb":{"@id":"https:\/\/relaisgourmet.com\/de\/produkt\/einfache-und-unkomplizierte-rezepte\/#breadcrumb"},"inLanguage":"de","potentialAction":[{"@type":"ReadAction","target":["https:\/\/relaisgourmet.com\/de\/produkt\/einfache-und-unkomplizierte-rezepte\/"]}]},{"@type":"ImageObject","inLanguage":"de","@id":"https:\/\/relaisgourmet.com\/de\/produkt\/einfache-und-unkomplizierte-rezepte\/#primaryimage","url":"https:\/\/relaisgourmet.com\/wp-content\/uploads\/2026\/03\/beauty-and-food-1.png","contentUrl":"https:\/\/relaisgourmet.com\/wp-content\/uploads\/2026\/03\/beauty-and-food-1.png","width":600,"height":600},{"@type":"BreadcrumbList","@id":"https:\/\/relaisgourmet.com\/de\/produkt\/einfache-und-unkomplizierte-rezepte\/#breadcrumb","itemListElement":[{"@type":"ListItem","position":1,"name":"Startseite","item":"https:\/\/relaisgourmet.com\/de\/startseite\/"},{"@type":"ListItem","position":2,"name":"Alle unsere Produkte","item":"https:\/\/relaisgourmet.com\/de\/shop\/"},{"@type":"ListItem","position":3,"name":"Einfache und unkomplizierte Rezepte"}]},{"@type":"WebSite","@id":"https:\/\/relaisgourmet.com\/de\/#website","url":"https:\/\/relaisgourmet.com\/de\/","name":"Relais Gourmet","description":"Foie Gras 100% Fran\u00e7ais","publisher":{"@id":"https:\/\/relaisgourmet.com\/de\/#organization"},"potentialAction":[{"@type":"SearchAction","target":{"@type":"EntryPoint","urlTemplate":"https:\/\/relaisgourmet.com\/de\/?s={search_term_string}"},"query-input":{"@type":"PropertyValueSpecification","valueRequired":true,"valueName":"search_term_string"}}],"inLanguage":"de"},{"@type":"Organization","@id":"https:\/\/relaisgourmet.com\/de\/#organization","name":"Relais Gourmet","url":"https:\/\/relaisgourmet.com\/de\/","logo":{"@type":"ImageObject","inLanguage":"de","@id":"https:\/\/relaisgourmet.com\/de\/#\/schema\/logo\/image\/","url":"https:\/\/relaisgourmet.com\/wp-content\/uploads\/2026\/03\/yoast-logo-2-relais-gourmet-.png","contentUrl":"https:\/\/relaisgourmet.com\/wp-content\/uploads\/2026\/03\/yoast-logo-2-relais-gourmet-.png","width":1200,"height":675,"caption":"Relais Gourmet"},"image":{"@id":"https:\/\/relaisgourmet.com\/de\/#\/schema\/logo\/image\/"},"sameAs":["https:\/\/www.facebook.com\/relaisgourmet\/","https:\/\/x.com\/relaisgourmet64","https:\/\/www.instagram.com\/relaisgourmetofficiel","https:\/\/www.pinterest.fr\/relaisgourmet\/"],"email":"yaqueche@relaisgourmet.com","telephone":"+33 0 5 40 07 07 65","legalName":"Relais Gourmet","vatID":"FR13482415015","taxID":"482415015"}]}},"_links":{"self":[{"href":"https:\/\/relaisgourmet.com\/de\/wp-json\/wp\/v2\/product\/67230","targetHints":{"allow":["GET"]}}],"collection":[{"href":"https:\/\/relaisgourmet.com\/de\/wp-json\/wp\/v2\/product"}],"about":[{"href":"https:\/\/relaisgourmet.com\/de\/wp-json\/wp\/v2\/types\/product"}],"replies":[{"embeddable":true,"href":"https:\/\/relaisgourmet.com\/de\/wp-json\/wp\/v2\/comments?post=67230"}],"wp:featuredmedia":[{"embeddable":true,"href":"https:\/\/relaisgourmet.com\/de\/wp-json\/wp\/v2\/media\/67231"}],"wp:attachment":[{"href":"https:\/\/relaisgourmet.com\/de\/wp-json\/wp\/v2\/media?parent=67230"}],"wp:term":[{"taxonomy":"product_brand","embeddable":true,"href":"https:\/\/relaisgourmet.com\/de\/wp-json\/wp\/v2\/product_brand?post=67230"},{"taxonomy":"product_cat","embeddable":true,"href":"https:\/\/relaisgourmet.com\/de\/wp-json\/wp\/v2\/product_cat?post=67230"},{"taxonomy":"product_tag","embeddable":true,"href":"https:\/\/relaisgourmet.com\/de\/wp-json\/wp\/v2\/product_tag?post=67230"},{"taxonomy":"giftcard-category","embeddable":true,"href":"https:\/\/relaisgourmet.com\/de\/wp-json\/wp\/v2\/giftcard-category?post=67230"}],"curies":[{"name":"wp","href":"https:\/\/api.w.org\/{rel}","templated":true}]}}