{"id":67193,"date":"2026-03-10T12:24:43","date_gmt":"2026-03-10T12:24:43","guid":{"rendered":"https:\/\/relaisgourmet.com\/product\/utensilienset-leberpastete\/"},"modified":"2026-04-01T22:41:08","modified_gmt":"2026-04-01T22:41:08","slug":"utensilienset-leberpastete","status":"publish","type":"product","link":"https:\/\/relaisgourmet.com\/de\/produkt\/utensilienset-leberpastete\/","title":{"rendered":"Utensilienset Leberpastete"},"content":{"rendered":"<p>Entdecken Sie unser Set mit <strong>Utensilien<\/strong> f\u00fcr Leberpastete, das alles enth\u00e4lt, was Sie zum Servieren Ihrer Leberpastete und Ihrer festlichen Aperitifs ben\u00f6tigen! Aus diesem Grund ist das <strong>Set Utensilien<\/strong> f\u00fcr Leberpastete ein Muss f\u00fcr alle Ihre Zusammenk\u00fcnfte mit Freunden oder der Familie. <\/p>\n<p><strong>Zusammensetzung :<\/strong><\/p>\n<ul>\n<li><a href=\"\/?p=33346\" target=\"_blank\" rel=\"noopener noreferrer\">Stopfleberpastete<\/a> <span data-offset-key=\"dkuef-78-0\">ist<\/span><span data-offset-key=\"dkuef-79-0\">  eine<\/span><span data-offset-key=\"dkuef-80-0\">  out<\/span><span data-offset-key=\"dkuef-81-0\">es<\/span><span data-offset-key=\"dkuef-82-0\">  con<\/span><span data-offset-key=\"dkuef-83-0\">\u00e7<\/span><span data-offset-key=\"dkuef-84-0\">u<\/span><span data-offset-key=\"dkuef-85-0\">  f\u00fcr<\/span><span data-offset-key=\"dkuef-86-0\">  Hals<\/span><span data-offset-key=\"dkuef-87-0\">per<\/span><span data-offset-key=\"dkuef-88-0\">  und<\/span><span data-offset-key=\"dkuef-89-0\">  serv<\/span><span data-offset-key=\"dkuef-90-0\">ir<\/span><span data-offset-key=\"dkuef-91-0\">  die<\/span><span data-offset-key=\"dkuef-92-0\">  fo<\/span><span data-offset-key=\"dkuef-93-0\">ie<\/span><span data-offset-key=\"dkuef-94-0\">  gr<\/span><span data-offset-key=\"dkuef-95-0\">as<\/span><span data-offset-key=\"dkuef-96-0\">.<\/span><\/li>\n<li><a href=\"\/?p=33552\" target=\"_blank\" rel=\"noopener noreferrer\">Foie Gras Messer<\/a> <span data-offset-key=\"dkuef-78-0\">ist<\/span><span data-offset-key=\"dkuef-79-0\">  eine<\/span><span data-offset-key=\"dkuef-80-0\">  out<\/span><span data-offset-key=\"dkuef-81-0\">es<\/span><span data-offset-key=\"dkuef-82-0\">  con<\/span><span data-offset-key=\"dkuef-83-0\">\u00e7<\/span><span data-offset-key=\"dkuef-84-0\">u<\/span><span data-offset-key=\"dkuef-85-0\">  f\u00fcr<\/span><span data-offset-key=\"dkuef-86-0\">  Hals<\/span><span data-offset-key=\"dkuef-87-0\">per<\/span><span data-offset-key=\"dkuef-88-0\">  und<\/span><span data-offset-key=\"dkuef-89-0\">  serv<\/span><span data-offset-key=\"dkuef-90-0\">ir<\/span><span data-offset-key=\"dkuef-91-0\">  die<\/span><span data-offset-key=\"dkuef-92-0\">  fo<\/span><span data-offset-key=\"dkuef-93-0\">ie<\/span><span data-offset-key=\"dkuef-94-0\">  gr<\/span><span data-offset-key=\"dkuef-95-0\">as<\/span><span data-offset-key=\"dkuef-96-0\">.<\/span><\/li>\n<li><a href=\"\/?p=33560\" target=\"_blank\" rel=\"noopener noreferrer\">Glas\u00f6ffner f\u00fcr Leberpastete<\/a> <span data-offset-key=\"dkuef-246-0\">ist<\/span><span data-offset-key=\"dkuef-247-0\">  eine<\/span><span data-offset-key=\"dkuef-248-0\">  out<\/span><span data-offset-key=\"dkuef-249-0\">es<\/span><span data-offset-key=\"dkuef-250-0\">  con<\/span><span data-offset-key=\"dkuef-251-0\">\u00e7<\/span><span data-offset-key=\"dkuef-252-0\">u<\/span><span data-offset-key=\"dkuef-253-0\">  f\u00fcr<\/span><span data-offset-key=\"dkuef-254-0\">  o<\/span><span data-offset-key=\"dkuef-255-0\">uv<\/span><span data-offset-key=\"dkuef-256-0\">rir<\/span><span data-offset-key=\"dkuef-257-0\">  und<\/span><span data-offset-key=\"dkuef-258-0\">  serv<\/span><span data-offset-key=\"dkuef-259-0\">ir<\/span><span data-offset-key=\"dkuef-260-0\">  die<\/span><span data-offset-key=\"dkuef-261-0\">  fo<\/span><span data-offset-key=\"dkuef-262-0\">ie<\/span><span data-offset-key=\"dkuef-263-0\">  gr<\/span><span data-offset-key=\"dkuef-264-0\">as<\/span><span data-offset-key=\"dkuef-265-0\">.<\/span><\/li>\n<li><a href=\"https:\/\/epic-varahamihira.207-180-195-93.plesk.page\/index.php\/produit\/pelle-a-foie-gras\/\" target=\"_blank\" rel=\"noopener noreferrer\">Schaufel f\u00fcr Leberpastete<\/a> <span data-offset-key=\"dkuef-320-0\">ist<\/span><span data-offset-key=\"dkuef-321-0\">  eine<\/span><span data-offset-key=\"dkuef-322-0\">  out<\/span><span data-offset-key=\"dkuef-323-0\">es<\/span><span data-offset-key=\"dkuef-324-0\">  con<\/span><span data-offset-key=\"dkuef-325-0\">\u00e7<\/span><span data-offset-key=\"dkuef-326-0\">u<\/span><span data-offset-key=\"dkuef-327-0\">  f\u00fcr<\/span><span data-offset-key=\"dkuef-328-0\">  serv<\/span><span data-offset-key=\"dkuef-329-0\">ir<\/span><span data-offset-key=\"dkuef-330-0\">  die<\/span><span data-offset-key=\"dkuef-331-0\">  fo<\/span><span data-offset-key=\"dkuef-332-0\">ie<\/span><span data-offset-key=\"dkuef-333-0\">  gr<\/span><span data-offset-key=\"dkuef-334-0\">as<\/span><span data-offset-key=\"dkuef-335-0\">.<\/span><\/li>\n<li><a href=\"\/?p=33555\" target=\"_blank\" rel=\"noopener noreferrer\">Leberpasteten-Toaster<\/a> <span data-offset-key=\"dkuef-391-0\">ist<\/span><span data-offset-key=\"dkuef-392-0\">  eine<\/span><span data-offset-key=\"dkuef-393-0\">  out<\/span><span data-offset-key=\"dkuef-394-0\">es<\/span> <span data-offset-key=\"dkuef-398-0\">f\u00fcr<\/span><span data-offset-key=\"dkuef-399-0\">  tart<\/span><span data-offset-key=\"dkuef-400-0\">iner<\/span><span data-offset-key=\"dkuef-401-0\">  und<\/span><span data-offset-key=\"dkuef-402-0\">  serv<\/span><span data-offset-key=\"dkuef-403-0\">ir<\/span><span data-offset-key=\"dkuef-404-0\">  die<\/span><span data-offset-key=\"dkuef-405-0\">  fo<\/span><span data-offset-key=\"dkuef-406-0\">ie<\/span><span data-offset-key=\"dkuef-407-0\">  gr<\/span><span data-offset-key=\"dkuef-408-0\">as<\/span><span data-offset-key=\"dkuef-409-0\">.<\/span><\/li>\n<\/ul>\n<p>Alle diese Utensilien sind aus rostfreiem Stahl hergestellt. Dies erm\u00f6glicht eine lange Lebensdauer und eine hohe Wasserbest\u00e4ndigkeit. <\/p>\n<p>Au\u00dferdem sind Sie mit diesem Set f\u00fcr alle Gelegenheiten ger\u00fcstet und k\u00f6nnen <a href=\"\/?page_id=34001\">unsere verschiedenen Foies Gras <\/a> probieren!<\/p>\n<p><strong>Alle unsere Produkte finden Sie in der Relais Gourmet Boutique.<\/strong><\/p>\n<p><strong>Besuchen Sie auch unseren <\/strong><strong><a href=\"https:\/\/epic-varahamihira.207-180-195-93.plesk.page\/index.php\/blog-foies-gras-actualite\/\">Blog<\/a><\/strong><strong> und entdecken Sie unsere <\/strong><strong><a href=\"https:\/\/epic-varahamihira.207-180-195-93.plesk.page\/index.php\/recettes\/\">Rezepte <\/a><\/strong><strong>und andere Neuheiten zu entdecken. Sie k\u00f6nnen uns auch auf Instagram <a href=\"https:\/\/www.instagram.com\/relaisgourmetofficiel\/\">@relaisgourmetofficiel<\/a> folgen.<\/strong><\/p>\n","protected":false},"excerpt":{"rendered":"<p><strong>Entdecken Sie unser Set Utensilien f\u00fcr Leberpastete.<\/strong>  finden Sie alle notwendigen Utensilien, um Ihre Leberpastete elegant zu pr\u00e4sentieren.<\/p>\n","protected":false},"featured_media":66437,"comment_status":"closed","ping_status":"closed","template":"","meta":{"_iconic_wsb_product_page_order_bump_ids":[],"_sku":["3520000336796"],"_iconic_wsb_product_page_bump_modal_ids":[]},"product_brand":[],"product_cat":[2092],"product_tag":[1924,2792],"giftcard-category":[],"class_list":{"0":"post-67193","1":"product","2":"type-product","3":"status-publish","4":"has-post-thumbnail","6":"product_cat-utensilien","7":"product_tag-foie-gras","8":"product_tag-utensilien","9":"product_shipping_class-standard","11":"first","12":"instock","13":"taxable","14":"shipping-taxable","15":"purchasable","16":"product-type-simple"},"yoast_head":"<!-- This site is optimized with the Yoast SEO Premium plugin v27.3 (Yoast SEO v27.3) - https:\/\/yoast.com\/product\/yoast-seo-premium-wordpress\/ -->\n<title>Utensilien-Set f\u00fcr spezielle Leberpastete | Relais Gourmet<\/title>\n<meta name=\"description\" content=\"Utensilien-Set Leberpastete: Alles, was Sie brauchen, um Ihre Leberpastete elegant zu schneiden und zu servieren.\" \/>\n<meta name=\"robots\" content=\"index, follow, max-snippet:-1, max-image-preview:large, max-video-preview:-1\" \/>\n<link rel=\"canonical\" href=\"https:\/\/relaisgourmet.com\/de\/produkt\/utensilienset-leberpastete\/\" \/>\n<meta property=\"og:locale\" content=\"de_DE\" \/>\n<meta property=\"og:type\" content=\"article\" \/>\n<meta property=\"og:title\" content=\"Utensilienset Leberpastete\" \/>\n<meta property=\"og:description\" content=\"Entdecken Sie unser Set Utensilien f\u00fcr Leberpastete. finden Sie alle notwendigen Utensilien, um Ihre Leberpastete elegant zu pr\u00e4sentieren.\" \/>\n<meta property=\"og:url\" content=\"https:\/\/relaisgourmet.com\/de\/produkt\/utensilienset-leberpastete\/\" \/>\n<meta property=\"og:site_name\" content=\"Relais Gourmet\" \/>\n<meta property=\"article:publisher\" content=\"https:\/\/www.facebook.com\/relaisgourmet\/\" \/>\n<meta property=\"article:modified_time\" content=\"2026-04-01T22:41:08+00:00\" \/>\n<meta property=\"og:image\" content=\"https:\/\/relaisgourmet.com\/wp-content\/uploads\/2026\/03\/Capture-decran-2025-03-11-155626.png\" \/>\n\t<meta property=\"og:image:width\" content=\"506\" \/>\n\t<meta property=\"og:image:height\" content=\"406\" \/>\n\t<meta property=\"og:image:type\" content=\"image\/png\" \/>\n<meta name=\"twitter:card\" content=\"summary_large_image\" \/>\n<meta name=\"twitter:site\" content=\"@relaisgourmet64\" \/>\n<meta name=\"twitter:label1\" content=\"Gesch\u00e4tzte Lesezeit\" \/>\n\t<meta name=\"twitter:data1\" content=\"1\u00a0Minute\" \/>\n<script type=\"application\/ld+json\" class=\"yoast-schema-graph\">{\"@context\":\"https:\\\/\\\/schema.org\",\"@graph\":[{\"@type\":\"WebPage\",\"@id\":\"https:\\\/\\\/relaisgourmet.com\\\/de\\\/produkt\\\/utensilienset-leberpastete\\\/\",\"url\":\"https:\\\/\\\/relaisgourmet.com\\\/de\\\/produkt\\\/utensilienset-leberpastete\\\/\",\"name\":\"Utensilien-Set f\u00fcr spezielle Leberpastete | Relais Gourmet\",\"isPartOf\":{\"@id\":\"https:\\\/\\\/relaisgourmet.com\\\/de\\\/#website\"},\"primaryImageOfPage\":{\"@id\":\"https:\\\/\\\/relaisgourmet.com\\\/de\\\/produkt\\\/utensilienset-leberpastete\\\/#primaryimage\"},\"image\":{\"@id\":\"https:\\\/\\\/relaisgourmet.com\\\/de\\\/produkt\\\/utensilienset-leberpastete\\\/#primaryimage\"},\"thumbnailUrl\":\"https:\\\/\\\/relaisgourmet.com\\\/wp-content\\\/uploads\\\/2026\\\/03\\\/Capture-decran-2025-03-11-155626.png\",\"datePublished\":\"2026-03-10T12:24:43+00:00\",\"dateModified\":\"2026-04-01T22:41:08+00:00\",\"description\":\"Utensilien-Set Leberpastete: Alles, was Sie brauchen, um Ihre Leberpastete elegant zu schneiden und zu servieren.\",\"breadcrumb\":{\"@id\":\"https:\\\/\\\/relaisgourmet.com\\\/de\\\/produkt\\\/utensilienset-leberpastete\\\/#breadcrumb\"},\"inLanguage\":\"de\",\"potentialAction\":[{\"@type\":\"ReadAction\",\"target\":[\"https:\\\/\\\/relaisgourmet.com\\\/de\\\/produkt\\\/utensilienset-leberpastete\\\/\"]}]},{\"@type\":\"ImageObject\",\"inLanguage\":\"de\",\"@id\":\"https:\\\/\\\/relaisgourmet.com\\\/de\\\/produkt\\\/utensilienset-leberpastete\\\/#primaryimage\",\"url\":\"https:\\\/\\\/relaisgourmet.com\\\/wp-content\\\/uploads\\\/2026\\\/03\\\/Capture-decran-2025-03-11-155626.png\",\"contentUrl\":\"https:\\\/\\\/relaisgourmet.com\\\/wp-content\\\/uploads\\\/2026\\\/03\\\/Capture-decran-2025-03-11-155626.png\",\"width\":506,\"height\":406},{\"@type\":\"BreadcrumbList\",\"@id\":\"https:\\\/\\\/relaisgourmet.com\\\/de\\\/produkt\\\/utensilienset-leberpastete\\\/#breadcrumb\",\"itemListElement\":[{\"@type\":\"ListItem\",\"position\":1,\"name\":\"Startseite\",\"item\":\"https:\\\/\\\/relaisgourmet.com\\\/de\\\/startseite\\\/\"},{\"@type\":\"ListItem\",\"position\":2,\"name\":\"Alle unsere Produkte\",\"item\":\"https:\\\/\\\/relaisgourmet.com\\\/de\\\/shop\\\/\"},{\"@type\":\"ListItem\",\"position\":3,\"name\":\"Utensilienset Leberpastete\"}]},{\"@type\":\"WebSite\",\"@id\":\"https:\\\/\\\/relaisgourmet.com\\\/de\\\/#website\",\"url\":\"https:\\\/\\\/relaisgourmet.com\\\/de\\\/\",\"name\":\"Relais Gourmet\",\"description\":\"Foie Gras 100% Fran\u00e7ais\",\"publisher\":{\"@id\":\"https:\\\/\\\/relaisgourmet.com\\\/de\\\/#organization\"},\"potentialAction\":[{\"@type\":\"SearchAction\",\"target\":{\"@type\":\"EntryPoint\",\"urlTemplate\":\"https:\\\/\\\/relaisgourmet.com\\\/de\\\/?s={search_term_string}\"},\"query-input\":{\"@type\":\"PropertyValueSpecification\",\"valueRequired\":true,\"valueName\":\"search_term_string\"}}],\"inLanguage\":\"de\"},{\"@type\":\"Organization\",\"@id\":\"https:\\\/\\\/relaisgourmet.com\\\/de\\\/#organization\",\"name\":\"Relais Gourmet\",\"url\":\"https:\\\/\\\/relaisgourmet.com\\\/de\\\/\",\"logo\":{\"@type\":\"ImageObject\",\"inLanguage\":\"de\",\"@id\":\"https:\\\/\\\/relaisgourmet.com\\\/de\\\/#\\\/schema\\\/logo\\\/image\\\/\",\"url\":\"https:\\\/\\\/relaisgourmet.com\\\/wp-content\\\/uploads\\\/2026\\\/03\\\/yoast-logo-2-relais-gourmet-.png\",\"contentUrl\":\"https:\\\/\\\/relaisgourmet.com\\\/wp-content\\\/uploads\\\/2026\\\/03\\\/yoast-logo-2-relais-gourmet-.png\",\"width\":1200,\"height\":675,\"caption\":\"Relais Gourmet\"},\"image\":{\"@id\":\"https:\\\/\\\/relaisgourmet.com\\\/de\\\/#\\\/schema\\\/logo\\\/image\\\/\"},\"sameAs\":[\"https:\\\/\\\/www.facebook.com\\\/relaisgourmet\\\/\",\"https:\\\/\\\/x.com\\\/relaisgourmet64\",\"https:\\\/\\\/www.instagram.com\\\/relaisgourmetofficiel\",\"https:\\\/\\\/www.pinterest.fr\\\/relaisgourmet\\\/\"],\"email\":\"yaqueche@relaisgourmet.com\",\"telephone\":\"+33 0 5 40 07 07 65\",\"legalName\":\"Relais Gourmet\",\"vatID\":\"FR13482415015\",\"taxID\":\"482415015\"}]}<\/script>\n<!-- \/ Yoast SEO Premium plugin. -->","yoast_head_json":{"title":"Utensilien-Set f\u00fcr spezielle Leberpastete | Relais Gourmet","description":"Utensilien-Set Leberpastete: Alles, was Sie brauchen, um Ihre Leberpastete elegant zu schneiden und zu servieren.","robots":{"index":"index","follow":"follow","max-snippet":"max-snippet:-1","max-image-preview":"max-image-preview:large","max-video-preview":"max-video-preview:-1"},"canonical":"https:\/\/relaisgourmet.com\/de\/produkt\/utensilienset-leberpastete\/","og_locale":"de_DE","og_type":"article","og_title":"Utensilienset Leberpastete","og_description":"Entdecken Sie unser Set Utensilien f\u00fcr Leberpastete. finden Sie alle notwendigen Utensilien, um Ihre Leberpastete elegant zu pr\u00e4sentieren.","og_url":"https:\/\/relaisgourmet.com\/de\/produkt\/utensilienset-leberpastete\/","og_site_name":"Relais Gourmet","article_publisher":"https:\/\/www.facebook.com\/relaisgourmet\/","article_modified_time":"2026-04-01T22:41:08+00:00","og_image":[{"width":506,"height":406,"url":"https:\/\/relaisgourmet.com\/wp-content\/uploads\/2026\/03\/Capture-decran-2025-03-11-155626.png","type":"image\/png"}],"twitter_card":"summary_large_image","twitter_site":"@relaisgourmet64","twitter_misc":{"Gesch\u00e4tzte Lesezeit":"1\u00a0Minute"},"schema":{"@context":"https:\/\/schema.org","@graph":[{"@type":"WebPage","@id":"https:\/\/relaisgourmet.com\/de\/produkt\/utensilienset-leberpastete\/","url":"https:\/\/relaisgourmet.com\/de\/produkt\/utensilienset-leberpastete\/","name":"Utensilien-Set f\u00fcr spezielle Leberpastete | Relais Gourmet","isPartOf":{"@id":"https:\/\/relaisgourmet.com\/de\/#website"},"primaryImageOfPage":{"@id":"https:\/\/relaisgourmet.com\/de\/produkt\/utensilienset-leberpastete\/#primaryimage"},"image":{"@id":"https:\/\/relaisgourmet.com\/de\/produkt\/utensilienset-leberpastete\/#primaryimage"},"thumbnailUrl":"https:\/\/relaisgourmet.com\/wp-content\/uploads\/2026\/03\/Capture-decran-2025-03-11-155626.png","datePublished":"2026-03-10T12:24:43+00:00","dateModified":"2026-04-01T22:41:08+00:00","description":"Utensilien-Set Leberpastete: Alles, was Sie brauchen, um Ihre Leberpastete elegant zu schneiden und zu servieren.","breadcrumb":{"@id":"https:\/\/relaisgourmet.com\/de\/produkt\/utensilienset-leberpastete\/#breadcrumb"},"inLanguage":"de","potentialAction":[{"@type":"ReadAction","target":["https:\/\/relaisgourmet.com\/de\/produkt\/utensilienset-leberpastete\/"]}]},{"@type":"ImageObject","inLanguage":"de","@id":"https:\/\/relaisgourmet.com\/de\/produkt\/utensilienset-leberpastete\/#primaryimage","url":"https:\/\/relaisgourmet.com\/wp-content\/uploads\/2026\/03\/Capture-decran-2025-03-11-155626.png","contentUrl":"https:\/\/relaisgourmet.com\/wp-content\/uploads\/2026\/03\/Capture-decran-2025-03-11-155626.png","width":506,"height":406},{"@type":"BreadcrumbList","@id":"https:\/\/relaisgourmet.com\/de\/produkt\/utensilienset-leberpastete\/#breadcrumb","itemListElement":[{"@type":"ListItem","position":1,"name":"Startseite","item":"https:\/\/relaisgourmet.com\/de\/startseite\/"},{"@type":"ListItem","position":2,"name":"Alle unsere Produkte","item":"https:\/\/relaisgourmet.com\/de\/shop\/"},{"@type":"ListItem","position":3,"name":"Utensilienset Leberpastete"}]},{"@type":"WebSite","@id":"https:\/\/relaisgourmet.com\/de\/#website","url":"https:\/\/relaisgourmet.com\/de\/","name":"Relais Gourmet","description":"Foie Gras 100% Fran\u00e7ais","publisher":{"@id":"https:\/\/relaisgourmet.com\/de\/#organization"},"potentialAction":[{"@type":"SearchAction","target":{"@type":"EntryPoint","urlTemplate":"https:\/\/relaisgourmet.com\/de\/?s={search_term_string}"},"query-input":{"@type":"PropertyValueSpecification","valueRequired":true,"valueName":"search_term_string"}}],"inLanguage":"de"},{"@type":"Organization","@id":"https:\/\/relaisgourmet.com\/de\/#organization","name":"Relais Gourmet","url":"https:\/\/relaisgourmet.com\/de\/","logo":{"@type":"ImageObject","inLanguage":"de","@id":"https:\/\/relaisgourmet.com\/de\/#\/schema\/logo\/image\/","url":"https:\/\/relaisgourmet.com\/wp-content\/uploads\/2026\/03\/yoast-logo-2-relais-gourmet-.png","contentUrl":"https:\/\/relaisgourmet.com\/wp-content\/uploads\/2026\/03\/yoast-logo-2-relais-gourmet-.png","width":1200,"height":675,"caption":"Relais Gourmet"},"image":{"@id":"https:\/\/relaisgourmet.com\/de\/#\/schema\/logo\/image\/"},"sameAs":["https:\/\/www.facebook.com\/relaisgourmet\/","https:\/\/x.com\/relaisgourmet64","https:\/\/www.instagram.com\/relaisgourmetofficiel","https:\/\/www.pinterest.fr\/relaisgourmet\/"],"email":"yaqueche@relaisgourmet.com","telephone":"+33 0 5 40 07 07 65","legalName":"Relais Gourmet","vatID":"FR13482415015","taxID":"482415015"}]}},"_links":{"self":[{"href":"https:\/\/relaisgourmet.com\/de\/wp-json\/wp\/v2\/product\/67193","targetHints":{"allow":["GET"]}}],"collection":[{"href":"https:\/\/relaisgourmet.com\/de\/wp-json\/wp\/v2\/product"}],"about":[{"href":"https:\/\/relaisgourmet.com\/de\/wp-json\/wp\/v2\/types\/product"}],"replies":[{"embeddable":true,"href":"https:\/\/relaisgourmet.com\/de\/wp-json\/wp\/v2\/comments?post=67193"}],"wp:featuredmedia":[{"embeddable":true,"href":"https:\/\/relaisgourmet.com\/de\/wp-json\/wp\/v2\/media\/66437"}],"wp:attachment":[{"href":"https:\/\/relaisgourmet.com\/de\/wp-json\/wp\/v2\/media?parent=67193"}],"wp:term":[{"taxonomy":"product_brand","embeddable":true,"href":"https:\/\/relaisgourmet.com\/de\/wp-json\/wp\/v2\/product_brand?post=67193"},{"taxonomy":"product_cat","embeddable":true,"href":"https:\/\/relaisgourmet.com\/de\/wp-json\/wp\/v2\/product_cat?post=67193"},{"taxonomy":"product_tag","embeddable":true,"href":"https:\/\/relaisgourmet.com\/de\/wp-json\/wp\/v2\/product_tag?post=67193"},{"taxonomy":"giftcard-category","embeddable":true,"href":"https:\/\/relaisgourmet.com\/de\/wp-json\/wp\/v2\/giftcard-category?post=67193"}],"curies":[{"name":"wp","href":"https:\/\/api.w.org\/{rel}","templated":true}]}}