{"id":67192,"date":"2026-03-10T12:24:43","date_gmt":"2026-03-10T12:24:43","guid":{"rendered":"https:\/\/relaisgourmet.com\/product\/geschenkset-abadia\/"},"modified":"2026-04-01T22:41:08","modified_gmt":"2026-04-01T22:41:08","slug":"geschenkset-abadia","status":"publish","type":"product","link":"https:\/\/relaisgourmet.com\/de\/produkt\/geschenkset-abadia\/","title":{"rendered":"Geschenkset Abadia"},"content":{"rendered":"<p>Entdecken Sie die <strong>Abadia-Box<\/strong>: eine Auswahl von <strong>Relais Gourmet-Produkten<\/strong>, die sich perfekt f\u00fcr Ihren Aperitif eignen. Ideal zum Teilen oder Verschenken bei einem gem\u00fctlichen Essen mit der Familie oder Freunden, um sch\u00f6ne Erinnerungen zu schaffen. <\/p>\n<p><strong>Garantiert ohne Konservierungsmittel, Farbstoffe oder Zusatzstoffe.<\/strong><\/p>\n<p><strong>Zusammensetzung der Geschenkbox Abadia:<\/strong><\/p>\n<ul>\n<li style=\"font-weight: 400;\"><strong>Ganze Leberpastete Natur (200 g)<\/strong>: der unumg\u00e4ngliche Klassiker, immer authentisch<\/li>\n<li style=\"font-weight: 400;\"><strong>Juran\u00e7on Gourmet Aperitif (180 g)<\/strong>: : Die perfekte Kombination aus s\u00fcdwestlichen Weinen und Gaumenfreuden f\u00fcr einen warmen und authentischen Moment.<\/li>\n<li style=\"font-weight: 400;\"><strong>Gourmet-Aperitif mit Piment d&#8217;Espelette (180 g)<\/strong>: Intensiver und typischer Geschmack des Baskenlandes f\u00fcr einen raffinierten und geselligen Moment.<\/li>\n<li style=\"font-weight: 400;\"><span style=\"font-weight: 400;\"><strong>Flasche Monbazillac Wei\u00dfwein (750 ml<\/strong>): passt perfekt zu diesem Paket<\/span><\/li>\n<\/ul>\n<p><strong>Aufbewahrung :<\/strong><\/p>\n<p><span style=\"font-weight: 400;\">3 Jahre bei Zimmertemperatur, was die M\u00f6glichkeit bietet, es nach Belieben zu genie\u00dfen. Sobald es ge\u00f6ffnet ist, denken Sie daran, es innerhalb von 15 Tagen zu konsumieren und im K\u00fchlschrank aufzubewahren, um es voll zu genie\u00dfen. <\/span><\/p>\n<p>&nbsp;<\/p>\n<p><b>Bereiten Sie sich auf einen Moment der Gaumenfreuden vor:<\/b><\/p>\n<p>Alle unsere Tipps und Tricks zur Vorbereitung finden Sie im <a href=\"\/?page_id=33969\">Blog-Bereich<\/a> sowie auf unserer <a href=\"https:\/\/www.instagram.com\/relaisgourmetofficiel\/\">Instagram-Seite<\/a>.<\/p>\n","protected":false},"excerpt":{"rendered":"<p>Das Abadia-Set von Relais Gourmet, Ihr Verb\u00fcndeter f\u00fcr einen gelungenen Aperitif. Ein Genuss zum Verschenken oder selbst genie\u00dfen! <\/p>\n<p><img decoding=\"async\" class=\"emoji\" role=\"img\" src=\"https:\/\/s.w.org\/images\/core\/emoji\/15.0.3\/svg\/1f1eb-1f1f7.svg\" alt=\"\ud83c\uddeb\ud83c\uddf7\">  Garantiert 100% franz\u00f6sische Produktion<br \/>\n\u2714 Garantiert ohne Konservierungsstoffe, Zusatzstoffe und Farbstoffe.<br \/>\n\ud83c\udf43 Mit gelbem Mais gef\u00fctterte Enten<br \/>\n\ud83d\ude9a Schnelle Lieferung weltweit<br \/>\n\ud83d\udd53 3 Jahre haltbar<br \/>\n\ud83d\udd10 Sichere Zahlung<\/p>\n<p>Nettogewicht: 1.31 kg<\/p>\n<p>&nbsp;<\/p>\n","protected":false},"featured_media":67194,"comment_status":"closed","ping_status":"closed","template":"","meta":{"_iconic_wsb_product_page_order_bump_ids":[],"_sku":["3410000336578"],"_iconic_wsb_product_page_bump_modal_ids":[]},"product_brand":[],"product_cat":[1679],"product_tag":[2790,2776,2777,2778,2785,2775,2786,2779,2784,1661,2788,2783,2789,2782,2791,2780,2787,2781],"giftcard-category":[],"class_list":{"0":"post-67192","1":"product","2":"type-product","3":"status-publish","4":"has-post-thumbnail","6":"product_cat-geschenksets","7":"product_tag-baskische-produkte","8":"product_tag-dose","9":"product_tag-foie-gras-set","10":"product_tag-gastronomische-box","11":"product_tag-gastronomisches-paket","12":"product_tag-geschenkbox","13":"product_tag-gourmet-paket","14":"product_tag-gourmetpaket","15":"product_tag-lebergras-paket","16":"product_tag-made-in-frankreich","17":"product_tag-paket-anbieten","18":"product_tag-paket-foie-gras","19":"product_tag-pakete-zum-verschenken","20":"product_tag-party-paket","21":"product_tag-sudwestprodukte","22":"product_tag-terroir-koffer","23":"product_tag-weihnachtspaket","24":"product_tag-zu-versendende-pakete","25":"product_shipping_class-standard","27":"first","28":"instock","29":"taxable","30":"shipping-taxable","31":"purchasable","32":"product-type-simple"},"yoast_head":"<!-- This site is optimized with the Yoast SEO Premium plugin v27.3 (Yoast SEO v27.3) - https:\/\/yoast.com\/product\/yoast-seo-premium-wordpress\/ -->\n<title>Geschenkset Abadia : Aperitif und Leberpastete | Relais Gourmet<\/title>\n<meta name=\"description\" content=\"Abadia Geschenkpackung: Produkte aus der Region in einer eleganten Geschenkpackung zum Verschenken oder selbst Genie\u00dfen.\" \/>\n<meta name=\"robots\" content=\"index, follow, max-snippet:-1, max-image-preview:large, max-video-preview:-1\" \/>\n<link rel=\"canonical\" href=\"https:\/\/relaisgourmet.com\/de\/produkt\/geschenkset-abadia\/\" \/>\n<meta property=\"og:locale\" content=\"de_DE\" \/>\n<meta property=\"og:type\" content=\"article\" \/>\n<meta property=\"og:title\" content=\"Geschenkset Abadia\" \/>\n<meta property=\"og:description\" content=\"Das Abadia-Set von Relais Gourmet, Ihr Verb\u00fcndeter f\u00fcr einen gelungenen Aperitif. Ein Genuss zum Verschenken oder selbst genie\u00dfen!   Garantiert 100% franz\u00f6sische Produktion \u2714 Garantiert ohne Konservierungsstoffe, Zusatzstoffe und Farbstoffe. \ud83c\udf43 Mit gelbem Mais gef\u00fctterte Enten \ud83d\ude9a Schnelle Lieferung weltweit \ud83d\udd53 3 Jahre haltbar \ud83d\udd10 Sichere Zahlung Nettogewicht: 1.31 kg &nbsp;\" \/>\n<meta property=\"og:url\" content=\"https:\/\/relaisgourmet.com\/de\/produkt\/geschenkset-abadia\/\" \/>\n<meta property=\"og:site_name\" content=\"Relais Gourmet\" \/>\n<meta property=\"article:publisher\" content=\"https:\/\/www.facebook.com\/relaisgourmet\/\" \/>\n<meta property=\"article:modified_time\" content=\"2026-04-01T22:41:08+00:00\" \/>\n<meta property=\"og:image\" content=\"https:\/\/relaisgourmet.com\/wp-content\/uploads\/2026\/03\/Abadia.jpg\" \/>\n\t<meta property=\"og:image:width\" content=\"1583\" \/>\n\t<meta property=\"og:image:height\" content=\"1583\" \/>\n\t<meta property=\"og:image:type\" content=\"image\/jpeg\" \/>\n<meta name=\"twitter:card\" content=\"summary_large_image\" \/>\n<meta name=\"twitter:site\" content=\"@relaisgourmet64\" \/>\n<meta name=\"twitter:label1\" content=\"Gesch\u00e4tzte Lesezeit\" \/>\n\t<meta name=\"twitter:data1\" content=\"1\u00a0Minute\" \/>\n<script type=\"application\/ld+json\" class=\"yoast-schema-graph\">{\"@context\":\"https:\\\/\\\/schema.org\",\"@graph\":[{\"@type\":\"WebPage\",\"@id\":\"https:\\\/\\\/relaisgourmet.com\\\/de\\\/produkt\\\/geschenkset-abadia\\\/\",\"url\":\"https:\\\/\\\/relaisgourmet.com\\\/de\\\/produkt\\\/geschenkset-abadia\\\/\",\"name\":\"Geschenkset Abadia : Aperitif und Leberpastete | Relais Gourmet\",\"isPartOf\":{\"@id\":\"https:\\\/\\\/relaisgourmet.com\\\/de\\\/#website\"},\"primaryImageOfPage\":{\"@id\":\"https:\\\/\\\/relaisgourmet.com\\\/de\\\/produkt\\\/geschenkset-abadia\\\/#primaryimage\"},\"image\":{\"@id\":\"https:\\\/\\\/relaisgourmet.com\\\/de\\\/produkt\\\/geschenkset-abadia\\\/#primaryimage\"},\"thumbnailUrl\":\"https:\\\/\\\/relaisgourmet.com\\\/wp-content\\\/uploads\\\/2026\\\/03\\\/Abadia.jpg\",\"datePublished\":\"2026-03-10T12:24:43+00:00\",\"dateModified\":\"2026-04-01T22:41:08+00:00\",\"description\":\"Abadia Geschenkpackung: Produkte aus der Region in einer eleganten Geschenkpackung zum Verschenken oder selbst Genie\u00dfen.\",\"breadcrumb\":{\"@id\":\"https:\\\/\\\/relaisgourmet.com\\\/de\\\/produkt\\\/geschenkset-abadia\\\/#breadcrumb\"},\"inLanguage\":\"de\",\"potentialAction\":[{\"@type\":\"ReadAction\",\"target\":[\"https:\\\/\\\/relaisgourmet.com\\\/de\\\/produkt\\\/geschenkset-abadia\\\/\"]}]},{\"@type\":\"ImageObject\",\"inLanguage\":\"de\",\"@id\":\"https:\\\/\\\/relaisgourmet.com\\\/de\\\/produkt\\\/geschenkset-abadia\\\/#primaryimage\",\"url\":\"https:\\\/\\\/relaisgourmet.com\\\/wp-content\\\/uploads\\\/2026\\\/03\\\/Abadia.jpg\",\"contentUrl\":\"https:\\\/\\\/relaisgourmet.com\\\/wp-content\\\/uploads\\\/2026\\\/03\\\/Abadia.jpg\",\"width\":1583,\"height\":1583},{\"@type\":\"BreadcrumbList\",\"@id\":\"https:\\\/\\\/relaisgourmet.com\\\/de\\\/produkt\\\/geschenkset-abadia\\\/#breadcrumb\",\"itemListElement\":[{\"@type\":\"ListItem\",\"position\":1,\"name\":\"Startseite\",\"item\":\"https:\\\/\\\/relaisgourmet.com\\\/de\\\/startseite\\\/\"},{\"@type\":\"ListItem\",\"position\":2,\"name\":\"Alle unsere Produkte\",\"item\":\"https:\\\/\\\/relaisgourmet.com\\\/de\\\/shop\\\/\"},{\"@type\":\"ListItem\",\"position\":3,\"name\":\"Geschenkset Abadia\"}]},{\"@type\":\"WebSite\",\"@id\":\"https:\\\/\\\/relaisgourmet.com\\\/de\\\/#website\",\"url\":\"https:\\\/\\\/relaisgourmet.com\\\/de\\\/\",\"name\":\"Relais Gourmet\",\"description\":\"Foie Gras 100% Fran\u00e7ais\",\"publisher\":{\"@id\":\"https:\\\/\\\/relaisgourmet.com\\\/de\\\/#organization\"},\"potentialAction\":[{\"@type\":\"SearchAction\",\"target\":{\"@type\":\"EntryPoint\",\"urlTemplate\":\"https:\\\/\\\/relaisgourmet.com\\\/de\\\/?s={search_term_string}\"},\"query-input\":{\"@type\":\"PropertyValueSpecification\",\"valueRequired\":true,\"valueName\":\"search_term_string\"}}],\"inLanguage\":\"de\"},{\"@type\":\"Organization\",\"@id\":\"https:\\\/\\\/relaisgourmet.com\\\/de\\\/#organization\",\"name\":\"Relais Gourmet\",\"url\":\"https:\\\/\\\/relaisgourmet.com\\\/de\\\/\",\"logo\":{\"@type\":\"ImageObject\",\"inLanguage\":\"de\",\"@id\":\"https:\\\/\\\/relaisgourmet.com\\\/de\\\/#\\\/schema\\\/logo\\\/image\\\/\",\"url\":\"https:\\\/\\\/relaisgourmet.com\\\/wp-content\\\/uploads\\\/2026\\\/03\\\/yoast-logo-2-relais-gourmet-.png\",\"contentUrl\":\"https:\\\/\\\/relaisgourmet.com\\\/wp-content\\\/uploads\\\/2026\\\/03\\\/yoast-logo-2-relais-gourmet-.png\",\"width\":1200,\"height\":675,\"caption\":\"Relais Gourmet\"},\"image\":{\"@id\":\"https:\\\/\\\/relaisgourmet.com\\\/de\\\/#\\\/schema\\\/logo\\\/image\\\/\"},\"sameAs\":[\"https:\\\/\\\/www.facebook.com\\\/relaisgourmet\\\/\",\"https:\\\/\\\/x.com\\\/relaisgourmet64\",\"https:\\\/\\\/www.instagram.com\\\/relaisgourmetofficiel\",\"https:\\\/\\\/www.pinterest.fr\\\/relaisgourmet\\\/\"],\"email\":\"yaqueche@relaisgourmet.com\",\"telephone\":\"+33 0 5 40 07 07 65\",\"legalName\":\"Relais Gourmet\",\"vatID\":\"FR13482415015\",\"taxID\":\"482415015\"}]}<\/script>\n<!-- \/ Yoast SEO Premium plugin. -->","yoast_head_json":{"title":"Geschenkset Abadia : Aperitif und Leberpastete | Relais Gourmet","description":"Abadia Geschenkpackung: Produkte aus der Region in einer eleganten Geschenkpackung zum Verschenken oder selbst Genie\u00dfen.","robots":{"index":"index","follow":"follow","max-snippet":"max-snippet:-1","max-image-preview":"max-image-preview:large","max-video-preview":"max-video-preview:-1"},"canonical":"https:\/\/relaisgourmet.com\/de\/produkt\/geschenkset-abadia\/","og_locale":"de_DE","og_type":"article","og_title":"Geschenkset Abadia","og_description":"Das Abadia-Set von Relais Gourmet, Ihr Verb\u00fcndeter f\u00fcr einen gelungenen Aperitif. Ein Genuss zum Verschenken oder selbst genie\u00dfen!   Garantiert 100% franz\u00f6sische Produktion \u2714 Garantiert ohne Konservierungsstoffe, Zusatzstoffe und Farbstoffe. \ud83c\udf43 Mit gelbem Mais gef\u00fctterte Enten \ud83d\ude9a Schnelle Lieferung weltweit \ud83d\udd53 3 Jahre haltbar \ud83d\udd10 Sichere Zahlung Nettogewicht: 1.31 kg &nbsp;","og_url":"https:\/\/relaisgourmet.com\/de\/produkt\/geschenkset-abadia\/","og_site_name":"Relais Gourmet","article_publisher":"https:\/\/www.facebook.com\/relaisgourmet\/","article_modified_time":"2026-04-01T22:41:08+00:00","og_image":[{"width":1583,"height":1583,"url":"https:\/\/relaisgourmet.com\/wp-content\/uploads\/2026\/03\/Abadia.jpg","type":"image\/jpeg"}],"twitter_card":"summary_large_image","twitter_site":"@relaisgourmet64","twitter_misc":{"Gesch\u00e4tzte Lesezeit":"1\u00a0Minute"},"schema":{"@context":"https:\/\/schema.org","@graph":[{"@type":"WebPage","@id":"https:\/\/relaisgourmet.com\/de\/produkt\/geschenkset-abadia\/","url":"https:\/\/relaisgourmet.com\/de\/produkt\/geschenkset-abadia\/","name":"Geschenkset Abadia : Aperitif und Leberpastete | Relais Gourmet","isPartOf":{"@id":"https:\/\/relaisgourmet.com\/de\/#website"},"primaryImageOfPage":{"@id":"https:\/\/relaisgourmet.com\/de\/produkt\/geschenkset-abadia\/#primaryimage"},"image":{"@id":"https:\/\/relaisgourmet.com\/de\/produkt\/geschenkset-abadia\/#primaryimage"},"thumbnailUrl":"https:\/\/relaisgourmet.com\/wp-content\/uploads\/2026\/03\/Abadia.jpg","datePublished":"2026-03-10T12:24:43+00:00","dateModified":"2026-04-01T22:41:08+00:00","description":"Abadia Geschenkpackung: Produkte aus der Region in einer eleganten Geschenkpackung zum Verschenken oder selbst Genie\u00dfen.","breadcrumb":{"@id":"https:\/\/relaisgourmet.com\/de\/produkt\/geschenkset-abadia\/#breadcrumb"},"inLanguage":"de","potentialAction":[{"@type":"ReadAction","target":["https:\/\/relaisgourmet.com\/de\/produkt\/geschenkset-abadia\/"]}]},{"@type":"ImageObject","inLanguage":"de","@id":"https:\/\/relaisgourmet.com\/de\/produkt\/geschenkset-abadia\/#primaryimage","url":"https:\/\/relaisgourmet.com\/wp-content\/uploads\/2026\/03\/Abadia.jpg","contentUrl":"https:\/\/relaisgourmet.com\/wp-content\/uploads\/2026\/03\/Abadia.jpg","width":1583,"height":1583},{"@type":"BreadcrumbList","@id":"https:\/\/relaisgourmet.com\/de\/produkt\/geschenkset-abadia\/#breadcrumb","itemListElement":[{"@type":"ListItem","position":1,"name":"Startseite","item":"https:\/\/relaisgourmet.com\/de\/startseite\/"},{"@type":"ListItem","position":2,"name":"Alle unsere Produkte","item":"https:\/\/relaisgourmet.com\/de\/shop\/"},{"@type":"ListItem","position":3,"name":"Geschenkset Abadia"}]},{"@type":"WebSite","@id":"https:\/\/relaisgourmet.com\/de\/#website","url":"https:\/\/relaisgourmet.com\/de\/","name":"Relais Gourmet","description":"Foie Gras 100% Fran\u00e7ais","publisher":{"@id":"https:\/\/relaisgourmet.com\/de\/#organization"},"potentialAction":[{"@type":"SearchAction","target":{"@type":"EntryPoint","urlTemplate":"https:\/\/relaisgourmet.com\/de\/?s={search_term_string}"},"query-input":{"@type":"PropertyValueSpecification","valueRequired":true,"valueName":"search_term_string"}}],"inLanguage":"de"},{"@type":"Organization","@id":"https:\/\/relaisgourmet.com\/de\/#organization","name":"Relais Gourmet","url":"https:\/\/relaisgourmet.com\/de\/","logo":{"@type":"ImageObject","inLanguage":"de","@id":"https:\/\/relaisgourmet.com\/de\/#\/schema\/logo\/image\/","url":"https:\/\/relaisgourmet.com\/wp-content\/uploads\/2026\/03\/yoast-logo-2-relais-gourmet-.png","contentUrl":"https:\/\/relaisgourmet.com\/wp-content\/uploads\/2026\/03\/yoast-logo-2-relais-gourmet-.png","width":1200,"height":675,"caption":"Relais Gourmet"},"image":{"@id":"https:\/\/relaisgourmet.com\/de\/#\/schema\/logo\/image\/"},"sameAs":["https:\/\/www.facebook.com\/relaisgourmet\/","https:\/\/x.com\/relaisgourmet64","https:\/\/www.instagram.com\/relaisgourmetofficiel","https:\/\/www.pinterest.fr\/relaisgourmet\/"],"email":"yaqueche@relaisgourmet.com","telephone":"+33 0 5 40 07 07 65","legalName":"Relais Gourmet","vatID":"FR13482415015","taxID":"482415015"}]}},"_links":{"self":[{"href":"https:\/\/relaisgourmet.com\/de\/wp-json\/wp\/v2\/product\/67192","targetHints":{"allow":["GET"]}}],"collection":[{"href":"https:\/\/relaisgourmet.com\/de\/wp-json\/wp\/v2\/product"}],"about":[{"href":"https:\/\/relaisgourmet.com\/de\/wp-json\/wp\/v2\/types\/product"}],"replies":[{"embeddable":true,"href":"https:\/\/relaisgourmet.com\/de\/wp-json\/wp\/v2\/comments?post=67192"}],"wp:featuredmedia":[{"embeddable":true,"href":"https:\/\/relaisgourmet.com\/de\/wp-json\/wp\/v2\/media\/67194"}],"wp:attachment":[{"href":"https:\/\/relaisgourmet.com\/de\/wp-json\/wp\/v2\/media?parent=67192"}],"wp:term":[{"taxonomy":"product_brand","embeddable":true,"href":"https:\/\/relaisgourmet.com\/de\/wp-json\/wp\/v2\/product_brand?post=67192"},{"taxonomy":"product_cat","embeddable":true,"href":"https:\/\/relaisgourmet.com\/de\/wp-json\/wp\/v2\/product_cat?post=67192"},{"taxonomy":"product_tag","embeddable":true,"href":"https:\/\/relaisgourmet.com\/de\/wp-json\/wp\/v2\/product_tag?post=67192"},{"taxonomy":"giftcard-category","embeddable":true,"href":"https:\/\/relaisgourmet.com\/de\/wp-json\/wp\/v2\/giftcard-category?post=67192"}],"curies":[{"name":"wp","href":"https:\/\/api.w.org\/{rel}","templated":true}]}}