{"id":67178,"date":"2026-03-10T12:24:42","date_gmt":"2026-03-10T12:24:42","guid":{"rendered":"https:\/\/relaisgourmet.com\/product\/die-fibel-des-baskenlandes-band-1\/"},"modified":"2026-04-01T22:40:54","modified_gmt":"2026-04-01T22:40:54","slug":"die-fibel-des-baskenlandes-band-1","status":"publish","type":"product","link":"https:\/\/relaisgourmet.com\/de\/produkt\/die-fibel-des-baskenlandes-band-1\/","title":{"rendered":"Die Fibel des Baskenlandes - BAND 1"},"content":{"rendered":"<p><strong>Entdecken Sie die digitale Version der Fibel des Baskenlandes.<\/strong><\/p>\n<p>Was ist ein Alphabetbuch? Es ist ein Entdeckungsf\u00fchrer, eine Reise, bei der jeder Buchstabe des Alphabets als Kompass dient, um durch Themen, Autoren, Genres, Personen, Orte und vieles mehr zu navigieren. Dieses originelle Konzept bietet einen reichen und vielf\u00e4ltigen \u00dcberblick \u00fcber die Welt der Literatur und erm\u00f6glicht es, jeden Buchstaben mit einem repr\u00e4sentativen Schl\u00fcsselwort zu verbinden.  <\/p>\n<p>Das E-Book &#8222;Die Fibel des Baskenlandes&#8220; besteht aus mehreren Kapiteln, die verschiedene Themen wie Geschichte, Literatur, Musik, Gastronomie, Handwerk, Traditionen und vieles mehr behandeln.<\/p>\n<p>Diese Kapitel werden durch Fotos und Zeichnungen illustriert, die dem Buch eine pers\u00f6nliche und originelle Note verleihen.<\/p>\n<p>Dieses Buch wurde von einem leidenschaftlichen Anh\u00e4nger des Baskenlandes geschrieben und ist ein wertvoller F\u00fchrer, um diese Region, die reich an Kultur und Erbe ist, zu entdecken und besser zu verstehen.<\/p>\n<p>Bei Bestellungen \u00fcber 79\u20ac erhalten Sie den ersten Band von L&#8217;ab\u00e9c\u00e9daire kostenlos.<\/p>\n<p>Relais Gourmet l\u00e4dt Sie ein, die Niederlande mit Hilfe einer Fibel zu entdecken, die reich an Gastronomie, Folklore und historischem Erbe ist.<\/p>\n<p>Mit diesem Buch sind Sie f\u00fcr alle Gelegenheiten ger\u00fcstet und k\u00f6nnen unsere verschiedenen Foies Gras probieren!<\/p>\n<p>Unsere Zubereitungstipps finden Sie in der Rubrik Unsere Tipps, und alle unsere Produkte baskischer Herkunft in der Relais Gourmet Boutique.<\/p>\n<p>Besuchen Sie unseren <a href=\"https:\/\/epic-varahamihira.207-180-195-93.plesk.page\/index.php\/blog-foies-gras-actualite\/\">Blog<\/a>, um unsere <a href=\"\/?page_id=33979\">Rezepte <\/a>und andere Neuigkeiten zu entdecken.<\/p>\n<p>Und wenn Sie ein Gourmet-Essen w\u00fcnschen, warum nicht mit den k\u00f6stlichen Turrones <a href=\"https:\/\/mariasimona.com\/?lang=es\">Maria Simona <\/a> abschlie\u00dfen?<\/p>\n<p>DATEI: pdf<\/p>\n<p>AUTOR: Yaqueche<\/p>\n<p>SEITENANZAHL: 34 Seiten<\/p>\n","protected":false},"excerpt":{"rendered":"<p><strong>Die faszinierende Welt des Baskenlandes in diesem ersten Buch in digitaler Form.<\/strong><\/p>\n<p><em><strong>Bei einer Bestellung \u00fcber 79 \u20ac erhalten Sie dieses Buch kostenlos.<\/strong><\/em><\/p>\n<p>Relais Gourmet l\u00e4dt Sie ein, das Baskenland mit Hilfe einer Fibel zu entdecken, die reich an Gastronomie, Folklore und historischem Erbe ist.<\/p>\n<p>DATEI: pdf<\/p>\n<p>AUTOR: Yaqueche<\/p>\n<p>SEITENANZAHL: 34 Seiten<\/p>\n","protected":false},"featured_media":67180,"comment_status":"closed","ping_status":"closed","template":"","meta":{"_iconic_wsb_product_page_order_bump_ids":[],"_sku":["3640000336173"],"_iconic_wsb_product_page_bump_modal_ids":[]},"product_brand":[],"product_cat":[2158],"product_tag":[2750,2748,1661],"giftcard-category":[],"class_list":{"0":"post-67178","1":"product","2":"type-product","3":"status-publish","4":"has-post-thumbnail","6":"product_cat-koch-e-books","7":"product_tag-baskenland","8":"product_tag-ebook","9":"product_tag-made-in-frankreich","10":"product_shipping_class-standard","12":"first","13":"instock","14":"downloadable","15":"virtual","16":"taxable","17":"purchasable","18":"product-type-simple"},"yoast_head":"<!-- This site is optimized with the Yoast SEO Premium plugin v27.3 (Yoast SEO v27.3) - https:\/\/yoast.com\/product\/yoast-seo-premium-wordpress\/ -->\n<title>Die Fibel des Baskenlandes Band 1 | Relais Gourmet<\/title>\n<meta name=\"description\" content=\"Die Baskenland-Fibel - Band 1: Der erste Band, um auf charmante Weise in die baskische Welt einzutauchen.\" \/>\n<meta name=\"robots\" content=\"index, follow, max-snippet:-1, max-image-preview:large, max-video-preview:-1\" \/>\n<link rel=\"canonical\" href=\"https:\/\/relaisgourmet.com\/de\/produkt\/die-fibel-des-baskenlandes-band-1\/\" \/>\n<meta property=\"og:locale\" content=\"de_DE\" \/>\n<meta property=\"og:type\" content=\"article\" \/>\n<meta property=\"og:title\" content=\"Die Fibel des Baskenlandes - BAND 1\" \/>\n<meta property=\"og:description\" content=\"Die faszinierende Welt des Baskenlandes in diesem ersten Buch in digitaler Form. Bei einer Bestellung \u00fcber 79 \u20ac erhalten Sie dieses Buch kostenlos. Relais Gourmet l\u00e4dt Sie ein, das Baskenland mit Hilfe einer Fibel zu entdecken, die reich an Gastronomie, Folklore und historischem Erbe ist. DATEI: pdf AUTOR: Yaqueche SEITENANZAHL: 34 Seiten\" \/>\n<meta property=\"og:url\" content=\"https:\/\/relaisgourmet.com\/de\/produkt\/die-fibel-des-baskenlandes-band-1\/\" \/>\n<meta property=\"og:site_name\" content=\"Relais Gourmet\" \/>\n<meta property=\"article:publisher\" content=\"https:\/\/www.facebook.com\/relaisgourmet\/\" \/>\n<meta property=\"article:modified_time\" content=\"2026-04-01T22:40:54+00:00\" \/>\n<meta property=\"og:image\" content=\"https:\/\/relaisgourmet.com\/wp-content\/uploads\/2026\/03\/abecedaire-1-1.png\" \/>\n\t<meta property=\"og:image:width\" content=\"600\" \/>\n\t<meta property=\"og:image:height\" content=\"600\" \/>\n\t<meta property=\"og:image:type\" content=\"image\/png\" \/>\n<meta name=\"twitter:card\" content=\"summary_large_image\" \/>\n<meta name=\"twitter:site\" content=\"@relaisgourmet64\" \/>\n<meta name=\"twitter:label1\" content=\"Gesch\u00e4tzte Lesezeit\" \/>\n\t<meta name=\"twitter:data1\" content=\"1\u00a0Minute\" \/>\n<script type=\"application\/ld+json\" class=\"yoast-schema-graph\">{\"@context\":\"https:\\\/\\\/schema.org\",\"@graph\":[{\"@type\":\"WebPage\",\"@id\":\"https:\\\/\\\/relaisgourmet.com\\\/de\\\/produkt\\\/die-fibel-des-baskenlandes-band-1\\\/\",\"url\":\"https:\\\/\\\/relaisgourmet.com\\\/de\\\/produkt\\\/die-fibel-des-baskenlandes-band-1\\\/\",\"name\":\"Die Fibel des Baskenlandes Band 1 | Relais Gourmet\",\"isPartOf\":{\"@id\":\"https:\\\/\\\/relaisgourmet.com\\\/de\\\/#website\"},\"primaryImageOfPage\":{\"@id\":\"https:\\\/\\\/relaisgourmet.com\\\/de\\\/produkt\\\/die-fibel-des-baskenlandes-band-1\\\/#primaryimage\"},\"image\":{\"@id\":\"https:\\\/\\\/relaisgourmet.com\\\/de\\\/produkt\\\/die-fibel-des-baskenlandes-band-1\\\/#primaryimage\"},\"thumbnailUrl\":\"https:\\\/\\\/relaisgourmet.com\\\/wp-content\\\/uploads\\\/2026\\\/03\\\/abecedaire-1-1.png\",\"datePublished\":\"2026-03-10T12:24:42+00:00\",\"dateModified\":\"2026-04-01T22:40:54+00:00\",\"description\":\"Die Baskenland-Fibel - Band 1: Der erste Band, um auf charmante Weise in die baskische Welt einzutauchen.\",\"breadcrumb\":{\"@id\":\"https:\\\/\\\/relaisgourmet.com\\\/de\\\/produkt\\\/die-fibel-des-baskenlandes-band-1\\\/#breadcrumb\"},\"inLanguage\":\"de\",\"potentialAction\":[{\"@type\":\"ReadAction\",\"target\":[\"https:\\\/\\\/relaisgourmet.com\\\/de\\\/produkt\\\/die-fibel-des-baskenlandes-band-1\\\/\"]}]},{\"@type\":\"ImageObject\",\"inLanguage\":\"de\",\"@id\":\"https:\\\/\\\/relaisgourmet.com\\\/de\\\/produkt\\\/die-fibel-des-baskenlandes-band-1\\\/#primaryimage\",\"url\":\"https:\\\/\\\/relaisgourmet.com\\\/wp-content\\\/uploads\\\/2026\\\/03\\\/abecedaire-1-1.png\",\"contentUrl\":\"https:\\\/\\\/relaisgourmet.com\\\/wp-content\\\/uploads\\\/2026\\\/03\\\/abecedaire-1-1.png\",\"width\":600,\"height\":600},{\"@type\":\"BreadcrumbList\",\"@id\":\"https:\\\/\\\/relaisgourmet.com\\\/de\\\/produkt\\\/die-fibel-des-baskenlandes-band-1\\\/#breadcrumb\",\"itemListElement\":[{\"@type\":\"ListItem\",\"position\":1,\"name\":\"Startseite\",\"item\":\"https:\\\/\\\/relaisgourmet.com\\\/de\\\/startseite\\\/\"},{\"@type\":\"ListItem\",\"position\":2,\"name\":\"Alle unsere Produkte\",\"item\":\"https:\\\/\\\/relaisgourmet.com\\\/de\\\/shop\\\/\"},{\"@type\":\"ListItem\",\"position\":3,\"name\":\"Die Fibel des Baskenlandes - BAND 1\"}]},{\"@type\":\"WebSite\",\"@id\":\"https:\\\/\\\/relaisgourmet.com\\\/de\\\/#website\",\"url\":\"https:\\\/\\\/relaisgourmet.com\\\/de\\\/\",\"name\":\"Relais Gourmet\",\"description\":\"Foie Gras 100% Fran\u00e7ais\",\"publisher\":{\"@id\":\"https:\\\/\\\/relaisgourmet.com\\\/de\\\/#organization\"},\"potentialAction\":[{\"@type\":\"SearchAction\",\"target\":{\"@type\":\"EntryPoint\",\"urlTemplate\":\"https:\\\/\\\/relaisgourmet.com\\\/de\\\/?s={search_term_string}\"},\"query-input\":{\"@type\":\"PropertyValueSpecification\",\"valueRequired\":true,\"valueName\":\"search_term_string\"}}],\"inLanguage\":\"de\"},{\"@type\":\"Organization\",\"@id\":\"https:\\\/\\\/relaisgourmet.com\\\/de\\\/#organization\",\"name\":\"Relais Gourmet\",\"url\":\"https:\\\/\\\/relaisgourmet.com\\\/de\\\/\",\"logo\":{\"@type\":\"ImageObject\",\"inLanguage\":\"de\",\"@id\":\"https:\\\/\\\/relaisgourmet.com\\\/de\\\/#\\\/schema\\\/logo\\\/image\\\/\",\"url\":\"https:\\\/\\\/relaisgourmet.com\\\/wp-content\\\/uploads\\\/2026\\\/03\\\/yoast-logo-2-relais-gourmet-.png\",\"contentUrl\":\"https:\\\/\\\/relaisgourmet.com\\\/wp-content\\\/uploads\\\/2026\\\/03\\\/yoast-logo-2-relais-gourmet-.png\",\"width\":1200,\"height\":675,\"caption\":\"Relais Gourmet\"},\"image\":{\"@id\":\"https:\\\/\\\/relaisgourmet.com\\\/de\\\/#\\\/schema\\\/logo\\\/image\\\/\"},\"sameAs\":[\"https:\\\/\\\/www.facebook.com\\\/relaisgourmet\\\/\",\"https:\\\/\\\/x.com\\\/relaisgourmet64\",\"https:\\\/\\\/www.instagram.com\\\/relaisgourmetofficiel\",\"https:\\\/\\\/www.pinterest.fr\\\/relaisgourmet\\\/\"],\"email\":\"yaqueche@relaisgourmet.com\",\"telephone\":\"+33 0 5 40 07 07 65\",\"legalName\":\"Relais Gourmet\",\"vatID\":\"FR13482415015\",\"taxID\":\"482415015\"}]}<\/script>\n<!-- \/ Yoast SEO Premium plugin. -->","yoast_head_json":{"title":"Die Fibel des Baskenlandes Band 1 | Relais Gourmet","description":"Die Baskenland-Fibel - Band 1: Der erste Band, um auf charmante Weise in die baskische Welt einzutauchen.","robots":{"index":"index","follow":"follow","max-snippet":"max-snippet:-1","max-image-preview":"max-image-preview:large","max-video-preview":"max-video-preview:-1"},"canonical":"https:\/\/relaisgourmet.com\/de\/produkt\/die-fibel-des-baskenlandes-band-1\/","og_locale":"de_DE","og_type":"article","og_title":"Die Fibel des Baskenlandes - BAND 1","og_description":"Die faszinierende Welt des Baskenlandes in diesem ersten Buch in digitaler Form. Bei einer Bestellung \u00fcber 79 \u20ac erhalten Sie dieses Buch kostenlos. Relais Gourmet l\u00e4dt Sie ein, das Baskenland mit Hilfe einer Fibel zu entdecken, die reich an Gastronomie, Folklore und historischem Erbe ist. DATEI: pdf AUTOR: Yaqueche SEITENANZAHL: 34 Seiten","og_url":"https:\/\/relaisgourmet.com\/de\/produkt\/die-fibel-des-baskenlandes-band-1\/","og_site_name":"Relais Gourmet","article_publisher":"https:\/\/www.facebook.com\/relaisgourmet\/","article_modified_time":"2026-04-01T22:40:54+00:00","og_image":[{"width":600,"height":600,"url":"https:\/\/relaisgourmet.com\/wp-content\/uploads\/2026\/03\/abecedaire-1-1.png","type":"image\/png"}],"twitter_card":"summary_large_image","twitter_site":"@relaisgourmet64","twitter_misc":{"Gesch\u00e4tzte Lesezeit":"1\u00a0Minute"},"schema":{"@context":"https:\/\/schema.org","@graph":[{"@type":"WebPage","@id":"https:\/\/relaisgourmet.com\/de\/produkt\/die-fibel-des-baskenlandes-band-1\/","url":"https:\/\/relaisgourmet.com\/de\/produkt\/die-fibel-des-baskenlandes-band-1\/","name":"Die Fibel des Baskenlandes Band 1 | Relais Gourmet","isPartOf":{"@id":"https:\/\/relaisgourmet.com\/de\/#website"},"primaryImageOfPage":{"@id":"https:\/\/relaisgourmet.com\/de\/produkt\/die-fibel-des-baskenlandes-band-1\/#primaryimage"},"image":{"@id":"https:\/\/relaisgourmet.com\/de\/produkt\/die-fibel-des-baskenlandes-band-1\/#primaryimage"},"thumbnailUrl":"https:\/\/relaisgourmet.com\/wp-content\/uploads\/2026\/03\/abecedaire-1-1.png","datePublished":"2026-03-10T12:24:42+00:00","dateModified":"2026-04-01T22:40:54+00:00","description":"Die Baskenland-Fibel - Band 1: Der erste Band, um auf charmante Weise in die baskische Welt einzutauchen.","breadcrumb":{"@id":"https:\/\/relaisgourmet.com\/de\/produkt\/die-fibel-des-baskenlandes-band-1\/#breadcrumb"},"inLanguage":"de","potentialAction":[{"@type":"ReadAction","target":["https:\/\/relaisgourmet.com\/de\/produkt\/die-fibel-des-baskenlandes-band-1\/"]}]},{"@type":"ImageObject","inLanguage":"de","@id":"https:\/\/relaisgourmet.com\/de\/produkt\/die-fibel-des-baskenlandes-band-1\/#primaryimage","url":"https:\/\/relaisgourmet.com\/wp-content\/uploads\/2026\/03\/abecedaire-1-1.png","contentUrl":"https:\/\/relaisgourmet.com\/wp-content\/uploads\/2026\/03\/abecedaire-1-1.png","width":600,"height":600},{"@type":"BreadcrumbList","@id":"https:\/\/relaisgourmet.com\/de\/produkt\/die-fibel-des-baskenlandes-band-1\/#breadcrumb","itemListElement":[{"@type":"ListItem","position":1,"name":"Startseite","item":"https:\/\/relaisgourmet.com\/de\/startseite\/"},{"@type":"ListItem","position":2,"name":"Alle unsere Produkte","item":"https:\/\/relaisgourmet.com\/de\/shop\/"},{"@type":"ListItem","position":3,"name":"Die Fibel des Baskenlandes - BAND 1"}]},{"@type":"WebSite","@id":"https:\/\/relaisgourmet.com\/de\/#website","url":"https:\/\/relaisgourmet.com\/de\/","name":"Relais Gourmet","description":"Foie Gras 100% Fran\u00e7ais","publisher":{"@id":"https:\/\/relaisgourmet.com\/de\/#organization"},"potentialAction":[{"@type":"SearchAction","target":{"@type":"EntryPoint","urlTemplate":"https:\/\/relaisgourmet.com\/de\/?s={search_term_string}"},"query-input":{"@type":"PropertyValueSpecification","valueRequired":true,"valueName":"search_term_string"}}],"inLanguage":"de"},{"@type":"Organization","@id":"https:\/\/relaisgourmet.com\/de\/#organization","name":"Relais Gourmet","url":"https:\/\/relaisgourmet.com\/de\/","logo":{"@type":"ImageObject","inLanguage":"de","@id":"https:\/\/relaisgourmet.com\/de\/#\/schema\/logo\/image\/","url":"https:\/\/relaisgourmet.com\/wp-content\/uploads\/2026\/03\/yoast-logo-2-relais-gourmet-.png","contentUrl":"https:\/\/relaisgourmet.com\/wp-content\/uploads\/2026\/03\/yoast-logo-2-relais-gourmet-.png","width":1200,"height":675,"caption":"Relais Gourmet"},"image":{"@id":"https:\/\/relaisgourmet.com\/de\/#\/schema\/logo\/image\/"},"sameAs":["https:\/\/www.facebook.com\/relaisgourmet\/","https:\/\/x.com\/relaisgourmet64","https:\/\/www.instagram.com\/relaisgourmetofficiel","https:\/\/www.pinterest.fr\/relaisgourmet\/"],"email":"yaqueche@relaisgourmet.com","telephone":"+33 0 5 40 07 07 65","legalName":"Relais Gourmet","vatID":"FR13482415015","taxID":"482415015"}]}},"_links":{"self":[{"href":"https:\/\/relaisgourmet.com\/de\/wp-json\/wp\/v2\/product\/67178","targetHints":{"allow":["GET"]}}],"collection":[{"href":"https:\/\/relaisgourmet.com\/de\/wp-json\/wp\/v2\/product"}],"about":[{"href":"https:\/\/relaisgourmet.com\/de\/wp-json\/wp\/v2\/types\/product"}],"replies":[{"embeddable":true,"href":"https:\/\/relaisgourmet.com\/de\/wp-json\/wp\/v2\/comments?post=67178"}],"wp:featuredmedia":[{"embeddable":true,"href":"https:\/\/relaisgourmet.com\/de\/wp-json\/wp\/v2\/media\/67180"}],"wp:attachment":[{"href":"https:\/\/relaisgourmet.com\/de\/wp-json\/wp\/v2\/media?parent=67178"}],"wp:term":[{"taxonomy":"product_brand","embeddable":true,"href":"https:\/\/relaisgourmet.com\/de\/wp-json\/wp\/v2\/product_brand?post=67178"},{"taxonomy":"product_cat","embeddable":true,"href":"https:\/\/relaisgourmet.com\/de\/wp-json\/wp\/v2\/product_cat?post=67178"},{"taxonomy":"product_tag","embeddable":true,"href":"https:\/\/relaisgourmet.com\/de\/wp-json\/wp\/v2\/product_tag?post=67178"},{"taxonomy":"giftcard-category","embeddable":true,"href":"https:\/\/relaisgourmet.com\/de\/wp-json\/wp\/v2\/giftcard-category?post=67178"}],"curies":[{"name":"wp","href":"https:\/\/api.w.org\/{rel}","templated":true}]}}