{"id":67169,"date":"2026-03-10T12:24:42","date_gmt":"2026-03-10T12:24:42","guid":{"rendered":"https:\/\/relaisgourmet.com\/product\/die-fibel-des-baskenlandes-band-2\/"},"modified":"2026-04-01T22:40:52","modified_gmt":"2026-04-01T22:40:52","slug":"die-fibel-des-baskenlandes-band-2","status":"publish","type":"product","link":"https:\/\/relaisgourmet.com\/de\/produkt\/die-fibel-des-baskenlandes-band-2\/","title":{"rendered":"Die Fibel des Baskenlandes - BAND 2"},"content":{"rendered":"<p>Setzen Sie Ihre Entdeckungsreise mit diesem zweiten Buch der Fibel des Baskenlandes fort:<\/p>\n<p>Zur Erinnerung: Eine Fibel ist ein Entdeckungsf\u00fchrer, eine Reise, bei der jeder Buchstabe des Alphabets als Kompass dient, um durch Themen, Autoren, Genres, Personen, Orte und vieles mehr zu navigieren. Dieses Konzept schl\u00e4gt vor, jeden Buchstaben mit einem repr\u00e4sentativen Schl\u00fcsselwort zu verbinden! <\/p>\n<p><b>Ein Spaziergang im Herzen des Baskenlandes: Entdeckung der typischen D\u00f6rfer, der Traditionen, der Gastronomie&#8230;<\/b><\/p>\n<p><span data-offset-key=\"cm71o-142-0\">Die<\/span><span data-offset-key=\"cm71o-143-0\">  Kap.<\/span><span data-offset-key=\"cm71o-144-0\">it<\/span><span data-offset-key=\"cm71o-145-0\">Res<\/span><span data-offset-key=\"cm71o-146-0\">  s<\/span><span data-offset-key=\"cm71o-147-0\">haben<\/span><span data-offset-key=\"cm71o-148-0\">  illustriert<\/span><span data-offset-key=\"cm71o-149-0\">r<\/span><span data-offset-key=\"cm71o-150-0\">\u00fcr die \u00d6ffentlichkeit<\/span><span data-offset-key=\"cm71o-151-0\">  von<\/span><span data-offset-key=\"cm71o-152-0\">  der<\/span><span data-offset-key=\"cm71o-153-0\">  Fotos<\/span><span data-offset-key=\"cm71o-154-0\">  und<\/span><span data-offset-key=\"cm71o-155-0\">  der<\/span><span data-offset-key=\"cm71o-156-0\">  d<\/span><span data-offset-key=\"cm71o-157-0\">ess<\/span><span data-offset-key=\"cm71o-158-0\">ins<\/span><span data-offset-key=\"cm71o-159-0\">  die<\/span><span data-offset-key=\"cm71o-160-0\">  App<\/span><span data-offset-key=\"cm71o-161-0\">ort<\/span><span data-offset-key=\"cm71o-162-0\">ent<\/span><span data-offset-key=\"cm71o-163-0\">  eine<\/span><span data-offset-key=\"cm71o-164-0\">  tou<\/span><span data-offset-key=\"cm71o-165-0\">che<\/span><span data-offset-key=\"cm71o-166-0\">  Personal<\/span><span data-offset-key=\"cm71o-167-0\">die<\/span><span data-offset-key=\"cm71o-168-0\">  und<\/span><span data-offset-key=\"cm71o-169-0\">  origin<\/span><span data-offset-key=\"cm71o-170-0\">ale<\/span><span data-offset-key=\"cm71o-171-0\">  \u00e0<\/span><span data-offset-key=\"cm71o-172-0\">  c<\/span><span data-offset-key=\"cm71o-173-0\">und<\/span><span data-offset-key=\"cm71o-174-0\">  o<\/span><span data-offset-key=\"cm71o-175-0\">uv<\/span><span data-offset-key=\"cm71o-176-0\">Tollwut<\/span><span data-offset-key=\"cm71o-177-0\">.<\/span><\/p>\n<p>Dieses Buch wurde von einem leidenschaftlichen Anh\u00e4nger des Baskenlandes geschrieben und ist ein wertvoller F\u00fchrer, um diese Region, die reich an Kultur und Erbe ist, zu entdecken und besser zu verstehen.<\/p>\n<p>Wenn Sie neugierig sind, sollten Sie es unbedingt lesen!<\/p>\n<p>Mit der Fibel des Baskenlandes sind Sie f\u00fcr alle Gelegenheiten ger\u00fcstet und k\u00f6nnen <a href=\"https:\/\/epic-varahamihira.207-180-195-93.plesk.page\/categories\/\">unsere verschiedenen Foies<\/a> Gras probieren!<\/p>\n<p>Relais Gourmet l\u00e4dt Sie ein, die Niederlande mit Hilfe einer Fibel zu entdecken, die reich an Gastronomie, Folklore und historischem Erbe ist.<\/p>\n<p><strong>Unsere Zubereitungstipps finden Sie in der Rubrik Unsere Tipps und unser gesamtes Produktangebot im Relais Gourmet Shop. Besuchen Sie auch unseren <\/strong><strong><a href=\"https:\/\/epic-varahamihira.207-180-195-93.plesk.page\/index.php\/blog-foies-gras-actualite\/\">Blog<\/a><\/strong><strong> um unsere Produkte zu entdecken. <\/strong><strong><a href=\"https:\/\/epic-varahamihira.207-180-195-93.plesk.page\/index.php\/recettes\/\">Rezepte <\/a><\/strong><strong>und andere Neuheiten.<\/strong><\/p>\n<p>F\u00fcr ein Gourmet-Essen, warum nicht mit einem k\u00f6stlichen Turrones <a href=\"https:\/\/mariasimona.com\/\">Maria Simona<\/a> abschlie\u00dfen?<\/p>\n<p>Peio E.: &#8222;Ein frischer und neuer Blick, um Sie weiterhin auf beiden Seiten der Pyren\u00e4en reisen zu lassen&#8220;.<\/p>\n<p>Ander P: &#8222;Sehr informatives Buch&#8220;.<\/p>\n<p>Datei: pdf<\/p>\n<p>Autor: Yaqueche<\/p>\n<p>Anzahl der Seiten: 30<\/p>\n<p>&nbsp;<\/p>\n","protected":false},"excerpt":{"rendered":"<p><strong>Setzen Sie Ihre Wanderung \u00fcber die dominierenden Berge des Baskenlandes fort. <\/strong><\/p>\n<p><em><strong>Bei einer Bestellung \u00fcber 89 \u20ac erhalten Sie dieses Buch kostenlos.<\/strong><\/em><\/p>\n<p>\u00dcberfliegen Sie diese Orte der Geschichte und der Geheimnisse mit dieser zweiten Ausgabe im digitalen Format<\/p>\n<p>DATEI: pdf<\/p>\n<p>AUTOR: Yaqueche<\/p>\n<p>SEITENANZAHL: 30 Seiten<\/p>\n","protected":false},"featured_media":67175,"comment_status":"closed","ping_status":"closed","template":"","meta":{"_iconic_wsb_product_page_order_bump_ids":[],"_sku":["3360000336125"],"_iconic_wsb_product_page_bump_modal_ids":[]},"product_brand":[],"product_cat":[2158],"product_tag":[2757,2748,1661],"giftcard-category":[],"class_list":{"0":"post-67169","1":"product","2":"type-product","3":"status-publish","4":"has-post-thumbnail","6":"product_cat-koch-e-books","7":"product_tag-baskenland-2","8":"product_tag-ebook","9":"product_tag-made-in-frankreich","10":"product_shipping_class-standard","12":"first","13":"instock","14":"downloadable","15":"virtual","16":"taxable","17":"purchasable","18":"product-type-simple"},"yoast_head":"<!-- This site is optimized with the Yoast SEO Premium plugin v27.3 (Yoast SEO v27.3) - https:\/\/yoast.com\/product\/yoast-seo-premium-wordpress\/ -->\n<title>Die Fibel des Baskenlandes Band 2 | Relais Gourmet<\/title>\n<meta name=\"description\" content=\"Die Fibel des Baskenlandes - Band 2: Ein fesselnder Band, um die Entdeckung des Territoriums zu verl\u00e4ngern.\" \/>\n<meta name=\"robots\" content=\"index, follow, max-snippet:-1, max-image-preview:large, max-video-preview:-1\" \/>\n<link rel=\"canonical\" href=\"https:\/\/relaisgourmet.com\/de\/produkt\/die-fibel-des-baskenlandes-band-2\/\" \/>\n<meta property=\"og:locale\" content=\"de_DE\" \/>\n<meta property=\"og:type\" content=\"article\" \/>\n<meta property=\"og:title\" content=\"Die Fibel des Baskenlandes - BAND 2\" \/>\n<meta property=\"og:description\" content=\"Setzen Sie Ihre Wanderung \u00fcber die dominierenden Berge des Baskenlandes fort.  Bei einer Bestellung \u00fcber 89 \u20ac erhalten Sie dieses Buch kostenlos. \u00dcberfliegen Sie diese Orte der Geschichte und der Geheimnisse mit dieser zweiten Ausgabe im digitalen Format DATEI: pdf AUTOR: Yaqueche SEITENANZAHL: 30 Seiten\" \/>\n<meta property=\"og:url\" content=\"https:\/\/relaisgourmet.com\/de\/produkt\/die-fibel-des-baskenlandes-band-2\/\" \/>\n<meta property=\"og:site_name\" content=\"Relais Gourmet\" \/>\n<meta property=\"article:publisher\" content=\"https:\/\/www.facebook.com\/relaisgourmet\/\" \/>\n<meta property=\"article:modified_time\" content=\"2026-04-01T22:40:52+00:00\" \/>\n<meta property=\"og:image\" content=\"https:\/\/relaisgourmet.com\/wp-content\/uploads\/2026\/03\/Design-sans-titre-1-1.png\" \/>\n\t<meta property=\"og:image:width\" content=\"600\" \/>\n\t<meta property=\"og:image:height\" content=\"600\" \/>\n\t<meta property=\"og:image:type\" content=\"image\/png\" \/>\n<meta name=\"twitter:card\" content=\"summary_large_image\" \/>\n<meta name=\"twitter:site\" content=\"@relaisgourmet64\" \/>\n<meta name=\"twitter:label1\" content=\"Gesch\u00e4tzte Lesezeit\" \/>\n\t<meta name=\"twitter:data1\" content=\"1\u00a0Minute\" \/>\n<script type=\"application\/ld+json\" class=\"yoast-schema-graph\">{\"@context\":\"https:\\\/\\\/schema.org\",\"@graph\":[{\"@type\":\"WebPage\",\"@id\":\"https:\\\/\\\/relaisgourmet.com\\\/de\\\/produkt\\\/die-fibel-des-baskenlandes-band-2\\\/\",\"url\":\"https:\\\/\\\/relaisgourmet.com\\\/de\\\/produkt\\\/die-fibel-des-baskenlandes-band-2\\\/\",\"name\":\"Die Fibel des Baskenlandes Band 2 | Relais Gourmet\",\"isPartOf\":{\"@id\":\"https:\\\/\\\/relaisgourmet.com\\\/de\\\/#website\"},\"primaryImageOfPage\":{\"@id\":\"https:\\\/\\\/relaisgourmet.com\\\/de\\\/produkt\\\/die-fibel-des-baskenlandes-band-2\\\/#primaryimage\"},\"image\":{\"@id\":\"https:\\\/\\\/relaisgourmet.com\\\/de\\\/produkt\\\/die-fibel-des-baskenlandes-band-2\\\/#primaryimage\"},\"thumbnailUrl\":\"https:\\\/\\\/relaisgourmet.com\\\/wp-content\\\/uploads\\\/2026\\\/03\\\/Design-sans-titre-1-1.png\",\"datePublished\":\"2026-03-10T12:24:42+00:00\",\"dateModified\":\"2026-04-01T22:40:52+00:00\",\"description\":\"Die Fibel des Baskenlandes - Band 2: Ein fesselnder Band, um die Entdeckung des Territoriums zu verl\u00e4ngern.\",\"breadcrumb\":{\"@id\":\"https:\\\/\\\/relaisgourmet.com\\\/de\\\/produkt\\\/die-fibel-des-baskenlandes-band-2\\\/#breadcrumb\"},\"inLanguage\":\"de\",\"potentialAction\":[{\"@type\":\"ReadAction\",\"target\":[\"https:\\\/\\\/relaisgourmet.com\\\/de\\\/produkt\\\/die-fibel-des-baskenlandes-band-2\\\/\"]}]},{\"@type\":\"ImageObject\",\"inLanguage\":\"de\",\"@id\":\"https:\\\/\\\/relaisgourmet.com\\\/de\\\/produkt\\\/die-fibel-des-baskenlandes-band-2\\\/#primaryimage\",\"url\":\"https:\\\/\\\/relaisgourmet.com\\\/wp-content\\\/uploads\\\/2026\\\/03\\\/Design-sans-titre-1-1.png\",\"contentUrl\":\"https:\\\/\\\/relaisgourmet.com\\\/wp-content\\\/uploads\\\/2026\\\/03\\\/Design-sans-titre-1-1.png\",\"width\":600,\"height\":600},{\"@type\":\"BreadcrumbList\",\"@id\":\"https:\\\/\\\/relaisgourmet.com\\\/de\\\/produkt\\\/die-fibel-des-baskenlandes-band-2\\\/#breadcrumb\",\"itemListElement\":[{\"@type\":\"ListItem\",\"position\":1,\"name\":\"Startseite\",\"item\":\"https:\\\/\\\/relaisgourmet.com\\\/de\\\/startseite\\\/\"},{\"@type\":\"ListItem\",\"position\":2,\"name\":\"Alle unsere Produkte\",\"item\":\"https:\\\/\\\/relaisgourmet.com\\\/de\\\/shop\\\/\"},{\"@type\":\"ListItem\",\"position\":3,\"name\":\"Die Fibel des Baskenlandes &#8211; BAND 2\"}]},{\"@type\":\"WebSite\",\"@id\":\"https:\\\/\\\/relaisgourmet.com\\\/de\\\/#website\",\"url\":\"https:\\\/\\\/relaisgourmet.com\\\/de\\\/\",\"name\":\"Relais Gourmet\",\"description\":\"Foie Gras 100% Fran\u00e7ais\",\"publisher\":{\"@id\":\"https:\\\/\\\/relaisgourmet.com\\\/de\\\/#organization\"},\"potentialAction\":[{\"@type\":\"SearchAction\",\"target\":{\"@type\":\"EntryPoint\",\"urlTemplate\":\"https:\\\/\\\/relaisgourmet.com\\\/de\\\/?s={search_term_string}\"},\"query-input\":{\"@type\":\"PropertyValueSpecification\",\"valueRequired\":true,\"valueName\":\"search_term_string\"}}],\"inLanguage\":\"de\"},{\"@type\":\"Organization\",\"@id\":\"https:\\\/\\\/relaisgourmet.com\\\/de\\\/#organization\",\"name\":\"Relais Gourmet\",\"url\":\"https:\\\/\\\/relaisgourmet.com\\\/de\\\/\",\"logo\":{\"@type\":\"ImageObject\",\"inLanguage\":\"de\",\"@id\":\"https:\\\/\\\/relaisgourmet.com\\\/de\\\/#\\\/schema\\\/logo\\\/image\\\/\",\"url\":\"https:\\\/\\\/relaisgourmet.com\\\/wp-content\\\/uploads\\\/2026\\\/03\\\/yoast-logo-2-relais-gourmet-.png\",\"contentUrl\":\"https:\\\/\\\/relaisgourmet.com\\\/wp-content\\\/uploads\\\/2026\\\/03\\\/yoast-logo-2-relais-gourmet-.png\",\"width\":1200,\"height\":675,\"caption\":\"Relais Gourmet\"},\"image\":{\"@id\":\"https:\\\/\\\/relaisgourmet.com\\\/de\\\/#\\\/schema\\\/logo\\\/image\\\/\"},\"sameAs\":[\"https:\\\/\\\/www.facebook.com\\\/relaisgourmet\\\/\",\"https:\\\/\\\/x.com\\\/relaisgourmet64\",\"https:\\\/\\\/www.instagram.com\\\/relaisgourmetofficiel\",\"https:\\\/\\\/www.pinterest.fr\\\/relaisgourmet\\\/\"],\"email\":\"yaqueche@relaisgourmet.com\",\"telephone\":\"+33 0 5 40 07 07 65\",\"legalName\":\"Relais Gourmet\",\"vatID\":\"FR13482415015\",\"taxID\":\"482415015\"}]}<\/script>\n<!-- \/ Yoast SEO Premium plugin. -->","yoast_head_json":{"title":"Die Fibel des Baskenlandes Band 2 | Relais Gourmet","description":"Die Fibel des Baskenlandes - Band 2: Ein fesselnder Band, um die Entdeckung des Territoriums zu verl\u00e4ngern.","robots":{"index":"index","follow":"follow","max-snippet":"max-snippet:-1","max-image-preview":"max-image-preview:large","max-video-preview":"max-video-preview:-1"},"canonical":"https:\/\/relaisgourmet.com\/de\/produkt\/die-fibel-des-baskenlandes-band-2\/","og_locale":"de_DE","og_type":"article","og_title":"Die Fibel des Baskenlandes - BAND 2","og_description":"Setzen Sie Ihre Wanderung \u00fcber die dominierenden Berge des Baskenlandes fort.  Bei einer Bestellung \u00fcber 89 \u20ac erhalten Sie dieses Buch kostenlos. \u00dcberfliegen Sie diese Orte der Geschichte und der Geheimnisse mit dieser zweiten Ausgabe im digitalen Format DATEI: pdf AUTOR: Yaqueche SEITENANZAHL: 30 Seiten","og_url":"https:\/\/relaisgourmet.com\/de\/produkt\/die-fibel-des-baskenlandes-band-2\/","og_site_name":"Relais Gourmet","article_publisher":"https:\/\/www.facebook.com\/relaisgourmet\/","article_modified_time":"2026-04-01T22:40:52+00:00","og_image":[{"width":600,"height":600,"url":"https:\/\/relaisgourmet.com\/wp-content\/uploads\/2026\/03\/Design-sans-titre-1-1.png","type":"image\/png"}],"twitter_card":"summary_large_image","twitter_site":"@relaisgourmet64","twitter_misc":{"Gesch\u00e4tzte Lesezeit":"1\u00a0Minute"},"schema":{"@context":"https:\/\/schema.org","@graph":[{"@type":"WebPage","@id":"https:\/\/relaisgourmet.com\/de\/produkt\/die-fibel-des-baskenlandes-band-2\/","url":"https:\/\/relaisgourmet.com\/de\/produkt\/die-fibel-des-baskenlandes-band-2\/","name":"Die Fibel des Baskenlandes Band 2 | Relais Gourmet","isPartOf":{"@id":"https:\/\/relaisgourmet.com\/de\/#website"},"primaryImageOfPage":{"@id":"https:\/\/relaisgourmet.com\/de\/produkt\/die-fibel-des-baskenlandes-band-2\/#primaryimage"},"image":{"@id":"https:\/\/relaisgourmet.com\/de\/produkt\/die-fibel-des-baskenlandes-band-2\/#primaryimage"},"thumbnailUrl":"https:\/\/relaisgourmet.com\/wp-content\/uploads\/2026\/03\/Design-sans-titre-1-1.png","datePublished":"2026-03-10T12:24:42+00:00","dateModified":"2026-04-01T22:40:52+00:00","description":"Die Fibel des Baskenlandes - Band 2: Ein fesselnder Band, um die Entdeckung des Territoriums zu verl\u00e4ngern.","breadcrumb":{"@id":"https:\/\/relaisgourmet.com\/de\/produkt\/die-fibel-des-baskenlandes-band-2\/#breadcrumb"},"inLanguage":"de","potentialAction":[{"@type":"ReadAction","target":["https:\/\/relaisgourmet.com\/de\/produkt\/die-fibel-des-baskenlandes-band-2\/"]}]},{"@type":"ImageObject","inLanguage":"de","@id":"https:\/\/relaisgourmet.com\/de\/produkt\/die-fibel-des-baskenlandes-band-2\/#primaryimage","url":"https:\/\/relaisgourmet.com\/wp-content\/uploads\/2026\/03\/Design-sans-titre-1-1.png","contentUrl":"https:\/\/relaisgourmet.com\/wp-content\/uploads\/2026\/03\/Design-sans-titre-1-1.png","width":600,"height":600},{"@type":"BreadcrumbList","@id":"https:\/\/relaisgourmet.com\/de\/produkt\/die-fibel-des-baskenlandes-band-2\/#breadcrumb","itemListElement":[{"@type":"ListItem","position":1,"name":"Startseite","item":"https:\/\/relaisgourmet.com\/de\/startseite\/"},{"@type":"ListItem","position":2,"name":"Alle unsere Produkte","item":"https:\/\/relaisgourmet.com\/de\/shop\/"},{"@type":"ListItem","position":3,"name":"Die Fibel des Baskenlandes &#8211; BAND 2"}]},{"@type":"WebSite","@id":"https:\/\/relaisgourmet.com\/de\/#website","url":"https:\/\/relaisgourmet.com\/de\/","name":"Relais Gourmet","description":"Foie Gras 100% Fran\u00e7ais","publisher":{"@id":"https:\/\/relaisgourmet.com\/de\/#organization"},"potentialAction":[{"@type":"SearchAction","target":{"@type":"EntryPoint","urlTemplate":"https:\/\/relaisgourmet.com\/de\/?s={search_term_string}"},"query-input":{"@type":"PropertyValueSpecification","valueRequired":true,"valueName":"search_term_string"}}],"inLanguage":"de"},{"@type":"Organization","@id":"https:\/\/relaisgourmet.com\/de\/#organization","name":"Relais Gourmet","url":"https:\/\/relaisgourmet.com\/de\/","logo":{"@type":"ImageObject","inLanguage":"de","@id":"https:\/\/relaisgourmet.com\/de\/#\/schema\/logo\/image\/","url":"https:\/\/relaisgourmet.com\/wp-content\/uploads\/2026\/03\/yoast-logo-2-relais-gourmet-.png","contentUrl":"https:\/\/relaisgourmet.com\/wp-content\/uploads\/2026\/03\/yoast-logo-2-relais-gourmet-.png","width":1200,"height":675,"caption":"Relais Gourmet"},"image":{"@id":"https:\/\/relaisgourmet.com\/de\/#\/schema\/logo\/image\/"},"sameAs":["https:\/\/www.facebook.com\/relaisgourmet\/","https:\/\/x.com\/relaisgourmet64","https:\/\/www.instagram.com\/relaisgourmetofficiel","https:\/\/www.pinterest.fr\/relaisgourmet\/"],"email":"yaqueche@relaisgourmet.com","telephone":"+33 0 5 40 07 07 65","legalName":"Relais Gourmet","vatID":"FR13482415015","taxID":"482415015"}]}},"_links":{"self":[{"href":"https:\/\/relaisgourmet.com\/de\/wp-json\/wp\/v2\/product\/67169","targetHints":{"allow":["GET"]}}],"collection":[{"href":"https:\/\/relaisgourmet.com\/de\/wp-json\/wp\/v2\/product"}],"about":[{"href":"https:\/\/relaisgourmet.com\/de\/wp-json\/wp\/v2\/types\/product"}],"replies":[{"embeddable":true,"href":"https:\/\/relaisgourmet.com\/de\/wp-json\/wp\/v2\/comments?post=67169"}],"wp:featuredmedia":[{"embeddable":true,"href":"https:\/\/relaisgourmet.com\/de\/wp-json\/wp\/v2\/media\/67175"}],"wp:attachment":[{"href":"https:\/\/relaisgourmet.com\/de\/wp-json\/wp\/v2\/media?parent=67169"}],"wp:term":[{"taxonomy":"product_brand","embeddable":true,"href":"https:\/\/relaisgourmet.com\/de\/wp-json\/wp\/v2\/product_brand?post=67169"},{"taxonomy":"product_cat","embeddable":true,"href":"https:\/\/relaisgourmet.com\/de\/wp-json\/wp\/v2\/product_cat?post=67169"},{"taxonomy":"product_tag","embeddable":true,"href":"https:\/\/relaisgourmet.com\/de\/wp-json\/wp\/v2\/product_tag?post=67169"},{"taxonomy":"giftcard-category","embeddable":true,"href":"https:\/\/relaisgourmet.com\/de\/wp-json\/wp\/v2\/giftcard-category?post=67169"}],"curies":[{"name":"wp","href":"https:\/\/api.w.org\/{rel}","templated":true}]}}