{"id":67138,"date":"2026-03-10T12:24:42","date_gmt":"2026-03-10T12:24:42","guid":{"rendered":"https:\/\/relaisgourmet.com\/product\/die-fibel-des-baskenlandes-band-3\/"},"modified":"2026-04-01T22:40:44","modified_gmt":"2026-04-01T22:40:44","slug":"die-fibel-des-baskenlandes-band-3","status":"publish","type":"product","link":"https:\/\/relaisgourmet.com\/de\/produkt\/die-fibel-des-baskenlandes-band-3\/","title":{"rendered":"Die Fibel des Baskenlandes - BAND 3"},"content":{"rendered":"<div class=\"woocommerce-product-details__short-description\">\n<p><strong>Erfahren Sie mehr \u00fcber die Geschichte und die Sch\u00e4tze des Baskenlandes in diesem dritten Buch der digitalen Fibel des Baskenlandes.<\/strong><\/p>\n<p>Zur Erinnerung: Eine Fibel ist ein Entdeckungsf\u00fchrer, eine Reise, bei der jeder Buchstabe des Alphabets als Kompass dient, um durch Themen, Autoren, Genres, Personen, Orte und vieles mehr zu navigieren. Dieses Konzept schl\u00e4gt vor, jeden Buchstaben mit einem repr\u00e4sentativen Schl\u00fcsselwort zu verbinden! <\/p>\n<p><span data-offset-key=\"cm71o-83-0\">Er<\/span><span data-offset-key=\"cm71o-84-0\">  sich<\/span><span data-offset-key=\"cm71o-85-0\">  W\u00e4hlen Sie<\/span><span data-offset-key=\"cm71o-86-0\">  von<\/span><span data-offset-key=\"cm71o-87-0\">  mehrere<\/span><span data-offset-key=\"cm71o-88-0\">  Kap.<\/span><span data-offset-key=\"cm71o-89-0\">it<\/span><span data-offset-key=\"cm71o-90-0\">Res<\/span><span data-offset-key=\"cm71o-91-0\">  die<\/span><span data-offset-key=\"cm71o-92-0\">  ab<\/span><span data-offset-key=\"cm71o-93-0\">ord<\/span><span data-offset-key=\"cm71o-94-0\">ent<\/span><span data-offset-key=\"cm71o-95-0\">  der<\/span><span data-offset-key=\"cm71o-96-0\">  th<\/span><span data-offset-key=\"cm71o-97-0\">\u00e8<\/span><span data-offset-key=\"cm71o-98-0\">meine<\/span><span data-offset-key=\"cm71o-99-0\">  vari<\/span><span data-offset-key=\"cm71o-100-0\">\u00fcr die \u00d6ffentlichkeit<\/span><span data-offset-key=\"cm71o-101-0\">  t<\/span><span data-offset-key=\"cm71o-102-0\">els<\/span><span data-offset-key=\"cm71o-103-0\">  dass<\/span><span data-offset-key=\"cm71o-104-0\">  l<\/span><span data-offset-key=\"cm71o-105-0\">&#8218;<\/span><span data-offset-key=\"cm71o-106-0\">hist<\/span><span data-offset-key=\"cm71o-107-0\">oire<\/span><span data-offset-key=\"cm71o-108-0\">,<\/span><span data-offset-key=\"cm71o-109-0\">  die<\/span><span data-offset-key=\"cm71o-110-0\">  l<\/span><span data-offset-key=\"cm71o-111-0\">itt<\/span><span data-offset-key=\"cm71o-112-0\">\u00e9r<\/span><span data-offset-key=\"cm71o-113-0\">ature<\/span><span data-offset-key=\"cm71o-114-0\">,<\/span><span data-offset-key=\"cm71o-115-0\">  die<\/span><span data-offset-key=\"cm71o-116-0\">  mus<\/span><span data-offset-key=\"cm71o-117-0\">ische<\/span><span data-offset-key=\"cm71o-118-0\">,<\/span><span data-offset-key=\"cm71o-119-0\">  die<\/span><span data-offset-key=\"cm71o-120-0\">  gast<\/span><span data-offset-key=\"cm71o-121-0\">ron<\/span><span data-offset-key=\"cm71o-122-0\">om<\/span><span data-offset-key=\"cm71o-123-0\">ie<\/span><span data-offset-key=\"cm71o-124-0\">,<\/span><span data-offset-key=\"cm71o-125-0\">  l<\/span><span data-offset-key=\"cm71o-126-0\">&#8218;<\/span><span data-offset-key=\"cm71o-127-0\">Handwerker<\/span><span data-offset-key=\"cm71o-128-0\">unter<\/span><span data-offset-key=\"cm71o-129-0\">,<\/span><span data-offset-key=\"cm71o-130-0\">  die<\/span><span data-offset-key=\"cm71o-131-0\">  Traditionen<\/span><span data-offset-key=\"cm71o-132-0\">  und<\/span><span data-offset-key=\"cm71o-133-0\">  b<\/span><span data-offset-key=\"cm71o-134-0\">ien<\/span><span data-offset-key=\"cm71o-135-0\">  d<\/span><span data-offset-key=\"cm71o-136-0\">&#8218;<\/span><span data-offset-key=\"cm71o-137-0\">aut<\/span><span data-offset-key=\"cm71o-138-0\">Res<\/span><span data-offset-key=\"cm71o-139-0\">  enc<\/span><span data-offset-key=\"cm71o-140-0\">ore<\/span><span data-offset-key=\"cm71o-141-0\">.<\/span><\/p>\n<p><span data-offset-key=\"cm71o-142-0\">Diese<\/span><span data-offset-key=\"cm71o-143-0\">  Kap.<\/span><span data-offset-key=\"cm71o-144-0\">it<\/span><span data-offset-key=\"cm71o-145-0\">Res<\/span><span data-offset-key=\"cm71o-146-0\">  s<\/span><span data-offset-key=\"cm71o-147-0\">haben<\/span><span data-offset-key=\"cm71o-148-0\">  illustriert<\/span><span data-offset-key=\"cm71o-149-0\">r<\/span><span data-offset-key=\"cm71o-150-0\">\u00fcr die \u00d6ffentlichkeit<\/span><span data-offset-key=\"cm71o-151-0\">  von<\/span><span data-offset-key=\"cm71o-152-0\">  der<\/span><span data-offset-key=\"cm71o-153-0\">  Fotos<\/span><span data-offset-key=\"cm71o-154-0\">  und<\/span><span data-offset-key=\"cm71o-155-0\">  der<\/span><span data-offset-key=\"cm71o-156-0\">  d<\/span><span data-offset-key=\"cm71o-157-0\">ess<\/span><span data-offset-key=\"cm71o-158-0\">ins<\/span><span data-offset-key=\"cm71o-159-0\">  die<\/span><span data-offset-key=\"cm71o-160-0\">  App<\/span><span data-offset-key=\"cm71o-161-0\">ort<\/span><span data-offset-key=\"cm71o-162-0\">ent<\/span><span data-offset-key=\"cm71o-163-0\">  eine<\/span><span data-offset-key=\"cm71o-164-0\">  tou<\/span><span data-offset-key=\"cm71o-165-0\">che<\/span><span data-offset-key=\"cm71o-166-0\">  Personal<\/span><span data-offset-key=\"cm71o-167-0\">die<\/span><span data-offset-key=\"cm71o-168-0\">  und<\/span><span data-offset-key=\"cm71o-169-0\">  origin<\/span><span data-offset-key=\"cm71o-170-0\">ale<\/span><span data-offset-key=\"cm71o-171-0\">  \u00e0<\/span><span data-offset-key=\"cm71o-172-0\">  c<\/span><span data-offset-key=\"cm71o-173-0\">und<\/span><span data-offset-key=\"cm71o-174-0\">  o<\/span><span data-offset-key=\"cm71o-175-0\">uv<\/span><span data-offset-key=\"cm71o-176-0\">Tollwut<\/span><span data-offset-key=\"cm71o-177-0\">.<\/span><\/p>\n<p><span data-offset-key=\"cm71o-178-0\">  \u00c9<\/span><span data-offset-key=\"cm71o-179-0\">crit<\/span><span data-offset-key=\"cm71o-180-0\">  von<\/span><span data-offset-key=\"cm71o-181-0\">  eine<\/span><span data-offset-key=\"cm71o-182-0\">  Leidenschaft<\/span><span data-offset-key=\"cm71o-183-0\">n<\/span><span data-offset-key=\"cm71o-184-0\">\u00e9<\/span><span data-offset-key=\"cm71o-185-0\">  von<\/span><span data-offset-key=\"cm71o-186-0\">  P<\/span><span data-offset-key=\"cm71o-187-0\">ays<\/span><span data-offset-key=\"cm71o-188-0\">  Niedrig<\/span><span data-offset-key=\"cm71o-189-0\">dass<\/span><span data-offset-key=\"cm71o-190-0\">,<\/span><span data-offset-key=\"cm71o-191-0\">  diese<\/span><span data-offset-key=\"cm71o-192-0\">  liv<\/span><span data-offset-key=\"cm71o-193-0\">re<\/span><span data-offset-key=\"cm71o-194-0\">  ist<\/span><span data-offset-key=\"cm71o-195-0\">  eine<\/span><span data-offset-key=\"cm71o-196-0\">  Reisef\u00fchrer<\/span><span data-offset-key=\"cm71o-197-0\">  pr<\/span><span data-offset-key=\"cm71o-198-0\">\u00e9<\/span><span data-offset-key=\"cm71o-199-0\">c<\/span><span data-offset-key=\"cm71o-200-0\">ie<\/span><span data-offset-key=\"cm71o-201-0\">ux<\/span><span data-offset-key=\"cm71o-202-0\">  f\u00fcr<\/span><span data-offset-key=\"cm71o-203-0\">  d\u00e9<\/span><span data-offset-key=\"cm71o-204-0\">c<\/span><span data-offset-key=\"cm71o-205-0\">oder<\/span><span data-offset-key=\"cm71o-206-0\">v<\/span><span data-offset-key=\"cm71o-207-0\">rir<\/span><span data-offset-key=\"cm71o-208-0\">  und<\/span><span data-offset-key=\"cm71o-209-0\">  m<\/span><span data-offset-key=\"cm71o-210-0\">ie<\/span><span data-offset-key=\"cm71o-211-0\">ux<\/span><span data-offset-key=\"cm71o-212-0\">  comp<\/span><span data-offset-key=\"cm71o-213-0\">macht<\/span><span data-offset-key=\"cm71o-214-0\">re<\/span><span data-offset-key=\"cm71o-215-0\">  c<\/span><span data-offset-key=\"cm71o-216-0\">ette<\/span><span data-offset-key=\"cm71o-217-0\">  re<\/span><span data-offset-key=\"cm71o-218-0\">g<\/span><span data-offset-key=\"cm71o-219-0\">Ion<\/span><span data-offset-key=\"cm71o-220-0\">  ric<\/span><span data-offset-key=\"cm71o-221-0\">he<\/span><span data-offset-key=\"cm71o-222-0\">  von<\/span><span data-offset-key=\"cm71o-223-0\">  Kultur<\/span><span data-offset-key=\"cm71o-224-0\">  und<\/span><span data-offset-key=\"cm71o-225-0\">  von<\/span><span data-offset-key=\"cm71o-226-0\">  pat<\/span><span data-offset-key=\"cm71o-227-0\">rim<\/span><span data-offset-key=\"cm71o-228-0\">oine<\/span><span data-offset-key=\"cm71o-229-0\">.<\/span><\/p>\n<p><em><strong>Dieses Buch erhalten Sie kostenlos, wenn Sie f\u00fcr mehr als 99\u20ac bestellen.<\/strong><\/em><\/p>\n<p>Relais Gourmet l\u00e4dt Sie ein, die Niederlande mit Hilfe einer Fibel zu entdecken, die reich an Gastronomie, Folklore und historischem Erbe ist.<\/p>\n<p>Mit der Fibel des Baskenlandes sind Sie f\u00fcr alle Gelegenheiten ger\u00fcstet und k\u00f6nnen <a href=\"\/?page_id=34001\">unsere verschiedenen Foies Gras<\/a> probieren!<\/p>\n<p><strong>Unsere Zubereitungstipps finden Sie in der Rubrik Unsere Tipps und unser gesamtes Produktangebot im Relais Gourmet Shop. Besuchen Sie auch unseren <\/strong><strong><a href=\"https:\/\/epic-varahamihira.207-180-195-93.plesk.page\/index.php\/blog-foies-gras-actualite\/\">Blog<\/a><\/strong><strong> um unsere Produkte zu entdecken. <\/strong><strong><a href=\"\/?page_id=33979\">Rezepte <\/a><\/strong><strong>und andere Neuheiten.<\/strong><\/p>\n<p>F\u00fcr ein Gourmet-Essen, warum nicht mit einem k\u00f6stlichen Turrones <a href=\"https:\/\/mariasimona.com\/\">Maria Simona<\/a> abschlie\u00dfen?<\/p>\n<p>DATEI: pdf<\/p>\n<p>AUTOR: Yaqueche<\/p>\n<p>SEITENANZAHL: 34 Seiten<\/p>\n<\/div>\n","protected":false},"excerpt":{"rendered":"<p><strong>Erfahren Sie mehr \u00fcber die Geschichte und die Sch\u00e4tze des Baskenlandes mit diesem dritten Buch in digitaler Form.<\/strong><\/p>\n<p><em><strong>Bei einer Bestellung \u00fcber 99\u20ac erhalten Sie dieses Buch kostenlos.<\/strong><\/em><\/p>\n<p>Relais Gourmet l\u00e4dt Sie ein, das Baskenland mit Hilfe einer Fibel zu entdecken, die reich an Gastronomie, Folklore und historischem Erbe ist.<\/p>\n<p>DATEI: pdf<\/p>\n<p>AUTOR: Yaqueche<\/p>\n<p>SEITENANZAHL: 34 Seiten<\/p>\n","protected":false},"featured_media":67145,"comment_status":"closed","ping_status":"closed","template":"","meta":{"_iconic_wsb_product_page_order_bump_ids":[],"_sku":["3730000336249"],"_iconic_wsb_product_page_bump_modal_ids":[]},"product_brand":[],"product_cat":[2158],"product_tag":[2751,2752,2750,2748,1661],"giftcard-category":[],"class_list":{"0":"post-67138","1":"product","2":"type-product","3":"status-publish","4":"has-post-thumbnail","6":"product_cat-koch-e-books","7":"product_tag-2751","8":"product_tag-abecedaire","9":"product_tag-baskenland","10":"product_tag-ebook","11":"product_tag-made-in-frankreich","12":"product_shipping_class-standard","14":"first","15":"instock","16":"downloadable","17":"virtual","18":"taxable","19":"purchasable","20":"product-type-simple"},"yoast_head":"<!-- This site is optimized with the Yoast SEO Premium plugin v27.3 (Yoast SEO v27.3) - https:\/\/yoast.com\/product\/yoast-seo-premium-wordpress\/ -->\n<title>Die Fibel des Baskenlandes Band 3 | Relais Gourmet<\/title>\n<meta name=\"description\" content=\"Baskische Fibel - Band 3: Erkunden Sie die Symbole des Baskenlandes in einer illustrierten Lesung.\" \/>\n<meta name=\"robots\" content=\"index, follow, max-snippet:-1, max-image-preview:large, max-video-preview:-1\" \/>\n<link rel=\"canonical\" href=\"https:\/\/relaisgourmet.com\/de\/produkt\/die-fibel-des-baskenlandes-band-3\/\" \/>\n<meta property=\"og:locale\" content=\"de_DE\" \/>\n<meta property=\"og:type\" content=\"article\" \/>\n<meta property=\"og:title\" content=\"Die Fibel des Baskenlandes - BAND 3\" \/>\n<meta property=\"og:description\" content=\"Erfahren Sie mehr \u00fcber die Geschichte und die Sch\u00e4tze des Baskenlandes mit diesem dritten Buch in digitaler Form. Bei einer Bestellung \u00fcber 99\u20ac erhalten Sie dieses Buch kostenlos. Relais Gourmet l\u00e4dt Sie ein, das Baskenland mit Hilfe einer Fibel zu entdecken, die reich an Gastronomie, Folklore und historischem Erbe ist. DATEI: pdf AUTOR: Yaqueche SEITENANZAHL: 34 Seiten\" \/>\n<meta property=\"og:url\" content=\"https:\/\/relaisgourmet.com\/de\/produkt\/die-fibel-des-baskenlandes-band-3\/\" \/>\n<meta property=\"og:site_name\" content=\"Relais Gourmet\" \/>\n<meta property=\"article:publisher\" content=\"https:\/\/www.facebook.com\/relaisgourmet\/\" \/>\n<meta property=\"article:modified_time\" content=\"2026-04-01T22:40:44+00:00\" \/>\n<meta property=\"og:image\" content=\"https:\/\/relaisgourmet.com\/wp-content\/uploads\/2026\/03\/abecedaire-3-1.png\" \/>\n\t<meta property=\"og:image:width\" content=\"600\" \/>\n\t<meta property=\"og:image:height\" content=\"600\" \/>\n\t<meta property=\"og:image:type\" content=\"image\/png\" \/>\n<meta name=\"twitter:card\" content=\"summary_large_image\" \/>\n<meta name=\"twitter:site\" content=\"@relaisgourmet64\" \/>\n<meta name=\"twitter:label1\" content=\"Gesch\u00e4tzte Lesezeit\" \/>\n\t<meta name=\"twitter:data1\" content=\"1\u00a0Minute\" \/>\n<script type=\"application\/ld+json\" class=\"yoast-schema-graph\">{\"@context\":\"https:\\\/\\\/schema.org\",\"@graph\":[{\"@type\":\"WebPage\",\"@id\":\"https:\\\/\\\/relaisgourmet.com\\\/de\\\/produkt\\\/die-fibel-des-baskenlandes-band-3\\\/\",\"url\":\"https:\\\/\\\/relaisgourmet.com\\\/de\\\/produkt\\\/die-fibel-des-baskenlandes-band-3\\\/\",\"name\":\"Die Fibel des Baskenlandes Band 3 | Relais Gourmet\",\"isPartOf\":{\"@id\":\"https:\\\/\\\/relaisgourmet.com\\\/de\\\/#website\"},\"primaryImageOfPage\":{\"@id\":\"https:\\\/\\\/relaisgourmet.com\\\/de\\\/produkt\\\/die-fibel-des-baskenlandes-band-3\\\/#primaryimage\"},\"image\":{\"@id\":\"https:\\\/\\\/relaisgourmet.com\\\/de\\\/produkt\\\/die-fibel-des-baskenlandes-band-3\\\/#primaryimage\"},\"thumbnailUrl\":\"https:\\\/\\\/relaisgourmet.com\\\/wp-content\\\/uploads\\\/2026\\\/03\\\/abecedaire-3-1.png\",\"datePublished\":\"2026-03-10T12:24:42+00:00\",\"dateModified\":\"2026-04-01T22:40:44+00:00\",\"description\":\"Baskische Fibel - Band 3: Erkunden Sie die Symbole des Baskenlandes in einer illustrierten Lesung.\",\"breadcrumb\":{\"@id\":\"https:\\\/\\\/relaisgourmet.com\\\/de\\\/produkt\\\/die-fibel-des-baskenlandes-band-3\\\/#breadcrumb\"},\"inLanguage\":\"de\",\"potentialAction\":[{\"@type\":\"ReadAction\",\"target\":[\"https:\\\/\\\/relaisgourmet.com\\\/de\\\/produkt\\\/die-fibel-des-baskenlandes-band-3\\\/\"]}]},{\"@type\":\"ImageObject\",\"inLanguage\":\"de\",\"@id\":\"https:\\\/\\\/relaisgourmet.com\\\/de\\\/produkt\\\/die-fibel-des-baskenlandes-band-3\\\/#primaryimage\",\"url\":\"https:\\\/\\\/relaisgourmet.com\\\/wp-content\\\/uploads\\\/2026\\\/03\\\/abecedaire-3-1.png\",\"contentUrl\":\"https:\\\/\\\/relaisgourmet.com\\\/wp-content\\\/uploads\\\/2026\\\/03\\\/abecedaire-3-1.png\",\"width\":600,\"height\":600},{\"@type\":\"BreadcrumbList\",\"@id\":\"https:\\\/\\\/relaisgourmet.com\\\/de\\\/produkt\\\/die-fibel-des-baskenlandes-band-3\\\/#breadcrumb\",\"itemListElement\":[{\"@type\":\"ListItem\",\"position\":1,\"name\":\"Startseite\",\"item\":\"https:\\\/\\\/relaisgourmet.com\\\/de\\\/startseite\\\/\"},{\"@type\":\"ListItem\",\"position\":2,\"name\":\"Alle unsere Produkte\",\"item\":\"https:\\\/\\\/relaisgourmet.com\\\/de\\\/shop\\\/\"},{\"@type\":\"ListItem\",\"position\":3,\"name\":\"Die Fibel des Baskenlandes - BAND 3\"}]},{\"@type\":\"WebSite\",\"@id\":\"https:\\\/\\\/relaisgourmet.com\\\/de\\\/#website\",\"url\":\"https:\\\/\\\/relaisgourmet.com\\\/de\\\/\",\"name\":\"Relais Gourmet\",\"description\":\"Foie Gras 100% Fran\u00e7ais\",\"publisher\":{\"@id\":\"https:\\\/\\\/relaisgourmet.com\\\/de\\\/#organization\"},\"potentialAction\":[{\"@type\":\"SearchAction\",\"target\":{\"@type\":\"EntryPoint\",\"urlTemplate\":\"https:\\\/\\\/relaisgourmet.com\\\/de\\\/?s={search_term_string}\"},\"query-input\":{\"@type\":\"PropertyValueSpecification\",\"valueRequired\":true,\"valueName\":\"search_term_string\"}}],\"inLanguage\":\"de\"},{\"@type\":\"Organization\",\"@id\":\"https:\\\/\\\/relaisgourmet.com\\\/de\\\/#organization\",\"name\":\"Relais Gourmet\",\"url\":\"https:\\\/\\\/relaisgourmet.com\\\/de\\\/\",\"logo\":{\"@type\":\"ImageObject\",\"inLanguage\":\"de\",\"@id\":\"https:\\\/\\\/relaisgourmet.com\\\/de\\\/#\\\/schema\\\/logo\\\/image\\\/\",\"url\":\"https:\\\/\\\/relaisgourmet.com\\\/wp-content\\\/uploads\\\/2026\\\/03\\\/yoast-logo-2-relais-gourmet-.png\",\"contentUrl\":\"https:\\\/\\\/relaisgourmet.com\\\/wp-content\\\/uploads\\\/2026\\\/03\\\/yoast-logo-2-relais-gourmet-.png\",\"width\":1200,\"height\":675,\"caption\":\"Relais Gourmet\"},\"image\":{\"@id\":\"https:\\\/\\\/relaisgourmet.com\\\/de\\\/#\\\/schema\\\/logo\\\/image\\\/\"},\"sameAs\":[\"https:\\\/\\\/www.facebook.com\\\/relaisgourmet\\\/\",\"https:\\\/\\\/x.com\\\/relaisgourmet64\",\"https:\\\/\\\/www.instagram.com\\\/relaisgourmetofficiel\",\"https:\\\/\\\/www.pinterest.fr\\\/relaisgourmet\\\/\"],\"email\":\"yaqueche@relaisgourmet.com\",\"telephone\":\"+33 0 5 40 07 07 65\",\"legalName\":\"Relais Gourmet\",\"vatID\":\"FR13482415015\",\"taxID\":\"482415015\"}]}<\/script>\n<!-- \/ Yoast SEO Premium plugin. -->","yoast_head_json":{"title":"Die Fibel des Baskenlandes Band 3 | Relais Gourmet","description":"Baskische Fibel - Band 3: Erkunden Sie die Symbole des Baskenlandes in einer illustrierten Lesung.","robots":{"index":"index","follow":"follow","max-snippet":"max-snippet:-1","max-image-preview":"max-image-preview:large","max-video-preview":"max-video-preview:-1"},"canonical":"https:\/\/relaisgourmet.com\/de\/produkt\/die-fibel-des-baskenlandes-band-3\/","og_locale":"de_DE","og_type":"article","og_title":"Die Fibel des Baskenlandes - BAND 3","og_description":"Erfahren Sie mehr \u00fcber die Geschichte und die Sch\u00e4tze des Baskenlandes mit diesem dritten Buch in digitaler Form. Bei einer Bestellung \u00fcber 99\u20ac erhalten Sie dieses Buch kostenlos. Relais Gourmet l\u00e4dt Sie ein, das Baskenland mit Hilfe einer Fibel zu entdecken, die reich an Gastronomie, Folklore und historischem Erbe ist. DATEI: pdf AUTOR: Yaqueche SEITENANZAHL: 34 Seiten","og_url":"https:\/\/relaisgourmet.com\/de\/produkt\/die-fibel-des-baskenlandes-band-3\/","og_site_name":"Relais Gourmet","article_publisher":"https:\/\/www.facebook.com\/relaisgourmet\/","article_modified_time":"2026-04-01T22:40:44+00:00","og_image":[{"width":600,"height":600,"url":"https:\/\/relaisgourmet.com\/wp-content\/uploads\/2026\/03\/abecedaire-3-1.png","type":"image\/png"}],"twitter_card":"summary_large_image","twitter_site":"@relaisgourmet64","twitter_misc":{"Gesch\u00e4tzte Lesezeit":"1\u00a0Minute"},"schema":{"@context":"https:\/\/schema.org","@graph":[{"@type":"WebPage","@id":"https:\/\/relaisgourmet.com\/de\/produkt\/die-fibel-des-baskenlandes-band-3\/","url":"https:\/\/relaisgourmet.com\/de\/produkt\/die-fibel-des-baskenlandes-band-3\/","name":"Die Fibel des Baskenlandes Band 3 | Relais Gourmet","isPartOf":{"@id":"https:\/\/relaisgourmet.com\/de\/#website"},"primaryImageOfPage":{"@id":"https:\/\/relaisgourmet.com\/de\/produkt\/die-fibel-des-baskenlandes-band-3\/#primaryimage"},"image":{"@id":"https:\/\/relaisgourmet.com\/de\/produkt\/die-fibel-des-baskenlandes-band-3\/#primaryimage"},"thumbnailUrl":"https:\/\/relaisgourmet.com\/wp-content\/uploads\/2026\/03\/abecedaire-3-1.png","datePublished":"2026-03-10T12:24:42+00:00","dateModified":"2026-04-01T22:40:44+00:00","description":"Baskische Fibel - Band 3: Erkunden Sie die Symbole des Baskenlandes in einer illustrierten Lesung.","breadcrumb":{"@id":"https:\/\/relaisgourmet.com\/de\/produkt\/die-fibel-des-baskenlandes-band-3\/#breadcrumb"},"inLanguage":"de","potentialAction":[{"@type":"ReadAction","target":["https:\/\/relaisgourmet.com\/de\/produkt\/die-fibel-des-baskenlandes-band-3\/"]}]},{"@type":"ImageObject","inLanguage":"de","@id":"https:\/\/relaisgourmet.com\/de\/produkt\/die-fibel-des-baskenlandes-band-3\/#primaryimage","url":"https:\/\/relaisgourmet.com\/wp-content\/uploads\/2026\/03\/abecedaire-3-1.png","contentUrl":"https:\/\/relaisgourmet.com\/wp-content\/uploads\/2026\/03\/abecedaire-3-1.png","width":600,"height":600},{"@type":"BreadcrumbList","@id":"https:\/\/relaisgourmet.com\/de\/produkt\/die-fibel-des-baskenlandes-band-3\/#breadcrumb","itemListElement":[{"@type":"ListItem","position":1,"name":"Startseite","item":"https:\/\/relaisgourmet.com\/de\/startseite\/"},{"@type":"ListItem","position":2,"name":"Alle unsere Produkte","item":"https:\/\/relaisgourmet.com\/de\/shop\/"},{"@type":"ListItem","position":3,"name":"Die Fibel des Baskenlandes - BAND 3"}]},{"@type":"WebSite","@id":"https:\/\/relaisgourmet.com\/de\/#website","url":"https:\/\/relaisgourmet.com\/de\/","name":"Relais Gourmet","description":"Foie Gras 100% Fran\u00e7ais","publisher":{"@id":"https:\/\/relaisgourmet.com\/de\/#organization"},"potentialAction":[{"@type":"SearchAction","target":{"@type":"EntryPoint","urlTemplate":"https:\/\/relaisgourmet.com\/de\/?s={search_term_string}"},"query-input":{"@type":"PropertyValueSpecification","valueRequired":true,"valueName":"search_term_string"}}],"inLanguage":"de"},{"@type":"Organization","@id":"https:\/\/relaisgourmet.com\/de\/#organization","name":"Relais Gourmet","url":"https:\/\/relaisgourmet.com\/de\/","logo":{"@type":"ImageObject","inLanguage":"de","@id":"https:\/\/relaisgourmet.com\/de\/#\/schema\/logo\/image\/","url":"https:\/\/relaisgourmet.com\/wp-content\/uploads\/2026\/03\/yoast-logo-2-relais-gourmet-.png","contentUrl":"https:\/\/relaisgourmet.com\/wp-content\/uploads\/2026\/03\/yoast-logo-2-relais-gourmet-.png","width":1200,"height":675,"caption":"Relais Gourmet"},"image":{"@id":"https:\/\/relaisgourmet.com\/de\/#\/schema\/logo\/image\/"},"sameAs":["https:\/\/www.facebook.com\/relaisgourmet\/","https:\/\/x.com\/relaisgourmet64","https:\/\/www.instagram.com\/relaisgourmetofficiel","https:\/\/www.pinterest.fr\/relaisgourmet\/"],"email":"yaqueche@relaisgourmet.com","telephone":"+33 0 5 40 07 07 65","legalName":"Relais Gourmet","vatID":"FR13482415015","taxID":"482415015"}]}},"_links":{"self":[{"href":"https:\/\/relaisgourmet.com\/de\/wp-json\/wp\/v2\/product\/67138","targetHints":{"allow":["GET"]}}],"collection":[{"href":"https:\/\/relaisgourmet.com\/de\/wp-json\/wp\/v2\/product"}],"about":[{"href":"https:\/\/relaisgourmet.com\/de\/wp-json\/wp\/v2\/types\/product"}],"replies":[{"embeddable":true,"href":"https:\/\/relaisgourmet.com\/de\/wp-json\/wp\/v2\/comments?post=67138"}],"wp:featuredmedia":[{"embeddable":true,"href":"https:\/\/relaisgourmet.com\/de\/wp-json\/wp\/v2\/media\/67145"}],"wp:attachment":[{"href":"https:\/\/relaisgourmet.com\/de\/wp-json\/wp\/v2\/media?parent=67138"}],"wp:term":[{"taxonomy":"product_brand","embeddable":true,"href":"https:\/\/relaisgourmet.com\/de\/wp-json\/wp\/v2\/product_brand?post=67138"},{"taxonomy":"product_cat","embeddable":true,"href":"https:\/\/relaisgourmet.com\/de\/wp-json\/wp\/v2\/product_cat?post=67138"},{"taxonomy":"product_tag","embeddable":true,"href":"https:\/\/relaisgourmet.com\/de\/wp-json\/wp\/v2\/product_tag?post=67138"},{"taxonomy":"giftcard-category","embeddable":true,"href":"https:\/\/relaisgourmet.com\/de\/wp-json\/wp\/v2\/giftcard-category?post=67138"}],"curies":[{"name":"wp","href":"https:\/\/api.w.org\/{rel}","templated":true}]}}