{"id":67102,"date":"2026-03-10T12:24:15","date_gmt":"2026-03-10T12:24:15","guid":{"rendered":"https:\/\/relaisgourmet.com\/product\/ganze-leberpastete-mit-sauternes\/"},"modified":"2026-04-01T22:39:27","modified_gmt":"2026-04-01T22:39:27","slug":"ganze-leberpastete-mit-sauternes","status":"publish","type":"product","link":"https:\/\/relaisgourmet.com\/de\/produkt\/ganze-leberpastete-mit-sauternes\/","title":{"rendered":"Ganze Leberpastete mit Sauternes"},"content":{"rendered":"<p data-start=\"125\" data-end=\"381\">Tauchen Sie ein in ein einzigartiges kulinarisches Erlebnis <strong data-start=\"181\" data-end=\"214\">mit<\/strong> unserer <strong data-start=\"181\" data-end=\"214\">ganzen Leberpastete mit Sauternes<\/strong>. Diese delikate Kombination aus Entenleberpastete und dem ber\u00fchmten franz\u00f6sischen Wei\u00dfwein aus der prestigetr\u00e4chtigen Region Bordeaux enth\u00fcllt eine subtile Harmonie von Aromen. <\/p>\n<p data-start=\"383\" data-end=\"638\">Der Sauternes mit seiner charakteristischen S\u00fc\u00dfe und seinen bet\u00f6renden Aromen unterstreicht die Cremigkeit und Eleganz dieser au\u00dfergew\u00f6hnlichen Zubereitung. Lassen Sie sich von dieser <strong data-start=\"555\" data-end=\"588\">ganzen Leberpastete<\/strong> verf\u00fchren, die ideal f\u00fcr raffinierte Gourmetmomente ist. <\/p>\n<p><b>Garantiert ohne Konservierungsmittel, Farbstoffe oder Zusatzstoffe.<\/b><\/p>\n<p><b>Zutaten <\/b><span style=\"font-weight: 400;\">Entenleber, Sauternes (2%), Salz, Pfeffer und Zucker.<\/span><\/p>\n<p><b>Keller:<\/b><span style=\"font-weight: 400;\"> 3 Jahre bei Zimmertemperatur. <\/span><span style=\"font-weight: 400;\">Nach dem \u00d6ffnen verzehre es innerhalb von 15 Tagen und lagere es im K\u00fchlschrank.<\/span><\/p>\n<p><span style=\"font-weight: 400;\">Alle unsere Tipps und Tricks zur Vorbereitung finden Sie im <a href=\"\/?page_id=33969\">Blog-Bereich<\/a> sowie auf unserer <a href=\"https:\/\/www.instagram.com\/relaisgourmetofficiel\/\">Instagram-Seite<\/a>.<\/span><\/p>\n","protected":false},"excerpt":{"rendered":"<p><span style=\"vertical-align: inherit;\">Probieren Sie unsere Leberpastete mit Sauternes, eine kulinarische K\u00f6stlichkeit. Genie\u00dfen Sie die perfekte Harmonie zwischen Leberpastete und Sauternes, einem s\u00fc\u00dfen und aromatischen Wei\u00dfwein aus Bordeaux.<\/span><\/p>\n<p>\ud83c\uddeb\ud83c\uddf7 Garantiert 100% franz\u00f6sische Produktion<br \/>\n\u2714 Garantiert ohne Konservierungsstoffe, Zusatzstoffe und Farbstoffe.<br \/>\n\ud83c\udf43 Mit gelbem Mais gef\u00fctterte Enten<br \/>\n\ud83d\ude9a Schnelle Lieferung weltweit<br \/>\n\ud83d\udd53 3 Jahre haltbar<br \/>\n\ud83d\udd10 Sicheres Bezahlen<\/p>\n","protected":false},"featured_media":67103,"comment_status":"closed","ping_status":"closed","template":"","meta":{"_iconic_wsb_product_page_order_bump_ids":[[66909,64092]],"_sku":["3270000335755"],"_iconic_wsb_product_page_bump_modal_ids":[[]]},"product_brand":[],"product_cat":[1660],"product_tag":[1750,1753,1751,1810,2023,1752,1924,2694,2695,2697,2698,2696,2025,1661,2699],"giftcard-category":[],"class_list":{"0":"post-67102","1":"product","2":"type-product","3":"status-publish","4":"has-post-thumbnail","6":"product_cat-ganze-foie-gras","7":"product_tag-2-teile","8":"product_tag-200g","9":"product_tag-4-5-portionen","10":"product_tag-400g","11":"product_tag-8-von-10-portionen","12":"product_tag-80g","13":"product_tag-foie-gras","14":"product_tag-foie-gras-von-der-ente","15":"product_tag-ganze-entenleber","16":"product_tag-ganze-foie-gras","17":"product_tag-ganze-foie-gras-mit-sauternes","18":"product_tag-ganze-foie-gras-von-carnard-mit-sauternes","19":"product_tag-klassisch","20":"product_tag-made-in-frankreich","21":"product_tag-sauternes","22":"product_shipping_class-standard","24":"first","25":"instock","26":"taxable","27":"shipping-taxable","28":"purchasable","29":"product-type-variable"},"yoast_head":"<!-- This site is optimized with the Yoast SEO Premium plugin v27.3 (Yoast SEO v27.3) - https:\/\/yoast.com\/product\/yoast-seo-premium-wordpress\/ -->\n<title>Ganze Leberpastete mit mildem Sauternes | Relais Gourmet<\/title>\n<meta name=\"description\" content=\"Ganze G\u00e4nseleber mit Sauternes: Die S\u00fc\u00dfe des Lik\u00f6rweins und der Schmelz der G\u00e4nseleber vereinen sich.\" \/>\n<meta name=\"robots\" content=\"index, follow, max-snippet:-1, max-image-preview:large, max-video-preview:-1\" \/>\n<link rel=\"canonical\" href=\"https:\/\/relaisgourmet.com\/de\/produkt\/ganze-leberpastete-mit-sauternes\/\" \/>\n<meta property=\"og:locale\" content=\"de_DE\" \/>\n<meta property=\"og:type\" content=\"article\" \/>\n<meta property=\"og:title\" content=\"Ganze Leberpastete mit Sauternes\" \/>\n<meta property=\"og:description\" content=\"Probieren Sie unsere Leberpastete mit Sauternes, eine kulinarische K\u00f6stlichkeit. Genie\u00dfen Sie die perfekte Harmonie zwischen Leberpastete und Sauternes, einem s\u00fc\u00dfen und aromatischen Wei\u00dfwein aus Bordeaux. \ud83c\uddeb\ud83c\uddf7 Garantiert 100% franz\u00f6sische Produktion \u2714 Garantiert ohne Konservierungsstoffe, Zusatzstoffe und Farbstoffe. \ud83c\udf43 Mit gelbem Mais gef\u00fctterte Enten \ud83d\ude9a Schnelle Lieferung weltweit \ud83d\udd53 3 Jahre haltbar \ud83d\udd10 Sicheres Bezahlen\" \/>\n<meta property=\"og:url\" content=\"https:\/\/relaisgourmet.com\/de\/produkt\/ganze-leberpastete-mit-sauternes\/\" \/>\n<meta property=\"og:site_name\" content=\"Relais Gourmet\" \/>\n<meta property=\"article:publisher\" content=\"https:\/\/www.facebook.com\/relaisgourmet\/\" \/>\n<meta property=\"article:modified_time\" content=\"2026-04-01T22:39:27+00:00\" \/>\n<meta property=\"og:image\" content=\"https:\/\/relaisgourmet.com\/wp-content\/uploads\/2026\/03\/Sauternes-min.png\" \/>\n\t<meta property=\"og:image:width\" content=\"1000\" \/>\n\t<meta property=\"og:image:height\" content=\"1000\" \/>\n\t<meta property=\"og:image:type\" content=\"image\/png\" \/>\n<meta name=\"twitter:card\" content=\"summary_large_image\" \/>\n<meta name=\"twitter:site\" content=\"@relaisgourmet64\" \/>\n<meta name=\"twitter:label1\" content=\"Gesch\u00e4tzte Lesezeit\" \/>\n\t<meta name=\"twitter:data1\" content=\"1\u00a0Minute\" \/>\n<script type=\"application\/ld+json\" class=\"yoast-schema-graph\">{\"@context\":\"https:\\\/\\\/schema.org\",\"@graph\":[{\"@type\":\"WebPage\",\"@id\":\"https:\\\/\\\/relaisgourmet.com\\\/de\\\/produkt\\\/ganze-leberpastete-mit-sauternes\\\/\",\"url\":\"https:\\\/\\\/relaisgourmet.com\\\/de\\\/produkt\\\/ganze-leberpastete-mit-sauternes\\\/\",\"name\":\"Ganze Leberpastete mit mildem Sauternes | Relais Gourmet\",\"isPartOf\":{\"@id\":\"https:\\\/\\\/relaisgourmet.com\\\/de\\\/#website\"},\"primaryImageOfPage\":{\"@id\":\"https:\\\/\\\/relaisgourmet.com\\\/de\\\/produkt\\\/ganze-leberpastete-mit-sauternes\\\/#primaryimage\"},\"image\":{\"@id\":\"https:\\\/\\\/relaisgourmet.com\\\/de\\\/produkt\\\/ganze-leberpastete-mit-sauternes\\\/#primaryimage\"},\"thumbnailUrl\":\"https:\\\/\\\/relaisgourmet.com\\\/wp-content\\\/uploads\\\/2026\\\/03\\\/Sauternes-min.png\",\"datePublished\":\"2026-03-10T12:24:15+00:00\",\"dateModified\":\"2026-04-01T22:39:27+00:00\",\"description\":\"Ganze G\u00e4nseleber mit Sauternes: Die S\u00fc\u00dfe des Lik\u00f6rweins und der Schmelz der G\u00e4nseleber vereinen sich.\",\"breadcrumb\":{\"@id\":\"https:\\\/\\\/relaisgourmet.com\\\/de\\\/produkt\\\/ganze-leberpastete-mit-sauternes\\\/#breadcrumb\"},\"inLanguage\":\"de\",\"potentialAction\":[{\"@type\":\"ReadAction\",\"target\":[\"https:\\\/\\\/relaisgourmet.com\\\/de\\\/produkt\\\/ganze-leberpastete-mit-sauternes\\\/\"]}]},{\"@type\":\"ImageObject\",\"inLanguage\":\"de\",\"@id\":\"https:\\\/\\\/relaisgourmet.com\\\/de\\\/produkt\\\/ganze-leberpastete-mit-sauternes\\\/#primaryimage\",\"url\":\"https:\\\/\\\/relaisgourmet.com\\\/wp-content\\\/uploads\\\/2026\\\/03\\\/Sauternes-min.png\",\"contentUrl\":\"https:\\\/\\\/relaisgourmet.com\\\/wp-content\\\/uploads\\\/2026\\\/03\\\/Sauternes-min.png\",\"width\":1000,\"height\":1000},{\"@type\":\"BreadcrumbList\",\"@id\":\"https:\\\/\\\/relaisgourmet.com\\\/de\\\/produkt\\\/ganze-leberpastete-mit-sauternes\\\/#breadcrumb\",\"itemListElement\":[{\"@type\":\"ListItem\",\"position\":1,\"name\":\"Startseite\",\"item\":\"https:\\\/\\\/relaisgourmet.com\\\/de\\\/startseite\\\/\"},{\"@type\":\"ListItem\",\"position\":2,\"name\":\"Alle unsere Produkte\",\"item\":\"https:\\\/\\\/relaisgourmet.com\\\/de\\\/shop\\\/\"},{\"@type\":\"ListItem\",\"position\":3,\"name\":\"Ganze Leberpastete mit Sauternes\"}]},{\"@type\":\"WebSite\",\"@id\":\"https:\\\/\\\/relaisgourmet.com\\\/de\\\/#website\",\"url\":\"https:\\\/\\\/relaisgourmet.com\\\/de\\\/\",\"name\":\"Relais Gourmet\",\"description\":\"Foie Gras 100% Fran\u00e7ais\",\"publisher\":{\"@id\":\"https:\\\/\\\/relaisgourmet.com\\\/de\\\/#organization\"},\"potentialAction\":[{\"@type\":\"SearchAction\",\"target\":{\"@type\":\"EntryPoint\",\"urlTemplate\":\"https:\\\/\\\/relaisgourmet.com\\\/de\\\/?s={search_term_string}\"},\"query-input\":{\"@type\":\"PropertyValueSpecification\",\"valueRequired\":true,\"valueName\":\"search_term_string\"}}],\"inLanguage\":\"de\"},{\"@type\":\"Organization\",\"@id\":\"https:\\\/\\\/relaisgourmet.com\\\/de\\\/#organization\",\"name\":\"Relais Gourmet\",\"url\":\"https:\\\/\\\/relaisgourmet.com\\\/de\\\/\",\"logo\":{\"@type\":\"ImageObject\",\"inLanguage\":\"de\",\"@id\":\"https:\\\/\\\/relaisgourmet.com\\\/de\\\/#\\\/schema\\\/logo\\\/image\\\/\",\"url\":\"https:\\\/\\\/relaisgourmet.com\\\/wp-content\\\/uploads\\\/2026\\\/03\\\/yoast-logo-2-relais-gourmet-.png\",\"contentUrl\":\"https:\\\/\\\/relaisgourmet.com\\\/wp-content\\\/uploads\\\/2026\\\/03\\\/yoast-logo-2-relais-gourmet-.png\",\"width\":1200,\"height\":675,\"caption\":\"Relais Gourmet\"},\"image\":{\"@id\":\"https:\\\/\\\/relaisgourmet.com\\\/de\\\/#\\\/schema\\\/logo\\\/image\\\/\"},\"sameAs\":[\"https:\\\/\\\/www.facebook.com\\\/relaisgourmet\\\/\",\"https:\\\/\\\/x.com\\\/relaisgourmet64\",\"https:\\\/\\\/www.instagram.com\\\/relaisgourmetofficiel\",\"https:\\\/\\\/www.pinterest.fr\\\/relaisgourmet\\\/\"],\"email\":\"yaqueche@relaisgourmet.com\",\"telephone\":\"+33 0 5 40 07 07 65\",\"legalName\":\"Relais Gourmet\",\"vatID\":\"FR13482415015\",\"taxID\":\"482415015\"}]}<\/script>\n<!-- \/ Yoast SEO Premium plugin. -->","yoast_head_json":{"title":"Ganze Leberpastete mit mildem Sauternes | Relais Gourmet","description":"Ganze G\u00e4nseleber mit Sauternes: Die S\u00fc\u00dfe des Lik\u00f6rweins und der Schmelz der G\u00e4nseleber vereinen sich.","robots":{"index":"index","follow":"follow","max-snippet":"max-snippet:-1","max-image-preview":"max-image-preview:large","max-video-preview":"max-video-preview:-1"},"canonical":"https:\/\/relaisgourmet.com\/de\/produkt\/ganze-leberpastete-mit-sauternes\/","og_locale":"de_DE","og_type":"article","og_title":"Ganze Leberpastete mit Sauternes","og_description":"Probieren Sie unsere Leberpastete mit Sauternes, eine kulinarische K\u00f6stlichkeit. Genie\u00dfen Sie die perfekte Harmonie zwischen Leberpastete und Sauternes, einem s\u00fc\u00dfen und aromatischen Wei\u00dfwein aus Bordeaux. \ud83c\uddeb\ud83c\uddf7 Garantiert 100% franz\u00f6sische Produktion \u2714 Garantiert ohne Konservierungsstoffe, Zusatzstoffe und Farbstoffe. \ud83c\udf43 Mit gelbem Mais gef\u00fctterte Enten \ud83d\ude9a Schnelle Lieferung weltweit \ud83d\udd53 3 Jahre haltbar \ud83d\udd10 Sicheres Bezahlen","og_url":"https:\/\/relaisgourmet.com\/de\/produkt\/ganze-leberpastete-mit-sauternes\/","og_site_name":"Relais Gourmet","article_publisher":"https:\/\/www.facebook.com\/relaisgourmet\/","article_modified_time":"2026-04-01T22:39:27+00:00","og_image":[{"width":1000,"height":1000,"url":"https:\/\/relaisgourmet.com\/wp-content\/uploads\/2026\/03\/Sauternes-min.png","type":"image\/png"}],"twitter_card":"summary_large_image","twitter_site":"@relaisgourmet64","twitter_misc":{"Gesch\u00e4tzte Lesezeit":"1\u00a0Minute"},"schema":{"@context":"https:\/\/schema.org","@graph":[{"@type":"WebPage","@id":"https:\/\/relaisgourmet.com\/de\/produkt\/ganze-leberpastete-mit-sauternes\/","url":"https:\/\/relaisgourmet.com\/de\/produkt\/ganze-leberpastete-mit-sauternes\/","name":"Ganze Leberpastete mit mildem Sauternes | Relais Gourmet","isPartOf":{"@id":"https:\/\/relaisgourmet.com\/de\/#website"},"primaryImageOfPage":{"@id":"https:\/\/relaisgourmet.com\/de\/produkt\/ganze-leberpastete-mit-sauternes\/#primaryimage"},"image":{"@id":"https:\/\/relaisgourmet.com\/de\/produkt\/ganze-leberpastete-mit-sauternes\/#primaryimage"},"thumbnailUrl":"https:\/\/relaisgourmet.com\/wp-content\/uploads\/2026\/03\/Sauternes-min.png","datePublished":"2026-03-10T12:24:15+00:00","dateModified":"2026-04-01T22:39:27+00:00","description":"Ganze G\u00e4nseleber mit Sauternes: Die S\u00fc\u00dfe des Lik\u00f6rweins und der Schmelz der G\u00e4nseleber vereinen sich.","breadcrumb":{"@id":"https:\/\/relaisgourmet.com\/de\/produkt\/ganze-leberpastete-mit-sauternes\/#breadcrumb"},"inLanguage":"de","potentialAction":[{"@type":"ReadAction","target":["https:\/\/relaisgourmet.com\/de\/produkt\/ganze-leberpastete-mit-sauternes\/"]}]},{"@type":"ImageObject","inLanguage":"de","@id":"https:\/\/relaisgourmet.com\/de\/produkt\/ganze-leberpastete-mit-sauternes\/#primaryimage","url":"https:\/\/relaisgourmet.com\/wp-content\/uploads\/2026\/03\/Sauternes-min.png","contentUrl":"https:\/\/relaisgourmet.com\/wp-content\/uploads\/2026\/03\/Sauternes-min.png","width":1000,"height":1000},{"@type":"BreadcrumbList","@id":"https:\/\/relaisgourmet.com\/de\/produkt\/ganze-leberpastete-mit-sauternes\/#breadcrumb","itemListElement":[{"@type":"ListItem","position":1,"name":"Startseite","item":"https:\/\/relaisgourmet.com\/de\/startseite\/"},{"@type":"ListItem","position":2,"name":"Alle unsere Produkte","item":"https:\/\/relaisgourmet.com\/de\/shop\/"},{"@type":"ListItem","position":3,"name":"Ganze Leberpastete mit Sauternes"}]},{"@type":"WebSite","@id":"https:\/\/relaisgourmet.com\/de\/#website","url":"https:\/\/relaisgourmet.com\/de\/","name":"Relais Gourmet","description":"Foie Gras 100% Fran\u00e7ais","publisher":{"@id":"https:\/\/relaisgourmet.com\/de\/#organization"},"potentialAction":[{"@type":"SearchAction","target":{"@type":"EntryPoint","urlTemplate":"https:\/\/relaisgourmet.com\/de\/?s={search_term_string}"},"query-input":{"@type":"PropertyValueSpecification","valueRequired":true,"valueName":"search_term_string"}}],"inLanguage":"de"},{"@type":"Organization","@id":"https:\/\/relaisgourmet.com\/de\/#organization","name":"Relais Gourmet","url":"https:\/\/relaisgourmet.com\/de\/","logo":{"@type":"ImageObject","inLanguage":"de","@id":"https:\/\/relaisgourmet.com\/de\/#\/schema\/logo\/image\/","url":"https:\/\/relaisgourmet.com\/wp-content\/uploads\/2026\/03\/yoast-logo-2-relais-gourmet-.png","contentUrl":"https:\/\/relaisgourmet.com\/wp-content\/uploads\/2026\/03\/yoast-logo-2-relais-gourmet-.png","width":1200,"height":675,"caption":"Relais Gourmet"},"image":{"@id":"https:\/\/relaisgourmet.com\/de\/#\/schema\/logo\/image\/"},"sameAs":["https:\/\/www.facebook.com\/relaisgourmet\/","https:\/\/x.com\/relaisgourmet64","https:\/\/www.instagram.com\/relaisgourmetofficiel","https:\/\/www.pinterest.fr\/relaisgourmet\/"],"email":"yaqueche@relaisgourmet.com","telephone":"+33 0 5 40 07 07 65","legalName":"Relais Gourmet","vatID":"FR13482415015","taxID":"482415015"}]}},"_links":{"self":[{"href":"https:\/\/relaisgourmet.com\/de\/wp-json\/wp\/v2\/product\/67102","targetHints":{"allow":["GET"]}}],"collection":[{"href":"https:\/\/relaisgourmet.com\/de\/wp-json\/wp\/v2\/product"}],"about":[{"href":"https:\/\/relaisgourmet.com\/de\/wp-json\/wp\/v2\/types\/product"}],"replies":[{"embeddable":true,"href":"https:\/\/relaisgourmet.com\/de\/wp-json\/wp\/v2\/comments?post=67102"}],"wp:featuredmedia":[{"embeddable":true,"href":"https:\/\/relaisgourmet.com\/de\/wp-json\/wp\/v2\/media\/67103"}],"wp:attachment":[{"href":"https:\/\/relaisgourmet.com\/de\/wp-json\/wp\/v2\/media?parent=67102"}],"wp:term":[{"taxonomy":"product_brand","embeddable":true,"href":"https:\/\/relaisgourmet.com\/de\/wp-json\/wp\/v2\/product_brand?post=67102"},{"taxonomy":"product_cat","embeddable":true,"href":"https:\/\/relaisgourmet.com\/de\/wp-json\/wp\/v2\/product_cat?post=67102"},{"taxonomy":"product_tag","embeddable":true,"href":"https:\/\/relaisgourmet.com\/de\/wp-json\/wp\/v2\/product_tag?post=67102"},{"taxonomy":"giftcard-category","embeddable":true,"href":"https:\/\/relaisgourmet.com\/de\/wp-json\/wp\/v2\/giftcard-category?post=67102"}],"curies":[{"name":"wp","href":"https:\/\/api.w.org\/{rel}","templated":true}]}}