{"id":67057,"date":"2026-03-10T12:24:14","date_gmt":"2026-03-10T12:24:14","guid":{"rendered":"https:\/\/relaisgourmet.com\/product\/glasoeffner-glas\/"},"modified":"2026-04-01T22:38:04","modified_gmt":"2026-04-01T22:38:04","slug":"glasoeffner-glas","status":"publish","type":"product","link":"https:\/\/relaisgourmet.com\/de\/produkt\/glasoeffner-glas\/","title":{"rendered":"Glas\u00f6ffner - Glas"},"content":{"rendered":"<h3>Testen Sie ein unentbehrliches K\u00fcchenutensil: den Leberpasteten\u00f6ffner mit verchromtem Kapselheber!<\/h3>\n<p>Entscheiden Sie sich f\u00fcr Modernit\u00e4t und Zweckm\u00e4\u00dfigkeit mit diesem rot\/grauen Glas\u00f6ffner. Er ist kompakt (23 x 9,5 x 2 cm) und ergonomisch geformt und passt sich allen Gl\u00e4sern an, so dass er sich leicht und m\u00fchelos \u00f6ffnen l\u00e4sst. Ob Sie nun ein Hobbykoch oder ein Profi sind, dieses Werkzeug wird Ihnen Zeit sparen und gleichzeitig eine sichere Handhabung garantieren.  <\/p>\n<h3>Was ist ein Glas\u00f6ffner f\u00fcr Leberpastete?<\/h3>\n<p>Dieses K\u00fcchenutensil wurde speziell entwickelt, um das \u00d6ffnen von Gl\u00e4sern mit Leberpastete und anderen Konserven zu erleichtern. Dank seines robusten Designs und seines bequemen Griffs k\u00f6nnen Sie Ihre Gl\u00e4ser ohne Kraftaufwand und ohne Gefahr, das Glas zu zerbrechen, \u00f6ffnen. <\/p>\n<p><img decoding=\"async\" src=\"https:\/\/www.exemple.com\/image-ouvre-bocal.jpg\" alt=\"Glas\u00f6ffner f\u00fcr Leberpastete\"> <em>(F\u00fcgen Sie hier ein Bild ein, um das Produkt zu illustrieren)<\/em><\/p>\n<h3>Warum sollten Sie es verwenden?<\/h3>\n<p>Der Hauptzweck dieses \u00d6ffners ist es, ein einfaches und sicheres \u00d6ffnen zu erm\u00f6glichen, um Unf\u00e4lle im Haushalt oder zu starke Deckel zu vermeiden. Er ist ideal f\u00fcr alle Gelegenheiten, sei es f\u00fcr ein Festessen oder eine spontane Verkostung. <\/p>\n<h3>Wie funktioniert es?<\/h3>\n<ol>\n<li>Legen Sie den Gummi- oder Metallring um den Deckel.<\/li>\n<li>Drehen Sie den Griff, um den Deckel festzuziehen und fest zu halten.<\/li>\n<li>Schrauben Sie sie m\u00fchelos auf und genie\u00dfen Sie Ihre Leberpastete mit Leichtigkeit!<\/li>\n<\/ol>\n<h3>Ein langlebiges und praktisches Accessoire<\/h3>\n<p>Dieser leicht zu reinigende und langlebige \u00d6ffner vereint funktionelles Design und Effizienz. Das robuste Material garantiert eine lange Lebensdauer, auch bei intensivem Gebrauch. Er ist ein unentbehrliches Werkzeug f\u00fcr den professionellen Lebensmittelh\u00e4ndler und den passionierten Hobbykoch.  <\/p>\n<p>Alle unsere Produkte finden Sie im <a href=\"https:\/\/epic-varahamihira.207-180-195-93.plesk.page\/\">Relais Gourmet Shop<\/a>.<\/p>\n<p>Besuchen Sie unseren <a href=\"https:\/\/epic-varahamihira.207-180-195-93.plesk.page\/blog-foies-gras-actualite\/\">kulinarischen Blog<\/a>, um unsere Rezepte und praktischen Tipps zu entdecken.<\/p>\n<p>F\u00fcgen Sie diesen \u00d6ffner Ihrer K\u00fcche hinzu und genie\u00dfen Sie das einfache, schnelle und m\u00fchelose \u00d6ffnen all Ihrer Konserven!<\/p>\n","protected":false},"excerpt":{"rendered":"<p>Dieser <strong><span style=\"color: #d0121a;\">Glas\u00f6ffner<\/span> <\/strong>mit dem dazugeh\u00f6rigen<strong> <span style=\"color: #d0121a;\">verchromter Flaschen\u00f6ffner<\/span><\/strong> sind f\u00fcr Ihre Leberpastete unverzichtbar!<\/p>\n<p>&nbsp;<\/p>\n","protected":false},"featured_media":67060,"comment_status":"closed","ping_status":"closed","template":"","meta":{"_iconic_wsb_product_page_order_bump_ids":[],"_sku":["3510000335608"],"_iconic_wsb_product_page_bump_modal_ids":[]},"product_brand":[],"product_cat":[2092],"product_tag":[1809,1810,2662,2661,2663,2657,1924,2658,2659,2660,1749],"giftcard-category":[],"class_list":{"0":"post-67057","1":"product","2":"type-product","3":"status-publish","4":"has-post-thumbnail","6":"product_cat-utensilien","7":"product_tag-180g","8":"product_tag-400g","9":"product_tag-ein-glas-ganseleberpastete-offnen","10":"product_tag-ein-glas-leber-leicht-offnen","11":"product_tag-ein-glas-offnen","12":"product_tag-einen-glasoffner-kaufen","13":"product_tag-foie-gras","14":"product_tag-glasoffner","15":"product_tag-glasoffner-fur-foie-gras","16":"product_tag-offnet-bolcal","17":"product_tag-tipoclasico","18":"product_shipping_class-vat-20","20":"first","21":"instock","22":"taxable","23":"shipping-taxable","24":"purchasable","25":"product-type-simple"},"yoast_head":"<!-- This site is optimized with the Yoast SEO Premium plugin v27.3 (Yoast SEO v27.3) - https:\/\/yoast.com\/product\/yoast-seo-premium-wordpress\/ -->\n<title>Glas\u00f6ffner : Praktisches K\u00fcchenutensil | Relais Gourmet<\/title>\n<meta name=\"description\" content=\"Foie Gras \u00d6ffner: Das praktische und sichere Werkzeug, um Ihre Konserven m\u00fchelos zu \u00f6ffnen.\" \/>\n<meta name=\"robots\" content=\"index, follow, max-snippet:-1, max-image-preview:large, max-video-preview:-1\" \/>\n<link rel=\"canonical\" href=\"https:\/\/relaisgourmet.com\/de\/produkt\/glasoeffner-glas\/\" \/>\n<meta property=\"og:locale\" content=\"de_DE\" \/>\n<meta property=\"og:type\" content=\"article\" \/>\n<meta property=\"og:title\" content=\"Glas\u00f6ffner - Glas\" \/>\n<meta property=\"og:description\" content=\"Dieser Glas\u00f6ffner mit dem dazugeh\u00f6rigen verchromter Flaschen\u00f6ffner sind f\u00fcr Ihre Leberpastete unverzichtbar! &nbsp;\" \/>\n<meta property=\"og:url\" content=\"https:\/\/relaisgourmet.com\/de\/produkt\/glasoeffner-glas\/\" \/>\n<meta property=\"og:site_name\" content=\"Relais Gourmet\" \/>\n<meta property=\"article:publisher\" content=\"https:\/\/www.facebook.com\/relaisgourmet\/\" \/>\n<meta property=\"article:modified_time\" content=\"2026-04-01T22:38:04+00:00\" \/>\n<meta property=\"og:image\" content=\"https:\/\/relaisgourmet.com\/wp-content\/uploads\/2026\/03\/Ouvre-bocal.png\" \/>\n\t<meta property=\"og:image:width\" content=\"1000\" \/>\n\t<meta property=\"og:image:height\" content=\"1000\" \/>\n\t<meta property=\"og:image:type\" content=\"image\/png\" \/>\n<meta name=\"twitter:card\" content=\"summary_large_image\" \/>\n<meta name=\"twitter:site\" content=\"@relaisgourmet64\" \/>\n<meta name=\"twitter:label1\" content=\"Gesch\u00e4tzte Lesezeit\" \/>\n\t<meta name=\"twitter:data1\" content=\"2\u00a0Minute\" \/>\n<script type=\"application\/ld+json\" class=\"yoast-schema-graph\">{\"@context\":\"https:\\\/\\\/schema.org\",\"@graph\":[{\"@type\":\"WebPage\",\"@id\":\"https:\\\/\\\/relaisgourmet.com\\\/de\\\/produkt\\\/glasoeffner-glas\\\/\",\"url\":\"https:\\\/\\\/relaisgourmet.com\\\/de\\\/produkt\\\/glasoeffner-glas\\\/\",\"name\":\"Glas\u00f6ffner : Praktisches K\u00fcchenutensil | Relais Gourmet\",\"isPartOf\":{\"@id\":\"https:\\\/\\\/relaisgourmet.com\\\/de\\\/#website\"},\"primaryImageOfPage\":{\"@id\":\"https:\\\/\\\/relaisgourmet.com\\\/de\\\/produkt\\\/glasoeffner-glas\\\/#primaryimage\"},\"image\":{\"@id\":\"https:\\\/\\\/relaisgourmet.com\\\/de\\\/produkt\\\/glasoeffner-glas\\\/#primaryimage\"},\"thumbnailUrl\":\"https:\\\/\\\/relaisgourmet.com\\\/wp-content\\\/uploads\\\/2026\\\/03\\\/Ouvre-bocal.png\",\"datePublished\":\"2026-03-10T12:24:14+00:00\",\"dateModified\":\"2026-04-01T22:38:04+00:00\",\"description\":\"Foie Gras \u00d6ffner: Das praktische und sichere Werkzeug, um Ihre Konserven m\u00fchelos zu \u00f6ffnen.\",\"breadcrumb\":{\"@id\":\"https:\\\/\\\/relaisgourmet.com\\\/de\\\/produkt\\\/glasoeffner-glas\\\/#breadcrumb\"},\"inLanguage\":\"de\",\"potentialAction\":[{\"@type\":\"ReadAction\",\"target\":[\"https:\\\/\\\/relaisgourmet.com\\\/de\\\/produkt\\\/glasoeffner-glas\\\/\"]}]},{\"@type\":\"ImageObject\",\"inLanguage\":\"de\",\"@id\":\"https:\\\/\\\/relaisgourmet.com\\\/de\\\/produkt\\\/glasoeffner-glas\\\/#primaryimage\",\"url\":\"https:\\\/\\\/relaisgourmet.com\\\/wp-content\\\/uploads\\\/2026\\\/03\\\/Ouvre-bocal.png\",\"contentUrl\":\"https:\\\/\\\/relaisgourmet.com\\\/wp-content\\\/uploads\\\/2026\\\/03\\\/Ouvre-bocal.png\",\"width\":1000,\"height\":1000},{\"@type\":\"BreadcrumbList\",\"@id\":\"https:\\\/\\\/relaisgourmet.com\\\/de\\\/produkt\\\/glasoeffner-glas\\\/#breadcrumb\",\"itemListElement\":[{\"@type\":\"ListItem\",\"position\":1,\"name\":\"Startseite\",\"item\":\"https:\\\/\\\/relaisgourmet.com\\\/de\\\/startseite\\\/\"},{\"@type\":\"ListItem\",\"position\":2,\"name\":\"Alle unsere Produkte\",\"item\":\"https:\\\/\\\/relaisgourmet.com\\\/de\\\/shop\\\/\"},{\"@type\":\"ListItem\",\"position\":3,\"name\":\"Glas\u00f6ffner - Glas\"}]},{\"@type\":\"WebSite\",\"@id\":\"https:\\\/\\\/relaisgourmet.com\\\/de\\\/#website\",\"url\":\"https:\\\/\\\/relaisgourmet.com\\\/de\\\/\",\"name\":\"Relais Gourmet\",\"description\":\"Foie Gras 100% Fran\u00e7ais\",\"publisher\":{\"@id\":\"https:\\\/\\\/relaisgourmet.com\\\/de\\\/#organization\"},\"potentialAction\":[{\"@type\":\"SearchAction\",\"target\":{\"@type\":\"EntryPoint\",\"urlTemplate\":\"https:\\\/\\\/relaisgourmet.com\\\/de\\\/?s={search_term_string}\"},\"query-input\":{\"@type\":\"PropertyValueSpecification\",\"valueRequired\":true,\"valueName\":\"search_term_string\"}}],\"inLanguage\":\"de\"},{\"@type\":\"Organization\",\"@id\":\"https:\\\/\\\/relaisgourmet.com\\\/de\\\/#organization\",\"name\":\"Relais Gourmet\",\"url\":\"https:\\\/\\\/relaisgourmet.com\\\/de\\\/\",\"logo\":{\"@type\":\"ImageObject\",\"inLanguage\":\"de\",\"@id\":\"https:\\\/\\\/relaisgourmet.com\\\/de\\\/#\\\/schema\\\/logo\\\/image\\\/\",\"url\":\"https:\\\/\\\/relaisgourmet.com\\\/wp-content\\\/uploads\\\/2026\\\/03\\\/yoast-logo-2-relais-gourmet-.png\",\"contentUrl\":\"https:\\\/\\\/relaisgourmet.com\\\/wp-content\\\/uploads\\\/2026\\\/03\\\/yoast-logo-2-relais-gourmet-.png\",\"width\":1200,\"height\":675,\"caption\":\"Relais Gourmet\"},\"image\":{\"@id\":\"https:\\\/\\\/relaisgourmet.com\\\/de\\\/#\\\/schema\\\/logo\\\/image\\\/\"},\"sameAs\":[\"https:\\\/\\\/www.facebook.com\\\/relaisgourmet\\\/\",\"https:\\\/\\\/x.com\\\/relaisgourmet64\",\"https:\\\/\\\/www.instagram.com\\\/relaisgourmetofficiel\",\"https:\\\/\\\/www.pinterest.fr\\\/relaisgourmet\\\/\"],\"email\":\"yaqueche@relaisgourmet.com\",\"telephone\":\"+33 0 5 40 07 07 65\",\"legalName\":\"Relais Gourmet\",\"vatID\":\"FR13482415015\",\"taxID\":\"482415015\"}]}<\/script>\n<!-- \/ Yoast SEO Premium plugin. -->","yoast_head_json":{"title":"Glas\u00f6ffner : Praktisches K\u00fcchenutensil | Relais Gourmet","description":"Foie Gras \u00d6ffner: Das praktische und sichere Werkzeug, um Ihre Konserven m\u00fchelos zu \u00f6ffnen.","robots":{"index":"index","follow":"follow","max-snippet":"max-snippet:-1","max-image-preview":"max-image-preview:large","max-video-preview":"max-video-preview:-1"},"canonical":"https:\/\/relaisgourmet.com\/de\/produkt\/glasoeffner-glas\/","og_locale":"de_DE","og_type":"article","og_title":"Glas\u00f6ffner - Glas","og_description":"Dieser Glas\u00f6ffner mit dem dazugeh\u00f6rigen verchromter Flaschen\u00f6ffner sind f\u00fcr Ihre Leberpastete unverzichtbar! &nbsp;","og_url":"https:\/\/relaisgourmet.com\/de\/produkt\/glasoeffner-glas\/","og_site_name":"Relais Gourmet","article_publisher":"https:\/\/www.facebook.com\/relaisgourmet\/","article_modified_time":"2026-04-01T22:38:04+00:00","og_image":[{"width":1000,"height":1000,"url":"https:\/\/relaisgourmet.com\/wp-content\/uploads\/2026\/03\/Ouvre-bocal.png","type":"image\/png"}],"twitter_card":"summary_large_image","twitter_site":"@relaisgourmet64","twitter_misc":{"Gesch\u00e4tzte Lesezeit":"2\u00a0Minute"},"schema":{"@context":"https:\/\/schema.org","@graph":[{"@type":"WebPage","@id":"https:\/\/relaisgourmet.com\/de\/produkt\/glasoeffner-glas\/","url":"https:\/\/relaisgourmet.com\/de\/produkt\/glasoeffner-glas\/","name":"Glas\u00f6ffner : Praktisches K\u00fcchenutensil | Relais Gourmet","isPartOf":{"@id":"https:\/\/relaisgourmet.com\/de\/#website"},"primaryImageOfPage":{"@id":"https:\/\/relaisgourmet.com\/de\/produkt\/glasoeffner-glas\/#primaryimage"},"image":{"@id":"https:\/\/relaisgourmet.com\/de\/produkt\/glasoeffner-glas\/#primaryimage"},"thumbnailUrl":"https:\/\/relaisgourmet.com\/wp-content\/uploads\/2026\/03\/Ouvre-bocal.png","datePublished":"2026-03-10T12:24:14+00:00","dateModified":"2026-04-01T22:38:04+00:00","description":"Foie Gras \u00d6ffner: Das praktische und sichere Werkzeug, um Ihre Konserven m\u00fchelos zu \u00f6ffnen.","breadcrumb":{"@id":"https:\/\/relaisgourmet.com\/de\/produkt\/glasoeffner-glas\/#breadcrumb"},"inLanguage":"de","potentialAction":[{"@type":"ReadAction","target":["https:\/\/relaisgourmet.com\/de\/produkt\/glasoeffner-glas\/"]}]},{"@type":"ImageObject","inLanguage":"de","@id":"https:\/\/relaisgourmet.com\/de\/produkt\/glasoeffner-glas\/#primaryimage","url":"https:\/\/relaisgourmet.com\/wp-content\/uploads\/2026\/03\/Ouvre-bocal.png","contentUrl":"https:\/\/relaisgourmet.com\/wp-content\/uploads\/2026\/03\/Ouvre-bocal.png","width":1000,"height":1000},{"@type":"BreadcrumbList","@id":"https:\/\/relaisgourmet.com\/de\/produkt\/glasoeffner-glas\/#breadcrumb","itemListElement":[{"@type":"ListItem","position":1,"name":"Startseite","item":"https:\/\/relaisgourmet.com\/de\/startseite\/"},{"@type":"ListItem","position":2,"name":"Alle unsere Produkte","item":"https:\/\/relaisgourmet.com\/de\/shop\/"},{"@type":"ListItem","position":3,"name":"Glas\u00f6ffner - Glas"}]},{"@type":"WebSite","@id":"https:\/\/relaisgourmet.com\/de\/#website","url":"https:\/\/relaisgourmet.com\/de\/","name":"Relais Gourmet","description":"Foie Gras 100% Fran\u00e7ais","publisher":{"@id":"https:\/\/relaisgourmet.com\/de\/#organization"},"potentialAction":[{"@type":"SearchAction","target":{"@type":"EntryPoint","urlTemplate":"https:\/\/relaisgourmet.com\/de\/?s={search_term_string}"},"query-input":{"@type":"PropertyValueSpecification","valueRequired":true,"valueName":"search_term_string"}}],"inLanguage":"de"},{"@type":"Organization","@id":"https:\/\/relaisgourmet.com\/de\/#organization","name":"Relais Gourmet","url":"https:\/\/relaisgourmet.com\/de\/","logo":{"@type":"ImageObject","inLanguage":"de","@id":"https:\/\/relaisgourmet.com\/de\/#\/schema\/logo\/image\/","url":"https:\/\/relaisgourmet.com\/wp-content\/uploads\/2026\/03\/yoast-logo-2-relais-gourmet-.png","contentUrl":"https:\/\/relaisgourmet.com\/wp-content\/uploads\/2026\/03\/yoast-logo-2-relais-gourmet-.png","width":1200,"height":675,"caption":"Relais Gourmet"},"image":{"@id":"https:\/\/relaisgourmet.com\/de\/#\/schema\/logo\/image\/"},"sameAs":["https:\/\/www.facebook.com\/relaisgourmet\/","https:\/\/x.com\/relaisgourmet64","https:\/\/www.instagram.com\/relaisgourmetofficiel","https:\/\/www.pinterest.fr\/relaisgourmet\/"],"email":"yaqueche@relaisgourmet.com","telephone":"+33 0 5 40 07 07 65","legalName":"Relais Gourmet","vatID":"FR13482415015","taxID":"482415015"}]}},"_links":{"self":[{"href":"https:\/\/relaisgourmet.com\/de\/wp-json\/wp\/v2\/product\/67057","targetHints":{"allow":["GET"]}}],"collection":[{"href":"https:\/\/relaisgourmet.com\/de\/wp-json\/wp\/v2\/product"}],"about":[{"href":"https:\/\/relaisgourmet.com\/de\/wp-json\/wp\/v2\/types\/product"}],"replies":[{"embeddable":true,"href":"https:\/\/relaisgourmet.com\/de\/wp-json\/wp\/v2\/comments?post=67057"}],"wp:featuredmedia":[{"embeddable":true,"href":"https:\/\/relaisgourmet.com\/de\/wp-json\/wp\/v2\/media\/67060"}],"wp:attachment":[{"href":"https:\/\/relaisgourmet.com\/de\/wp-json\/wp\/v2\/media?parent=67057"}],"wp:term":[{"taxonomy":"product_brand","embeddable":true,"href":"https:\/\/relaisgourmet.com\/de\/wp-json\/wp\/v2\/product_brand?post=67057"},{"taxonomy":"product_cat","embeddable":true,"href":"https:\/\/relaisgourmet.com\/de\/wp-json\/wp\/v2\/product_cat?post=67057"},{"taxonomy":"product_tag","embeddable":true,"href":"https:\/\/relaisgourmet.com\/de\/wp-json\/wp\/v2\/product_tag?post=67057"},{"taxonomy":"giftcard-category","embeddable":true,"href":"https:\/\/relaisgourmet.com\/de\/wp-json\/wp\/v2\/giftcard-category?post=67057"}],"curies":[{"name":"wp","href":"https:\/\/api.w.org\/{rel}","templated":true}]}}