{"id":67038,"date":"2026-03-10T12:24:14","date_gmt":"2026-03-10T12:24:14","guid":{"rendered":"https:\/\/relaisgourmet.com\/product\/schaufel-fuer-leberpastete\/"},"modified":"2026-04-01T22:37:47","modified_gmt":"2026-04-01T22:37:47","slug":"schaufel-fuer-leberpastete","status":"publish","type":"product","link":"https:\/\/relaisgourmet.com\/de\/produkt\/schaufel-fuer-leberpastete\/","title":{"rendered":"Schaufel f\u00fcr Leberpastete"},"content":{"rendered":"<h3><span style=\"color: #218e53;\">Ein unverzichtbares Zubeh\u00f6r, um Ihre Leberpastete zu veredeln: unser Leberpastetenheber!<\/span><\/h3>\n<p><span data-offset-key=\"dkuef-336-0\">Dieser Leberpastetenheber ist aus rostfreiem Stahl hergestellt, was ihn haltbar und leicht zu reinigen macht. Die Klinge ist leicht gebogen und der Griff ist d\u00fcnn und liegt gut in der Hand. Diese Leberpastetenschaufel ist ideal f\u00fcr den t\u00e4glichen Gebrauch.  <\/span><\/p>\n<p>Verwenden Sie dieses Werkzeug, um Ihre sch\u00f6nen, d\u00fcnnen und gleichm\u00e4\u00dfigen Leberpastetenscheiben sauber auf den Tellern anzuordnen.<\/p>\n<p>Mit diesem Utensil sind Sie f\u00fcr jede Gelegenheit ger\u00fcstet und k\u00f6nnen <a href=\"https:\/\/epic-varahamihira.207-180-195-93.plesk.page\/categories\/\">unsere verschiedenen G\u00e4nseleberpasteten<\/a> problemlos verkosten.<\/p>\n<p><strong>Alle unsere Produkte finden Sie in der Relais Gourmet Boutique.<\/strong><\/p>\n<p><strong>Besuchen Sie gerne unseren Blog<\/strong><strong><a href=\"https:\/\/epic-varahamihira.207-180-195-93.plesk.page\/index.php\/blog-foies-gras-actualite\/\">,<\/a><\/strong><strong> um unsere <\/strong><strong><a href=\"https:\/\/epic-varahamihira.207-180-195-93.plesk.page\/index.php\/recettes\/\">Rezepte <\/a><\/strong><strong>und andere neue Produkte<\/strong> zu entdecken.<\/p>\n","protected":false},"excerpt":{"rendered":"<p>Entdecken Sie unsere <strong><span style=\"color: #d0121a;\">Schaufel f\u00fcr Leberpastete!<\/span><\/strong><\/p>\n<p><span style=\"color: #000000;\">Ein unverzichtbares Accessoire, um Ihre Leberpastete zu verfeinern.<\/span><\/p>\n","protected":false},"featured_media":67039,"comment_status":"closed","ping_status":"closed","template":"","meta":{"_iconic_wsb_product_page_order_bump_ids":[],"_sku":["3070000335492"],"_iconic_wsb_product_page_bump_modal_ids":[]},"product_brand":[],"product_cat":[2092],"product_tag":[2631,2630,1749],"giftcard-category":[],"class_list":{"0":"post-67038","1":"product","2":"type-product","3":"status-publish","4":"has-post-thumbnail","6":"product_cat-utensilien","7":"product_tag-die-ganseleberpastete-servieren","8":"product_tag-schaufel-fur-stopfleber","9":"product_tag-tipoclasico","10":"product_shipping_class-vat-20","12":"first","13":"instock","14":"taxable","15":"shipping-taxable","16":"purchasable","17":"product-type-simple"},"yoast_head":"<!-- This site is optimized with the Yoast SEO Premium plugin v27.3 (Yoast SEO v27.3) - https:\/\/yoast.com\/product\/yoast-seo-premium-wordpress\/ -->\n<title>Eleganter und pr\u00e4ziser Foie Gras Schaufel | Relais Gourmet<\/title>\n<meta name=\"description\" content=\"Foie Gras Schaufel: Ein elegantes Accessoire, um Foie Gras sorgf\u00e4ltig zu servieren.\" \/>\n<meta name=\"robots\" content=\"index, follow, max-snippet:-1, max-image-preview:large, max-video-preview:-1\" \/>\n<link rel=\"canonical\" href=\"https:\/\/relaisgourmet.com\/de\/produkt\/schaufel-fuer-leberpastete\/\" \/>\n<meta property=\"og:locale\" content=\"de_DE\" \/>\n<meta property=\"og:type\" content=\"article\" \/>\n<meta property=\"og:title\" content=\"Schaufel f\u00fcr Leberpastete\" \/>\n<meta property=\"og:description\" content=\"Entdecken Sie unsere Schaufel f\u00fcr Leberpastete! Ein unverzichtbares Accessoire, um Ihre Leberpastete zu verfeinern.\" \/>\n<meta property=\"og:url\" content=\"https:\/\/relaisgourmet.com\/de\/produkt\/schaufel-fuer-leberpastete\/\" \/>\n<meta property=\"og:site_name\" content=\"Relais Gourmet\" \/>\n<meta property=\"article:publisher\" content=\"https:\/\/www.facebook.com\/relaisgourmet\/\" \/>\n<meta property=\"article:modified_time\" content=\"2026-04-01T22:37:47+00:00\" \/>\n<meta property=\"og:image\" content=\"https:\/\/relaisgourmet.com\/wp-content\/uploads\/2026\/03\/Pelle.png\" \/>\n\t<meta property=\"og:image:width\" content=\"1000\" \/>\n\t<meta property=\"og:image:height\" content=\"1000\" \/>\n\t<meta property=\"og:image:type\" content=\"image\/png\" \/>\n<meta name=\"twitter:card\" content=\"summary_large_image\" \/>\n<meta name=\"twitter:site\" content=\"@relaisgourmet64\" \/>\n<meta name=\"twitter:label1\" content=\"Gesch\u00e4tzte Lesezeit\" \/>\n\t<meta name=\"twitter:data1\" content=\"1\u00a0Minute\" \/>\n<script type=\"application\/ld+json\" class=\"yoast-schema-graph\">{\"@context\":\"https:\\\/\\\/schema.org\",\"@graph\":[{\"@type\":\"WebPage\",\"@id\":\"https:\\\/\\\/relaisgourmet.com\\\/de\\\/produkt\\\/schaufel-fuer-leberpastete\\\/\",\"url\":\"https:\\\/\\\/relaisgourmet.com\\\/de\\\/produkt\\\/schaufel-fuer-leberpastete\\\/\",\"name\":\"Eleganter und pr\u00e4ziser Foie Gras Schaufel | Relais Gourmet\",\"isPartOf\":{\"@id\":\"https:\\\/\\\/relaisgourmet.com\\\/de\\\/#website\"},\"primaryImageOfPage\":{\"@id\":\"https:\\\/\\\/relaisgourmet.com\\\/de\\\/produkt\\\/schaufel-fuer-leberpastete\\\/#primaryimage\"},\"image\":{\"@id\":\"https:\\\/\\\/relaisgourmet.com\\\/de\\\/produkt\\\/schaufel-fuer-leberpastete\\\/#primaryimage\"},\"thumbnailUrl\":\"https:\\\/\\\/relaisgourmet.com\\\/wp-content\\\/uploads\\\/2026\\\/03\\\/Pelle.png\",\"datePublished\":\"2026-03-10T12:24:14+00:00\",\"dateModified\":\"2026-04-01T22:37:47+00:00\",\"description\":\"Foie Gras Schaufel: Ein elegantes Accessoire, um Foie Gras sorgf\u00e4ltig zu servieren.\",\"breadcrumb\":{\"@id\":\"https:\\\/\\\/relaisgourmet.com\\\/de\\\/produkt\\\/schaufel-fuer-leberpastete\\\/#breadcrumb\"},\"inLanguage\":\"de\",\"potentialAction\":[{\"@type\":\"ReadAction\",\"target\":[\"https:\\\/\\\/relaisgourmet.com\\\/de\\\/produkt\\\/schaufel-fuer-leberpastete\\\/\"]}]},{\"@type\":\"ImageObject\",\"inLanguage\":\"de\",\"@id\":\"https:\\\/\\\/relaisgourmet.com\\\/de\\\/produkt\\\/schaufel-fuer-leberpastete\\\/#primaryimage\",\"url\":\"https:\\\/\\\/relaisgourmet.com\\\/wp-content\\\/uploads\\\/2026\\\/03\\\/Pelle.png\",\"contentUrl\":\"https:\\\/\\\/relaisgourmet.com\\\/wp-content\\\/uploads\\\/2026\\\/03\\\/Pelle.png\",\"width\":1000,\"height\":1000},{\"@type\":\"BreadcrumbList\",\"@id\":\"https:\\\/\\\/relaisgourmet.com\\\/de\\\/produkt\\\/schaufel-fuer-leberpastete\\\/#breadcrumb\",\"itemListElement\":[{\"@type\":\"ListItem\",\"position\":1,\"name\":\"Startseite\",\"item\":\"https:\\\/\\\/relaisgourmet.com\\\/de\\\/startseite\\\/\"},{\"@type\":\"ListItem\",\"position\":2,\"name\":\"Alle unsere Produkte\",\"item\":\"https:\\\/\\\/relaisgourmet.com\\\/de\\\/shop\\\/\"},{\"@type\":\"ListItem\",\"position\":3,\"name\":\"Schaufel f\u00fcr Leberpastete\"}]},{\"@type\":\"WebSite\",\"@id\":\"https:\\\/\\\/relaisgourmet.com\\\/de\\\/#website\",\"url\":\"https:\\\/\\\/relaisgourmet.com\\\/de\\\/\",\"name\":\"Relais Gourmet\",\"description\":\"Foie Gras 100% Fran\u00e7ais\",\"publisher\":{\"@id\":\"https:\\\/\\\/relaisgourmet.com\\\/de\\\/#organization\"},\"potentialAction\":[{\"@type\":\"SearchAction\",\"target\":{\"@type\":\"EntryPoint\",\"urlTemplate\":\"https:\\\/\\\/relaisgourmet.com\\\/de\\\/?s={search_term_string}\"},\"query-input\":{\"@type\":\"PropertyValueSpecification\",\"valueRequired\":true,\"valueName\":\"search_term_string\"}}],\"inLanguage\":\"de\"},{\"@type\":\"Organization\",\"@id\":\"https:\\\/\\\/relaisgourmet.com\\\/de\\\/#organization\",\"name\":\"Relais Gourmet\",\"url\":\"https:\\\/\\\/relaisgourmet.com\\\/de\\\/\",\"logo\":{\"@type\":\"ImageObject\",\"inLanguage\":\"de\",\"@id\":\"https:\\\/\\\/relaisgourmet.com\\\/de\\\/#\\\/schema\\\/logo\\\/image\\\/\",\"url\":\"https:\\\/\\\/relaisgourmet.com\\\/wp-content\\\/uploads\\\/2026\\\/03\\\/yoast-logo-2-relais-gourmet-.png\",\"contentUrl\":\"https:\\\/\\\/relaisgourmet.com\\\/wp-content\\\/uploads\\\/2026\\\/03\\\/yoast-logo-2-relais-gourmet-.png\",\"width\":1200,\"height\":675,\"caption\":\"Relais Gourmet\"},\"image\":{\"@id\":\"https:\\\/\\\/relaisgourmet.com\\\/de\\\/#\\\/schema\\\/logo\\\/image\\\/\"},\"sameAs\":[\"https:\\\/\\\/www.facebook.com\\\/relaisgourmet\\\/\",\"https:\\\/\\\/x.com\\\/relaisgourmet64\",\"https:\\\/\\\/www.instagram.com\\\/relaisgourmetofficiel\",\"https:\\\/\\\/www.pinterest.fr\\\/relaisgourmet\\\/\"],\"email\":\"yaqueche@relaisgourmet.com\",\"telephone\":\"+33 0 5 40 07 07 65\",\"legalName\":\"Relais Gourmet\",\"vatID\":\"FR13482415015\",\"taxID\":\"482415015\"}]}<\/script>\n<!-- \/ Yoast SEO Premium plugin. -->","yoast_head_json":{"title":"Eleganter und pr\u00e4ziser Foie Gras Schaufel | Relais Gourmet","description":"Foie Gras Schaufel: Ein elegantes Accessoire, um Foie Gras sorgf\u00e4ltig zu servieren.","robots":{"index":"index","follow":"follow","max-snippet":"max-snippet:-1","max-image-preview":"max-image-preview:large","max-video-preview":"max-video-preview:-1"},"canonical":"https:\/\/relaisgourmet.com\/de\/produkt\/schaufel-fuer-leberpastete\/","og_locale":"de_DE","og_type":"article","og_title":"Schaufel f\u00fcr Leberpastete","og_description":"Entdecken Sie unsere Schaufel f\u00fcr Leberpastete! Ein unverzichtbares Accessoire, um Ihre Leberpastete zu verfeinern.","og_url":"https:\/\/relaisgourmet.com\/de\/produkt\/schaufel-fuer-leberpastete\/","og_site_name":"Relais Gourmet","article_publisher":"https:\/\/www.facebook.com\/relaisgourmet\/","article_modified_time":"2026-04-01T22:37:47+00:00","og_image":[{"width":1000,"height":1000,"url":"https:\/\/relaisgourmet.com\/wp-content\/uploads\/2026\/03\/Pelle.png","type":"image\/png"}],"twitter_card":"summary_large_image","twitter_site":"@relaisgourmet64","twitter_misc":{"Gesch\u00e4tzte Lesezeit":"1\u00a0Minute"},"schema":{"@context":"https:\/\/schema.org","@graph":[{"@type":"WebPage","@id":"https:\/\/relaisgourmet.com\/de\/produkt\/schaufel-fuer-leberpastete\/","url":"https:\/\/relaisgourmet.com\/de\/produkt\/schaufel-fuer-leberpastete\/","name":"Eleganter und pr\u00e4ziser Foie Gras Schaufel | Relais Gourmet","isPartOf":{"@id":"https:\/\/relaisgourmet.com\/de\/#website"},"primaryImageOfPage":{"@id":"https:\/\/relaisgourmet.com\/de\/produkt\/schaufel-fuer-leberpastete\/#primaryimage"},"image":{"@id":"https:\/\/relaisgourmet.com\/de\/produkt\/schaufel-fuer-leberpastete\/#primaryimage"},"thumbnailUrl":"https:\/\/relaisgourmet.com\/wp-content\/uploads\/2026\/03\/Pelle.png","datePublished":"2026-03-10T12:24:14+00:00","dateModified":"2026-04-01T22:37:47+00:00","description":"Foie Gras Schaufel: Ein elegantes Accessoire, um Foie Gras sorgf\u00e4ltig zu servieren.","breadcrumb":{"@id":"https:\/\/relaisgourmet.com\/de\/produkt\/schaufel-fuer-leberpastete\/#breadcrumb"},"inLanguage":"de","potentialAction":[{"@type":"ReadAction","target":["https:\/\/relaisgourmet.com\/de\/produkt\/schaufel-fuer-leberpastete\/"]}]},{"@type":"ImageObject","inLanguage":"de","@id":"https:\/\/relaisgourmet.com\/de\/produkt\/schaufel-fuer-leberpastete\/#primaryimage","url":"https:\/\/relaisgourmet.com\/wp-content\/uploads\/2026\/03\/Pelle.png","contentUrl":"https:\/\/relaisgourmet.com\/wp-content\/uploads\/2026\/03\/Pelle.png","width":1000,"height":1000},{"@type":"BreadcrumbList","@id":"https:\/\/relaisgourmet.com\/de\/produkt\/schaufel-fuer-leberpastete\/#breadcrumb","itemListElement":[{"@type":"ListItem","position":1,"name":"Startseite","item":"https:\/\/relaisgourmet.com\/de\/startseite\/"},{"@type":"ListItem","position":2,"name":"Alle unsere Produkte","item":"https:\/\/relaisgourmet.com\/de\/shop\/"},{"@type":"ListItem","position":3,"name":"Schaufel f\u00fcr Leberpastete"}]},{"@type":"WebSite","@id":"https:\/\/relaisgourmet.com\/de\/#website","url":"https:\/\/relaisgourmet.com\/de\/","name":"Relais Gourmet","description":"Foie Gras 100% Fran\u00e7ais","publisher":{"@id":"https:\/\/relaisgourmet.com\/de\/#organization"},"potentialAction":[{"@type":"SearchAction","target":{"@type":"EntryPoint","urlTemplate":"https:\/\/relaisgourmet.com\/de\/?s={search_term_string}"},"query-input":{"@type":"PropertyValueSpecification","valueRequired":true,"valueName":"search_term_string"}}],"inLanguage":"de"},{"@type":"Organization","@id":"https:\/\/relaisgourmet.com\/de\/#organization","name":"Relais Gourmet","url":"https:\/\/relaisgourmet.com\/de\/","logo":{"@type":"ImageObject","inLanguage":"de","@id":"https:\/\/relaisgourmet.com\/de\/#\/schema\/logo\/image\/","url":"https:\/\/relaisgourmet.com\/wp-content\/uploads\/2026\/03\/yoast-logo-2-relais-gourmet-.png","contentUrl":"https:\/\/relaisgourmet.com\/wp-content\/uploads\/2026\/03\/yoast-logo-2-relais-gourmet-.png","width":1200,"height":675,"caption":"Relais Gourmet"},"image":{"@id":"https:\/\/relaisgourmet.com\/de\/#\/schema\/logo\/image\/"},"sameAs":["https:\/\/www.facebook.com\/relaisgourmet\/","https:\/\/x.com\/relaisgourmet64","https:\/\/www.instagram.com\/relaisgourmetofficiel","https:\/\/www.pinterest.fr\/relaisgourmet\/"],"email":"yaqueche@relaisgourmet.com","telephone":"+33 0 5 40 07 07 65","legalName":"Relais Gourmet","vatID":"FR13482415015","taxID":"482415015"}]}},"_links":{"self":[{"href":"https:\/\/relaisgourmet.com\/de\/wp-json\/wp\/v2\/product\/67038","targetHints":{"allow":["GET"]}}],"collection":[{"href":"https:\/\/relaisgourmet.com\/de\/wp-json\/wp\/v2\/product"}],"about":[{"href":"https:\/\/relaisgourmet.com\/de\/wp-json\/wp\/v2\/types\/product"}],"replies":[{"embeddable":true,"href":"https:\/\/relaisgourmet.com\/de\/wp-json\/wp\/v2\/comments?post=67038"}],"wp:featuredmedia":[{"embeddable":true,"href":"https:\/\/relaisgourmet.com\/de\/wp-json\/wp\/v2\/media\/67039"}],"wp:attachment":[{"href":"https:\/\/relaisgourmet.com\/de\/wp-json\/wp\/v2\/media?parent=67038"}],"wp:term":[{"taxonomy":"product_brand","embeddable":true,"href":"https:\/\/relaisgourmet.com\/de\/wp-json\/wp\/v2\/product_brand?post=67038"},{"taxonomy":"product_cat","embeddable":true,"href":"https:\/\/relaisgourmet.com\/de\/wp-json\/wp\/v2\/product_cat?post=67038"},{"taxonomy":"product_tag","embeddable":true,"href":"https:\/\/relaisgourmet.com\/de\/wp-json\/wp\/v2\/product_tag?post=67038"},{"taxonomy":"giftcard-category","embeddable":true,"href":"https:\/\/relaisgourmet.com\/de\/wp-json\/wp\/v2\/giftcard-category?post=67038"}],"curies":[{"name":"wp","href":"https:\/\/api.w.org\/{rel}","templated":true}]}}