{"id":66979,"date":"2026-03-10T12:24:11","date_gmt":"2026-03-10T12:24:11","guid":{"rendered":"https:\/\/relaisgourmet.com\/product\/ganze-leberpastete-mit-feinem-kakao\/"},"modified":"2026-04-01T23:20:12","modified_gmt":"2026-04-01T23:20:12","slug":"ganze-leberpastete-mit-feinem-kakao","status":"publish","type":"product","link":"https:\/\/relaisgourmet.com\/de\/produkt\/ganze-leberpastete-mit-feinem-kakao\/","title":{"rendered":"Ganze Leberpastete mit feinem Kakao"},"content":{"rendered":"<p><span style=\"font-weight: 400;\">Entdecken Sie die einzigartige Kombination unserer Leberpastete mit Kakao von den reichen Plantagen in <\/span><strong>Venezuela<\/strong>, <strong>Peru<\/strong>, <strong>Costa Rica<\/strong> und<strong>Ecuador <\/strong>.<span style=\"font-weight: 400;\">Dieser Eintrag bietet ein sensorisches Erlebnis voller Genuss.<\/span><\/p>\n<p>Ideal zum Teilen oder Verschenken bei einem gem\u00fctlichen Essen mit der Familie oder Freunden, um sch\u00f6ne Erinnerungen zu schaffen. Lassen Sie sich von dieser Leberpastete verf\u00fchren <\/p>\n<p><b>Garantiert frei von Konservierungsmitteln, Zusatzstoffen und Farbstoffen.<\/b><span style=\"font-weight: 400;\">.<\/span><\/p>\n<p><b>Zutaten<\/b><span style=\"font-weight: 400;\"> Entenleber, Zartbitterschokolade 100% Kakao (0,1%), Salz, Chili und Zucker.<\/span><\/p>\n<p><b>Aufbewahrung :<\/b><span style=\"font-weight: 400;\"> 3 Jahre bei Raumtemperatur. <\/span><span style=\"font-weight: 400;\">Nach dem \u00d6ffnen innerhalb von 15 Tagen verbrauchen und im K\u00fchlschrank aufbewahren.<\/span><\/p>\n<p><span style=\"font-weight: 400;\">Alle unsere Tipps und Tricks finden Sie in der Rubrik <a href=\"\/?page_id=33969\">Blog<\/a> auf unserer Website und auf unserer <a href=\"https:\/\/www.instagram.com\/relaisgourmetofficiel\/\">Instagram-Seite<\/a>.<\/span><\/p>\n","protected":false},"excerpt":{"rendered":"<p>Entdecken Sie die K\u00fchnheit der ganzen Leberpastete mit Kakao, eine raffinierte Kombination, bei der die Cremigkeit der Leberpastete auf die subtile Bitterkeit des Kakaos trifft. Eine originelle Kreation, um die feinsten Gaumen zu \u00fcberraschen und zu verzaubern. <\/p>\n<p>\ud83c\uddeb\ud83c\uddf7 Garantiert 100% franz\u00f6sische Produktion<br \/>\n\u2714 Garantiert ohne Konservierungsstoffe, Zusatzstoffe und Farbstoffe.<br \/>\n\ud83c\udf43 Mit gelbem Mais gef\u00fctterte Enten<br \/>\n\ud83d\ude9a Schnelle Lieferung weltweit<br \/>\n\ud83d\udd53 3 Jahre haltbar<br \/>\n\ud83d\udd10 Sicheres Bezahlen<\/p>\n","protected":false},"featured_media":66438,"comment_status":"closed","ping_status":"closed","template":"","meta":{"_iconic_wsb_product_page_order_bump_ids":[[66909,64092]],"_sku":["3480000334980"],"_iconic_wsb_product_page_bump_modal_ids":[[]]},"product_brand":[],"product_cat":[1660],"product_tag":[1750,2573,1751,1752,2575,2581,2579,2580,2582,2584,1661,1763,2577,2583,1888],"giftcard-category":[],"class_list":{"0":"post-66979","1":"product","2":"type-product","3":"status-publish","4":"has-post-thumbnail","6":"product_cat-ganze-foie-gras","7":"product_tag-2-teile","8":"product_tag-2573","9":"product_tag-4-5-portionen","10":"product_tag-80g","11":"product_tag-choco","12":"product_tag-foie-gras-choco","13":"product_tag-foie-gras-mit-kakao","14":"product_tag-foie-gras-mit-schokolade","15":"product_tag-foie-gras-schokolade","16":"product_tag-kakao","17":"product_tag-made-in-frankreich","18":"product_tag-originale","19":"product_tag-schokolade","20":"product_tag-subtile-foie-gras","21":"product_tag-ursprunglicher-foie-gras-2","22":"product_shipping_class-tva-5-5","24":"first","25":"instock","26":"taxable","27":"shipping-taxable","28":"purchasable","29":"product-type-variable"},"yoast_head":"<!-- This site is optimized with the Yoast SEO Premium plugin v27.3 (Yoast SEO v27.3) - https:\/\/yoast.com\/product\/yoast-seo-premium-wordpress\/ -->\n<title>Fettige Leber mit Kakao, 200g - Relais Gourmet<\/title>\n<meta name=\"description\" content=\"Leberpastete mit Kakao: ein gewagtes Rezept f\u00fcr Liebhaber schokoladiger S\u00fc\u00dfe.\" \/>\n<meta name=\"robots\" content=\"index, follow, max-snippet:-1, max-image-preview:large, max-video-preview:-1\" \/>\n<link rel=\"canonical\" href=\"https:\/\/relaisgourmet.com\/de\/produkt\/ganze-leberpastete-mit-feinem-kakao\/\" \/>\n<meta property=\"og:locale\" content=\"de_DE\" \/>\n<meta property=\"og:type\" content=\"article\" \/>\n<meta property=\"og:title\" content=\"Ganze Leberpastete mit feinem Kakao\" \/>\n<meta property=\"og:description\" content=\"Entdecken Sie die K\u00fchnheit der ganzen Leberpastete mit Kakao, eine raffinierte Kombination, bei der die Cremigkeit der Leberpastete auf die subtile Bitterkeit des Kakaos trifft. Eine originelle Kreation, um die feinsten Gaumen zu \u00fcberraschen und zu verzaubern.  \ud83c\uddeb\ud83c\uddf7 Garantiert 100% franz\u00f6sische Produktion \u2714 Garantiert ohne Konservierungsstoffe, Zusatzstoffe und Farbstoffe. \ud83c\udf43 Mit gelbem Mais gef\u00fctterte Enten \ud83d\ude9a Schnelle Lieferung weltweit \ud83d\udd53 3 Jahre haltbar \ud83d\udd10 Sicheres Bezahlen\" \/>\n<meta property=\"og:url\" content=\"https:\/\/relaisgourmet.com\/de\/produkt\/ganze-leberpastete-mit-feinem-kakao\/\" \/>\n<meta property=\"og:site_name\" content=\"Relais Gourmet\" \/>\n<meta property=\"article:publisher\" content=\"https:\/\/www.facebook.com\/relaisgourmet\/\" \/>\n<meta property=\"article:modified_time\" content=\"2026-04-01T23:20:12+00:00\" \/>\n<meta property=\"og:image\" content=\"https:\/\/relaisgourmet.com\/wp-content\/uploads\/2026\/03\/Cacao-min.png\" \/>\n\t<meta property=\"og:image:width\" content=\"1000\" \/>\n\t<meta property=\"og:image:height\" content=\"1000\" \/>\n\t<meta property=\"og:image:type\" content=\"image\/png\" \/>\n<meta name=\"twitter:card\" content=\"summary_large_image\" \/>\n<meta name=\"twitter:site\" content=\"@relaisgourmet64\" \/>\n<meta name=\"twitter:label1\" content=\"Gesch\u00e4tzte Lesezeit\" \/>\n\t<meta name=\"twitter:data1\" content=\"1\u00a0Minute\" \/>\n<script type=\"application\/ld+json\" class=\"yoast-schema-graph\">{\"@context\":\"https:\\\/\\\/schema.org\",\"@graph\":[{\"@type\":\"WebPage\",\"@id\":\"https:\\\/\\\/relaisgourmet.com\\\/de\\\/produkt\\\/ganze-leberpastete-mit-feinem-kakao\\\/\",\"url\":\"https:\\\/\\\/relaisgourmet.com\\\/de\\\/produkt\\\/ganze-leberpastete-mit-feinem-kakao\\\/\",\"name\":\"Fettige Leber mit Kakao, 200g - Relais Gourmet\",\"isPartOf\":{\"@id\":\"https:\\\/\\\/relaisgourmet.com\\\/de\\\/#website\"},\"primaryImageOfPage\":{\"@id\":\"https:\\\/\\\/relaisgourmet.com\\\/de\\\/produkt\\\/ganze-leberpastete-mit-feinem-kakao\\\/#primaryimage\"},\"image\":{\"@id\":\"https:\\\/\\\/relaisgourmet.com\\\/de\\\/produkt\\\/ganze-leberpastete-mit-feinem-kakao\\\/#primaryimage\"},\"thumbnailUrl\":\"https:\\\/\\\/relaisgourmet.com\\\/wp-content\\\/uploads\\\/2026\\\/03\\\/Cacao-min.png\",\"datePublished\":\"2026-03-10T12:24:11+00:00\",\"dateModified\":\"2026-04-01T23:20:12+00:00\",\"description\":\"Leberpastete mit Kakao: ein gewagtes Rezept f\u00fcr Liebhaber schokoladiger S\u00fc\u00dfe.\",\"breadcrumb\":{\"@id\":\"https:\\\/\\\/relaisgourmet.com\\\/de\\\/produkt\\\/ganze-leberpastete-mit-feinem-kakao\\\/#breadcrumb\"},\"inLanguage\":\"de\",\"potentialAction\":[{\"@type\":\"ReadAction\",\"target\":[\"https:\\\/\\\/relaisgourmet.com\\\/de\\\/produkt\\\/ganze-leberpastete-mit-feinem-kakao\\\/\"]}]},{\"@type\":\"ImageObject\",\"inLanguage\":\"de\",\"@id\":\"https:\\\/\\\/relaisgourmet.com\\\/de\\\/produkt\\\/ganze-leberpastete-mit-feinem-kakao\\\/#primaryimage\",\"url\":\"https:\\\/\\\/relaisgourmet.com\\\/wp-content\\\/uploads\\\/2026\\\/03\\\/Cacao-min.png\",\"contentUrl\":\"https:\\\/\\\/relaisgourmet.com\\\/wp-content\\\/uploads\\\/2026\\\/03\\\/Cacao-min.png\",\"width\":1000,\"height\":1000},{\"@type\":\"BreadcrumbList\",\"@id\":\"https:\\\/\\\/relaisgourmet.com\\\/de\\\/produkt\\\/ganze-leberpastete-mit-feinem-kakao\\\/#breadcrumb\",\"itemListElement\":[{\"@type\":\"ListItem\",\"position\":1,\"name\":\"Startseite\",\"item\":\"https:\\\/\\\/relaisgourmet.com\\\/de\\\/startseite\\\/\"},{\"@type\":\"ListItem\",\"position\":2,\"name\":\"Alle unsere Produkte\",\"item\":\"https:\\\/\\\/relaisgourmet.com\\\/de\\\/shop\\\/\"},{\"@type\":\"ListItem\",\"position\":3,\"name\":\"Ganze Leberpastete mit feinem Kakao\"}]},{\"@type\":\"WebSite\",\"@id\":\"https:\\\/\\\/relaisgourmet.com\\\/de\\\/#website\",\"url\":\"https:\\\/\\\/relaisgourmet.com\\\/de\\\/\",\"name\":\"Relais Gourmet\",\"description\":\"Foie Gras 100% Fran\u00e7ais\",\"publisher\":{\"@id\":\"https:\\\/\\\/relaisgourmet.com\\\/de\\\/#organization\"},\"potentialAction\":[{\"@type\":\"SearchAction\",\"target\":{\"@type\":\"EntryPoint\",\"urlTemplate\":\"https:\\\/\\\/relaisgourmet.com\\\/de\\\/?s={search_term_string}\"},\"query-input\":{\"@type\":\"PropertyValueSpecification\",\"valueRequired\":true,\"valueName\":\"search_term_string\"}}],\"inLanguage\":\"de\"},{\"@type\":\"Organization\",\"@id\":\"https:\\\/\\\/relaisgourmet.com\\\/de\\\/#organization\",\"name\":\"Relais Gourmet\",\"url\":\"https:\\\/\\\/relaisgourmet.com\\\/de\\\/\",\"logo\":{\"@type\":\"ImageObject\",\"inLanguage\":\"de\",\"@id\":\"https:\\\/\\\/relaisgourmet.com\\\/de\\\/#\\\/schema\\\/logo\\\/image\\\/\",\"url\":\"https:\\\/\\\/relaisgourmet.com\\\/wp-content\\\/uploads\\\/2026\\\/03\\\/yoast-logo-2-relais-gourmet-.png\",\"contentUrl\":\"https:\\\/\\\/relaisgourmet.com\\\/wp-content\\\/uploads\\\/2026\\\/03\\\/yoast-logo-2-relais-gourmet-.png\",\"width\":1200,\"height\":675,\"caption\":\"Relais Gourmet\"},\"image\":{\"@id\":\"https:\\\/\\\/relaisgourmet.com\\\/de\\\/#\\\/schema\\\/logo\\\/image\\\/\"},\"sameAs\":[\"https:\\\/\\\/www.facebook.com\\\/relaisgourmet\\\/\",\"https:\\\/\\\/x.com\\\/relaisgourmet64\",\"https:\\\/\\\/www.instagram.com\\\/relaisgourmetofficiel\",\"https:\\\/\\\/www.pinterest.fr\\\/relaisgourmet\\\/\"],\"email\":\"yaqueche@relaisgourmet.com\",\"telephone\":\"+33 0 5 40 07 07 65\",\"legalName\":\"Relais Gourmet\",\"vatID\":\"FR13482415015\",\"taxID\":\"482415015\"}]}<\/script>\n<!-- \/ Yoast SEO Premium plugin. -->","yoast_head_json":{"title":"Fettige Leber mit Kakao, 200g - Relais Gourmet","description":"Leberpastete mit Kakao: ein gewagtes Rezept f\u00fcr Liebhaber schokoladiger S\u00fc\u00dfe.","robots":{"index":"index","follow":"follow","max-snippet":"max-snippet:-1","max-image-preview":"max-image-preview:large","max-video-preview":"max-video-preview:-1"},"canonical":"https:\/\/relaisgourmet.com\/de\/produkt\/ganze-leberpastete-mit-feinem-kakao\/","og_locale":"de_DE","og_type":"article","og_title":"Ganze Leberpastete mit feinem Kakao","og_description":"Entdecken Sie die K\u00fchnheit der ganzen Leberpastete mit Kakao, eine raffinierte Kombination, bei der die Cremigkeit der Leberpastete auf die subtile Bitterkeit des Kakaos trifft. Eine originelle Kreation, um die feinsten Gaumen zu \u00fcberraschen und zu verzaubern.  \ud83c\uddeb\ud83c\uddf7 Garantiert 100% franz\u00f6sische Produktion \u2714 Garantiert ohne Konservierungsstoffe, Zusatzstoffe und Farbstoffe. \ud83c\udf43 Mit gelbem Mais gef\u00fctterte Enten \ud83d\ude9a Schnelle Lieferung weltweit \ud83d\udd53 3 Jahre haltbar \ud83d\udd10 Sicheres Bezahlen","og_url":"https:\/\/relaisgourmet.com\/de\/produkt\/ganze-leberpastete-mit-feinem-kakao\/","og_site_name":"Relais Gourmet","article_publisher":"https:\/\/www.facebook.com\/relaisgourmet\/","article_modified_time":"2026-04-01T23:20:12+00:00","og_image":[{"width":1000,"height":1000,"url":"https:\/\/relaisgourmet.com\/wp-content\/uploads\/2026\/03\/Cacao-min.png","type":"image\/png"}],"twitter_card":"summary_large_image","twitter_site":"@relaisgourmet64","twitter_misc":{"Gesch\u00e4tzte Lesezeit":"1\u00a0Minute"},"schema":{"@context":"https:\/\/schema.org","@graph":[{"@type":"WebPage","@id":"https:\/\/relaisgourmet.com\/de\/produkt\/ganze-leberpastete-mit-feinem-kakao\/","url":"https:\/\/relaisgourmet.com\/de\/produkt\/ganze-leberpastete-mit-feinem-kakao\/","name":"Fettige Leber mit Kakao, 200g - Relais Gourmet","isPartOf":{"@id":"https:\/\/relaisgourmet.com\/de\/#website"},"primaryImageOfPage":{"@id":"https:\/\/relaisgourmet.com\/de\/produkt\/ganze-leberpastete-mit-feinem-kakao\/#primaryimage"},"image":{"@id":"https:\/\/relaisgourmet.com\/de\/produkt\/ganze-leberpastete-mit-feinem-kakao\/#primaryimage"},"thumbnailUrl":"https:\/\/relaisgourmet.com\/wp-content\/uploads\/2026\/03\/Cacao-min.png","datePublished":"2026-03-10T12:24:11+00:00","dateModified":"2026-04-01T23:20:12+00:00","description":"Leberpastete mit Kakao: ein gewagtes Rezept f\u00fcr Liebhaber schokoladiger S\u00fc\u00dfe.","breadcrumb":{"@id":"https:\/\/relaisgourmet.com\/de\/produkt\/ganze-leberpastete-mit-feinem-kakao\/#breadcrumb"},"inLanguage":"de","potentialAction":[{"@type":"ReadAction","target":["https:\/\/relaisgourmet.com\/de\/produkt\/ganze-leberpastete-mit-feinem-kakao\/"]}]},{"@type":"ImageObject","inLanguage":"de","@id":"https:\/\/relaisgourmet.com\/de\/produkt\/ganze-leberpastete-mit-feinem-kakao\/#primaryimage","url":"https:\/\/relaisgourmet.com\/wp-content\/uploads\/2026\/03\/Cacao-min.png","contentUrl":"https:\/\/relaisgourmet.com\/wp-content\/uploads\/2026\/03\/Cacao-min.png","width":1000,"height":1000},{"@type":"BreadcrumbList","@id":"https:\/\/relaisgourmet.com\/de\/produkt\/ganze-leberpastete-mit-feinem-kakao\/#breadcrumb","itemListElement":[{"@type":"ListItem","position":1,"name":"Startseite","item":"https:\/\/relaisgourmet.com\/de\/startseite\/"},{"@type":"ListItem","position":2,"name":"Alle unsere Produkte","item":"https:\/\/relaisgourmet.com\/de\/shop\/"},{"@type":"ListItem","position":3,"name":"Ganze Leberpastete mit feinem Kakao"}]},{"@type":"WebSite","@id":"https:\/\/relaisgourmet.com\/de\/#website","url":"https:\/\/relaisgourmet.com\/de\/","name":"Relais Gourmet","description":"Foie Gras 100% Fran\u00e7ais","publisher":{"@id":"https:\/\/relaisgourmet.com\/de\/#organization"},"potentialAction":[{"@type":"SearchAction","target":{"@type":"EntryPoint","urlTemplate":"https:\/\/relaisgourmet.com\/de\/?s={search_term_string}"},"query-input":{"@type":"PropertyValueSpecification","valueRequired":true,"valueName":"search_term_string"}}],"inLanguage":"de"},{"@type":"Organization","@id":"https:\/\/relaisgourmet.com\/de\/#organization","name":"Relais Gourmet","url":"https:\/\/relaisgourmet.com\/de\/","logo":{"@type":"ImageObject","inLanguage":"de","@id":"https:\/\/relaisgourmet.com\/de\/#\/schema\/logo\/image\/","url":"https:\/\/relaisgourmet.com\/wp-content\/uploads\/2026\/03\/yoast-logo-2-relais-gourmet-.png","contentUrl":"https:\/\/relaisgourmet.com\/wp-content\/uploads\/2026\/03\/yoast-logo-2-relais-gourmet-.png","width":1200,"height":675,"caption":"Relais Gourmet"},"image":{"@id":"https:\/\/relaisgourmet.com\/de\/#\/schema\/logo\/image\/"},"sameAs":["https:\/\/www.facebook.com\/relaisgourmet\/","https:\/\/x.com\/relaisgourmet64","https:\/\/www.instagram.com\/relaisgourmetofficiel","https:\/\/www.pinterest.fr\/relaisgourmet\/"],"email":"yaqueche@relaisgourmet.com","telephone":"+33 0 5 40 07 07 65","legalName":"Relais Gourmet","vatID":"FR13482415015","taxID":"482415015"}]}},"_links":{"self":[{"href":"https:\/\/relaisgourmet.com\/de\/wp-json\/wp\/v2\/product\/66979","targetHints":{"allow":["GET"]}}],"collection":[{"href":"https:\/\/relaisgourmet.com\/de\/wp-json\/wp\/v2\/product"}],"about":[{"href":"https:\/\/relaisgourmet.com\/de\/wp-json\/wp\/v2\/types\/product"}],"replies":[{"embeddable":true,"href":"https:\/\/relaisgourmet.com\/de\/wp-json\/wp\/v2\/comments?post=66979"}],"wp:featuredmedia":[{"embeddable":true,"href":"https:\/\/relaisgourmet.com\/de\/wp-json\/wp\/v2\/media\/66438"}],"wp:attachment":[{"href":"https:\/\/relaisgourmet.com\/de\/wp-json\/wp\/v2\/media?parent=66979"}],"wp:term":[{"taxonomy":"product_brand","embeddable":true,"href":"https:\/\/relaisgourmet.com\/de\/wp-json\/wp\/v2\/product_brand?post=66979"},{"taxonomy":"product_cat","embeddable":true,"href":"https:\/\/relaisgourmet.com\/de\/wp-json\/wp\/v2\/product_cat?post=66979"},{"taxonomy":"product_tag","embeddable":true,"href":"https:\/\/relaisgourmet.com\/de\/wp-json\/wp\/v2\/product_tag?post=66979"},{"taxonomy":"giftcard-category","embeddable":true,"href":"https:\/\/relaisgourmet.com\/de\/wp-json\/wp\/v2\/giftcard-category?post=66979"}],"curies":[{"name":"wp","href":"https:\/\/api.w.org\/{rel}","templated":true}]}}