{"id":66930,"date":"2026-03-10T12:24:07","date_gmt":"2026-03-10T12:24:07","guid":{"rendered":"https:\/\/relaisgourmet.com\/product\/gourmet-aperitif-mit-kandierten-orangenschalen\/"},"modified":"2026-04-01T22:35:35","modified_gmt":"2026-04-01T22:35:35","slug":"gourmet-aperitif-mit-kandierten-orangenschalen","status":"publish","type":"product","link":"https:\/\/relaisgourmet.com\/de\/produkt\/gourmet-aperitif-mit-kandierten-orangenschalen\/","title":{"rendered":"Gourmet-Aperitif mit kandierten Orangenschalen"},"content":{"rendered":"<p><span style=\"font-weight: 400;\">Dieser Gourmet-Aperitif mit Orangenschalen zeichnet sich aus durch seine <\/span><b>Er zeichnet sich durch seinen handwerklichen Charakter aus.<\/b><span style=\"font-weight: 400;\">Es handelt sich um einen Aperitif, bei dem die Orangenschalen verwendet werden.<\/span> <b>Die Orangenschale wird in der Mitte der Schale verarbeitet.<\/b><span style=\"font-weight: 400;\">Die Orangenschale wird sorgf\u00e4ltig ausgew\u00e4hlt und perfekt kandiert. Mit seinem feinen Geschmack <\/span><b>intensivem Geschmack<\/b><span style=\"font-weight: 400;\"> und ihrer fruchtigen Sch\u00e4rfe ist die Orange ein Genuss. <\/span><b>subtiler S\u00fc\u00dfe<\/b><span style=\"font-weight: 400;\">Die Texturen verf\u00fchren den Gaumen und bieten ein unvergleichliches sensorisches Erlebnis. Entdecken Sie unseren Gourmet-Aperitif mit Orangenschalen.<\/span><\/p>\n<p><b>Garantiert frei von Konservierungsmitteln, Zusatzstoffen und Farbstoffen.<\/b><\/p>\n<p><b>Zutaten:<\/b><span style=\"font-weight: 400;\"> Entenfleisch, Schweinehals, Gefl\u00fcgelleber, Eier, kandierte Orangenschalen (4,7%), Salz, nat\u00fcrliches Orangenaroma, Pfeffer.<\/span><\/p>\n<p><b>Keller:<\/b><span style=\"font-weight: 400;\"> 3 Jahre bei Zimmertemperatur. <\/span><span style=\"font-weight: 400;\">Nach dem \u00d6ffnen verzehre es innerhalb von 15 Tagen und lagere es im K\u00fchlschrank.<\/span><\/p>\n<p>Alle unsere Tipps und Tricks zur Vorbereitung finden Sie im <a href=\"\/?page_id=33969\">Blog-Bereich<\/a> sowie auf unserer <a href=\"https:\/\/www.instagram.com\/relaisgourmetofficiel\/\">Instagram-Seite<\/a>.<\/p>\n","protected":false},"excerpt":{"rendered":"<p>Ein streichf\u00e4higer Aperitif, der die Essenz von Tradition und Geschmack einf\u00e4ngt.<\/p>\n<p><img decoding=\"async\" class=\"emoji\" role=\"img\" src=\"https:\/\/s.w.org\/images\/core\/emoji\/15.0.3\/svg\/1f1eb-1f1f7.svg\" alt=\"\ud83c\uddeb\ud83c\uddf7\"> Garantiert 100% franz\u00f6sische Produktion<br \/>\n\u2714 Garantiert ohne Konservierungsstoffe, Zusatzstoffe und Farbstoffe.<br \/>\n\ud83c\udf43 Mit gelbem Mais gef\u00fctterte Enten<br \/>\n\ud83d\ude9a Schnelle Lieferung weltweit<br \/>\n\ud83d\udd53 3 Jahre haltbar<br \/>\n\ud83d\udd10 Sichere Zahlung<\/p>\n<p>Gewicht: 180g<\/p>\n","protected":false},"featured_media":66932,"comment_status":"closed","ping_status":"closed","template":"","meta":{"_iconic_wsb_product_page_order_bump_ids":[],"_sku":["sku23"],"_iconic_wsb_product_page_bump_modal_ids":[]},"product_brand":[],"product_cat":[1676],"product_tag":[1809,1751,2464,2466,1661,2465,2468,2469,2467],"giftcard-category":[],"class_list":{"0":"post-66930","1":"product","2":"type-product","3":"status-publish","4":"has-post-thumbnail","6":"product_cat-aperitife-mit-brotaufstrich","7":"product_tag-180g","8":"product_tag-4-5-portionen","9":"product_tag-aperitif-mit-orangen","10":"product_tag-kandierte-orangen","11":"product_tag-made-in-frankreich","12":"product_tag-orangen","13":"product_tag-orangen-terrine","14":"product_tag-orangenglas","15":"product_tag-orangenpastete","16":"product_shipping_class-tva-5-5","18":"first","19":"instock","20":"taxable","21":"shipping-taxable","22":"purchasable","23":"product-type-simple"},"yoast_head":"<!-- This site is optimized with the Yoast SEO Premium plugin v27.3 (Yoast SEO v27.3) - https:\/\/yoast.com\/product\/yoast-seo-premium-wordpress\/ -->\n<title>Gourmet Aperitif mit Orangenschalen 180g - Relais Gourmet<\/title>\n<meta name=\"description\" content=\"Gourmet-Aperitif mit kandierten Orangenschalen: eine raffinierte s\u00fc\u00df-salzige Kombination.\" \/>\n<meta name=\"robots\" content=\"index, follow, max-snippet:-1, max-image-preview:large, max-video-preview:-1\" \/>\n<link rel=\"canonical\" href=\"https:\/\/relaisgourmet.com\/de\/produkt\/gourmet-aperitif-mit-kandierten-orangenschalen\/\" \/>\n<meta property=\"og:locale\" content=\"de_DE\" \/>\n<meta property=\"og:type\" content=\"article\" \/>\n<meta property=\"og:title\" content=\"Gourmet-Aperitif mit kandierten Orangenschalen\" \/>\n<meta property=\"og:description\" content=\"Ein streichf\u00e4higer Aperitif, der die Essenz von Tradition und Geschmack einf\u00e4ngt.  Garantiert 100% franz\u00f6sische Produktion \u2714 Garantiert ohne Konservierungsstoffe, Zusatzstoffe und Farbstoffe. \ud83c\udf43 Mit gelbem Mais gef\u00fctterte Enten \ud83d\ude9a Schnelle Lieferung weltweit \ud83d\udd53 3 Jahre haltbar \ud83d\udd10 Sichere Zahlung Gewicht: 180g\" \/>\n<meta property=\"og:url\" content=\"https:\/\/relaisgourmet.com\/de\/produkt\/gourmet-aperitif-mit-kandierten-orangenschalen\/\" \/>\n<meta property=\"og:site_name\" content=\"Relais Gourmet\" \/>\n<meta property=\"article:publisher\" content=\"https:\/\/www.facebook.com\/relaisgourmet\/\" \/>\n<meta property=\"article:modified_time\" content=\"2026-04-01T22:35:35+00:00\" \/>\n<meta property=\"og:image\" content=\"https:\/\/relaisgourmet.com\/wp-content\/uploads\/2026\/03\/Apero-Orange-min.png\" \/>\n\t<meta property=\"og:image:width\" content=\"1000\" \/>\n\t<meta property=\"og:image:height\" content=\"1000\" \/>\n\t<meta property=\"og:image:type\" content=\"image\/png\" \/>\n<meta name=\"twitter:card\" content=\"summary_large_image\" \/>\n<meta name=\"twitter:site\" content=\"@relaisgourmet64\" \/>\n<meta name=\"twitter:label1\" content=\"Gesch\u00e4tzte Lesezeit\" \/>\n\t<meta name=\"twitter:data1\" content=\"1\u00a0Minute\" \/>\n<script type=\"application\/ld+json\" class=\"yoast-schema-graph\">{\"@context\":\"https:\\\/\\\/schema.org\",\"@graph\":[{\"@type\":\"WebPage\",\"@id\":\"https:\\\/\\\/relaisgourmet.com\\\/de\\\/produkt\\\/gourmet-aperitif-mit-kandierten-orangenschalen\\\/\",\"url\":\"https:\\\/\\\/relaisgourmet.com\\\/de\\\/produkt\\\/gourmet-aperitif-mit-kandierten-orangenschalen\\\/\",\"name\":\"Gourmet Aperitif mit Orangenschalen 180g - Relais Gourmet\",\"isPartOf\":{\"@id\":\"https:\\\/\\\/relaisgourmet.com\\\/de\\\/#website\"},\"primaryImageOfPage\":{\"@id\":\"https:\\\/\\\/relaisgourmet.com\\\/de\\\/produkt\\\/gourmet-aperitif-mit-kandierten-orangenschalen\\\/#primaryimage\"},\"image\":{\"@id\":\"https:\\\/\\\/relaisgourmet.com\\\/de\\\/produkt\\\/gourmet-aperitif-mit-kandierten-orangenschalen\\\/#primaryimage\"},\"thumbnailUrl\":\"https:\\\/\\\/relaisgourmet.com\\\/wp-content\\\/uploads\\\/2026\\\/03\\\/Apero-Orange-min.png\",\"datePublished\":\"2026-03-10T12:24:07+00:00\",\"dateModified\":\"2026-04-01T22:35:35+00:00\",\"description\":\"Gourmet-Aperitif mit kandierten Orangenschalen: eine raffinierte s\u00fc\u00df-salzige Kombination.\",\"breadcrumb\":{\"@id\":\"https:\\\/\\\/relaisgourmet.com\\\/de\\\/produkt\\\/gourmet-aperitif-mit-kandierten-orangenschalen\\\/#breadcrumb\"},\"inLanguage\":\"de\",\"potentialAction\":[{\"@type\":\"ReadAction\",\"target\":[\"https:\\\/\\\/relaisgourmet.com\\\/de\\\/produkt\\\/gourmet-aperitif-mit-kandierten-orangenschalen\\\/\"]}]},{\"@type\":\"ImageObject\",\"inLanguage\":\"de\",\"@id\":\"https:\\\/\\\/relaisgourmet.com\\\/de\\\/produkt\\\/gourmet-aperitif-mit-kandierten-orangenschalen\\\/#primaryimage\",\"url\":\"https:\\\/\\\/relaisgourmet.com\\\/wp-content\\\/uploads\\\/2026\\\/03\\\/Apero-Orange-min.png\",\"contentUrl\":\"https:\\\/\\\/relaisgourmet.com\\\/wp-content\\\/uploads\\\/2026\\\/03\\\/Apero-Orange-min.png\",\"width\":1000,\"height\":1000},{\"@type\":\"BreadcrumbList\",\"@id\":\"https:\\\/\\\/relaisgourmet.com\\\/de\\\/produkt\\\/gourmet-aperitif-mit-kandierten-orangenschalen\\\/#breadcrumb\",\"itemListElement\":[{\"@type\":\"ListItem\",\"position\":1,\"name\":\"Startseite\",\"item\":\"https:\\\/\\\/relaisgourmet.com\\\/de\\\/startseite\\\/\"},{\"@type\":\"ListItem\",\"position\":2,\"name\":\"Alle unsere Produkte\",\"item\":\"https:\\\/\\\/relaisgourmet.com\\\/de\\\/shop\\\/\"},{\"@type\":\"ListItem\",\"position\":3,\"name\":\"Gourmet-Aperitif mit kandierten Orangenschalen\"}]},{\"@type\":\"WebSite\",\"@id\":\"https:\\\/\\\/relaisgourmet.com\\\/de\\\/#website\",\"url\":\"https:\\\/\\\/relaisgourmet.com\\\/de\\\/\",\"name\":\"Relais Gourmet\",\"description\":\"Foie Gras 100% Fran\u00e7ais\",\"publisher\":{\"@id\":\"https:\\\/\\\/relaisgourmet.com\\\/de\\\/#organization\"},\"potentialAction\":[{\"@type\":\"SearchAction\",\"target\":{\"@type\":\"EntryPoint\",\"urlTemplate\":\"https:\\\/\\\/relaisgourmet.com\\\/de\\\/?s={search_term_string}\"},\"query-input\":{\"@type\":\"PropertyValueSpecification\",\"valueRequired\":true,\"valueName\":\"search_term_string\"}}],\"inLanguage\":\"de\"},{\"@type\":\"Organization\",\"@id\":\"https:\\\/\\\/relaisgourmet.com\\\/de\\\/#organization\",\"name\":\"Relais Gourmet\",\"url\":\"https:\\\/\\\/relaisgourmet.com\\\/de\\\/\",\"logo\":{\"@type\":\"ImageObject\",\"inLanguage\":\"de\",\"@id\":\"https:\\\/\\\/relaisgourmet.com\\\/de\\\/#\\\/schema\\\/logo\\\/image\\\/\",\"url\":\"https:\\\/\\\/relaisgourmet.com\\\/wp-content\\\/uploads\\\/2026\\\/03\\\/yoast-logo-2-relais-gourmet-.png\",\"contentUrl\":\"https:\\\/\\\/relaisgourmet.com\\\/wp-content\\\/uploads\\\/2026\\\/03\\\/yoast-logo-2-relais-gourmet-.png\",\"width\":1200,\"height\":675,\"caption\":\"Relais Gourmet\"},\"image\":{\"@id\":\"https:\\\/\\\/relaisgourmet.com\\\/de\\\/#\\\/schema\\\/logo\\\/image\\\/\"},\"sameAs\":[\"https:\\\/\\\/www.facebook.com\\\/relaisgourmet\\\/\",\"https:\\\/\\\/x.com\\\/relaisgourmet64\",\"https:\\\/\\\/www.instagram.com\\\/relaisgourmetofficiel\",\"https:\\\/\\\/www.pinterest.fr\\\/relaisgourmet\\\/\"],\"email\":\"yaqueche@relaisgourmet.com\",\"telephone\":\"+33 0 5 40 07 07 65\",\"legalName\":\"Relais Gourmet\",\"vatID\":\"FR13482415015\",\"taxID\":\"482415015\"}]}<\/script>\n<!-- \/ Yoast SEO Premium plugin. -->","yoast_head_json":{"title":"Gourmet Aperitif mit Orangenschalen 180g - Relais Gourmet","description":"Gourmet-Aperitif mit kandierten Orangenschalen: eine raffinierte s\u00fc\u00df-salzige Kombination.","robots":{"index":"index","follow":"follow","max-snippet":"max-snippet:-1","max-image-preview":"max-image-preview:large","max-video-preview":"max-video-preview:-1"},"canonical":"https:\/\/relaisgourmet.com\/de\/produkt\/gourmet-aperitif-mit-kandierten-orangenschalen\/","og_locale":"de_DE","og_type":"article","og_title":"Gourmet-Aperitif mit kandierten Orangenschalen","og_description":"Ein streichf\u00e4higer Aperitif, der die Essenz von Tradition und Geschmack einf\u00e4ngt.  Garantiert 100% franz\u00f6sische Produktion \u2714 Garantiert ohne Konservierungsstoffe, Zusatzstoffe und Farbstoffe. \ud83c\udf43 Mit gelbem Mais gef\u00fctterte Enten \ud83d\ude9a Schnelle Lieferung weltweit \ud83d\udd53 3 Jahre haltbar \ud83d\udd10 Sichere Zahlung Gewicht: 180g","og_url":"https:\/\/relaisgourmet.com\/de\/produkt\/gourmet-aperitif-mit-kandierten-orangenschalen\/","og_site_name":"Relais Gourmet","article_publisher":"https:\/\/www.facebook.com\/relaisgourmet\/","article_modified_time":"2026-04-01T22:35:35+00:00","og_image":[{"width":1000,"height":1000,"url":"https:\/\/relaisgourmet.com\/wp-content\/uploads\/2026\/03\/Apero-Orange-min.png","type":"image\/png"}],"twitter_card":"summary_large_image","twitter_site":"@relaisgourmet64","twitter_misc":{"Gesch\u00e4tzte Lesezeit":"1\u00a0Minute"},"schema":{"@context":"https:\/\/schema.org","@graph":[{"@type":"WebPage","@id":"https:\/\/relaisgourmet.com\/de\/produkt\/gourmet-aperitif-mit-kandierten-orangenschalen\/","url":"https:\/\/relaisgourmet.com\/de\/produkt\/gourmet-aperitif-mit-kandierten-orangenschalen\/","name":"Gourmet Aperitif mit Orangenschalen 180g - Relais Gourmet","isPartOf":{"@id":"https:\/\/relaisgourmet.com\/de\/#website"},"primaryImageOfPage":{"@id":"https:\/\/relaisgourmet.com\/de\/produkt\/gourmet-aperitif-mit-kandierten-orangenschalen\/#primaryimage"},"image":{"@id":"https:\/\/relaisgourmet.com\/de\/produkt\/gourmet-aperitif-mit-kandierten-orangenschalen\/#primaryimage"},"thumbnailUrl":"https:\/\/relaisgourmet.com\/wp-content\/uploads\/2026\/03\/Apero-Orange-min.png","datePublished":"2026-03-10T12:24:07+00:00","dateModified":"2026-04-01T22:35:35+00:00","description":"Gourmet-Aperitif mit kandierten Orangenschalen: eine raffinierte s\u00fc\u00df-salzige Kombination.","breadcrumb":{"@id":"https:\/\/relaisgourmet.com\/de\/produkt\/gourmet-aperitif-mit-kandierten-orangenschalen\/#breadcrumb"},"inLanguage":"de","potentialAction":[{"@type":"ReadAction","target":["https:\/\/relaisgourmet.com\/de\/produkt\/gourmet-aperitif-mit-kandierten-orangenschalen\/"]}]},{"@type":"ImageObject","inLanguage":"de","@id":"https:\/\/relaisgourmet.com\/de\/produkt\/gourmet-aperitif-mit-kandierten-orangenschalen\/#primaryimage","url":"https:\/\/relaisgourmet.com\/wp-content\/uploads\/2026\/03\/Apero-Orange-min.png","contentUrl":"https:\/\/relaisgourmet.com\/wp-content\/uploads\/2026\/03\/Apero-Orange-min.png","width":1000,"height":1000},{"@type":"BreadcrumbList","@id":"https:\/\/relaisgourmet.com\/de\/produkt\/gourmet-aperitif-mit-kandierten-orangenschalen\/#breadcrumb","itemListElement":[{"@type":"ListItem","position":1,"name":"Startseite","item":"https:\/\/relaisgourmet.com\/de\/startseite\/"},{"@type":"ListItem","position":2,"name":"Alle unsere Produkte","item":"https:\/\/relaisgourmet.com\/de\/shop\/"},{"@type":"ListItem","position":3,"name":"Gourmet-Aperitif mit kandierten Orangenschalen"}]},{"@type":"WebSite","@id":"https:\/\/relaisgourmet.com\/de\/#website","url":"https:\/\/relaisgourmet.com\/de\/","name":"Relais Gourmet","description":"Foie Gras 100% Fran\u00e7ais","publisher":{"@id":"https:\/\/relaisgourmet.com\/de\/#organization"},"potentialAction":[{"@type":"SearchAction","target":{"@type":"EntryPoint","urlTemplate":"https:\/\/relaisgourmet.com\/de\/?s={search_term_string}"},"query-input":{"@type":"PropertyValueSpecification","valueRequired":true,"valueName":"search_term_string"}}],"inLanguage":"de"},{"@type":"Organization","@id":"https:\/\/relaisgourmet.com\/de\/#organization","name":"Relais Gourmet","url":"https:\/\/relaisgourmet.com\/de\/","logo":{"@type":"ImageObject","inLanguage":"de","@id":"https:\/\/relaisgourmet.com\/de\/#\/schema\/logo\/image\/","url":"https:\/\/relaisgourmet.com\/wp-content\/uploads\/2026\/03\/yoast-logo-2-relais-gourmet-.png","contentUrl":"https:\/\/relaisgourmet.com\/wp-content\/uploads\/2026\/03\/yoast-logo-2-relais-gourmet-.png","width":1200,"height":675,"caption":"Relais Gourmet"},"image":{"@id":"https:\/\/relaisgourmet.com\/de\/#\/schema\/logo\/image\/"},"sameAs":["https:\/\/www.facebook.com\/relaisgourmet\/","https:\/\/x.com\/relaisgourmet64","https:\/\/www.instagram.com\/relaisgourmetofficiel","https:\/\/www.pinterest.fr\/relaisgourmet\/"],"email":"yaqueche@relaisgourmet.com","telephone":"+33 0 5 40 07 07 65","legalName":"Relais Gourmet","vatID":"FR13482415015","taxID":"482415015"}]}},"_links":{"self":[{"href":"https:\/\/relaisgourmet.com\/de\/wp-json\/wp\/v2\/product\/66930","targetHints":{"allow":["GET"]}}],"collection":[{"href":"https:\/\/relaisgourmet.com\/de\/wp-json\/wp\/v2\/product"}],"about":[{"href":"https:\/\/relaisgourmet.com\/de\/wp-json\/wp\/v2\/types\/product"}],"replies":[{"embeddable":true,"href":"https:\/\/relaisgourmet.com\/de\/wp-json\/wp\/v2\/comments?post=66930"}],"wp:featuredmedia":[{"embeddable":true,"href":"https:\/\/relaisgourmet.com\/de\/wp-json\/wp\/v2\/media\/66932"}],"wp:attachment":[{"href":"https:\/\/relaisgourmet.com\/de\/wp-json\/wp\/v2\/media?parent=66930"}],"wp:term":[{"taxonomy":"product_brand","embeddable":true,"href":"https:\/\/relaisgourmet.com\/de\/wp-json\/wp\/v2\/product_brand?post=66930"},{"taxonomy":"product_cat","embeddable":true,"href":"https:\/\/relaisgourmet.com\/de\/wp-json\/wp\/v2\/product_cat?post=66930"},{"taxonomy":"product_tag","embeddable":true,"href":"https:\/\/relaisgourmet.com\/de\/wp-json\/wp\/v2\/product_tag?post=66930"},{"taxonomy":"giftcard-category","embeddable":true,"href":"https:\/\/relaisgourmet.com\/de\/wp-json\/wp\/v2\/giftcard-category?post=66930"}],"curies":[{"name":"wp","href":"https:\/\/api.w.org\/{rel}","templated":true}]}}