{"id":66887,"date":"2026-03-30T15:07:55","date_gmt":"2026-03-30T15:07:55","guid":{"rendered":"https:\/\/relaisgourmet.com\/product\/stellen-sie-ihr-gourmetpaket-mit-original-foies-gras-zusammen\/"},"modified":"2026-04-01T22:35:08","modified_gmt":"2026-04-01T22:35:08","slug":"stellen-sie-ihr-gourmetpaket-mit-original-foies-gras-zusammen","status":"publish","type":"product","link":"https:\/\/relaisgourmet.com\/de\/produkt\/stellen-sie-ihr-gourmetpaket-mit-original-foies-gras-zusammen\/","title":{"rendered":"Stellen Sie Ihr Gourmetpaket mit Original Foies Gras zusammen"},"content":{"rendered":"","protected":false},"excerpt":{"rendered":"<p>Stellen Sie jetzt ein pers\u00f6nliches Geschenkpaket mit unseren <strong>Original Foies Gras<\/strong> zusammen, die nach traditionellen Rezepten mit 100% nat\u00fcrlichen Zutaten aus dem S\u00fcdwesten Frankreichs hergestellt werden.<\/p>\n<p>Es ist ganz <u>einfach:<br \/>\n<\/u>Entdecken Sie authentische und einzigartige Geschmacksrichtungen und w\u00e4hlen Sie aus unseren ganzen G\u00e4nseleberpasteten von 200 g oder 400 g.<br \/>\nBeim Kauf von <strong>4<\/strong> G\u00e4nseleberpasteten erhalten Sie einen <strong>Aperitif<\/strong> im Wert von 12 Euro geschenkt.<\/p>\n<p>Au\u00dferdem ist die <strong>Lieferung<\/strong> f\u00fcr Bestellungen \u00fcber <strong>99 \u20ac<\/strong> <strong>kostenlos<\/strong> <strong>(nur in Frankreich)<\/strong>.<br \/>\nDurchsuchen Sie unsere ganzen Foies gras und stellen Sie sich jetzt Ihr Paket zusammen!<\/p>\n<p><img decoding=\"async\" class=\"emoji\" role=\"img\" draggable=\"false\" src=\"https:\/\/s.w.org\/images\/core\/emoji\/15.0.3\/svg\/1f1eb-1f1f7.svg\" alt=\"\ud83c\uddeb\ud83c\uddf7\">  Garantiert 100% franz\u00f6sische Produktion<br \/>\n\u2714 Garantiert ohne Konservierungsstoffe, Zusatzstoffe und Farbstoffe.<br \/>\n\ud83c\udf43 Mit gelbem Mais gef\u00fctterte Enten<br \/>\n\ud83d\ude9a Schnelle Lieferung weltweit<br \/>\n\ud83d\udd53 3 Jahre haltbar<br \/>\n\ud83d\udd10 Sichere Zahlung<\/p>\n","protected":false},"featured_media":66745,"comment_status":"open","ping_status":"closed","template":"","meta":{"_iconic_wsb_product_page_order_bump_ids":[[]],"_sku":["3600000351774"],"_iconic_wsb_product_page_bump_modal_ids":[[]]},"product_brand":[],"product_cat":[1536],"product_tag":[2415,2234,1661,2416],"giftcard-category":[],"class_list":{"0":"post-66887","1":"product","2":"type-product","3":"status-publish","4":"has-post-thumbnail","6":"product_cat-uncategorized","7":"product_tag-14-anteile","8":"product_tag-400g-2","9":"product_tag-made-in-frankreich","10":"product_tag-wahlen-sie","12":"first","13":"instock","14":"taxable","15":"shipping-taxable","16":"purchasable","17":"product-type-yith_bundle"},"yoast_head":"<!-- This site is optimized with the Yoast SEO Premium plugin v27.3 (Yoast SEO v27.3) - https:\/\/yoast.com\/product\/yoast-seo-premium-wordpress\/ -->\n<title>Gourmetpaket Originelle Stopfleber zum Selbstzusammenstellen | Relais Gourmet<\/title>\n<meta name=\"description\" content=\"Stellen Sie Ihre eigene Box mit Original Foies Gras zusammen, um Ihre G\u00e4ste oder Verwandten zu \u00fcberraschen.\" \/>\n<meta name=\"robots\" content=\"index, follow, max-snippet:-1, max-image-preview:large, max-video-preview:-1\" \/>\n<link rel=\"canonical\" href=\"https:\/\/relaisgourmet.com\/de\/produkt\/stellen-sie-ihr-gourmetpaket-mit-original-foies-gras-zusammen\/\" \/>\n<meta property=\"og:locale\" content=\"de_DE\" \/>\n<meta property=\"og:type\" content=\"article\" \/>\n<meta property=\"og:title\" content=\"Stellen Sie Ihr Gourmetpaket mit Original Foies Gras zusammen\" \/>\n<meta property=\"og:description\" content=\"Stellen Sie jetzt ein pers\u00f6nliches Geschenkpaket mit unseren Original Foies Gras zusammen, die nach traditionellen Rezepten mit 100% nat\u00fcrlichen Zutaten aus dem S\u00fcdwesten Frankreichs hergestellt werden. Es ist ganz einfach: Entdecken Sie authentische und einzigartige Geschmacksrichtungen und w\u00e4hlen Sie aus unseren ganzen G\u00e4nseleberpasteten von 200 g oder 400 g. Beim Kauf von 4 G\u00e4nseleberpasteten erhalten Sie einen Aperitif im Wert von 12 Euro geschenkt. Au\u00dferdem ist die Lieferung f\u00fcr Bestellungen \u00fcber 99 \u20ac kostenlos (nur in Frankreich). Durchsuchen Sie unsere ganzen Foies gras und stellen Sie sich jetzt Ihr Paket zusammen!  Garantiert 100% franz\u00f6sische Produktion \u2714 Garantiert ohne Konservierungsstoffe, Zusatzstoffe und Farbstoffe. \ud83c\udf43 Mit gelbem Mais gef\u00fctterte Enten \ud83d\ude9a Schnelle Lieferung weltweit \ud83d\udd53 3 Jahre haltbar \ud83d\udd10 Sichere Zahlung\" \/>\n<meta property=\"og:url\" content=\"https:\/\/relaisgourmet.com\/de\/produkt\/stellen-sie-ihr-gourmetpaket-mit-original-foies-gras-zusammen\/\" \/>\n<meta property=\"og:site_name\" content=\"Relais Gourmet\" \/>\n<meta property=\"article:publisher\" content=\"https:\/\/www.facebook.com\/relaisgourmet\/\" \/>\n<meta property=\"article:modified_time\" content=\"2026-04-01T22:35:08+00:00\" \/>\n<meta property=\"og:image\" content=\"https:\/\/relaisgourmet.com\/wp-content\/uploads\/2026\/03\/Coffret-3-Foies-Gras-1-300x300-1.jpg\" \/>\n\t<meta property=\"og:image:width\" content=\"300\" \/>\n\t<meta property=\"og:image:height\" content=\"300\" \/>\n\t<meta property=\"og:image:type\" content=\"image\/jpeg\" \/>\n<meta name=\"twitter:card\" content=\"summary_large_image\" \/>\n<meta name=\"twitter:site\" content=\"@relaisgourmet64\" \/>\n<script type=\"application\/ld+json\" class=\"yoast-schema-graph\">{\"@context\":\"https:\\\/\\\/schema.org\",\"@graph\":[{\"@type\":\"WebPage\",\"@id\":\"https:\\\/\\\/relaisgourmet.com\\\/de\\\/produkt\\\/stellen-sie-ihr-gourmetpaket-mit-original-foies-gras-zusammen\\\/\",\"url\":\"https:\\\/\\\/relaisgourmet.com\\\/de\\\/produkt\\\/stellen-sie-ihr-gourmetpaket-mit-original-foies-gras-zusammen\\\/\",\"name\":\"Gourmetpaket Originelle Stopfleber zum Selbstzusammenstellen | Relais Gourmet\",\"isPartOf\":{\"@id\":\"https:\\\/\\\/relaisgourmet.com\\\/de\\\/#website\"},\"primaryImageOfPage\":{\"@id\":\"https:\\\/\\\/relaisgourmet.com\\\/de\\\/produkt\\\/stellen-sie-ihr-gourmetpaket-mit-original-foies-gras-zusammen\\\/#primaryimage\"},\"image\":{\"@id\":\"https:\\\/\\\/relaisgourmet.com\\\/de\\\/produkt\\\/stellen-sie-ihr-gourmetpaket-mit-original-foies-gras-zusammen\\\/#primaryimage\"},\"thumbnailUrl\":\"https:\\\/\\\/relaisgourmet.com\\\/wp-content\\\/uploads\\\/2026\\\/03\\\/Coffret-3-Foies-Gras-1-300x300-1.jpg\",\"datePublished\":\"2026-03-30T15:07:55+00:00\",\"dateModified\":\"2026-04-01T22:35:08+00:00\",\"description\":\"Stellen Sie Ihre eigene Box mit Original Foies Gras zusammen, um Ihre G\u00e4ste oder Verwandten zu \u00fcberraschen.\",\"breadcrumb\":{\"@id\":\"https:\\\/\\\/relaisgourmet.com\\\/de\\\/produkt\\\/stellen-sie-ihr-gourmetpaket-mit-original-foies-gras-zusammen\\\/#breadcrumb\"},\"inLanguage\":\"de\",\"potentialAction\":[{\"@type\":\"ReadAction\",\"target\":[\"https:\\\/\\\/relaisgourmet.com\\\/de\\\/produkt\\\/stellen-sie-ihr-gourmetpaket-mit-original-foies-gras-zusammen\\\/\"]}]},{\"@type\":\"ImageObject\",\"inLanguage\":\"de\",\"@id\":\"https:\\\/\\\/relaisgourmet.com\\\/de\\\/produkt\\\/stellen-sie-ihr-gourmetpaket-mit-original-foies-gras-zusammen\\\/#primaryimage\",\"url\":\"https:\\\/\\\/relaisgourmet.com\\\/wp-content\\\/uploads\\\/2026\\\/03\\\/Coffret-3-Foies-Gras-1-300x300-1.jpg\",\"contentUrl\":\"https:\\\/\\\/relaisgourmet.com\\\/wp-content\\\/uploads\\\/2026\\\/03\\\/Coffret-3-Foies-Gras-1-300x300-1.jpg\",\"width\":300,\"height\":300},{\"@type\":\"BreadcrumbList\",\"@id\":\"https:\\\/\\\/relaisgourmet.com\\\/de\\\/produkt\\\/stellen-sie-ihr-gourmetpaket-mit-original-foies-gras-zusammen\\\/#breadcrumb\",\"itemListElement\":[{\"@type\":\"ListItem\",\"position\":1,\"name\":\"Startseite\",\"item\":\"https:\\\/\\\/relaisgourmet.com\\\/de\\\/startseite\\\/\"},{\"@type\":\"ListItem\",\"position\":2,\"name\":\"Alle unsere Produkte\",\"item\":\"https:\\\/\\\/relaisgourmet.com\\\/de\\\/shop\\\/\"},{\"@type\":\"ListItem\",\"position\":3,\"name\":\"Stellen Sie Ihr Gourmetpaket mit Original Foies Gras zusammen\"}]},{\"@type\":\"WebSite\",\"@id\":\"https:\\\/\\\/relaisgourmet.com\\\/de\\\/#website\",\"url\":\"https:\\\/\\\/relaisgourmet.com\\\/de\\\/\",\"name\":\"Relais Gourmet\",\"description\":\"Foie Gras 100% Fran\u00e7ais\",\"publisher\":{\"@id\":\"https:\\\/\\\/relaisgourmet.com\\\/de\\\/#organization\"},\"potentialAction\":[{\"@type\":\"SearchAction\",\"target\":{\"@type\":\"EntryPoint\",\"urlTemplate\":\"https:\\\/\\\/relaisgourmet.com\\\/de\\\/?s={search_term_string}\"},\"query-input\":{\"@type\":\"PropertyValueSpecification\",\"valueRequired\":true,\"valueName\":\"search_term_string\"}}],\"inLanguage\":\"de\"},{\"@type\":\"Organization\",\"@id\":\"https:\\\/\\\/relaisgourmet.com\\\/de\\\/#organization\",\"name\":\"Relais Gourmet\",\"url\":\"https:\\\/\\\/relaisgourmet.com\\\/de\\\/\",\"logo\":{\"@type\":\"ImageObject\",\"inLanguage\":\"de\",\"@id\":\"https:\\\/\\\/relaisgourmet.com\\\/de\\\/#\\\/schema\\\/logo\\\/image\\\/\",\"url\":\"https:\\\/\\\/relaisgourmet.com\\\/wp-content\\\/uploads\\\/2026\\\/03\\\/yoast-logo-2-relais-gourmet-.png\",\"contentUrl\":\"https:\\\/\\\/relaisgourmet.com\\\/wp-content\\\/uploads\\\/2026\\\/03\\\/yoast-logo-2-relais-gourmet-.png\",\"width\":1200,\"height\":675,\"caption\":\"Relais Gourmet\"},\"image\":{\"@id\":\"https:\\\/\\\/relaisgourmet.com\\\/de\\\/#\\\/schema\\\/logo\\\/image\\\/\"},\"sameAs\":[\"https:\\\/\\\/www.facebook.com\\\/relaisgourmet\\\/\",\"https:\\\/\\\/x.com\\\/relaisgourmet64\",\"https:\\\/\\\/www.instagram.com\\\/relaisgourmetofficiel\",\"https:\\\/\\\/www.pinterest.fr\\\/relaisgourmet\\\/\"],\"email\":\"yaqueche@relaisgourmet.com\",\"telephone\":\"+33 0 5 40 07 07 65\",\"legalName\":\"Relais Gourmet\",\"vatID\":\"FR13482415015\",\"taxID\":\"482415015\"}]}<\/script>\n<!-- \/ Yoast SEO Premium plugin. -->","yoast_head_json":{"title":"Gourmetpaket Originelle Stopfleber zum Selbstzusammenstellen | Relais Gourmet","description":"Stellen Sie Ihre eigene Box mit Original Foies Gras zusammen, um Ihre G\u00e4ste oder Verwandten zu \u00fcberraschen.","robots":{"index":"index","follow":"follow","max-snippet":"max-snippet:-1","max-image-preview":"max-image-preview:large","max-video-preview":"max-video-preview:-1"},"canonical":"https:\/\/relaisgourmet.com\/de\/produkt\/stellen-sie-ihr-gourmetpaket-mit-original-foies-gras-zusammen\/","og_locale":"de_DE","og_type":"article","og_title":"Stellen Sie Ihr Gourmetpaket mit Original Foies Gras zusammen","og_description":"Stellen Sie jetzt ein pers\u00f6nliches Geschenkpaket mit unseren Original Foies Gras zusammen, die nach traditionellen Rezepten mit 100% nat\u00fcrlichen Zutaten aus dem S\u00fcdwesten Frankreichs hergestellt werden. Es ist ganz einfach: Entdecken Sie authentische und einzigartige Geschmacksrichtungen und w\u00e4hlen Sie aus unseren ganzen G\u00e4nseleberpasteten von 200 g oder 400 g. Beim Kauf von 4 G\u00e4nseleberpasteten erhalten Sie einen Aperitif im Wert von 12 Euro geschenkt. Au\u00dferdem ist die Lieferung f\u00fcr Bestellungen \u00fcber 99 \u20ac kostenlos (nur in Frankreich). Durchsuchen Sie unsere ganzen Foies gras und stellen Sie sich jetzt Ihr Paket zusammen!  Garantiert 100% franz\u00f6sische Produktion \u2714 Garantiert ohne Konservierungsstoffe, Zusatzstoffe und Farbstoffe. \ud83c\udf43 Mit gelbem Mais gef\u00fctterte Enten \ud83d\ude9a Schnelle Lieferung weltweit \ud83d\udd53 3 Jahre haltbar \ud83d\udd10 Sichere Zahlung","og_url":"https:\/\/relaisgourmet.com\/de\/produkt\/stellen-sie-ihr-gourmetpaket-mit-original-foies-gras-zusammen\/","og_site_name":"Relais Gourmet","article_publisher":"https:\/\/www.facebook.com\/relaisgourmet\/","article_modified_time":"2026-04-01T22:35:08+00:00","og_image":[{"width":300,"height":300,"url":"https:\/\/relaisgourmet.com\/wp-content\/uploads\/2026\/03\/Coffret-3-Foies-Gras-1-300x300-1.jpg","type":"image\/jpeg"}],"twitter_card":"summary_large_image","twitter_site":"@relaisgourmet64","schema":{"@context":"https:\/\/schema.org","@graph":[{"@type":"WebPage","@id":"https:\/\/relaisgourmet.com\/de\/produkt\/stellen-sie-ihr-gourmetpaket-mit-original-foies-gras-zusammen\/","url":"https:\/\/relaisgourmet.com\/de\/produkt\/stellen-sie-ihr-gourmetpaket-mit-original-foies-gras-zusammen\/","name":"Gourmetpaket Originelle Stopfleber zum Selbstzusammenstellen | Relais Gourmet","isPartOf":{"@id":"https:\/\/relaisgourmet.com\/de\/#website"},"primaryImageOfPage":{"@id":"https:\/\/relaisgourmet.com\/de\/produkt\/stellen-sie-ihr-gourmetpaket-mit-original-foies-gras-zusammen\/#primaryimage"},"image":{"@id":"https:\/\/relaisgourmet.com\/de\/produkt\/stellen-sie-ihr-gourmetpaket-mit-original-foies-gras-zusammen\/#primaryimage"},"thumbnailUrl":"https:\/\/relaisgourmet.com\/wp-content\/uploads\/2026\/03\/Coffret-3-Foies-Gras-1-300x300-1.jpg","datePublished":"2026-03-30T15:07:55+00:00","dateModified":"2026-04-01T22:35:08+00:00","description":"Stellen Sie Ihre eigene Box mit Original Foies Gras zusammen, um Ihre G\u00e4ste oder Verwandten zu \u00fcberraschen.","breadcrumb":{"@id":"https:\/\/relaisgourmet.com\/de\/produkt\/stellen-sie-ihr-gourmetpaket-mit-original-foies-gras-zusammen\/#breadcrumb"},"inLanguage":"de","potentialAction":[{"@type":"ReadAction","target":["https:\/\/relaisgourmet.com\/de\/produkt\/stellen-sie-ihr-gourmetpaket-mit-original-foies-gras-zusammen\/"]}]},{"@type":"ImageObject","inLanguage":"de","@id":"https:\/\/relaisgourmet.com\/de\/produkt\/stellen-sie-ihr-gourmetpaket-mit-original-foies-gras-zusammen\/#primaryimage","url":"https:\/\/relaisgourmet.com\/wp-content\/uploads\/2026\/03\/Coffret-3-Foies-Gras-1-300x300-1.jpg","contentUrl":"https:\/\/relaisgourmet.com\/wp-content\/uploads\/2026\/03\/Coffret-3-Foies-Gras-1-300x300-1.jpg","width":300,"height":300},{"@type":"BreadcrumbList","@id":"https:\/\/relaisgourmet.com\/de\/produkt\/stellen-sie-ihr-gourmetpaket-mit-original-foies-gras-zusammen\/#breadcrumb","itemListElement":[{"@type":"ListItem","position":1,"name":"Startseite","item":"https:\/\/relaisgourmet.com\/de\/startseite\/"},{"@type":"ListItem","position":2,"name":"Alle unsere Produkte","item":"https:\/\/relaisgourmet.com\/de\/shop\/"},{"@type":"ListItem","position":3,"name":"Stellen Sie Ihr Gourmetpaket mit Original Foies Gras zusammen"}]},{"@type":"WebSite","@id":"https:\/\/relaisgourmet.com\/de\/#website","url":"https:\/\/relaisgourmet.com\/de\/","name":"Relais Gourmet","description":"Foie Gras 100% Fran\u00e7ais","publisher":{"@id":"https:\/\/relaisgourmet.com\/de\/#organization"},"potentialAction":[{"@type":"SearchAction","target":{"@type":"EntryPoint","urlTemplate":"https:\/\/relaisgourmet.com\/de\/?s={search_term_string}"},"query-input":{"@type":"PropertyValueSpecification","valueRequired":true,"valueName":"search_term_string"}}],"inLanguage":"de"},{"@type":"Organization","@id":"https:\/\/relaisgourmet.com\/de\/#organization","name":"Relais Gourmet","url":"https:\/\/relaisgourmet.com\/de\/","logo":{"@type":"ImageObject","inLanguage":"de","@id":"https:\/\/relaisgourmet.com\/de\/#\/schema\/logo\/image\/","url":"https:\/\/relaisgourmet.com\/wp-content\/uploads\/2026\/03\/yoast-logo-2-relais-gourmet-.png","contentUrl":"https:\/\/relaisgourmet.com\/wp-content\/uploads\/2026\/03\/yoast-logo-2-relais-gourmet-.png","width":1200,"height":675,"caption":"Relais Gourmet"},"image":{"@id":"https:\/\/relaisgourmet.com\/de\/#\/schema\/logo\/image\/"},"sameAs":["https:\/\/www.facebook.com\/relaisgourmet\/","https:\/\/x.com\/relaisgourmet64","https:\/\/www.instagram.com\/relaisgourmetofficiel","https:\/\/www.pinterest.fr\/relaisgourmet\/"],"email":"yaqueche@relaisgourmet.com","telephone":"+33 0 5 40 07 07 65","legalName":"Relais Gourmet","vatID":"FR13482415015","taxID":"482415015"}]}},"_links":{"self":[{"href":"https:\/\/relaisgourmet.com\/de\/wp-json\/wp\/v2\/product\/66887","targetHints":{"allow":["GET"]}}],"collection":[{"href":"https:\/\/relaisgourmet.com\/de\/wp-json\/wp\/v2\/product"}],"about":[{"href":"https:\/\/relaisgourmet.com\/de\/wp-json\/wp\/v2\/types\/product"}],"replies":[{"embeddable":true,"href":"https:\/\/relaisgourmet.com\/de\/wp-json\/wp\/v2\/comments?post=66887"}],"wp:featuredmedia":[{"embeddable":true,"href":"https:\/\/relaisgourmet.com\/de\/wp-json\/wp\/v2\/media\/66745"}],"wp:attachment":[{"href":"https:\/\/relaisgourmet.com\/de\/wp-json\/wp\/v2\/media?parent=66887"}],"wp:term":[{"taxonomy":"product_brand","embeddable":true,"href":"https:\/\/relaisgourmet.com\/de\/wp-json\/wp\/v2\/product_brand?post=66887"},{"taxonomy":"product_cat","embeddable":true,"href":"https:\/\/relaisgourmet.com\/de\/wp-json\/wp\/v2\/product_cat?post=66887"},{"taxonomy":"product_tag","embeddable":true,"href":"https:\/\/relaisgourmet.com\/de\/wp-json\/wp\/v2\/product_tag?post=66887"},{"taxonomy":"giftcard-category","embeddable":true,"href":"https:\/\/relaisgourmet.com\/de\/wp-json\/wp\/v2\/giftcard-category?post=66887"}],"curies":[{"name":"wp","href":"https:\/\/api.w.org\/{rel}","templated":true}]}}