{"id":66863,"date":"2026-03-30T15:07:55","date_gmt":"2026-03-30T15:07:55","guid":{"rendered":"https:\/\/relaisgourmet.com\/product\/stellen-sie-ihr-aperitif-gourmetpaket-zusammen\/"},"modified":"2026-04-01T22:34:16","modified_gmt":"2026-04-01T22:34:16","slug":"stellen-sie-ihr-aperitif-gourmetpaket-zusammen","status":"publish","type":"product","link":"https:\/\/relaisgourmet.com\/de\/produkt\/stellen-sie-ihr-aperitif-gourmetpaket-zusammen\/","title":{"rendered":"Stellen Sie Ihr Aperitif-Gourmetpaket zusammen"},"content":{"rendered":"\t\t<div data-elementor-type=\"product-post\" data-elementor-id=\"66863\" class=\"elementor elementor-66863\" data-elementor-post-type=\"product\">\n\t\t\t\t<div class=\"elementor-element elementor-element-87adf08 e-flex e-con-boxed e-con e-parent\" data-id=\"87adf08\" data-element_type=\"container\" data-e-type=\"container\">\n\t\t\t\t\t<div class=\"e-con-inner\">\n\t\t\t\t\t<\/div>\n\t\t\t\t<\/div>\n\t\t<div class=\"elementor-element elementor-element-ade993b e-flex e-con-boxed e-con e-parent\" data-id=\"ade993b\" data-element_type=\"container\" data-e-type=\"container\">\n\t\t\t\t\t<div class=\"e-con-inner\">\n\t\t\t\t\t<\/div>\n\t\t\t\t<\/div>\n\t\t<div class=\"elementor-element elementor-element-c1b602a e-flex e-con-boxed e-con e-parent\" data-id=\"c1b602a\" data-element_type=\"container\" data-e-type=\"container\">\n\t\t\t\t\t<div class=\"e-con-inner\">\n\t\t\t\t\t<\/div>\n\t\t\t\t<\/div>\n\t\t\t\t<\/div>\n\t\t","protected":false},"excerpt":{"rendered":"<p>Entdecken Sie unsere Auswahl an <strong>streichf\u00e4higen<\/strong> Gourmet-Aperitifs!<\/p>\n<p>Stellen Sie sich Ihr ideales Sortiment zusammen und profitieren Sie von einem 1. <span style=\"color: #dd1929;\"><strong>beim Kauf von f\u00fcnf St\u00fcck ein Sechstel geschenkt.<\/strong><\/span>. Perfekt f\u00fcr Ihre geselligen Momente&#8230;.. <\/p>\n<p><strong>Garantiert frei von Konservierungs-, Zusatz- und Farbstoffen<\/strong><\/p>\n<p>Machen Sie aus jedem Aperitif ein Gourmet-Fest!<\/p>\n","protected":false},"featured_media":66745,"comment_status":"open","ping_status":"closed","template":"","meta":{"_iconic_wsb_product_page_order_bump_ids":[[]],"_sku":["3740000352293"],"_iconic_wsb_product_page_bump_modal_ids":[[]]},"product_brand":[],"product_cat":[1537],"product_tag":[2415,2234,1661,2416],"giftcard-category":[],"class_list":{"0":"post-66863","1":"product","2":"type-product","3":"status-publish","4":"has-post-thumbnail","6":"product_cat-unkategorisiert","7":"product_tag-14-anteile","8":"product_tag-400g-2","9":"product_tag-made-in-frankreich","10":"product_tag-wahlen-sie","12":"first","13":"instock","14":"taxable","15":"shipping-taxable","16":"purchasable","17":"product-type-yith_bundle"},"yoast_head":"<!-- This site is optimized with the Yoast SEO Premium plugin v27.3 (Yoast SEO v27.3) - https:\/\/yoast.com\/product\/yoast-seo-premium-wordpress\/ -->\n<title>Stellen Sie Ihr Gourmet Aperitif Set zusammen | Relais Gourmet<\/title>\n<meta name=\"description\" content=\"Gestalten Sie Ihr ma\u00dfgeschneidertes Aperitif-Gourmetpaket mit unseren besten regionalen Spezialit\u00e4ten.\" \/>\n<meta name=\"robots\" content=\"index, follow, max-snippet:-1, max-image-preview:large, max-video-preview:-1\" \/>\n<link rel=\"canonical\" href=\"https:\/\/relaisgourmet.com\/de\/produkt\/stellen-sie-ihr-aperitif-gourmetpaket-zusammen\/\" \/>\n<meta property=\"og:locale\" content=\"de_DE\" \/>\n<meta property=\"og:type\" content=\"article\" \/>\n<meta property=\"og:title\" content=\"Stellen Sie Ihr Aperitif-Gourmetpaket zusammen\" \/>\n<meta property=\"og:description\" content=\"Entdecken Sie unsere Auswahl an streichf\u00e4higen Gourmet-Aperitifs! Stellen Sie sich Ihr ideales Sortiment zusammen und profitieren Sie von einem 1. beim Kauf von f\u00fcnf St\u00fcck ein Sechstel geschenkt.. Perfekt f\u00fcr Ihre geselligen Momente.....  Garantiert frei von Konservierungs-, Zusatz- und Farbstoffen Machen Sie aus jedem Aperitif ein Gourmet-Fest!\" \/>\n<meta property=\"og:url\" content=\"https:\/\/relaisgourmet.com\/de\/produkt\/stellen-sie-ihr-aperitif-gourmetpaket-zusammen\/\" \/>\n<meta property=\"og:site_name\" content=\"Relais Gourmet\" \/>\n<meta property=\"article:publisher\" content=\"https:\/\/www.facebook.com\/relaisgourmet\/\" \/>\n<meta property=\"article:modified_time\" content=\"2026-04-01T22:34:16+00:00\" \/>\n<meta property=\"og:image\" content=\"https:\/\/relaisgourmet.com\/wp-content\/uploads\/2026\/03\/Coffret-3-Foies-Gras-1-300x300-1.jpg\" \/>\n\t<meta property=\"og:image:width\" content=\"300\" \/>\n\t<meta property=\"og:image:height\" content=\"300\" \/>\n\t<meta property=\"og:image:type\" content=\"image\/jpeg\" \/>\n<meta name=\"twitter:card\" content=\"summary_large_image\" \/>\n<meta name=\"twitter:site\" content=\"@relaisgourmet64\" \/>\n<script type=\"application\/ld+json\" class=\"yoast-schema-graph\">{\"@context\":\"https:\\\/\\\/schema.org\",\"@graph\":[{\"@type\":\"WebPage\",\"@id\":\"https:\\\/\\\/relaisgourmet.com\\\/de\\\/produkt\\\/stellen-sie-ihr-aperitif-gourmetpaket-zusammen\\\/\",\"url\":\"https:\\\/\\\/relaisgourmet.com\\\/de\\\/produkt\\\/stellen-sie-ihr-aperitif-gourmetpaket-zusammen\\\/\",\"name\":\"Stellen Sie Ihr Gourmet Aperitif Set zusammen | Relais Gourmet\",\"isPartOf\":{\"@id\":\"https:\\\/\\\/relaisgourmet.com\\\/de\\\/#website\"},\"primaryImageOfPage\":{\"@id\":\"https:\\\/\\\/relaisgourmet.com\\\/de\\\/produkt\\\/stellen-sie-ihr-aperitif-gourmetpaket-zusammen\\\/#primaryimage\"},\"image\":{\"@id\":\"https:\\\/\\\/relaisgourmet.com\\\/de\\\/produkt\\\/stellen-sie-ihr-aperitif-gourmetpaket-zusammen\\\/#primaryimage\"},\"thumbnailUrl\":\"https:\\\/\\\/relaisgourmet.com\\\/wp-content\\\/uploads\\\/2026\\\/03\\\/Coffret-3-Foies-Gras-1-300x300-1.jpg\",\"datePublished\":\"2026-03-30T15:07:55+00:00\",\"dateModified\":\"2026-04-01T22:34:16+00:00\",\"description\":\"Gestalten Sie Ihr ma\u00dfgeschneidertes Aperitif-Gourmetpaket mit unseren besten regionalen Spezialit\u00e4ten.\",\"breadcrumb\":{\"@id\":\"https:\\\/\\\/relaisgourmet.com\\\/de\\\/produkt\\\/stellen-sie-ihr-aperitif-gourmetpaket-zusammen\\\/#breadcrumb\"},\"inLanguage\":\"de\",\"potentialAction\":[{\"@type\":\"ReadAction\",\"target\":[\"https:\\\/\\\/relaisgourmet.com\\\/de\\\/produkt\\\/stellen-sie-ihr-aperitif-gourmetpaket-zusammen\\\/\"]}]},{\"@type\":\"ImageObject\",\"inLanguage\":\"de\",\"@id\":\"https:\\\/\\\/relaisgourmet.com\\\/de\\\/produkt\\\/stellen-sie-ihr-aperitif-gourmetpaket-zusammen\\\/#primaryimage\",\"url\":\"https:\\\/\\\/relaisgourmet.com\\\/wp-content\\\/uploads\\\/2026\\\/03\\\/Coffret-3-Foies-Gras-1-300x300-1.jpg\",\"contentUrl\":\"https:\\\/\\\/relaisgourmet.com\\\/wp-content\\\/uploads\\\/2026\\\/03\\\/Coffret-3-Foies-Gras-1-300x300-1.jpg\",\"width\":300,\"height\":300},{\"@type\":\"BreadcrumbList\",\"@id\":\"https:\\\/\\\/relaisgourmet.com\\\/de\\\/produkt\\\/stellen-sie-ihr-aperitif-gourmetpaket-zusammen\\\/#breadcrumb\",\"itemListElement\":[{\"@type\":\"ListItem\",\"position\":1,\"name\":\"Startseite\",\"item\":\"https:\\\/\\\/relaisgourmet.com\\\/de\\\/startseite\\\/\"},{\"@type\":\"ListItem\",\"position\":2,\"name\":\"Alle unsere Produkte\",\"item\":\"https:\\\/\\\/relaisgourmet.com\\\/de\\\/shop\\\/\"},{\"@type\":\"ListItem\",\"position\":3,\"name\":\"Stellen Sie Ihr Aperitif-Gourmetpaket zusammen\"}]},{\"@type\":\"WebSite\",\"@id\":\"https:\\\/\\\/relaisgourmet.com\\\/de\\\/#website\",\"url\":\"https:\\\/\\\/relaisgourmet.com\\\/de\\\/\",\"name\":\"Relais Gourmet\",\"description\":\"Foie Gras 100% Fran\u00e7ais\",\"publisher\":{\"@id\":\"https:\\\/\\\/relaisgourmet.com\\\/de\\\/#organization\"},\"potentialAction\":[{\"@type\":\"SearchAction\",\"target\":{\"@type\":\"EntryPoint\",\"urlTemplate\":\"https:\\\/\\\/relaisgourmet.com\\\/de\\\/?s={search_term_string}\"},\"query-input\":{\"@type\":\"PropertyValueSpecification\",\"valueRequired\":true,\"valueName\":\"search_term_string\"}}],\"inLanguage\":\"de\"},{\"@type\":\"Organization\",\"@id\":\"https:\\\/\\\/relaisgourmet.com\\\/de\\\/#organization\",\"name\":\"Relais Gourmet\",\"url\":\"https:\\\/\\\/relaisgourmet.com\\\/de\\\/\",\"logo\":{\"@type\":\"ImageObject\",\"inLanguage\":\"de\",\"@id\":\"https:\\\/\\\/relaisgourmet.com\\\/de\\\/#\\\/schema\\\/logo\\\/image\\\/\",\"url\":\"https:\\\/\\\/relaisgourmet.com\\\/wp-content\\\/uploads\\\/2026\\\/03\\\/yoast-logo-2-relais-gourmet-.png\",\"contentUrl\":\"https:\\\/\\\/relaisgourmet.com\\\/wp-content\\\/uploads\\\/2026\\\/03\\\/yoast-logo-2-relais-gourmet-.png\",\"width\":1200,\"height\":675,\"caption\":\"Relais Gourmet\"},\"image\":{\"@id\":\"https:\\\/\\\/relaisgourmet.com\\\/de\\\/#\\\/schema\\\/logo\\\/image\\\/\"},\"sameAs\":[\"https:\\\/\\\/www.facebook.com\\\/relaisgourmet\\\/\",\"https:\\\/\\\/x.com\\\/relaisgourmet64\",\"https:\\\/\\\/www.instagram.com\\\/relaisgourmetofficiel\",\"https:\\\/\\\/www.pinterest.fr\\\/relaisgourmet\\\/\"],\"email\":\"yaqueche@relaisgourmet.com\",\"telephone\":\"+33 0 5 40 07 07 65\",\"legalName\":\"Relais Gourmet\",\"vatID\":\"FR13482415015\",\"taxID\":\"482415015\"}]}<\/script>\n<!-- \/ Yoast SEO Premium plugin. -->","yoast_head_json":{"title":"Stellen Sie Ihr Gourmet Aperitif Set zusammen | Relais Gourmet","description":"Gestalten Sie Ihr ma\u00dfgeschneidertes Aperitif-Gourmetpaket mit unseren besten regionalen Spezialit\u00e4ten.","robots":{"index":"index","follow":"follow","max-snippet":"max-snippet:-1","max-image-preview":"max-image-preview:large","max-video-preview":"max-video-preview:-1"},"canonical":"https:\/\/relaisgourmet.com\/de\/produkt\/stellen-sie-ihr-aperitif-gourmetpaket-zusammen\/","og_locale":"de_DE","og_type":"article","og_title":"Stellen Sie Ihr Aperitif-Gourmetpaket zusammen","og_description":"Entdecken Sie unsere Auswahl an streichf\u00e4higen Gourmet-Aperitifs! Stellen Sie sich Ihr ideales Sortiment zusammen und profitieren Sie von einem 1. beim Kauf von f\u00fcnf St\u00fcck ein Sechstel geschenkt.. Perfekt f\u00fcr Ihre geselligen Momente.....  Garantiert frei von Konservierungs-, Zusatz- und Farbstoffen Machen Sie aus jedem Aperitif ein Gourmet-Fest!","og_url":"https:\/\/relaisgourmet.com\/de\/produkt\/stellen-sie-ihr-aperitif-gourmetpaket-zusammen\/","og_site_name":"Relais Gourmet","article_publisher":"https:\/\/www.facebook.com\/relaisgourmet\/","article_modified_time":"2026-04-01T22:34:16+00:00","og_image":[{"width":300,"height":300,"url":"https:\/\/relaisgourmet.com\/wp-content\/uploads\/2026\/03\/Coffret-3-Foies-Gras-1-300x300-1.jpg","type":"image\/jpeg"}],"twitter_card":"summary_large_image","twitter_site":"@relaisgourmet64","schema":{"@context":"https:\/\/schema.org","@graph":[{"@type":"WebPage","@id":"https:\/\/relaisgourmet.com\/de\/produkt\/stellen-sie-ihr-aperitif-gourmetpaket-zusammen\/","url":"https:\/\/relaisgourmet.com\/de\/produkt\/stellen-sie-ihr-aperitif-gourmetpaket-zusammen\/","name":"Stellen Sie Ihr Gourmet Aperitif Set zusammen | Relais Gourmet","isPartOf":{"@id":"https:\/\/relaisgourmet.com\/de\/#website"},"primaryImageOfPage":{"@id":"https:\/\/relaisgourmet.com\/de\/produkt\/stellen-sie-ihr-aperitif-gourmetpaket-zusammen\/#primaryimage"},"image":{"@id":"https:\/\/relaisgourmet.com\/de\/produkt\/stellen-sie-ihr-aperitif-gourmetpaket-zusammen\/#primaryimage"},"thumbnailUrl":"https:\/\/relaisgourmet.com\/wp-content\/uploads\/2026\/03\/Coffret-3-Foies-Gras-1-300x300-1.jpg","datePublished":"2026-03-30T15:07:55+00:00","dateModified":"2026-04-01T22:34:16+00:00","description":"Gestalten Sie Ihr ma\u00dfgeschneidertes Aperitif-Gourmetpaket mit unseren besten regionalen Spezialit\u00e4ten.","breadcrumb":{"@id":"https:\/\/relaisgourmet.com\/de\/produkt\/stellen-sie-ihr-aperitif-gourmetpaket-zusammen\/#breadcrumb"},"inLanguage":"de","potentialAction":[{"@type":"ReadAction","target":["https:\/\/relaisgourmet.com\/de\/produkt\/stellen-sie-ihr-aperitif-gourmetpaket-zusammen\/"]}]},{"@type":"ImageObject","inLanguage":"de","@id":"https:\/\/relaisgourmet.com\/de\/produkt\/stellen-sie-ihr-aperitif-gourmetpaket-zusammen\/#primaryimage","url":"https:\/\/relaisgourmet.com\/wp-content\/uploads\/2026\/03\/Coffret-3-Foies-Gras-1-300x300-1.jpg","contentUrl":"https:\/\/relaisgourmet.com\/wp-content\/uploads\/2026\/03\/Coffret-3-Foies-Gras-1-300x300-1.jpg","width":300,"height":300},{"@type":"BreadcrumbList","@id":"https:\/\/relaisgourmet.com\/de\/produkt\/stellen-sie-ihr-aperitif-gourmetpaket-zusammen\/#breadcrumb","itemListElement":[{"@type":"ListItem","position":1,"name":"Startseite","item":"https:\/\/relaisgourmet.com\/de\/startseite\/"},{"@type":"ListItem","position":2,"name":"Alle unsere Produkte","item":"https:\/\/relaisgourmet.com\/de\/shop\/"},{"@type":"ListItem","position":3,"name":"Stellen Sie Ihr Aperitif-Gourmetpaket zusammen"}]},{"@type":"WebSite","@id":"https:\/\/relaisgourmet.com\/de\/#website","url":"https:\/\/relaisgourmet.com\/de\/","name":"Relais Gourmet","description":"Foie Gras 100% Fran\u00e7ais","publisher":{"@id":"https:\/\/relaisgourmet.com\/de\/#organization"},"potentialAction":[{"@type":"SearchAction","target":{"@type":"EntryPoint","urlTemplate":"https:\/\/relaisgourmet.com\/de\/?s={search_term_string}"},"query-input":{"@type":"PropertyValueSpecification","valueRequired":true,"valueName":"search_term_string"}}],"inLanguage":"de"},{"@type":"Organization","@id":"https:\/\/relaisgourmet.com\/de\/#organization","name":"Relais Gourmet","url":"https:\/\/relaisgourmet.com\/de\/","logo":{"@type":"ImageObject","inLanguage":"de","@id":"https:\/\/relaisgourmet.com\/de\/#\/schema\/logo\/image\/","url":"https:\/\/relaisgourmet.com\/wp-content\/uploads\/2026\/03\/yoast-logo-2-relais-gourmet-.png","contentUrl":"https:\/\/relaisgourmet.com\/wp-content\/uploads\/2026\/03\/yoast-logo-2-relais-gourmet-.png","width":1200,"height":675,"caption":"Relais Gourmet"},"image":{"@id":"https:\/\/relaisgourmet.com\/de\/#\/schema\/logo\/image\/"},"sameAs":["https:\/\/www.facebook.com\/relaisgourmet\/","https:\/\/x.com\/relaisgourmet64","https:\/\/www.instagram.com\/relaisgourmetofficiel","https:\/\/www.pinterest.fr\/relaisgourmet\/"],"email":"yaqueche@relaisgourmet.com","telephone":"+33 0 5 40 07 07 65","legalName":"Relais Gourmet","vatID":"FR13482415015","taxID":"482415015"}]}},"_links":{"self":[{"href":"https:\/\/relaisgourmet.com\/de\/wp-json\/wp\/v2\/product\/66863","targetHints":{"allow":["GET"]}}],"collection":[{"href":"https:\/\/relaisgourmet.com\/de\/wp-json\/wp\/v2\/product"}],"about":[{"href":"https:\/\/relaisgourmet.com\/de\/wp-json\/wp\/v2\/types\/product"}],"replies":[{"embeddable":true,"href":"https:\/\/relaisgourmet.com\/de\/wp-json\/wp\/v2\/comments?post=66863"}],"wp:featuredmedia":[{"embeddable":true,"href":"https:\/\/relaisgourmet.com\/de\/wp-json\/wp\/v2\/media\/66745"}],"wp:attachment":[{"href":"https:\/\/relaisgourmet.com\/de\/wp-json\/wp\/v2\/media?parent=66863"}],"wp:term":[{"taxonomy":"product_brand","embeddable":true,"href":"https:\/\/relaisgourmet.com\/de\/wp-json\/wp\/v2\/product_brand?post=66863"},{"taxonomy":"product_cat","embeddable":true,"href":"https:\/\/relaisgourmet.com\/de\/wp-json\/wp\/v2\/product_cat?post=66863"},{"taxonomy":"product_tag","embeddable":true,"href":"https:\/\/relaisgourmet.com\/de\/wp-json\/wp\/v2\/product_tag?post=66863"},{"taxonomy":"giftcard-category","embeddable":true,"href":"https:\/\/relaisgourmet.com\/de\/wp-json\/wp\/v2\/giftcard-category?post=66863"}],"curies":[{"name":"wp","href":"https:\/\/api.w.org\/{rel}","templated":true}]}}