{"id":66753,"date":"2026-03-30T15:07:55","date_gmt":"2026-03-30T15:07:55","guid":{"rendered":"https:\/\/relaisgourmet.com\/?post_type=product&#038;p=66753"},"modified":"2026-04-01T22:18:33","modified_gmt":"2026-04-01T22:18:33","slug":"stellen-sie-ihr-gourmetpaket-mit-parfuemierter-leberpastete-zusammen","status":"publish","type":"product","link":"https:\/\/relaisgourmet.com\/de\/produkt\/stellen-sie-ihr-gourmetpaket-mit-parfuemierter-leberpastete-zusammen\/","title":{"rendered":"Stellen Sie Ihr Gourmetpaket mit parf\u00fcmierter Leberpastete zusammen"},"content":{"rendered":"","protected":false},"excerpt":{"rendered":"<p>Gestalten Sie Ihre Box individuell mit unseren <strong>parf\u00fcmierten Leber<\/strong>pasteten, die feine Aromen und sorgf\u00e4ltig ausgew\u00e4hlte Zutaten kombinieren.<\/p>\n<p>Es <u>ist ganz einfach:<br \/>\n<\/u>W\u00e4hlen Sie Ihre <strong>200g oder 400g<\/strong> Gl\u00e4ser nach Ihrem Geschmack.<\/p>\n<p>Ab <strong>4 gekauften G\u00e4nseleberpasteten<\/strong> erhalten Sie einen <strong>Aperitif<\/strong> im Wert von 12 Euro gratis.<br \/>\nAu\u00dferdem profitieren Sie von der <strong>kostenlosen Lieferung<\/strong> f\u00fcr Bestellungen \u00fcber <strong>99 \u20ac (nur innerhalb Frankreichs)<\/strong>.<\/p>\n<p>Entdecken Sie die verf\u00fcgbaren Optionen und kreieren Sie Ihr perfektes Duftpaket!<\/p>\n<p><img decoding=\"async\" class=\"emoji\" role=\"img\" draggable=\"false\" src=\"https:\/\/s.w.org\/images\/core\/emoji\/15.0.3\/svg\/1f1eb-1f1f7.svg\" alt=\"\ud83c\uddeb\ud83c\uddf7\">  Garantiert 100% franz\u00f6sische Produktion<br \/>\n\u2714 Garantiert ohne Konservierungsstoffe, Zusatzstoffe und Farbstoffe.<br \/>\n\ud83c\udf43 Mit gelbem Mais gef\u00fctterte Enten<br \/>\n\ud83d\ude9a Schnelle Lieferung weltweit<br \/>\n\ud83d\udd53 3 Jahre haltbar<br \/>\n\ud83d\udd10 Sichere Zahlung<\/p>\n","protected":false},"featured_media":66745,"comment_status":"open","ping_status":"closed","template":"","meta":{"_iconic_wsb_product_page_order_bump_ids":[[]],"_sku":["3780000351759"],"_iconic_wsb_product_page_bump_modal_ids":[[]]},"product_brand":[],"product_cat":[1536],"product_tag":[2415,2234,1661,2416],"giftcard-category":[],"class_list":{"0":"post-66753","1":"product","2":"type-product","3":"status-publish","4":"has-post-thumbnail","6":"product_cat-uncategorized","7":"product_tag-14-anteile","8":"product_tag-400g-2","9":"product_tag-made-in-frankreich","10":"product_tag-wahlen-sie","12":"first","13":"instock","14":"taxable","15":"shipping-taxable","16":"purchasable","17":"product-type-yith_bundle"},"yoast_head":"<!-- This site is optimized with the Yoast SEO Premium plugin v27.3 (Yoast SEO v27.3) - https:\/\/yoast.com\/product\/yoast-seo-premium-wordpress\/ -->\n<title>Gourmetpaket Parf\u00fcmierte Stopfleber zum Selbstzusammenstellen | Relais Gourmet<\/title>\n<meta name=\"description\" content=\"W\u00e4hlen Sie duftende Geschmacksrichtungen und stellen Sie Ihre eigene Box mit parf\u00fcmierten Leberpasteten zusammen.\" \/>\n<meta name=\"robots\" content=\"index, follow, max-snippet:-1, max-image-preview:large, max-video-preview:-1\" \/>\n<link rel=\"canonical\" href=\"https:\/\/relaisgourmet.com\/de\/produkt\/stellen-sie-ihr-gourmetpaket-mit-parfuemierter-leberpastete-zusammen\/\" \/>\n<meta property=\"og:locale\" content=\"de_DE\" \/>\n<meta property=\"og:type\" content=\"article\" \/>\n<meta property=\"og:title\" content=\"Stellen Sie Ihr Gourmetpaket mit parf\u00fcmierter Leberpastete zusammen\" \/>\n<meta property=\"og:description\" content=\"Gestalten Sie Ihre Box individuell mit unseren parf\u00fcmierten Leberpasteten, die feine Aromen und sorgf\u00e4ltig ausgew\u00e4hlte Zutaten kombinieren. Es ist ganz einfach: W\u00e4hlen Sie Ihre 200g oder 400g Gl\u00e4ser nach Ihrem Geschmack. Ab 4 gekauften G\u00e4nseleberpasteten erhalten Sie einen Aperitif im Wert von 12 Euro gratis. Au\u00dferdem profitieren Sie von der kostenlosen Lieferung f\u00fcr Bestellungen \u00fcber 99 \u20ac (nur innerhalb Frankreichs). Entdecken Sie die verf\u00fcgbaren Optionen und kreieren Sie Ihr perfektes Duftpaket!  Garantiert 100% franz\u00f6sische Produktion \u2714 Garantiert ohne Konservierungsstoffe, Zusatzstoffe und Farbstoffe. \ud83c\udf43 Mit gelbem Mais gef\u00fctterte Enten \ud83d\ude9a Schnelle Lieferung weltweit \ud83d\udd53 3 Jahre haltbar \ud83d\udd10 Sichere Zahlung\" \/>\n<meta property=\"og:url\" content=\"https:\/\/relaisgourmet.com\/de\/produkt\/stellen-sie-ihr-gourmetpaket-mit-parfuemierter-leberpastete-zusammen\/\" \/>\n<meta property=\"og:site_name\" content=\"Relais Gourmet\" \/>\n<meta property=\"article:publisher\" content=\"https:\/\/www.facebook.com\/relaisgourmet\/\" \/>\n<meta property=\"article:modified_time\" content=\"2026-04-01T22:18:33+00:00\" \/>\n<meta property=\"og:image\" content=\"https:\/\/relaisgourmet.com\/wp-content\/uploads\/2026\/03\/Coffret-3-Foies-Gras-1-300x300-1.jpg\" \/>\n\t<meta property=\"og:image:width\" content=\"300\" \/>\n\t<meta property=\"og:image:height\" content=\"300\" \/>\n\t<meta property=\"og:image:type\" content=\"image\/jpeg\" \/>\n<meta name=\"twitter:card\" content=\"summary_large_image\" \/>\n<meta name=\"twitter:site\" content=\"@relaisgourmet64\" \/>\n<script type=\"application\/ld+json\" class=\"yoast-schema-graph\">{\"@context\":\"https:\\\/\\\/schema.org\",\"@graph\":[{\"@type\":\"WebPage\",\"@id\":\"https:\\\/\\\/relaisgourmet.com\\\/de\\\/produkt\\\/stellen-sie-ihr-gourmetpaket-mit-parfuemierter-leberpastete-zusammen\\\/\",\"url\":\"https:\\\/\\\/relaisgourmet.com\\\/de\\\/produkt\\\/stellen-sie-ihr-gourmetpaket-mit-parfuemierter-leberpastete-zusammen\\\/\",\"name\":\"Gourmetpaket Parf\u00fcmierte Stopfleber zum Selbstzusammenstellen | Relais Gourmet\",\"isPartOf\":{\"@id\":\"https:\\\/\\\/relaisgourmet.com\\\/de\\\/#website\"},\"primaryImageOfPage\":{\"@id\":\"https:\\\/\\\/relaisgourmet.com\\\/de\\\/produkt\\\/stellen-sie-ihr-gourmetpaket-mit-parfuemierter-leberpastete-zusammen\\\/#primaryimage\"},\"image\":{\"@id\":\"https:\\\/\\\/relaisgourmet.com\\\/de\\\/produkt\\\/stellen-sie-ihr-gourmetpaket-mit-parfuemierter-leberpastete-zusammen\\\/#primaryimage\"},\"thumbnailUrl\":\"https:\\\/\\\/relaisgourmet.com\\\/wp-content\\\/uploads\\\/2026\\\/03\\\/Coffret-3-Foies-Gras-1-300x300-1.jpg\",\"datePublished\":\"2026-03-30T15:07:55+00:00\",\"dateModified\":\"2026-04-01T22:18:33+00:00\",\"description\":\"W\u00e4hlen Sie duftende Geschmacksrichtungen und stellen Sie Ihre eigene Box mit parf\u00fcmierten Leberpasteten zusammen.\",\"breadcrumb\":{\"@id\":\"https:\\\/\\\/relaisgourmet.com\\\/de\\\/produkt\\\/stellen-sie-ihr-gourmetpaket-mit-parfuemierter-leberpastete-zusammen\\\/#breadcrumb\"},\"inLanguage\":\"de\",\"potentialAction\":[{\"@type\":\"ReadAction\",\"target\":[\"https:\\\/\\\/relaisgourmet.com\\\/de\\\/produkt\\\/stellen-sie-ihr-gourmetpaket-mit-parfuemierter-leberpastete-zusammen\\\/\"]}]},{\"@type\":\"ImageObject\",\"inLanguage\":\"de\",\"@id\":\"https:\\\/\\\/relaisgourmet.com\\\/de\\\/produkt\\\/stellen-sie-ihr-gourmetpaket-mit-parfuemierter-leberpastete-zusammen\\\/#primaryimage\",\"url\":\"https:\\\/\\\/relaisgourmet.com\\\/wp-content\\\/uploads\\\/2026\\\/03\\\/Coffret-3-Foies-Gras-1-300x300-1.jpg\",\"contentUrl\":\"https:\\\/\\\/relaisgourmet.com\\\/wp-content\\\/uploads\\\/2026\\\/03\\\/Coffret-3-Foies-Gras-1-300x300-1.jpg\",\"width\":300,\"height\":300},{\"@type\":\"BreadcrumbList\",\"@id\":\"https:\\\/\\\/relaisgourmet.com\\\/de\\\/produkt\\\/stellen-sie-ihr-gourmetpaket-mit-parfuemierter-leberpastete-zusammen\\\/#breadcrumb\",\"itemListElement\":[{\"@type\":\"ListItem\",\"position\":1,\"name\":\"Startseite\",\"item\":\"https:\\\/\\\/relaisgourmet.com\\\/de\\\/startseite\\\/\"},{\"@type\":\"ListItem\",\"position\":2,\"name\":\"Alle unsere Produkte\",\"item\":\"https:\\\/\\\/relaisgourmet.com\\\/de\\\/shop\\\/\"},{\"@type\":\"ListItem\",\"position\":3,\"name\":\"Stellen Sie Ihr Gourmetpaket mit parf\u00fcmierter Leberpastete zusammen\"}]},{\"@type\":\"WebSite\",\"@id\":\"https:\\\/\\\/relaisgourmet.com\\\/de\\\/#website\",\"url\":\"https:\\\/\\\/relaisgourmet.com\\\/de\\\/\",\"name\":\"Relais Gourmet\",\"description\":\"Foie Gras 100% Fran\u00e7ais\",\"publisher\":{\"@id\":\"https:\\\/\\\/relaisgourmet.com\\\/de\\\/#organization\"},\"potentialAction\":[{\"@type\":\"SearchAction\",\"target\":{\"@type\":\"EntryPoint\",\"urlTemplate\":\"https:\\\/\\\/relaisgourmet.com\\\/de\\\/?s={search_term_string}\"},\"query-input\":{\"@type\":\"PropertyValueSpecification\",\"valueRequired\":true,\"valueName\":\"search_term_string\"}}],\"inLanguage\":\"de\"},{\"@type\":\"Organization\",\"@id\":\"https:\\\/\\\/relaisgourmet.com\\\/de\\\/#organization\",\"name\":\"Relais Gourmet\",\"url\":\"https:\\\/\\\/relaisgourmet.com\\\/de\\\/\",\"logo\":{\"@type\":\"ImageObject\",\"inLanguage\":\"de\",\"@id\":\"https:\\\/\\\/relaisgourmet.com\\\/de\\\/#\\\/schema\\\/logo\\\/image\\\/\",\"url\":\"https:\\\/\\\/relaisgourmet.com\\\/wp-content\\\/uploads\\\/2026\\\/03\\\/yoast-logo-2-relais-gourmet-.png\",\"contentUrl\":\"https:\\\/\\\/relaisgourmet.com\\\/wp-content\\\/uploads\\\/2026\\\/03\\\/yoast-logo-2-relais-gourmet-.png\",\"width\":1200,\"height\":675,\"caption\":\"Relais Gourmet\"},\"image\":{\"@id\":\"https:\\\/\\\/relaisgourmet.com\\\/de\\\/#\\\/schema\\\/logo\\\/image\\\/\"},\"sameAs\":[\"https:\\\/\\\/www.facebook.com\\\/relaisgourmet\\\/\",\"https:\\\/\\\/x.com\\\/relaisgourmet64\",\"https:\\\/\\\/www.instagram.com\\\/relaisgourmetofficiel\",\"https:\\\/\\\/www.pinterest.fr\\\/relaisgourmet\\\/\"],\"email\":\"yaqueche@relaisgourmet.com\",\"telephone\":\"+33 0 5 40 07 07 65\",\"legalName\":\"Relais Gourmet\",\"vatID\":\"FR13482415015\",\"taxID\":\"482415015\"}]}<\/script>\n<!-- \/ Yoast SEO Premium plugin. -->","yoast_head_json":{"title":"Gourmetpaket Parf\u00fcmierte Stopfleber zum Selbstzusammenstellen | Relais Gourmet","description":"W\u00e4hlen Sie duftende Geschmacksrichtungen und stellen Sie Ihre eigene Box mit parf\u00fcmierten Leberpasteten zusammen.","robots":{"index":"index","follow":"follow","max-snippet":"max-snippet:-1","max-image-preview":"max-image-preview:large","max-video-preview":"max-video-preview:-1"},"canonical":"https:\/\/relaisgourmet.com\/de\/produkt\/stellen-sie-ihr-gourmetpaket-mit-parfuemierter-leberpastete-zusammen\/","og_locale":"de_DE","og_type":"article","og_title":"Stellen Sie Ihr Gourmetpaket mit parf\u00fcmierter Leberpastete zusammen","og_description":"Gestalten Sie Ihre Box individuell mit unseren parf\u00fcmierten Leberpasteten, die feine Aromen und sorgf\u00e4ltig ausgew\u00e4hlte Zutaten kombinieren. Es ist ganz einfach: W\u00e4hlen Sie Ihre 200g oder 400g Gl\u00e4ser nach Ihrem Geschmack. Ab 4 gekauften G\u00e4nseleberpasteten erhalten Sie einen Aperitif im Wert von 12 Euro gratis. Au\u00dferdem profitieren Sie von der kostenlosen Lieferung f\u00fcr Bestellungen \u00fcber 99 \u20ac (nur innerhalb Frankreichs). Entdecken Sie die verf\u00fcgbaren Optionen und kreieren Sie Ihr perfektes Duftpaket!  Garantiert 100% franz\u00f6sische Produktion \u2714 Garantiert ohne Konservierungsstoffe, Zusatzstoffe und Farbstoffe. \ud83c\udf43 Mit gelbem Mais gef\u00fctterte Enten \ud83d\ude9a Schnelle Lieferung weltweit \ud83d\udd53 3 Jahre haltbar \ud83d\udd10 Sichere Zahlung","og_url":"https:\/\/relaisgourmet.com\/de\/produkt\/stellen-sie-ihr-gourmetpaket-mit-parfuemierter-leberpastete-zusammen\/","og_site_name":"Relais Gourmet","article_publisher":"https:\/\/www.facebook.com\/relaisgourmet\/","article_modified_time":"2026-04-01T22:18:33+00:00","og_image":[{"width":300,"height":300,"url":"https:\/\/relaisgourmet.com\/wp-content\/uploads\/2026\/03\/Coffret-3-Foies-Gras-1-300x300-1.jpg","type":"image\/jpeg"}],"twitter_card":"summary_large_image","twitter_site":"@relaisgourmet64","schema":{"@context":"https:\/\/schema.org","@graph":[{"@type":"WebPage","@id":"https:\/\/relaisgourmet.com\/de\/produkt\/stellen-sie-ihr-gourmetpaket-mit-parfuemierter-leberpastete-zusammen\/","url":"https:\/\/relaisgourmet.com\/de\/produkt\/stellen-sie-ihr-gourmetpaket-mit-parfuemierter-leberpastete-zusammen\/","name":"Gourmetpaket Parf\u00fcmierte Stopfleber zum Selbstzusammenstellen | Relais Gourmet","isPartOf":{"@id":"https:\/\/relaisgourmet.com\/de\/#website"},"primaryImageOfPage":{"@id":"https:\/\/relaisgourmet.com\/de\/produkt\/stellen-sie-ihr-gourmetpaket-mit-parfuemierter-leberpastete-zusammen\/#primaryimage"},"image":{"@id":"https:\/\/relaisgourmet.com\/de\/produkt\/stellen-sie-ihr-gourmetpaket-mit-parfuemierter-leberpastete-zusammen\/#primaryimage"},"thumbnailUrl":"https:\/\/relaisgourmet.com\/wp-content\/uploads\/2026\/03\/Coffret-3-Foies-Gras-1-300x300-1.jpg","datePublished":"2026-03-30T15:07:55+00:00","dateModified":"2026-04-01T22:18:33+00:00","description":"W\u00e4hlen Sie duftende Geschmacksrichtungen und stellen Sie Ihre eigene Box mit parf\u00fcmierten Leberpasteten zusammen.","breadcrumb":{"@id":"https:\/\/relaisgourmet.com\/de\/produkt\/stellen-sie-ihr-gourmetpaket-mit-parfuemierter-leberpastete-zusammen\/#breadcrumb"},"inLanguage":"de","potentialAction":[{"@type":"ReadAction","target":["https:\/\/relaisgourmet.com\/de\/produkt\/stellen-sie-ihr-gourmetpaket-mit-parfuemierter-leberpastete-zusammen\/"]}]},{"@type":"ImageObject","inLanguage":"de","@id":"https:\/\/relaisgourmet.com\/de\/produkt\/stellen-sie-ihr-gourmetpaket-mit-parfuemierter-leberpastete-zusammen\/#primaryimage","url":"https:\/\/relaisgourmet.com\/wp-content\/uploads\/2026\/03\/Coffret-3-Foies-Gras-1-300x300-1.jpg","contentUrl":"https:\/\/relaisgourmet.com\/wp-content\/uploads\/2026\/03\/Coffret-3-Foies-Gras-1-300x300-1.jpg","width":300,"height":300},{"@type":"BreadcrumbList","@id":"https:\/\/relaisgourmet.com\/de\/produkt\/stellen-sie-ihr-gourmetpaket-mit-parfuemierter-leberpastete-zusammen\/#breadcrumb","itemListElement":[{"@type":"ListItem","position":1,"name":"Startseite","item":"https:\/\/relaisgourmet.com\/de\/startseite\/"},{"@type":"ListItem","position":2,"name":"Alle unsere Produkte","item":"https:\/\/relaisgourmet.com\/de\/shop\/"},{"@type":"ListItem","position":3,"name":"Stellen Sie Ihr Gourmetpaket mit parf\u00fcmierter Leberpastete zusammen"}]},{"@type":"WebSite","@id":"https:\/\/relaisgourmet.com\/de\/#website","url":"https:\/\/relaisgourmet.com\/de\/","name":"Relais Gourmet","description":"Foie Gras 100% Fran\u00e7ais","publisher":{"@id":"https:\/\/relaisgourmet.com\/de\/#organization"},"potentialAction":[{"@type":"SearchAction","target":{"@type":"EntryPoint","urlTemplate":"https:\/\/relaisgourmet.com\/de\/?s={search_term_string}"},"query-input":{"@type":"PropertyValueSpecification","valueRequired":true,"valueName":"search_term_string"}}],"inLanguage":"de"},{"@type":"Organization","@id":"https:\/\/relaisgourmet.com\/de\/#organization","name":"Relais Gourmet","url":"https:\/\/relaisgourmet.com\/de\/","logo":{"@type":"ImageObject","inLanguage":"de","@id":"https:\/\/relaisgourmet.com\/de\/#\/schema\/logo\/image\/","url":"https:\/\/relaisgourmet.com\/wp-content\/uploads\/2026\/03\/yoast-logo-2-relais-gourmet-.png","contentUrl":"https:\/\/relaisgourmet.com\/wp-content\/uploads\/2026\/03\/yoast-logo-2-relais-gourmet-.png","width":1200,"height":675,"caption":"Relais Gourmet"},"image":{"@id":"https:\/\/relaisgourmet.com\/de\/#\/schema\/logo\/image\/"},"sameAs":["https:\/\/www.facebook.com\/relaisgourmet\/","https:\/\/x.com\/relaisgourmet64","https:\/\/www.instagram.com\/relaisgourmetofficiel","https:\/\/www.pinterest.fr\/relaisgourmet\/"],"email":"yaqueche@relaisgourmet.com","telephone":"+33 0 5 40 07 07 65","legalName":"Relais Gourmet","vatID":"FR13482415015","taxID":"482415015"}]}},"_links":{"self":[{"href":"https:\/\/relaisgourmet.com\/de\/wp-json\/wp\/v2\/product\/66753","targetHints":{"allow":["GET"]}}],"collection":[{"href":"https:\/\/relaisgourmet.com\/de\/wp-json\/wp\/v2\/product"}],"about":[{"href":"https:\/\/relaisgourmet.com\/de\/wp-json\/wp\/v2\/types\/product"}],"replies":[{"embeddable":true,"href":"https:\/\/relaisgourmet.com\/de\/wp-json\/wp\/v2\/comments?post=66753"}],"wp:featuredmedia":[{"embeddable":true,"href":"https:\/\/relaisgourmet.com\/de\/wp-json\/wp\/v2\/media\/66745"}],"wp:attachment":[{"href":"https:\/\/relaisgourmet.com\/de\/wp-json\/wp\/v2\/media?parent=66753"}],"wp:term":[{"taxonomy":"product_brand","embeddable":true,"href":"https:\/\/relaisgourmet.com\/de\/wp-json\/wp\/v2\/product_brand?post=66753"},{"taxonomy":"product_cat","embeddable":true,"href":"https:\/\/relaisgourmet.com\/de\/wp-json\/wp\/v2\/product_cat?post=66753"},{"taxonomy":"product_tag","embeddable":true,"href":"https:\/\/relaisgourmet.com\/de\/wp-json\/wp\/v2\/product_tag?post=66753"},{"taxonomy":"giftcard-category","embeddable":true,"href":"https:\/\/relaisgourmet.com\/de\/wp-json\/wp\/v2\/giftcard-category?post=66753"}],"curies":[{"name":"wp","href":"https:\/\/api.w.org\/{rel}","templated":true}]}}