{"id":65160,"date":"2026-03-10T12:24:47","date_gmt":"2026-03-10T12:24:47","guid":{"rendered":"https:\/\/relaisgourmet.com\/product\/turron-mit-katalanischer-sahne-weich\/"},"modified":"2026-04-01T22:43:17","modified_gmt":"2026-04-01T22:43:17","slug":"turron-mit-katalanischer-sahne-weich","status":"publish","type":"product","link":"https:\/\/relaisgourmet.com\/de\/produkt\/turron-mit-katalanischer-sahne-weich\/","title":{"rendered":"Turron mit katalanischer Sahne (weich)"},"content":{"rendered":"<p><strong>Der Turr\u00f3n mit katalanischer Creme von Maria Simona wird nach <a href=\"https:\/\/mariasimona.com\/secrets-fabrication-turron-jijona\/\">einem traditionellen Rezept<\/a> hergestellt.<\/strong><\/p>\n<ul>\n<li><strong>Nettogewicht:<\/strong> 200 g<\/li>\n<li><strong>Haltbarkeitsdauer: <\/strong>Mindestens 9 Monate. Nach dem \u00d6ffnen an einem k\u00fchlen, trockenen, dunklen und vor Licht und Feuchtigkeit gesch\u00fctzten Ort aufbewahren, entweder in der Originalverpackung oder in Aluminiumfolie oder Film eingewickelt und dann in einem luftdichten Beh\u00e4lter. Es wird oft der Fehler gemacht, Nougat im K\u00fchlschrank aufzubewahren, was nur seine organoleptischen Eigenschaften, sein Aroma und seine Textur beeintr\u00e4chtigt.  <\/li>\n<li><strong>Zutaten: <\/strong>Zucker, Mandeln, Eigelb (7%), Glukosesirup und Konservierungsmittel (E-200). Kann Spuren von N\u00fcssen und Milch enthalten. <\/li>\n<\/ul>\n<p><strong>Dieses Produkt ist glutenfrei und daher f\u00fcr Z\u00f6liakiepatienten geeignet.<\/strong><\/p>\n<h3>Die Geschichte des Turron mit katalanischer Sahne<\/h3>\n<p>Die katalanische Creme <a href=\"https:\/\/fr.wikipedia.org\/wiki\/Cr%C3%A8me_catalane\">ist ein typisches Dessert aus Katalonien<\/a>. Sie wird in dieser Region mindestens seit dem 16. Jahrhundert hergestellt, ist aber wahrscheinlich noch viel \u00e4lter. Tats\u00e4chlich ist diese Creme eine Weiterentwicklung der Englischen Creme, die bereits einige Jahrhunderte vor Christus in der Republik Rom hergestellt wurde.  <\/p>\n<p>Dieses Dessert besteht aus einer Puddingcreme auf Eigelbbasis, die mit einer Schicht karamellisiertem Zucker bedeckt ist. Der Turron mit katalanischer Creme verwendet das ger\u00f6stete Eigelb und den Zucker auf \u00e4hnliche Weise, weshalb er auch Nougat mit katalanischer Creme genannt wird, obwohl er weder Mehl noch Milch enth\u00e4lt. <\/p>\n<h3>F\u00fcr weitere Informationen:<\/h3>\n<p>Alle unsere Vorbereitungstipps finden Sie auf <a href=\"https:\/\/mariasimona.com\/\">Maria Simonas Website<\/a>.<\/p>\n<p>Besuchen Sie unseren Blog, um <a href=\"https:\/\/mariasimona.com\/recettes-turron\/\">unsere k\u00f6stlichen Rezepte<\/a> zu entdecken.<\/p>\n<p>Als Beilage empfehlen wir <a href=\"https:\/\/epic-varahamihira.207-180-195-93.plesk.page\/\">die k\u00f6stlichen G\u00e4nseleberpasteten von Relais Gourmet <\/a>.<\/p>\n","protected":false},"excerpt":{"rendered":"<p>Der Turron mit katalanischer Creme wird aus ger\u00f6stetem Eigelb und gemahlenen Mandeln hergestellt und wird auch als &#8222;Turron mit ger\u00f6stetem Eigelb&#8220; bezeichnet. Seine Farbe, sein Aroma und sein Geschmack sind die des Eigelbs, das f\u00fcr seine Zubereitung verwendet wird, und das sorgf\u00e4ltig mit den Mandeln kombiniert wird. <\/p>\n<p>Der Turron mit katalanischer Creme von Maria Simona wird nach <a href=\"https:\/\/mariasimona.com\/secrets-fabrication-turron-jijona\/\">einem traditionellen Rezept<\/a> hergestellt.<\/p>\n<p><span style=\"font-size: 16px;\">Wir verwenden ausschlie\u00dflich hochwertige spanische Zutaten.<\/span><\/p>\n","protected":false},"featured_media":65164,"comment_status":"closed","ping_status":"closed","template":"","meta":{"_iconic_wsb_product_page_order_bump_ids":[],"_sku":["864d429bd7da"],"_iconic_wsb_product_page_bump_modal_ids":[]},"product_brand":[],"product_cat":[1670],"product_tag":[],"giftcard-category":[],"class_list":{"0":"post-65160","1":"product","2":"type-product","3":"status-publish","4":"has-post-thumbnail","6":"product_cat-spanische-turrons","7":"product_shipping_class-standard","9":"first","10":"instock","11":"taxable","12":"shipping-taxable","13":"purchasable","14":"product-type-simple"},"yoast_head":"<!-- This site is optimized with the Yoast SEO Premium plugin v27.3 (Yoast SEO v27.3) - https:\/\/yoast.com\/product\/yoast-seo-premium-wordpress\/ -->\n<title>Turron Cr\u00e8me Catalane Gourmand | Relais Gourmet<\/title>\n<meta name=\"description\" content=\"Turron \u00e0 la Cr\u00e8me Catalane: Eine s\u00fc\u00dfe und cremige Spezialit\u00e4t, die von einem katalanischen Dessert inspiriert wurde.\" \/>\n<meta name=\"robots\" content=\"index, follow, max-snippet:-1, max-image-preview:large, max-video-preview:-1\" \/>\n<link rel=\"canonical\" href=\"https:\/\/relaisgourmet.com\/de\/produkt\/turron-mit-katalanischer-sahne-weich\/\" \/>\n<meta property=\"og:locale\" content=\"de_DE\" \/>\n<meta property=\"og:type\" content=\"article\" \/>\n<meta property=\"og:title\" content=\"Turron mit katalanischer Sahne (weich)\" \/>\n<meta property=\"og:description\" content=\"Der Turron mit katalanischer Creme wird aus ger\u00f6stetem Eigelb und gemahlenen Mandeln hergestellt und wird auch als &quot;Turron mit ger\u00f6stetem Eigelb&quot; bezeichnet. Seine Farbe, sein Aroma und sein Geschmack sind die des Eigelbs, das f\u00fcr seine Zubereitung verwendet wird, und das sorgf\u00e4ltig mit den Mandeln kombiniert wird.  Der Turron mit katalanischer Creme von Maria Simona wird nach einem traditionellen Rezept hergestellt. Wir verwenden ausschlie\u00dflich hochwertige spanische Zutaten.\" \/>\n<meta property=\"og:url\" content=\"https:\/\/relaisgourmet.com\/de\/produkt\/turron-mit-katalanischer-sahne-weich\/\" \/>\n<meta property=\"og:site_name\" content=\"Relais Gourmet\" \/>\n<meta property=\"article:publisher\" content=\"https:\/\/www.facebook.com\/relaisgourmet\/\" \/>\n<meta property=\"article:modified_time\" content=\"2026-04-01T22:43:17+00:00\" \/>\n<meta property=\"og:image\" content=\"https:\/\/relaisgourmet.com\/wp-content\/uploads\/2026\/03\/Yema-Tostada-1.jpg\" \/>\n\t<meta property=\"og:image:width\" content=\"600\" \/>\n\t<meta property=\"og:image:height\" content=\"600\" \/>\n\t<meta property=\"og:image:type\" content=\"image\/jpeg\" \/>\n<meta name=\"twitter:card\" content=\"summary_large_image\" \/>\n<meta name=\"twitter:site\" content=\"@relaisgourmet64\" \/>\n<meta name=\"twitter:label1\" content=\"Gesch\u00e4tzte Lesezeit\" \/>\n\t<meta name=\"twitter:data1\" content=\"1\u00a0Minute\" \/>\n<script type=\"application\/ld+json\" class=\"yoast-schema-graph\">{\"@context\":\"https:\\\/\\\/schema.org\",\"@graph\":[{\"@type\":\"WebPage\",\"@id\":\"https:\\\/\\\/relaisgourmet.com\\\/de\\\/produkt\\\/turron-mit-katalanischer-sahne-weich\\\/\",\"url\":\"https:\\\/\\\/relaisgourmet.com\\\/de\\\/produkt\\\/turron-mit-katalanischer-sahne-weich\\\/\",\"name\":\"Turron Cr\u00e8me Catalane Gourmand | Relais Gourmet\",\"isPartOf\":{\"@id\":\"https:\\\/\\\/relaisgourmet.com\\\/de\\\/#website\"},\"primaryImageOfPage\":{\"@id\":\"https:\\\/\\\/relaisgourmet.com\\\/de\\\/produkt\\\/turron-mit-katalanischer-sahne-weich\\\/#primaryimage\"},\"image\":{\"@id\":\"https:\\\/\\\/relaisgourmet.com\\\/de\\\/produkt\\\/turron-mit-katalanischer-sahne-weich\\\/#primaryimage\"},\"thumbnailUrl\":\"https:\\\/\\\/relaisgourmet.com\\\/wp-content\\\/uploads\\\/2026\\\/03\\\/Yema-Tostada-1.jpg\",\"datePublished\":\"2026-03-10T12:24:47+00:00\",\"dateModified\":\"2026-04-01T22:43:17+00:00\",\"description\":\"Turron \u00e0 la Cr\u00e8me Catalane: Eine s\u00fc\u00dfe und cremige Spezialit\u00e4t, die von einem katalanischen Dessert inspiriert wurde.\",\"breadcrumb\":{\"@id\":\"https:\\\/\\\/relaisgourmet.com\\\/de\\\/produkt\\\/turron-mit-katalanischer-sahne-weich\\\/#breadcrumb\"},\"inLanguage\":\"de\",\"potentialAction\":[{\"@type\":\"ReadAction\",\"target\":[\"https:\\\/\\\/relaisgourmet.com\\\/de\\\/produkt\\\/turron-mit-katalanischer-sahne-weich\\\/\"]}]},{\"@type\":\"ImageObject\",\"inLanguage\":\"de\",\"@id\":\"https:\\\/\\\/relaisgourmet.com\\\/de\\\/produkt\\\/turron-mit-katalanischer-sahne-weich\\\/#primaryimage\",\"url\":\"https:\\\/\\\/relaisgourmet.com\\\/wp-content\\\/uploads\\\/2026\\\/03\\\/Yema-Tostada-1.jpg\",\"contentUrl\":\"https:\\\/\\\/relaisgourmet.com\\\/wp-content\\\/uploads\\\/2026\\\/03\\\/Yema-Tostada-1.jpg\",\"width\":600,\"height\":600},{\"@type\":\"BreadcrumbList\",\"@id\":\"https:\\\/\\\/relaisgourmet.com\\\/de\\\/produkt\\\/turron-mit-katalanischer-sahne-weich\\\/#breadcrumb\",\"itemListElement\":[{\"@type\":\"ListItem\",\"position\":1,\"name\":\"Startseite\",\"item\":\"https:\\\/\\\/relaisgourmet.com\\\/de\\\/startseite\\\/\"},{\"@type\":\"ListItem\",\"position\":2,\"name\":\"Alle unsere Produkte\",\"item\":\"https:\\\/\\\/relaisgourmet.com\\\/de\\\/shop\\\/\"},{\"@type\":\"ListItem\",\"position\":3,\"name\":\"Turron mit katalanischer Sahne (weich)\"}]},{\"@type\":\"WebSite\",\"@id\":\"https:\\\/\\\/relaisgourmet.com\\\/de\\\/#website\",\"url\":\"https:\\\/\\\/relaisgourmet.com\\\/de\\\/\",\"name\":\"Relais Gourmet\",\"description\":\"Foie Gras 100% Fran\u00e7ais\",\"publisher\":{\"@id\":\"https:\\\/\\\/relaisgourmet.com\\\/de\\\/#organization\"},\"potentialAction\":[{\"@type\":\"SearchAction\",\"target\":{\"@type\":\"EntryPoint\",\"urlTemplate\":\"https:\\\/\\\/relaisgourmet.com\\\/de\\\/?s={search_term_string}\"},\"query-input\":{\"@type\":\"PropertyValueSpecification\",\"valueRequired\":true,\"valueName\":\"search_term_string\"}}],\"inLanguage\":\"de\"},{\"@type\":\"Organization\",\"@id\":\"https:\\\/\\\/relaisgourmet.com\\\/de\\\/#organization\",\"name\":\"Relais Gourmet\",\"url\":\"https:\\\/\\\/relaisgourmet.com\\\/de\\\/\",\"logo\":{\"@type\":\"ImageObject\",\"inLanguage\":\"de\",\"@id\":\"https:\\\/\\\/relaisgourmet.com\\\/de\\\/#\\\/schema\\\/logo\\\/image\\\/\",\"url\":\"https:\\\/\\\/relaisgourmet.com\\\/wp-content\\\/uploads\\\/2026\\\/03\\\/yoast-logo-2-relais-gourmet-.png\",\"contentUrl\":\"https:\\\/\\\/relaisgourmet.com\\\/wp-content\\\/uploads\\\/2026\\\/03\\\/yoast-logo-2-relais-gourmet-.png\",\"width\":1200,\"height\":675,\"caption\":\"Relais Gourmet\"},\"image\":{\"@id\":\"https:\\\/\\\/relaisgourmet.com\\\/de\\\/#\\\/schema\\\/logo\\\/image\\\/\"},\"sameAs\":[\"https:\\\/\\\/www.facebook.com\\\/relaisgourmet\\\/\",\"https:\\\/\\\/x.com\\\/relaisgourmet64\",\"https:\\\/\\\/www.instagram.com\\\/relaisgourmetofficiel\",\"https:\\\/\\\/www.pinterest.fr\\\/relaisgourmet\\\/\"],\"email\":\"yaqueche@relaisgourmet.com\",\"telephone\":\"+33 0 5 40 07 07 65\",\"legalName\":\"Relais Gourmet\",\"vatID\":\"FR13482415015\",\"taxID\":\"482415015\"}]}<\/script>\n<!-- \/ Yoast SEO Premium plugin. -->","yoast_head_json":{"title":"Turron Cr\u00e8me Catalane Gourmand | Relais Gourmet","description":"Turron \u00e0 la Cr\u00e8me Catalane: Eine s\u00fc\u00dfe und cremige Spezialit\u00e4t, die von einem katalanischen Dessert inspiriert wurde.","robots":{"index":"index","follow":"follow","max-snippet":"max-snippet:-1","max-image-preview":"max-image-preview:large","max-video-preview":"max-video-preview:-1"},"canonical":"https:\/\/relaisgourmet.com\/de\/produkt\/turron-mit-katalanischer-sahne-weich\/","og_locale":"de_DE","og_type":"article","og_title":"Turron mit katalanischer Sahne (weich)","og_description":"Der Turron mit katalanischer Creme wird aus ger\u00f6stetem Eigelb und gemahlenen Mandeln hergestellt und wird auch als \"Turron mit ger\u00f6stetem Eigelb\" bezeichnet. Seine Farbe, sein Aroma und sein Geschmack sind die des Eigelbs, das f\u00fcr seine Zubereitung verwendet wird, und das sorgf\u00e4ltig mit den Mandeln kombiniert wird.  Der Turron mit katalanischer Creme von Maria Simona wird nach einem traditionellen Rezept hergestellt. Wir verwenden ausschlie\u00dflich hochwertige spanische Zutaten.","og_url":"https:\/\/relaisgourmet.com\/de\/produkt\/turron-mit-katalanischer-sahne-weich\/","og_site_name":"Relais Gourmet","article_publisher":"https:\/\/www.facebook.com\/relaisgourmet\/","article_modified_time":"2026-04-01T22:43:17+00:00","og_image":[{"width":600,"height":600,"url":"https:\/\/relaisgourmet.com\/wp-content\/uploads\/2026\/03\/Yema-Tostada-1.jpg","type":"image\/jpeg"}],"twitter_card":"summary_large_image","twitter_site":"@relaisgourmet64","twitter_misc":{"Gesch\u00e4tzte Lesezeit":"1\u00a0Minute"},"schema":{"@context":"https:\/\/schema.org","@graph":[{"@type":"WebPage","@id":"https:\/\/relaisgourmet.com\/de\/produkt\/turron-mit-katalanischer-sahne-weich\/","url":"https:\/\/relaisgourmet.com\/de\/produkt\/turron-mit-katalanischer-sahne-weich\/","name":"Turron Cr\u00e8me Catalane Gourmand | Relais Gourmet","isPartOf":{"@id":"https:\/\/relaisgourmet.com\/de\/#website"},"primaryImageOfPage":{"@id":"https:\/\/relaisgourmet.com\/de\/produkt\/turron-mit-katalanischer-sahne-weich\/#primaryimage"},"image":{"@id":"https:\/\/relaisgourmet.com\/de\/produkt\/turron-mit-katalanischer-sahne-weich\/#primaryimage"},"thumbnailUrl":"https:\/\/relaisgourmet.com\/wp-content\/uploads\/2026\/03\/Yema-Tostada-1.jpg","datePublished":"2026-03-10T12:24:47+00:00","dateModified":"2026-04-01T22:43:17+00:00","description":"Turron \u00e0 la Cr\u00e8me Catalane: Eine s\u00fc\u00dfe und cremige Spezialit\u00e4t, die von einem katalanischen Dessert inspiriert wurde.","breadcrumb":{"@id":"https:\/\/relaisgourmet.com\/de\/produkt\/turron-mit-katalanischer-sahne-weich\/#breadcrumb"},"inLanguage":"de","potentialAction":[{"@type":"ReadAction","target":["https:\/\/relaisgourmet.com\/de\/produkt\/turron-mit-katalanischer-sahne-weich\/"]}]},{"@type":"ImageObject","inLanguage":"de","@id":"https:\/\/relaisgourmet.com\/de\/produkt\/turron-mit-katalanischer-sahne-weich\/#primaryimage","url":"https:\/\/relaisgourmet.com\/wp-content\/uploads\/2026\/03\/Yema-Tostada-1.jpg","contentUrl":"https:\/\/relaisgourmet.com\/wp-content\/uploads\/2026\/03\/Yema-Tostada-1.jpg","width":600,"height":600},{"@type":"BreadcrumbList","@id":"https:\/\/relaisgourmet.com\/de\/produkt\/turron-mit-katalanischer-sahne-weich\/#breadcrumb","itemListElement":[{"@type":"ListItem","position":1,"name":"Startseite","item":"https:\/\/relaisgourmet.com\/de\/startseite\/"},{"@type":"ListItem","position":2,"name":"Alle unsere Produkte","item":"https:\/\/relaisgourmet.com\/de\/shop\/"},{"@type":"ListItem","position":3,"name":"Turron mit katalanischer Sahne (weich)"}]},{"@type":"WebSite","@id":"https:\/\/relaisgourmet.com\/de\/#website","url":"https:\/\/relaisgourmet.com\/de\/","name":"Relais Gourmet","description":"Foie Gras 100% Fran\u00e7ais","publisher":{"@id":"https:\/\/relaisgourmet.com\/de\/#organization"},"potentialAction":[{"@type":"SearchAction","target":{"@type":"EntryPoint","urlTemplate":"https:\/\/relaisgourmet.com\/de\/?s={search_term_string}"},"query-input":{"@type":"PropertyValueSpecification","valueRequired":true,"valueName":"search_term_string"}}],"inLanguage":"de"},{"@type":"Organization","@id":"https:\/\/relaisgourmet.com\/de\/#organization","name":"Relais Gourmet","url":"https:\/\/relaisgourmet.com\/de\/","logo":{"@type":"ImageObject","inLanguage":"de","@id":"https:\/\/relaisgourmet.com\/de\/#\/schema\/logo\/image\/","url":"https:\/\/relaisgourmet.com\/wp-content\/uploads\/2026\/03\/yoast-logo-2-relais-gourmet-.png","contentUrl":"https:\/\/relaisgourmet.com\/wp-content\/uploads\/2026\/03\/yoast-logo-2-relais-gourmet-.png","width":1200,"height":675,"caption":"Relais Gourmet"},"image":{"@id":"https:\/\/relaisgourmet.com\/de\/#\/schema\/logo\/image\/"},"sameAs":["https:\/\/www.facebook.com\/relaisgourmet\/","https:\/\/x.com\/relaisgourmet64","https:\/\/www.instagram.com\/relaisgourmetofficiel","https:\/\/www.pinterest.fr\/relaisgourmet\/"],"email":"yaqueche@relaisgourmet.com","telephone":"+33 0 5 40 07 07 65","legalName":"Relais Gourmet","vatID":"FR13482415015","taxID":"482415015"}]}},"_links":{"self":[{"href":"https:\/\/relaisgourmet.com\/de\/wp-json\/wp\/v2\/product\/65160","targetHints":{"allow":["GET"]}}],"collection":[{"href":"https:\/\/relaisgourmet.com\/de\/wp-json\/wp\/v2\/product"}],"about":[{"href":"https:\/\/relaisgourmet.com\/de\/wp-json\/wp\/v2\/types\/product"}],"replies":[{"embeddable":true,"href":"https:\/\/relaisgourmet.com\/de\/wp-json\/wp\/v2\/comments?post=65160"}],"wp:featuredmedia":[{"embeddable":true,"href":"https:\/\/relaisgourmet.com\/de\/wp-json\/wp\/v2\/media\/65164"}],"wp:attachment":[{"href":"https:\/\/relaisgourmet.com\/de\/wp-json\/wp\/v2\/media?parent=65160"}],"wp:term":[{"taxonomy":"product_brand","embeddable":true,"href":"https:\/\/relaisgourmet.com\/de\/wp-json\/wp\/v2\/product_brand?post=65160"},{"taxonomy":"product_cat","embeddable":true,"href":"https:\/\/relaisgourmet.com\/de\/wp-json\/wp\/v2\/product_cat?post=65160"},{"taxonomy":"product_tag","embeddable":true,"href":"https:\/\/relaisgourmet.com\/de\/wp-json\/wp\/v2\/product_tag?post=65160"},{"taxonomy":"giftcard-category","embeddable":true,"href":"https:\/\/relaisgourmet.com\/de\/wp-json\/wp\/v2\/giftcard-category?post=65160"}],"curies":[{"name":"wp","href":"https:\/\/api.w.org\/{rel}","templated":true}]}}