{"id":65013,"date":"2026-03-10T12:27:00","date_gmt":"2026-03-10T12:27:00","guid":{"rendered":"https:\/\/strange-jennings.213-136-85-46.plesk.page\/product\/guerande-salz-mit-espelette-pfeffer\/"},"modified":"2026-04-01T22:32:13","modified_gmt":"2026-04-01T22:32:13","slug":"guerande-salz-mit-espelette-pfeffer","status":"publish","type":"product","link":"https:\/\/relaisgourmet.com\/de\/produkt\/guerande-salz-mit-espelette-pfeffer\/","title":{"rendered":"Gu\u00e9rande-Salz mit Espelette-Pfeffer"},"content":{"rendered":"<p class=\"\" data-start=\"82\" data-end=\"383\"><strong> Gu\u00e9rande-Salz mit Espelette-Pfeffer<\/strong> ist die perfekte Zutat, um Fleisch, Fisch, Gem\u00fcse, So\u00dfen und gegrilltes Fleisch zu bereichern. Eine kleine Prise reicht aus, um Ihre Geschmacksknospen auf eine Reise ins Herz des Baskenlandes mitzunehmen. <\/p>\n<h4 class=\"\" data-start=\"385\" data-end=\"403\">Zusammensetzung :<\/h4>\n<ul>\n<li class=\"\" data-start=\"404\" data-end=\"472\">\n<p class=\"\" data-start=\"406\" data-end=\"472\"><strong data-start=\"406\" data-end=\"421\">Zutaten<\/strong> : grobes Gu\u00e9rande IGP-Salz, Espelette-Pfeffer-PDO<\/p>\n<\/li>\n<li data-start=\"406\" data-end=\"472\"><strong data-start=\"475\" data-end=\"488\">Nettogewicht<\/strong> : 60 g<\/li>\n<\/ul>\n<p class=\"\" data-start=\"507\" data-end=\"806\">Die Salzarbeiter ernten dieses dicke Salz in den Salzmarschen von Gu\u00e9rande und kombinieren es mit Espelette-Pfeffer, einem ber\u00fchmten Gew\u00fcrz aus dem Baskenland. Es bereichert Ihre Gerichte mit Eleganz und verbreitet eine bezaubernde Hitze, ohne \u00dcberma\u00df. <\/p>\n<h4 class=\"\" data-start=\"808\" data-end=\"853\">Aufbewahrung und Anleitungen f\u00fcr die Anwendung:<\/h4>\n<ul data-start=\"854\" data-end=\"1092\">\n<li class=\"\" data-start=\"854\" data-end=\"949\">\n<p class=\"\" data-start=\"856\" data-end=\"949\"><strong data-start=\"856\" data-end=\"872\">Lagerung<\/strong> : 12 Monate an einem trockenen Ort lagern, fernab von Hitze.<\/p>\n<\/li>\n<li class=\"\" data-start=\"950\" data-end=\"1092\">\n<p class=\"\" data-start=\"952\" data-end=\"1092\"><strong data-start=\"952\" data-end=\"978\">Anleitung: F\u00fcgen<\/strong> Sie es kurz vor dem Servieren hinzu, um die Potenz zu maximieren und die volle F\u00fclle der w\u00fcrzigen Aromen freizusetzen.<\/p>\n<\/li>\n<\/ul>\n<p data-start=\"1334\" data-end=\"1474\"><strong>Eine Geschenkidee f\u00fcr Feinschmecker und Feinschmecker oder einfach, um Ihren kulinarischen Kreationen einen Hauch von Charakter zu verleihen.<\/strong><\/p>\n<p>Schlie\u00dflich, um dieses Salz zu begleiten, warum l\u00e4sst du dich nicht von diesem Salz verf\u00fchren.  <a href=\"https:\/\/epic-varahamihira.207-180-195-93.plesk.page\/\">die k\u00f6stlichen G\u00e4nseleberpasteten von Relais Gourmet  <\/a>?<\/p>\n<article class=\"text-token-text-primary w-full\" dir=\"auto\" data-testid=\"conversation-turn-14\" data-scroll-anchor=\"true\">\n<div class=\"text-base my-auto mx-auto py-5 [--thread-content-margin:--spacing(4)] @[37rem]:[--thread-content-margin:--spacing(6)] @[70rem]:[--thread-content-margin:--spacing(12)] px-(--thread-content-margin)\">\n<div class=\"[--thread-content-max-width:32rem] @[34rem]:[--thread-content-max-width:40rem] @[64rem]:[--thread-content-max-width:48rem] mx-auto flex max-w-(--thread-content-max-width) flex-1 text-base gap-4 md:gap-5 lg:gap-6 group\/turn-messages focus-visible:outline-hidden\" tabindex=\"-1\">\n<div class=\"group\/conversation-turn relative flex w-full min-w-0 flex-col agent-turn\">\n<div class=\"relative flex-col gap-1 md:gap-3\">\n<div class=\"flex max-w-full flex-col grow\">\n<div class=\"min-h-8 text-message relative flex w-full flex-col items-end gap-2 text-start break-words whitespace-normal [.text-message+&amp;]:mt-5\" dir=\"auto\" data-message-author-role=\"assistant\" data-message-id=\"42d71592-9458-4f44-9fd8-ff33539cedb8\" data-message-model-slug=\"gpt-4o-mini\">\n<div class=\"flex w-full flex-col gap-1 empty:hidden first:pt-[3px]\">\n<div class=\"markdown prose dark:prose-invert w-full break-words light\">\n<article class=\"text-token-text-primary w-full\" dir=\"auto\" data-testid=\"conversation-turn-16\" data-scroll-anchor=\"true\">\n<div class=\"text-base my-auto mx-auto py-5 [--thread-content-margin:--spacing(4)] @[37rem]:[--thread-content-margin:--spacing(6)] @[70rem]:[--thread-content-margin:--spacing(12)] px-(--thread-content-margin)\">\n<div class=\"[--thread-content-max-width:32rem] @[34rem]:[--thread-content-max-width:40rem] @[64rem]:[--thread-content-max-width:48rem] mx-auto flex max-w-(--thread-content-max-width) flex-1 text-base gap-4 md:gap-5 lg:gap-6 group\/turn-messages focus-visible:outline-hidden\" tabindex=\"-1\">\n<div class=\"group\/conversation-turn relative flex w-full min-w-0 flex-col agent-turn\">\n<div class=\"relative flex-col gap-1 md:gap-3\">\n<div class=\"flex max-w-full flex-col grow\">\n<div class=\"min-h-8 text-message relative flex w-full flex-col items-end gap-2 text-start break-words whitespace-normal [.text-message+&amp;]:mt-5\" dir=\"auto\" data-message-author-role=\"assistant\" data-message-id=\"22dc5875-b044-4d41-b5f3-8328c90b6691\" data-message-model-slug=\"gpt-4o-mini\">\n<div class=\"flex w-full flex-col gap-1 empty:hidden first:pt-[3px]\">\n<div class=\"markdown prose dark:prose-invert w-full break-words light\">\n<p class=\"\" data-start=\"0\" data-end=\"110\">Zum Nachtisch genie\u00dfen Sie <a href=\"https:\/\/mariasimona.com\/categorie-produit\/turrons-classiques\/\"><strong data-start=\"26\" data-end=\"54\">Maria Simonas Turrones<\/strong><\/a> \u2013 eine perfekte Leckerei, um dieses Essen stilvoll abzuschlie\u00dfen.<\/p>\n<\/div>\n<\/div>\n<\/div>\n<\/div>\n<\/div>\n<\/div>\n<\/div>\n<\/div>\n<\/article>\n<\/div>\n<\/div>\n<\/div>\n<\/div>\n<\/div>\n<\/div>\n<\/div>\n<\/div>\n<\/article>\n","protected":false},"excerpt":{"rendered":"<p>Genie\u00dfen Sie das grobe Gu\u00e9rande-Salz mit Espelette-Pfeffer: die perfekte Kombination aus der Reinheit des Salzes und der dezenten W\u00e4rme des baskischen Pfeffers f\u00fcr eine w\u00fcrzige und authentische Note in Ihren Gerichten.<\/p>\n<p>\ud83c\udf3f Salz, geerntet in den Salzg\u00e4rten von Gu\u00e9rande<br \/>\n\ud83c\udf36 Piment d&#8217;Espelette AOP<br data-start=\"665\" data-end=\"668\">\ud83d\ude9a Schnelle Lieferung weltweit<br \/>\n\ud83d\udd10 Sichere Zahlung<\/p>\n<div class=\"woocommerce-product-details__short-description\">\n<p>Nettogewicht: 60g<\/p>\n<\/div>\n","protected":false},"featured_media":64218,"comment_status":"closed","ping_status":"closed","template":"","meta":{"_iconic_wsb_product_page_order_bump_ids":[],"_sku":["3110000346804-7-1"],"_iconic_wsb_product_page_bump_modal_ids":[]},"product_brand":[],"product_cat":[2161],"product_tag":[1661],"giftcard-category":[],"class_list":{"0":"post-65013","1":"product","2":"type-product","3":"status-publish","4":"has-post-thumbnail","6":"product_cat-baskische-gewurze","7":"product_tag-made-in-frankreich","9":"first","10":"instock","11":"taxable","12":"shipping-taxable","13":"purchasable","14":"product-type-simple"},"yoast_head":"<!-- This site is optimized with the Yoast SEO Premium plugin v27.3 (Yoast SEO v27.3) - https:\/\/yoast.com\/product\/yoast-seo-premium-wordpress\/ -->\n<title>Gu\u00e9rande-Salz mit Espelette-Pfeffer<\/title>\n<meta name=\"description\" content=\"Gu\u00e9rande-Salz mit Espelette-Pfeffer: eine w\u00fcrzige und raffinierte Note, die Ihre Gerichte mit authentischen baskischen Aromen w\u00fcrzt.\" \/>\n<meta name=\"robots\" content=\"index, follow, max-snippet:-1, max-image-preview:large, max-video-preview:-1\" \/>\n<link rel=\"canonical\" href=\"https:\/\/relaisgourmet.com\/de\/produkt\/guerande-salz-mit-espelette-pfeffer\/\" \/>\n<meta property=\"og:locale\" content=\"de_DE\" \/>\n<meta property=\"og:type\" content=\"article\" \/>\n<meta property=\"og:title\" content=\"Gu\u00e9rande-Salz mit Espelette-Pfeffer\" \/>\n<meta property=\"og:description\" content=\"Genie\u00dfen Sie das grobe Gu\u00e9rande-Salz mit Espelette-Pfeffer: die perfekte Kombination aus der Reinheit des Salzes und der dezenten W\u00e4rme des baskischen Pfeffers f\u00fcr eine w\u00fcrzige und authentische Note in Ihren Gerichten. \ud83c\udf3f Salz, geerntet in den Salzg\u00e4rten von Gu\u00e9rande \ud83c\udf36 Piment d&#039;Espelette AOP\ud83d\ude9a Schnelle Lieferung weltweit \ud83d\udd10 Sichere Zahlung  Nettogewicht: 60g\" \/>\n<meta property=\"og:url\" content=\"https:\/\/relaisgourmet.com\/de\/produkt\/guerande-salz-mit-espelette-pfeffer\/\" \/>\n<meta property=\"og:site_name\" content=\"Relais Gourmet\" \/>\n<meta property=\"article:publisher\" content=\"https:\/\/www.facebook.com\/relaisgourmet\/\" \/>\n<meta property=\"article:modified_time\" content=\"2026-04-01T22:32:13+00:00\" \/>\n<meta property=\"og:image\" content=\"https:\/\/relaisgourmet.com\/wp-content\/uploads\/2026\/03\/relais-gourmet-selrose-detoure-scaled-1.webp\" \/>\n\t<meta property=\"og:image:width\" content=\"1920\" \/>\n\t<meta property=\"og:image:height\" content=\"1280\" \/>\n\t<meta property=\"og:image:type\" content=\"image\/webp\" \/>\n<meta name=\"twitter:card\" content=\"summary_large_image\" \/>\n<meta name=\"twitter:site\" content=\"@relaisgourmet64\" \/>\n<meta name=\"twitter:label1\" content=\"Gesch\u00e4tzte Lesezeit\" \/>\n\t<meta name=\"twitter:data1\" content=\"1\u00a0Minute\" \/>\n<script type=\"application\/ld+json\" class=\"yoast-schema-graph\">{\"@context\":\"https:\\\/\\\/schema.org\",\"@graph\":[{\"@type\":\"WebPage\",\"@id\":\"https:\\\/\\\/relaisgourmet.com\\\/de\\\/produkt\\\/guerande-salz-mit-espelette-pfeffer\\\/\",\"url\":\"https:\\\/\\\/relaisgourmet.com\\\/de\\\/produkt\\\/guerande-salz-mit-espelette-pfeffer\\\/\",\"name\":\"Gu\u00e9rande-Salz mit Espelette-Pfeffer\",\"isPartOf\":{\"@id\":\"https:\\\/\\\/relaisgourmet.com\\\/de\\\/#website\"},\"primaryImageOfPage\":{\"@id\":\"https:\\\/\\\/relaisgourmet.com\\\/de\\\/produkt\\\/guerande-salz-mit-espelette-pfeffer\\\/#primaryimage\"},\"image\":{\"@id\":\"https:\\\/\\\/relaisgourmet.com\\\/de\\\/produkt\\\/guerande-salz-mit-espelette-pfeffer\\\/#primaryimage\"},\"thumbnailUrl\":\"https:\\\/\\\/relaisgourmet.com\\\/wp-content\\\/uploads\\\/2026\\\/03\\\/relais-gourmet-selrose-detoure-scaled-1.webp\",\"datePublished\":\"2026-03-10T12:27:00+00:00\",\"dateModified\":\"2026-04-01T22:32:13+00:00\",\"description\":\"Gu\u00e9rande-Salz mit Espelette-Pfeffer: eine w\u00fcrzige und raffinierte Note, die Ihre Gerichte mit authentischen baskischen Aromen w\u00fcrzt.\",\"breadcrumb\":{\"@id\":\"https:\\\/\\\/relaisgourmet.com\\\/de\\\/produkt\\\/guerande-salz-mit-espelette-pfeffer\\\/#breadcrumb\"},\"inLanguage\":\"de\",\"potentialAction\":[{\"@type\":\"ReadAction\",\"target\":[\"https:\\\/\\\/relaisgourmet.com\\\/de\\\/produkt\\\/guerande-salz-mit-espelette-pfeffer\\\/\"]}]},{\"@type\":\"ImageObject\",\"inLanguage\":\"de\",\"@id\":\"https:\\\/\\\/relaisgourmet.com\\\/de\\\/produkt\\\/guerande-salz-mit-espelette-pfeffer\\\/#primaryimage\",\"url\":\"https:\\\/\\\/relaisgourmet.com\\\/wp-content\\\/uploads\\\/2026\\\/03\\\/relais-gourmet-selrose-detoure-scaled-1.webp\",\"contentUrl\":\"https:\\\/\\\/relaisgourmet.com\\\/wp-content\\\/uploads\\\/2026\\\/03\\\/relais-gourmet-selrose-detoure-scaled-1.webp\",\"width\":1920,\"height\":1280},{\"@type\":\"BreadcrumbList\",\"@id\":\"https:\\\/\\\/relaisgourmet.com\\\/de\\\/produkt\\\/guerande-salz-mit-espelette-pfeffer\\\/#breadcrumb\",\"itemListElement\":[{\"@type\":\"ListItem\",\"position\":1,\"name\":\"Startseite\",\"item\":\"https:\\\/\\\/relaisgourmet.com\\\/de\\\/startseite\\\/\"},{\"@type\":\"ListItem\",\"position\":2,\"name\":\"Alle unsere Produkte\",\"item\":\"https:\\\/\\\/relaisgourmet.com\\\/de\\\/shop\\\/\"},{\"@type\":\"ListItem\",\"position\":3,\"name\":\"Gu\u00e9rande-Salz mit Espelette-Pfeffer\"}]},{\"@type\":\"WebSite\",\"@id\":\"https:\\\/\\\/relaisgourmet.com\\\/de\\\/#website\",\"url\":\"https:\\\/\\\/relaisgourmet.com\\\/de\\\/\",\"name\":\"Relais Gourmet\",\"description\":\"Foie Gras 100% Fran\u00e7ais\",\"publisher\":{\"@id\":\"https:\\\/\\\/relaisgourmet.com\\\/de\\\/#organization\"},\"potentialAction\":[{\"@type\":\"SearchAction\",\"target\":{\"@type\":\"EntryPoint\",\"urlTemplate\":\"https:\\\/\\\/relaisgourmet.com\\\/de\\\/?s={search_term_string}\"},\"query-input\":{\"@type\":\"PropertyValueSpecification\",\"valueRequired\":true,\"valueName\":\"search_term_string\"}}],\"inLanguage\":\"de\"},{\"@type\":\"Organization\",\"@id\":\"https:\\\/\\\/relaisgourmet.com\\\/de\\\/#organization\",\"name\":\"Relais Gourmet\",\"url\":\"https:\\\/\\\/relaisgourmet.com\\\/de\\\/\",\"logo\":{\"@type\":\"ImageObject\",\"inLanguage\":\"de\",\"@id\":\"https:\\\/\\\/relaisgourmet.com\\\/de\\\/#\\\/schema\\\/logo\\\/image\\\/\",\"url\":\"https:\\\/\\\/relaisgourmet.com\\\/wp-content\\\/uploads\\\/2026\\\/03\\\/yoast-logo-2-relais-gourmet-.png\",\"contentUrl\":\"https:\\\/\\\/relaisgourmet.com\\\/wp-content\\\/uploads\\\/2026\\\/03\\\/yoast-logo-2-relais-gourmet-.png\",\"width\":1200,\"height\":675,\"caption\":\"Relais Gourmet\"},\"image\":{\"@id\":\"https:\\\/\\\/relaisgourmet.com\\\/de\\\/#\\\/schema\\\/logo\\\/image\\\/\"},\"sameAs\":[\"https:\\\/\\\/www.facebook.com\\\/relaisgourmet\\\/\",\"https:\\\/\\\/x.com\\\/relaisgourmet64\",\"https:\\\/\\\/www.instagram.com\\\/relaisgourmetofficiel\",\"https:\\\/\\\/www.pinterest.fr\\\/relaisgourmet\\\/\"],\"email\":\"yaqueche@relaisgourmet.com\",\"telephone\":\"+33 0 5 40 07 07 65\",\"legalName\":\"Relais Gourmet\",\"vatID\":\"FR13482415015\",\"taxID\":\"482415015\"}]}<\/script>\n<!-- \/ Yoast SEO Premium plugin. -->","yoast_head_json":{"title":"Gu\u00e9rande-Salz mit Espelette-Pfeffer","description":"Gu\u00e9rande-Salz mit Espelette-Pfeffer: eine w\u00fcrzige und raffinierte Note, die Ihre Gerichte mit authentischen baskischen Aromen w\u00fcrzt.","robots":{"index":"index","follow":"follow","max-snippet":"max-snippet:-1","max-image-preview":"max-image-preview:large","max-video-preview":"max-video-preview:-1"},"canonical":"https:\/\/relaisgourmet.com\/de\/produkt\/guerande-salz-mit-espelette-pfeffer\/","og_locale":"de_DE","og_type":"article","og_title":"Gu\u00e9rande-Salz mit Espelette-Pfeffer","og_description":"Genie\u00dfen Sie das grobe Gu\u00e9rande-Salz mit Espelette-Pfeffer: die perfekte Kombination aus der Reinheit des Salzes und der dezenten W\u00e4rme des baskischen Pfeffers f\u00fcr eine w\u00fcrzige und authentische Note in Ihren Gerichten. \ud83c\udf3f Salz, geerntet in den Salzg\u00e4rten von Gu\u00e9rande \ud83c\udf36 Piment d'Espelette AOP\ud83d\ude9a Schnelle Lieferung weltweit \ud83d\udd10 Sichere Zahlung  Nettogewicht: 60g","og_url":"https:\/\/relaisgourmet.com\/de\/produkt\/guerande-salz-mit-espelette-pfeffer\/","og_site_name":"Relais Gourmet","article_publisher":"https:\/\/www.facebook.com\/relaisgourmet\/","article_modified_time":"2026-04-01T22:32:13+00:00","og_image":[{"width":1920,"height":1280,"url":"https:\/\/relaisgourmet.com\/wp-content\/uploads\/2026\/03\/relais-gourmet-selrose-detoure-scaled-1.webp","type":"image\/webp"}],"twitter_card":"summary_large_image","twitter_site":"@relaisgourmet64","twitter_misc":{"Gesch\u00e4tzte Lesezeit":"1\u00a0Minute"},"schema":{"@context":"https:\/\/schema.org","@graph":[{"@type":"WebPage","@id":"https:\/\/relaisgourmet.com\/de\/produkt\/guerande-salz-mit-espelette-pfeffer\/","url":"https:\/\/relaisgourmet.com\/de\/produkt\/guerande-salz-mit-espelette-pfeffer\/","name":"Gu\u00e9rande-Salz mit Espelette-Pfeffer","isPartOf":{"@id":"https:\/\/relaisgourmet.com\/de\/#website"},"primaryImageOfPage":{"@id":"https:\/\/relaisgourmet.com\/de\/produkt\/guerande-salz-mit-espelette-pfeffer\/#primaryimage"},"image":{"@id":"https:\/\/relaisgourmet.com\/de\/produkt\/guerande-salz-mit-espelette-pfeffer\/#primaryimage"},"thumbnailUrl":"https:\/\/relaisgourmet.com\/wp-content\/uploads\/2026\/03\/relais-gourmet-selrose-detoure-scaled-1.webp","datePublished":"2026-03-10T12:27:00+00:00","dateModified":"2026-04-01T22:32:13+00:00","description":"Gu\u00e9rande-Salz mit Espelette-Pfeffer: eine w\u00fcrzige und raffinierte Note, die Ihre Gerichte mit authentischen baskischen Aromen w\u00fcrzt.","breadcrumb":{"@id":"https:\/\/relaisgourmet.com\/de\/produkt\/guerande-salz-mit-espelette-pfeffer\/#breadcrumb"},"inLanguage":"de","potentialAction":[{"@type":"ReadAction","target":["https:\/\/relaisgourmet.com\/de\/produkt\/guerande-salz-mit-espelette-pfeffer\/"]}]},{"@type":"ImageObject","inLanguage":"de","@id":"https:\/\/relaisgourmet.com\/de\/produkt\/guerande-salz-mit-espelette-pfeffer\/#primaryimage","url":"https:\/\/relaisgourmet.com\/wp-content\/uploads\/2026\/03\/relais-gourmet-selrose-detoure-scaled-1.webp","contentUrl":"https:\/\/relaisgourmet.com\/wp-content\/uploads\/2026\/03\/relais-gourmet-selrose-detoure-scaled-1.webp","width":1920,"height":1280},{"@type":"BreadcrumbList","@id":"https:\/\/relaisgourmet.com\/de\/produkt\/guerande-salz-mit-espelette-pfeffer\/#breadcrumb","itemListElement":[{"@type":"ListItem","position":1,"name":"Startseite","item":"https:\/\/relaisgourmet.com\/de\/startseite\/"},{"@type":"ListItem","position":2,"name":"Alle unsere Produkte","item":"https:\/\/relaisgourmet.com\/de\/shop\/"},{"@type":"ListItem","position":3,"name":"Gu\u00e9rande-Salz mit Espelette-Pfeffer"}]},{"@type":"WebSite","@id":"https:\/\/relaisgourmet.com\/de\/#website","url":"https:\/\/relaisgourmet.com\/de\/","name":"Relais Gourmet","description":"Foie Gras 100% Fran\u00e7ais","publisher":{"@id":"https:\/\/relaisgourmet.com\/de\/#organization"},"potentialAction":[{"@type":"SearchAction","target":{"@type":"EntryPoint","urlTemplate":"https:\/\/relaisgourmet.com\/de\/?s={search_term_string}"},"query-input":{"@type":"PropertyValueSpecification","valueRequired":true,"valueName":"search_term_string"}}],"inLanguage":"de"},{"@type":"Organization","@id":"https:\/\/relaisgourmet.com\/de\/#organization","name":"Relais Gourmet","url":"https:\/\/relaisgourmet.com\/de\/","logo":{"@type":"ImageObject","inLanguage":"de","@id":"https:\/\/relaisgourmet.com\/de\/#\/schema\/logo\/image\/","url":"https:\/\/relaisgourmet.com\/wp-content\/uploads\/2026\/03\/yoast-logo-2-relais-gourmet-.png","contentUrl":"https:\/\/relaisgourmet.com\/wp-content\/uploads\/2026\/03\/yoast-logo-2-relais-gourmet-.png","width":1200,"height":675,"caption":"Relais Gourmet"},"image":{"@id":"https:\/\/relaisgourmet.com\/de\/#\/schema\/logo\/image\/"},"sameAs":["https:\/\/www.facebook.com\/relaisgourmet\/","https:\/\/x.com\/relaisgourmet64","https:\/\/www.instagram.com\/relaisgourmetofficiel","https:\/\/www.pinterest.fr\/relaisgourmet\/"],"email":"yaqueche@relaisgourmet.com","telephone":"+33 0 5 40 07 07 65","legalName":"Relais Gourmet","vatID":"FR13482415015","taxID":"482415015"}]}},"_links":{"self":[{"href":"https:\/\/relaisgourmet.com\/de\/wp-json\/wp\/v2\/product\/65013","targetHints":{"allow":["GET"]}}],"collection":[{"href":"https:\/\/relaisgourmet.com\/de\/wp-json\/wp\/v2\/product"}],"about":[{"href":"https:\/\/relaisgourmet.com\/de\/wp-json\/wp\/v2\/types\/product"}],"replies":[{"embeddable":true,"href":"https:\/\/relaisgourmet.com\/de\/wp-json\/wp\/v2\/comments?post=65013"}],"wp:featuredmedia":[{"embeddable":true,"href":"https:\/\/relaisgourmet.com\/de\/wp-json\/wp\/v2\/media\/64218"}],"wp:attachment":[{"href":"https:\/\/relaisgourmet.com\/de\/wp-json\/wp\/v2\/media?parent=65013"}],"wp:term":[{"taxonomy":"product_brand","embeddable":true,"href":"https:\/\/relaisgourmet.com\/de\/wp-json\/wp\/v2\/product_brand?post=65013"},{"taxonomy":"product_cat","embeddable":true,"href":"https:\/\/relaisgourmet.com\/de\/wp-json\/wp\/v2\/product_cat?post=65013"},{"taxonomy":"product_tag","embeddable":true,"href":"https:\/\/relaisgourmet.com\/de\/wp-json\/wp\/v2\/product_tag?post=65013"},{"taxonomy":"giftcard-category","embeddable":true,"href":"https:\/\/relaisgourmet.com\/de\/wp-json\/wp\/v2\/giftcard-category?post=65013"}],"curies":[{"name":"wp","href":"https:\/\/api.w.org\/{rel}","templated":true}]}}