{"id":64948,"date":"2026-03-10T12:26:59","date_gmt":"2026-03-10T12:26:59","guid":{"rendered":"https:\/\/strange-jennings.213-136-85-46.plesk.page\/product\/quintessence-box\/"},"modified":"2026-04-01T22:29:23","modified_gmt":"2026-04-01T22:29:23","slug":"quintessence-box","status":"publish","type":"product","link":"https:\/\/relaisgourmet.com\/de\/produkt\/quintessence-box\/","title":{"rendered":"Quintessence Box"},"content":{"rendered":"<h3 data-start=\"135\" data-end=\"209\"><strong data-start=\"139\" data-end=\"207\">Quintessence Box \u2013 Die Eleganz von Foie Gras und ger\u00e4uchertem Entenbrust<\/strong><\/h3>\n<p data-start=\"211\" data-end=\"543\"><strong data-start=\"224\" data-end=\"248\">Entdecken Sie die Quintessence Box<\/strong>, eine exquisite Kombination aus <strong data-start=\"274\" data-end=\"305\">5 angebotenen Quintessences + 1<\/strong>, die die Raffinesse <strong data-start=\"335\" data-end=\"358\">von Entenfoie gras<\/strong> mit der Intensit\u00e4t von <strong data-start=\"377\" data-end=\"392\">ger\u00e4uchertem Entenbrust<\/strong> verbindet. Ein ideales gastronomisches Erlebnis, um Ihre Aperitife zu bereichern, Ihre Mahlzeiten mit Familie oder Freunden aufzuhellen und Ihre Gourmet-Picknicks zu bereichern. <\/p>\n<h4 data-start=\"545\" data-end=\"589\"><strong data-start=\"550\" data-end=\"587\">Ein Vergn\u00fcgen, das man sich anbieten oder sich selbst g\u00f6nnen kann<\/strong><\/h4>\n<p data-start=\"591\" data-end=\"860\">Ob zu einem besonderen Anlass oder einfach zum Vergn\u00fcgen, au\u00dfergew\u00f6hnliche Produkte zu probieren \u2013 diese Box ist eine perfekte Geschenkidee. Sein elegantes Format und die handwerkliche Auswahl werden Liebhaber authentischer Aromen und lokaler Produkte verf\u00fchren. <\/p>\n<h3 data-start=\"862\" data-end=\"893\"><strong data-start=\"866\" data-end=\"891\">Ein Engagement f\u00fcr Qualit\u00e4t<\/strong><\/h3>\n<p data-start=\"895\" data-end=\"1043\">Unsere <strong data-start=\"901\" data-end=\"925\">Quintessence Box<\/strong> wird mit Respekt f\u00fcr franz\u00f6sische kulinarische Traditionen hergestellt und mit sorgf\u00e4ltig ausgew\u00e4hlten Zutaten hergestellt.<\/p>\n<ul data-start=\"1044\" data-end=\"1115\">\n<li data-start=\"1044\" data-end=\"1070\"><strong data-start=\"1046\" data-end=\"1068\">Konservierungsstofffrei<\/strong><\/li>\n<li data-start=\"1071\" data-end=\"1093\"><strong data-start=\"1073\" data-end=\"1091\">Ohne Farbstoffe<\/strong><\/li>\n<li data-start=\"1094\" data-end=\"1115\"><strong data-start=\"1096\" data-end=\"1113\">Keine Zusatzstoffe<\/strong><\/li>\n<\/ul>\n<h3 data-start=\"1117\" data-end=\"1153\"><strong data-start=\"1121\" data-end=\"1151\">Zusammensetzung und Zutaten<\/strong><\/h3>\n<p data-start=\"1155\" data-end=\"1222\"><strong data-start=\"1155\" data-end=\"1220\">6 Quintessenzen von Foie Gras und ger\u00e4ucherter Entenbrust (180 g)<\/strong><\/p>\n<p data-start=\"1224\" data-end=\"1343\"><strong data-start=\"1224\" data-end=\"1241\">Zutaten:<\/strong><br data-start=\"1241\" data-end=\"1244\">Enten-Foie Gras (20 %), Entenfett und mageres, Schweinefett, Ei, Milch, Salz, Gew\u00fcrze.<\/p>\n<h3 data-start=\"1345\" data-end=\"1394\"><strong data-start=\"1349\" data-end=\"1392\">Verkostungs- und Aufbewahrungstipps<\/strong><\/h3>\n<p data-start=\"1396\" data-end=\"1552\"><strong data-start=\"1396\" data-end=\"1415\">Vor der \u00d6ffnung<\/strong> : H\u00e4lt <strong data-start=\"1430\" data-end=\"1439\">3 Jahre<\/strong> bei Zimmertemperatur.<br data-start=\"1463\" data-end=\"1466\"><strong data-start=\"1466\" data-end=\"1485\">Nach dem \u00d6ffnen<\/strong> : Innerhalb <strong data-start=\"1505\" data-end=\"1517\">von 15 Tagen<\/strong> konsumieren und im K\u00fchlschrank aufbewahren.<\/p>\n<p data-start=\"1554\" data-end=\"1771\">F\u00fcr den besten Geschmack begleiten Sie diese Quintessenzen mit einem s\u00fc\u00dfen Wein oder leicht getoastetem Brot. Weitere Tipps finden Sie auf unserem <strong data-start=\"1712\" data-end=\"1735\"><a href=\"https:\/\/epic-varahamihira.207-180-195-93.plesk.page\/blog-foies-gras-actualite\/\" rel=\"noopener\" data-start=\"1714\" data-end=\"1733\">Food-Blog<\/a><\/strong> und <strong data-start=\"1745\" data-end=\"1768\"><a href=\"https:\/\/www.instagram.com\/relaisgourmetofficiel\/\" rel=\"noopener\" data-start=\"1747\" data-end=\"1766\">auf unserer Instagram-Seite<\/a><\/strong>. <\/p>\n<h3 data-start=\"1773\" data-end=\"1815\"><strong data-start=\"1777\" data-end=\"1813\">Entdecken Sie unsere anderen Spezialit\u00e4ten<\/strong><\/h3>\n<p data-start=\"1817\" data-end=\"1950\">Setzen Sie Ihre Gourmet-Erkundung mit unserer <strong data-start=\"1867\" data-end=\"1899\"><a href=\"https:\/\/epic-varahamihira.207-180-195-93.plesk.page\/categorie-produit\/nos-foies-gras\/\" rel=\"noopener\" data-start=\"1869\" data-end=\"1897\">Auswahl an Foie Gras<\/a><\/strong> und unseren <strong data-start=\"1907\" data-end=\"1947\"><a href=\"https:\/\/epic-varahamihira.207-180-195-93.plesk.page\/categorie-produit\/coffrets-cadeaux\/\" rel=\"noopener\" data-start=\"1909\" data-end=\"1945\">Gourmet-Geschenkboxen<\/a><\/strong> fort.<\/p>\n","protected":false},"excerpt":{"rendered":"<p>Eine raffinierte Box f\u00fcr alle Anl\u00e4sse: <strong>perfekt f\u00fcr improvisierte Aperitifs<\/strong> mit Freunden oder Familie und <strong>gro\u00dfartig f\u00fcr Ihr Land oder Gourmet-Picknicks<\/strong> .<\/p>\n<p><img decoding=\"async\" class=\"emoji\" role=\"img\" src=\"https:\/\/s.w.org\/images\/core\/emoji\/15.0.3\/svg\/1f1eb-1f1f7.svg\" alt=\"\ud83c\uddeb\ud83c\uddf7\"> Garantiert 100 % franz\u00f6sische<br \/>\n\u2714 Produktion Garantiert ohne Konservierungsmittel, Zusatzstoffe und Farbstoffe.<br \/>\n\ud83c\udf43 Enten, gef\u00fcttert mit gelbem\ud83d\ude9a<br \/>\n Mais, Schneller Versand weltweit\ud83d\udd53<br \/>\n, h\u00e4lt 3 Jahre\ud83d\udd10<br \/>\n lang sichere<\/p>\n<p>Zahlung, Nettogewicht: 540g (6&#215;180)<\/p>\n","protected":false},"featured_media":64950,"comment_status":"closed","ping_status":"closed","template":"","meta":{"_iconic_wsb_product_page_order_bump_ids":[],"_sku":["3060000338739-1"],"_iconic_wsb_product_page_bump_modal_ids":[]},"product_brand":[],"product_cat":[1679],"product_tag":[2012,2032,2010,2007,2011,2006,2025,2033,1661,2013,2017],"giftcard-category":[],"class_list":{"0":"post-64948","1":"product","2":"type-product","3":"status-publish","4":"has-post-thumbnail","6":"product_cat-geschenksets","7":"product_tag-angebot","8":"product_tag-einfaches-foie-gras","9":"product_tag-foie-gras-mit-armagnac","10":"product_tag-foie-gras-mit-espelette-pfeffer","11":"product_tag-guter-foie-gras","12":"product_tag-kauf-foie-gras","13":"product_tag-klassisch","14":"product_tag-leber-grqs","15":"product_tag-made-in-frankreich","16":"product_tag-rudel","17":"product_tag-sortiment","18":"product_shipping_class-standard","20":"first","21":"instock","22":"sale","23":"taxable","24":"shipping-taxable","25":"purchasable","26":"product-type-simple"},"yoast_head":"<!-- This site is optimized with the Yoast SEO Premium plugin v27.3 (Yoast SEO v27.3) - https:\/\/yoast.com\/product\/yoast-seo-premium-wordpress\/ -->\n<title>Quintessence-Box: Foie Gras und ger\u00e4ucherte Entenbrust | Relais Gourmet<\/title>\n<meta name=\"description\" content=\"Die Quintessence Box vereint Foie Gras und ger\u00e4ucherte Entenbrust f\u00fcr ein hochwertiges Gourmet-Erlebnis.\" \/>\n<meta name=\"robots\" content=\"index, follow, max-snippet:-1, max-image-preview:large, max-video-preview:-1\" \/>\n<link rel=\"canonical\" href=\"https:\/\/relaisgourmet.com\/de\/produkt\/quintessence-box\/\" \/>\n<meta property=\"og:locale\" content=\"de_DE\" \/>\n<meta property=\"og:type\" content=\"article\" \/>\n<meta property=\"og:title\" content=\"Quintessence Box\" \/>\n<meta property=\"og:description\" content=\"Eine raffinierte Box f\u00fcr alle Anl\u00e4sse: perfekt f\u00fcr improvisierte Aperitifs mit Freunden oder Familie und gro\u00dfartig f\u00fcr Ihr Land oder Gourmet-Picknicks .  Garantiert 100 % franz\u00f6sische \u2714 Produktion Garantiert ohne Konservierungsmittel, Zusatzstoffe und Farbstoffe. \ud83c\udf43 Enten, gef\u00fcttert mit gelbem\ud83d\ude9a Mais, Schneller Versand weltweit\ud83d\udd53 , h\u00e4lt 3 Jahre\ud83d\udd10 lang sichere Zahlung, Nettogewicht: 540g (6x180)\" \/>\n<meta property=\"og:url\" content=\"https:\/\/relaisgourmet.com\/de\/produkt\/quintessence-box\/\" \/>\n<meta property=\"og:site_name\" content=\"Relais Gourmet\" \/>\n<meta property=\"article:publisher\" content=\"https:\/\/www.facebook.com\/relaisgourmet\/\" \/>\n<meta property=\"article:modified_time\" content=\"2026-04-01T22:29:23+00:00\" \/>\n<meta property=\"og:image\" content=\"https:\/\/relaisgourmet.com\/wp-content\/uploads\/2026\/03\/Quintessence-x6.webp\" \/>\n\t<meta property=\"og:image:width\" content=\"1427\" \/>\n\t<meta property=\"og:image:height\" content=\"1427\" \/>\n\t<meta property=\"og:image:type\" content=\"image\/webp\" \/>\n<meta name=\"twitter:card\" content=\"summary_large_image\" \/>\n<meta name=\"twitter:site\" content=\"@relaisgourmet64\" \/>\n<meta name=\"twitter:label1\" content=\"Gesch\u00e4tzte Lesezeit\" \/>\n\t<meta name=\"twitter:data1\" content=\"1\u00a0Minute\" \/>\n<script type=\"application\/ld+json\" class=\"yoast-schema-graph\">{\"@context\":\"https:\\\/\\\/schema.org\",\"@graph\":[{\"@type\":\"WebPage\",\"@id\":\"https:\\\/\\\/relaisgourmet.com\\\/de\\\/produkt\\\/quintessence-box\\\/\",\"url\":\"https:\\\/\\\/relaisgourmet.com\\\/de\\\/produkt\\\/quintessence-box\\\/\",\"name\":\"Quintessence-Box: Foie Gras und ger\u00e4ucherte Entenbrust | Relais Gourmet\",\"isPartOf\":{\"@id\":\"https:\\\/\\\/relaisgourmet.com\\\/de\\\/#website\"},\"primaryImageOfPage\":{\"@id\":\"https:\\\/\\\/relaisgourmet.com\\\/de\\\/produkt\\\/quintessence-box\\\/#primaryimage\"},\"image\":{\"@id\":\"https:\\\/\\\/relaisgourmet.com\\\/de\\\/produkt\\\/quintessence-box\\\/#primaryimage\"},\"thumbnailUrl\":\"https:\\\/\\\/relaisgourmet.com\\\/wp-content\\\/uploads\\\/2026\\\/03\\\/Quintessence-x6.webp\",\"datePublished\":\"2026-03-10T12:26:59+00:00\",\"dateModified\":\"2026-04-01T22:29:23+00:00\",\"description\":\"Die Quintessence Box vereint Foie Gras und ger\u00e4ucherte Entenbrust f\u00fcr ein hochwertiges Gourmet-Erlebnis.\",\"breadcrumb\":{\"@id\":\"https:\\\/\\\/relaisgourmet.com\\\/de\\\/produkt\\\/quintessence-box\\\/#breadcrumb\"},\"inLanguage\":\"de\",\"potentialAction\":[{\"@type\":\"ReadAction\",\"target\":[\"https:\\\/\\\/relaisgourmet.com\\\/de\\\/produkt\\\/quintessence-box\\\/\"]}]},{\"@type\":\"ImageObject\",\"inLanguage\":\"de\",\"@id\":\"https:\\\/\\\/relaisgourmet.com\\\/de\\\/produkt\\\/quintessence-box\\\/#primaryimage\",\"url\":\"https:\\\/\\\/relaisgourmet.com\\\/wp-content\\\/uploads\\\/2026\\\/03\\\/Quintessence-x6.webp\",\"contentUrl\":\"https:\\\/\\\/relaisgourmet.com\\\/wp-content\\\/uploads\\\/2026\\\/03\\\/Quintessence-x6.webp\",\"width\":1427,\"height\":1427},{\"@type\":\"BreadcrumbList\",\"@id\":\"https:\\\/\\\/relaisgourmet.com\\\/de\\\/produkt\\\/quintessence-box\\\/#breadcrumb\",\"itemListElement\":[{\"@type\":\"ListItem\",\"position\":1,\"name\":\"Startseite\",\"item\":\"https:\\\/\\\/relaisgourmet.com\\\/de\\\/startseite\\\/\"},{\"@type\":\"ListItem\",\"position\":2,\"name\":\"Alle unsere Produkte\",\"item\":\"https:\\\/\\\/relaisgourmet.com\\\/de\\\/shop\\\/\"},{\"@type\":\"ListItem\",\"position\":3,\"name\":\"Quintessence Box\"}]},{\"@type\":\"WebSite\",\"@id\":\"https:\\\/\\\/relaisgourmet.com\\\/de\\\/#website\",\"url\":\"https:\\\/\\\/relaisgourmet.com\\\/de\\\/\",\"name\":\"Relais Gourmet\",\"description\":\"Foie Gras 100% Fran\u00e7ais\",\"publisher\":{\"@id\":\"https:\\\/\\\/relaisgourmet.com\\\/de\\\/#organization\"},\"potentialAction\":[{\"@type\":\"SearchAction\",\"target\":{\"@type\":\"EntryPoint\",\"urlTemplate\":\"https:\\\/\\\/relaisgourmet.com\\\/de\\\/?s={search_term_string}\"},\"query-input\":{\"@type\":\"PropertyValueSpecification\",\"valueRequired\":true,\"valueName\":\"search_term_string\"}}],\"inLanguage\":\"de\"},{\"@type\":\"Organization\",\"@id\":\"https:\\\/\\\/relaisgourmet.com\\\/de\\\/#organization\",\"name\":\"Relais Gourmet\",\"url\":\"https:\\\/\\\/relaisgourmet.com\\\/de\\\/\",\"logo\":{\"@type\":\"ImageObject\",\"inLanguage\":\"de\",\"@id\":\"https:\\\/\\\/relaisgourmet.com\\\/de\\\/#\\\/schema\\\/logo\\\/image\\\/\",\"url\":\"https:\\\/\\\/relaisgourmet.com\\\/wp-content\\\/uploads\\\/2026\\\/03\\\/yoast-logo-2-relais-gourmet-.png\",\"contentUrl\":\"https:\\\/\\\/relaisgourmet.com\\\/wp-content\\\/uploads\\\/2026\\\/03\\\/yoast-logo-2-relais-gourmet-.png\",\"width\":1200,\"height\":675,\"caption\":\"Relais Gourmet\"},\"image\":{\"@id\":\"https:\\\/\\\/relaisgourmet.com\\\/de\\\/#\\\/schema\\\/logo\\\/image\\\/\"},\"sameAs\":[\"https:\\\/\\\/www.facebook.com\\\/relaisgourmet\\\/\",\"https:\\\/\\\/x.com\\\/relaisgourmet64\",\"https:\\\/\\\/www.instagram.com\\\/relaisgourmetofficiel\",\"https:\\\/\\\/www.pinterest.fr\\\/relaisgourmet\\\/\"],\"email\":\"yaqueche@relaisgourmet.com\",\"telephone\":\"+33 0 5 40 07 07 65\",\"legalName\":\"Relais Gourmet\",\"vatID\":\"FR13482415015\",\"taxID\":\"482415015\"}]}<\/script>\n<!-- \/ Yoast SEO Premium plugin. -->","yoast_head_json":{"title":"Quintessence-Box: Foie Gras und ger\u00e4ucherte Entenbrust | Relais Gourmet","description":"Die Quintessence Box vereint Foie Gras und ger\u00e4ucherte Entenbrust f\u00fcr ein hochwertiges Gourmet-Erlebnis.","robots":{"index":"index","follow":"follow","max-snippet":"max-snippet:-1","max-image-preview":"max-image-preview:large","max-video-preview":"max-video-preview:-1"},"canonical":"https:\/\/relaisgourmet.com\/de\/produkt\/quintessence-box\/","og_locale":"de_DE","og_type":"article","og_title":"Quintessence Box","og_description":"Eine raffinierte Box f\u00fcr alle Anl\u00e4sse: perfekt f\u00fcr improvisierte Aperitifs mit Freunden oder Familie und gro\u00dfartig f\u00fcr Ihr Land oder Gourmet-Picknicks .  Garantiert 100 % franz\u00f6sische \u2714 Produktion Garantiert ohne Konservierungsmittel, Zusatzstoffe und Farbstoffe. \ud83c\udf43 Enten, gef\u00fcttert mit gelbem\ud83d\ude9a Mais, Schneller Versand weltweit\ud83d\udd53 , h\u00e4lt 3 Jahre\ud83d\udd10 lang sichere Zahlung, Nettogewicht: 540g (6x180)","og_url":"https:\/\/relaisgourmet.com\/de\/produkt\/quintessence-box\/","og_site_name":"Relais Gourmet","article_publisher":"https:\/\/www.facebook.com\/relaisgourmet\/","article_modified_time":"2026-04-01T22:29:23+00:00","og_image":[{"width":1427,"height":1427,"url":"https:\/\/relaisgourmet.com\/wp-content\/uploads\/2026\/03\/Quintessence-x6.webp","type":"image\/webp"}],"twitter_card":"summary_large_image","twitter_site":"@relaisgourmet64","twitter_misc":{"Gesch\u00e4tzte Lesezeit":"1\u00a0Minute"},"schema":{"@context":"https:\/\/schema.org","@graph":[{"@type":"WebPage","@id":"https:\/\/relaisgourmet.com\/de\/produkt\/quintessence-box\/","url":"https:\/\/relaisgourmet.com\/de\/produkt\/quintessence-box\/","name":"Quintessence-Box: Foie Gras und ger\u00e4ucherte Entenbrust | Relais Gourmet","isPartOf":{"@id":"https:\/\/relaisgourmet.com\/de\/#website"},"primaryImageOfPage":{"@id":"https:\/\/relaisgourmet.com\/de\/produkt\/quintessence-box\/#primaryimage"},"image":{"@id":"https:\/\/relaisgourmet.com\/de\/produkt\/quintessence-box\/#primaryimage"},"thumbnailUrl":"https:\/\/relaisgourmet.com\/wp-content\/uploads\/2026\/03\/Quintessence-x6.webp","datePublished":"2026-03-10T12:26:59+00:00","dateModified":"2026-04-01T22:29:23+00:00","description":"Die Quintessence Box vereint Foie Gras und ger\u00e4ucherte Entenbrust f\u00fcr ein hochwertiges Gourmet-Erlebnis.","breadcrumb":{"@id":"https:\/\/relaisgourmet.com\/de\/produkt\/quintessence-box\/#breadcrumb"},"inLanguage":"de","potentialAction":[{"@type":"ReadAction","target":["https:\/\/relaisgourmet.com\/de\/produkt\/quintessence-box\/"]}]},{"@type":"ImageObject","inLanguage":"de","@id":"https:\/\/relaisgourmet.com\/de\/produkt\/quintessence-box\/#primaryimage","url":"https:\/\/relaisgourmet.com\/wp-content\/uploads\/2026\/03\/Quintessence-x6.webp","contentUrl":"https:\/\/relaisgourmet.com\/wp-content\/uploads\/2026\/03\/Quintessence-x6.webp","width":1427,"height":1427},{"@type":"BreadcrumbList","@id":"https:\/\/relaisgourmet.com\/de\/produkt\/quintessence-box\/#breadcrumb","itemListElement":[{"@type":"ListItem","position":1,"name":"Startseite","item":"https:\/\/relaisgourmet.com\/de\/startseite\/"},{"@type":"ListItem","position":2,"name":"Alle unsere Produkte","item":"https:\/\/relaisgourmet.com\/de\/shop\/"},{"@type":"ListItem","position":3,"name":"Quintessence Box"}]},{"@type":"WebSite","@id":"https:\/\/relaisgourmet.com\/de\/#website","url":"https:\/\/relaisgourmet.com\/de\/","name":"Relais Gourmet","description":"Foie Gras 100% Fran\u00e7ais","publisher":{"@id":"https:\/\/relaisgourmet.com\/de\/#organization"},"potentialAction":[{"@type":"SearchAction","target":{"@type":"EntryPoint","urlTemplate":"https:\/\/relaisgourmet.com\/de\/?s={search_term_string}"},"query-input":{"@type":"PropertyValueSpecification","valueRequired":true,"valueName":"search_term_string"}}],"inLanguage":"de"},{"@type":"Organization","@id":"https:\/\/relaisgourmet.com\/de\/#organization","name":"Relais Gourmet","url":"https:\/\/relaisgourmet.com\/de\/","logo":{"@type":"ImageObject","inLanguage":"de","@id":"https:\/\/relaisgourmet.com\/de\/#\/schema\/logo\/image\/","url":"https:\/\/relaisgourmet.com\/wp-content\/uploads\/2026\/03\/yoast-logo-2-relais-gourmet-.png","contentUrl":"https:\/\/relaisgourmet.com\/wp-content\/uploads\/2026\/03\/yoast-logo-2-relais-gourmet-.png","width":1200,"height":675,"caption":"Relais Gourmet"},"image":{"@id":"https:\/\/relaisgourmet.com\/de\/#\/schema\/logo\/image\/"},"sameAs":["https:\/\/www.facebook.com\/relaisgourmet\/","https:\/\/x.com\/relaisgourmet64","https:\/\/www.instagram.com\/relaisgourmetofficiel","https:\/\/www.pinterest.fr\/relaisgourmet\/"],"email":"yaqueche@relaisgourmet.com","telephone":"+33 0 5 40 07 07 65","legalName":"Relais Gourmet","vatID":"FR13482415015","taxID":"482415015"}]}},"_links":{"self":[{"href":"https:\/\/relaisgourmet.com\/de\/wp-json\/wp\/v2\/product\/64948","targetHints":{"allow":["GET"]}}],"collection":[{"href":"https:\/\/relaisgourmet.com\/de\/wp-json\/wp\/v2\/product"}],"about":[{"href":"https:\/\/relaisgourmet.com\/de\/wp-json\/wp\/v2\/types\/product"}],"replies":[{"embeddable":true,"href":"https:\/\/relaisgourmet.com\/de\/wp-json\/wp\/v2\/comments?post=64948"}],"wp:featuredmedia":[{"embeddable":true,"href":"https:\/\/relaisgourmet.com\/de\/wp-json\/wp\/v2\/media\/64950"}],"wp:attachment":[{"href":"https:\/\/relaisgourmet.com\/de\/wp-json\/wp\/v2\/media?parent=64948"}],"wp:term":[{"taxonomy":"product_brand","embeddable":true,"href":"https:\/\/relaisgourmet.com\/de\/wp-json\/wp\/v2\/product_brand?post=64948"},{"taxonomy":"product_cat","embeddable":true,"href":"https:\/\/relaisgourmet.com\/de\/wp-json\/wp\/v2\/product_cat?post=64948"},{"taxonomy":"product_tag","embeddable":true,"href":"https:\/\/relaisgourmet.com\/de\/wp-json\/wp\/v2\/product_tag?post=64948"},{"taxonomy":"giftcard-category","embeddable":true,"href":"https:\/\/relaisgourmet.com\/de\/wp-json\/wp\/v2\/giftcard-category?post=64948"}],"curies":[{"name":"wp","href":"https:\/\/api.w.org\/{rel}","templated":true}]}}