{"id":64928,"date":"2026-03-10T12:25:15","date_gmt":"2026-03-10T12:25:15","guid":{"rendered":"https:\/\/strange-jennings.213-136-85-46.plesk.page\/product\/gaztelu-box\/"},"modified":"2026-04-01T22:28:16","modified_gmt":"2026-04-01T22:28:16","slug":"gaztelu-box","status":"publish","type":"product","link":"https:\/\/relaisgourmet.com\/de\/produkt\/gaztelu-box\/","title":{"rendered":"Gaztelu Box"},"content":{"rendered":"<h4><strong>Entdecken Sie die Gaztelu Box: Die perfekte Kombination aus Raffinesse und Authentizit\u00e4t<\/strong><\/h4>\n<p><span style=\"font-weight: 400;\">Die <\/span><b>Gaztelu Box<\/b><span style=\"font-weight: 400;\"> ist eine echte Einladung, die Exzellenz von Relais Gourmet durch eine Auswahl au\u00dfergew\u00f6hnlicher Produkte zu entdecken. <\/span> <\/p>\n<p><span style=\"font-weight: 400;\">Diese Gourmetbox ist die perfekte Wahl f\u00fcr all Ihre Gourmet-W\u00fcnsche.<\/span><\/p>\n<p><span style=\"font-weight: 400;\">Das Anbieten oder Empfangen der <\/span><b>Gaztelu Box<\/b><span style=\"font-weight: 400;\"> ist immer gleichbedeutend mit Vergn\u00fcgen, aber auch mit unvergesslichen Gourmet-Momenten. <\/span> <\/p>\n<p><span style=\"font-weight: 400;\">Die <b>Gaztelu Box<\/b> zeichnet sich nicht nur durch ihre Qualit\u00e4t aus, sondern auch durch ihr Engagement f\u00fcr nat\u00fcrliche und authentische Produkte.  <\/span><\/p>\n<p>Die Gaztelu Box ist garantiert<b> frei von Konservierungsstoffen, Farbstoffen und Zusatzstoffen<\/b><\/p>\n<p>&nbsp;<\/p>\n<h4><b>Zusammensetzung:  <\/b><\/h4>\n<ul>\n<li style=\"font-weight: 400;\" aria-level=\"1\"><b>Whole Foie Gras Plain (200 g):<\/b><span style=\"font-weight: 400;\"> ein traditionelles und raffiniertes Produkt, ideal f\u00fcr alle Foie Gras-Liebhaber.<\/span><\/li>\n<li style=\"font-weight: 400;\" aria-level=\"1\"><b>Whole Foie Gras mit Espelette-Pfeffer (180 g):<\/b><span style=\"font-weight: 400;\"> f\u00fcr Liebhaber scharfer Erlebnisse.<\/span><\/li>\n<li style=\"font-weight: 400;\" aria-level=\"1\"><b>Ganzer Foie Gras mit Sauternes (200 g):<\/b><span style=\"font-weight: 400;\"> eine zarte und subtile Note.<\/span><\/li>\n<li style=\"font-weight: 400;\" aria-level=\"1\"><b>Ganzer Foie Gras mit Armagnac (200 g):<\/b><span style=\"font-weight: 400;\"> perfekte Verbindung zwischen dem Reichtum von Foie Gras und den subtilen Noten von \u00c1rmagnac.<\/span><\/li>\n<li style=\"font-weight: 400;\" aria-level=\"1\"><b>Flasche Champagner (750 ml):<\/b><span style=\"font-weight: 400;\"> Diese Schachtel ist ohne eine Flasche Champagner nicht komplett. Wir haben diese besondere Cuv\u00e9e ausgew\u00e4hlt, um die Aromen von Foie Gras zu begleiten.<\/span><\/li>\n<\/ul>\n<p>&nbsp;<\/p>\n<h4><b>Aufbewahrung und Verkostungstipps:<\/b><\/h4>\n<p><span style=\"font-weight: 400;\">Die <\/span><b>Gaztelu Box<\/b><span style=\"font-weight: 400;\"> kann 3 Jahre bei Zimmertemperatur gelagert werden und ist somit ein langlebiges Geschenk f\u00fcr jeden Anlass. <\/span> <\/p>\n<p><span style=\"font-weight: 400;\">Nach dem \u00d6ffnen sollten Sie die Produkte innerhalb von 15 Tagen konsumieren und im K\u00fchlschrank aufbewahren, um ihre Frische zu gew\u00e4hrleisten.<\/span><\/p>\n<p><b>Tipps, um das Beste aus Ihrer Gaztelu-Box herauszuholen:<\/b><\/p>\n<p><span style=\"font-weight: 400;\">Relais Gourmet bietet Ihnen wertvolle Tipps und Tricks im <a href=\"https:\/\/epic-varahamihira.207-180-195-93.plesk.page\/blog-foies-gras-actualite\/\">Blog-Bereich<\/a>.  <\/span><\/p>\n<p><span style=\"font-weight: 400;\">Sie werden inspirierende Ideen finden, um jedes Produkt zu verbessern.<\/span><\/p>\n<p><span style=\"font-weight: 400;\">Die <\/span><b>Gaztelu Box<\/b><span style=\"font-weight: 400;\"> ist ein perfektes Geschenk f\u00fcr Feinschmecker, sei es f\u00fcr eine besondere Feier, ein Familienessen oder eine Gesch\u00e4ftsveranstaltung. <\/span> <\/p>\n<p><span style=\"font-weight: 400;\">Vergessen Sie schlie\u00dflich nicht, <strong>Relais Gourmet<\/strong> auf Instagram zu folgen <a href=\"https:\/\/www.instagram.com\/relaisgourmetofficiel\/\">,<\/a> um weitere Ideen und exklusive Inhalte zu unseren gastronomischen Neuheiten zu entdecken.<\/span><\/p>\n","protected":false},"excerpt":{"rendered":"<p>Entdecken Sie die <b>Gaztelu Box<\/b> von Relais Gourmet, eine raffinierte Auswahl, die all Ihre Gourmet-Momente bereichert. Perfekt f\u00fcr einen Aperitif mit Freunden, einen gastronomischen Ausflug oder ein Vergn\u00fcgen zum Teilen \u2013 diese Box ist eine ideale Geschenkidee oder eine k\u00f6stliche Einladung, sich jederzeit selbst zu g\u00f6nnen! <\/p>\n<p><img decoding=\"async\" class=\"emoji\" role=\"img\" src=\"https:\/\/s.w.org\/images\/core\/emoji\/15.0.3\/svg\/1f1eb-1f1f7.svg\" alt=\"\ud83c\uddeb\ud83c\uddf7\">  Garantiert 100% franz\u00f6sische Produktion<br \/>\n\u2714 Garantiert ohne Konservierungsstoffe, Zusatzstoffe und Farbstoffe.<br \/>\n\ud83c\udf43 Mit gelbem Mais gef\u00fctterte Enten<br \/>\n\ud83d\ude9a Schnelle Lieferung weltweit<br \/>\n\ud83d\udd53 3 Jahre haltbar<br \/>\n\ud83d\udd10 Sichere Zahlung<\/p>\n<div>\n<p>Nettogewicht: 1,53 kg<\/p>\n<p>&nbsp;<\/p>\n<\/div>\n","protected":false},"featured_media":64930,"comment_status":"closed","ping_status":"closed","template":"","meta":{"_iconic_wsb_product_page_order_bump_ids":[],"_sku":["3460000339451"],"_iconic_wsb_product_page_bump_modal_ids":[]},"product_brand":[],"product_cat":[1679],"product_tag":[1661],"giftcard-category":[],"class_list":{"0":"post-64928","1":"product","2":"type-product","3":"status-publish","4":"has-post-thumbnail","6":"product_cat-geschenksets","7":"product_tag-made-in-frankreich","8":"product_shipping_class-standard","10":"first","11":"instock","12":"taxable","13":"shipping-taxable","14":"purchasable","15":"product-type-simple"},"yoast_head":"<!-- This site is optimized with the Yoast SEO Premium plugin v27.3 (Yoast SEO v27.3) - https:\/\/yoast.com\/product\/yoast-seo-premium-wordpress\/ -->\n<title>Gaztelu Box: Gourmet Foie Gras &amp; Champagner | Relais Gourmet<\/title>\n<meta name=\"description\" content=\"Entdecken Sie die Gaztelu Box, ein Kompendium handwerklicher Delikatessen aus dem S\u00fcdwesten.\" \/>\n<meta name=\"robots\" content=\"index, follow, max-snippet:-1, max-image-preview:large, max-video-preview:-1\" \/>\n<link rel=\"canonical\" href=\"https:\/\/relaisgourmet.com\/de\/produkt\/gaztelu-box\/\" \/>\n<meta property=\"og:locale\" content=\"de_DE\" \/>\n<meta property=\"og:type\" content=\"article\" \/>\n<meta property=\"og:title\" content=\"Gaztelu Box\" \/>\n<meta property=\"og:description\" content=\"Entdecken Sie die Gaztelu Box von Relais Gourmet, eine raffinierte Auswahl, die all Ihre Gourmet-Momente bereichert. Perfekt f\u00fcr einen Aperitif mit Freunden, einen gastronomischen Ausflug oder ein Vergn\u00fcgen zum Teilen \u2013 diese Box ist eine ideale Geschenkidee oder eine k\u00f6stliche Einladung, sich jederzeit selbst zu g\u00f6nnen!   Garantiert 100% franz\u00f6sische Produktion \u2714 Garantiert ohne Konservierungsstoffe, Zusatzstoffe und Farbstoffe. \ud83c\udf43 Mit gelbem Mais gef\u00fctterte Enten \ud83d\ude9a Schnelle Lieferung weltweit \ud83d\udd53 3 Jahre haltbar \ud83d\udd10 Sichere Zahlung  Nettogewicht: 1,53 kg &nbsp;\" \/>\n<meta property=\"og:url\" content=\"https:\/\/relaisgourmet.com\/de\/produkt\/gaztelu-box\/\" \/>\n<meta property=\"og:site_name\" content=\"Relais Gourmet\" \/>\n<meta property=\"article:publisher\" content=\"https:\/\/www.facebook.com\/relaisgourmet\/\" \/>\n<meta property=\"article:modified_time\" content=\"2026-04-01T22:28:16+00:00\" \/>\n<meta property=\"og:image\" content=\"https:\/\/relaisgourmet.com\/wp-content\/uploads\/2026\/03\/Gaztelu.jpg\" \/>\n\t<meta property=\"og:image:width\" content=\"1427\" \/>\n\t<meta property=\"og:image:height\" content=\"1427\" \/>\n\t<meta property=\"og:image:type\" content=\"image\/jpeg\" \/>\n<meta name=\"twitter:card\" content=\"summary_large_image\" \/>\n<meta name=\"twitter:site\" content=\"@relaisgourmet64\" \/>\n<meta name=\"twitter:label1\" content=\"Gesch\u00e4tzte Lesezeit\" \/>\n\t<meta name=\"twitter:data1\" content=\"2\u00a0Minute\" \/>\n<script type=\"application\/ld+json\" class=\"yoast-schema-graph\">{\"@context\":\"https:\\\/\\\/schema.org\",\"@graph\":[{\"@type\":\"WebPage\",\"@id\":\"https:\\\/\\\/relaisgourmet.com\\\/de\\\/produkt\\\/gaztelu-box\\\/\",\"url\":\"https:\\\/\\\/relaisgourmet.com\\\/de\\\/produkt\\\/gaztelu-box\\\/\",\"name\":\"Gaztelu Box: Gourmet Foie Gras & Champagner | Relais Gourmet\",\"isPartOf\":{\"@id\":\"https:\\\/\\\/relaisgourmet.com\\\/de\\\/#website\"},\"primaryImageOfPage\":{\"@id\":\"https:\\\/\\\/relaisgourmet.com\\\/de\\\/produkt\\\/gaztelu-box\\\/#primaryimage\"},\"image\":{\"@id\":\"https:\\\/\\\/relaisgourmet.com\\\/de\\\/produkt\\\/gaztelu-box\\\/#primaryimage\"},\"thumbnailUrl\":\"https:\\\/\\\/relaisgourmet.com\\\/wp-content\\\/uploads\\\/2026\\\/03\\\/Gaztelu.jpg\",\"datePublished\":\"2026-03-10T12:25:15+00:00\",\"dateModified\":\"2026-04-01T22:28:16+00:00\",\"description\":\"Entdecken Sie die Gaztelu Box, ein Kompendium handwerklicher Delikatessen aus dem S\u00fcdwesten.\",\"breadcrumb\":{\"@id\":\"https:\\\/\\\/relaisgourmet.com\\\/de\\\/produkt\\\/gaztelu-box\\\/#breadcrumb\"},\"inLanguage\":\"de\",\"potentialAction\":[{\"@type\":\"ReadAction\",\"target\":[\"https:\\\/\\\/relaisgourmet.com\\\/de\\\/produkt\\\/gaztelu-box\\\/\"]}]},{\"@type\":\"ImageObject\",\"inLanguage\":\"de\",\"@id\":\"https:\\\/\\\/relaisgourmet.com\\\/de\\\/produkt\\\/gaztelu-box\\\/#primaryimage\",\"url\":\"https:\\\/\\\/relaisgourmet.com\\\/wp-content\\\/uploads\\\/2026\\\/03\\\/Gaztelu.jpg\",\"contentUrl\":\"https:\\\/\\\/relaisgourmet.com\\\/wp-content\\\/uploads\\\/2026\\\/03\\\/Gaztelu.jpg\",\"width\":1427,\"height\":1427},{\"@type\":\"BreadcrumbList\",\"@id\":\"https:\\\/\\\/relaisgourmet.com\\\/de\\\/produkt\\\/gaztelu-box\\\/#breadcrumb\",\"itemListElement\":[{\"@type\":\"ListItem\",\"position\":1,\"name\":\"Startseite\",\"item\":\"https:\\\/\\\/relaisgourmet.com\\\/de\\\/startseite\\\/\"},{\"@type\":\"ListItem\",\"position\":2,\"name\":\"Alle unsere Produkte\",\"item\":\"https:\\\/\\\/relaisgourmet.com\\\/de\\\/shop\\\/\"},{\"@type\":\"ListItem\",\"position\":3,\"name\":\"Gaztelu Box\"}]},{\"@type\":\"WebSite\",\"@id\":\"https:\\\/\\\/relaisgourmet.com\\\/de\\\/#website\",\"url\":\"https:\\\/\\\/relaisgourmet.com\\\/de\\\/\",\"name\":\"Relais Gourmet\",\"description\":\"Foie Gras 100% Fran\u00e7ais\",\"publisher\":{\"@id\":\"https:\\\/\\\/relaisgourmet.com\\\/de\\\/#organization\"},\"potentialAction\":[{\"@type\":\"SearchAction\",\"target\":{\"@type\":\"EntryPoint\",\"urlTemplate\":\"https:\\\/\\\/relaisgourmet.com\\\/de\\\/?s={search_term_string}\"},\"query-input\":{\"@type\":\"PropertyValueSpecification\",\"valueRequired\":true,\"valueName\":\"search_term_string\"}}],\"inLanguage\":\"de\"},{\"@type\":\"Organization\",\"@id\":\"https:\\\/\\\/relaisgourmet.com\\\/de\\\/#organization\",\"name\":\"Relais Gourmet\",\"url\":\"https:\\\/\\\/relaisgourmet.com\\\/de\\\/\",\"logo\":{\"@type\":\"ImageObject\",\"inLanguage\":\"de\",\"@id\":\"https:\\\/\\\/relaisgourmet.com\\\/de\\\/#\\\/schema\\\/logo\\\/image\\\/\",\"url\":\"https:\\\/\\\/relaisgourmet.com\\\/wp-content\\\/uploads\\\/2026\\\/03\\\/yoast-logo-2-relais-gourmet-.png\",\"contentUrl\":\"https:\\\/\\\/relaisgourmet.com\\\/wp-content\\\/uploads\\\/2026\\\/03\\\/yoast-logo-2-relais-gourmet-.png\",\"width\":1200,\"height\":675,\"caption\":\"Relais Gourmet\"},\"image\":{\"@id\":\"https:\\\/\\\/relaisgourmet.com\\\/de\\\/#\\\/schema\\\/logo\\\/image\\\/\"},\"sameAs\":[\"https:\\\/\\\/www.facebook.com\\\/relaisgourmet\\\/\",\"https:\\\/\\\/x.com\\\/relaisgourmet64\",\"https:\\\/\\\/www.instagram.com\\\/relaisgourmetofficiel\",\"https:\\\/\\\/www.pinterest.fr\\\/relaisgourmet\\\/\"],\"email\":\"yaqueche@relaisgourmet.com\",\"telephone\":\"+33 0 5 40 07 07 65\",\"legalName\":\"Relais Gourmet\",\"vatID\":\"FR13482415015\",\"taxID\":\"482415015\"}]}<\/script>\n<!-- \/ Yoast SEO Premium plugin. -->","yoast_head_json":{"title":"Gaztelu Box: Gourmet Foie Gras & Champagner | Relais Gourmet","description":"Entdecken Sie die Gaztelu Box, ein Kompendium handwerklicher Delikatessen aus dem S\u00fcdwesten.","robots":{"index":"index","follow":"follow","max-snippet":"max-snippet:-1","max-image-preview":"max-image-preview:large","max-video-preview":"max-video-preview:-1"},"canonical":"https:\/\/relaisgourmet.com\/de\/produkt\/gaztelu-box\/","og_locale":"de_DE","og_type":"article","og_title":"Gaztelu Box","og_description":"Entdecken Sie die Gaztelu Box von Relais Gourmet, eine raffinierte Auswahl, die all Ihre Gourmet-Momente bereichert. Perfekt f\u00fcr einen Aperitif mit Freunden, einen gastronomischen Ausflug oder ein Vergn\u00fcgen zum Teilen \u2013 diese Box ist eine ideale Geschenkidee oder eine k\u00f6stliche Einladung, sich jederzeit selbst zu g\u00f6nnen!   Garantiert 100% franz\u00f6sische Produktion \u2714 Garantiert ohne Konservierungsstoffe, Zusatzstoffe und Farbstoffe. \ud83c\udf43 Mit gelbem Mais gef\u00fctterte Enten \ud83d\ude9a Schnelle Lieferung weltweit \ud83d\udd53 3 Jahre haltbar \ud83d\udd10 Sichere Zahlung  Nettogewicht: 1,53 kg &nbsp;","og_url":"https:\/\/relaisgourmet.com\/de\/produkt\/gaztelu-box\/","og_site_name":"Relais Gourmet","article_publisher":"https:\/\/www.facebook.com\/relaisgourmet\/","article_modified_time":"2026-04-01T22:28:16+00:00","og_image":[{"width":1427,"height":1427,"url":"https:\/\/relaisgourmet.com\/wp-content\/uploads\/2026\/03\/Gaztelu.jpg","type":"image\/jpeg"}],"twitter_card":"summary_large_image","twitter_site":"@relaisgourmet64","twitter_misc":{"Gesch\u00e4tzte Lesezeit":"2\u00a0Minute"},"schema":{"@context":"https:\/\/schema.org","@graph":[{"@type":"WebPage","@id":"https:\/\/relaisgourmet.com\/de\/produkt\/gaztelu-box\/","url":"https:\/\/relaisgourmet.com\/de\/produkt\/gaztelu-box\/","name":"Gaztelu Box: Gourmet Foie Gras & Champagner | Relais Gourmet","isPartOf":{"@id":"https:\/\/relaisgourmet.com\/de\/#website"},"primaryImageOfPage":{"@id":"https:\/\/relaisgourmet.com\/de\/produkt\/gaztelu-box\/#primaryimage"},"image":{"@id":"https:\/\/relaisgourmet.com\/de\/produkt\/gaztelu-box\/#primaryimage"},"thumbnailUrl":"https:\/\/relaisgourmet.com\/wp-content\/uploads\/2026\/03\/Gaztelu.jpg","datePublished":"2026-03-10T12:25:15+00:00","dateModified":"2026-04-01T22:28:16+00:00","description":"Entdecken Sie die Gaztelu Box, ein Kompendium handwerklicher Delikatessen aus dem S\u00fcdwesten.","breadcrumb":{"@id":"https:\/\/relaisgourmet.com\/de\/produkt\/gaztelu-box\/#breadcrumb"},"inLanguage":"de","potentialAction":[{"@type":"ReadAction","target":["https:\/\/relaisgourmet.com\/de\/produkt\/gaztelu-box\/"]}]},{"@type":"ImageObject","inLanguage":"de","@id":"https:\/\/relaisgourmet.com\/de\/produkt\/gaztelu-box\/#primaryimage","url":"https:\/\/relaisgourmet.com\/wp-content\/uploads\/2026\/03\/Gaztelu.jpg","contentUrl":"https:\/\/relaisgourmet.com\/wp-content\/uploads\/2026\/03\/Gaztelu.jpg","width":1427,"height":1427},{"@type":"BreadcrumbList","@id":"https:\/\/relaisgourmet.com\/de\/produkt\/gaztelu-box\/#breadcrumb","itemListElement":[{"@type":"ListItem","position":1,"name":"Startseite","item":"https:\/\/relaisgourmet.com\/de\/startseite\/"},{"@type":"ListItem","position":2,"name":"Alle unsere Produkte","item":"https:\/\/relaisgourmet.com\/de\/shop\/"},{"@type":"ListItem","position":3,"name":"Gaztelu Box"}]},{"@type":"WebSite","@id":"https:\/\/relaisgourmet.com\/de\/#website","url":"https:\/\/relaisgourmet.com\/de\/","name":"Relais Gourmet","description":"Foie Gras 100% Fran\u00e7ais","publisher":{"@id":"https:\/\/relaisgourmet.com\/de\/#organization"},"potentialAction":[{"@type":"SearchAction","target":{"@type":"EntryPoint","urlTemplate":"https:\/\/relaisgourmet.com\/de\/?s={search_term_string}"},"query-input":{"@type":"PropertyValueSpecification","valueRequired":true,"valueName":"search_term_string"}}],"inLanguage":"de"},{"@type":"Organization","@id":"https:\/\/relaisgourmet.com\/de\/#organization","name":"Relais Gourmet","url":"https:\/\/relaisgourmet.com\/de\/","logo":{"@type":"ImageObject","inLanguage":"de","@id":"https:\/\/relaisgourmet.com\/de\/#\/schema\/logo\/image\/","url":"https:\/\/relaisgourmet.com\/wp-content\/uploads\/2026\/03\/yoast-logo-2-relais-gourmet-.png","contentUrl":"https:\/\/relaisgourmet.com\/wp-content\/uploads\/2026\/03\/yoast-logo-2-relais-gourmet-.png","width":1200,"height":675,"caption":"Relais Gourmet"},"image":{"@id":"https:\/\/relaisgourmet.com\/de\/#\/schema\/logo\/image\/"},"sameAs":["https:\/\/www.facebook.com\/relaisgourmet\/","https:\/\/x.com\/relaisgourmet64","https:\/\/www.instagram.com\/relaisgourmetofficiel","https:\/\/www.pinterest.fr\/relaisgourmet\/"],"email":"yaqueche@relaisgourmet.com","telephone":"+33 0 5 40 07 07 65","legalName":"Relais Gourmet","vatID":"FR13482415015","taxID":"482415015"}]}},"_links":{"self":[{"href":"https:\/\/relaisgourmet.com\/de\/wp-json\/wp\/v2\/product\/64928","targetHints":{"allow":["GET"]}}],"collection":[{"href":"https:\/\/relaisgourmet.com\/de\/wp-json\/wp\/v2\/product"}],"about":[{"href":"https:\/\/relaisgourmet.com\/de\/wp-json\/wp\/v2\/types\/product"}],"replies":[{"embeddable":true,"href":"https:\/\/relaisgourmet.com\/de\/wp-json\/wp\/v2\/comments?post=64928"}],"wp:featuredmedia":[{"embeddable":true,"href":"https:\/\/relaisgourmet.com\/de\/wp-json\/wp\/v2\/media\/64930"}],"wp:attachment":[{"href":"https:\/\/relaisgourmet.com\/de\/wp-json\/wp\/v2\/media?parent=64928"}],"wp:term":[{"taxonomy":"product_brand","embeddable":true,"href":"https:\/\/relaisgourmet.com\/de\/wp-json\/wp\/v2\/product_brand?post=64928"},{"taxonomy":"product_cat","embeddable":true,"href":"https:\/\/relaisgourmet.com\/de\/wp-json\/wp\/v2\/product_cat?post=64928"},{"taxonomy":"product_tag","embeddable":true,"href":"https:\/\/relaisgourmet.com\/de\/wp-json\/wp\/v2\/product_tag?post=64928"},{"taxonomy":"giftcard-category","embeddable":true,"href":"https:\/\/relaisgourmet.com\/de\/wp-json\/wp\/v2\/giftcard-category?post=64928"}],"curies":[{"name":"wp","href":"https:\/\/api.w.org\/{rel}","templated":true}]}}