{"id":64925,"date":"2026-03-10T12:25:38","date_gmt":"2026-03-10T12:25:38","guid":{"rendered":"https:\/\/strange-jennings.213-136-85-46.plesk.page\/product\/aranzazu-box\/"},"modified":"2026-04-01T22:28:09","modified_gmt":"2026-04-01T22:28:09","slug":"aranzazu-box","status":"publish","type":"product","link":"https:\/\/relaisgourmet.com\/de\/produkt\/aranzazu-box\/","title":{"rendered":"Aranzazu-Box"},"content":{"rendered":"<h4><strong>Entdecke die Aranzazu-Box: eine Gourmet-Einladung f\u00fcr deine Aperitifs<\/strong><\/h4>\n<p><span style=\"font-weight: 400;\">Die <strong>Aranzazu-Geschenkbox<\/strong> von <strong>Relais Gourmet<\/strong> ist eine au\u00dfergew\u00f6hnliche Auswahl, die dazu gedacht ist, Ihre Aperitif-Momente zu versch\u00f6nern. Die Aranzazu-Box besteht aus mehreren Gourmet-Aperitifs, die die Geschmacksknospen wecken und eine perfekte Harmonie mit dem begleitenden Wein schaffen. Perfekt zum Teilen w\u00e4hrend der Mahlzeiten mit Familie oder Freunden \u2013 diese Box verspricht Ihnen gesellige und unvergessliche Momente. Die Aranzazu-Box anzubieten bedeutet, ein hochwertiges gastronomisches Erlebnis mit authentischen und schmackhaften Produkten zu bieten.   <\/span><\/p>\n<p><span style=\"font-weight: 400;\">Die <strong>Aranzazu-Box<\/strong> ist garantiert <strong>frei von Konservierungsstoffen, Farbstoffen und Zusatzstoffen.<\/strong><\/span><\/p>\n<h4><strong>Zusammensetzung:  <\/strong><\/h4>\n<ul>\n<li><strong>Gourmet Aperitif mit Juran\u00e7on (180g)<\/strong>: <span style=\"font-weight: 400;\">Der S\u00fc\u00dfwein Juran\u00e7on bringt fruchtige und raffinierte Aromen mit sich, die perfekt f\u00fcr einen sanften Beginn des Aperitifs sind.<\/span><\/li>\n<li><strong>Gourmet Aperitif mit Armagnac (180g)<\/strong>:<span style=\"font-weight: 400;\">F\u00fcr Liebhaber eines kr\u00e4ftigeren Geschmacks.<\/span><\/li>\n<li><strong>Gourmet Aperitif mit kandierten Schalotten (180g)<\/strong>: eine s\u00fc\u00df-saure Note.<\/li>\n<li><strong>Gourmet Aperitif mit Piment d&#8217;Espelette (180g)<\/strong>: ein Hauch von baskischem Charakter.<\/li>\n<li><strong>Gourmet Aperitif mit kandierten Orangen (180g)<\/strong>: eine zitronige und delikate Note.<\/li>\n<li><strong>Gourmet Aperitif mit Steinpilzen (180g)<\/strong>: eine raffinierte, holzige Kombination.<\/li>\n<li><strong>Eine Flasche Monbazillac-Wei\u00dfwein (750 ml):<\/strong> Dieser<span style=\"font-weight: 400;\">s\u00fc\u00dfe Wein mit Aromen reifer Fr\u00fcchte passt perfekt zu den angebotenen Aperitifs und sorgt f\u00fcr eine unvergessliche Kombination aus Speisen und Wein.<\/span><\/li>\n<\/ul>\n<p>&nbsp;<\/p>\n<h4><strong>Aufbewahrung :<\/strong><\/h4>\n<p><span style=\"font-weight: 400;\">Die <strong>Aranzazu-Box<\/strong> kann 3 Jahre bei Zimmertemperatur aufbewahrt werden <\/span>, was die M\u00f6glichkeit bietet, sie nach Belieben zu genie\u00dfen. Sobald es ge\u00f6ffnet ist, denken Sie daran, es innerhalb von 15 Tagen zu konsumieren und im K\u00fchlschrank aufzubewahren, um es voll zu genie\u00dfen. <\/p>\n<p>&nbsp;<\/p>\n<h4><b>Bereiten Sie sich auf einen Moment der Gaumenfreuden vor:<\/b><\/h4>\n<p>Alle unsere Tipps und Tricks finden Sie auf unserem <a href=\"https:\/\/epic-varahamihira.207-180-195-93.plesk.page\/blog-foies-gras-actualite\/\">Blog<\/a> und auf unserer <a href=\"https:\/\/www.instagram.com\/relaisgourmetofficiel\/\">Instagram-Seite<\/a>.<\/p>\n<p>Ob Sie einen schicken Aperitif oder ein gem\u00fctliches Essen organisieren, wir bieten Ihnen einfache und kreative Rezepte, um diese einzigartige Auswahl von Relais Gourmet zur Geltung zu bringen.<\/p>\n<p><span style=\"font-weight: 400;\">Das Aranzazu-Geschenkset ist das perfekte Geschenk f\u00fcr jeden Anlass, egal ob Geburtstag, ein Abendessen mit Freunden oder eine Familienfeier. Bieten Sie mit Relais Gourmet ein einzigartiges und gourmetisches Erlebnis und schaffen Sie unvergessliche Momente rund um diese gastronomische Box. <\/span><\/p>\n","protected":false},"excerpt":{"rendered":"<p>Entdecken Sie die Aranzazu Box von Relais Gourmet, der idealen Allianz f\u00fcr Ihre Aperitifs. Zum Teilen oder zum Anbieten f\u00fcr einen Gourmet-Moment! <\/p>\n<p><img decoding=\"async\" class=\"emoji\" role=\"img\" src=\"https:\/\/s.w.org\/images\/core\/emoji\/15.0.3\/svg\/1f1eb-1f1f7.svg\" alt=\"\ud83c\uddeb\ud83c\uddf7\">  Garantiert 100% franz\u00f6sische Produktion<br \/>\n\u2714 Garantiert ohne Konservierungsstoffe, Zusatzstoffe und Farbstoffe.<br \/>\n\ud83c\udf43 Mit gelbem Mais gef\u00fctterte Enten<br \/>\n\ud83d\ude9a Schnelle Lieferung weltweit<br \/>\n\ud83d\udd53 3 Jahre haltbar<br \/>\n\ud83d\udd10 Sichere Zahlung<\/p>\n<p>Nettogewicht: 1.83 kg<\/p>\n","protected":false},"featured_media":64927,"comment_status":"closed","ping_status":"closed","template":"","meta":{"_iconic_wsb_product_page_order_bump_ids":[],"_sku":["3110000346804"],"_iconic_wsb_product_page_bump_modal_ids":[]},"product_brand":[],"product_cat":[1679],"product_tag":[1661],"giftcard-category":[],"class_list":{"0":"post-64925","1":"product","2":"type-product","3":"status-publish","4":"has-post-thumbnail","6":"product_cat-geschenksets","7":"product_tag-made-in-frankreich","9":"first","10":"instock","11":"taxable","12":"shipping-taxable","13":"purchasable","14":"product-type-simple"},"yoast_head":"<!-- This site is optimized with the Yoast SEO Premium plugin v27.3 (Yoast SEO v27.3) - https:\/\/yoast.com\/product\/yoast-seo-premium-wordpress\/ -->\n<title>Aranzazu-Box: Foie Gras &amp; Monbazillac | Relais Gourmet<\/title>\n<meta name=\"description\" content=\"Die Aranzazu-Box vereint Sch\u00e4tze aus dem Baskenland, die zu jedem Anlass genossen werden k\u00f6nnen.\" \/>\n<meta name=\"robots\" content=\"index, follow, max-snippet:-1, max-image-preview:large, max-video-preview:-1\" \/>\n<link rel=\"canonical\" href=\"https:\/\/relaisgourmet.com\/de\/produkt\/aranzazu-box\/\" \/>\n<meta property=\"og:locale\" content=\"de_DE\" \/>\n<meta property=\"og:type\" content=\"article\" \/>\n<meta property=\"og:title\" content=\"Aranzazu-Box\" \/>\n<meta property=\"og:description\" content=\"Entdecken Sie die Aranzazu Box von Relais Gourmet, der idealen Allianz f\u00fcr Ihre Aperitifs. Zum Teilen oder zum Anbieten f\u00fcr einen Gourmet-Moment!   Garantiert 100% franz\u00f6sische Produktion \u2714 Garantiert ohne Konservierungsstoffe, Zusatzstoffe und Farbstoffe. \ud83c\udf43 Mit gelbem Mais gef\u00fctterte Enten \ud83d\ude9a Schnelle Lieferung weltweit \ud83d\udd53 3 Jahre haltbar \ud83d\udd10 Sichere Zahlung Nettogewicht: 1.83 kg\" \/>\n<meta property=\"og:url\" content=\"https:\/\/relaisgourmet.com\/de\/produkt\/aranzazu-box\/\" \/>\n<meta property=\"og:site_name\" content=\"Relais Gourmet\" \/>\n<meta property=\"article:publisher\" content=\"https:\/\/www.facebook.com\/relaisgourmet\/\" \/>\n<meta property=\"article:modified_time\" content=\"2026-04-01T22:28:09+00:00\" \/>\n<meta property=\"og:image\" content=\"https:\/\/relaisgourmet.com\/wp-content\/uploads\/2026\/03\/Aranzazu.jpg\" \/>\n\t<meta property=\"og:image:width\" content=\"1583\" \/>\n\t<meta property=\"og:image:height\" content=\"1583\" \/>\n\t<meta property=\"og:image:type\" content=\"image\/jpeg\" \/>\n<meta name=\"twitter:card\" content=\"summary_large_image\" \/>\n<meta name=\"twitter:site\" content=\"@relaisgourmet64\" \/>\n<meta name=\"twitter:label1\" content=\"Gesch\u00e4tzte Lesezeit\" \/>\n\t<meta name=\"twitter:data1\" content=\"2\u00a0Minute\" \/>\n<script type=\"application\/ld+json\" class=\"yoast-schema-graph\">{\"@context\":\"https:\\\/\\\/schema.org\",\"@graph\":[{\"@type\":\"WebPage\",\"@id\":\"https:\\\/\\\/relaisgourmet.com\\\/de\\\/produkt\\\/aranzazu-box\\\/\",\"url\":\"https:\\\/\\\/relaisgourmet.com\\\/de\\\/produkt\\\/aranzazu-box\\\/\",\"name\":\"Aranzazu-Box: Foie Gras & Monbazillac | Relais Gourmet\",\"isPartOf\":{\"@id\":\"https:\\\/\\\/relaisgourmet.com\\\/de\\\/#website\"},\"primaryImageOfPage\":{\"@id\":\"https:\\\/\\\/relaisgourmet.com\\\/de\\\/produkt\\\/aranzazu-box\\\/#primaryimage\"},\"image\":{\"@id\":\"https:\\\/\\\/relaisgourmet.com\\\/de\\\/produkt\\\/aranzazu-box\\\/#primaryimage\"},\"thumbnailUrl\":\"https:\\\/\\\/relaisgourmet.com\\\/wp-content\\\/uploads\\\/2026\\\/03\\\/Aranzazu.jpg\",\"datePublished\":\"2026-03-10T12:25:38+00:00\",\"dateModified\":\"2026-04-01T22:28:09+00:00\",\"description\":\"Die Aranzazu-Box vereint Sch\u00e4tze aus dem Baskenland, die zu jedem Anlass genossen werden k\u00f6nnen.\",\"breadcrumb\":{\"@id\":\"https:\\\/\\\/relaisgourmet.com\\\/de\\\/produkt\\\/aranzazu-box\\\/#breadcrumb\"},\"inLanguage\":\"de\",\"potentialAction\":[{\"@type\":\"ReadAction\",\"target\":[\"https:\\\/\\\/relaisgourmet.com\\\/de\\\/produkt\\\/aranzazu-box\\\/\"]}]},{\"@type\":\"ImageObject\",\"inLanguage\":\"de\",\"@id\":\"https:\\\/\\\/relaisgourmet.com\\\/de\\\/produkt\\\/aranzazu-box\\\/#primaryimage\",\"url\":\"https:\\\/\\\/relaisgourmet.com\\\/wp-content\\\/uploads\\\/2026\\\/03\\\/Aranzazu.jpg\",\"contentUrl\":\"https:\\\/\\\/relaisgourmet.com\\\/wp-content\\\/uploads\\\/2026\\\/03\\\/Aranzazu.jpg\",\"width\":1583,\"height\":1583},{\"@type\":\"BreadcrumbList\",\"@id\":\"https:\\\/\\\/relaisgourmet.com\\\/de\\\/produkt\\\/aranzazu-box\\\/#breadcrumb\",\"itemListElement\":[{\"@type\":\"ListItem\",\"position\":1,\"name\":\"Startseite\",\"item\":\"https:\\\/\\\/relaisgourmet.com\\\/de\\\/startseite\\\/\"},{\"@type\":\"ListItem\",\"position\":2,\"name\":\"Alle unsere Produkte\",\"item\":\"https:\\\/\\\/relaisgourmet.com\\\/de\\\/shop\\\/\"},{\"@type\":\"ListItem\",\"position\":3,\"name\":\"Aranzazu-Box\"}]},{\"@type\":\"WebSite\",\"@id\":\"https:\\\/\\\/relaisgourmet.com\\\/de\\\/#website\",\"url\":\"https:\\\/\\\/relaisgourmet.com\\\/de\\\/\",\"name\":\"Relais Gourmet\",\"description\":\"Foie Gras 100% Fran\u00e7ais\",\"publisher\":{\"@id\":\"https:\\\/\\\/relaisgourmet.com\\\/de\\\/#organization\"},\"potentialAction\":[{\"@type\":\"SearchAction\",\"target\":{\"@type\":\"EntryPoint\",\"urlTemplate\":\"https:\\\/\\\/relaisgourmet.com\\\/de\\\/?s={search_term_string}\"},\"query-input\":{\"@type\":\"PropertyValueSpecification\",\"valueRequired\":true,\"valueName\":\"search_term_string\"}}],\"inLanguage\":\"de\"},{\"@type\":\"Organization\",\"@id\":\"https:\\\/\\\/relaisgourmet.com\\\/de\\\/#organization\",\"name\":\"Relais Gourmet\",\"url\":\"https:\\\/\\\/relaisgourmet.com\\\/de\\\/\",\"logo\":{\"@type\":\"ImageObject\",\"inLanguage\":\"de\",\"@id\":\"https:\\\/\\\/relaisgourmet.com\\\/de\\\/#\\\/schema\\\/logo\\\/image\\\/\",\"url\":\"https:\\\/\\\/relaisgourmet.com\\\/wp-content\\\/uploads\\\/2026\\\/03\\\/yoast-logo-2-relais-gourmet-.png\",\"contentUrl\":\"https:\\\/\\\/relaisgourmet.com\\\/wp-content\\\/uploads\\\/2026\\\/03\\\/yoast-logo-2-relais-gourmet-.png\",\"width\":1200,\"height\":675,\"caption\":\"Relais Gourmet\"},\"image\":{\"@id\":\"https:\\\/\\\/relaisgourmet.com\\\/de\\\/#\\\/schema\\\/logo\\\/image\\\/\"},\"sameAs\":[\"https:\\\/\\\/www.facebook.com\\\/relaisgourmet\\\/\",\"https:\\\/\\\/x.com\\\/relaisgourmet64\",\"https:\\\/\\\/www.instagram.com\\\/relaisgourmetofficiel\",\"https:\\\/\\\/www.pinterest.fr\\\/relaisgourmet\\\/\"],\"email\":\"yaqueche@relaisgourmet.com\",\"telephone\":\"+33 0 5 40 07 07 65\",\"legalName\":\"Relais Gourmet\",\"vatID\":\"FR13482415015\",\"taxID\":\"482415015\"}]}<\/script>\n<!-- \/ Yoast SEO Premium plugin. -->","yoast_head_json":{"title":"Aranzazu-Box: Foie Gras & Monbazillac | Relais Gourmet","description":"Die Aranzazu-Box vereint Sch\u00e4tze aus dem Baskenland, die zu jedem Anlass genossen werden k\u00f6nnen.","robots":{"index":"index","follow":"follow","max-snippet":"max-snippet:-1","max-image-preview":"max-image-preview:large","max-video-preview":"max-video-preview:-1"},"canonical":"https:\/\/relaisgourmet.com\/de\/produkt\/aranzazu-box\/","og_locale":"de_DE","og_type":"article","og_title":"Aranzazu-Box","og_description":"Entdecken Sie die Aranzazu Box von Relais Gourmet, der idealen Allianz f\u00fcr Ihre Aperitifs. Zum Teilen oder zum Anbieten f\u00fcr einen Gourmet-Moment!   Garantiert 100% franz\u00f6sische Produktion \u2714 Garantiert ohne Konservierungsstoffe, Zusatzstoffe und Farbstoffe. \ud83c\udf43 Mit gelbem Mais gef\u00fctterte Enten \ud83d\ude9a Schnelle Lieferung weltweit \ud83d\udd53 3 Jahre haltbar \ud83d\udd10 Sichere Zahlung Nettogewicht: 1.83 kg","og_url":"https:\/\/relaisgourmet.com\/de\/produkt\/aranzazu-box\/","og_site_name":"Relais Gourmet","article_publisher":"https:\/\/www.facebook.com\/relaisgourmet\/","article_modified_time":"2026-04-01T22:28:09+00:00","og_image":[{"width":1583,"height":1583,"url":"https:\/\/relaisgourmet.com\/wp-content\/uploads\/2026\/03\/Aranzazu.jpg","type":"image\/jpeg"}],"twitter_card":"summary_large_image","twitter_site":"@relaisgourmet64","twitter_misc":{"Gesch\u00e4tzte Lesezeit":"2\u00a0Minute"},"schema":{"@context":"https:\/\/schema.org","@graph":[{"@type":"WebPage","@id":"https:\/\/relaisgourmet.com\/de\/produkt\/aranzazu-box\/","url":"https:\/\/relaisgourmet.com\/de\/produkt\/aranzazu-box\/","name":"Aranzazu-Box: Foie Gras & Monbazillac | Relais Gourmet","isPartOf":{"@id":"https:\/\/relaisgourmet.com\/de\/#website"},"primaryImageOfPage":{"@id":"https:\/\/relaisgourmet.com\/de\/produkt\/aranzazu-box\/#primaryimage"},"image":{"@id":"https:\/\/relaisgourmet.com\/de\/produkt\/aranzazu-box\/#primaryimage"},"thumbnailUrl":"https:\/\/relaisgourmet.com\/wp-content\/uploads\/2026\/03\/Aranzazu.jpg","datePublished":"2026-03-10T12:25:38+00:00","dateModified":"2026-04-01T22:28:09+00:00","description":"Die Aranzazu-Box vereint Sch\u00e4tze aus dem Baskenland, die zu jedem Anlass genossen werden k\u00f6nnen.","breadcrumb":{"@id":"https:\/\/relaisgourmet.com\/de\/produkt\/aranzazu-box\/#breadcrumb"},"inLanguage":"de","potentialAction":[{"@type":"ReadAction","target":["https:\/\/relaisgourmet.com\/de\/produkt\/aranzazu-box\/"]}]},{"@type":"ImageObject","inLanguage":"de","@id":"https:\/\/relaisgourmet.com\/de\/produkt\/aranzazu-box\/#primaryimage","url":"https:\/\/relaisgourmet.com\/wp-content\/uploads\/2026\/03\/Aranzazu.jpg","contentUrl":"https:\/\/relaisgourmet.com\/wp-content\/uploads\/2026\/03\/Aranzazu.jpg","width":1583,"height":1583},{"@type":"BreadcrumbList","@id":"https:\/\/relaisgourmet.com\/de\/produkt\/aranzazu-box\/#breadcrumb","itemListElement":[{"@type":"ListItem","position":1,"name":"Startseite","item":"https:\/\/relaisgourmet.com\/de\/startseite\/"},{"@type":"ListItem","position":2,"name":"Alle unsere Produkte","item":"https:\/\/relaisgourmet.com\/de\/shop\/"},{"@type":"ListItem","position":3,"name":"Aranzazu-Box"}]},{"@type":"WebSite","@id":"https:\/\/relaisgourmet.com\/de\/#website","url":"https:\/\/relaisgourmet.com\/de\/","name":"Relais Gourmet","description":"Foie Gras 100% Fran\u00e7ais","publisher":{"@id":"https:\/\/relaisgourmet.com\/de\/#organization"},"potentialAction":[{"@type":"SearchAction","target":{"@type":"EntryPoint","urlTemplate":"https:\/\/relaisgourmet.com\/de\/?s={search_term_string}"},"query-input":{"@type":"PropertyValueSpecification","valueRequired":true,"valueName":"search_term_string"}}],"inLanguage":"de"},{"@type":"Organization","@id":"https:\/\/relaisgourmet.com\/de\/#organization","name":"Relais Gourmet","url":"https:\/\/relaisgourmet.com\/de\/","logo":{"@type":"ImageObject","inLanguage":"de","@id":"https:\/\/relaisgourmet.com\/de\/#\/schema\/logo\/image\/","url":"https:\/\/relaisgourmet.com\/wp-content\/uploads\/2026\/03\/yoast-logo-2-relais-gourmet-.png","contentUrl":"https:\/\/relaisgourmet.com\/wp-content\/uploads\/2026\/03\/yoast-logo-2-relais-gourmet-.png","width":1200,"height":675,"caption":"Relais Gourmet"},"image":{"@id":"https:\/\/relaisgourmet.com\/de\/#\/schema\/logo\/image\/"},"sameAs":["https:\/\/www.facebook.com\/relaisgourmet\/","https:\/\/x.com\/relaisgourmet64","https:\/\/www.instagram.com\/relaisgourmetofficiel","https:\/\/www.pinterest.fr\/relaisgourmet\/"],"email":"yaqueche@relaisgourmet.com","telephone":"+33 0 5 40 07 07 65","legalName":"Relais Gourmet","vatID":"FR13482415015","taxID":"482415015"}]}},"_links":{"self":[{"href":"https:\/\/relaisgourmet.com\/de\/wp-json\/wp\/v2\/product\/64925","targetHints":{"allow":["GET"]}}],"collection":[{"href":"https:\/\/relaisgourmet.com\/de\/wp-json\/wp\/v2\/product"}],"about":[{"href":"https:\/\/relaisgourmet.com\/de\/wp-json\/wp\/v2\/types\/product"}],"replies":[{"embeddable":true,"href":"https:\/\/relaisgourmet.com\/de\/wp-json\/wp\/v2\/comments?post=64925"}],"wp:featuredmedia":[{"embeddable":true,"href":"https:\/\/relaisgourmet.com\/de\/wp-json\/wp\/v2\/media\/64927"}],"wp:attachment":[{"href":"https:\/\/relaisgourmet.com\/de\/wp-json\/wp\/v2\/media?parent=64925"}],"wp:term":[{"taxonomy":"product_brand","embeddable":true,"href":"https:\/\/relaisgourmet.com\/de\/wp-json\/wp\/v2\/product_brand?post=64925"},{"taxonomy":"product_cat","embeddable":true,"href":"https:\/\/relaisgourmet.com\/de\/wp-json\/wp\/v2\/product_cat?post=64925"},{"taxonomy":"product_tag","embeddable":true,"href":"https:\/\/relaisgourmet.com\/de\/wp-json\/wp\/v2\/product_tag?post=64925"},{"taxonomy":"giftcard-category","embeddable":true,"href":"https:\/\/relaisgourmet.com\/de\/wp-json\/wp\/v2\/giftcard-category?post=64925"}],"curies":[{"name":"wp","href":"https:\/\/api.w.org\/{rel}","templated":true}]}}