{"id":64924,"date":"2026-03-10T12:25:15","date_gmt":"2026-03-10T12:25:15","guid":{"rendered":"https:\/\/strange-jennings.213-136-85-46.plesk.page\/product\/larroun-box\/"},"modified":"2026-04-01T23:22:16","modified_gmt":"2026-04-01T23:22:16","slug":"larroun-box","status":"publish","type":"product","link":"https:\/\/relaisgourmet.com\/de\/produkt\/larroun-box\/","title":{"rendered":"Larroun Box"},"content":{"rendered":"<h4><b>Entdecke die Larroun Box: die Essenz von Foie Gras<\/b><\/h4>\n<p><span style=\"font-weight: 400;\">Die <strong>Larroun Box<\/strong> ist eine Einladung, die einzigartigen <strong>Aromen von Relais Gourmet<\/strong> zu entdecken. Diese Box wurde entwickelt, um Ihre geselligen Aperitifs zu bereichern oder Ihre Gourmet-Momente zu allen Jahreszeiten zu vertiefen, und ist die ideale Geschenkidee f\u00fcr Liebhaber der gehobenen Gastronomie. Jedes Produkt in dieser Box wird sorgf\u00e4ltig zubereitet und garantiert eine tadellose Qualit\u00e4t.  <\/span><\/p>\n<p><strong>Ohne Konservierungsstoffe, Farbstoffe und Zusatzstoffe.<\/strong><\/p>\n<h4><b>Zusammensetzung :<\/b><\/h4>\n<ul>\n<li><b>Whole Foie Gras mit Espelette-Pfeffer<\/b><span style=\"font-weight: 400;\"> (80 g): ein w\u00fcrziger und baskischer Akzent.<\/span><\/li>\n<li><b>Whole Foie Gras Plain<\/b><span style=\"font-weight: 400;\"> (80 g): die reine Essenz von Foie Gras.<\/span><\/li>\n<li><b>Whole Foie Gras mit Armagnac<\/b><span style=\"font-weight: 400;\"> (80 g): ein Klassiker f\u00fcr feine Gaumen.<\/span><\/li>\n<li><b>Whole Foie Gras mit Feige<\/b><span style=\"font-weight: 400;\"> (80 g): eine perfekte s\u00fc\u00df-herzhafte Kombination.<\/span><\/li>\n<li><b>Whole Foie Gras mit Portwein<\/b><span style=\"font-weight: 400;\"> (80 g): eine subtile Verbindung mit diesem s\u00fc\u00dfen Wein.<\/span><\/li>\n<li><b>Whole Foie Gras mit kandierter Zitrone<\/b><span style=\"font-weight: 400;\"> (80 g): eine w\u00fcrzige und erfrischende Note.<\/span><\/li>\n<li><b>Gourmet Aperitif mit Juran\u00e7on<\/b><span style=\"font-weight: 400;\"> (180 g): ideal, um Ihre Momente der Geselligkeit zu verst\u00e4rken.<\/span><\/li>\n<\/ul>\n<p>&nbsp;<\/p>\n<h4><b>Aufbewahrung und Verkostungstipps :<\/b><\/h4>\n<p><span style=\"font-weight: 400;\">Die <\/span><b>Larroun Box <\/b><span style=\"font-weight: 400;\">kann \u00fcber einen langen Zeitraum von 3 Jahren bei Zimmertemperatur gelagert werden. Nach dem \u00d6ffnen sollten die Produkte innerhalb von 15 Tagen verzehrt und im K\u00fchlschrank aufbewahrt werden, um ihre Frische und Aromen zu bewahren.<\/span><\/p>\n<p><b>Tipps zum Genie\u00dfen Ihrer Larroun-Geschenkbox<\/b><\/p>\n<p><span style=\"font-weight: 400;\">Um das Beste aus der <\/span><b>Larroun Box<\/b> herauszuholen<span style=\"font-weight: 400;\">, entdecken Sie unsere <\/span><b>Vorbereitungstipps<\/b><span style=\"font-weight: 400;\"> in unserem <a href=\"https:\/\/epic-varahamihira.207-180-195-93.plesk.page\/blog-foies-gras-actualite\/\">Blog-Bereich<\/a>. <\/span> <\/p>\n<p><span style=\"font-weight: 400;\">Folgen Sie unserer <a href=\"https:\/\/www.instagram.com\/relaisgourmetofficiel\/\">Instagram-Seite<\/a> f\u00fcr exklusive Inspirationen und Tipps.<\/span><\/p>\n<h4><b>Das perfekte gastronomische Geschenk<\/b><\/h4>\n<p><span style=\"font-weight: 400;\">Die <\/span><b>Larroun-Geschenkbox<\/b><span style=\"font-weight: 400;\"> anzubieten ist die Gewissheit, Ihre Liebsten mit einer raffinierten Auswahl an Gourmetprodukten zu \u00fcberraschen.<\/span><\/p>\n<p><span style=\"font-weight: 400;\">Diese Box ist perfekt f\u00fcr Liebhaber von Foie gras und feiner Gastronomie.<\/span><\/p>\n<p><span style=\"font-weight: 400;\">Mit der Wahl der <\/span><b>Larroun Box<\/b> <span style=\"font-weight: 400;\">entscheiden Sie sich f\u00fcr die Authentizit\u00e4t und das Know-how von Relais Gourmet, einem Spezialisten f\u00fcr Foie gras ohne Konservierungsmittel, Zusatzstoffe oder Farbstoffe. G\u00f6nnen Sie sich selbst oder g\u00f6nnen Sie sich diese exklusive Auswahl!<\/span><\/p>\n","protected":false},"excerpt":{"rendered":"<p>Entdecken Sie die Larroun-Geschenkbox von Relais Gourmet \u2013 ideal f\u00fcr all Ihre Anl\u00e4sse \u2013 egal ob es sich um einen geselligen Aperitif oder einen Gourmet-Moment zum Teilen handelt. Perfekt, um anzubieten oder zu genie\u00dfen! <\/p>\n<p><img decoding=\"async\" class=\"emoji\" role=\"img\" src=\"https:\/\/s.w.org\/images\/core\/emoji\/15.0.3\/svg\/1f1eb-1f1f7.svg\" alt=\"\ud83c\uddeb\ud83c\uddf7\">  Garantiert 100% franz\u00f6sische Produktion<br \/>\n\u2714 Garantiert ohne Konservierungsstoffe, Zusatzstoffe und Farbstoffe.<br \/>\n\ud83c\udf43 Mit gelbem Mais gef\u00fctterte Enten<br \/>\n\ud83d\ude9a Schnelle Lieferung weltweit<br \/>\n\ud83d\udd53 3 Jahre haltbar<br \/>\n\ud83d\udd10 Sichere Zahlung<\/p>\n<div class=\"woocommerce-product-details__short-description\">\n<p>Nettogewicht: 660g<\/p>\n<\/div>\n","protected":false},"featured_media":64926,"comment_status":"closed","ping_status":"closed","template":"","meta":{"_iconic_wsb_product_page_order_bump_ids":[],"_sku":["3480000339480"],"_iconic_wsb_product_page_bump_modal_ids":[]},"product_brand":[],"product_cat":[1679],"product_tag":[1661],"giftcard-category":[],"class_list":{"0":"post-64924","1":"product","2":"type-product","3":"status-publish","4":"has-post-thumbnail","6":"product_cat-geschenksets","7":"product_tag-made-in-frankreich","8":"product_shipping_class-standard","10":"first","11":"instock","12":"taxable","13":"shipping-taxable","14":"purchasable","15":"product-type-simple"},"yoast_head":"<!-- This site is optimized with the Yoast SEO Premium plugin v27.3 (Yoast SEO v27.3) - https:\/\/yoast.com\/product\/yoast-seo-premium-wordpress\/ -->\n<title>Larroun Box: Baskisches Foie Gras &amp; Aperitifs | Relais Gourmet<\/title>\n<meta name=\"description\" content=\"Die Larroun Box verbindet Gastronomie und Authentizit\u00e4t mit sorgf\u00e4ltig ausgew\u00e4hlten Produkten.\" \/>\n<meta name=\"robots\" content=\"index, follow, max-snippet:-1, max-image-preview:large, max-video-preview:-1\" \/>\n<link rel=\"canonical\" href=\"https:\/\/relaisgourmet.com\/de\/produkt\/larroun-box\/\" \/>\n<meta property=\"og:locale\" content=\"de_DE\" \/>\n<meta property=\"og:type\" content=\"article\" \/>\n<meta property=\"og:title\" content=\"Larroun Box\" \/>\n<meta property=\"og:description\" content=\"Entdecken Sie die Larroun-Geschenkbox von Relais Gourmet \u2013 ideal f\u00fcr all Ihre Anl\u00e4sse \u2013 egal ob es sich um einen geselligen Aperitif oder einen Gourmet-Moment zum Teilen handelt. Perfekt, um anzubieten oder zu genie\u00dfen!   Garantiert 100% franz\u00f6sische Produktion \u2714 Garantiert ohne Konservierungsstoffe, Zusatzstoffe und Farbstoffe. \ud83c\udf43 Mit gelbem Mais gef\u00fctterte Enten \ud83d\ude9a Schnelle Lieferung weltweit \ud83d\udd53 3 Jahre haltbar \ud83d\udd10 Sichere Zahlung  Nettogewicht: 660g\" \/>\n<meta property=\"og:url\" content=\"https:\/\/relaisgourmet.com\/de\/produkt\/larroun-box\/\" \/>\n<meta property=\"og:site_name\" content=\"Relais Gourmet\" \/>\n<meta property=\"article:publisher\" content=\"https:\/\/www.facebook.com\/relaisgourmet\/\" \/>\n<meta property=\"article:modified_time\" content=\"2026-04-01T23:22:16+00:00\" \/>\n<meta property=\"og:image\" content=\"https:\/\/relaisgourmet.com\/wp-content\/uploads\/2026\/03\/Larroun.jpg\" \/>\n\t<meta property=\"og:image:width\" content=\"1427\" \/>\n\t<meta property=\"og:image:height\" content=\"1427\" \/>\n\t<meta property=\"og:image:type\" content=\"image\/jpeg\" \/>\n<meta name=\"twitter:card\" content=\"summary_large_image\" \/>\n<meta name=\"twitter:site\" content=\"@relaisgourmet64\" \/>\n<meta name=\"twitter:label1\" content=\"Gesch\u00e4tzte Lesezeit\" \/>\n\t<meta name=\"twitter:data1\" content=\"2\u00a0Minute\" \/>\n<script type=\"application\/ld+json\" class=\"yoast-schema-graph\">{\"@context\":\"https:\\\/\\\/schema.org\",\"@graph\":[{\"@type\":\"WebPage\",\"@id\":\"https:\\\/\\\/relaisgourmet.com\\\/de\\\/produkt\\\/larroun-box\\\/\",\"url\":\"https:\\\/\\\/relaisgourmet.com\\\/de\\\/produkt\\\/larroun-box\\\/\",\"name\":\"Larroun Box: Baskisches Foie Gras & Aperitifs | Relais Gourmet\",\"isPartOf\":{\"@id\":\"https:\\\/\\\/relaisgourmet.com\\\/de\\\/#website\"},\"primaryImageOfPage\":{\"@id\":\"https:\\\/\\\/relaisgourmet.com\\\/de\\\/produkt\\\/larroun-box\\\/#primaryimage\"},\"image\":{\"@id\":\"https:\\\/\\\/relaisgourmet.com\\\/de\\\/produkt\\\/larroun-box\\\/#primaryimage\"},\"thumbnailUrl\":\"https:\\\/\\\/relaisgourmet.com\\\/wp-content\\\/uploads\\\/2026\\\/03\\\/Larroun.jpg\",\"datePublished\":\"2026-03-10T12:25:15+00:00\",\"dateModified\":\"2026-04-01T23:22:16+00:00\",\"description\":\"Die Larroun Box verbindet Gastronomie und Authentizit\u00e4t mit sorgf\u00e4ltig ausgew\u00e4hlten Produkten.\",\"breadcrumb\":{\"@id\":\"https:\\\/\\\/relaisgourmet.com\\\/de\\\/produkt\\\/larroun-box\\\/#breadcrumb\"},\"inLanguage\":\"de\",\"potentialAction\":[{\"@type\":\"ReadAction\",\"target\":[\"https:\\\/\\\/relaisgourmet.com\\\/de\\\/produkt\\\/larroun-box\\\/\"]}]},{\"@type\":\"ImageObject\",\"inLanguage\":\"de\",\"@id\":\"https:\\\/\\\/relaisgourmet.com\\\/de\\\/produkt\\\/larroun-box\\\/#primaryimage\",\"url\":\"https:\\\/\\\/relaisgourmet.com\\\/wp-content\\\/uploads\\\/2026\\\/03\\\/Larroun.jpg\",\"contentUrl\":\"https:\\\/\\\/relaisgourmet.com\\\/wp-content\\\/uploads\\\/2026\\\/03\\\/Larroun.jpg\",\"width\":1427,\"height\":1427},{\"@type\":\"BreadcrumbList\",\"@id\":\"https:\\\/\\\/relaisgourmet.com\\\/de\\\/produkt\\\/larroun-box\\\/#breadcrumb\",\"itemListElement\":[{\"@type\":\"ListItem\",\"position\":1,\"name\":\"Startseite\",\"item\":\"https:\\\/\\\/relaisgourmet.com\\\/de\\\/startseite\\\/\"},{\"@type\":\"ListItem\",\"position\":2,\"name\":\"Alle unsere Produkte\",\"item\":\"https:\\\/\\\/relaisgourmet.com\\\/de\\\/shop\\\/\"},{\"@type\":\"ListItem\",\"position\":3,\"name\":\"Larroun Box\"}]},{\"@type\":\"WebSite\",\"@id\":\"https:\\\/\\\/relaisgourmet.com\\\/de\\\/#website\",\"url\":\"https:\\\/\\\/relaisgourmet.com\\\/de\\\/\",\"name\":\"Relais Gourmet\",\"description\":\"Foie Gras 100% Fran\u00e7ais\",\"publisher\":{\"@id\":\"https:\\\/\\\/relaisgourmet.com\\\/de\\\/#organization\"},\"potentialAction\":[{\"@type\":\"SearchAction\",\"target\":{\"@type\":\"EntryPoint\",\"urlTemplate\":\"https:\\\/\\\/relaisgourmet.com\\\/de\\\/?s={search_term_string}\"},\"query-input\":{\"@type\":\"PropertyValueSpecification\",\"valueRequired\":true,\"valueName\":\"search_term_string\"}}],\"inLanguage\":\"de\"},{\"@type\":\"Organization\",\"@id\":\"https:\\\/\\\/relaisgourmet.com\\\/de\\\/#organization\",\"name\":\"Relais Gourmet\",\"url\":\"https:\\\/\\\/relaisgourmet.com\\\/de\\\/\",\"logo\":{\"@type\":\"ImageObject\",\"inLanguage\":\"de\",\"@id\":\"https:\\\/\\\/relaisgourmet.com\\\/de\\\/#\\\/schema\\\/logo\\\/image\\\/\",\"url\":\"https:\\\/\\\/relaisgourmet.com\\\/wp-content\\\/uploads\\\/2026\\\/03\\\/yoast-logo-2-relais-gourmet-.png\",\"contentUrl\":\"https:\\\/\\\/relaisgourmet.com\\\/wp-content\\\/uploads\\\/2026\\\/03\\\/yoast-logo-2-relais-gourmet-.png\",\"width\":1200,\"height\":675,\"caption\":\"Relais Gourmet\"},\"image\":{\"@id\":\"https:\\\/\\\/relaisgourmet.com\\\/de\\\/#\\\/schema\\\/logo\\\/image\\\/\"},\"sameAs\":[\"https:\\\/\\\/www.facebook.com\\\/relaisgourmet\\\/\",\"https:\\\/\\\/x.com\\\/relaisgourmet64\",\"https:\\\/\\\/www.instagram.com\\\/relaisgourmetofficiel\",\"https:\\\/\\\/www.pinterest.fr\\\/relaisgourmet\\\/\"],\"email\":\"yaqueche@relaisgourmet.com\",\"telephone\":\"+33 0 5 40 07 07 65\",\"legalName\":\"Relais Gourmet\",\"vatID\":\"FR13482415015\",\"taxID\":\"482415015\"}]}<\/script>\n<!-- \/ Yoast SEO Premium plugin. -->","yoast_head_json":{"title":"Larroun Box: Baskisches Foie Gras & Aperitifs | Relais Gourmet","description":"Die Larroun Box verbindet Gastronomie und Authentizit\u00e4t mit sorgf\u00e4ltig ausgew\u00e4hlten Produkten.","robots":{"index":"index","follow":"follow","max-snippet":"max-snippet:-1","max-image-preview":"max-image-preview:large","max-video-preview":"max-video-preview:-1"},"canonical":"https:\/\/relaisgourmet.com\/de\/produkt\/larroun-box\/","og_locale":"de_DE","og_type":"article","og_title":"Larroun Box","og_description":"Entdecken Sie die Larroun-Geschenkbox von Relais Gourmet \u2013 ideal f\u00fcr all Ihre Anl\u00e4sse \u2013 egal ob es sich um einen geselligen Aperitif oder einen Gourmet-Moment zum Teilen handelt. Perfekt, um anzubieten oder zu genie\u00dfen!   Garantiert 100% franz\u00f6sische Produktion \u2714 Garantiert ohne Konservierungsstoffe, Zusatzstoffe und Farbstoffe. \ud83c\udf43 Mit gelbem Mais gef\u00fctterte Enten \ud83d\ude9a Schnelle Lieferung weltweit \ud83d\udd53 3 Jahre haltbar \ud83d\udd10 Sichere Zahlung  Nettogewicht: 660g","og_url":"https:\/\/relaisgourmet.com\/de\/produkt\/larroun-box\/","og_site_name":"Relais Gourmet","article_publisher":"https:\/\/www.facebook.com\/relaisgourmet\/","article_modified_time":"2026-04-01T23:22:16+00:00","og_image":[{"width":1427,"height":1427,"url":"https:\/\/relaisgourmet.com\/wp-content\/uploads\/2026\/03\/Larroun.jpg","type":"image\/jpeg"}],"twitter_card":"summary_large_image","twitter_site":"@relaisgourmet64","twitter_misc":{"Gesch\u00e4tzte Lesezeit":"2\u00a0Minute"},"schema":{"@context":"https:\/\/schema.org","@graph":[{"@type":"WebPage","@id":"https:\/\/relaisgourmet.com\/de\/produkt\/larroun-box\/","url":"https:\/\/relaisgourmet.com\/de\/produkt\/larroun-box\/","name":"Larroun Box: Baskisches Foie Gras & Aperitifs | Relais Gourmet","isPartOf":{"@id":"https:\/\/relaisgourmet.com\/de\/#website"},"primaryImageOfPage":{"@id":"https:\/\/relaisgourmet.com\/de\/produkt\/larroun-box\/#primaryimage"},"image":{"@id":"https:\/\/relaisgourmet.com\/de\/produkt\/larroun-box\/#primaryimage"},"thumbnailUrl":"https:\/\/relaisgourmet.com\/wp-content\/uploads\/2026\/03\/Larroun.jpg","datePublished":"2026-03-10T12:25:15+00:00","dateModified":"2026-04-01T23:22:16+00:00","description":"Die Larroun Box verbindet Gastronomie und Authentizit\u00e4t mit sorgf\u00e4ltig ausgew\u00e4hlten Produkten.","breadcrumb":{"@id":"https:\/\/relaisgourmet.com\/de\/produkt\/larroun-box\/#breadcrumb"},"inLanguage":"de","potentialAction":[{"@type":"ReadAction","target":["https:\/\/relaisgourmet.com\/de\/produkt\/larroun-box\/"]}]},{"@type":"ImageObject","inLanguage":"de","@id":"https:\/\/relaisgourmet.com\/de\/produkt\/larroun-box\/#primaryimage","url":"https:\/\/relaisgourmet.com\/wp-content\/uploads\/2026\/03\/Larroun.jpg","contentUrl":"https:\/\/relaisgourmet.com\/wp-content\/uploads\/2026\/03\/Larroun.jpg","width":1427,"height":1427},{"@type":"BreadcrumbList","@id":"https:\/\/relaisgourmet.com\/de\/produkt\/larroun-box\/#breadcrumb","itemListElement":[{"@type":"ListItem","position":1,"name":"Startseite","item":"https:\/\/relaisgourmet.com\/de\/startseite\/"},{"@type":"ListItem","position":2,"name":"Alle unsere Produkte","item":"https:\/\/relaisgourmet.com\/de\/shop\/"},{"@type":"ListItem","position":3,"name":"Larroun Box"}]},{"@type":"WebSite","@id":"https:\/\/relaisgourmet.com\/de\/#website","url":"https:\/\/relaisgourmet.com\/de\/","name":"Relais Gourmet","description":"Foie Gras 100% Fran\u00e7ais","publisher":{"@id":"https:\/\/relaisgourmet.com\/de\/#organization"},"potentialAction":[{"@type":"SearchAction","target":{"@type":"EntryPoint","urlTemplate":"https:\/\/relaisgourmet.com\/de\/?s={search_term_string}"},"query-input":{"@type":"PropertyValueSpecification","valueRequired":true,"valueName":"search_term_string"}}],"inLanguage":"de"},{"@type":"Organization","@id":"https:\/\/relaisgourmet.com\/de\/#organization","name":"Relais Gourmet","url":"https:\/\/relaisgourmet.com\/de\/","logo":{"@type":"ImageObject","inLanguage":"de","@id":"https:\/\/relaisgourmet.com\/de\/#\/schema\/logo\/image\/","url":"https:\/\/relaisgourmet.com\/wp-content\/uploads\/2026\/03\/yoast-logo-2-relais-gourmet-.png","contentUrl":"https:\/\/relaisgourmet.com\/wp-content\/uploads\/2026\/03\/yoast-logo-2-relais-gourmet-.png","width":1200,"height":675,"caption":"Relais Gourmet"},"image":{"@id":"https:\/\/relaisgourmet.com\/de\/#\/schema\/logo\/image\/"},"sameAs":["https:\/\/www.facebook.com\/relaisgourmet\/","https:\/\/x.com\/relaisgourmet64","https:\/\/www.instagram.com\/relaisgourmetofficiel","https:\/\/www.pinterest.fr\/relaisgourmet\/"],"email":"yaqueche@relaisgourmet.com","telephone":"+33 0 5 40 07 07 65","legalName":"Relais Gourmet","vatID":"FR13482415015","taxID":"482415015"}]}},"_links":{"self":[{"href":"https:\/\/relaisgourmet.com\/de\/wp-json\/wp\/v2\/product\/64924","targetHints":{"allow":["GET"]}}],"collection":[{"href":"https:\/\/relaisgourmet.com\/de\/wp-json\/wp\/v2\/product"}],"about":[{"href":"https:\/\/relaisgourmet.com\/de\/wp-json\/wp\/v2\/types\/product"}],"replies":[{"embeddable":true,"href":"https:\/\/relaisgourmet.com\/de\/wp-json\/wp\/v2\/comments?post=64924"}],"wp:featuredmedia":[{"embeddable":true,"href":"https:\/\/relaisgourmet.com\/de\/wp-json\/wp\/v2\/media\/64926"}],"wp:attachment":[{"href":"https:\/\/relaisgourmet.com\/de\/wp-json\/wp\/v2\/media?parent=64924"}],"wp:term":[{"taxonomy":"product_brand","embeddable":true,"href":"https:\/\/relaisgourmet.com\/de\/wp-json\/wp\/v2\/product_brand?post=64924"},{"taxonomy":"product_cat","embeddable":true,"href":"https:\/\/relaisgourmet.com\/de\/wp-json\/wp\/v2\/product_cat?post=64924"},{"taxonomy":"product_tag","embeddable":true,"href":"https:\/\/relaisgourmet.com\/de\/wp-json\/wp\/v2\/product_tag?post=64924"},{"taxonomy":"giftcard-category","embeddable":true,"href":"https:\/\/relaisgourmet.com\/de\/wp-json\/wp\/v2\/giftcard-category?post=64924"}],"curies":[{"name":"wp","href":"https:\/\/api.w.org\/{rel}","templated":true}]}}