{"id":64918,"date":"2026-03-10T12:26:59","date_gmt":"2026-03-10T12:26:59","guid":{"rendered":"https:\/\/strange-jennings.213-136-85-46.plesk.page\/product\/iparla-box\/"},"modified":"2026-04-01T22:29:36","modified_gmt":"2026-04-01T22:29:36","slug":"iparla-box","status":"publish","type":"product","link":"https:\/\/relaisgourmet.com\/de\/produkt\/iparla-box\/","title":{"rendered":"Iparla-Box"},"content":{"rendered":"<h4><b>Entdecke die Iparla Box: das Wesen des Terroirs in einer Gourmet Box<\/b><\/h4>\n<p><span style=\"font-weight: 400;\">Die <\/span><b>Iparla Box<\/b><span style=\"font-weight: 400;\"> ist eine echte Einladung, die authentischen <strong>Aromen von Relais Gourmet<\/strong> zu entdecken. <\/span> <\/p>\n<p>Diese Box ist die perfekte Begleitung f\u00fcr den Moment, egal ob Sie einen raffinierten Aperitif organisieren oder einen Gourmet-Urlaub genie\u00dfen.<\/p>\n<p><span style=\"font-weight: 400;\">Perfekt, um sie anzubieten oder ohne Verz\u00f6gerung zu genie\u00dfen, verspricht, jeden Gaumen zu erfreuen!  <\/span><\/p>\n<p><span style=\"font-weight: 400;\">Diese Box spiegelt die gesamte Handwerkskunst und Qualit\u00e4t baskischer Produkte wider.<\/span><\/p>\n<p>Die Iparla-Box ist <strong> garantiert ohne Konservierungsmittel, Farbstoffe und Zusatzstoffe.<\/strong><\/p>\n<h4><b>Zusammensetzung :<\/b><\/h4>\n<ul>\n<li style=\"font-weight: 400;\" aria-level=\"1\"><b>Whole Foie Gras Plain (400 g):<\/b> <span style=\"font-weight: 400;\">Dieses Foie Gras ist ein echtes Muss f\u00fcr gastronomische Tische, da es die traditionellen Rezepte respektiert, die all die Finesse des ganzen Foie Gras offenbaren.<\/span><\/li>\n<li style=\"font-weight: 400;\" aria-level=\"1\"><b>Ganzer Foie Gras mit Armagnac (400 g):<\/b> <span style=\"font-weight: 400;\">die perfekte Verbindung zwischen dem Reichtum von Foie Gras und den subtilen Noten von Armagnac und bietet einen raffinierten und unvergesslichen Geschmack.<\/span><\/li>\n<li style=\"font-weight: 400;\" aria-level=\"1\"><b>Ganze Foie Gras mit schwarzer Tr\u00fcffel (200 g):<\/b> <span style=\"font-weight: 400;\">Die schwarze Tr\u00fcffel verleiht dem Foie Gras eine luxuri\u00f6se und aromatische Dimension f\u00fcr ein unvergleichliches geschmackliches Genuss.<\/span><\/li>\n<li aria-level=\"1\"><span style=\"font-weight: 400;\"><b>Flasche Champagner (750 ml):<\/b> Nichts geht \u00fcber ein Glas Champagner zu diesen au\u00dfergew\u00f6hnlichen Gerichten. Es wird eine wunderbare Begleitung zu Ihren festlichen Mahlzeiten sein. <\/span><\/li>\n<li aria-level=\"1\"><strong>Eine Foie Gras Leier (10 g):<\/strong> Erm\u00f6glicht es, den Foie Gras zart in perfekte Scheiben zu schneiden, wobei Pr\u00e4zision und Eleganz kombiniert werden.<\/li>\n<li aria-level=\"1\"><strong>Ein Foie Gras Messer (10 g):<\/strong> Es ist daf\u00fcr konzipiert, Foie Gras mit Finesse und Pr\u00e4zision zu schneiden, dank seiner d\u00fcnnen Klinge, die die empfindliche Textur nicht zerquetscht.<\/li>\n<\/ul>\n<p>&nbsp;<\/p>\n<h4><b>Aufbewahrung und Verkostungstipps :<\/b><\/h4>\n<p><span style=\"font-weight: 400;\">Die <\/span><b>Iparla Box<\/b><span style=\"font-weight: 400;\"> kann 3 Jahre bei Zimmertemperatur aufbewahrt werden. <\/span> <\/p>\n<p>Nach dem \u00d6ffnen wird empfohlen, die Produkte innerhalb von 15 Tagen zu verzehren und im K\u00fchlschrank zu lagern.<\/p>\n<p><b>Tipps zum Genie\u00dfen Ihres Iparla-Geschenksets<\/b><\/p>\n<p><span style=\"font-weight: 400;\">Alle unsere Vorbereitungstipps finden Sie auf unserem <a href=\"https:\/\/epic-varahamihira.207-180-195-93.plesk.page\/blog-foies-gras-actualite\/\">Blog<\/a> und <a href=\"https:\/\/www.instagram.com\/relaisgourmetofficiel\/\">auf unserer Instagram-Seite<\/a>.  <\/span><\/p>\n<p><span style=\"font-weight: 400;\">Das <\/span><b>Iparla Geschenkset<\/b><span style=\"font-weight: 400;\"> ist das perfekte Geschenk f\u00fcr jeden Anlass. <\/span> <\/p>\n<p><span style=\"font-weight: 400;\">Ob<\/span>mit Familie oder Freunden \u2013 diese Box verbindet Tradition und Raffinesse f\u00fcr einen Gourmet-Moment.<\/p>\n","protected":false},"excerpt":{"rendered":"<p>Entdecken Sie die <strong>Iparla Box<\/strong> von Relais Gourmet, eine k\u00f6stliche Komposition, die jeden Moment bereichert.<\/p>\n<p><img decoding=\"async\" class=\"emoji\" role=\"img\" src=\"https:\/\/s.w.org\/images\/core\/emoji\/15.0.3\/svg\/1f1eb-1f1f7.svg\" alt=\"\ud83c\uddeb\ud83c\uddf7\">  Garantiert 100% franz\u00f6sische Produktion<br \/>\n\u2714 Garantiert ohne Konservierungsstoffe, Zusatzstoffe und Farbstoffe.<br \/>\n\ud83c\udf43 Mit gelbem Mais gef\u00fctterte Enten<br \/>\n\ud83d\ude9a Schnelle Lieferung weltweit<br \/>\n\ud83d\udd53 3 Jahre haltbar<br \/>\n\ud83d\udd10 Sichere Zahlung<\/p>\n<div class=\"woocommerce-product-details__short-description\">\n<p>Nettogewicht: 1,77 kg<\/p>\n<\/div>\n","protected":false},"featured_media":64921,"comment_status":"closed","ping_status":"closed","template":"","meta":{"_iconic_wsb_product_page_order_bump_ids":[],"_sku":["3110000346804-6"],"_iconic_wsb_product_page_bump_modal_ids":[]},"product_brand":[],"product_cat":[1679],"product_tag":[1661],"giftcard-category":[],"class_list":{"0":"post-64918","1":"product","2":"type-product","3":"status-publish","4":"has-post-thumbnail","6":"product_cat-geschenksets","7":"product_tag-made-in-frankreich","9":"first","10":"instock","11":"taxable","12":"shipping-taxable","13":"purchasable","14":"product-type-simple"},"yoast_head":"<!-- This site is optimized with the Yoast SEO Premium plugin v27.3 (Yoast SEO v27.3) - https:\/\/yoast.com\/product\/yoast-seo-premium-wordpress\/ -->\n<title>Iparla Box: Foie Gras &amp; Baskische Spezialit\u00e4ten | Relais Gourmet<\/title>\n<meta name=\"description\" content=\"Die Iparla Box l\u00e4dt Sie ein, das Beste unseres Terroirs mit au\u00dfergew\u00f6hnlichen Produkten zu entdecken oder sich selbst zu g\u00f6nnen\" \/>\n<meta name=\"robots\" content=\"index, follow, max-snippet:-1, max-image-preview:large, max-video-preview:-1\" \/>\n<link rel=\"canonical\" href=\"https:\/\/relaisgourmet.com\/de\/produkt\/iparla-box\/\" \/>\n<meta property=\"og:locale\" content=\"de_DE\" \/>\n<meta property=\"og:type\" content=\"article\" \/>\n<meta property=\"og:title\" content=\"Iparla-Box\" \/>\n<meta property=\"og:description\" content=\"Entdecken Sie die Iparla Box von Relais Gourmet, eine k\u00f6stliche Komposition, die jeden Moment bereichert.  Garantiert 100% franz\u00f6sische Produktion \u2714 Garantiert ohne Konservierungsstoffe, Zusatzstoffe und Farbstoffe. \ud83c\udf43 Mit gelbem Mais gef\u00fctterte Enten \ud83d\ude9a Schnelle Lieferung weltweit \ud83d\udd53 3 Jahre haltbar \ud83d\udd10 Sichere Zahlung  Nettogewicht: 1,77 kg\" \/>\n<meta property=\"og:url\" content=\"https:\/\/relaisgourmet.com\/de\/produkt\/iparla-box\/\" \/>\n<meta property=\"og:site_name\" content=\"Relais Gourmet\" \/>\n<meta property=\"article:publisher\" content=\"https:\/\/www.facebook.com\/relaisgourmet\/\" \/>\n<meta property=\"article:modified_time\" content=\"2026-04-01T22:29:36+00:00\" \/>\n<meta property=\"og:image\" content=\"https:\/\/relaisgourmet.com\/wp-content\/uploads\/2026\/03\/Iparla.webp\" \/>\n\t<meta property=\"og:image:width\" content=\"1583\" \/>\n\t<meta property=\"og:image:height\" content=\"1583\" \/>\n\t<meta property=\"og:image:type\" content=\"image\/webp\" \/>\n<meta name=\"twitter:card\" content=\"summary_large_image\" \/>\n<meta name=\"twitter:site\" content=\"@relaisgourmet64\" \/>\n<meta name=\"twitter:label1\" content=\"Gesch\u00e4tzte Lesezeit\" \/>\n\t<meta name=\"twitter:data1\" content=\"2\u00a0Minute\" \/>\n<script type=\"application\/ld+json\" class=\"yoast-schema-graph\">{\"@context\":\"https:\\\/\\\/schema.org\",\"@graph\":[{\"@type\":\"WebPage\",\"@id\":\"https:\\\/\\\/relaisgourmet.com\\\/de\\\/produkt\\\/iparla-box\\\/\",\"url\":\"https:\\\/\\\/relaisgourmet.com\\\/de\\\/produkt\\\/iparla-box\\\/\",\"name\":\"Iparla Box: Foie Gras & Baskische Spezialit\u00e4ten | Relais Gourmet\",\"isPartOf\":{\"@id\":\"https:\\\/\\\/relaisgourmet.com\\\/de\\\/#website\"},\"primaryImageOfPage\":{\"@id\":\"https:\\\/\\\/relaisgourmet.com\\\/de\\\/produkt\\\/iparla-box\\\/#primaryimage\"},\"image\":{\"@id\":\"https:\\\/\\\/relaisgourmet.com\\\/de\\\/produkt\\\/iparla-box\\\/#primaryimage\"},\"thumbnailUrl\":\"https:\\\/\\\/relaisgourmet.com\\\/wp-content\\\/uploads\\\/2026\\\/03\\\/Iparla.webp\",\"datePublished\":\"2026-03-10T12:26:59+00:00\",\"dateModified\":\"2026-04-01T22:29:36+00:00\",\"description\":\"Die Iparla Box l\u00e4dt Sie ein, das Beste unseres Terroirs mit au\u00dfergew\u00f6hnlichen Produkten zu entdecken oder sich selbst zu g\u00f6nnen\",\"breadcrumb\":{\"@id\":\"https:\\\/\\\/relaisgourmet.com\\\/de\\\/produkt\\\/iparla-box\\\/#breadcrumb\"},\"inLanguage\":\"de\",\"potentialAction\":[{\"@type\":\"ReadAction\",\"target\":[\"https:\\\/\\\/relaisgourmet.com\\\/de\\\/produkt\\\/iparla-box\\\/\"]}]},{\"@type\":\"ImageObject\",\"inLanguage\":\"de\",\"@id\":\"https:\\\/\\\/relaisgourmet.com\\\/de\\\/produkt\\\/iparla-box\\\/#primaryimage\",\"url\":\"https:\\\/\\\/relaisgourmet.com\\\/wp-content\\\/uploads\\\/2026\\\/03\\\/Iparla.webp\",\"contentUrl\":\"https:\\\/\\\/relaisgourmet.com\\\/wp-content\\\/uploads\\\/2026\\\/03\\\/Iparla.webp\",\"width\":1583,\"height\":1583},{\"@type\":\"BreadcrumbList\",\"@id\":\"https:\\\/\\\/relaisgourmet.com\\\/de\\\/produkt\\\/iparla-box\\\/#breadcrumb\",\"itemListElement\":[{\"@type\":\"ListItem\",\"position\":1,\"name\":\"Startseite\",\"item\":\"https:\\\/\\\/relaisgourmet.com\\\/de\\\/startseite\\\/\"},{\"@type\":\"ListItem\",\"position\":2,\"name\":\"Alle unsere Produkte\",\"item\":\"https:\\\/\\\/relaisgourmet.com\\\/de\\\/shop\\\/\"},{\"@type\":\"ListItem\",\"position\":3,\"name\":\"Iparla-Box\"}]},{\"@type\":\"WebSite\",\"@id\":\"https:\\\/\\\/relaisgourmet.com\\\/de\\\/#website\",\"url\":\"https:\\\/\\\/relaisgourmet.com\\\/de\\\/\",\"name\":\"Relais Gourmet\",\"description\":\"Foie Gras 100% Fran\u00e7ais\",\"publisher\":{\"@id\":\"https:\\\/\\\/relaisgourmet.com\\\/de\\\/#organization\"},\"potentialAction\":[{\"@type\":\"SearchAction\",\"target\":{\"@type\":\"EntryPoint\",\"urlTemplate\":\"https:\\\/\\\/relaisgourmet.com\\\/de\\\/?s={search_term_string}\"},\"query-input\":{\"@type\":\"PropertyValueSpecification\",\"valueRequired\":true,\"valueName\":\"search_term_string\"}}],\"inLanguage\":\"de\"},{\"@type\":\"Organization\",\"@id\":\"https:\\\/\\\/relaisgourmet.com\\\/de\\\/#organization\",\"name\":\"Relais Gourmet\",\"url\":\"https:\\\/\\\/relaisgourmet.com\\\/de\\\/\",\"logo\":{\"@type\":\"ImageObject\",\"inLanguage\":\"de\",\"@id\":\"https:\\\/\\\/relaisgourmet.com\\\/de\\\/#\\\/schema\\\/logo\\\/image\\\/\",\"url\":\"https:\\\/\\\/relaisgourmet.com\\\/wp-content\\\/uploads\\\/2026\\\/03\\\/yoast-logo-2-relais-gourmet-.png\",\"contentUrl\":\"https:\\\/\\\/relaisgourmet.com\\\/wp-content\\\/uploads\\\/2026\\\/03\\\/yoast-logo-2-relais-gourmet-.png\",\"width\":1200,\"height\":675,\"caption\":\"Relais Gourmet\"},\"image\":{\"@id\":\"https:\\\/\\\/relaisgourmet.com\\\/de\\\/#\\\/schema\\\/logo\\\/image\\\/\"},\"sameAs\":[\"https:\\\/\\\/www.facebook.com\\\/relaisgourmet\\\/\",\"https:\\\/\\\/x.com\\\/relaisgourmet64\",\"https:\\\/\\\/www.instagram.com\\\/relaisgourmetofficiel\",\"https:\\\/\\\/www.pinterest.fr\\\/relaisgourmet\\\/\"],\"email\":\"yaqueche@relaisgourmet.com\",\"telephone\":\"+33 0 5 40 07 07 65\",\"legalName\":\"Relais Gourmet\",\"vatID\":\"FR13482415015\",\"taxID\":\"482415015\"}]}<\/script>\n<!-- \/ Yoast SEO Premium plugin. -->","yoast_head_json":{"title":"Iparla Box: Foie Gras & Baskische Spezialit\u00e4ten | Relais Gourmet","description":"Die Iparla Box l\u00e4dt Sie ein, das Beste unseres Terroirs mit au\u00dfergew\u00f6hnlichen Produkten zu entdecken oder sich selbst zu g\u00f6nnen","robots":{"index":"index","follow":"follow","max-snippet":"max-snippet:-1","max-image-preview":"max-image-preview:large","max-video-preview":"max-video-preview:-1"},"canonical":"https:\/\/relaisgourmet.com\/de\/produkt\/iparla-box\/","og_locale":"de_DE","og_type":"article","og_title":"Iparla-Box","og_description":"Entdecken Sie die Iparla Box von Relais Gourmet, eine k\u00f6stliche Komposition, die jeden Moment bereichert.  Garantiert 100% franz\u00f6sische Produktion \u2714 Garantiert ohne Konservierungsstoffe, Zusatzstoffe und Farbstoffe. \ud83c\udf43 Mit gelbem Mais gef\u00fctterte Enten \ud83d\ude9a Schnelle Lieferung weltweit \ud83d\udd53 3 Jahre haltbar \ud83d\udd10 Sichere Zahlung  Nettogewicht: 1,77 kg","og_url":"https:\/\/relaisgourmet.com\/de\/produkt\/iparla-box\/","og_site_name":"Relais Gourmet","article_publisher":"https:\/\/www.facebook.com\/relaisgourmet\/","article_modified_time":"2026-04-01T22:29:36+00:00","og_image":[{"width":1583,"height":1583,"url":"https:\/\/relaisgourmet.com\/wp-content\/uploads\/2026\/03\/Iparla.webp","type":"image\/webp"}],"twitter_card":"summary_large_image","twitter_site":"@relaisgourmet64","twitter_misc":{"Gesch\u00e4tzte Lesezeit":"2\u00a0Minute"},"schema":{"@context":"https:\/\/schema.org","@graph":[{"@type":"WebPage","@id":"https:\/\/relaisgourmet.com\/de\/produkt\/iparla-box\/","url":"https:\/\/relaisgourmet.com\/de\/produkt\/iparla-box\/","name":"Iparla Box: Foie Gras & Baskische Spezialit\u00e4ten | Relais Gourmet","isPartOf":{"@id":"https:\/\/relaisgourmet.com\/de\/#website"},"primaryImageOfPage":{"@id":"https:\/\/relaisgourmet.com\/de\/produkt\/iparla-box\/#primaryimage"},"image":{"@id":"https:\/\/relaisgourmet.com\/de\/produkt\/iparla-box\/#primaryimage"},"thumbnailUrl":"https:\/\/relaisgourmet.com\/wp-content\/uploads\/2026\/03\/Iparla.webp","datePublished":"2026-03-10T12:26:59+00:00","dateModified":"2026-04-01T22:29:36+00:00","description":"Die Iparla Box l\u00e4dt Sie ein, das Beste unseres Terroirs mit au\u00dfergew\u00f6hnlichen Produkten zu entdecken oder sich selbst zu g\u00f6nnen","breadcrumb":{"@id":"https:\/\/relaisgourmet.com\/de\/produkt\/iparla-box\/#breadcrumb"},"inLanguage":"de","potentialAction":[{"@type":"ReadAction","target":["https:\/\/relaisgourmet.com\/de\/produkt\/iparla-box\/"]}]},{"@type":"ImageObject","inLanguage":"de","@id":"https:\/\/relaisgourmet.com\/de\/produkt\/iparla-box\/#primaryimage","url":"https:\/\/relaisgourmet.com\/wp-content\/uploads\/2026\/03\/Iparla.webp","contentUrl":"https:\/\/relaisgourmet.com\/wp-content\/uploads\/2026\/03\/Iparla.webp","width":1583,"height":1583},{"@type":"BreadcrumbList","@id":"https:\/\/relaisgourmet.com\/de\/produkt\/iparla-box\/#breadcrumb","itemListElement":[{"@type":"ListItem","position":1,"name":"Startseite","item":"https:\/\/relaisgourmet.com\/de\/startseite\/"},{"@type":"ListItem","position":2,"name":"Alle unsere Produkte","item":"https:\/\/relaisgourmet.com\/de\/shop\/"},{"@type":"ListItem","position":3,"name":"Iparla-Box"}]},{"@type":"WebSite","@id":"https:\/\/relaisgourmet.com\/de\/#website","url":"https:\/\/relaisgourmet.com\/de\/","name":"Relais Gourmet","description":"Foie Gras 100% Fran\u00e7ais","publisher":{"@id":"https:\/\/relaisgourmet.com\/de\/#organization"},"potentialAction":[{"@type":"SearchAction","target":{"@type":"EntryPoint","urlTemplate":"https:\/\/relaisgourmet.com\/de\/?s={search_term_string}"},"query-input":{"@type":"PropertyValueSpecification","valueRequired":true,"valueName":"search_term_string"}}],"inLanguage":"de"},{"@type":"Organization","@id":"https:\/\/relaisgourmet.com\/de\/#organization","name":"Relais Gourmet","url":"https:\/\/relaisgourmet.com\/de\/","logo":{"@type":"ImageObject","inLanguage":"de","@id":"https:\/\/relaisgourmet.com\/de\/#\/schema\/logo\/image\/","url":"https:\/\/relaisgourmet.com\/wp-content\/uploads\/2026\/03\/yoast-logo-2-relais-gourmet-.png","contentUrl":"https:\/\/relaisgourmet.com\/wp-content\/uploads\/2026\/03\/yoast-logo-2-relais-gourmet-.png","width":1200,"height":675,"caption":"Relais Gourmet"},"image":{"@id":"https:\/\/relaisgourmet.com\/de\/#\/schema\/logo\/image\/"},"sameAs":["https:\/\/www.facebook.com\/relaisgourmet\/","https:\/\/x.com\/relaisgourmet64","https:\/\/www.instagram.com\/relaisgourmetofficiel","https:\/\/www.pinterest.fr\/relaisgourmet\/"],"email":"yaqueche@relaisgourmet.com","telephone":"+33 0 5 40 07 07 65","legalName":"Relais Gourmet","vatID":"FR13482415015","taxID":"482415015"}]}},"_links":{"self":[{"href":"https:\/\/relaisgourmet.com\/de\/wp-json\/wp\/v2\/product\/64918","targetHints":{"allow":["GET"]}}],"collection":[{"href":"https:\/\/relaisgourmet.com\/de\/wp-json\/wp\/v2\/product"}],"about":[{"href":"https:\/\/relaisgourmet.com\/de\/wp-json\/wp\/v2\/types\/product"}],"replies":[{"embeddable":true,"href":"https:\/\/relaisgourmet.com\/de\/wp-json\/wp\/v2\/comments?post=64918"}],"wp:featuredmedia":[{"embeddable":true,"href":"https:\/\/relaisgourmet.com\/de\/wp-json\/wp\/v2\/media\/64921"}],"wp:attachment":[{"href":"https:\/\/relaisgourmet.com\/de\/wp-json\/wp\/v2\/media?parent=64918"}],"wp:term":[{"taxonomy":"product_brand","embeddable":true,"href":"https:\/\/relaisgourmet.com\/de\/wp-json\/wp\/v2\/product_brand?post=64918"},{"taxonomy":"product_cat","embeddable":true,"href":"https:\/\/relaisgourmet.com\/de\/wp-json\/wp\/v2\/product_cat?post=64918"},{"taxonomy":"product_tag","embeddable":true,"href":"https:\/\/relaisgourmet.com\/de\/wp-json\/wp\/v2\/product_tag?post=64918"},{"taxonomy":"giftcard-category","embeddable":true,"href":"https:\/\/relaisgourmet.com\/de\/wp-json\/wp\/v2\/giftcard-category?post=64918"}],"curies":[{"name":"wp","href":"https:\/\/api.w.org\/{rel}","templated":true}]}}