{"id":64901,"date":"2026-03-10T12:27:01","date_gmt":"2026-03-10T12:27:01","guid":{"rendered":"https:\/\/strange-jennings.213-136-85-46.plesk.page\/product\/serrano-reserva-schinken-traditionelle-poekelung\/"},"modified":"2026-04-01T22:32:05","modified_gmt":"2026-04-01T22:32:05","slug":"serrano-reserva-schinken-traditionelle-poekelung","status":"publish","type":"product","link":"https:\/\/relaisgourmet.com\/de\/produkt\/serrano-reserva-schinken-traditionelle-poekelung\/","title":{"rendered":"Serrano Reserva Schinken \u2013 traditionelle P\u00f6kelung"},"content":{"rendered":"<p class=\"\" data-start=\"486\" data-end=\"816\">Sorgf\u00e4ltig ausgew\u00e4hlt, stammt <strong data-start=\"512\" data-end=\"538\">Serrano Reserva Schinken<\/strong> aus Schweinen, die nach respektvollen Praktiken gehalten wurden, und garantiert so authentische Qualit\u00e4t und Geschmack. Das subtile Gleichgewicht zwischen S\u00fc\u00dfe, Salzigkeit und schmackhaften Aromen macht es zur perfekten Begleitung zu Ihren Aperitifs, Tapas oder feinen Charcuterie-Platten. <\/p>\n<p class=\"\" data-start=\"818\" data-end=\"840\"><strong data-start=\"818\" data-end=\"840\">Merkmale:<\/strong><\/p>\n<ul data-start=\"841\" data-end=\"1069\">\n<li class=\"\" data-start=\"841\" data-end=\"864\">\n<p class=\"\" data-start=\"843\" data-end=\"864\"><strong data-start=\"843\" data-end=\"856\">Herkunft:<\/strong> Spanien<\/p>\n<\/li>\n<li class=\"\" data-start=\"865\" data-end=\"896\">\n<p class=\"\" data-start=\"867\" data-end=\"896\"><strong data-start=\"867\" data-end=\"881\">Aush\u00e4rtung:<\/strong> Mindestens 6 Monate<\/p>\n<\/li>\n<li class=\"\" data-start=\"897\" data-end=\"930\">\n<p class=\"\" data-start=\"899\" data-end=\"930\"><strong data-start=\"899\" data-end=\"912\">Textur:<\/strong> Fest und schmelzend<\/p>\n<\/li>\n<li class=\"\" data-start=\"931\" data-end=\"981\">\n<p class=\"\" data-start=\"933\" data-end=\"981\"><strong data-start=\"933\" data-end=\"945\">Geschmack:<\/strong> S\u00fc\u00df, ausgewogen, leicht salzig<\/p>\n<\/li>\n<li class=\"\" data-start=\"982\" data-end=\"1030\">\n<p class=\"\" data-start=\"984\" data-end=\"1030\"><strong data-start=\"984\" data-end=\"1005\">Verpackung:<\/strong> Ganzer Schinken<\/p>\n<\/li>\n<li class=\"\" data-start=\"982\" data-end=\"1030\">\n<p class=\"\" data-start=\"984\" data-end=\"1030\"><strong data-start=\"1033\" data-end=\"1044\">Gewicht:<\/strong> Variiert je nach Format<\/p>\n<\/li>\n<\/ul>\n<p class=\"\" data-start=\"1071\" data-end=\"1398\"><strong data-start=\"1071\" data-end=\"1100\">Verkostungstipps:<\/strong> Servieren Sie ihn bei Zimmertemperatur, mit Toast, frischen Tomaten oder einem Glas spanischen Rotwein f\u00fcr optimalen Genuss.<\/p>\n<article class=\"text-token-text-primary w-full\" dir=\"auto\" data-testid=\"conversation-turn-16\" data-scroll-anchor=\"true\">\n<div class=\"text-base my-auto mx-auto py-5 [--thread-content-margin:--spacing(4)] @[37rem]:[--thread-content-margin:--spacing(6)] @[70rem]:[--thread-content-margin:--spacing(12)] px-(--thread-content-margin)\">\n<div class=\"[--thread-content-max-width:32rem] @[34rem]:[--thread-content-max-width:40rem] @[64rem]:[--thread-content-max-width:48rem] mx-auto flex max-w-(--thread-content-max-width) flex-1 text-base gap-4 md:gap-5 lg:gap-6 group\/turn-messages focus-visible:outline-hidden\" tabindex=\"-1\">\n<div class=\"group\/conversation-turn relative flex w-full min-w-0 flex-col agent-turn\">\n<div class=\"relative flex-col gap-1 md:gap-3\">\n<div class=\"flex max-w-full flex-col grow\">\n<div class=\"min-h-8 text-message relative flex w-full flex-col items-end gap-2 text-start break-words whitespace-normal [.text-message+&amp;]:mt-5\" dir=\"auto\" data-message-author-role=\"assistant\" data-message-id=\"5c0cba49-a3fa-4702-a906-a4e83fee8af4\" data-message-model-slug=\"gpt-4o-mini\">\n<div class=\"flex w-full flex-col gap-1 empty:hidden first:pt-[3px]\">\n<div class=\"markdown prose dark:prose-invert w-full break-words light\">\n<p class=\"\" data-start=\"0\" data-end=\"103\">Lassen Sie sich der Authentizit\u00e4t und Finesse des Serrano Reserva Schinkens hingeben \u2013 f\u00fcr eine au\u00dfergew\u00f6hnliche Verkostung.<\/p>\n<p data-start=\"0\" data-end=\"103\">\n<\/div>\n<\/div>\n<\/div>\n<\/div>\n<\/div>\n<\/div>\n<\/div>\n<\/div>\n<\/article>\n<div class=\"elementor-element elementor-element-5f30b56 elementor-widget elementor-widget-woocommerce-product-data-tabs\" data-id=\"5f30b56\" data-element_type=\"widget\" data-widget_type=\"woocommerce-product-data-tabs.default\">\n<div class=\"elementor-widget-container\">\n<div class=\"woocommerce-tabs wc-tabs-wrapper\">\n<div id=\"tab-description\" class=\"woocommerce-Tabs-panel woocommerce-Tabs-panel--description panel entry-content wc-tab\" role=\"tabpanel\" aria-labelledby=\"tab-title-description\">\n<p>Und schlie\u00dflich, um diesen Schinken zu begleiten, warum l\u00e4sst sich nicht von <a href=\"https:\/\/epic-varahamihira.207-180-195-93.plesk.page\/\">den k\u00f6stlichen Relais Gourmet Foies Gras <\/a> verf\u00fchren?<\/p>\n<article class=\"text-token-text-primary w-full\" dir=\"auto\" data-testid=\"conversation-turn-14\" data-scroll-anchor=\"true\">\n<div class=\"text-base my-auto mx-auto py-5 [--thread-content-margin:--spacing(4)] @[37rem]:[--thread-content-margin:--spacing(6)] @[70rem]:[--thread-content-margin:--spacing(12)] px-(--thread-content-margin)\">\n<div class=\"[--thread-content-max-width:32rem] @[34rem]:[--thread-content-max-width:40rem] @[64rem]:[--thread-content-max-width:48rem] mx-auto flex max-w-(--thread-content-max-width) flex-1 text-base gap-4 md:gap-5 lg:gap-6 group\/turn-messages focus-visible:outline-hidden\" tabindex=\"-1\">\n<div class=\"group\/conversation-turn relative flex w-full min-w-0 flex-col agent-turn\">\n<div class=\"relative flex-col gap-1 md:gap-3\">\n<div class=\"flex max-w-full flex-col grow\">\n<div class=\"min-h-8 text-message relative flex w-full flex-col items-end gap-2 text-start break-words whitespace-normal [.text-message+&amp;]:mt-5\" dir=\"auto\" data-message-author-role=\"assistant\" data-message-id=\"42d71592-9458-4f44-9fd8-ff33539cedb8\" data-message-model-slug=\"gpt-4o-mini\">\n<div class=\"flex w-full flex-col gap-1 empty:hidden first:pt-[3px]\">\n<div class=\"markdown prose dark:prose-invert w-full break-words light\">\n<article class=\"text-token-text-primary w-full\" dir=\"auto\" data-testid=\"conversation-turn-16\" data-scroll-anchor=\"true\">\n<div class=\"text-base my-auto mx-auto py-5 [--thread-content-margin:--spacing(4)] @[37rem]:[--thread-content-margin:--spacing(6)] @[70rem]:[--thread-content-margin:--spacing(12)] px-(--thread-content-margin)\">\n<div class=\"[--thread-content-max-width:32rem] @[34rem]:[--thread-content-max-width:40rem] @[64rem]:[--thread-content-max-width:48rem] mx-auto flex max-w-(--thread-content-max-width) flex-1 text-base gap-4 md:gap-5 lg:gap-6 group\/turn-messages focus-visible:outline-hidden\" tabindex=\"-1\">\n<div class=\"group\/conversation-turn relative flex w-full min-w-0 flex-col agent-turn\">\n<div class=\"relative flex-col gap-1 md:gap-3\">\n<div class=\"flex max-w-full flex-col grow\">\n<div class=\"min-h-8 text-message relative flex w-full flex-col items-end gap-2 text-start break-words whitespace-normal [.text-message+&amp;]:mt-5\" dir=\"auto\" data-message-author-role=\"assistant\" data-message-id=\"22dc5875-b044-4d41-b5f3-8328c90b6691\" data-message-model-slug=\"gpt-4o-mini\">\n<div class=\"flex w-full flex-col gap-1 empty:hidden first:pt-[3px]\">\n<div class=\"markdown prose dark:prose-invert w-full break-words light\">\n<p class=\"\" data-start=\"0\" data-end=\"110\">Zum Nachtisch genie\u00dfen Sie <a href=\"https:\/\/mariasimona.com\/categorie-produit\/turrons-classiques\/\"><strong data-start=\"26\" data-end=\"54\">Maria Simonas Turrones<\/strong><\/a> \u2013 eine perfekte Leckerei, um dieses Essen stilvoll abzuschlie\u00dfen.<\/p>\n<\/div>\n<\/div>\n<\/div>\n<\/div>\n<\/div>\n<div class=\"absolute\">\n<div class=\"flex items-center justify-center\"><\/div>\n<\/div>\n<\/div>\n<\/div>\n<\/div>\n<\/article>\n<\/div>\n<\/div>\n<\/div>\n<\/div>\n<\/div>\n<\/div>\n<\/div>\n<\/div>\n<\/article>\n<\/div>\n<\/div>\n<\/div>\n<\/div>\n","protected":false},"excerpt":{"rendered":"<p>G\u00f6nnen Sie sich ein einzigartiges Geschmackserlebnis mit <strong data-start=\"52\" data-end=\"78\">Serrano Reserva Schinken<\/strong>, der sechs Monate lang in den spanischen Bergen nat\u00fcrlich gep\u00f6kelt wurde, f\u00fcr eine schmelzende Textur und einen unverwechselbaren Geschmack.<\/p>\n<p>Garantierte Produktion 100 % Spanisch<br \/>\n\u2714 Lange nat\u00fcrliche Reifung<br \/>\n\ud83c\udf43 Erhaltenes\ud83d\ude9a<br \/>\n handwerkliches Know-how Schnelle Lieferung weltweit<br \/>\n\ud83d\udd10 Sichere Zahlung<\/p>\n<div class=\"woocommerce-product-details__short-description\">\n<p>Nettogewicht: 8 kg<\/p>\n<\/div>\n","protected":false},"featured_media":64906,"comment_status":"closed","ping_status":"closed","template":"","meta":{"_iconic_wsb_product_page_order_bump_ids":[[]],"_sku":["3110000346804-7-1-1-1-1-1-1"],"_iconic_wsb_product_page_bump_modal_ids":[[]]},"product_brand":[],"product_cat":[2241],"product_tag":[],"giftcard-category":[],"class_list":{"0":"post-64901","1":"product","2":"type-product","3":"status-publish","4":"has-post-thumbnail","6":"product_cat-spanische-wurstwaren","8":"first","9":"instock","10":"taxable","11":"shipping-taxable","12":"purchasable","13":"product-type-simple"},"yoast_head":"<!-- This site is optimized with the Yoast SEO Premium plugin v27.3 (Yoast SEO v27.3) - https:\/\/yoast.com\/product\/yoast-seo-premium-wordpress\/ -->\n<title>Serrano Reserva Schinken \u2013 traditionelle P\u00f6kelung &#8211; Relais Gourmet<\/title>\n<meta name=\"description\" content=\"Genie\u00dfen Sie den Serrano Reserva Schinken, der mindestens 6 Monate gep\u00f6kelt ist, mit einem dezenten Geschmack und schmelzender Textur, perfekt f\u00fcr Ihre Aperitifs und Aufschnitt.\" \/>\n<meta name=\"robots\" content=\"index, follow, max-snippet:-1, max-image-preview:large, max-video-preview:-1\" \/>\n<link rel=\"canonical\" href=\"https:\/\/relaisgourmet.com\/de\/produkt\/serrano-reserva-schinken-traditionelle-poekelung\/\" \/>\n<meta property=\"og:locale\" content=\"de_DE\" \/>\n<meta property=\"og:type\" content=\"article\" \/>\n<meta property=\"og:title\" content=\"Serrano Reserva Schinken \u2013 traditionelle P\u00f6kelung\" \/>\n<meta property=\"og:description\" content=\"G\u00f6nnen Sie sich ein einzigartiges Geschmackserlebnis mit Serrano Reserva Schinken, der sechs Monate lang in den spanischen Bergen nat\u00fcrlich gep\u00f6kelt wurde, f\u00fcr eine schmelzende Textur und einen unverwechselbaren Geschmack. Garantierte Produktion 100 % Spanisch \u2714 Lange nat\u00fcrliche Reifung \ud83c\udf43 Erhaltenes\ud83d\ude9a handwerkliches Know-how Schnelle Lieferung weltweit \ud83d\udd10 Sichere Zahlung  Nettogewicht: 8 kg\" \/>\n<meta property=\"og:url\" content=\"https:\/\/relaisgourmet.com\/de\/produkt\/serrano-reserva-schinken-traditionelle-poekelung\/\" \/>\n<meta property=\"og:site_name\" content=\"Relais Gourmet\" \/>\n<meta property=\"article:publisher\" content=\"https:\/\/www.facebook.com\/relaisgourmet\/\" \/>\n<meta property=\"article:modified_time\" content=\"2026-04-01T22:32:05+00:00\" \/>\n<meta property=\"og:image\" content=\"https:\/\/relaisgourmet.com\/wp-content\/uploads\/2026\/03\/jambon-relais-gourmet.webp\" \/>\n\t<meta property=\"og:image:width\" content=\"1024\" \/>\n\t<meta property=\"og:image:height\" content=\"1024\" \/>\n\t<meta property=\"og:image:type\" content=\"image\/webp\" \/>\n<meta name=\"twitter:card\" content=\"summary_large_image\" \/>\n<meta name=\"twitter:site\" content=\"@relaisgourmet64\" \/>\n<meta name=\"twitter:label1\" content=\"Gesch\u00e4tzte Lesezeit\" \/>\n\t<meta name=\"twitter:data1\" content=\"1\u00a0Minute\" \/>\n<script type=\"application\/ld+json\" class=\"yoast-schema-graph\">{\"@context\":\"https:\\\/\\\/schema.org\",\"@graph\":[{\"@type\":\"WebPage\",\"@id\":\"https:\\\/\\\/relaisgourmet.com\\\/de\\\/produkt\\\/serrano-reserva-schinken-traditionelle-poekelung\\\/\",\"url\":\"https:\\\/\\\/relaisgourmet.com\\\/de\\\/produkt\\\/serrano-reserva-schinken-traditionelle-poekelung\\\/\",\"name\":\"Serrano Reserva Schinken \u2013 traditionelle P\u00f6kelung &#8211; Relais Gourmet\",\"isPartOf\":{\"@id\":\"https:\\\/\\\/relaisgourmet.com\\\/de\\\/#website\"},\"primaryImageOfPage\":{\"@id\":\"https:\\\/\\\/relaisgourmet.com\\\/de\\\/produkt\\\/serrano-reserva-schinken-traditionelle-poekelung\\\/#primaryimage\"},\"image\":{\"@id\":\"https:\\\/\\\/relaisgourmet.com\\\/de\\\/produkt\\\/serrano-reserva-schinken-traditionelle-poekelung\\\/#primaryimage\"},\"thumbnailUrl\":\"https:\\\/\\\/relaisgourmet.com\\\/wp-content\\\/uploads\\\/2026\\\/03\\\/jambon-relais-gourmet.webp\",\"datePublished\":\"2026-03-10T12:27:01+00:00\",\"dateModified\":\"2026-04-01T22:32:05+00:00\",\"description\":\"Genie\u00dfen Sie den Serrano Reserva Schinken, der mindestens 6 Monate gep\u00f6kelt ist, mit einem dezenten Geschmack und schmelzender Textur, perfekt f\u00fcr Ihre Aperitifs und Aufschnitt.\",\"breadcrumb\":{\"@id\":\"https:\\\/\\\/relaisgourmet.com\\\/de\\\/produkt\\\/serrano-reserva-schinken-traditionelle-poekelung\\\/#breadcrumb\"},\"inLanguage\":\"de\",\"potentialAction\":[{\"@type\":\"ReadAction\",\"target\":[\"https:\\\/\\\/relaisgourmet.com\\\/de\\\/produkt\\\/serrano-reserva-schinken-traditionelle-poekelung\\\/\"]}]},{\"@type\":\"ImageObject\",\"inLanguage\":\"de\",\"@id\":\"https:\\\/\\\/relaisgourmet.com\\\/de\\\/produkt\\\/serrano-reserva-schinken-traditionelle-poekelung\\\/#primaryimage\",\"url\":\"https:\\\/\\\/relaisgourmet.com\\\/wp-content\\\/uploads\\\/2026\\\/03\\\/jambon-relais-gourmet.webp\",\"contentUrl\":\"https:\\\/\\\/relaisgourmet.com\\\/wp-content\\\/uploads\\\/2026\\\/03\\\/jambon-relais-gourmet.webp\",\"width\":1024,\"height\":1024},{\"@type\":\"BreadcrumbList\",\"@id\":\"https:\\\/\\\/relaisgourmet.com\\\/de\\\/produkt\\\/serrano-reserva-schinken-traditionelle-poekelung\\\/#breadcrumb\",\"itemListElement\":[{\"@type\":\"ListItem\",\"position\":1,\"name\":\"Startseite\",\"item\":\"https:\\\/\\\/relaisgourmet.com\\\/de\\\/startseite\\\/\"},{\"@type\":\"ListItem\",\"position\":2,\"name\":\"Alle unsere Produkte\",\"item\":\"https:\\\/\\\/relaisgourmet.com\\\/de\\\/shop\\\/\"},{\"@type\":\"ListItem\",\"position\":3,\"name\":\"Serrano Reserva Schinken \u2013 traditionelle P\u00f6kelung\"}]},{\"@type\":\"WebSite\",\"@id\":\"https:\\\/\\\/relaisgourmet.com\\\/de\\\/#website\",\"url\":\"https:\\\/\\\/relaisgourmet.com\\\/de\\\/\",\"name\":\"Relais Gourmet\",\"description\":\"Foie Gras 100% Fran\u00e7ais\",\"publisher\":{\"@id\":\"https:\\\/\\\/relaisgourmet.com\\\/de\\\/#organization\"},\"potentialAction\":[{\"@type\":\"SearchAction\",\"target\":{\"@type\":\"EntryPoint\",\"urlTemplate\":\"https:\\\/\\\/relaisgourmet.com\\\/de\\\/?s={search_term_string}\"},\"query-input\":{\"@type\":\"PropertyValueSpecification\",\"valueRequired\":true,\"valueName\":\"search_term_string\"}}],\"inLanguage\":\"de\"},{\"@type\":\"Organization\",\"@id\":\"https:\\\/\\\/relaisgourmet.com\\\/de\\\/#organization\",\"name\":\"Relais Gourmet\",\"url\":\"https:\\\/\\\/relaisgourmet.com\\\/de\\\/\",\"logo\":{\"@type\":\"ImageObject\",\"inLanguage\":\"de\",\"@id\":\"https:\\\/\\\/relaisgourmet.com\\\/de\\\/#\\\/schema\\\/logo\\\/image\\\/\",\"url\":\"https:\\\/\\\/relaisgourmet.com\\\/wp-content\\\/uploads\\\/2026\\\/03\\\/yoast-logo-2-relais-gourmet-.png\",\"contentUrl\":\"https:\\\/\\\/relaisgourmet.com\\\/wp-content\\\/uploads\\\/2026\\\/03\\\/yoast-logo-2-relais-gourmet-.png\",\"width\":1200,\"height\":675,\"caption\":\"Relais Gourmet\"},\"image\":{\"@id\":\"https:\\\/\\\/relaisgourmet.com\\\/de\\\/#\\\/schema\\\/logo\\\/image\\\/\"},\"sameAs\":[\"https:\\\/\\\/www.facebook.com\\\/relaisgourmet\\\/\",\"https:\\\/\\\/x.com\\\/relaisgourmet64\",\"https:\\\/\\\/www.instagram.com\\\/relaisgourmetofficiel\",\"https:\\\/\\\/www.pinterest.fr\\\/relaisgourmet\\\/\"],\"email\":\"yaqueche@relaisgourmet.com\",\"telephone\":\"+33 0 5 40 07 07 65\",\"legalName\":\"Relais Gourmet\",\"vatID\":\"FR13482415015\",\"taxID\":\"482415015\"}]}<\/script>\n<!-- \/ Yoast SEO Premium plugin. -->","yoast_head_json":{"title":"Serrano Reserva Schinken \u2013 traditionelle P\u00f6kelung &#8211; Relais Gourmet","description":"Genie\u00dfen Sie den Serrano Reserva Schinken, der mindestens 6 Monate gep\u00f6kelt ist, mit einem dezenten Geschmack und schmelzender Textur, perfekt f\u00fcr Ihre Aperitifs und Aufschnitt.","robots":{"index":"index","follow":"follow","max-snippet":"max-snippet:-1","max-image-preview":"max-image-preview:large","max-video-preview":"max-video-preview:-1"},"canonical":"https:\/\/relaisgourmet.com\/de\/produkt\/serrano-reserva-schinken-traditionelle-poekelung\/","og_locale":"de_DE","og_type":"article","og_title":"Serrano Reserva Schinken \u2013 traditionelle P\u00f6kelung","og_description":"G\u00f6nnen Sie sich ein einzigartiges Geschmackserlebnis mit Serrano Reserva Schinken, der sechs Monate lang in den spanischen Bergen nat\u00fcrlich gep\u00f6kelt wurde, f\u00fcr eine schmelzende Textur und einen unverwechselbaren Geschmack. Garantierte Produktion 100 % Spanisch \u2714 Lange nat\u00fcrliche Reifung \ud83c\udf43 Erhaltenes\ud83d\ude9a handwerkliches Know-how Schnelle Lieferung weltweit \ud83d\udd10 Sichere Zahlung  Nettogewicht: 8 kg","og_url":"https:\/\/relaisgourmet.com\/de\/produkt\/serrano-reserva-schinken-traditionelle-poekelung\/","og_site_name":"Relais Gourmet","article_publisher":"https:\/\/www.facebook.com\/relaisgourmet\/","article_modified_time":"2026-04-01T22:32:05+00:00","og_image":[{"width":1024,"height":1024,"url":"https:\/\/relaisgourmet.com\/wp-content\/uploads\/2026\/03\/jambon-relais-gourmet.webp","type":"image\/webp"}],"twitter_card":"summary_large_image","twitter_site":"@relaisgourmet64","twitter_misc":{"Gesch\u00e4tzte Lesezeit":"1\u00a0Minute"},"schema":{"@context":"https:\/\/schema.org","@graph":[{"@type":"WebPage","@id":"https:\/\/relaisgourmet.com\/de\/produkt\/serrano-reserva-schinken-traditionelle-poekelung\/","url":"https:\/\/relaisgourmet.com\/de\/produkt\/serrano-reserva-schinken-traditionelle-poekelung\/","name":"Serrano Reserva Schinken \u2013 traditionelle P\u00f6kelung &#8211; Relais Gourmet","isPartOf":{"@id":"https:\/\/relaisgourmet.com\/de\/#website"},"primaryImageOfPage":{"@id":"https:\/\/relaisgourmet.com\/de\/produkt\/serrano-reserva-schinken-traditionelle-poekelung\/#primaryimage"},"image":{"@id":"https:\/\/relaisgourmet.com\/de\/produkt\/serrano-reserva-schinken-traditionelle-poekelung\/#primaryimage"},"thumbnailUrl":"https:\/\/relaisgourmet.com\/wp-content\/uploads\/2026\/03\/jambon-relais-gourmet.webp","datePublished":"2026-03-10T12:27:01+00:00","dateModified":"2026-04-01T22:32:05+00:00","description":"Genie\u00dfen Sie den Serrano Reserva Schinken, der mindestens 6 Monate gep\u00f6kelt ist, mit einem dezenten Geschmack und schmelzender Textur, perfekt f\u00fcr Ihre Aperitifs und Aufschnitt.","breadcrumb":{"@id":"https:\/\/relaisgourmet.com\/de\/produkt\/serrano-reserva-schinken-traditionelle-poekelung\/#breadcrumb"},"inLanguage":"de","potentialAction":[{"@type":"ReadAction","target":["https:\/\/relaisgourmet.com\/de\/produkt\/serrano-reserva-schinken-traditionelle-poekelung\/"]}]},{"@type":"ImageObject","inLanguage":"de","@id":"https:\/\/relaisgourmet.com\/de\/produkt\/serrano-reserva-schinken-traditionelle-poekelung\/#primaryimage","url":"https:\/\/relaisgourmet.com\/wp-content\/uploads\/2026\/03\/jambon-relais-gourmet.webp","contentUrl":"https:\/\/relaisgourmet.com\/wp-content\/uploads\/2026\/03\/jambon-relais-gourmet.webp","width":1024,"height":1024},{"@type":"BreadcrumbList","@id":"https:\/\/relaisgourmet.com\/de\/produkt\/serrano-reserva-schinken-traditionelle-poekelung\/#breadcrumb","itemListElement":[{"@type":"ListItem","position":1,"name":"Startseite","item":"https:\/\/relaisgourmet.com\/de\/startseite\/"},{"@type":"ListItem","position":2,"name":"Alle unsere Produkte","item":"https:\/\/relaisgourmet.com\/de\/shop\/"},{"@type":"ListItem","position":3,"name":"Serrano Reserva Schinken \u2013 traditionelle P\u00f6kelung"}]},{"@type":"WebSite","@id":"https:\/\/relaisgourmet.com\/de\/#website","url":"https:\/\/relaisgourmet.com\/de\/","name":"Relais Gourmet","description":"Foie Gras 100% Fran\u00e7ais","publisher":{"@id":"https:\/\/relaisgourmet.com\/de\/#organization"},"potentialAction":[{"@type":"SearchAction","target":{"@type":"EntryPoint","urlTemplate":"https:\/\/relaisgourmet.com\/de\/?s={search_term_string}"},"query-input":{"@type":"PropertyValueSpecification","valueRequired":true,"valueName":"search_term_string"}}],"inLanguage":"de"},{"@type":"Organization","@id":"https:\/\/relaisgourmet.com\/de\/#organization","name":"Relais Gourmet","url":"https:\/\/relaisgourmet.com\/de\/","logo":{"@type":"ImageObject","inLanguage":"de","@id":"https:\/\/relaisgourmet.com\/de\/#\/schema\/logo\/image\/","url":"https:\/\/relaisgourmet.com\/wp-content\/uploads\/2026\/03\/yoast-logo-2-relais-gourmet-.png","contentUrl":"https:\/\/relaisgourmet.com\/wp-content\/uploads\/2026\/03\/yoast-logo-2-relais-gourmet-.png","width":1200,"height":675,"caption":"Relais Gourmet"},"image":{"@id":"https:\/\/relaisgourmet.com\/de\/#\/schema\/logo\/image\/"},"sameAs":["https:\/\/www.facebook.com\/relaisgourmet\/","https:\/\/x.com\/relaisgourmet64","https:\/\/www.instagram.com\/relaisgourmetofficiel","https:\/\/www.pinterest.fr\/relaisgourmet\/"],"email":"yaqueche@relaisgourmet.com","telephone":"+33 0 5 40 07 07 65","legalName":"Relais Gourmet","vatID":"FR13482415015","taxID":"482415015"}]}},"_links":{"self":[{"href":"https:\/\/relaisgourmet.com\/de\/wp-json\/wp\/v2\/product\/64901","targetHints":{"allow":["GET"]}}],"collection":[{"href":"https:\/\/relaisgourmet.com\/de\/wp-json\/wp\/v2\/product"}],"about":[{"href":"https:\/\/relaisgourmet.com\/de\/wp-json\/wp\/v2\/types\/product"}],"replies":[{"embeddable":true,"href":"https:\/\/relaisgourmet.com\/de\/wp-json\/wp\/v2\/comments?post=64901"}],"wp:featuredmedia":[{"embeddable":true,"href":"https:\/\/relaisgourmet.com\/de\/wp-json\/wp\/v2\/media\/64906"}],"wp:attachment":[{"href":"https:\/\/relaisgourmet.com\/de\/wp-json\/wp\/v2\/media?parent=64901"}],"wp:term":[{"taxonomy":"product_brand","embeddable":true,"href":"https:\/\/relaisgourmet.com\/de\/wp-json\/wp\/v2\/product_brand?post=64901"},{"taxonomy":"product_cat","embeddable":true,"href":"https:\/\/relaisgourmet.com\/de\/wp-json\/wp\/v2\/product_cat?post=64901"},{"taxonomy":"product_tag","embeddable":true,"href":"https:\/\/relaisgourmet.com\/de\/wp-json\/wp\/v2\/product_tag?post=64901"},{"taxonomy":"giftcard-category","embeddable":true,"href":"https:\/\/relaisgourmet.com\/de\/wp-json\/wp\/v2\/giftcard-category?post=64901"}],"curies":[{"name":"wp","href":"https:\/\/api.w.org\/{rel}","templated":true}]}}