{"id":64838,"date":"2026-03-10T12:25:15","date_gmt":"2026-03-10T12:25:15","guid":{"rendered":"https:\/\/strange-jennings.213-136-85-46.plesk.page\/product\/aperitif-set-ainhoa\/"},"modified":"2026-04-01T23:21:45","modified_gmt":"2026-04-01T23:21:45","slug":"aperitif-set-ainhoa","status":"publish","type":"product","link":"https:\/\/relaisgourmet.com\/de\/produkt\/aperitif-set-ainhoa\/","title":{"rendered":"Aperitif-Set Ainhoa"},"content":{"rendered":"<h4><b>Entdecken Sie die Ainhoa Aperitif Box: das Muss f\u00fcr gesellige Aperitifs<\/b><\/h4>\n<p><span style=\"font-weight: 400;\">Die <\/span><b>Ainhoa Aperitif Box<\/b><span style=\"font-weight: 400;\"> von <strong>Relais Gourmet<\/strong> ist eine sorgf\u00e4ltig zusammengestellte Wahl, um Ihre gemeinsamen Momente zu bereichern.<\/span><\/p>\n<p><span style=\"font-weight: 400;\">Das ist das Versprechen von Relais Gourmet: Zutaten von \u00fcberlegener Qualit\u00e4t, Traditionen respektierend, f\u00fcr Gourmet-Momente.<\/span><\/p>\n<p><span style=\"font-weight: 400;\">Perfekt f\u00fcr einen Aperitif mit Freunden oder Familie \u2013 diese Box ist ein Vergn\u00fcgen zu geben oder zu empfangen.<\/span><\/p>\n<p>Die Ainhoa Aperitif Box ist <strong>garantiert ohne Konservierungsmittel, Farbstoffe und Zusatzstoffe. <\/strong> <\/p>\n<h4><strong>Zusammensetzung:  <\/strong><\/h4>\n<p><span style=\"font-weight: 400;\">Die <\/span><b>Ainhoa Aperitif Box<\/b><span style=\"font-weight: 400;\"> enth\u00e4lt drei au\u00dfergew\u00f6hnliche Zubereitungen, die alle von den Aromen der Baskenregion inspiriert sind.<\/span><\/p>\n<ul>\n<li style=\"font-weight: 400;\" aria-level=\"1\"><strong>Gourmet-Aperitif mit Juran\u00e7on (180 g):<\/strong> <span style=\"font-weight: 400;\">eine k\u00f6stliche Kombination aus sanften Aromen und Juran\u00e7on, einem s\u00fc\u00df-fruchtigen Wein.<\/span><\/li>\n<li style=\"font-weight: 400;\" aria-level=\"1\"><strong>Gourmet Armagnac Aperitif (180 g):<\/strong> <span style=\"font-weight: 400;\">die perfekte Verbindung zwischen reichen Aromen und den Aromen von Armagnac und bietet ein raffiniertes Geschmackserlebnis<\/span><\/li>\n<li style=\"font-weight: 400;\" aria-level=\"1\"><strong>Gourmet-Aperitif mit Espelette-Pfeffer (180 g):<\/strong> <span style=\"font-weight: 400;\">ein w\u00fcrziger Klassiker mit genau der richtigen W\u00fcrze, um Ihre Geschmacksknospen zu wecken und den ikonischen Espelette-Pfeffer hervorzuheben.<\/span><\/li>\n<\/ul>\n<h4><\/h4>\n<h4><strong>Aufbewahrung :<\/strong><\/h4>\n<p><span style=\"font-weight: 400;\">3 Jahre bei Zimmertemperatur, was die M\u00f6glichkeit bietet, es nach Belieben zu genie\u00dfen. Sobald es ge\u00f6ffnet ist, denken Sie daran, es innerhalb von 15 Tagen zu konsumieren und im K\u00fchlschrank aufzubewahren, um es voll zu genie\u00dfen. <\/span><\/p>\n<p>&nbsp;<\/p>\n<h4><b>Bereiten Sie sich auf einen Moment der Gaumenfreuden vor:<\/b><\/h4>\n<p><span style=\"font-weight: 400;\">Finden Sie auf unserem <a href=\"https:\/\/epic-varahamihira.207-180-195-93.plesk.page\/blog-foies-gras-actualite\/\">Blog<\/a> und <a href=\"https:\/\/www.instagram.com\/relaisgourmetofficiel\/\">unserer Instagram-Seite<\/a> kreative Ideen und Tipps, um die Produkte der <\/span><b>Ainhoa Aperitif Box<\/b> zu genie\u00dfen<span style=\"font-weight: 400;\">.<\/span><\/p>\n<p><span style=\"font-weight: 400;\">Diese Tipps helfen Ihnen, unvergessliche Momente des Teilens zu schaffen.<\/span><\/p>\n<p><span style=\"font-weight: 400;\">Die <\/span><b>Ainhoa Aperitif Box<\/b><span style=\"font-weight: 400;\"> ist die ideale Wahl, um jeden Anlass in einen Gourmet-, geselligen und authentischen Moment zu verwandeln.<\/span><\/p>\n<p><span style=\"font-weight: 400;\">Relais Gourmet garantiert Ihnen mit dieser au\u00dfergew\u00f6hnlichen Box Aperitifs, die Ihren Erwartungen entsprechen.<\/span><\/p>\n","protected":false},"excerpt":{"rendered":"<p>Die Ainhoa Aperitif Box von Relais Gourmet ist perfekt, um Ihre Aperitifs aufzuwerten. Um zu all deinen Anl\u00e4ssen genossen oder angeboten zu werden! <\/p>\n<p><img decoding=\"async\" class=\"emoji\" role=\"img\" src=\"https:\/\/s.w.org\/images\/core\/emoji\/15.0.3\/svg\/1f1eb-1f1f7.svg\" alt=\"\ud83c\uddeb\ud83c\uddf7\">  Garantiert 100% franz\u00f6sische Produktion<br \/>\n\u2714 Garantiert ohne Konservierungsstoffe, Zusatzstoffe und Farbstoffe.<br \/>\n\ud83c\udf43 Mit gelbem Mais gef\u00fctterte Enten<br \/>\n\ud83d\ude9a Schnelle Lieferung weltweit<br \/>\n\ud83d\udd53 3 Jahre haltbar<br \/>\n\ud83d\udd10 Sichere Zahlung<\/p>\n<p>Nettogewicht: 540g (180&#215;3)<\/p>\n","protected":false},"featured_media":64840,"comment_status":"closed","ping_status":"closed","template":"","meta":{"_iconic_wsb_product_page_order_bump_ids":[],"_sku":["3190000346776"],"_iconic_wsb_product_page_bump_modal_ids":[]},"product_brand":[],"product_cat":[1676,1679],"product_tag":[2234,2235,1661],"giftcard-category":[],"class_list":{"0":"post-64838","1":"product","2":"type-product","3":"status-publish","4":"has-post-thumbnail","6":"product_cat-aperitife-mit-brotaufstrich","7":"product_cat-geschenksets","8":"product_tag-400g-2","9":"product_tag-10-14-portionen","10":"product_tag-made-in-frankreich","12":"first","13":"instock","14":"taxable","15":"shipping-taxable","16":"purchasable","17":"product-type-simple"},"yoast_head":"<!-- This site is optimized with the Yoast SEO Premium plugin v27.3 (Yoast SEO v27.3) - https:\/\/yoast.com\/product\/yoast-seo-premium-wordpress\/ -->\n<title>Ainhoa Aperitif Box: K\u00f6stlichkeiten des Baskenlandes | Relais Gourmet<\/title>\n<meta name=\"description\" content=\"Die Ainhoa Aperitif Box ist der perfekte Verb\u00fcndeter f\u00fcr Ihre geselligen und feinschmeckerischen Momente.\" \/>\n<meta name=\"robots\" content=\"index, follow, max-snippet:-1, max-image-preview:large, max-video-preview:-1\" \/>\n<link rel=\"canonical\" href=\"https:\/\/relaisgourmet.com\/de\/produkt\/aperitif-set-ainhoa\/\" \/>\n<meta property=\"og:locale\" content=\"de_DE\" \/>\n<meta property=\"og:type\" content=\"article\" \/>\n<meta property=\"og:title\" content=\"Aperitif-Set Ainhoa\" \/>\n<meta property=\"og:description\" content=\"Die Ainhoa Aperitif Box von Relais Gourmet ist perfekt, um Ihre Aperitifs aufzuwerten. Um zu all deinen Anl\u00e4ssen genossen oder angeboten zu werden!   Garantiert 100% franz\u00f6sische Produktion \u2714 Garantiert ohne Konservierungsstoffe, Zusatzstoffe und Farbstoffe. \ud83c\udf43 Mit gelbem Mais gef\u00fctterte Enten \ud83d\ude9a Schnelle Lieferung weltweit \ud83d\udd53 3 Jahre haltbar \ud83d\udd10 Sichere Zahlung Nettogewicht: 540g (180x3)\" \/>\n<meta property=\"og:url\" content=\"https:\/\/relaisgourmet.com\/de\/produkt\/aperitif-set-ainhoa\/\" \/>\n<meta property=\"og:site_name\" content=\"Relais Gourmet\" \/>\n<meta property=\"article:publisher\" content=\"https:\/\/www.facebook.com\/relaisgourmet\/\" \/>\n<meta property=\"article:modified_time\" content=\"2026-04-01T23:21:45+00:00\" \/>\n<meta property=\"og:image\" content=\"https:\/\/relaisgourmet.com\/wp-content\/uploads\/2026\/03\/Ainhoa.jpg\" \/>\n\t<meta property=\"og:image:width\" content=\"1427\" \/>\n\t<meta property=\"og:image:height\" content=\"1427\" \/>\n\t<meta property=\"og:image:type\" content=\"image\/jpeg\" \/>\n<meta name=\"twitter:card\" content=\"summary_large_image\" \/>\n<meta name=\"twitter:site\" content=\"@relaisgourmet64\" \/>\n<meta name=\"twitter:label1\" content=\"Gesch\u00e4tzte Lesezeit\" \/>\n\t<meta name=\"twitter:data1\" content=\"1\u00a0Minute\" \/>\n<script type=\"application\/ld+json\" class=\"yoast-schema-graph\">{\"@context\":\"https:\\\/\\\/schema.org\",\"@graph\":[{\"@type\":\"WebPage\",\"@id\":\"https:\\\/\\\/relaisgourmet.com\\\/de\\\/produkt\\\/aperitif-set-ainhoa\\\/\",\"url\":\"https:\\\/\\\/relaisgourmet.com\\\/de\\\/produkt\\\/aperitif-set-ainhoa\\\/\",\"name\":\"Ainhoa Aperitif Box: K\u00f6stlichkeiten des Baskenlandes | Relais Gourmet\",\"isPartOf\":{\"@id\":\"https:\\\/\\\/relaisgourmet.com\\\/de\\\/#website\"},\"primaryImageOfPage\":{\"@id\":\"https:\\\/\\\/relaisgourmet.com\\\/de\\\/produkt\\\/aperitif-set-ainhoa\\\/#primaryimage\"},\"image\":{\"@id\":\"https:\\\/\\\/relaisgourmet.com\\\/de\\\/produkt\\\/aperitif-set-ainhoa\\\/#primaryimage\"},\"thumbnailUrl\":\"https:\\\/\\\/relaisgourmet.com\\\/wp-content\\\/uploads\\\/2026\\\/03\\\/Ainhoa.jpg\",\"datePublished\":\"2026-03-10T12:25:15+00:00\",\"dateModified\":\"2026-04-01T23:21:45+00:00\",\"description\":\"Die Ainhoa Aperitif Box ist der perfekte Verb\u00fcndeter f\u00fcr Ihre geselligen und feinschmeckerischen Momente.\",\"breadcrumb\":{\"@id\":\"https:\\\/\\\/relaisgourmet.com\\\/de\\\/produkt\\\/aperitif-set-ainhoa\\\/#breadcrumb\"},\"inLanguage\":\"de\",\"potentialAction\":[{\"@type\":\"ReadAction\",\"target\":[\"https:\\\/\\\/relaisgourmet.com\\\/de\\\/produkt\\\/aperitif-set-ainhoa\\\/\"]}]},{\"@type\":\"ImageObject\",\"inLanguage\":\"de\",\"@id\":\"https:\\\/\\\/relaisgourmet.com\\\/de\\\/produkt\\\/aperitif-set-ainhoa\\\/#primaryimage\",\"url\":\"https:\\\/\\\/relaisgourmet.com\\\/wp-content\\\/uploads\\\/2026\\\/03\\\/Ainhoa.jpg\",\"contentUrl\":\"https:\\\/\\\/relaisgourmet.com\\\/wp-content\\\/uploads\\\/2026\\\/03\\\/Ainhoa.jpg\",\"width\":1427,\"height\":1427},{\"@type\":\"BreadcrumbList\",\"@id\":\"https:\\\/\\\/relaisgourmet.com\\\/de\\\/produkt\\\/aperitif-set-ainhoa\\\/#breadcrumb\",\"itemListElement\":[{\"@type\":\"ListItem\",\"position\":1,\"name\":\"Startseite\",\"item\":\"https:\\\/\\\/relaisgourmet.com\\\/de\\\/startseite\\\/\"},{\"@type\":\"ListItem\",\"position\":2,\"name\":\"Alle unsere Produkte\",\"item\":\"https:\\\/\\\/relaisgourmet.com\\\/de\\\/shop\\\/\"},{\"@type\":\"ListItem\",\"position\":3,\"name\":\"Aperitif-Set Ainhoa\"}]},{\"@type\":\"WebSite\",\"@id\":\"https:\\\/\\\/relaisgourmet.com\\\/de\\\/#website\",\"url\":\"https:\\\/\\\/relaisgourmet.com\\\/de\\\/\",\"name\":\"Relais Gourmet\",\"description\":\"Foie Gras 100% Fran\u00e7ais\",\"publisher\":{\"@id\":\"https:\\\/\\\/relaisgourmet.com\\\/de\\\/#organization\"},\"potentialAction\":[{\"@type\":\"SearchAction\",\"target\":{\"@type\":\"EntryPoint\",\"urlTemplate\":\"https:\\\/\\\/relaisgourmet.com\\\/de\\\/?s={search_term_string}\"},\"query-input\":{\"@type\":\"PropertyValueSpecification\",\"valueRequired\":true,\"valueName\":\"search_term_string\"}}],\"inLanguage\":\"de\"},{\"@type\":\"Organization\",\"@id\":\"https:\\\/\\\/relaisgourmet.com\\\/de\\\/#organization\",\"name\":\"Relais Gourmet\",\"url\":\"https:\\\/\\\/relaisgourmet.com\\\/de\\\/\",\"logo\":{\"@type\":\"ImageObject\",\"inLanguage\":\"de\",\"@id\":\"https:\\\/\\\/relaisgourmet.com\\\/de\\\/#\\\/schema\\\/logo\\\/image\\\/\",\"url\":\"https:\\\/\\\/relaisgourmet.com\\\/wp-content\\\/uploads\\\/2026\\\/03\\\/yoast-logo-2-relais-gourmet-.png\",\"contentUrl\":\"https:\\\/\\\/relaisgourmet.com\\\/wp-content\\\/uploads\\\/2026\\\/03\\\/yoast-logo-2-relais-gourmet-.png\",\"width\":1200,\"height\":675,\"caption\":\"Relais Gourmet\"},\"image\":{\"@id\":\"https:\\\/\\\/relaisgourmet.com\\\/de\\\/#\\\/schema\\\/logo\\\/image\\\/\"},\"sameAs\":[\"https:\\\/\\\/www.facebook.com\\\/relaisgourmet\\\/\",\"https:\\\/\\\/x.com\\\/relaisgourmet64\",\"https:\\\/\\\/www.instagram.com\\\/relaisgourmetofficiel\",\"https:\\\/\\\/www.pinterest.fr\\\/relaisgourmet\\\/\"],\"email\":\"yaqueche@relaisgourmet.com\",\"telephone\":\"+33 0 5 40 07 07 65\",\"legalName\":\"Relais Gourmet\",\"vatID\":\"FR13482415015\",\"taxID\":\"482415015\"}]}<\/script>\n<!-- \/ Yoast SEO Premium plugin. -->","yoast_head_json":{"title":"Ainhoa Aperitif Box: K\u00f6stlichkeiten des Baskenlandes | Relais Gourmet","description":"Die Ainhoa Aperitif Box ist der perfekte Verb\u00fcndeter f\u00fcr Ihre geselligen und feinschmeckerischen Momente.","robots":{"index":"index","follow":"follow","max-snippet":"max-snippet:-1","max-image-preview":"max-image-preview:large","max-video-preview":"max-video-preview:-1"},"canonical":"https:\/\/relaisgourmet.com\/de\/produkt\/aperitif-set-ainhoa\/","og_locale":"de_DE","og_type":"article","og_title":"Aperitif-Set Ainhoa","og_description":"Die Ainhoa Aperitif Box von Relais Gourmet ist perfekt, um Ihre Aperitifs aufzuwerten. Um zu all deinen Anl\u00e4ssen genossen oder angeboten zu werden!   Garantiert 100% franz\u00f6sische Produktion \u2714 Garantiert ohne Konservierungsstoffe, Zusatzstoffe und Farbstoffe. \ud83c\udf43 Mit gelbem Mais gef\u00fctterte Enten \ud83d\ude9a Schnelle Lieferung weltweit \ud83d\udd53 3 Jahre haltbar \ud83d\udd10 Sichere Zahlung Nettogewicht: 540g (180x3)","og_url":"https:\/\/relaisgourmet.com\/de\/produkt\/aperitif-set-ainhoa\/","og_site_name":"Relais Gourmet","article_publisher":"https:\/\/www.facebook.com\/relaisgourmet\/","article_modified_time":"2026-04-01T23:21:45+00:00","og_image":[{"width":1427,"height":1427,"url":"https:\/\/relaisgourmet.com\/wp-content\/uploads\/2026\/03\/Ainhoa.jpg","type":"image\/jpeg"}],"twitter_card":"summary_large_image","twitter_site":"@relaisgourmet64","twitter_misc":{"Gesch\u00e4tzte Lesezeit":"1\u00a0Minute"},"schema":{"@context":"https:\/\/schema.org","@graph":[{"@type":"WebPage","@id":"https:\/\/relaisgourmet.com\/de\/produkt\/aperitif-set-ainhoa\/","url":"https:\/\/relaisgourmet.com\/de\/produkt\/aperitif-set-ainhoa\/","name":"Ainhoa Aperitif Box: K\u00f6stlichkeiten des Baskenlandes | Relais Gourmet","isPartOf":{"@id":"https:\/\/relaisgourmet.com\/de\/#website"},"primaryImageOfPage":{"@id":"https:\/\/relaisgourmet.com\/de\/produkt\/aperitif-set-ainhoa\/#primaryimage"},"image":{"@id":"https:\/\/relaisgourmet.com\/de\/produkt\/aperitif-set-ainhoa\/#primaryimage"},"thumbnailUrl":"https:\/\/relaisgourmet.com\/wp-content\/uploads\/2026\/03\/Ainhoa.jpg","datePublished":"2026-03-10T12:25:15+00:00","dateModified":"2026-04-01T23:21:45+00:00","description":"Die Ainhoa Aperitif Box ist der perfekte Verb\u00fcndeter f\u00fcr Ihre geselligen und feinschmeckerischen Momente.","breadcrumb":{"@id":"https:\/\/relaisgourmet.com\/de\/produkt\/aperitif-set-ainhoa\/#breadcrumb"},"inLanguage":"de","potentialAction":[{"@type":"ReadAction","target":["https:\/\/relaisgourmet.com\/de\/produkt\/aperitif-set-ainhoa\/"]}]},{"@type":"ImageObject","inLanguage":"de","@id":"https:\/\/relaisgourmet.com\/de\/produkt\/aperitif-set-ainhoa\/#primaryimage","url":"https:\/\/relaisgourmet.com\/wp-content\/uploads\/2026\/03\/Ainhoa.jpg","contentUrl":"https:\/\/relaisgourmet.com\/wp-content\/uploads\/2026\/03\/Ainhoa.jpg","width":1427,"height":1427},{"@type":"BreadcrumbList","@id":"https:\/\/relaisgourmet.com\/de\/produkt\/aperitif-set-ainhoa\/#breadcrumb","itemListElement":[{"@type":"ListItem","position":1,"name":"Startseite","item":"https:\/\/relaisgourmet.com\/de\/startseite\/"},{"@type":"ListItem","position":2,"name":"Alle unsere Produkte","item":"https:\/\/relaisgourmet.com\/de\/shop\/"},{"@type":"ListItem","position":3,"name":"Aperitif-Set Ainhoa"}]},{"@type":"WebSite","@id":"https:\/\/relaisgourmet.com\/de\/#website","url":"https:\/\/relaisgourmet.com\/de\/","name":"Relais Gourmet","description":"Foie Gras 100% Fran\u00e7ais","publisher":{"@id":"https:\/\/relaisgourmet.com\/de\/#organization"},"potentialAction":[{"@type":"SearchAction","target":{"@type":"EntryPoint","urlTemplate":"https:\/\/relaisgourmet.com\/de\/?s={search_term_string}"},"query-input":{"@type":"PropertyValueSpecification","valueRequired":true,"valueName":"search_term_string"}}],"inLanguage":"de"},{"@type":"Organization","@id":"https:\/\/relaisgourmet.com\/de\/#organization","name":"Relais Gourmet","url":"https:\/\/relaisgourmet.com\/de\/","logo":{"@type":"ImageObject","inLanguage":"de","@id":"https:\/\/relaisgourmet.com\/de\/#\/schema\/logo\/image\/","url":"https:\/\/relaisgourmet.com\/wp-content\/uploads\/2026\/03\/yoast-logo-2-relais-gourmet-.png","contentUrl":"https:\/\/relaisgourmet.com\/wp-content\/uploads\/2026\/03\/yoast-logo-2-relais-gourmet-.png","width":1200,"height":675,"caption":"Relais Gourmet"},"image":{"@id":"https:\/\/relaisgourmet.com\/de\/#\/schema\/logo\/image\/"},"sameAs":["https:\/\/www.facebook.com\/relaisgourmet\/","https:\/\/x.com\/relaisgourmet64","https:\/\/www.instagram.com\/relaisgourmetofficiel","https:\/\/www.pinterest.fr\/relaisgourmet\/"],"email":"yaqueche@relaisgourmet.com","telephone":"+33 0 5 40 07 07 65","legalName":"Relais Gourmet","vatID":"FR13482415015","taxID":"482415015"}]}},"_links":{"self":[{"href":"https:\/\/relaisgourmet.com\/de\/wp-json\/wp\/v2\/product\/64838","targetHints":{"allow":["GET"]}}],"collection":[{"href":"https:\/\/relaisgourmet.com\/de\/wp-json\/wp\/v2\/product"}],"about":[{"href":"https:\/\/relaisgourmet.com\/de\/wp-json\/wp\/v2\/types\/product"}],"replies":[{"embeddable":true,"href":"https:\/\/relaisgourmet.com\/de\/wp-json\/wp\/v2\/comments?post=64838"}],"wp:featuredmedia":[{"embeddable":true,"href":"https:\/\/relaisgourmet.com\/de\/wp-json\/wp\/v2\/media\/64840"}],"wp:attachment":[{"href":"https:\/\/relaisgourmet.com\/de\/wp-json\/wp\/v2\/media?parent=64838"}],"wp:term":[{"taxonomy":"product_brand","embeddable":true,"href":"https:\/\/relaisgourmet.com\/de\/wp-json\/wp\/v2\/product_brand?post=64838"},{"taxonomy":"product_cat","embeddable":true,"href":"https:\/\/relaisgourmet.com\/de\/wp-json\/wp\/v2\/product_cat?post=64838"},{"taxonomy":"product_tag","embeddable":true,"href":"https:\/\/relaisgourmet.com\/de\/wp-json\/wp\/v2\/product_tag?post=64838"},{"taxonomy":"giftcard-category","embeddable":true,"href":"https:\/\/relaisgourmet.com\/de\/wp-json\/wp\/v2\/giftcard-category?post=64838"}],"curies":[{"name":"wp","href":"https:\/\/api.w.org\/{rel}","templated":true}]}}