{"id":64780,"date":"2026-03-10T12:25:13","date_gmt":"2026-03-10T12:25:13","guid":{"rendered":"https:\/\/strange-jennings.213-136-85-46.plesk.page\/product\/alicante-turron-pack-schwer-51\/"},"modified":"2026-04-01T23:20:54","modified_gmt":"2026-04-01T23:20:54","slug":"alicante-turron-pack-schwer-51","status":"publish","type":"product","link":"https:\/\/relaisgourmet.com\/de\/produkt\/alicante-turron-pack-schwer-51\/","title":{"rendered":"Alicante Turron Pack (Schwer) (5+1)"},"content":{"rendered":"<h2><strong>Die Produktion von Maria Simonas Alicante Hard Turron folgt dem traditionellen Rezept:<\/strong><\/h2>\n<p><strong>Das Alicante Dur Pack enth\u00e4lt insgesamt 6 Bars Alicante Maria Simona Hard Turr\u00f3n, zum Preis von nur 5 St\u00fcck.<\/strong><\/p>\n<p><strong>Nettogewicht: <\/strong>150gr<\/p>\n<h3><strong>Haltbarkeit des Alicante Hard Pack  <\/strong><\/h3>\n<p>Mindestens 9 Monate. Nach dem \u00d6ffnen erfolgt die Lagerung an einem trockenen Ort. <\/p>\n<h3><strong>Zutaten  <\/strong><\/h3>\n<p>60 % ger\u00f6stete Mandeln, Zucker, Glukosesirup, 12 % Honig, Waffelbeschichtung (Kartoffelst\u00e4rke und Sonnenblumen\u00f6l) und Eiwei\u00df. Kann Spuren von Erdn\u00fcssen, Sesam und Haseln\u00fcssen enthalten. <\/p>\n<p>Dieses Produkt ist glutenfrei und daher f\u00fcr Z\u00f6liakiepatienten geeignet.<\/p>\n<p>Maria Simonas Alicante Hardturron tr\u00e4gt eine <a href=\"https:\/\/www.mapa.gob.es\/es\/alimentacion\/temas\/calidad-diferenciada\/dop-igp\/pana_paste\/IGP_TurronJiJona.aspx\">Herkunftsbezeichnung und ist vom Regulierungsrat von Jijona gesch\u00fctzt<\/a>.<\/p>\n<h3>Die Geschichte des Turrons von Alicante<\/h3>\n<p>Obwohl niemand die enge Verbindung zwischen der Stadt Alicante und dieser S\u00fc\u00dfigkeit leugnen kann, ist nicht genau bekannt, wann und wie der &#8222;urspr\u00fcngliche&#8220; Turron erschien. Mandeln und Honig waren bereits in Griechenland und Rom ein g\u00e4ngiges Essen, um olympischen Athleten Energie zu geben. Das spanische Nougat weist auch einige \u00c4hnlichkeiten mit dem arabischen Baklava auf. Es wird allgemein anerkannt, dass das Rezept aus arabischen L\u00e4ndern stammt, aber daf\u00fcr gibt es keinen Beweis.   <\/p>\n<p>In jedem Fall ist diese S\u00fc\u00dfigkeit f\u00fcr die Gemeinde wichtig:<\/p>\n<p>- Zun\u00e4chst wissen wir, dass Turron bereits 1582 ein wichtiger Teil der Weihnachtskultur in Alicante war, da ein damaliges kommunales Dokument erw\u00e4hnt, dass die Arbeiter zu Weihnachten spanisches Nougat als Gehalt erhielten.<\/p>\n<p>- Im St\u00fcck &#8222;La Generosa Paliza&#8220; von Lope de Rueda aus dem Jahr 1570 wird der Turron, um den sich die Handlung dreht, der &#8222;Turron von Alicante&#8220; genannt.<\/p>\n<p>- Schlie\u00dflich, 1595, muss Turron eine echte Leidenschaft in der Stadt gewesen sein, da K\u00f6nig Philipp II. gezwungen war, einen Brief zu schreiben, in dem er darum bat, die Ausgaben der Stadt f\u00fcr Turron und Feigenbrot zu begrenzen.<\/p>\n<p>Obwohl die Stadt schlie\u00dflich aufgrund eines Handelsstreits die Produktion spanischer Nougat einstellte, bleibt ihr Name ein Bezugspunkt, der mit der harten Variante dieser Spezialit\u00e4t verbunden ist.<\/p>\n<p>Alle unsere Vorbereitungstipps finden Sie auf <a href=\"https:\/\/mariasimona.com\/\">Maria Simonas Website<\/a>.<\/p>\n<p>Besuchen Sie gerne unseren Blog, um <a href=\"https:\/\/mariasimona.com\/recetas\/\">unsere k\u00f6stlichen Rezepte<\/a> zu entdecken.<\/p>\n<p>Und als Vorspeise \u2013 warum l\u00e4sst du dich nicht von <a href=\"https:\/\/epic-varahamihira.207-180-195-93.plesk.page\/\">den k\u00f6stlichen Relais Gourmet Foies Gras <\/a> verf\u00fchren?<\/p>\n","protected":false},"excerpt":{"rendered":"<p><strong>Dieses Paket enth\u00e4lt insgesamt 6 Barren Hard Turron von Alicante Maria Simona, zum Preis von nur 5 St\u00fccken.<\/strong><\/p>\n<p>Alicante Turron ist als harter Turron bekannt wegen seiner knusprigen Textur, des einzigartigen R\u00f6stens der Mandeln und der Mischung aus Honig und Eiwei\u00df. Es ist ein Klassiker! <\/p>\n<p>Maria Simonas Alicante Hard Turron wird nach <a href=\"https:\/\/mariasimona.com\/comment-faire-les-turrons\/\">dem traditionellen Rezept<\/a> hergestellt.<\/p>\n<p>Wir verwenden ausschlie\u00dflich hochwertige spanische Zutaten.<\/p>\n<p>Unser Turron hat eine <a href=\"https:\/\/www.mapa.gob.es\/es\/alimentacion\/temas\/calidad-diferenciada\/dop-igp\/pana_paste\/IGP_TurronJiJona.aspx\">Herkunftsbezeichnung und ist vom Regulierungsrat von Jijona gesch\u00fctzt<\/a>.<\/p>\n","protected":false},"featured_media":64783,"comment_status":"closed","ping_status":"closed","template":"","meta":{"_iconic_wsb_product_page_order_bump_ids":[],"_sku":["3200000338302"],"_iconic_wsb_product_page_bump_modal_ids":[]},"product_brand":[],"product_cat":[1670],"product_tag":[],"giftcard-category":[],"class_list":{"0":"post-64780","1":"product","2":"type-product","3":"status-publish","4":"has-post-thumbnail","6":"product_cat-spanische-turrons","7":"product_shipping_class-standard","9":"first","10":"instock","11":"taxable","12":"shipping-taxable","13":"purchasable","14":"product-type-simple"},"yoast_head":"<!-- This site is optimized with the Yoast SEO Premium plugin v27.3 (Yoast SEO v27.3) - https:\/\/yoast.com\/product\/yoast-seo-premium-wordpress\/ -->\n<title>Alicante Turron Pack (Schwer) (5+1 Frei) | Relais Gourmet<\/title>\n<meta name=\"description\" content=\"Turron Alicante 5+1 Pack: Genie\u00dfen Sie eine knusprige Auswahl zum Teilen oder Anbieten.\" \/>\n<meta name=\"robots\" content=\"index, follow, max-snippet:-1, max-image-preview:large, max-video-preview:-1\" \/>\n<link rel=\"canonical\" href=\"https:\/\/relaisgourmet.com\/de\/produkt\/alicante-turron-pack-schwer-51\/\" \/>\n<meta property=\"og:locale\" content=\"de_DE\" \/>\n<meta property=\"og:type\" content=\"article\" \/>\n<meta property=\"og:title\" content=\"Alicante Turron Pack (Schwer) (5+1)\" \/>\n<meta property=\"og:description\" content=\"Dieses Paket enth\u00e4lt insgesamt 6 Barren Hard Turron von Alicante Maria Simona, zum Preis von nur 5 St\u00fccken. Alicante Turron ist als harter Turron bekannt wegen seiner knusprigen Textur, des einzigartigen R\u00f6stens der Mandeln und der Mischung aus Honig und Eiwei\u00df. Es ist ein Klassiker!  Maria Simonas Alicante Hard Turron wird nach dem traditionellen Rezept hergestellt. Wir verwenden ausschlie\u00dflich hochwertige spanische Zutaten. Unser Turron hat eine Herkunftsbezeichnung und ist vom Regulierungsrat von Jijona gesch\u00fctzt.\" \/>\n<meta property=\"og:url\" content=\"https:\/\/relaisgourmet.com\/de\/produkt\/alicante-turron-pack-schwer-51\/\" \/>\n<meta property=\"og:site_name\" content=\"Relais Gourmet\" \/>\n<meta property=\"article:publisher\" content=\"https:\/\/www.facebook.com\/relaisgourmet\/\" \/>\n<meta property=\"article:modified_time\" content=\"2026-04-01T23:20:54+00:00\" \/>\n<meta property=\"og:image\" content=\"https:\/\/relaisgourmet.com\/wp-content\/uploads\/2026\/03\/Pack-de-6-Alicante-pyramide-min.png\" \/>\n\t<meta property=\"og:image:width\" content=\"1000\" \/>\n\t<meta property=\"og:image:height\" content=\"1000\" \/>\n\t<meta property=\"og:image:type\" content=\"image\/png\" \/>\n<meta name=\"twitter:card\" content=\"summary_large_image\" \/>\n<meta name=\"twitter:site\" content=\"@relaisgourmet64\" \/>\n<meta name=\"twitter:label1\" content=\"Gesch\u00e4tzte Lesezeit\" \/>\n\t<meta name=\"twitter:data1\" content=\"2\u00a0Minute\" \/>\n<script type=\"application\/ld+json\" class=\"yoast-schema-graph\">{\"@context\":\"https:\\\/\\\/schema.org\",\"@graph\":[{\"@type\":\"WebPage\",\"@id\":\"https:\\\/\\\/relaisgourmet.com\\\/de\\\/produkt\\\/alicante-turron-pack-schwer-51\\\/\",\"url\":\"https:\\\/\\\/relaisgourmet.com\\\/de\\\/produkt\\\/alicante-turron-pack-schwer-51\\\/\",\"name\":\"Alicante Turron Pack (Schwer) (5+1 Frei) | Relais Gourmet\",\"isPartOf\":{\"@id\":\"https:\\\/\\\/relaisgourmet.com\\\/de\\\/#website\"},\"primaryImageOfPage\":{\"@id\":\"https:\\\/\\\/relaisgourmet.com\\\/de\\\/produkt\\\/alicante-turron-pack-schwer-51\\\/#primaryimage\"},\"image\":{\"@id\":\"https:\\\/\\\/relaisgourmet.com\\\/de\\\/produkt\\\/alicante-turron-pack-schwer-51\\\/#primaryimage\"},\"thumbnailUrl\":\"https:\\\/\\\/relaisgourmet.com\\\/wp-content\\\/uploads\\\/2026\\\/03\\\/Pack-de-6-Alicante-pyramide-min.png\",\"datePublished\":\"2026-03-10T12:25:13+00:00\",\"dateModified\":\"2026-04-01T23:20:54+00:00\",\"description\":\"Turron Alicante 5+1 Pack: Genie\u00dfen Sie eine knusprige Auswahl zum Teilen oder Anbieten.\",\"breadcrumb\":{\"@id\":\"https:\\\/\\\/relaisgourmet.com\\\/de\\\/produkt\\\/alicante-turron-pack-schwer-51\\\/#breadcrumb\"},\"inLanguage\":\"de\",\"potentialAction\":[{\"@type\":\"ReadAction\",\"target\":[\"https:\\\/\\\/relaisgourmet.com\\\/de\\\/produkt\\\/alicante-turron-pack-schwer-51\\\/\"]}]},{\"@type\":\"ImageObject\",\"inLanguage\":\"de\",\"@id\":\"https:\\\/\\\/relaisgourmet.com\\\/de\\\/produkt\\\/alicante-turron-pack-schwer-51\\\/#primaryimage\",\"url\":\"https:\\\/\\\/relaisgourmet.com\\\/wp-content\\\/uploads\\\/2026\\\/03\\\/Pack-de-6-Alicante-pyramide-min.png\",\"contentUrl\":\"https:\\\/\\\/relaisgourmet.com\\\/wp-content\\\/uploads\\\/2026\\\/03\\\/Pack-de-6-Alicante-pyramide-min.png\",\"width\":1000,\"height\":1000},{\"@type\":\"BreadcrumbList\",\"@id\":\"https:\\\/\\\/relaisgourmet.com\\\/de\\\/produkt\\\/alicante-turron-pack-schwer-51\\\/#breadcrumb\",\"itemListElement\":[{\"@type\":\"ListItem\",\"position\":1,\"name\":\"Startseite\",\"item\":\"https:\\\/\\\/relaisgourmet.com\\\/de\\\/startseite\\\/\"},{\"@type\":\"ListItem\",\"position\":2,\"name\":\"Alle unsere Produkte\",\"item\":\"https:\\\/\\\/relaisgourmet.com\\\/de\\\/shop\\\/\"},{\"@type\":\"ListItem\",\"position\":3,\"name\":\"Alicante Turron Pack (Schwer) (5+1)\"}]},{\"@type\":\"WebSite\",\"@id\":\"https:\\\/\\\/relaisgourmet.com\\\/de\\\/#website\",\"url\":\"https:\\\/\\\/relaisgourmet.com\\\/de\\\/\",\"name\":\"Relais Gourmet\",\"description\":\"Foie Gras 100% Fran\u00e7ais\",\"publisher\":{\"@id\":\"https:\\\/\\\/relaisgourmet.com\\\/de\\\/#organization\"},\"potentialAction\":[{\"@type\":\"SearchAction\",\"target\":{\"@type\":\"EntryPoint\",\"urlTemplate\":\"https:\\\/\\\/relaisgourmet.com\\\/de\\\/?s={search_term_string}\"},\"query-input\":{\"@type\":\"PropertyValueSpecification\",\"valueRequired\":true,\"valueName\":\"search_term_string\"}}],\"inLanguage\":\"de\"},{\"@type\":\"Organization\",\"@id\":\"https:\\\/\\\/relaisgourmet.com\\\/de\\\/#organization\",\"name\":\"Relais Gourmet\",\"url\":\"https:\\\/\\\/relaisgourmet.com\\\/de\\\/\",\"logo\":{\"@type\":\"ImageObject\",\"inLanguage\":\"de\",\"@id\":\"https:\\\/\\\/relaisgourmet.com\\\/de\\\/#\\\/schema\\\/logo\\\/image\\\/\",\"url\":\"https:\\\/\\\/relaisgourmet.com\\\/wp-content\\\/uploads\\\/2026\\\/03\\\/yoast-logo-2-relais-gourmet-.png\",\"contentUrl\":\"https:\\\/\\\/relaisgourmet.com\\\/wp-content\\\/uploads\\\/2026\\\/03\\\/yoast-logo-2-relais-gourmet-.png\",\"width\":1200,\"height\":675,\"caption\":\"Relais Gourmet\"},\"image\":{\"@id\":\"https:\\\/\\\/relaisgourmet.com\\\/de\\\/#\\\/schema\\\/logo\\\/image\\\/\"},\"sameAs\":[\"https:\\\/\\\/www.facebook.com\\\/relaisgourmet\\\/\",\"https:\\\/\\\/x.com\\\/relaisgourmet64\",\"https:\\\/\\\/www.instagram.com\\\/relaisgourmetofficiel\",\"https:\\\/\\\/www.pinterest.fr\\\/relaisgourmet\\\/\"],\"email\":\"yaqueche@relaisgourmet.com\",\"telephone\":\"+33 0 5 40 07 07 65\",\"legalName\":\"Relais Gourmet\",\"vatID\":\"FR13482415015\",\"taxID\":\"482415015\"}]}<\/script>\n<!-- \/ Yoast SEO Premium plugin. -->","yoast_head_json":{"title":"Alicante Turron Pack (Schwer) (5+1 Frei) | Relais Gourmet","description":"Turron Alicante 5+1 Pack: Genie\u00dfen Sie eine knusprige Auswahl zum Teilen oder Anbieten.","robots":{"index":"index","follow":"follow","max-snippet":"max-snippet:-1","max-image-preview":"max-image-preview:large","max-video-preview":"max-video-preview:-1"},"canonical":"https:\/\/relaisgourmet.com\/de\/produkt\/alicante-turron-pack-schwer-51\/","og_locale":"de_DE","og_type":"article","og_title":"Alicante Turron Pack (Schwer) (5+1)","og_description":"Dieses Paket enth\u00e4lt insgesamt 6 Barren Hard Turron von Alicante Maria Simona, zum Preis von nur 5 St\u00fccken. Alicante Turron ist als harter Turron bekannt wegen seiner knusprigen Textur, des einzigartigen R\u00f6stens der Mandeln und der Mischung aus Honig und Eiwei\u00df. Es ist ein Klassiker!  Maria Simonas Alicante Hard Turron wird nach dem traditionellen Rezept hergestellt. Wir verwenden ausschlie\u00dflich hochwertige spanische Zutaten. Unser Turron hat eine Herkunftsbezeichnung und ist vom Regulierungsrat von Jijona gesch\u00fctzt.","og_url":"https:\/\/relaisgourmet.com\/de\/produkt\/alicante-turron-pack-schwer-51\/","og_site_name":"Relais Gourmet","article_publisher":"https:\/\/www.facebook.com\/relaisgourmet\/","article_modified_time":"2026-04-01T23:20:54+00:00","og_image":[{"width":1000,"height":1000,"url":"https:\/\/relaisgourmet.com\/wp-content\/uploads\/2026\/03\/Pack-de-6-Alicante-pyramide-min.png","type":"image\/png"}],"twitter_card":"summary_large_image","twitter_site":"@relaisgourmet64","twitter_misc":{"Gesch\u00e4tzte Lesezeit":"2\u00a0Minute"},"schema":{"@context":"https:\/\/schema.org","@graph":[{"@type":"WebPage","@id":"https:\/\/relaisgourmet.com\/de\/produkt\/alicante-turron-pack-schwer-51\/","url":"https:\/\/relaisgourmet.com\/de\/produkt\/alicante-turron-pack-schwer-51\/","name":"Alicante Turron Pack (Schwer) (5+1 Frei) | Relais Gourmet","isPartOf":{"@id":"https:\/\/relaisgourmet.com\/de\/#website"},"primaryImageOfPage":{"@id":"https:\/\/relaisgourmet.com\/de\/produkt\/alicante-turron-pack-schwer-51\/#primaryimage"},"image":{"@id":"https:\/\/relaisgourmet.com\/de\/produkt\/alicante-turron-pack-schwer-51\/#primaryimage"},"thumbnailUrl":"https:\/\/relaisgourmet.com\/wp-content\/uploads\/2026\/03\/Pack-de-6-Alicante-pyramide-min.png","datePublished":"2026-03-10T12:25:13+00:00","dateModified":"2026-04-01T23:20:54+00:00","description":"Turron Alicante 5+1 Pack: Genie\u00dfen Sie eine knusprige Auswahl zum Teilen oder Anbieten.","breadcrumb":{"@id":"https:\/\/relaisgourmet.com\/de\/produkt\/alicante-turron-pack-schwer-51\/#breadcrumb"},"inLanguage":"de","potentialAction":[{"@type":"ReadAction","target":["https:\/\/relaisgourmet.com\/de\/produkt\/alicante-turron-pack-schwer-51\/"]}]},{"@type":"ImageObject","inLanguage":"de","@id":"https:\/\/relaisgourmet.com\/de\/produkt\/alicante-turron-pack-schwer-51\/#primaryimage","url":"https:\/\/relaisgourmet.com\/wp-content\/uploads\/2026\/03\/Pack-de-6-Alicante-pyramide-min.png","contentUrl":"https:\/\/relaisgourmet.com\/wp-content\/uploads\/2026\/03\/Pack-de-6-Alicante-pyramide-min.png","width":1000,"height":1000},{"@type":"BreadcrumbList","@id":"https:\/\/relaisgourmet.com\/de\/produkt\/alicante-turron-pack-schwer-51\/#breadcrumb","itemListElement":[{"@type":"ListItem","position":1,"name":"Startseite","item":"https:\/\/relaisgourmet.com\/de\/startseite\/"},{"@type":"ListItem","position":2,"name":"Alle unsere Produkte","item":"https:\/\/relaisgourmet.com\/de\/shop\/"},{"@type":"ListItem","position":3,"name":"Alicante Turron Pack (Schwer) (5+1)"}]},{"@type":"WebSite","@id":"https:\/\/relaisgourmet.com\/de\/#website","url":"https:\/\/relaisgourmet.com\/de\/","name":"Relais Gourmet","description":"Foie Gras 100% Fran\u00e7ais","publisher":{"@id":"https:\/\/relaisgourmet.com\/de\/#organization"},"potentialAction":[{"@type":"SearchAction","target":{"@type":"EntryPoint","urlTemplate":"https:\/\/relaisgourmet.com\/de\/?s={search_term_string}"},"query-input":{"@type":"PropertyValueSpecification","valueRequired":true,"valueName":"search_term_string"}}],"inLanguage":"de"},{"@type":"Organization","@id":"https:\/\/relaisgourmet.com\/de\/#organization","name":"Relais Gourmet","url":"https:\/\/relaisgourmet.com\/de\/","logo":{"@type":"ImageObject","inLanguage":"de","@id":"https:\/\/relaisgourmet.com\/de\/#\/schema\/logo\/image\/","url":"https:\/\/relaisgourmet.com\/wp-content\/uploads\/2026\/03\/yoast-logo-2-relais-gourmet-.png","contentUrl":"https:\/\/relaisgourmet.com\/wp-content\/uploads\/2026\/03\/yoast-logo-2-relais-gourmet-.png","width":1200,"height":675,"caption":"Relais Gourmet"},"image":{"@id":"https:\/\/relaisgourmet.com\/de\/#\/schema\/logo\/image\/"},"sameAs":["https:\/\/www.facebook.com\/relaisgourmet\/","https:\/\/x.com\/relaisgourmet64","https:\/\/www.instagram.com\/relaisgourmetofficiel","https:\/\/www.pinterest.fr\/relaisgourmet\/"],"email":"yaqueche@relaisgourmet.com","telephone":"+33 0 5 40 07 07 65","legalName":"Relais Gourmet","vatID":"FR13482415015","taxID":"482415015"}]}},"_links":{"self":[{"href":"https:\/\/relaisgourmet.com\/de\/wp-json\/wp\/v2\/product\/64780","targetHints":{"allow":["GET"]}}],"collection":[{"href":"https:\/\/relaisgourmet.com\/de\/wp-json\/wp\/v2\/product"}],"about":[{"href":"https:\/\/relaisgourmet.com\/de\/wp-json\/wp\/v2\/types\/product"}],"replies":[{"embeddable":true,"href":"https:\/\/relaisgourmet.com\/de\/wp-json\/wp\/v2\/comments?post=64780"}],"wp:featuredmedia":[{"embeddable":true,"href":"https:\/\/relaisgourmet.com\/de\/wp-json\/wp\/v2\/media\/64783"}],"wp:attachment":[{"href":"https:\/\/relaisgourmet.com\/de\/wp-json\/wp\/v2\/media?parent=64780"}],"wp:term":[{"taxonomy":"product_brand","embeddable":true,"href":"https:\/\/relaisgourmet.com\/de\/wp-json\/wp\/v2\/product_brand?post=64780"},{"taxonomy":"product_cat","embeddable":true,"href":"https:\/\/relaisgourmet.com\/de\/wp-json\/wp\/v2\/product_cat?post=64780"},{"taxonomy":"product_tag","embeddable":true,"href":"https:\/\/relaisgourmet.com\/de\/wp-json\/wp\/v2\/product_tag?post=64780"},{"taxonomy":"giftcard-category","embeddable":true,"href":"https:\/\/relaisgourmet.com\/de\/wp-json\/wp\/v2\/giftcard-category?post=64780"}],"curies":[{"name":"wp","href":"https:\/\/api.w.org\/{rel}","templated":true}]}}