{"id":64765,"date":"2026-03-10T12:25:13","date_gmt":"2026-03-10T12:25:13","guid":{"rendered":"https:\/\/strange-jennings.213-136-85-46.plesk.page\/product\/turron-jijona-pack-weich-51\/"},"modified":"2026-04-01T23:20:58","modified_gmt":"2026-04-01T23:20:58","slug":"turron-jijona-pack-weich-51","status":"publish","type":"product","link":"https:\/\/relaisgourmet.com\/de\/produkt\/turron-jijona-pack-weich-51\/","title":{"rendered":"Turron Jijona Pack (weich) (5+1)"},"content":{"rendered":"<h2><strong>Maria Simonas Jijona Soft Turron wird nach dem traditionellen Rezept hergestellt:<\/strong><\/h2>\n<p>Dieses Paket enth\u00e4lt insgesamt 6 Turron Mou Riegel von Jijona Maria Simona, zum Preis von nur 5 St\u00fcck.<\/p>\n<p>Nettogewicht: 900 g<\/p>\n<h3><strong>Aufbewahrungsdauer  <\/strong><\/h3>\n<p>Mindestens 9 Monate. Lagern Sie an einem k\u00fchlen, trockenen Ort, fernab von Licht und Feuchtigkeit. Nach dem \u00d6ffnen sollte es im K\u00fchlschrank aufbewahrt werden, da es beginnt, seine organoleptischen Eigenschaften zu verlieren; nachdem er in den K\u00fchlschrank gestellt wurde, ist der Jijona-Nougat etwas trockener.  <\/p>\n<h3><strong>Zutaten des Jijona Turron Packs  <\/strong><\/h3>\n<p>64 % ger\u00f6stete Mandeln, 12 % Honig, Zucker, Glukosesirup, Eiwei\u00df und Emulgator: (E-471). Kann Spuren von Erdn\u00fcssen, Sesam und Haseln\u00fcssen enthalten. <\/p>\n<p>Dieses Produkt ist glutenfrei und daher f\u00fcr Z\u00f6liakiepatienten geeignet.<\/p>\n<p>Maria Simona Jijona weicher Nougat hat eine <a href=\"https:\/\/www.mapa.gob.es\/es\/alimentacion\/temas\/calidad-diferenciada\/dop-igp\/pana_paste\/IGP_TurronJiJona.aspx\">Herkunftsbezeichnung und ist vom Regulierungsrat von Jijona gesch\u00fctzt<\/a>.<\/p>\n<h3>Der Ursprung des Jijona-Turrons<\/h3>\n<p>Auch wenn niemand die enge Verbindung zwischen der Stadt Alicante und dieser Delikatesse leugnen kann, war es urspr\u00fcnglich die Stadt Alicante selbst, die den Gro\u00dfteil des spanischen Nougats produzierte. Der Grund, warum diese Kleinstadt zu einer weltweiten Referenz in der Turronproduktion geworden ist, ist nichts weniger als ein Rechtsstreit. <\/p>\n<p>Im Spanien des siebzehnten Jahrhunderts wurde der Handel von Z\u00fcnften dominiert, m\u00e4chtigen Organisationen mit exklusivem Recht, Titel zu verleihen und bestimmte Produkte herzustellen. Ein Schuhmacher durfte Schuhe nur unter der Aufsicht der Schuhmachergilde herstellen, und ein B\u00e4cker existierte ohne die Lizenz der B\u00e4ckergilde nicht. <\/p>\n<p>In diesem seltsamen \u00d6kosystem finden wir die Meister des Turron. Turroniers waren keine Spezialisten in einer Zunft, sondern Bauern, die durch den Verkauf dieser Leckerei zus\u00e4tzliches Geld verdienten. Dies gefiel der Konditorzunft von Valencia nicht, die Honig und Zuckerprodukte als ihr Gebiet betrachtete. Also reichten sie eine Klage gegen die Turroniers von Alicante ein.   <\/p>\n<p>Der Prozess begann 1665 und der Rechtsstreit dauerte sechs Jahre an. Im Jahr 1671 erlaubte ein Gerichtsbeschluss der valencianischen Zunft, die Kontrolle \u00fcber die T\u00fcrme von Alicante zu \u00fcbernehmen, was schnell zum Verschwinden der st\u00e4dtischen Industrie f\u00fchrte. <\/p>\n<p>So \u00fcbernahmen die Bewohner der kleinen Stadt Sexona, heute Jijona, die Hauptstadt ab. Abseits der Augen und des Einflusses der Zunft haben es lokale Kunsthandwerker geschafft, das Verbot von Zucker und Honig zu umgehen und sich als Heimat des authentischen spanischen Nougats zu etablieren. <\/p>\n<h3>Um weiterzugehen<\/h3>\n<p>Finden Sie alle unsere Vorbereitungstipps auf  <a href=\"https:\/\/mariasimona.com\/\">die Website von Maria Simona<\/a><\/p>\n<p>Besuchen Sie gerne unseren Blog, um <a href=\"https:\/\/mariasimona.com\/recetas\/\">unsere k\u00f6stlichen Rezepte<\/a> zu entdecken<\/p>\n<p>Und als Vorspeise \u2013 warum l\u00e4sst du dich nicht von <a href=\"https:\/\/epic-varahamihira.207-180-195-93.plesk.page\/\">den k\u00f6stlichen Relais Gourmet Foies Gras <\/a> verf\u00fchren?<\/p>\n","protected":false},"excerpt":{"rendered":"<p><strong>Dieses Paket enth\u00e4lt insgesamt 6 Turron Mou Riegel von Jijona Maria Simona, zum Preis von nur 5 St\u00fcck.<\/strong><\/p>\n<p>Jijona Turron ist ein weicher spanischer Nougat aus gemahlenen Mandeln. Es ist hellbraun, hat eine glatte Textur und zerbr\u00f6ckelt sehr leicht. Es ist eine k\u00f6stliche Mischung aus ger\u00f6steten Mandeln, Zucker, Eiwei\u00df und Honig.  <\/p>\n<p>Der weiche Turron von Maria Simona wird nach<a href=\"https:\/\/mariasimona.com\/comment-faire-les-turrons\/\"> einem traditionellen Rezept<\/a> hergestellt.<\/p>\n<p>Wir verwenden ausschlie\u00dflich hochwertige spanische Zutaten.<\/p>\n<p>Unser Turron hat eine <a href=\"https:\/\/www.mapa.gob.es\/es\/alimentacion\/temas\/calidad-diferenciada\/dop-igp\/pana_paste\/IGP_TurronJiJona.aspx\">Herkunftsbezeichnung und ist vom Regulierungsrat von Jijona gesch\u00fctzt<\/a>.<\/p>\n","protected":false},"featured_media":64766,"comment_status":"closed","ping_status":"closed","template":"","meta":{"_iconic_wsb_product_page_order_bump_ids":[],"_sku":["3080000338362"],"_iconic_wsb_product_page_bump_modal_ids":[]},"product_brand":[],"product_cat":[1670],"product_tag":[],"giftcard-category":[],"class_list":{"0":"post-64765","1":"product","2":"type-product","3":"status-publish","4":"has-post-thumbnail","6":"product_cat-spanische-turrons","7":"product_shipping_class-standard","9":"first","10":"instock","11":"taxable","12":"shipping-taxable","13":"purchasable","14":"product-type-simple"},"yoast_head":"<!-- This site is optimized with the Yoast SEO Premium plugin v27.3 (Yoast SEO v27.3) - https:\/\/yoast.com\/product\/yoast-seo-premium-wordpress\/ -->\n<title>Jijona Turron Pack (5+1 Frei) | Relais Gourmet<\/title>\n<meta name=\"description\" content=\"Turron Jijona 5+1 Pack: Sparen Sie Geld, indem Sie diese typische Schmelzspezialit\u00e4t genie\u00dfen.\" \/>\n<meta name=\"robots\" content=\"index, follow, max-snippet:-1, max-image-preview:large, max-video-preview:-1\" \/>\n<link rel=\"canonical\" href=\"https:\/\/relaisgourmet.com\/de\/produkt\/turron-jijona-pack-weich-51\/\" \/>\n<meta property=\"og:locale\" content=\"de_DE\" \/>\n<meta property=\"og:type\" content=\"article\" \/>\n<meta property=\"og:title\" content=\"Turron Jijona Pack (weich) (5+1)\" \/>\n<meta property=\"og:description\" content=\"Dieses Paket enth\u00e4lt insgesamt 6 Turron Mou Riegel von Jijona Maria Simona, zum Preis von nur 5 St\u00fcck. Jijona Turron ist ein weicher spanischer Nougat aus gemahlenen Mandeln. Es ist hellbraun, hat eine glatte Textur und zerbr\u00f6ckelt sehr leicht. Es ist eine k\u00f6stliche Mischung aus ger\u00f6steten Mandeln, Zucker, Eiwei\u00df und Honig.  Der weiche Turron von Maria Simona wird nach einem traditionellen Rezept hergestellt. Wir verwenden ausschlie\u00dflich hochwertige spanische Zutaten. Unser Turron hat eine Herkunftsbezeichnung und ist vom Regulierungsrat von Jijona gesch\u00fctzt.\" \/>\n<meta property=\"og:url\" content=\"https:\/\/relaisgourmet.com\/de\/produkt\/turron-jijona-pack-weich-51\/\" \/>\n<meta property=\"og:site_name\" content=\"Relais Gourmet\" \/>\n<meta property=\"article:publisher\" content=\"https:\/\/www.facebook.com\/relaisgourmet\/\" \/>\n<meta property=\"article:modified_time\" content=\"2026-04-01T23:20:58+00:00\" \/>\n<meta property=\"og:image\" content=\"https:\/\/relaisgourmet.com\/wp-content\/uploads\/2026\/03\/Pack-de-6-Jijona-pyramide-min.png\" \/>\n\t<meta property=\"og:image:width\" content=\"1000\" \/>\n\t<meta property=\"og:image:height\" content=\"1000\" \/>\n\t<meta property=\"og:image:type\" content=\"image\/png\" \/>\n<meta name=\"twitter:card\" content=\"summary_large_image\" \/>\n<meta name=\"twitter:site\" content=\"@relaisgourmet64\" \/>\n<meta name=\"twitter:label1\" content=\"Gesch\u00e4tzte Lesezeit\" \/>\n\t<meta name=\"twitter:data1\" content=\"2\u00a0Minute\" \/>\n<script type=\"application\/ld+json\" class=\"yoast-schema-graph\">{\"@context\":\"https:\\\/\\\/schema.org\",\"@graph\":[{\"@type\":\"WebPage\",\"@id\":\"https:\\\/\\\/relaisgourmet.com\\\/de\\\/produkt\\\/turron-jijona-pack-weich-51\\\/\",\"url\":\"https:\\\/\\\/relaisgourmet.com\\\/de\\\/produkt\\\/turron-jijona-pack-weich-51\\\/\",\"name\":\"Jijona Turron Pack (5+1 Frei) | Relais Gourmet\",\"isPartOf\":{\"@id\":\"https:\\\/\\\/relaisgourmet.com\\\/de\\\/#website\"},\"primaryImageOfPage\":{\"@id\":\"https:\\\/\\\/relaisgourmet.com\\\/de\\\/produkt\\\/turron-jijona-pack-weich-51\\\/#primaryimage\"},\"image\":{\"@id\":\"https:\\\/\\\/relaisgourmet.com\\\/de\\\/produkt\\\/turron-jijona-pack-weich-51\\\/#primaryimage\"},\"thumbnailUrl\":\"https:\\\/\\\/relaisgourmet.com\\\/wp-content\\\/uploads\\\/2026\\\/03\\\/Pack-de-6-Jijona-pyramide-min.png\",\"datePublished\":\"2026-03-10T12:25:13+00:00\",\"dateModified\":\"2026-04-01T23:20:58+00:00\",\"description\":\"Turron Jijona 5+1 Pack: Sparen Sie Geld, indem Sie diese typische Schmelzspezialit\u00e4t genie\u00dfen.\",\"breadcrumb\":{\"@id\":\"https:\\\/\\\/relaisgourmet.com\\\/de\\\/produkt\\\/turron-jijona-pack-weich-51\\\/#breadcrumb\"},\"inLanguage\":\"de\",\"potentialAction\":[{\"@type\":\"ReadAction\",\"target\":[\"https:\\\/\\\/relaisgourmet.com\\\/de\\\/produkt\\\/turron-jijona-pack-weich-51\\\/\"]}]},{\"@type\":\"ImageObject\",\"inLanguage\":\"de\",\"@id\":\"https:\\\/\\\/relaisgourmet.com\\\/de\\\/produkt\\\/turron-jijona-pack-weich-51\\\/#primaryimage\",\"url\":\"https:\\\/\\\/relaisgourmet.com\\\/wp-content\\\/uploads\\\/2026\\\/03\\\/Pack-de-6-Jijona-pyramide-min.png\",\"contentUrl\":\"https:\\\/\\\/relaisgourmet.com\\\/wp-content\\\/uploads\\\/2026\\\/03\\\/Pack-de-6-Jijona-pyramide-min.png\",\"width\":1000,\"height\":1000},{\"@type\":\"BreadcrumbList\",\"@id\":\"https:\\\/\\\/relaisgourmet.com\\\/de\\\/produkt\\\/turron-jijona-pack-weich-51\\\/#breadcrumb\",\"itemListElement\":[{\"@type\":\"ListItem\",\"position\":1,\"name\":\"Startseite\",\"item\":\"https:\\\/\\\/relaisgourmet.com\\\/de\\\/startseite\\\/\"},{\"@type\":\"ListItem\",\"position\":2,\"name\":\"Alle unsere Produkte\",\"item\":\"https:\\\/\\\/relaisgourmet.com\\\/de\\\/shop\\\/\"},{\"@type\":\"ListItem\",\"position\":3,\"name\":\"Turron Jijona Pack (weich) (5+1)\"}]},{\"@type\":\"WebSite\",\"@id\":\"https:\\\/\\\/relaisgourmet.com\\\/de\\\/#website\",\"url\":\"https:\\\/\\\/relaisgourmet.com\\\/de\\\/\",\"name\":\"Relais Gourmet\",\"description\":\"Foie Gras 100% Fran\u00e7ais\",\"publisher\":{\"@id\":\"https:\\\/\\\/relaisgourmet.com\\\/de\\\/#organization\"},\"potentialAction\":[{\"@type\":\"SearchAction\",\"target\":{\"@type\":\"EntryPoint\",\"urlTemplate\":\"https:\\\/\\\/relaisgourmet.com\\\/de\\\/?s={search_term_string}\"},\"query-input\":{\"@type\":\"PropertyValueSpecification\",\"valueRequired\":true,\"valueName\":\"search_term_string\"}}],\"inLanguage\":\"de\"},{\"@type\":\"Organization\",\"@id\":\"https:\\\/\\\/relaisgourmet.com\\\/de\\\/#organization\",\"name\":\"Relais Gourmet\",\"url\":\"https:\\\/\\\/relaisgourmet.com\\\/de\\\/\",\"logo\":{\"@type\":\"ImageObject\",\"inLanguage\":\"de\",\"@id\":\"https:\\\/\\\/relaisgourmet.com\\\/de\\\/#\\\/schema\\\/logo\\\/image\\\/\",\"url\":\"https:\\\/\\\/relaisgourmet.com\\\/wp-content\\\/uploads\\\/2026\\\/03\\\/yoast-logo-2-relais-gourmet-.png\",\"contentUrl\":\"https:\\\/\\\/relaisgourmet.com\\\/wp-content\\\/uploads\\\/2026\\\/03\\\/yoast-logo-2-relais-gourmet-.png\",\"width\":1200,\"height\":675,\"caption\":\"Relais Gourmet\"},\"image\":{\"@id\":\"https:\\\/\\\/relaisgourmet.com\\\/de\\\/#\\\/schema\\\/logo\\\/image\\\/\"},\"sameAs\":[\"https:\\\/\\\/www.facebook.com\\\/relaisgourmet\\\/\",\"https:\\\/\\\/x.com\\\/relaisgourmet64\",\"https:\\\/\\\/www.instagram.com\\\/relaisgourmetofficiel\",\"https:\\\/\\\/www.pinterest.fr\\\/relaisgourmet\\\/\"],\"email\":\"yaqueche@relaisgourmet.com\",\"telephone\":\"+33 0 5 40 07 07 65\",\"legalName\":\"Relais Gourmet\",\"vatID\":\"FR13482415015\",\"taxID\":\"482415015\"}]}<\/script>\n<!-- \/ Yoast SEO Premium plugin. -->","yoast_head_json":{"title":"Jijona Turron Pack (5+1 Frei) | Relais Gourmet","description":"Turron Jijona 5+1 Pack: Sparen Sie Geld, indem Sie diese typische Schmelzspezialit\u00e4t genie\u00dfen.","robots":{"index":"index","follow":"follow","max-snippet":"max-snippet:-1","max-image-preview":"max-image-preview:large","max-video-preview":"max-video-preview:-1"},"canonical":"https:\/\/relaisgourmet.com\/de\/produkt\/turron-jijona-pack-weich-51\/","og_locale":"de_DE","og_type":"article","og_title":"Turron Jijona Pack (weich) (5+1)","og_description":"Dieses Paket enth\u00e4lt insgesamt 6 Turron Mou Riegel von Jijona Maria Simona, zum Preis von nur 5 St\u00fcck. Jijona Turron ist ein weicher spanischer Nougat aus gemahlenen Mandeln. Es ist hellbraun, hat eine glatte Textur und zerbr\u00f6ckelt sehr leicht. Es ist eine k\u00f6stliche Mischung aus ger\u00f6steten Mandeln, Zucker, Eiwei\u00df und Honig.  Der weiche Turron von Maria Simona wird nach einem traditionellen Rezept hergestellt. Wir verwenden ausschlie\u00dflich hochwertige spanische Zutaten. Unser Turron hat eine Herkunftsbezeichnung und ist vom Regulierungsrat von Jijona gesch\u00fctzt.","og_url":"https:\/\/relaisgourmet.com\/de\/produkt\/turron-jijona-pack-weich-51\/","og_site_name":"Relais Gourmet","article_publisher":"https:\/\/www.facebook.com\/relaisgourmet\/","article_modified_time":"2026-04-01T23:20:58+00:00","og_image":[{"width":1000,"height":1000,"url":"https:\/\/relaisgourmet.com\/wp-content\/uploads\/2026\/03\/Pack-de-6-Jijona-pyramide-min.png","type":"image\/png"}],"twitter_card":"summary_large_image","twitter_site":"@relaisgourmet64","twitter_misc":{"Gesch\u00e4tzte Lesezeit":"2\u00a0Minute"},"schema":{"@context":"https:\/\/schema.org","@graph":[{"@type":"WebPage","@id":"https:\/\/relaisgourmet.com\/de\/produkt\/turron-jijona-pack-weich-51\/","url":"https:\/\/relaisgourmet.com\/de\/produkt\/turron-jijona-pack-weich-51\/","name":"Jijona Turron Pack (5+1 Frei) | Relais Gourmet","isPartOf":{"@id":"https:\/\/relaisgourmet.com\/de\/#website"},"primaryImageOfPage":{"@id":"https:\/\/relaisgourmet.com\/de\/produkt\/turron-jijona-pack-weich-51\/#primaryimage"},"image":{"@id":"https:\/\/relaisgourmet.com\/de\/produkt\/turron-jijona-pack-weich-51\/#primaryimage"},"thumbnailUrl":"https:\/\/relaisgourmet.com\/wp-content\/uploads\/2026\/03\/Pack-de-6-Jijona-pyramide-min.png","datePublished":"2026-03-10T12:25:13+00:00","dateModified":"2026-04-01T23:20:58+00:00","description":"Turron Jijona 5+1 Pack: Sparen Sie Geld, indem Sie diese typische Schmelzspezialit\u00e4t genie\u00dfen.","breadcrumb":{"@id":"https:\/\/relaisgourmet.com\/de\/produkt\/turron-jijona-pack-weich-51\/#breadcrumb"},"inLanguage":"de","potentialAction":[{"@type":"ReadAction","target":["https:\/\/relaisgourmet.com\/de\/produkt\/turron-jijona-pack-weich-51\/"]}]},{"@type":"ImageObject","inLanguage":"de","@id":"https:\/\/relaisgourmet.com\/de\/produkt\/turron-jijona-pack-weich-51\/#primaryimage","url":"https:\/\/relaisgourmet.com\/wp-content\/uploads\/2026\/03\/Pack-de-6-Jijona-pyramide-min.png","contentUrl":"https:\/\/relaisgourmet.com\/wp-content\/uploads\/2026\/03\/Pack-de-6-Jijona-pyramide-min.png","width":1000,"height":1000},{"@type":"BreadcrumbList","@id":"https:\/\/relaisgourmet.com\/de\/produkt\/turron-jijona-pack-weich-51\/#breadcrumb","itemListElement":[{"@type":"ListItem","position":1,"name":"Startseite","item":"https:\/\/relaisgourmet.com\/de\/startseite\/"},{"@type":"ListItem","position":2,"name":"Alle unsere Produkte","item":"https:\/\/relaisgourmet.com\/de\/shop\/"},{"@type":"ListItem","position":3,"name":"Turron Jijona Pack (weich) (5+1)"}]},{"@type":"WebSite","@id":"https:\/\/relaisgourmet.com\/de\/#website","url":"https:\/\/relaisgourmet.com\/de\/","name":"Relais Gourmet","description":"Foie Gras 100% Fran\u00e7ais","publisher":{"@id":"https:\/\/relaisgourmet.com\/de\/#organization"},"potentialAction":[{"@type":"SearchAction","target":{"@type":"EntryPoint","urlTemplate":"https:\/\/relaisgourmet.com\/de\/?s={search_term_string}"},"query-input":{"@type":"PropertyValueSpecification","valueRequired":true,"valueName":"search_term_string"}}],"inLanguage":"de"},{"@type":"Organization","@id":"https:\/\/relaisgourmet.com\/de\/#organization","name":"Relais Gourmet","url":"https:\/\/relaisgourmet.com\/de\/","logo":{"@type":"ImageObject","inLanguage":"de","@id":"https:\/\/relaisgourmet.com\/de\/#\/schema\/logo\/image\/","url":"https:\/\/relaisgourmet.com\/wp-content\/uploads\/2026\/03\/yoast-logo-2-relais-gourmet-.png","contentUrl":"https:\/\/relaisgourmet.com\/wp-content\/uploads\/2026\/03\/yoast-logo-2-relais-gourmet-.png","width":1200,"height":675,"caption":"Relais Gourmet"},"image":{"@id":"https:\/\/relaisgourmet.com\/de\/#\/schema\/logo\/image\/"},"sameAs":["https:\/\/www.facebook.com\/relaisgourmet\/","https:\/\/x.com\/relaisgourmet64","https:\/\/www.instagram.com\/relaisgourmetofficiel","https:\/\/www.pinterest.fr\/relaisgourmet\/"],"email":"yaqueche@relaisgourmet.com","telephone":"+33 0 5 40 07 07 65","legalName":"Relais Gourmet","vatID":"FR13482415015","taxID":"482415015"}]}},"_links":{"self":[{"href":"https:\/\/relaisgourmet.com\/de\/wp-json\/wp\/v2\/product\/64765","targetHints":{"allow":["GET"]}}],"collection":[{"href":"https:\/\/relaisgourmet.com\/de\/wp-json\/wp\/v2\/product"}],"about":[{"href":"https:\/\/relaisgourmet.com\/de\/wp-json\/wp\/v2\/types\/product"}],"replies":[{"embeddable":true,"href":"https:\/\/relaisgourmet.com\/de\/wp-json\/wp\/v2\/comments?post=64765"}],"wp:featuredmedia":[{"embeddable":true,"href":"https:\/\/relaisgourmet.com\/de\/wp-json\/wp\/v2\/media\/64766"}],"wp:attachment":[{"href":"https:\/\/relaisgourmet.com\/de\/wp-json\/wp\/v2\/media?parent=64765"}],"wp:term":[{"taxonomy":"product_brand","embeddable":true,"href":"https:\/\/relaisgourmet.com\/de\/wp-json\/wp\/v2\/product_brand?post=64765"},{"taxonomy":"product_cat","embeddable":true,"href":"https:\/\/relaisgourmet.com\/de\/wp-json\/wp\/v2\/product_cat?post=64765"},{"taxonomy":"product_tag","embeddable":true,"href":"https:\/\/relaisgourmet.com\/de\/wp-json\/wp\/v2\/product_tag?post=64765"},{"taxonomy":"giftcard-category","embeddable":true,"href":"https:\/\/relaisgourmet.com\/de\/wp-json\/wp\/v2\/giftcard-category?post=64765"}],"curies":[{"name":"wp","href":"https:\/\/api.w.org\/{rel}","templated":true}]}}