{"id":64743,"date":"2026-03-10T12:25:12","date_gmt":"2026-03-10T12:25:12","guid":{"rendered":"https:\/\/strange-jennings.213-136-85-46.plesk.page\/product\/turron-alicante-hart-ohne-zugesetzten-zucker\/"},"modified":"2026-04-01T23:20:36","modified_gmt":"2026-04-01T23:20:36","slug":"turron-alicante-hart-ohne-zugesetzten-zucker","status":"publish","type":"product","link":"https:\/\/relaisgourmet.com\/de\/produkt\/turron-alicante-hart-ohne-zugesetzten-zucker\/","title":{"rendered":"Turron Alicante (hart) ohne zugesetzten Zucker"},"content":{"rendered":"<h3>Turr\u00f3n Alicante hartzuckerfrei<\/h3>\n<p>&nbsp;<\/p>\n<p>Turr\u00f3n Alicante Hard und Zucker ist eine traditionelle spanische Konditorei aus ganzen Mandeln und Honig. Sie stammt aus der Region Alicante, die in der Provinz Alicante, Spanien, liegt. <\/p>\n<p>0 % zugesetzter Zucker<\/p>\n<p>Dieser Turron ist f\u00fcr Diabetiker geeignet.<\/p>\n<p>Turron mit Herkunftsbezeichnung und gesch\u00fctzt vom Regulierungsrat von Jijona.<\/p>\n<p>Maria Simonas zuckerfreier Hard Turron wird nach<a href=\"https:\/\/mariasimona.com\/comment-faire-les-turrons\/\"> dem traditionellen Rezept hergestellt.<\/a><\/p>\n<p>Wir verwenden ausschlie\u00dflich hochwertige spanische Zutaten.<\/p>\n<p><strong>Nettogewicht:<\/strong> 200 g<\/p>\n<h3><strong>Aufbewahrungszeit:<\/strong><\/h3>\n<p>Mindestens 9 Monate. Nach dem \u00d6ffnen sollte es an einem trockenen Ort aufbewahrt werden. <\/p>\n<h3><strong>Zutaten:<\/strong><\/h3>\n<p>Ger\u00f6stete Mandeln 60 %, S\u00fc\u00dfstoffe (Maltitolsirup und Sorbitolsirup), Waferschicht (Kartoffelst\u00e4rke und Sonnenblumen\u00f6l), Eiwei\u00df und S\u00fc\u00dfstoff (Acesulfam K).<\/p>\n<p>Kann Spuren von Erdnuss, Haselnuss und Sesam enthalten.<\/p>\n<p>\u00dcberm\u00e4\u00dfiger Konsum kann abf\u00fchrende Effekte haben.<\/p>\n<p>Kein zugesetzter Zucker.<\/p>\n<p>Enth\u00e4lt nat\u00fcrliche Zucker.<\/p>\n<p>Alle unsere Vorbereitungstipps finden Sie auf <a href=\"https:\/\/mariasimona.com\/\">Maria Simonas Website<\/a>.<\/p>\n<p>Besuchen Sie gerne unseren Blog, um all <a href=\"https:\/\/mariasimona.com\/recetas\/\">unsere k\u00f6stlichen Rezepte<\/a> zu entdecken.<\/p>\n<p>Zum Schluss: Warum l\u00e4sst du dich nicht von <a href=\"https:\/\/epic-varahamihira.207-180-195-93.plesk.page\/\">den k\u00f6stlichen Relais Gourmet Foies Gras <\/a> verf\u00fchren?<\/p>\n","protected":false},"excerpt":{"rendered":"<p>Alicante Turron ist als Hard Turron bekannt wegen seiner knusprigen Textur, die durch das einzigartige R\u00f6sten von Mandel und Eiwei\u00df verursacht wird, wobei Zucker und Honig durch S\u00fc\u00dfstoffe ersetzt werden. Genie\u00dfen Sie unsere Turrons, ohne sich Sorgen um Zucker machen zu m\u00fcssen! <\/p>\n","protected":false},"featured_media":64746,"comment_status":"closed","ping_status":"closed","template":"","meta":{"_iconic_wsb_product_page_order_bump_ids":[],"_sku":["3100000337933"],"_iconic_wsb_product_page_bump_modal_ids":[]},"product_brand":[],"product_cat":[1670],"product_tag":[],"giftcard-category":[],"class_list":{"0":"post-64743","1":"product","2":"type-product","3":"status-publish","4":"has-post-thumbnail","6":"product_cat-spanische-turrons","7":"product_shipping_class-standard","9":"first","10":"instock","11":"taxable","12":"shipping-taxable","13":"purchasable","14":"product-type-simple"},"yoast_head":"<!-- This site is optimized with the Yoast SEO Premium plugin v27.3 (Yoast SEO v27.3) - https:\/\/yoast.com\/product\/yoast-seo-premium-wordpress\/ -->\n<title>Turron Alicante Ohne zugesetzten Zucker | Relais Gourmet<\/title>\n<meta name=\"description\" content=\"Turron Alicante ohne zugesetzten Zucker: knuspriges Vergn\u00fcgen ohne Kompromisse.\" \/>\n<meta name=\"robots\" content=\"index, follow, max-snippet:-1, max-image-preview:large, max-video-preview:-1\" \/>\n<link rel=\"canonical\" href=\"https:\/\/relaisgourmet.com\/de\/produkt\/turron-alicante-hart-ohne-zugesetzten-zucker\/\" \/>\n<meta property=\"og:locale\" content=\"de_DE\" \/>\n<meta property=\"og:type\" content=\"article\" \/>\n<meta property=\"og:title\" content=\"Turron Alicante (hart) ohne zugesetzten Zucker\" \/>\n<meta property=\"og:description\" content=\"Alicante Turron ist als Hard Turron bekannt wegen seiner knusprigen Textur, die durch das einzigartige R\u00f6sten von Mandel und Eiwei\u00df verursacht wird, wobei Zucker und Honig durch S\u00fc\u00dfstoffe ersetzt werden. Genie\u00dfen Sie unsere Turrons, ohne sich Sorgen um Zucker machen zu m\u00fcssen!\" \/>\n<meta property=\"og:url\" content=\"https:\/\/relaisgourmet.com\/de\/produkt\/turron-alicante-hart-ohne-zugesetzten-zucker\/\" \/>\n<meta property=\"og:site_name\" content=\"Relais Gourmet\" \/>\n<meta property=\"article:publisher\" content=\"https:\/\/www.facebook.com\/relaisgourmet\/\" \/>\n<meta property=\"article:modified_time\" content=\"2026-04-01T23:20:36+00:00\" \/>\n<meta property=\"og:image\" content=\"https:\/\/relaisgourmet.com\/wp-content\/uploads\/2026\/03\/Almendras-1.jpg\" \/>\n\t<meta property=\"og:image:width\" content=\"600\" \/>\n\t<meta property=\"og:image:height\" content=\"600\" \/>\n\t<meta property=\"og:image:type\" content=\"image\/jpeg\" \/>\n<meta name=\"twitter:card\" content=\"summary_large_image\" \/>\n<meta name=\"twitter:site\" content=\"@relaisgourmet64\" \/>\n<meta name=\"twitter:label1\" content=\"Gesch\u00e4tzte Lesezeit\" \/>\n\t<meta name=\"twitter:data1\" content=\"1\u00a0Minute\" \/>\n<script type=\"application\/ld+json\" class=\"yoast-schema-graph\">{\"@context\":\"https:\\\/\\\/schema.org\",\"@graph\":[{\"@type\":\"WebPage\",\"@id\":\"https:\\\/\\\/relaisgourmet.com\\\/de\\\/produkt\\\/turron-alicante-hart-ohne-zugesetzten-zucker\\\/\",\"url\":\"https:\\\/\\\/relaisgourmet.com\\\/de\\\/produkt\\\/turron-alicante-hart-ohne-zugesetzten-zucker\\\/\",\"name\":\"Turron Alicante Ohne zugesetzten Zucker | Relais Gourmet\",\"isPartOf\":{\"@id\":\"https:\\\/\\\/relaisgourmet.com\\\/de\\\/#website\"},\"primaryImageOfPage\":{\"@id\":\"https:\\\/\\\/relaisgourmet.com\\\/de\\\/produkt\\\/turron-alicante-hart-ohne-zugesetzten-zucker\\\/#primaryimage\"},\"image\":{\"@id\":\"https:\\\/\\\/relaisgourmet.com\\\/de\\\/produkt\\\/turron-alicante-hart-ohne-zugesetzten-zucker\\\/#primaryimage\"},\"thumbnailUrl\":\"https:\\\/\\\/relaisgourmet.com\\\/wp-content\\\/uploads\\\/2026\\\/03\\\/Almendras-1.jpg\",\"datePublished\":\"2026-03-10T12:25:12+00:00\",\"dateModified\":\"2026-04-01T23:20:36+00:00\",\"description\":\"Turron Alicante ohne zugesetzten Zucker: knuspriges Vergn\u00fcgen ohne Kompromisse.\",\"breadcrumb\":{\"@id\":\"https:\\\/\\\/relaisgourmet.com\\\/de\\\/produkt\\\/turron-alicante-hart-ohne-zugesetzten-zucker\\\/#breadcrumb\"},\"inLanguage\":\"de\",\"potentialAction\":[{\"@type\":\"ReadAction\",\"target\":[\"https:\\\/\\\/relaisgourmet.com\\\/de\\\/produkt\\\/turron-alicante-hart-ohne-zugesetzten-zucker\\\/\"]}]},{\"@type\":\"ImageObject\",\"inLanguage\":\"de\",\"@id\":\"https:\\\/\\\/relaisgourmet.com\\\/de\\\/produkt\\\/turron-alicante-hart-ohne-zugesetzten-zucker\\\/#primaryimage\",\"url\":\"https:\\\/\\\/relaisgourmet.com\\\/wp-content\\\/uploads\\\/2026\\\/03\\\/Almendras-1.jpg\",\"contentUrl\":\"https:\\\/\\\/relaisgourmet.com\\\/wp-content\\\/uploads\\\/2026\\\/03\\\/Almendras-1.jpg\",\"width\":600,\"height\":600},{\"@type\":\"BreadcrumbList\",\"@id\":\"https:\\\/\\\/relaisgourmet.com\\\/de\\\/produkt\\\/turron-alicante-hart-ohne-zugesetzten-zucker\\\/#breadcrumb\",\"itemListElement\":[{\"@type\":\"ListItem\",\"position\":1,\"name\":\"Startseite\",\"item\":\"https:\\\/\\\/relaisgourmet.com\\\/de\\\/startseite\\\/\"},{\"@type\":\"ListItem\",\"position\":2,\"name\":\"Alle unsere Produkte\",\"item\":\"https:\\\/\\\/relaisgourmet.com\\\/de\\\/shop\\\/\"},{\"@type\":\"ListItem\",\"position\":3,\"name\":\"Turron Alicante (hart) ohne zugesetzten Zucker\"}]},{\"@type\":\"WebSite\",\"@id\":\"https:\\\/\\\/relaisgourmet.com\\\/de\\\/#website\",\"url\":\"https:\\\/\\\/relaisgourmet.com\\\/de\\\/\",\"name\":\"Relais Gourmet\",\"description\":\"Foie Gras 100% Fran\u00e7ais\",\"publisher\":{\"@id\":\"https:\\\/\\\/relaisgourmet.com\\\/de\\\/#organization\"},\"potentialAction\":[{\"@type\":\"SearchAction\",\"target\":{\"@type\":\"EntryPoint\",\"urlTemplate\":\"https:\\\/\\\/relaisgourmet.com\\\/de\\\/?s={search_term_string}\"},\"query-input\":{\"@type\":\"PropertyValueSpecification\",\"valueRequired\":true,\"valueName\":\"search_term_string\"}}],\"inLanguage\":\"de\"},{\"@type\":\"Organization\",\"@id\":\"https:\\\/\\\/relaisgourmet.com\\\/de\\\/#organization\",\"name\":\"Relais Gourmet\",\"url\":\"https:\\\/\\\/relaisgourmet.com\\\/de\\\/\",\"logo\":{\"@type\":\"ImageObject\",\"inLanguage\":\"de\",\"@id\":\"https:\\\/\\\/relaisgourmet.com\\\/de\\\/#\\\/schema\\\/logo\\\/image\\\/\",\"url\":\"https:\\\/\\\/relaisgourmet.com\\\/wp-content\\\/uploads\\\/2026\\\/03\\\/yoast-logo-2-relais-gourmet-.png\",\"contentUrl\":\"https:\\\/\\\/relaisgourmet.com\\\/wp-content\\\/uploads\\\/2026\\\/03\\\/yoast-logo-2-relais-gourmet-.png\",\"width\":1200,\"height\":675,\"caption\":\"Relais Gourmet\"},\"image\":{\"@id\":\"https:\\\/\\\/relaisgourmet.com\\\/de\\\/#\\\/schema\\\/logo\\\/image\\\/\"},\"sameAs\":[\"https:\\\/\\\/www.facebook.com\\\/relaisgourmet\\\/\",\"https:\\\/\\\/x.com\\\/relaisgourmet64\",\"https:\\\/\\\/www.instagram.com\\\/relaisgourmetofficiel\",\"https:\\\/\\\/www.pinterest.fr\\\/relaisgourmet\\\/\"],\"email\":\"yaqueche@relaisgourmet.com\",\"telephone\":\"+33 0 5 40 07 07 65\",\"legalName\":\"Relais Gourmet\",\"vatID\":\"FR13482415015\",\"taxID\":\"482415015\"}]}<\/script>\n<!-- \/ Yoast SEO Premium plugin. -->","yoast_head_json":{"title":"Turron Alicante Ohne zugesetzten Zucker | Relais Gourmet","description":"Turron Alicante ohne zugesetzten Zucker: knuspriges Vergn\u00fcgen ohne Kompromisse.","robots":{"index":"index","follow":"follow","max-snippet":"max-snippet:-1","max-image-preview":"max-image-preview:large","max-video-preview":"max-video-preview:-1"},"canonical":"https:\/\/relaisgourmet.com\/de\/produkt\/turron-alicante-hart-ohne-zugesetzten-zucker\/","og_locale":"de_DE","og_type":"article","og_title":"Turron Alicante (hart) ohne zugesetzten Zucker","og_description":"Alicante Turron ist als Hard Turron bekannt wegen seiner knusprigen Textur, die durch das einzigartige R\u00f6sten von Mandel und Eiwei\u00df verursacht wird, wobei Zucker und Honig durch S\u00fc\u00dfstoffe ersetzt werden. Genie\u00dfen Sie unsere Turrons, ohne sich Sorgen um Zucker machen zu m\u00fcssen!","og_url":"https:\/\/relaisgourmet.com\/de\/produkt\/turron-alicante-hart-ohne-zugesetzten-zucker\/","og_site_name":"Relais Gourmet","article_publisher":"https:\/\/www.facebook.com\/relaisgourmet\/","article_modified_time":"2026-04-01T23:20:36+00:00","og_image":[{"width":600,"height":600,"url":"https:\/\/relaisgourmet.com\/wp-content\/uploads\/2026\/03\/Almendras-1.jpg","type":"image\/jpeg"}],"twitter_card":"summary_large_image","twitter_site":"@relaisgourmet64","twitter_misc":{"Gesch\u00e4tzte Lesezeit":"1\u00a0Minute"},"schema":{"@context":"https:\/\/schema.org","@graph":[{"@type":"WebPage","@id":"https:\/\/relaisgourmet.com\/de\/produkt\/turron-alicante-hart-ohne-zugesetzten-zucker\/","url":"https:\/\/relaisgourmet.com\/de\/produkt\/turron-alicante-hart-ohne-zugesetzten-zucker\/","name":"Turron Alicante Ohne zugesetzten Zucker | Relais Gourmet","isPartOf":{"@id":"https:\/\/relaisgourmet.com\/de\/#website"},"primaryImageOfPage":{"@id":"https:\/\/relaisgourmet.com\/de\/produkt\/turron-alicante-hart-ohne-zugesetzten-zucker\/#primaryimage"},"image":{"@id":"https:\/\/relaisgourmet.com\/de\/produkt\/turron-alicante-hart-ohne-zugesetzten-zucker\/#primaryimage"},"thumbnailUrl":"https:\/\/relaisgourmet.com\/wp-content\/uploads\/2026\/03\/Almendras-1.jpg","datePublished":"2026-03-10T12:25:12+00:00","dateModified":"2026-04-01T23:20:36+00:00","description":"Turron Alicante ohne zugesetzten Zucker: knuspriges Vergn\u00fcgen ohne Kompromisse.","breadcrumb":{"@id":"https:\/\/relaisgourmet.com\/de\/produkt\/turron-alicante-hart-ohne-zugesetzten-zucker\/#breadcrumb"},"inLanguage":"de","potentialAction":[{"@type":"ReadAction","target":["https:\/\/relaisgourmet.com\/de\/produkt\/turron-alicante-hart-ohne-zugesetzten-zucker\/"]}]},{"@type":"ImageObject","inLanguage":"de","@id":"https:\/\/relaisgourmet.com\/de\/produkt\/turron-alicante-hart-ohne-zugesetzten-zucker\/#primaryimage","url":"https:\/\/relaisgourmet.com\/wp-content\/uploads\/2026\/03\/Almendras-1.jpg","contentUrl":"https:\/\/relaisgourmet.com\/wp-content\/uploads\/2026\/03\/Almendras-1.jpg","width":600,"height":600},{"@type":"BreadcrumbList","@id":"https:\/\/relaisgourmet.com\/de\/produkt\/turron-alicante-hart-ohne-zugesetzten-zucker\/#breadcrumb","itemListElement":[{"@type":"ListItem","position":1,"name":"Startseite","item":"https:\/\/relaisgourmet.com\/de\/startseite\/"},{"@type":"ListItem","position":2,"name":"Alle unsere Produkte","item":"https:\/\/relaisgourmet.com\/de\/shop\/"},{"@type":"ListItem","position":3,"name":"Turron Alicante (hart) ohne zugesetzten Zucker"}]},{"@type":"WebSite","@id":"https:\/\/relaisgourmet.com\/de\/#website","url":"https:\/\/relaisgourmet.com\/de\/","name":"Relais Gourmet","description":"Foie Gras 100% Fran\u00e7ais","publisher":{"@id":"https:\/\/relaisgourmet.com\/de\/#organization"},"potentialAction":[{"@type":"SearchAction","target":{"@type":"EntryPoint","urlTemplate":"https:\/\/relaisgourmet.com\/de\/?s={search_term_string}"},"query-input":{"@type":"PropertyValueSpecification","valueRequired":true,"valueName":"search_term_string"}}],"inLanguage":"de"},{"@type":"Organization","@id":"https:\/\/relaisgourmet.com\/de\/#organization","name":"Relais Gourmet","url":"https:\/\/relaisgourmet.com\/de\/","logo":{"@type":"ImageObject","inLanguage":"de","@id":"https:\/\/relaisgourmet.com\/de\/#\/schema\/logo\/image\/","url":"https:\/\/relaisgourmet.com\/wp-content\/uploads\/2026\/03\/yoast-logo-2-relais-gourmet-.png","contentUrl":"https:\/\/relaisgourmet.com\/wp-content\/uploads\/2026\/03\/yoast-logo-2-relais-gourmet-.png","width":1200,"height":675,"caption":"Relais Gourmet"},"image":{"@id":"https:\/\/relaisgourmet.com\/de\/#\/schema\/logo\/image\/"},"sameAs":["https:\/\/www.facebook.com\/relaisgourmet\/","https:\/\/x.com\/relaisgourmet64","https:\/\/www.instagram.com\/relaisgourmetofficiel","https:\/\/www.pinterest.fr\/relaisgourmet\/"],"email":"yaqueche@relaisgourmet.com","telephone":"+33 0 5 40 07 07 65","legalName":"Relais Gourmet","vatID":"FR13482415015","taxID":"482415015"}]}},"_links":{"self":[{"href":"https:\/\/relaisgourmet.com\/de\/wp-json\/wp\/v2\/product\/64743","targetHints":{"allow":["GET"]}}],"collection":[{"href":"https:\/\/relaisgourmet.com\/de\/wp-json\/wp\/v2\/product"}],"about":[{"href":"https:\/\/relaisgourmet.com\/de\/wp-json\/wp\/v2\/types\/product"}],"replies":[{"embeddable":true,"href":"https:\/\/relaisgourmet.com\/de\/wp-json\/wp\/v2\/comments?post=64743"}],"wp:featuredmedia":[{"embeddable":true,"href":"https:\/\/relaisgourmet.com\/de\/wp-json\/wp\/v2\/media\/64746"}],"wp:attachment":[{"href":"https:\/\/relaisgourmet.com\/de\/wp-json\/wp\/v2\/media?parent=64743"}],"wp:term":[{"taxonomy":"product_brand","embeddable":true,"href":"https:\/\/relaisgourmet.com\/de\/wp-json\/wp\/v2\/product_brand?post=64743"},{"taxonomy":"product_cat","embeddable":true,"href":"https:\/\/relaisgourmet.com\/de\/wp-json\/wp\/v2\/product_cat?post=64743"},{"taxonomy":"product_tag","embeddable":true,"href":"https:\/\/relaisgourmet.com\/de\/wp-json\/wp\/v2\/product_tag?post=64743"},{"taxonomy":"giftcard-category","embeddable":true,"href":"https:\/\/relaisgourmet.com\/de\/wp-json\/wp\/v2\/giftcard-category?post=64743"}],"curies":[{"name":"wp","href":"https:\/\/api.w.org\/{rel}","templated":true}]}}