{"id":64694,"date":"2026-03-10T12:25:12","date_gmt":"2026-03-10T12:25:12","guid":{"rendered":"https:\/\/strange-jennings.213-136-85-46.plesk.page\/product\/turron-entdeckungspaket-51\/"},"modified":"2026-04-01T23:20:27","modified_gmt":"2026-04-01T23:20:27","slug":"turron-entdeckungspaket-51","status":"publish","type":"product","link":"https:\/\/relaisgourmet.com\/de\/produkt\/turron-entdeckungspaket-51\/","title":{"rendered":"Turron-Entdeckungspaket (5+1)"},"content":{"rendered":"<h3>Turr\u00f3n Discovery Pack (6+1): Unsere 6 klassischen Nougat und 1 kostenlos!<\/h3>\n<p><strong>Alle Nougat-Tabletten in dieser Packung sind glutenfrei und geeignet f\u00fcr Z\u00f6liakiepatienten.<\/strong><\/p>\n<ul>\n<li>\n<h4>Der Turron von Jijona<\/h4>\n<ul>\n<li><strong>Nettogewicht:<\/strong> 150gr<\/li>\n<li><strong>Haltbarkeit:<\/strong> mindestens 9 Monate. Lagern Sie an einem k\u00fchlen, trockenen Ort, fernab von Licht und Feuchtigkeit. Nach dem \u00d6ffnen sollte es im K\u00fchlschrank aufbewahrt werden, da es beginnt, seine organoleptischen Eigenschaften zu verlieren; Jijona Nougat trocknet etwas aus.  <\/li>\n<li><strong>Zutaten:<\/strong> Ger\u00f6stete Mandeln 64%, Honig 12%, Zucker, Glukosesirup, Eiwei\u00df und Emulgator: (E-471).<\/li>\n<li>Kann Spuren von Erdn\u00fcssen, Sesam und Haseln\u00fcssen enthalten.<\/li>\n<\/ul>\n<\/li>\n<\/ul>\n<ul>\n<li>\n<h4>Der Turron von Alicante<\/h4>\n<ul>\n<li><strong>Nettogewicht:<\/strong> 150gr<\/li>\n<li><strong>Haltbarkeit: <\/strong>mindestens 9 Monate. Nach dem \u00d6ffnen sollte es an einem trockenen Ort aufbewahrt werden. <\/li>\n<li><strong>Zutaten: <\/strong>Ger\u00f6stete Mandeln 60 %, Zucker, Glukosesirup, Honig 12 %, Waffelbeschichtung (Kartoffelst\u00e4rke und Sonnenblumen\u00f6l) sowie Eiwei\u00df.<\/li>\n<li>Kann Spuren von Erdn\u00fcssen, Sesam und Haseln\u00fcssen enthalten.<\/li>\n<\/ul>\n<\/li>\n<\/ul>\n<ul>\n<li>\n<h4>Peanut Turron<\/h4>\n<ul>\n<li><strong>Nettogewicht<\/strong> : 200 gr<\/li>\n<li><strong>Haltbarkeit<\/strong> : mindestens 9 Monate. Au\u00dferdem sollte es nach dem \u00d6ffnen an einem trockenen Ort gelagert werden. <\/li>\n<li><strong>Zutaten<\/strong> : Ger\u00f6stete Erdn\u00fcsse 38 %, Zucker, Glukosesirup, Honig, Wafelen (Kartoffelst\u00e4rke und Sonnenblumen\u00f6l) und Eiwei\u00df.<\/li>\n<li>Kann Spuren von Mandeln, Haseln\u00fcssen und Sesam enthalten.<\/li>\n<\/ul>\n<\/li>\n<\/ul>\n<ul>\n<li>\n<h4>Turron mit katalanischer Sahne<\/h4>\n<ul>\n<li><strong>Nettogewicht<\/strong>: 200 gr<\/li>\n<li><strong>Haltbarkeit<\/strong> : mindestens 9 Monate. Nach dem \u00d6ffnen sollte es an einem trockenen Ort aufbewahrt werden. <\/li>\n<li><strong>Zutaten<\/strong> : Zucker, Mandel, Eigelb (7 %), Glukosesirup und ein Konservierungsmittel (E-200).<\/li>\n<li>Kann Spuren von N\u00fcssen und Milch enthalten.<\/li>\n<\/ul>\n<\/li>\n<\/ul>\n<ul>\n<li>\n<h4>Turron mit Sahne und Waln\u00fcssen<\/h4>\n<ul>\n<li><strong>Nettogewicht:<\/strong> 200 gr<\/li>\n<li><strong>Haltbarkeit: <\/strong>mindestens 9 Monate. Lagern Sie an einem k\u00fchlen, trockenen Ort, fernab von Licht und Feuchtigkeit. Nach dem \u00d6ffnen bewahren Sie sie im K\u00fchlschrank auf, da sie beginnt, ihre organoleptischen Eigenschaften zu verlieren.  <\/li>\n<li><strong>Zutaten: <\/strong>Zucker, Mandeln, Waln\u00fcsse (7 %), Vollmilchpulver 5 %, Konservierungsmittel (Sorbins\u00e4ure E-200) und Sahnearoma. Kann Spuren von Ei enthalten. <\/li>\n<\/ul>\n<\/li>\n<\/ul>\n<ul>\n<li>\n<h4>Der Turron Guirlache (mit Karamell):<\/h4>\n<ul>\n<li>\n<ul>\n<li><strong>Nettogewicht:<\/strong> 200 gr<\/li>\n<li><strong>Haltbarkeit: <\/strong>mindestens 9 Monate. Sobald es ge\u00f6ffnet ist, lagern Sie an einem trockenen Ort. <\/li>\n<li><strong>Zutaten:<\/strong> 60 % ger\u00f6stete Mandeln, Zucker, Glukosesirup, Honig und Waffeln (Kartoffelst\u00e4rke und Sonnenblumen\u00f6l).<\/li>\n<li>Kann Spuren von Ei, Erdnuss, Sesam und Haselnuss enthalten.<\/li>\n<\/ul>\n<\/li>\n<\/ul>\n<\/li>\n<\/ul>\n<p>Maria Simonas Turron wird nach<a href=\"https:\/\/mariasimona.com\/secrets-fabrication-turron-jijona\/\"> dem traditionellen Rezept <\/a>hergestellt, weshalb wir nur hochwertige spanische Zutaten verwenden.<\/p>\n<p>Schlie\u00dflich hat unser Turron eine <a href=\"https:\/\/www.mapa.gob.es\/es\/alimentacion\/temas\/calidad-diferenciada\/dop-igp\/pana_paste\/IGP_TurronJiJona.aspx\">Herkunftsbezeichnung und ist vom Regulierungsrat von Jijona gesch\u00fctzt<\/a>.<\/p>\n","protected":false},"excerpt":{"rendered":"<p>Turron de Jijona ist ein weicher Nougat aus gemahlenen Mandeln. Sie ist hellbraun, hat eine weiche Textur und zerbr\u00f6ckelt sehr leicht. Es ist eine k\u00f6stliche Mischung aus ger\u00f6steten Mandeln, Zucker, Eiwei\u00df und Honig.  <\/p>\n<p>Alicante Turron ist als harter Nougat bekannt, da er durch die einzigartige R\u00f6stung der Mandeln und die Mischung aus Honig und Eiwei\u00df knusprig ist. Es ist ein Klassiker! <\/p>\n<p>Der Peanut and Honey Turron ist knusprig und hat einen unverwechselbaren Geschmack, der von allen sehr gesch\u00e4tzt wird.<\/p>\n<p>Turron mit gegrilltem Eigelb wird aus gemahlenen Mandeln und Eigelb hergestellt. Seine Farbe, sein Aroma und sein Geschmack entsprechen denen des Eigelbs, das an der Zubereitung beteiligt ist und sorgf\u00e4ltig mit der Mandel kombiniert wird. <\/p>\n<p>Turron mit Sahne und N\u00fcssen ist eine dieser Spezialit\u00e4ten, die jeder liebt. Mit einem sehr milden Geschmack ist er gerade s\u00fc\u00df genug, weil die Bitterkeit der N\u00fcsse im Gegensatz zu Zucker und Mandeln steht. Einer der traditionellsten Geschmacksrichtungen, die seit Jahrzehnten hergestellt werden.  <\/p>\n<p>Guirlache ist eine traditionelle Delikatesse, die typisch f\u00fcr die spanische Gastronomie ist und mit Mandeln und festem Karamell zubereitet wird. Eine knusprige Textur aus Mandeln und Karamell, die auf der Zunge schmilzt. Ein echter Erfolg f\u00fcr die Feinschmecker des Hauses.  <\/p>\n<p>Traditionelles Rezept.<\/p>\n<p>\u00dcberlegene Qualit\u00e4t.<\/p>\n","protected":false},"featured_media":64698,"comment_status":"closed","ping_status":"closed","template":"","meta":{"_iconic_wsb_product_page_order_bump_ids":[],"_sku":["3250000337997"],"_iconic_wsb_product_page_bump_modal_ids":[]},"product_brand":[],"product_cat":[1670],"product_tag":[2148,2208,2200,2204,2150,2197,2201,2203,2207,2198,2206,2145,2205,2013,2202,2147,2199],"giftcard-category":[],"class_list":{"0":"post-64694","1":"product","2":"type-product","3":"status-publish","4":"has-post-thumbnail","6":"product_cat-spanische-turrons","7":"product_tag-alicante","8":"product_tag-discovery-pack","9":"product_tag-erdnuss","10":"product_tag-guirlache","11":"product_tag-hart","12":"product_tag-jijona","13":"product_tag-karamell","14":"product_tag-katalanische-creme","15":"product_tag-klassisches-paket","16":"product_tag-maria-simona","17":"product_tag-nougat-2","18":"product_tag-nougat","19":"product_tag-nusse","20":"product_tag-rudel","21":"product_tag-sahne","22":"product_tag-turron","23":"product_tag-weich","24":"product_shipping_class-standard","26":"first","27":"instock","28":"taxable","29":"shipping-taxable","30":"purchasable","31":"product-type-simple"},"yoast_head":"<!-- This site is optimized with the Yoast SEO Premium plugin v27.3 (Yoast SEO v27.3) - https:\/\/yoast.com\/product\/yoast-seo-premium-wordpress\/ -->\n<title>Gourmet Discovery Turron Pack (6+1) | Relais Gourmet<\/title>\n<meta name=\"description\" content=\"Turron 6+1 Discovery Pack: ideal, um spanische Aromen zu erkunden.\" \/>\n<meta name=\"robots\" content=\"index, follow, max-snippet:-1, max-image-preview:large, max-video-preview:-1\" \/>\n<link rel=\"canonical\" href=\"https:\/\/relaisgourmet.com\/de\/produkt\/turron-entdeckungspaket-51\/\" \/>\n<meta property=\"og:locale\" content=\"de_DE\" \/>\n<meta property=\"og:type\" content=\"article\" \/>\n<meta property=\"og:title\" content=\"Turron-Entdeckungspaket (5+1)\" \/>\n<meta property=\"og:description\" content=\"Turron de Jijona ist ein weicher Nougat aus gemahlenen Mandeln. Sie ist hellbraun, hat eine weiche Textur und zerbr\u00f6ckelt sehr leicht. Es ist eine k\u00f6stliche Mischung aus ger\u00f6steten Mandeln, Zucker, Eiwei\u00df und Honig.  Alicante Turron ist als harter Nougat bekannt, da er durch die einzigartige R\u00f6stung der Mandeln und die Mischung aus Honig und Eiwei\u00df knusprig ist. Es ist ein Klassiker!  Der Peanut and Honey Turron ist knusprig und hat einen unverwechselbaren Geschmack, der von allen sehr gesch\u00e4tzt wird. Turron mit gegrilltem Eigelb wird aus gemahlenen Mandeln und Eigelb hergestellt. Seine Farbe, sein Aroma und sein Geschmack entsprechen denen des Eigelbs, das an der Zubereitung beteiligt ist und sorgf\u00e4ltig mit der Mandel kombiniert wird.  Turron mit Sahne und N\u00fcssen ist eine dieser Spezialit\u00e4ten, die jeder liebt. Mit einem sehr milden Geschmack ist er gerade s\u00fc\u00df genug, weil die Bitterkeit der N\u00fcsse im Gegensatz zu Zucker und Mandeln steht. Einer der traditionellsten Geschmacksrichtungen, die seit Jahrzehnten hergestellt werden.  Guirlache ist eine traditionelle Delikatesse, die typisch f\u00fcr die spanische Gastronomie ist und mit Mandeln und festem Karamell zubereitet wird. Eine knusprige Textur aus Mandeln und Karamell, die auf der Zunge schmilzt. Ein echter Erfolg f\u00fcr die Feinschmecker des Hauses.  Traditionelles Rezept. \u00dcberlegene Qualit\u00e4t.\" \/>\n<meta property=\"og:url\" content=\"https:\/\/relaisgourmet.com\/de\/produkt\/turron-entdeckungspaket-51\/\" \/>\n<meta property=\"og:site_name\" content=\"Relais Gourmet\" \/>\n<meta property=\"article:publisher\" content=\"https:\/\/www.facebook.com\/relaisgourmet\/\" \/>\n<meta property=\"article:modified_time\" content=\"2026-04-01T23:20:27+00:00\" \/>\n<meta property=\"og:image\" content=\"https:\/\/relaisgourmet.com\/wp-content\/uploads\/2026\/03\/Pack-de-6-pyramide-1.png\" \/>\n\t<meta property=\"og:image:width\" content=\"2000\" \/>\n\t<meta property=\"og:image:height\" content=\"2000\" \/>\n\t<meta property=\"og:image:type\" content=\"image\/png\" \/>\n<meta name=\"twitter:card\" content=\"summary_large_image\" \/>\n<meta name=\"twitter:site\" content=\"@relaisgourmet64\" \/>\n<meta name=\"twitter:label1\" content=\"Gesch\u00e4tzte Lesezeit\" \/>\n\t<meta name=\"twitter:data1\" content=\"2\u00a0Minute\" \/>\n<script type=\"application\/ld+json\" class=\"yoast-schema-graph\">{\"@context\":\"https:\\\/\\\/schema.org\",\"@graph\":[{\"@type\":\"WebPage\",\"@id\":\"https:\\\/\\\/relaisgourmet.com\\\/de\\\/produkt\\\/turron-entdeckungspaket-51\\\/\",\"url\":\"https:\\\/\\\/relaisgourmet.com\\\/de\\\/produkt\\\/turron-entdeckungspaket-51\\\/\",\"name\":\"Gourmet Discovery Turron Pack (6+1) | Relais Gourmet\",\"isPartOf\":{\"@id\":\"https:\\\/\\\/relaisgourmet.com\\\/de\\\/#website\"},\"primaryImageOfPage\":{\"@id\":\"https:\\\/\\\/relaisgourmet.com\\\/de\\\/produkt\\\/turron-entdeckungspaket-51\\\/#primaryimage\"},\"image\":{\"@id\":\"https:\\\/\\\/relaisgourmet.com\\\/de\\\/produkt\\\/turron-entdeckungspaket-51\\\/#primaryimage\"},\"thumbnailUrl\":\"https:\\\/\\\/relaisgourmet.com\\\/wp-content\\\/uploads\\\/2026\\\/03\\\/Pack-de-6-pyramide-1.png\",\"datePublished\":\"2026-03-10T12:25:12+00:00\",\"dateModified\":\"2026-04-01T23:20:27+00:00\",\"description\":\"Turron 6+1 Discovery Pack: ideal, um spanische Aromen zu erkunden.\",\"breadcrumb\":{\"@id\":\"https:\\\/\\\/relaisgourmet.com\\\/de\\\/produkt\\\/turron-entdeckungspaket-51\\\/#breadcrumb\"},\"inLanguage\":\"de\",\"potentialAction\":[{\"@type\":\"ReadAction\",\"target\":[\"https:\\\/\\\/relaisgourmet.com\\\/de\\\/produkt\\\/turron-entdeckungspaket-51\\\/\"]}]},{\"@type\":\"ImageObject\",\"inLanguage\":\"de\",\"@id\":\"https:\\\/\\\/relaisgourmet.com\\\/de\\\/produkt\\\/turron-entdeckungspaket-51\\\/#primaryimage\",\"url\":\"https:\\\/\\\/relaisgourmet.com\\\/wp-content\\\/uploads\\\/2026\\\/03\\\/Pack-de-6-pyramide-1.png\",\"contentUrl\":\"https:\\\/\\\/relaisgourmet.com\\\/wp-content\\\/uploads\\\/2026\\\/03\\\/Pack-de-6-pyramide-1.png\",\"width\":2000,\"height\":2000},{\"@type\":\"BreadcrumbList\",\"@id\":\"https:\\\/\\\/relaisgourmet.com\\\/de\\\/produkt\\\/turron-entdeckungspaket-51\\\/#breadcrumb\",\"itemListElement\":[{\"@type\":\"ListItem\",\"position\":1,\"name\":\"Startseite\",\"item\":\"https:\\\/\\\/relaisgourmet.com\\\/de\\\/startseite\\\/\"},{\"@type\":\"ListItem\",\"position\":2,\"name\":\"Alle unsere Produkte\",\"item\":\"https:\\\/\\\/relaisgourmet.com\\\/de\\\/shop\\\/\"},{\"@type\":\"ListItem\",\"position\":3,\"name\":\"Turron-Entdeckungspaket (5+1)\"}]},{\"@type\":\"WebSite\",\"@id\":\"https:\\\/\\\/relaisgourmet.com\\\/de\\\/#website\",\"url\":\"https:\\\/\\\/relaisgourmet.com\\\/de\\\/\",\"name\":\"Relais Gourmet\",\"description\":\"Foie Gras 100% Fran\u00e7ais\",\"publisher\":{\"@id\":\"https:\\\/\\\/relaisgourmet.com\\\/de\\\/#organization\"},\"potentialAction\":[{\"@type\":\"SearchAction\",\"target\":{\"@type\":\"EntryPoint\",\"urlTemplate\":\"https:\\\/\\\/relaisgourmet.com\\\/de\\\/?s={search_term_string}\"},\"query-input\":{\"@type\":\"PropertyValueSpecification\",\"valueRequired\":true,\"valueName\":\"search_term_string\"}}],\"inLanguage\":\"de\"},{\"@type\":\"Organization\",\"@id\":\"https:\\\/\\\/relaisgourmet.com\\\/de\\\/#organization\",\"name\":\"Relais Gourmet\",\"url\":\"https:\\\/\\\/relaisgourmet.com\\\/de\\\/\",\"logo\":{\"@type\":\"ImageObject\",\"inLanguage\":\"de\",\"@id\":\"https:\\\/\\\/relaisgourmet.com\\\/de\\\/#\\\/schema\\\/logo\\\/image\\\/\",\"url\":\"https:\\\/\\\/relaisgourmet.com\\\/wp-content\\\/uploads\\\/2026\\\/03\\\/yoast-logo-2-relais-gourmet-.png\",\"contentUrl\":\"https:\\\/\\\/relaisgourmet.com\\\/wp-content\\\/uploads\\\/2026\\\/03\\\/yoast-logo-2-relais-gourmet-.png\",\"width\":1200,\"height\":675,\"caption\":\"Relais Gourmet\"},\"image\":{\"@id\":\"https:\\\/\\\/relaisgourmet.com\\\/de\\\/#\\\/schema\\\/logo\\\/image\\\/\"},\"sameAs\":[\"https:\\\/\\\/www.facebook.com\\\/relaisgourmet\\\/\",\"https:\\\/\\\/x.com\\\/relaisgourmet64\",\"https:\\\/\\\/www.instagram.com\\\/relaisgourmetofficiel\",\"https:\\\/\\\/www.pinterest.fr\\\/relaisgourmet\\\/\"],\"email\":\"yaqueche@relaisgourmet.com\",\"telephone\":\"+33 0 5 40 07 07 65\",\"legalName\":\"Relais Gourmet\",\"vatID\":\"FR13482415015\",\"taxID\":\"482415015\"}]}<\/script>\n<!-- \/ Yoast SEO Premium plugin. -->","yoast_head_json":{"title":"Gourmet Discovery Turron Pack (6+1) | Relais Gourmet","description":"Turron 6+1 Discovery Pack: ideal, um spanische Aromen zu erkunden.","robots":{"index":"index","follow":"follow","max-snippet":"max-snippet:-1","max-image-preview":"max-image-preview:large","max-video-preview":"max-video-preview:-1"},"canonical":"https:\/\/relaisgourmet.com\/de\/produkt\/turron-entdeckungspaket-51\/","og_locale":"de_DE","og_type":"article","og_title":"Turron-Entdeckungspaket (5+1)","og_description":"Turron de Jijona ist ein weicher Nougat aus gemahlenen Mandeln. Sie ist hellbraun, hat eine weiche Textur und zerbr\u00f6ckelt sehr leicht. Es ist eine k\u00f6stliche Mischung aus ger\u00f6steten Mandeln, Zucker, Eiwei\u00df und Honig.  Alicante Turron ist als harter Nougat bekannt, da er durch die einzigartige R\u00f6stung der Mandeln und die Mischung aus Honig und Eiwei\u00df knusprig ist. Es ist ein Klassiker!  Der Peanut and Honey Turron ist knusprig und hat einen unverwechselbaren Geschmack, der von allen sehr gesch\u00e4tzt wird. Turron mit gegrilltem Eigelb wird aus gemahlenen Mandeln und Eigelb hergestellt. Seine Farbe, sein Aroma und sein Geschmack entsprechen denen des Eigelbs, das an der Zubereitung beteiligt ist und sorgf\u00e4ltig mit der Mandel kombiniert wird.  Turron mit Sahne und N\u00fcssen ist eine dieser Spezialit\u00e4ten, die jeder liebt. Mit einem sehr milden Geschmack ist er gerade s\u00fc\u00df genug, weil die Bitterkeit der N\u00fcsse im Gegensatz zu Zucker und Mandeln steht. Einer der traditionellsten Geschmacksrichtungen, die seit Jahrzehnten hergestellt werden.  Guirlache ist eine traditionelle Delikatesse, die typisch f\u00fcr die spanische Gastronomie ist und mit Mandeln und festem Karamell zubereitet wird. Eine knusprige Textur aus Mandeln und Karamell, die auf der Zunge schmilzt. Ein echter Erfolg f\u00fcr die Feinschmecker des Hauses.  Traditionelles Rezept. \u00dcberlegene Qualit\u00e4t.","og_url":"https:\/\/relaisgourmet.com\/de\/produkt\/turron-entdeckungspaket-51\/","og_site_name":"Relais Gourmet","article_publisher":"https:\/\/www.facebook.com\/relaisgourmet\/","article_modified_time":"2026-04-01T23:20:27+00:00","og_image":[{"width":2000,"height":2000,"url":"https:\/\/relaisgourmet.com\/wp-content\/uploads\/2026\/03\/Pack-de-6-pyramide-1.png","type":"image\/png"}],"twitter_card":"summary_large_image","twitter_site":"@relaisgourmet64","twitter_misc":{"Gesch\u00e4tzte Lesezeit":"2\u00a0Minute"},"schema":{"@context":"https:\/\/schema.org","@graph":[{"@type":"WebPage","@id":"https:\/\/relaisgourmet.com\/de\/produkt\/turron-entdeckungspaket-51\/","url":"https:\/\/relaisgourmet.com\/de\/produkt\/turron-entdeckungspaket-51\/","name":"Gourmet Discovery Turron Pack (6+1) | Relais Gourmet","isPartOf":{"@id":"https:\/\/relaisgourmet.com\/de\/#website"},"primaryImageOfPage":{"@id":"https:\/\/relaisgourmet.com\/de\/produkt\/turron-entdeckungspaket-51\/#primaryimage"},"image":{"@id":"https:\/\/relaisgourmet.com\/de\/produkt\/turron-entdeckungspaket-51\/#primaryimage"},"thumbnailUrl":"https:\/\/relaisgourmet.com\/wp-content\/uploads\/2026\/03\/Pack-de-6-pyramide-1.png","datePublished":"2026-03-10T12:25:12+00:00","dateModified":"2026-04-01T23:20:27+00:00","description":"Turron 6+1 Discovery Pack: ideal, um spanische Aromen zu erkunden.","breadcrumb":{"@id":"https:\/\/relaisgourmet.com\/de\/produkt\/turron-entdeckungspaket-51\/#breadcrumb"},"inLanguage":"de","potentialAction":[{"@type":"ReadAction","target":["https:\/\/relaisgourmet.com\/de\/produkt\/turron-entdeckungspaket-51\/"]}]},{"@type":"ImageObject","inLanguage":"de","@id":"https:\/\/relaisgourmet.com\/de\/produkt\/turron-entdeckungspaket-51\/#primaryimage","url":"https:\/\/relaisgourmet.com\/wp-content\/uploads\/2026\/03\/Pack-de-6-pyramide-1.png","contentUrl":"https:\/\/relaisgourmet.com\/wp-content\/uploads\/2026\/03\/Pack-de-6-pyramide-1.png","width":2000,"height":2000},{"@type":"BreadcrumbList","@id":"https:\/\/relaisgourmet.com\/de\/produkt\/turron-entdeckungspaket-51\/#breadcrumb","itemListElement":[{"@type":"ListItem","position":1,"name":"Startseite","item":"https:\/\/relaisgourmet.com\/de\/startseite\/"},{"@type":"ListItem","position":2,"name":"Alle unsere Produkte","item":"https:\/\/relaisgourmet.com\/de\/shop\/"},{"@type":"ListItem","position":3,"name":"Turron-Entdeckungspaket (5+1)"}]},{"@type":"WebSite","@id":"https:\/\/relaisgourmet.com\/de\/#website","url":"https:\/\/relaisgourmet.com\/de\/","name":"Relais Gourmet","description":"Foie Gras 100% Fran\u00e7ais","publisher":{"@id":"https:\/\/relaisgourmet.com\/de\/#organization"},"potentialAction":[{"@type":"SearchAction","target":{"@type":"EntryPoint","urlTemplate":"https:\/\/relaisgourmet.com\/de\/?s={search_term_string}"},"query-input":{"@type":"PropertyValueSpecification","valueRequired":true,"valueName":"search_term_string"}}],"inLanguage":"de"},{"@type":"Organization","@id":"https:\/\/relaisgourmet.com\/de\/#organization","name":"Relais Gourmet","url":"https:\/\/relaisgourmet.com\/de\/","logo":{"@type":"ImageObject","inLanguage":"de","@id":"https:\/\/relaisgourmet.com\/de\/#\/schema\/logo\/image\/","url":"https:\/\/relaisgourmet.com\/wp-content\/uploads\/2026\/03\/yoast-logo-2-relais-gourmet-.png","contentUrl":"https:\/\/relaisgourmet.com\/wp-content\/uploads\/2026\/03\/yoast-logo-2-relais-gourmet-.png","width":1200,"height":675,"caption":"Relais Gourmet"},"image":{"@id":"https:\/\/relaisgourmet.com\/de\/#\/schema\/logo\/image\/"},"sameAs":["https:\/\/www.facebook.com\/relaisgourmet\/","https:\/\/x.com\/relaisgourmet64","https:\/\/www.instagram.com\/relaisgourmetofficiel","https:\/\/www.pinterest.fr\/relaisgourmet\/"],"email":"yaqueche@relaisgourmet.com","telephone":"+33 0 5 40 07 07 65","legalName":"Relais Gourmet","vatID":"FR13482415015","taxID":"482415015"}]}},"_links":{"self":[{"href":"https:\/\/relaisgourmet.com\/de\/wp-json\/wp\/v2\/product\/64694","targetHints":{"allow":["GET"]}}],"collection":[{"href":"https:\/\/relaisgourmet.com\/de\/wp-json\/wp\/v2\/product"}],"about":[{"href":"https:\/\/relaisgourmet.com\/de\/wp-json\/wp\/v2\/types\/product"}],"replies":[{"embeddable":true,"href":"https:\/\/relaisgourmet.com\/de\/wp-json\/wp\/v2\/comments?post=64694"}],"wp:featuredmedia":[{"embeddable":true,"href":"https:\/\/relaisgourmet.com\/de\/wp-json\/wp\/v2\/media\/64698"}],"wp:attachment":[{"href":"https:\/\/relaisgourmet.com\/de\/wp-json\/wp\/v2\/media?parent=64694"}],"wp:term":[{"taxonomy":"product_brand","embeddable":true,"href":"https:\/\/relaisgourmet.com\/de\/wp-json\/wp\/v2\/product_brand?post=64694"},{"taxonomy":"product_cat","embeddable":true,"href":"https:\/\/relaisgourmet.com\/de\/wp-json\/wp\/v2\/product_cat?post=64694"},{"taxonomy":"product_tag","embeddable":true,"href":"https:\/\/relaisgourmet.com\/de\/wp-json\/wp\/v2\/product_tag?post=64694"},{"taxonomy":"giftcard-category","embeddable":true,"href":"https:\/\/relaisgourmet.com\/de\/wp-json\/wp\/v2\/giftcard-category?post=64694"}],"curies":[{"name":"wp","href":"https:\/\/api.w.org\/{rel}","templated":true}]}}