{"id":64692,"date":"2026-03-10T12:25:11","date_gmt":"2026-03-10T12:25:11","guid":{"rendered":"https:\/\/strange-jennings.213-136-85-46.plesk.page\/product\/peanut-turron-hart-extra\/"},"modified":"2026-04-01T23:20:28","modified_gmt":"2026-04-01T23:20:28","slug":"peanut-turron-hart-extra","status":"publish","type":"product","link":"https:\/\/relaisgourmet.com\/de\/produkt\/peanut-turron-hart-extra\/","title":{"rendered":"Peanut Turron (Hart) Extra"},"content":{"rendered":"<p><strong>Maria Simonas Erdnuss-Turr\u00f3n wird nach <a href=\"https:\/\/mariasimona.com\/secrets-fabrication-turron-jijona\/\">dem traditionellen Rezept<\/a> zubereitet<\/strong><strong style=\"font-size: 16px; font-style: normal;\">:<\/strong><\/p>\n<ul>\n<li><strong>Nettogewicht:<\/strong> 200 g<\/li>\n<li><strong>Zutaten: <\/strong>Ger\u00f6stete Erdn\u00fcsse 38 %, Zucker, Glukosesirup, Honig, Wafer (Kartoffelst\u00e4rke und Sonnenblumen\u00f6l) und Eiwei\u00df. Kann Spuren von Mandeln, Haseln\u00fcssen und Sesam enthalten. <\/li>\n<li><strong>Keller: <\/strong>Mindestens 9 Monate. Nach dem \u00d6ffnen werden Sie an einem k\u00fchlen, trockenen, dunklen Ort und fern von Licht und Feuchtigkeit aufbewahrt, entweder in der Originalverpackung oder in Alufolie oder Frischhaltefolie gewickelt, dann in einer luftdichten Schachtel. Wir machen oft den Fehler, Nougat im K\u00fchlschrank zu lagern, was nur seine organoleptischen Eigenschaften sowie sein Aroma und seine Textur ver\u00e4ndert.  <\/li>\n<\/ul>\n<p><strong>Dieses Produkt ist glutenfrei und daher f\u00fcr Z\u00f6liakiepatienten geeignet.<\/strong><\/p>\n<h2>Die Geschichte des &#8222;<em>Cacau<\/em>&#8220; von Valencia<\/h2>\n<p>Urspr\u00fcnglich aus Amerika stammend, scheinen historische Aufzeichnungen darauf hinzudeuten, dass die Erdnuss in Valencia nach Europa eingef\u00fchrt wurde. Das &#8222;<em>Cacau<\/em>&#8222;, wie es in Valencia genannt wird, wurde in der Region von Don Francisco Fabi\u00e1n y Tuero, Erzbischof der Di\u00f6zese Valencia, erschienen. Diese Geschichte ereignete sich Mitte des achtzehnten Jahrhunderts, doch erst zu Beginn des n\u00e4chsten Jahrhunderts begann die Erdnuss, als Zutat \u00fcber ihren individuellen Verzehr hinaus verwendet zu werden.  <\/p>\n<p>Die Hektar der Region, die dieser Kulturpflanze gewidmet sind, sind im 20. Jahrhundert stark zur\u00fcckgegangen. Tats\u00e4chlich wird dieser starke R\u00fcckgang durch einen massiven Anstieg der Walnussimporte erkl\u00e4rt. Obwohl Spanien inzwischen weniger als 200 Tonnen Erdn\u00fcsse pro Jahr produziert, was weit entfernt ist von den Millionen Tonnen, die in L\u00e4ndern wie China und Indien produziert werden, gelten Valencias Erdn\u00fcsse als von hoher Qualit\u00e4t.  <\/p>\n<p>Es ist daher nicht \u00fcberraschend, dass Valencia einer der f\u00fchrenden Anbieter in der Produktion von Erdnuss-Turron ist.<\/p>\n<h3>Um weiter hinzugehen:<\/h3>\n<p>Alle unsere Vorbereitungstipps finden Sie auf <a href=\"https:\/\/mariasimona.com\/\">Maria Simonas Website<\/a>.<\/p>\n<p>Besuchen Sie gerne unseren Blog, um <a href=\"https:\/\/mariasimona.com\/recetas\/\">unsere k\u00f6stlichen Rezepte<\/a> zu entdecken.<\/p>\n<p>Abschlie\u00dfend, um dieses Turr\u00f3n zu begleiten, warum l\u00e4sst du dich nicht von <a href=\"https:\/\/epic-varahamihira.207-180-195-93.plesk.page\/\">dem k\u00f6stlichen Relais Gourmet Foie Gras <\/a> verf\u00fchren?<\/p>\n","protected":false},"excerpt":{"rendered":"<p>Erdnuss-Honig-Turron ist knusprig und hat einen unverwechselbaren Geschmack, der von allen sehr gesch\u00e4tzt wird.<\/p>\n<p>Maria Simonas Erdnuss-Turron wird nach <a href=\"https:\/\/mariasimona.com\/comment-faire-les-turrons\/\">dem traditionellen Rezept<\/a> hergestellt.<\/p>\n<p>Wir verwenden nur die hochwertigsten spanischen Zutaten.<\/p>\n","protected":false},"featured_media":64693,"comment_status":"closed","ping_status":"closed","template":"","meta":{"_iconic_wsb_product_page_order_bump_ids":[],"_sku":["3370000337909"],"_iconic_wsb_product_page_bump_modal_ids":[]},"product_brand":[],"product_cat":[1670],"product_tag":[],"giftcard-category":[],"class_list":{"0":"post-64692","1":"product","2":"type-product","3":"status-publish","4":"has-post-thumbnail","6":"product_cat-spanische-turrons","7":"product_shipping_class-standard","9":"first","10":"instock","11":"taxable","12":"shipping-taxable","13":"purchasable","14":"product-type-simple"},"yoast_head":"<!-- This site is optimized with the Yoast SEO Premium plugin v27.3 (Yoast SEO v27.3) - https:\/\/yoast.com\/product\/yoast-seo-premium-wordpress\/ -->\n<title>Turron aux Cacahuettes Artisanal | Relais Gourmet<\/title>\n<meta name=\"description\" content=\"Erdnuss-Turron: ein knuspriges Vergn\u00fcgen, perfekt zum Kaffee oder Dessert.\" \/>\n<meta name=\"robots\" content=\"index, follow, max-snippet:-1, max-image-preview:large, max-video-preview:-1\" \/>\n<link rel=\"canonical\" href=\"https:\/\/relaisgourmet.com\/de\/produkt\/peanut-turron-hart-extra\/\" \/>\n<meta property=\"og:locale\" content=\"de_DE\" \/>\n<meta property=\"og:type\" content=\"article\" \/>\n<meta property=\"og:title\" content=\"Peanut Turron (Hart) Extra\" \/>\n<meta property=\"og:description\" content=\"Erdnuss-Honig-Turron ist knusprig und hat einen unverwechselbaren Geschmack, der von allen sehr gesch\u00e4tzt wird. Maria Simonas Erdnuss-Turron wird nach dem traditionellen Rezept hergestellt. Wir verwenden nur die hochwertigsten spanischen Zutaten.\" \/>\n<meta property=\"og:url\" content=\"https:\/\/relaisgourmet.com\/de\/produkt\/peanut-turron-hart-extra\/\" \/>\n<meta property=\"og:site_name\" content=\"Relais Gourmet\" \/>\n<meta property=\"article:publisher\" content=\"https:\/\/www.facebook.com\/relaisgourmet\/\" \/>\n<meta property=\"article:modified_time\" content=\"2026-04-01T23:20:28+00:00\" \/>\n<meta property=\"og:image\" content=\"https:\/\/relaisgourmet.com\/wp-content\/uploads\/2026\/03\/Cacahuete-1.jpg\" \/>\n\t<meta property=\"og:image:width\" content=\"600\" \/>\n\t<meta property=\"og:image:height\" content=\"600\" \/>\n\t<meta property=\"og:image:type\" content=\"image\/jpeg\" \/>\n<meta name=\"twitter:card\" content=\"summary_large_image\" \/>\n<meta name=\"twitter:site\" content=\"@relaisgourmet64\" \/>\n<meta name=\"twitter:label1\" content=\"Gesch\u00e4tzte Lesezeit\" \/>\n\t<meta name=\"twitter:data1\" content=\"2\u00a0Minute\" \/>\n<script type=\"application\/ld+json\" class=\"yoast-schema-graph\">{\"@context\":\"https:\\\/\\\/schema.org\",\"@graph\":[{\"@type\":\"WebPage\",\"@id\":\"https:\\\/\\\/relaisgourmet.com\\\/de\\\/produkt\\\/peanut-turron-hart-extra\\\/\",\"url\":\"https:\\\/\\\/relaisgourmet.com\\\/de\\\/produkt\\\/peanut-turron-hart-extra\\\/\",\"name\":\"Turron aux Cacahuettes Artisanal | Relais Gourmet\",\"isPartOf\":{\"@id\":\"https:\\\/\\\/relaisgourmet.com\\\/de\\\/#website\"},\"primaryImageOfPage\":{\"@id\":\"https:\\\/\\\/relaisgourmet.com\\\/de\\\/produkt\\\/peanut-turron-hart-extra\\\/#primaryimage\"},\"image\":{\"@id\":\"https:\\\/\\\/relaisgourmet.com\\\/de\\\/produkt\\\/peanut-turron-hart-extra\\\/#primaryimage\"},\"thumbnailUrl\":\"https:\\\/\\\/relaisgourmet.com\\\/wp-content\\\/uploads\\\/2026\\\/03\\\/Cacahuete-1.jpg\",\"datePublished\":\"2026-03-10T12:25:11+00:00\",\"dateModified\":\"2026-04-01T23:20:28+00:00\",\"description\":\"Erdnuss-Turron: ein knuspriges Vergn\u00fcgen, perfekt zum Kaffee oder Dessert.\",\"breadcrumb\":{\"@id\":\"https:\\\/\\\/relaisgourmet.com\\\/de\\\/produkt\\\/peanut-turron-hart-extra\\\/#breadcrumb\"},\"inLanguage\":\"de\",\"potentialAction\":[{\"@type\":\"ReadAction\",\"target\":[\"https:\\\/\\\/relaisgourmet.com\\\/de\\\/produkt\\\/peanut-turron-hart-extra\\\/\"]}]},{\"@type\":\"ImageObject\",\"inLanguage\":\"de\",\"@id\":\"https:\\\/\\\/relaisgourmet.com\\\/de\\\/produkt\\\/peanut-turron-hart-extra\\\/#primaryimage\",\"url\":\"https:\\\/\\\/relaisgourmet.com\\\/wp-content\\\/uploads\\\/2026\\\/03\\\/Cacahuete-1.jpg\",\"contentUrl\":\"https:\\\/\\\/relaisgourmet.com\\\/wp-content\\\/uploads\\\/2026\\\/03\\\/Cacahuete-1.jpg\",\"width\":600,\"height\":600},{\"@type\":\"BreadcrumbList\",\"@id\":\"https:\\\/\\\/relaisgourmet.com\\\/de\\\/produkt\\\/peanut-turron-hart-extra\\\/#breadcrumb\",\"itemListElement\":[{\"@type\":\"ListItem\",\"position\":1,\"name\":\"Startseite\",\"item\":\"https:\\\/\\\/relaisgourmet.com\\\/de\\\/startseite\\\/\"},{\"@type\":\"ListItem\",\"position\":2,\"name\":\"Alle unsere Produkte\",\"item\":\"https:\\\/\\\/relaisgourmet.com\\\/de\\\/shop\\\/\"},{\"@type\":\"ListItem\",\"position\":3,\"name\":\"Peanut Turron (Hart) Extra\"}]},{\"@type\":\"WebSite\",\"@id\":\"https:\\\/\\\/relaisgourmet.com\\\/de\\\/#website\",\"url\":\"https:\\\/\\\/relaisgourmet.com\\\/de\\\/\",\"name\":\"Relais Gourmet\",\"description\":\"Foie Gras 100% Fran\u00e7ais\",\"publisher\":{\"@id\":\"https:\\\/\\\/relaisgourmet.com\\\/de\\\/#organization\"},\"potentialAction\":[{\"@type\":\"SearchAction\",\"target\":{\"@type\":\"EntryPoint\",\"urlTemplate\":\"https:\\\/\\\/relaisgourmet.com\\\/de\\\/?s={search_term_string}\"},\"query-input\":{\"@type\":\"PropertyValueSpecification\",\"valueRequired\":true,\"valueName\":\"search_term_string\"}}],\"inLanguage\":\"de\"},{\"@type\":\"Organization\",\"@id\":\"https:\\\/\\\/relaisgourmet.com\\\/de\\\/#organization\",\"name\":\"Relais Gourmet\",\"url\":\"https:\\\/\\\/relaisgourmet.com\\\/de\\\/\",\"logo\":{\"@type\":\"ImageObject\",\"inLanguage\":\"de\",\"@id\":\"https:\\\/\\\/relaisgourmet.com\\\/de\\\/#\\\/schema\\\/logo\\\/image\\\/\",\"url\":\"https:\\\/\\\/relaisgourmet.com\\\/wp-content\\\/uploads\\\/2026\\\/03\\\/yoast-logo-2-relais-gourmet-.png\",\"contentUrl\":\"https:\\\/\\\/relaisgourmet.com\\\/wp-content\\\/uploads\\\/2026\\\/03\\\/yoast-logo-2-relais-gourmet-.png\",\"width\":1200,\"height\":675,\"caption\":\"Relais Gourmet\"},\"image\":{\"@id\":\"https:\\\/\\\/relaisgourmet.com\\\/de\\\/#\\\/schema\\\/logo\\\/image\\\/\"},\"sameAs\":[\"https:\\\/\\\/www.facebook.com\\\/relaisgourmet\\\/\",\"https:\\\/\\\/x.com\\\/relaisgourmet64\",\"https:\\\/\\\/www.instagram.com\\\/relaisgourmetofficiel\",\"https:\\\/\\\/www.pinterest.fr\\\/relaisgourmet\\\/\"],\"email\":\"yaqueche@relaisgourmet.com\",\"telephone\":\"+33 0 5 40 07 07 65\",\"legalName\":\"Relais Gourmet\",\"vatID\":\"FR13482415015\",\"taxID\":\"482415015\"}]}<\/script>\n<!-- \/ Yoast SEO Premium plugin. -->","yoast_head_json":{"title":"Turron aux Cacahuettes Artisanal | Relais Gourmet","description":"Erdnuss-Turron: ein knuspriges Vergn\u00fcgen, perfekt zum Kaffee oder Dessert.","robots":{"index":"index","follow":"follow","max-snippet":"max-snippet:-1","max-image-preview":"max-image-preview:large","max-video-preview":"max-video-preview:-1"},"canonical":"https:\/\/relaisgourmet.com\/de\/produkt\/peanut-turron-hart-extra\/","og_locale":"de_DE","og_type":"article","og_title":"Peanut Turron (Hart) Extra","og_description":"Erdnuss-Honig-Turron ist knusprig und hat einen unverwechselbaren Geschmack, der von allen sehr gesch\u00e4tzt wird. Maria Simonas Erdnuss-Turron wird nach dem traditionellen Rezept hergestellt. Wir verwenden nur die hochwertigsten spanischen Zutaten.","og_url":"https:\/\/relaisgourmet.com\/de\/produkt\/peanut-turron-hart-extra\/","og_site_name":"Relais Gourmet","article_publisher":"https:\/\/www.facebook.com\/relaisgourmet\/","article_modified_time":"2026-04-01T23:20:28+00:00","og_image":[{"width":600,"height":600,"url":"https:\/\/relaisgourmet.com\/wp-content\/uploads\/2026\/03\/Cacahuete-1.jpg","type":"image\/jpeg"}],"twitter_card":"summary_large_image","twitter_site":"@relaisgourmet64","twitter_misc":{"Gesch\u00e4tzte Lesezeit":"2\u00a0Minute"},"schema":{"@context":"https:\/\/schema.org","@graph":[{"@type":"WebPage","@id":"https:\/\/relaisgourmet.com\/de\/produkt\/peanut-turron-hart-extra\/","url":"https:\/\/relaisgourmet.com\/de\/produkt\/peanut-turron-hart-extra\/","name":"Turron aux Cacahuettes Artisanal | Relais Gourmet","isPartOf":{"@id":"https:\/\/relaisgourmet.com\/de\/#website"},"primaryImageOfPage":{"@id":"https:\/\/relaisgourmet.com\/de\/produkt\/peanut-turron-hart-extra\/#primaryimage"},"image":{"@id":"https:\/\/relaisgourmet.com\/de\/produkt\/peanut-turron-hart-extra\/#primaryimage"},"thumbnailUrl":"https:\/\/relaisgourmet.com\/wp-content\/uploads\/2026\/03\/Cacahuete-1.jpg","datePublished":"2026-03-10T12:25:11+00:00","dateModified":"2026-04-01T23:20:28+00:00","description":"Erdnuss-Turron: ein knuspriges Vergn\u00fcgen, perfekt zum Kaffee oder Dessert.","breadcrumb":{"@id":"https:\/\/relaisgourmet.com\/de\/produkt\/peanut-turron-hart-extra\/#breadcrumb"},"inLanguage":"de","potentialAction":[{"@type":"ReadAction","target":["https:\/\/relaisgourmet.com\/de\/produkt\/peanut-turron-hart-extra\/"]}]},{"@type":"ImageObject","inLanguage":"de","@id":"https:\/\/relaisgourmet.com\/de\/produkt\/peanut-turron-hart-extra\/#primaryimage","url":"https:\/\/relaisgourmet.com\/wp-content\/uploads\/2026\/03\/Cacahuete-1.jpg","contentUrl":"https:\/\/relaisgourmet.com\/wp-content\/uploads\/2026\/03\/Cacahuete-1.jpg","width":600,"height":600},{"@type":"BreadcrumbList","@id":"https:\/\/relaisgourmet.com\/de\/produkt\/peanut-turron-hart-extra\/#breadcrumb","itemListElement":[{"@type":"ListItem","position":1,"name":"Startseite","item":"https:\/\/relaisgourmet.com\/de\/startseite\/"},{"@type":"ListItem","position":2,"name":"Alle unsere Produkte","item":"https:\/\/relaisgourmet.com\/de\/shop\/"},{"@type":"ListItem","position":3,"name":"Peanut Turron (Hart) Extra"}]},{"@type":"WebSite","@id":"https:\/\/relaisgourmet.com\/de\/#website","url":"https:\/\/relaisgourmet.com\/de\/","name":"Relais Gourmet","description":"Foie Gras 100% Fran\u00e7ais","publisher":{"@id":"https:\/\/relaisgourmet.com\/de\/#organization"},"potentialAction":[{"@type":"SearchAction","target":{"@type":"EntryPoint","urlTemplate":"https:\/\/relaisgourmet.com\/de\/?s={search_term_string}"},"query-input":{"@type":"PropertyValueSpecification","valueRequired":true,"valueName":"search_term_string"}}],"inLanguage":"de"},{"@type":"Organization","@id":"https:\/\/relaisgourmet.com\/de\/#organization","name":"Relais Gourmet","url":"https:\/\/relaisgourmet.com\/de\/","logo":{"@type":"ImageObject","inLanguage":"de","@id":"https:\/\/relaisgourmet.com\/de\/#\/schema\/logo\/image\/","url":"https:\/\/relaisgourmet.com\/wp-content\/uploads\/2026\/03\/yoast-logo-2-relais-gourmet-.png","contentUrl":"https:\/\/relaisgourmet.com\/wp-content\/uploads\/2026\/03\/yoast-logo-2-relais-gourmet-.png","width":1200,"height":675,"caption":"Relais Gourmet"},"image":{"@id":"https:\/\/relaisgourmet.com\/de\/#\/schema\/logo\/image\/"},"sameAs":["https:\/\/www.facebook.com\/relaisgourmet\/","https:\/\/x.com\/relaisgourmet64","https:\/\/www.instagram.com\/relaisgourmetofficiel","https:\/\/www.pinterest.fr\/relaisgourmet\/"],"email":"yaqueche@relaisgourmet.com","telephone":"+33 0 5 40 07 07 65","legalName":"Relais Gourmet","vatID":"FR13482415015","taxID":"482415015"}]}},"_links":{"self":[{"href":"https:\/\/relaisgourmet.com\/de\/wp-json\/wp\/v2\/product\/64692","targetHints":{"allow":["GET"]}}],"collection":[{"href":"https:\/\/relaisgourmet.com\/de\/wp-json\/wp\/v2\/product"}],"about":[{"href":"https:\/\/relaisgourmet.com\/de\/wp-json\/wp\/v2\/types\/product"}],"replies":[{"embeddable":true,"href":"https:\/\/relaisgourmet.com\/de\/wp-json\/wp\/v2\/comments?post=64692"}],"wp:featuredmedia":[{"embeddable":true,"href":"https:\/\/relaisgourmet.com\/de\/wp-json\/wp\/v2\/media\/64693"}],"wp:attachment":[{"href":"https:\/\/relaisgourmet.com\/de\/wp-json\/wp\/v2\/media?parent=64692"}],"wp:term":[{"taxonomy":"product_brand","embeddable":true,"href":"https:\/\/relaisgourmet.com\/de\/wp-json\/wp\/v2\/product_brand?post=64692"},{"taxonomy":"product_cat","embeddable":true,"href":"https:\/\/relaisgourmet.com\/de\/wp-json\/wp\/v2\/product_cat?post=64692"},{"taxonomy":"product_tag","embeddable":true,"href":"https:\/\/relaisgourmet.com\/de\/wp-json\/wp\/v2\/product_tag?post=64692"},{"taxonomy":"giftcard-category","embeddable":true,"href":"https:\/\/relaisgourmet.com\/de\/wp-json\/wp\/v2\/giftcard-category?post=64692"}],"curies":[{"name":"wp","href":"https:\/\/api.w.org\/{rel}","templated":true}]}}