{"id":64677,"date":"2026-03-10T12:24:48","date_gmt":"2026-03-10T12:24:48","guid":{"rendered":"https:\/\/strange-jennings.213-136-85-46.plesk.page\/product\/turron-mit-sahne-und-walnuessen-weich\/"},"modified":"2026-04-01T23:20:08","modified_gmt":"2026-04-01T23:20:08","slug":"turron-mit-sahne-und-walnuessen-weich","status":"publish","type":"product","link":"https:\/\/relaisgourmet.com\/de\/produkt\/turron-mit-sahne-und-walnuessen-weich\/","title":{"rendered":"Turron mit Sahne und Waln\u00fcssen (weich)"},"content":{"rendered":"<h2><strong>Der Turr\u00f3n mit Sahne und Waln\u00fcssen von Maria Simona wird nach einem traditionellen Rezept hergestellt:<\/strong><\/h2>\n<p><strong>Nettogewicht:<\/strong> 200 g<\/p>\n<h2><strong>Haltbarkeitsdauer :<\/strong><\/h2>\n<p>Mindestens 6 Monate. An einem k\u00fchlen, trockenen Ort aufbewahren, der vor Licht und Feuchtigkeit gesch\u00fctzt ist. Nach dem \u00d6ffnen im K\u00fchlschrank aufbewahren.  <\/p>\n<h2><strong>Zutaten :<\/strong><\/h2>\n<p>Zucker, Mandeln, Waln\u00fcsse (7%), Vollmilchpulver 5%, Konservierungsmittel (Sorbins\u00e4ure E-200) und Sahnearoma. Kann Spuren von Ei enthalten. <\/p>\n<p>Dieses Produkt ist glutenfrei und daher f\u00fcr Z\u00f6liakiepatienten geeignet.<\/p>\n<h2>Waln\u00fcsse, die Dr\u00fcsen des Jupiters<\/h2>\n<p>Waln\u00fcsse sind eine sehr wichtige Schalenfrucht f\u00fcr Spanien. Obwohl eine Variante in ganz Europa angebaut wird, ist es in der Tat nicht ungew\u00f6hnlich, sie als &#8222;Spanische Walnuss&#8220; oder &#8222;Kastilische Walnuss&#8220; zu bezeichnen. Obwohl es mehr als wahrscheinlich ist, dass diese Nuss durch die griechische Eroberung mit den Persern nach Europa kam, die legend\u00e4r Alexander dem Gro\u00dfen zugeschrieben wird, war es zweifellos das R\u00f6mische Reich, das ihren Anbau in Spanien und auf dem Rest des Kontinents einf\u00fchrte.  <\/p>\n<p>In der griechisch-r\u00f6mischen Kultur wurde die Walnuss als ein Nahrungsmittel angesehen, das den G\u00f6ttern w\u00fcrdig war. Die Griechen nannten sie treffend &#8222;Samen Gottes&#8220;, und die R\u00f6mer nannten sie &#8222;Dr\u00fcsen des Jupiter&#8220; (das r\u00f6mische \u00c4quivalent zu Zeus). Quelle von Vitamin B und C, Omega 3, Fols\u00e4ure, Phosphor, Magnesium und Kalzium, was die unvergleichliche Qualit\u00e4t dieses Nahrungsmittels beweist.  <\/p>\n<p>Die spanische Walnuss ist zweifellos der Star des Sahne-Nuss-Nougats, obwohl der Turron-Teig immer k\u00f6stliche Mandeln verwendet, was dieses Dessert zu einem Cocktail aus Vitaminen und Mineralstoffen macht.<\/p>\n<p>Alle unsere Tipps zur Vorbereitung finden Sie auf <a href=\"https:\/\/mariasimona.com\/\">der Website von Maria Simona<\/a>.<\/p>\n<p>Besuchen Sie unseren Blog, um <a href=\"https:\/\/mariasimona.com\/recetas\/\">unsere k\u00f6stlichen Rezepte<\/a> zu entdecken.<\/p>\n<p>Und warum lassen Sie sich als Vorspeise nicht von <a href=\"https:\/\/epic-varahamihira.207-180-195-93.plesk.page\/\">den k\u00f6stlichen Foies Gras von Relais Gourmet <\/a> verf\u00fchren?<\/p>\n","protected":false},"excerpt":{"rendered":"<p>Turron mit Sahne und Waln\u00fcssen ist eine der Spezialit\u00e4ten, die jedermann liebt. Er hat einen sehr milden Geschmack und ist genau richtig ges\u00fc\u00dft, da die Bitterkeit der Waln\u00fcsse mit dem Zucker und den Mandeln kontrastiert. Eine der traditionellsten Geschmacksrichtungen, die seit Jahrzehnten hergestellt wird.  <\/p>\n<p>Der Turron mit Sahne und Waln\u00fcssen von Maria Simona wird nach <a href=\"https:\/\/mariasimona.com\/comment-faire-les-turrons\/\">einem traditionellen Rezept<\/a> hergestellt.<\/p>\n<p>Wir verwenden ausschlie\u00dflich spanische Zutaten von h\u00f6chster Qualit\u00e4t.<\/p>\n<p><strong>Nettogewicht: 200 g  <\/strong><\/p>\n","protected":false},"featured_media":64678,"comment_status":"closed","ping_status":"closed","template":"","meta":{"_iconic_wsb_product_page_order_bump_ids":[],"_sku":["K7-ILWS-43N0"],"_iconic_wsb_product_page_bump_modal_ids":[]},"product_brand":[],"product_cat":[1670],"product_tag":[],"giftcard-category":[],"class_list":{"0":"post-64677","1":"product","2":"type-product","3":"status-publish","4":"has-post-thumbnail","6":"product_cat-spanische-turrons","7":"product_shipping_class-standard","9":"first","10":"instock","11":"taxable","12":"shipping-taxable","13":"purchasable","14":"product-type-simple"},"yoast_head":"<!-- This site is optimized with the Yoast SEO Premium plugin v27.3 (Yoast SEO v27.3) - https:\/\/yoast.com\/product\/yoast-seo-premium-wordpress\/ -->\n<title>Turron Creme &amp; Walnuss (Mou) | Relais Gourmet<\/title>\n<meta name=\"description\" content=\"Weicher Turron mit Sahne und Waln\u00fcssen: ein zartes und schmelzendes Rezept mit dem authentischen Geschmack von Trockenfr\u00fcchten.\" \/>\n<meta name=\"robots\" content=\"index, follow, max-snippet:-1, max-image-preview:large, max-video-preview:-1\" \/>\n<link rel=\"canonical\" href=\"https:\/\/relaisgourmet.com\/de\/produkt\/turron-mit-sahne-und-walnuessen-weich\/\" \/>\n<meta property=\"og:locale\" content=\"de_DE\" \/>\n<meta property=\"og:type\" content=\"article\" \/>\n<meta property=\"og:title\" content=\"Turron mit Sahne und Waln\u00fcssen (weich)\" \/>\n<meta property=\"og:description\" content=\"Turron mit Sahne und Waln\u00fcssen ist eine der Spezialit\u00e4ten, die jedermann liebt. Er hat einen sehr milden Geschmack und ist genau richtig ges\u00fc\u00dft, da die Bitterkeit der Waln\u00fcsse mit dem Zucker und den Mandeln kontrastiert. Eine der traditionellsten Geschmacksrichtungen, die seit Jahrzehnten hergestellt wird.  Der Turron mit Sahne und Waln\u00fcssen von Maria Simona wird nach einem traditionellen Rezept hergestellt. Wir verwenden ausschlie\u00dflich spanische Zutaten von h\u00f6chster Qualit\u00e4t. Nettogewicht: 200 g\" \/>\n<meta property=\"og:url\" content=\"https:\/\/relaisgourmet.com\/de\/produkt\/turron-mit-sahne-und-walnuessen-weich\/\" \/>\n<meta property=\"og:site_name\" content=\"Relais Gourmet\" \/>\n<meta property=\"article:publisher\" content=\"https:\/\/www.facebook.com\/relaisgourmet\/\" \/>\n<meta property=\"article:modified_time\" content=\"2026-04-01T23:20:08+00:00\" \/>\n<meta property=\"og:image\" content=\"https:\/\/relaisgourmet.com\/wp-content\/uploads\/2026\/03\/Nata-y-Nueces-1.jpg\" \/>\n\t<meta property=\"og:image:width\" content=\"600\" \/>\n\t<meta property=\"og:image:height\" content=\"600\" \/>\n\t<meta property=\"og:image:type\" content=\"image\/jpeg\" \/>\n<meta name=\"twitter:card\" content=\"summary_large_image\" \/>\n<meta name=\"twitter:site\" content=\"@relaisgourmet64\" \/>\n<meta name=\"twitter:label1\" content=\"Gesch\u00e4tzte Lesezeit\" \/>\n\t<meta name=\"twitter:data1\" content=\"1\u00a0Minute\" \/>\n<script type=\"application\/ld+json\" class=\"yoast-schema-graph\">{\"@context\":\"https:\\\/\\\/schema.org\",\"@graph\":[{\"@type\":\"WebPage\",\"@id\":\"https:\\\/\\\/relaisgourmet.com\\\/de\\\/produkt\\\/turron-mit-sahne-und-walnuessen-weich\\\/\",\"url\":\"https:\\\/\\\/relaisgourmet.com\\\/de\\\/produkt\\\/turron-mit-sahne-und-walnuessen-weich\\\/\",\"name\":\"Turron Creme & Walnuss (Mou) | Relais Gourmet\",\"isPartOf\":{\"@id\":\"https:\\\/\\\/relaisgourmet.com\\\/de\\\/#website\"},\"primaryImageOfPage\":{\"@id\":\"https:\\\/\\\/relaisgourmet.com\\\/de\\\/produkt\\\/turron-mit-sahne-und-walnuessen-weich\\\/#primaryimage\"},\"image\":{\"@id\":\"https:\\\/\\\/relaisgourmet.com\\\/de\\\/produkt\\\/turron-mit-sahne-und-walnuessen-weich\\\/#primaryimage\"},\"thumbnailUrl\":\"https:\\\/\\\/relaisgourmet.com\\\/wp-content\\\/uploads\\\/2026\\\/03\\\/Nata-y-Nueces-1.jpg\",\"datePublished\":\"2026-03-10T12:24:48+00:00\",\"dateModified\":\"2026-04-01T23:20:08+00:00\",\"description\":\"Weicher Turron mit Sahne und Waln\u00fcssen: ein zartes und schmelzendes Rezept mit dem authentischen Geschmack von Trockenfr\u00fcchten.\",\"breadcrumb\":{\"@id\":\"https:\\\/\\\/relaisgourmet.com\\\/de\\\/produkt\\\/turron-mit-sahne-und-walnuessen-weich\\\/#breadcrumb\"},\"inLanguage\":\"de\",\"potentialAction\":[{\"@type\":\"ReadAction\",\"target\":[\"https:\\\/\\\/relaisgourmet.com\\\/de\\\/produkt\\\/turron-mit-sahne-und-walnuessen-weich\\\/\"]}]},{\"@type\":\"ImageObject\",\"inLanguage\":\"de\",\"@id\":\"https:\\\/\\\/relaisgourmet.com\\\/de\\\/produkt\\\/turron-mit-sahne-und-walnuessen-weich\\\/#primaryimage\",\"url\":\"https:\\\/\\\/relaisgourmet.com\\\/wp-content\\\/uploads\\\/2026\\\/03\\\/Nata-y-Nueces-1.jpg\",\"contentUrl\":\"https:\\\/\\\/relaisgourmet.com\\\/wp-content\\\/uploads\\\/2026\\\/03\\\/Nata-y-Nueces-1.jpg\",\"width\":600,\"height\":600},{\"@type\":\"BreadcrumbList\",\"@id\":\"https:\\\/\\\/relaisgourmet.com\\\/de\\\/produkt\\\/turron-mit-sahne-und-walnuessen-weich\\\/#breadcrumb\",\"itemListElement\":[{\"@type\":\"ListItem\",\"position\":1,\"name\":\"Startseite\",\"item\":\"https:\\\/\\\/relaisgourmet.com\\\/de\\\/startseite\\\/\"},{\"@type\":\"ListItem\",\"position\":2,\"name\":\"Alle unsere Produkte\",\"item\":\"https:\\\/\\\/relaisgourmet.com\\\/de\\\/shop\\\/\"},{\"@type\":\"ListItem\",\"position\":3,\"name\":\"Turron mit Sahne und Waln\u00fcssen (weich)\"}]},{\"@type\":\"WebSite\",\"@id\":\"https:\\\/\\\/relaisgourmet.com\\\/de\\\/#website\",\"url\":\"https:\\\/\\\/relaisgourmet.com\\\/de\\\/\",\"name\":\"Relais Gourmet\",\"description\":\"Foie Gras 100% Fran\u00e7ais\",\"publisher\":{\"@id\":\"https:\\\/\\\/relaisgourmet.com\\\/de\\\/#organization\"},\"potentialAction\":[{\"@type\":\"SearchAction\",\"target\":{\"@type\":\"EntryPoint\",\"urlTemplate\":\"https:\\\/\\\/relaisgourmet.com\\\/de\\\/?s={search_term_string}\"},\"query-input\":{\"@type\":\"PropertyValueSpecification\",\"valueRequired\":true,\"valueName\":\"search_term_string\"}}],\"inLanguage\":\"de\"},{\"@type\":\"Organization\",\"@id\":\"https:\\\/\\\/relaisgourmet.com\\\/de\\\/#organization\",\"name\":\"Relais Gourmet\",\"url\":\"https:\\\/\\\/relaisgourmet.com\\\/de\\\/\",\"logo\":{\"@type\":\"ImageObject\",\"inLanguage\":\"de\",\"@id\":\"https:\\\/\\\/relaisgourmet.com\\\/de\\\/#\\\/schema\\\/logo\\\/image\\\/\",\"url\":\"https:\\\/\\\/relaisgourmet.com\\\/wp-content\\\/uploads\\\/2026\\\/03\\\/yoast-logo-2-relais-gourmet-.png\",\"contentUrl\":\"https:\\\/\\\/relaisgourmet.com\\\/wp-content\\\/uploads\\\/2026\\\/03\\\/yoast-logo-2-relais-gourmet-.png\",\"width\":1200,\"height\":675,\"caption\":\"Relais Gourmet\"},\"image\":{\"@id\":\"https:\\\/\\\/relaisgourmet.com\\\/de\\\/#\\\/schema\\\/logo\\\/image\\\/\"},\"sameAs\":[\"https:\\\/\\\/www.facebook.com\\\/relaisgourmet\\\/\",\"https:\\\/\\\/x.com\\\/relaisgourmet64\",\"https:\\\/\\\/www.instagram.com\\\/relaisgourmetofficiel\",\"https:\\\/\\\/www.pinterest.fr\\\/relaisgourmet\\\/\"],\"email\":\"yaqueche@relaisgourmet.com\",\"telephone\":\"+33 0 5 40 07 07 65\",\"legalName\":\"Relais Gourmet\",\"vatID\":\"FR13482415015\",\"taxID\":\"482415015\"}]}<\/script>\n<!-- \/ Yoast SEO Premium plugin. -->","yoast_head_json":{"title":"Turron Creme & Walnuss (Mou) | Relais Gourmet","description":"Weicher Turron mit Sahne und Waln\u00fcssen: ein zartes und schmelzendes Rezept mit dem authentischen Geschmack von Trockenfr\u00fcchten.","robots":{"index":"index","follow":"follow","max-snippet":"max-snippet:-1","max-image-preview":"max-image-preview:large","max-video-preview":"max-video-preview:-1"},"canonical":"https:\/\/relaisgourmet.com\/de\/produkt\/turron-mit-sahne-und-walnuessen-weich\/","og_locale":"de_DE","og_type":"article","og_title":"Turron mit Sahne und Waln\u00fcssen (weich)","og_description":"Turron mit Sahne und Waln\u00fcssen ist eine der Spezialit\u00e4ten, die jedermann liebt. Er hat einen sehr milden Geschmack und ist genau richtig ges\u00fc\u00dft, da die Bitterkeit der Waln\u00fcsse mit dem Zucker und den Mandeln kontrastiert. Eine der traditionellsten Geschmacksrichtungen, die seit Jahrzehnten hergestellt wird.  Der Turron mit Sahne und Waln\u00fcssen von Maria Simona wird nach einem traditionellen Rezept hergestellt. Wir verwenden ausschlie\u00dflich spanische Zutaten von h\u00f6chster Qualit\u00e4t. Nettogewicht: 200 g","og_url":"https:\/\/relaisgourmet.com\/de\/produkt\/turron-mit-sahne-und-walnuessen-weich\/","og_site_name":"Relais Gourmet","article_publisher":"https:\/\/www.facebook.com\/relaisgourmet\/","article_modified_time":"2026-04-01T23:20:08+00:00","og_image":[{"width":600,"height":600,"url":"https:\/\/relaisgourmet.com\/wp-content\/uploads\/2026\/03\/Nata-y-Nueces-1.jpg","type":"image\/jpeg"}],"twitter_card":"summary_large_image","twitter_site":"@relaisgourmet64","twitter_misc":{"Gesch\u00e4tzte Lesezeit":"1\u00a0Minute"},"schema":{"@context":"https:\/\/schema.org","@graph":[{"@type":"WebPage","@id":"https:\/\/relaisgourmet.com\/de\/produkt\/turron-mit-sahne-und-walnuessen-weich\/","url":"https:\/\/relaisgourmet.com\/de\/produkt\/turron-mit-sahne-und-walnuessen-weich\/","name":"Turron Creme & Walnuss (Mou) | Relais Gourmet","isPartOf":{"@id":"https:\/\/relaisgourmet.com\/de\/#website"},"primaryImageOfPage":{"@id":"https:\/\/relaisgourmet.com\/de\/produkt\/turron-mit-sahne-und-walnuessen-weich\/#primaryimage"},"image":{"@id":"https:\/\/relaisgourmet.com\/de\/produkt\/turron-mit-sahne-und-walnuessen-weich\/#primaryimage"},"thumbnailUrl":"https:\/\/relaisgourmet.com\/wp-content\/uploads\/2026\/03\/Nata-y-Nueces-1.jpg","datePublished":"2026-03-10T12:24:48+00:00","dateModified":"2026-04-01T23:20:08+00:00","description":"Weicher Turron mit Sahne und Waln\u00fcssen: ein zartes und schmelzendes Rezept mit dem authentischen Geschmack von Trockenfr\u00fcchten.","breadcrumb":{"@id":"https:\/\/relaisgourmet.com\/de\/produkt\/turron-mit-sahne-und-walnuessen-weich\/#breadcrumb"},"inLanguage":"de","potentialAction":[{"@type":"ReadAction","target":["https:\/\/relaisgourmet.com\/de\/produkt\/turron-mit-sahne-und-walnuessen-weich\/"]}]},{"@type":"ImageObject","inLanguage":"de","@id":"https:\/\/relaisgourmet.com\/de\/produkt\/turron-mit-sahne-und-walnuessen-weich\/#primaryimage","url":"https:\/\/relaisgourmet.com\/wp-content\/uploads\/2026\/03\/Nata-y-Nueces-1.jpg","contentUrl":"https:\/\/relaisgourmet.com\/wp-content\/uploads\/2026\/03\/Nata-y-Nueces-1.jpg","width":600,"height":600},{"@type":"BreadcrumbList","@id":"https:\/\/relaisgourmet.com\/de\/produkt\/turron-mit-sahne-und-walnuessen-weich\/#breadcrumb","itemListElement":[{"@type":"ListItem","position":1,"name":"Startseite","item":"https:\/\/relaisgourmet.com\/de\/startseite\/"},{"@type":"ListItem","position":2,"name":"Alle unsere Produkte","item":"https:\/\/relaisgourmet.com\/de\/shop\/"},{"@type":"ListItem","position":3,"name":"Turron mit Sahne und Waln\u00fcssen (weich)"}]},{"@type":"WebSite","@id":"https:\/\/relaisgourmet.com\/de\/#website","url":"https:\/\/relaisgourmet.com\/de\/","name":"Relais Gourmet","description":"Foie Gras 100% Fran\u00e7ais","publisher":{"@id":"https:\/\/relaisgourmet.com\/de\/#organization"},"potentialAction":[{"@type":"SearchAction","target":{"@type":"EntryPoint","urlTemplate":"https:\/\/relaisgourmet.com\/de\/?s={search_term_string}"},"query-input":{"@type":"PropertyValueSpecification","valueRequired":true,"valueName":"search_term_string"}}],"inLanguage":"de"},{"@type":"Organization","@id":"https:\/\/relaisgourmet.com\/de\/#organization","name":"Relais Gourmet","url":"https:\/\/relaisgourmet.com\/de\/","logo":{"@type":"ImageObject","inLanguage":"de","@id":"https:\/\/relaisgourmet.com\/de\/#\/schema\/logo\/image\/","url":"https:\/\/relaisgourmet.com\/wp-content\/uploads\/2026\/03\/yoast-logo-2-relais-gourmet-.png","contentUrl":"https:\/\/relaisgourmet.com\/wp-content\/uploads\/2026\/03\/yoast-logo-2-relais-gourmet-.png","width":1200,"height":675,"caption":"Relais Gourmet"},"image":{"@id":"https:\/\/relaisgourmet.com\/de\/#\/schema\/logo\/image\/"},"sameAs":["https:\/\/www.facebook.com\/relaisgourmet\/","https:\/\/x.com\/relaisgourmet64","https:\/\/www.instagram.com\/relaisgourmetofficiel","https:\/\/www.pinterest.fr\/relaisgourmet\/"],"email":"yaqueche@relaisgourmet.com","telephone":"+33 0 5 40 07 07 65","legalName":"Relais Gourmet","vatID":"FR13482415015","taxID":"482415015"}]}},"_links":{"self":[{"href":"https:\/\/relaisgourmet.com\/de\/wp-json\/wp\/v2\/product\/64677","targetHints":{"allow":["GET"]}}],"collection":[{"href":"https:\/\/relaisgourmet.com\/de\/wp-json\/wp\/v2\/product"}],"about":[{"href":"https:\/\/relaisgourmet.com\/de\/wp-json\/wp\/v2\/types\/product"}],"replies":[{"embeddable":true,"href":"https:\/\/relaisgourmet.com\/de\/wp-json\/wp\/v2\/comments?post=64677"}],"wp:featuredmedia":[{"embeddable":true,"href":"https:\/\/relaisgourmet.com\/de\/wp-json\/wp\/v2\/media\/64678"}],"wp:attachment":[{"href":"https:\/\/relaisgourmet.com\/de\/wp-json\/wp\/v2\/media?parent=64677"}],"wp:term":[{"taxonomy":"product_brand","embeddable":true,"href":"https:\/\/relaisgourmet.com\/de\/wp-json\/wp\/v2\/product_brand?post=64677"},{"taxonomy":"product_cat","embeddable":true,"href":"https:\/\/relaisgourmet.com\/de\/wp-json\/wp\/v2\/product_cat?post=64677"},{"taxonomy":"product_tag","embeddable":true,"href":"https:\/\/relaisgourmet.com\/de\/wp-json\/wp\/v2\/product_tag?post=64677"},{"taxonomy":"giftcard-category","embeddable":true,"href":"https:\/\/relaisgourmet.com\/de\/wp-json\/wp\/v2\/giftcard-category?post=64677"}],"curies":[{"name":"wp","href":"https:\/\/api.w.org\/{rel}","templated":true}]}}