{"id":64667,"date":"2026-03-10T12:24:48","date_gmt":"2026-03-10T12:24:48","guid":{"rendered":"https:\/\/strange-jennings.213-136-85-46.plesk.page\/product\/turron-de-guirlache-hart-mit-karamell\/"},"modified":"2026-04-01T23:20:24","modified_gmt":"2026-04-01T23:20:24","slug":"turron-de-guirlache-hart-mit-karamell","status":"publish","type":"product","link":"https:\/\/relaisgourmet.com\/de\/produkt\/turron-de-guirlache-hart-mit-karamell\/","title":{"rendered":"Turron de Guirlache (hart) (mit Karamell)"},"content":{"rendered":"<h2><strong>Die Herstellung von Maria Simonas Guirlache-Turron folgt dem traditionellen Rezept.<\/strong><\/h2>\n<p><strong>Nettogewicht: <\/strong>200 g<\/p>\n<h3><strong>Aufbewahrungsdauer  <\/strong><\/h3>\n<p>Mindestens 9 Monate. Sobald es ge\u00f6ffnet ist, lagern Sie an einem trockenen Ort. <\/p>\n<h3><strong>Zutaten  <\/strong><\/h3>\n<p>60 % ger\u00f6stete Mandeln, Zucker, Glukosesirup, Honig und Waffeln (Kartoffelst\u00e4rke und Sonnenblumen\u00f6l). Kann Spuren von Ei, Erdnuss, Sesam und Haselnuss enthalten. <\/p>\n<p>Dieses Produkt ist glutenfrei und daher f\u00fcr Z\u00f6liakiepatienten geeignet.<\/p>\n<h3>Der Turron von Guirlache, der Turron von Aragon:<\/h3>\n<p>Es gibt den weichen Turron von Jijona, den harten Turron von Alicante und den Turron von Guirlarche oder Turron von Aragon.<\/p>\n<p>Obwohl Guirlache haupts\u00e4chlich in den Regionen Aragon, Katalonien und Valencia heimisch ist, scheint der Name merkw\u00fcrdigerweise franz\u00f6sischen Ursprungs zu sein. Sein Name stammt vom franz\u00f6sischen Wort &#8222;Grillage&#8220;, in Anspielung auf die Art und Weise, wie Mandeln ger\u00f6stet werden. Der Name wurde wahrscheinlich im 19. Jahrhundert von den Franzosen im aragonischen Gebiet w\u00e4hrend der napoleonischen Invasion verbreitet.  <\/p>\n<p>Obwohl es viele Varianten des Rezepts gibt, ist eine der einflussreichsten die des aragonesischen Astronomen Teodoro Bardaj\u00ed, der diese Region mit seinem Rezept f\u00fcr Guirlarche de Zaragoza bereichert hat.<\/p>\n<div class=\"elementor-element elementor-element-3bd55bcc elementor-widget elementor-widget-woocommerce-product-data-tabs\" data-id=\"3bd55bcc\" data-element_type=\"widget\" data-widget_type=\"woocommerce-product-data-tabs.default\">\n<div class=\"elementor-widget-container\">\n<div class=\"woocommerce-tabs wc-tabs-wrapper\">\n<div id=\"tab-description\" class=\"woocommerce-Tabs-panel woocommerce-Tabs-panel--description panel entry-content wc-tab\" role=\"tabpanel\" aria-labelledby=\"tab-title-description\">\n<p>Alle unsere Vorbereitungstipps finden Sie auf <a href=\"https:\/\/mariasimona.com\/\">Maria Simonas Website<\/a>.<\/p>\n<p>Besuchen Sie gerne unseren Blog, um all <a href=\"https:\/\/mariasimona.com\/recetas\/\">unsere k\u00f6stlichen Rezepte<\/a> zu entdecken.<\/p>\n<p>Zum Schluss: Warum l\u00e4sst du dich nicht von <a href=\"https:\/\/epic-varahamihira.207-180-195-93.plesk.page\/\">den k\u00f6stlichen Relais Gourmet Foies Gras <\/a> verf\u00fchren?<\/p>\n<\/div>\n<\/div>\n<\/div>\n<\/div>\n<div class=\"elementor-element elementor-element-24e6620f elementor-product-loop-item--align-center elementor-grid-4 elementor-grid-tablet-3 elementor-grid-mobile-2 elementor-products-grid elementor-wc-products show-heading-yes elementor-widget elementor-widget-woocommerce-product-related\" data-id=\"24e6620f\" data-element_type=\"widget\" data-widget_type=\"woocommerce-product-related.default\">\n<div class=\"elementor-widget-container\"><\/div>\n<\/div>\n","protected":false},"excerpt":{"rendered":"<p>Guirlache ist eine traditionelle Delikatesse, die typisch f\u00fcr die spanische Gastronomie ist und mit Mandeln und festem Karamell zubereitet wird. Es ist eine knusprige Textur aus Mandeln und Karamell, die auf der Zunge schmilzt und ein gro\u00dfer Erfolg f\u00fcr die Feinschmecker im Haus ist. <\/p>\n<p>Der Turron von Guirlache de Maria Simona wird nach<a href=\"https:\/\/mariasimona.com\/comment-faire-les-turrons\/\"> dem traditionellen Rezept hergestellt.<\/a><\/p>\n<p>Wir verwenden ausschlie\u00dflich hochwertige spanische Zutaten.<\/p>\n","protected":false},"featured_media":64669,"comment_status":"closed","ping_status":"closed","template":"","meta":{"_iconic_wsb_product_page_order_bump_ids":[],"_sku":["3510000337848"],"_iconic_wsb_product_page_bump_modal_ids":[]},"product_brand":[],"product_cat":[1670],"product_tag":[],"giftcard-category":[],"class_list":{"0":"post-64667","1":"product","2":"type-product","3":"status-publish","4":"has-post-thumbnail","6":"product_cat-spanische-turrons","7":"product_shipping_class-standard","9":"first","10":"instock","11":"taxable","12":"shipping-taxable","13":"purchasable","14":"product-type-simple"},"yoast_head":"<!-- This site is optimized with the Yoast SEO Premium plugin v27.3 (Yoast SEO v27.3) - https:\/\/yoast.com\/product\/yoast-seo-premium-wordpress\/ -->\n<title>Caramel Guirlache Turron (Hart) | Relais Gourmet<\/title>\n<meta name=\"description\" content=\"Harter Turron von Guirlache mit Karamell: eine knusprige Delikatesse mit karamellisierten Mandelchips.\" \/>\n<meta name=\"robots\" content=\"index, follow, max-snippet:-1, max-image-preview:large, max-video-preview:-1\" \/>\n<link rel=\"canonical\" href=\"https:\/\/relaisgourmet.com\/de\/produkt\/turron-de-guirlache-hart-mit-karamell\/\" \/>\n<meta property=\"og:locale\" content=\"de_DE\" \/>\n<meta property=\"og:type\" content=\"article\" \/>\n<meta property=\"og:title\" content=\"Turron de Guirlache (hart) (mit Karamell)\" \/>\n<meta property=\"og:description\" content=\"Guirlache ist eine traditionelle Delikatesse, die typisch f\u00fcr die spanische Gastronomie ist und mit Mandeln und festem Karamell zubereitet wird. Es ist eine knusprige Textur aus Mandeln und Karamell, die auf der Zunge schmilzt und ein gro\u00dfer Erfolg f\u00fcr die Feinschmecker im Haus ist.  Der Turron von Guirlache de Maria Simona wird nach dem traditionellen Rezept hergestellt. Wir verwenden ausschlie\u00dflich hochwertige spanische Zutaten.\" \/>\n<meta property=\"og:url\" content=\"https:\/\/relaisgourmet.com\/de\/produkt\/turron-de-guirlache-hart-mit-karamell\/\" \/>\n<meta property=\"og:site_name\" content=\"Relais Gourmet\" \/>\n<meta property=\"article:publisher\" content=\"https:\/\/www.facebook.com\/relaisgourmet\/\" \/>\n<meta property=\"article:modified_time\" content=\"2026-04-01T23:20:24+00:00\" \/>\n<meta property=\"og:image\" content=\"https:\/\/relaisgourmet.com\/wp-content\/uploads\/2026\/03\/Guirlache-1.jpg\" \/>\n\t<meta property=\"og:image:width\" content=\"600\" \/>\n\t<meta property=\"og:image:height\" content=\"600\" \/>\n\t<meta property=\"og:image:type\" content=\"image\/jpeg\" \/>\n<meta name=\"twitter:card\" content=\"summary_large_image\" \/>\n<meta name=\"twitter:site\" content=\"@relaisgourmet64\" \/>\n<meta name=\"twitter:label1\" content=\"Gesch\u00e4tzte Lesezeit\" \/>\n\t<meta name=\"twitter:data1\" content=\"1\u00a0Minute\" \/>\n<script type=\"application\/ld+json\" class=\"yoast-schema-graph\">{\"@context\":\"https:\\\/\\\/schema.org\",\"@graph\":[{\"@type\":\"WebPage\",\"@id\":\"https:\\\/\\\/relaisgourmet.com\\\/de\\\/produkt\\\/turron-de-guirlache-hart-mit-karamell\\\/\",\"url\":\"https:\\\/\\\/relaisgourmet.com\\\/de\\\/produkt\\\/turron-de-guirlache-hart-mit-karamell\\\/\",\"name\":\"Caramel Guirlache Turron (Hart) | Relais Gourmet\",\"isPartOf\":{\"@id\":\"https:\\\/\\\/relaisgourmet.com\\\/de\\\/#website\"},\"primaryImageOfPage\":{\"@id\":\"https:\\\/\\\/relaisgourmet.com\\\/de\\\/produkt\\\/turron-de-guirlache-hart-mit-karamell\\\/#primaryimage\"},\"image\":{\"@id\":\"https:\\\/\\\/relaisgourmet.com\\\/de\\\/produkt\\\/turron-de-guirlache-hart-mit-karamell\\\/#primaryimage\"},\"thumbnailUrl\":\"https:\\\/\\\/relaisgourmet.com\\\/wp-content\\\/uploads\\\/2026\\\/03\\\/Guirlache-1.jpg\",\"datePublished\":\"2026-03-10T12:24:48+00:00\",\"dateModified\":\"2026-04-01T23:20:24+00:00\",\"description\":\"Harter Turron von Guirlache mit Karamell: eine knusprige Delikatesse mit karamellisierten Mandelchips.\",\"breadcrumb\":{\"@id\":\"https:\\\/\\\/relaisgourmet.com\\\/de\\\/produkt\\\/turron-de-guirlache-hart-mit-karamell\\\/#breadcrumb\"},\"inLanguage\":\"de\",\"potentialAction\":[{\"@type\":\"ReadAction\",\"target\":[\"https:\\\/\\\/relaisgourmet.com\\\/de\\\/produkt\\\/turron-de-guirlache-hart-mit-karamell\\\/\"]}]},{\"@type\":\"ImageObject\",\"inLanguage\":\"de\",\"@id\":\"https:\\\/\\\/relaisgourmet.com\\\/de\\\/produkt\\\/turron-de-guirlache-hart-mit-karamell\\\/#primaryimage\",\"url\":\"https:\\\/\\\/relaisgourmet.com\\\/wp-content\\\/uploads\\\/2026\\\/03\\\/Guirlache-1.jpg\",\"contentUrl\":\"https:\\\/\\\/relaisgourmet.com\\\/wp-content\\\/uploads\\\/2026\\\/03\\\/Guirlache-1.jpg\",\"width\":600,\"height\":600},{\"@type\":\"BreadcrumbList\",\"@id\":\"https:\\\/\\\/relaisgourmet.com\\\/de\\\/produkt\\\/turron-de-guirlache-hart-mit-karamell\\\/#breadcrumb\",\"itemListElement\":[{\"@type\":\"ListItem\",\"position\":1,\"name\":\"Startseite\",\"item\":\"https:\\\/\\\/relaisgourmet.com\\\/de\\\/startseite\\\/\"},{\"@type\":\"ListItem\",\"position\":2,\"name\":\"Alle unsere Produkte\",\"item\":\"https:\\\/\\\/relaisgourmet.com\\\/de\\\/shop\\\/\"},{\"@type\":\"ListItem\",\"position\":3,\"name\":\"Turron de Guirlache (hart) (mit Karamell)\"}]},{\"@type\":\"WebSite\",\"@id\":\"https:\\\/\\\/relaisgourmet.com\\\/de\\\/#website\",\"url\":\"https:\\\/\\\/relaisgourmet.com\\\/de\\\/\",\"name\":\"Relais Gourmet\",\"description\":\"Foie Gras 100% Fran\u00e7ais\",\"publisher\":{\"@id\":\"https:\\\/\\\/relaisgourmet.com\\\/de\\\/#organization\"},\"potentialAction\":[{\"@type\":\"SearchAction\",\"target\":{\"@type\":\"EntryPoint\",\"urlTemplate\":\"https:\\\/\\\/relaisgourmet.com\\\/de\\\/?s={search_term_string}\"},\"query-input\":{\"@type\":\"PropertyValueSpecification\",\"valueRequired\":true,\"valueName\":\"search_term_string\"}}],\"inLanguage\":\"de\"},{\"@type\":\"Organization\",\"@id\":\"https:\\\/\\\/relaisgourmet.com\\\/de\\\/#organization\",\"name\":\"Relais Gourmet\",\"url\":\"https:\\\/\\\/relaisgourmet.com\\\/de\\\/\",\"logo\":{\"@type\":\"ImageObject\",\"inLanguage\":\"de\",\"@id\":\"https:\\\/\\\/relaisgourmet.com\\\/de\\\/#\\\/schema\\\/logo\\\/image\\\/\",\"url\":\"https:\\\/\\\/relaisgourmet.com\\\/wp-content\\\/uploads\\\/2026\\\/03\\\/yoast-logo-2-relais-gourmet-.png\",\"contentUrl\":\"https:\\\/\\\/relaisgourmet.com\\\/wp-content\\\/uploads\\\/2026\\\/03\\\/yoast-logo-2-relais-gourmet-.png\",\"width\":1200,\"height\":675,\"caption\":\"Relais Gourmet\"},\"image\":{\"@id\":\"https:\\\/\\\/relaisgourmet.com\\\/de\\\/#\\\/schema\\\/logo\\\/image\\\/\"},\"sameAs\":[\"https:\\\/\\\/www.facebook.com\\\/relaisgourmet\\\/\",\"https:\\\/\\\/x.com\\\/relaisgourmet64\",\"https:\\\/\\\/www.instagram.com\\\/relaisgourmetofficiel\",\"https:\\\/\\\/www.pinterest.fr\\\/relaisgourmet\\\/\"],\"email\":\"yaqueche@relaisgourmet.com\",\"telephone\":\"+33 0 5 40 07 07 65\",\"legalName\":\"Relais Gourmet\",\"vatID\":\"FR13482415015\",\"taxID\":\"482415015\"}]}<\/script>\n<!-- \/ Yoast SEO Premium plugin. -->","yoast_head_json":{"title":"Caramel Guirlache Turron (Hart) | Relais Gourmet","description":"Harter Turron von Guirlache mit Karamell: eine knusprige Delikatesse mit karamellisierten Mandelchips.","robots":{"index":"index","follow":"follow","max-snippet":"max-snippet:-1","max-image-preview":"max-image-preview:large","max-video-preview":"max-video-preview:-1"},"canonical":"https:\/\/relaisgourmet.com\/de\/produkt\/turron-de-guirlache-hart-mit-karamell\/","og_locale":"de_DE","og_type":"article","og_title":"Turron de Guirlache (hart) (mit Karamell)","og_description":"Guirlache ist eine traditionelle Delikatesse, die typisch f\u00fcr die spanische Gastronomie ist und mit Mandeln und festem Karamell zubereitet wird. Es ist eine knusprige Textur aus Mandeln und Karamell, die auf der Zunge schmilzt und ein gro\u00dfer Erfolg f\u00fcr die Feinschmecker im Haus ist.  Der Turron von Guirlache de Maria Simona wird nach dem traditionellen Rezept hergestellt. Wir verwenden ausschlie\u00dflich hochwertige spanische Zutaten.","og_url":"https:\/\/relaisgourmet.com\/de\/produkt\/turron-de-guirlache-hart-mit-karamell\/","og_site_name":"Relais Gourmet","article_publisher":"https:\/\/www.facebook.com\/relaisgourmet\/","article_modified_time":"2026-04-01T23:20:24+00:00","og_image":[{"width":600,"height":600,"url":"https:\/\/relaisgourmet.com\/wp-content\/uploads\/2026\/03\/Guirlache-1.jpg","type":"image\/jpeg"}],"twitter_card":"summary_large_image","twitter_site":"@relaisgourmet64","twitter_misc":{"Gesch\u00e4tzte Lesezeit":"1\u00a0Minute"},"schema":{"@context":"https:\/\/schema.org","@graph":[{"@type":"WebPage","@id":"https:\/\/relaisgourmet.com\/de\/produkt\/turron-de-guirlache-hart-mit-karamell\/","url":"https:\/\/relaisgourmet.com\/de\/produkt\/turron-de-guirlache-hart-mit-karamell\/","name":"Caramel Guirlache Turron (Hart) | Relais Gourmet","isPartOf":{"@id":"https:\/\/relaisgourmet.com\/de\/#website"},"primaryImageOfPage":{"@id":"https:\/\/relaisgourmet.com\/de\/produkt\/turron-de-guirlache-hart-mit-karamell\/#primaryimage"},"image":{"@id":"https:\/\/relaisgourmet.com\/de\/produkt\/turron-de-guirlache-hart-mit-karamell\/#primaryimage"},"thumbnailUrl":"https:\/\/relaisgourmet.com\/wp-content\/uploads\/2026\/03\/Guirlache-1.jpg","datePublished":"2026-03-10T12:24:48+00:00","dateModified":"2026-04-01T23:20:24+00:00","description":"Harter Turron von Guirlache mit Karamell: eine knusprige Delikatesse mit karamellisierten Mandelchips.","breadcrumb":{"@id":"https:\/\/relaisgourmet.com\/de\/produkt\/turron-de-guirlache-hart-mit-karamell\/#breadcrumb"},"inLanguage":"de","potentialAction":[{"@type":"ReadAction","target":["https:\/\/relaisgourmet.com\/de\/produkt\/turron-de-guirlache-hart-mit-karamell\/"]}]},{"@type":"ImageObject","inLanguage":"de","@id":"https:\/\/relaisgourmet.com\/de\/produkt\/turron-de-guirlache-hart-mit-karamell\/#primaryimage","url":"https:\/\/relaisgourmet.com\/wp-content\/uploads\/2026\/03\/Guirlache-1.jpg","contentUrl":"https:\/\/relaisgourmet.com\/wp-content\/uploads\/2026\/03\/Guirlache-1.jpg","width":600,"height":600},{"@type":"BreadcrumbList","@id":"https:\/\/relaisgourmet.com\/de\/produkt\/turron-de-guirlache-hart-mit-karamell\/#breadcrumb","itemListElement":[{"@type":"ListItem","position":1,"name":"Startseite","item":"https:\/\/relaisgourmet.com\/de\/startseite\/"},{"@type":"ListItem","position":2,"name":"Alle unsere Produkte","item":"https:\/\/relaisgourmet.com\/de\/shop\/"},{"@type":"ListItem","position":3,"name":"Turron de Guirlache (hart) (mit Karamell)"}]},{"@type":"WebSite","@id":"https:\/\/relaisgourmet.com\/de\/#website","url":"https:\/\/relaisgourmet.com\/de\/","name":"Relais Gourmet","description":"Foie Gras 100% Fran\u00e7ais","publisher":{"@id":"https:\/\/relaisgourmet.com\/de\/#organization"},"potentialAction":[{"@type":"SearchAction","target":{"@type":"EntryPoint","urlTemplate":"https:\/\/relaisgourmet.com\/de\/?s={search_term_string}"},"query-input":{"@type":"PropertyValueSpecification","valueRequired":true,"valueName":"search_term_string"}}],"inLanguage":"de"},{"@type":"Organization","@id":"https:\/\/relaisgourmet.com\/de\/#organization","name":"Relais Gourmet","url":"https:\/\/relaisgourmet.com\/de\/","logo":{"@type":"ImageObject","inLanguage":"de","@id":"https:\/\/relaisgourmet.com\/de\/#\/schema\/logo\/image\/","url":"https:\/\/relaisgourmet.com\/wp-content\/uploads\/2026\/03\/yoast-logo-2-relais-gourmet-.png","contentUrl":"https:\/\/relaisgourmet.com\/wp-content\/uploads\/2026\/03\/yoast-logo-2-relais-gourmet-.png","width":1200,"height":675,"caption":"Relais Gourmet"},"image":{"@id":"https:\/\/relaisgourmet.com\/de\/#\/schema\/logo\/image\/"},"sameAs":["https:\/\/www.facebook.com\/relaisgourmet\/","https:\/\/x.com\/relaisgourmet64","https:\/\/www.instagram.com\/relaisgourmetofficiel","https:\/\/www.pinterest.fr\/relaisgourmet\/"],"email":"yaqueche@relaisgourmet.com","telephone":"+33 0 5 40 07 07 65","legalName":"Relais Gourmet","vatID":"FR13482415015","taxID":"482415015"}]}},"_links":{"self":[{"href":"https:\/\/relaisgourmet.com\/de\/wp-json\/wp\/v2\/product\/64667","targetHints":{"allow":["GET"]}}],"collection":[{"href":"https:\/\/relaisgourmet.com\/de\/wp-json\/wp\/v2\/product"}],"about":[{"href":"https:\/\/relaisgourmet.com\/de\/wp-json\/wp\/v2\/types\/product"}],"replies":[{"embeddable":true,"href":"https:\/\/relaisgourmet.com\/de\/wp-json\/wp\/v2\/comments?post=64667"}],"wp:featuredmedia":[{"embeddable":true,"href":"https:\/\/relaisgourmet.com\/de\/wp-json\/wp\/v2\/media\/64669"}],"wp:attachment":[{"href":"https:\/\/relaisgourmet.com\/de\/wp-json\/wp\/v2\/media?parent=64667"}],"wp:term":[{"taxonomy":"product_brand","embeddable":true,"href":"https:\/\/relaisgourmet.com\/de\/wp-json\/wp\/v2\/product_brand?post=64667"},{"taxonomy":"product_cat","embeddable":true,"href":"https:\/\/relaisgourmet.com\/de\/wp-json\/wp\/v2\/product_cat?post=64667"},{"taxonomy":"product_tag","embeddable":true,"href":"https:\/\/relaisgourmet.com\/de\/wp-json\/wp\/v2\/product_tag?post=64667"},{"taxonomy":"giftcard-category","embeddable":true,"href":"https:\/\/relaisgourmet.com\/de\/wp-json\/wp\/v2\/giftcard-category?post=64667"}],"curies":[{"name":"wp","href":"https:\/\/api.w.org\/{rel}","templated":true}]}}