{"id":64212,"date":"2026-03-10T12:27:00","date_gmt":"2026-03-10T12:27:00","guid":{"rendered":"https:\/\/strange-jennings.213-136-85-46.plesk.page\/product\/discovery-packung-salz-mit-espelette-pfeffer-pdo\/"},"modified":"2026-04-01T22:29:51","modified_gmt":"2026-04-01T22:29:51","slug":"discovery-packung-salz-mit-espelette-pfeffer-pdo","status":"publish","type":"product","link":"https:\/\/relaisgourmet.com\/de\/produkt\/discovery-packung-salz-mit-espelette-pfeffer-pdo\/","title":{"rendered":"Discovery-Packung Salz mit Espelette-Pfeffer-PDO"},"content":{"rendered":"<p class=\"\" data-start=\"206\" data-end=\"446\">Tauchen Sie mit unserem <strong data-start=\"260\" data-end=\"335\">Discovery-Paket mit Refined Cooking Spices mit Espelette Pepper PDO<\/strong> in das Herz der Aromen des Baskenlandes ein. Eine sorgf\u00e4ltig ausgew\u00e4hlte Auswahl f\u00fcr Liebhaber feiner K\u00fcche und subtil verst\u00e4rkter Empfindungen. <\/p>\n<p class=\"\" data-start=\"448\" data-end=\"725\">Dieses Paket ist weit mehr als nur eine Auswahl an Gew\u00fcrzen: Es ist eine echte Einladung, Ihre Geschmacksknospen mit authentischen Mischungen zu wecken, die im baskischen Terroir verwurzelt sind. Jedes Salz bietet einen einzigartigen aromatischen Geschmack, der perfekt ist, um Ihre hausgemachten Rezepte zu bereichern. <\/p>\n<h3 data-start=\"727\" data-end=\"756\">Zusammensetzung des Pakets:<\/h3>\n<ul data-start=\"757\" data-end=\"1143\">\n<li class=\"\" data-start=\"757\" data-end=\"852\">\n<p class=\"\" data-start=\"759\" data-end=\"852\"><strong data-start=\"759\" data-end=\"772\">Spicy Salt<\/strong> : feines Salz, gew\u00fcrzt mit Espelette-Pfeffer-PDO \u2013 ideal f\u00fcr Alltagsgerichte.<\/p>\n<\/li>\n<li class=\"\" data-start=\"853\" data-end=\"1014\">\n<p class=\"\" data-start=\"855\" data-end=\"1014\"><strong data-start=\"855\" data-end=\"879\">Spezielles Grillsalz<\/strong> : feines Salz mit Kr\u00e4utern (Rosmarin, herzhaft, Basilikum, Majoran, Oregano, Thymian) und Espelette-Pfeffer PDO \u2013 der Verb\u00fcndeten des gegrillten Fleisches.<\/p>\n<\/li>\n<li class=\"\" data-start=\"1015\" data-end=\"1143\">\n<p class=\"\" data-start=\"1017\" data-end=\"1143\"><strong data-start=\"1017\" data-end=\"1041\">Baskisches Pfeffersalz:<\/strong> Grober Gu\u00e9rande PGI Salz und Espelette Pfeffer PDO \u2013 eine authentische Mischung mit gro\u00dfz\u00fcgiger Textur.<\/p>\n<\/li>\n<\/ul>\n<h3 data-start=\"1145\" data-end=\"1159\">Gewicht:<\/h3>\n<ul data-start=\"1160\" data-end=\"1216\">\n<li class=\"\" data-start=\"1160\" data-end=\"1191\">\n<p class=\"\" data-start=\"1162\" data-end=\"1191\"><strong data-start=\"1162\" data-end=\"1181\">Gesamtnettogewicht<\/strong> : 180 g<\/p>\n<\/li>\n<li class=\"\" data-start=\"1192\" data-end=\"1216\">\n<p class=\"\" data-start=\"1194\" data-end=\"1216\"><strong data-start=\"1194\" data-end=\"1208\">Bruttogewicht<\/strong> : 0,9 kg<\/p>\n<\/li>\n<\/ul>\n<p data-start=\"1218\" data-end=\"1240\"><strong>Lagerung<\/strong> : Kann bis zu 12 Monate fernab von Feuchtigkeit und Licht gelagert werden.<\/p>\n<p data-start=\"1315\" data-end=\"1347\"><strong>Anleitung:<\/strong> Streuen Sie diese Salze, um Ihr Fleisch, Ihren Fisch, Ihre Salate, Gem\u00fcse oder So\u00dfen aufzupeppen. Eine einfache Prise reicht, um ein gew\u00f6hnliches Gericht in ein Fine-Dining-Erlebnis zu verwandeln. <\/p>\n<p>Schlie\u00dflich, um dieses Salz zu begleiten, warum l\u00e4sst du dich nicht von diesem Salz verf\u00fchren.  <a href=\"https:\/\/epic-varahamihira.207-180-195-93.plesk.page\/\">die k\u00f6stlichen G\u00e4nseleberpasteten von Relais Gourmet  <\/a>?<\/p>\n<article class=\"text-token-text-primary w-full\" dir=\"auto\" data-testid=\"conversation-turn-14\" data-scroll-anchor=\"true\">\n<div class=\"text-base my-auto mx-auto py-5 [--thread-content-margin:--spacing(4)] @[37rem]:[--thread-content-margin:--spacing(6)] @[70rem]:[--thread-content-margin:--spacing(12)] px-(--thread-content-margin)\">\n<div class=\"[--thread-content-max-width:32rem] @[34rem]:[--thread-content-max-width:40rem] @[64rem]:[--thread-content-max-width:48rem] mx-auto flex max-w-(--thread-content-max-width) flex-1 text-base gap-4 md:gap-5 lg:gap-6 group\/turn-messages focus-visible:outline-hidden\" tabindex=\"-1\">\n<div class=\"group\/conversation-turn relative flex w-full min-w-0 flex-col agent-turn\">\n<div class=\"relative flex-col gap-1 md:gap-3\">\n<div class=\"flex max-w-full flex-col grow\">\n<div class=\"min-h-8 text-message relative flex w-full flex-col items-end gap-2 text-start break-words whitespace-normal [.text-message+&amp;]:mt-5\" dir=\"auto\" data-message-author-role=\"assistant\" data-message-id=\"42d71592-9458-4f44-9fd8-ff33539cedb8\" data-message-model-slug=\"gpt-4o-mini\">\n<div class=\"flex w-full flex-col gap-1 empty:hidden first:pt-[3px]\">\n<div class=\"markdown prose dark:prose-invert w-full break-words light\">\n<article class=\"text-token-text-primary w-full\" dir=\"auto\" data-testid=\"conversation-turn-16\" data-scroll-anchor=\"true\">\n<div class=\"text-base my-auto mx-auto py-5 [--thread-content-margin:--spacing(4)] @[37rem]:[--thread-content-margin:--spacing(6)] @[70rem]:[--thread-content-margin:--spacing(12)] px-(--thread-content-margin)\">\n<div class=\"[--thread-content-max-width:32rem] @[34rem]:[--thread-content-max-width:40rem] @[64rem]:[--thread-content-max-width:48rem] mx-auto flex max-w-(--thread-content-max-width) flex-1 text-base gap-4 md:gap-5 lg:gap-6 group\/turn-messages focus-visible:outline-hidden\" tabindex=\"-1\">\n<div class=\"group\/conversation-turn relative flex w-full min-w-0 flex-col agent-turn\">\n<div class=\"relative flex-col gap-1 md:gap-3\">\n<div class=\"flex max-w-full flex-col grow\">\n<div class=\"min-h-8 text-message relative flex w-full flex-col items-end gap-2 text-start break-words whitespace-normal [.text-message+&amp;]:mt-5\" dir=\"auto\" data-message-author-role=\"assistant\" data-message-id=\"22dc5875-b044-4d41-b5f3-8328c90b6691\" data-message-model-slug=\"gpt-4o-mini\">\n<div class=\"flex w-full flex-col gap-1 empty:hidden first:pt-[3px]\">\n<div class=\"markdown prose dark:prose-invert w-full break-words light\">\n<p class=\"\" data-start=\"0\" data-end=\"110\">Zum Nachtisch genie\u00dfen Sie <a href=\"https:\/\/mariasimona.com\/categorie-produit\/turrons-classiques\/\"><strong data-start=\"26\" data-end=\"54\">Maria Simonas Turrones<\/strong><\/a> \u2013 eine perfekte Leckerei, um dieses Essen stilvoll abzuschlie\u00dfen.<\/p>\n<\/div>\n<\/div>\n<\/div>\n<\/div>\n<\/div>\n<\/div>\n<\/div>\n<\/div>\n<\/article>\n<\/div>\n<\/div>\n<\/div>\n<\/div>\n<\/div>\n<\/div>\n<\/div>\n<\/div>\n<\/article>\n","protected":false},"excerpt":{"rendered":"<article class=\"text-token-text-primary w-full\" dir=\"auto\" data-testid=\"conversation-turn-6\" data-scroll-anchor=\"false\">\n<div class=\"yoast-text-mark\">\n<div class=\"[--thread-content-max-width:32rem] @[34rem]:[--thread-content-max-width:40rem] @[64rem]:[--thread-content-max-width:48rem] mx-auto flex max-w-(--thread-content-max-width) flex-1 text-base gap-4 md:gap-5 lg:gap-6 group\/turn-messages focus-visible:outline-hidden\" tabindex=\"-1\">\n<div class=\"group\/conversation-turn relative flex w-full min-w-0 flex-col agent-turn\">\n<div class=\"relative flex-col gap-1 md:gap-3\">\n<div class=\"flex max-w-full flex-col grow\">\n<div class=\"min-h-8 text-message relative flex w-full flex-col items-end gap-2 text-start break-words whitespace-normal [.text-message+&amp;]:mt-5\" dir=\"auto\" data-message-author-role=\"assistant\" data-message-id=\"68c9b9d1-1bcf-4ae5-8d85-a3948faa3963\" data-message-model-slug=\"gpt-4o\">\n<div class=\"flex w-full flex-col gap-1 empty:hidden first:pt-[3px]\">\n<div class=\"markdown prose dark:prose-invert w-full break-words light\">\n<p data-start=\"132\" data-end=\"223\"><strong>Perfekte Geschenkidee<span style=\"background-color: #ffffff;\"> f\u00fcr Liebhaber authentischer K\u00fcche oder Neugierige auf der Suche nach neuen geschmacklichen Inspirationen.<\/span><\/strong><\/p>\n<\/div>\n<\/div>\n<\/div>\n<\/div>\n<\/div>\n<\/div>\n<\/div>\n<\/div>\n<\/article>\n<p>\ud83c\udf3f Salz, geerntet in den Salzg\u00e4rten von Gu\u00e9rande<br \/>\n\ud83c\udf36 Piment d&#8217;Espelette AOP<br data-start=\"665\" data-end=\"668\">\ud83d\ude9a Schnelle Lieferung weltweit<br \/>\n\ud83d\udd10 Sichere Zahlung<\/p>\n<div class=\"woocommerce-product-details__short-description\">\n<p>Nettogewicht: 180g<\/p>\n<\/div>\n","protected":false},"featured_media":64213,"comment_status":"closed","ping_status":"closed","template":"","meta":{"_iconic_wsb_product_page_order_bump_ids":[],"_sku":["3110000346804-7-1-1-1-1"],"_iconic_wsb_product_page_bump_modal_ids":[]},"product_brand":[],"product_cat":[2161],"product_tag":[1661],"giftcard-category":[],"class_list":{"0":"post-64212","1":"product","2":"type-product","3":"status-publish","4":"has-post-thumbnail","6":"product_cat-baskische-gewurze","7":"product_tag-made-in-frankreich","9":"first","10":"instock","11":"taxable","12":"shipping-taxable","13":"purchasable","14":"product-type-simple"},"yoast_head":"<!-- This site is optimized with the Yoast SEO Premium plugin v27.3 (Yoast SEO v27.3) - https:\/\/yoast.com\/product\/yoast-seo-premium-wordpress\/ -->\n<title>Discovery-Packung Salz mit Espelette-Pfeffer-PDO<\/title>\n<meta name=\"description\" content=\"Espelette-Pfeffer-PDO-Salzentdeckungspack: W\u00fcrze deine Gerichte mit authentischen baskischen Aromen auf. Ideal f\u00fcr Fleisch, Fisch und Gem\u00fcse.\" \/>\n<meta name=\"robots\" content=\"index, follow, max-snippet:-1, max-image-preview:large, max-video-preview:-1\" \/>\n<link rel=\"canonical\" href=\"https:\/\/relaisgourmet.com\/de\/produkt\/discovery-packung-salz-mit-espelette-pfeffer-pdo\/\" \/>\n<meta property=\"og:locale\" content=\"de_DE\" \/>\n<meta property=\"og:type\" content=\"article\" \/>\n<meta property=\"og:title\" content=\"Discovery-Packung Salz mit Espelette-Pfeffer-PDO\" \/>\n<meta property=\"og:description\" content=\"Perfekte Geschenkidee f\u00fcr Liebhaber authentischer K\u00fcche oder Neugierige auf der Suche nach neuen geschmacklichen Inspirationen.     \ud83c\udf3f Salz, geerntet in den Salzg\u00e4rten von Gu\u00e9rande \ud83c\udf36 Piment d&#039;Espelette AOP\ud83d\ude9a Schnelle Lieferung weltweit \ud83d\udd10 Sichere Zahlung  Nettogewicht: 180g\" \/>\n<meta property=\"og:url\" content=\"https:\/\/relaisgourmet.com\/de\/produkt\/discovery-packung-salz-mit-espelette-pfeffer-pdo\/\" \/>\n<meta property=\"og:site_name\" content=\"Relais Gourmet\" \/>\n<meta property=\"article:publisher\" content=\"https:\/\/www.facebook.com\/relaisgourmet\/\" \/>\n<meta property=\"article:modified_time\" content=\"2026-04-01T22:29:51+00:00\" \/>\n<meta property=\"og:image\" content=\"https:\/\/relaisgourmet.com\/wp-content\/uploads\/2026\/03\/relais-gourmet-packsel-detoure-scaled-1.webp\" \/>\n\t<meta property=\"og:image:width\" content=\"1920\" \/>\n\t<meta property=\"og:image:height\" content=\"1280\" \/>\n\t<meta property=\"og:image:type\" content=\"image\/webp\" \/>\n<meta name=\"twitter:card\" content=\"summary_large_image\" \/>\n<meta name=\"twitter:site\" content=\"@relaisgourmet64\" \/>\n<meta name=\"twitter:label1\" content=\"Gesch\u00e4tzte Lesezeit\" \/>\n\t<meta name=\"twitter:data1\" content=\"1\u00a0Minute\" \/>\n<script type=\"application\/ld+json\" class=\"yoast-schema-graph\">{\"@context\":\"https:\\\/\\\/schema.org\",\"@graph\":[{\"@type\":\"WebPage\",\"@id\":\"https:\\\/\\\/relaisgourmet.com\\\/de\\\/produkt\\\/discovery-packung-salz-mit-espelette-pfeffer-pdo\\\/\",\"url\":\"https:\\\/\\\/relaisgourmet.com\\\/de\\\/produkt\\\/discovery-packung-salz-mit-espelette-pfeffer-pdo\\\/\",\"name\":\"Discovery-Packung Salz mit Espelette-Pfeffer-PDO\",\"isPartOf\":{\"@id\":\"https:\\\/\\\/relaisgourmet.com\\\/de\\\/#website\"},\"primaryImageOfPage\":{\"@id\":\"https:\\\/\\\/relaisgourmet.com\\\/de\\\/produkt\\\/discovery-packung-salz-mit-espelette-pfeffer-pdo\\\/#primaryimage\"},\"image\":{\"@id\":\"https:\\\/\\\/relaisgourmet.com\\\/de\\\/produkt\\\/discovery-packung-salz-mit-espelette-pfeffer-pdo\\\/#primaryimage\"},\"thumbnailUrl\":\"https:\\\/\\\/relaisgourmet.com\\\/wp-content\\\/uploads\\\/2026\\\/03\\\/relais-gourmet-packsel-detoure-scaled-1.webp\",\"datePublished\":\"2026-03-10T12:27:00+00:00\",\"dateModified\":\"2026-04-01T22:29:51+00:00\",\"description\":\"Espelette-Pfeffer-PDO-Salzentdeckungspack: W\u00fcrze deine Gerichte mit authentischen baskischen Aromen auf. Ideal f\u00fcr Fleisch, Fisch und Gem\u00fcse.\",\"breadcrumb\":{\"@id\":\"https:\\\/\\\/relaisgourmet.com\\\/de\\\/produkt\\\/discovery-packung-salz-mit-espelette-pfeffer-pdo\\\/#breadcrumb\"},\"inLanguage\":\"de\",\"potentialAction\":[{\"@type\":\"ReadAction\",\"target\":[\"https:\\\/\\\/relaisgourmet.com\\\/de\\\/produkt\\\/discovery-packung-salz-mit-espelette-pfeffer-pdo\\\/\"]}]},{\"@type\":\"ImageObject\",\"inLanguage\":\"de\",\"@id\":\"https:\\\/\\\/relaisgourmet.com\\\/de\\\/produkt\\\/discovery-packung-salz-mit-espelette-pfeffer-pdo\\\/#primaryimage\",\"url\":\"https:\\\/\\\/relaisgourmet.com\\\/wp-content\\\/uploads\\\/2026\\\/03\\\/relais-gourmet-packsel-detoure-scaled-1.webp\",\"contentUrl\":\"https:\\\/\\\/relaisgourmet.com\\\/wp-content\\\/uploads\\\/2026\\\/03\\\/relais-gourmet-packsel-detoure-scaled-1.webp\",\"width\":1920,\"height\":1280},{\"@type\":\"BreadcrumbList\",\"@id\":\"https:\\\/\\\/relaisgourmet.com\\\/de\\\/produkt\\\/discovery-packung-salz-mit-espelette-pfeffer-pdo\\\/#breadcrumb\",\"itemListElement\":[{\"@type\":\"ListItem\",\"position\":1,\"name\":\"Startseite\",\"item\":\"https:\\\/\\\/relaisgourmet.com\\\/de\\\/startseite\\\/\"},{\"@type\":\"ListItem\",\"position\":2,\"name\":\"Alle unsere Produkte\",\"item\":\"https:\\\/\\\/relaisgourmet.com\\\/de\\\/shop\\\/\"},{\"@type\":\"ListItem\",\"position\":3,\"name\":\"Discovery-Packung Salz mit Espelette-Pfeffer-PDO\"}]},{\"@type\":\"WebSite\",\"@id\":\"https:\\\/\\\/relaisgourmet.com\\\/de\\\/#website\",\"url\":\"https:\\\/\\\/relaisgourmet.com\\\/de\\\/\",\"name\":\"Relais Gourmet\",\"description\":\"Foie Gras 100% Fran\u00e7ais\",\"publisher\":{\"@id\":\"https:\\\/\\\/relaisgourmet.com\\\/de\\\/#organization\"},\"potentialAction\":[{\"@type\":\"SearchAction\",\"target\":{\"@type\":\"EntryPoint\",\"urlTemplate\":\"https:\\\/\\\/relaisgourmet.com\\\/de\\\/?s={search_term_string}\"},\"query-input\":{\"@type\":\"PropertyValueSpecification\",\"valueRequired\":true,\"valueName\":\"search_term_string\"}}],\"inLanguage\":\"de\"},{\"@type\":\"Organization\",\"@id\":\"https:\\\/\\\/relaisgourmet.com\\\/de\\\/#organization\",\"name\":\"Relais Gourmet\",\"url\":\"https:\\\/\\\/relaisgourmet.com\\\/de\\\/\",\"logo\":{\"@type\":\"ImageObject\",\"inLanguage\":\"de\",\"@id\":\"https:\\\/\\\/relaisgourmet.com\\\/de\\\/#\\\/schema\\\/logo\\\/image\\\/\",\"url\":\"https:\\\/\\\/relaisgourmet.com\\\/wp-content\\\/uploads\\\/2026\\\/03\\\/yoast-logo-2-relais-gourmet-.png\",\"contentUrl\":\"https:\\\/\\\/relaisgourmet.com\\\/wp-content\\\/uploads\\\/2026\\\/03\\\/yoast-logo-2-relais-gourmet-.png\",\"width\":1200,\"height\":675,\"caption\":\"Relais Gourmet\"},\"image\":{\"@id\":\"https:\\\/\\\/relaisgourmet.com\\\/de\\\/#\\\/schema\\\/logo\\\/image\\\/\"},\"sameAs\":[\"https:\\\/\\\/www.facebook.com\\\/relaisgourmet\\\/\",\"https:\\\/\\\/x.com\\\/relaisgourmet64\",\"https:\\\/\\\/www.instagram.com\\\/relaisgourmetofficiel\",\"https:\\\/\\\/www.pinterest.fr\\\/relaisgourmet\\\/\"],\"email\":\"yaqueche@relaisgourmet.com\",\"telephone\":\"+33 0 5 40 07 07 65\",\"legalName\":\"Relais Gourmet\",\"vatID\":\"FR13482415015\",\"taxID\":\"482415015\"}]}<\/script>\n<!-- \/ Yoast SEO Premium plugin. -->","yoast_head_json":{"title":"Discovery-Packung Salz mit Espelette-Pfeffer-PDO","description":"Espelette-Pfeffer-PDO-Salzentdeckungspack: W\u00fcrze deine Gerichte mit authentischen baskischen Aromen auf. Ideal f\u00fcr Fleisch, Fisch und Gem\u00fcse.","robots":{"index":"index","follow":"follow","max-snippet":"max-snippet:-1","max-image-preview":"max-image-preview:large","max-video-preview":"max-video-preview:-1"},"canonical":"https:\/\/relaisgourmet.com\/de\/produkt\/discovery-packung-salz-mit-espelette-pfeffer-pdo\/","og_locale":"de_DE","og_type":"article","og_title":"Discovery-Packung Salz mit Espelette-Pfeffer-PDO","og_description":"Perfekte Geschenkidee f\u00fcr Liebhaber authentischer K\u00fcche oder Neugierige auf der Suche nach neuen geschmacklichen Inspirationen.     \ud83c\udf3f Salz, geerntet in den Salzg\u00e4rten von Gu\u00e9rande \ud83c\udf36 Piment d'Espelette AOP\ud83d\ude9a Schnelle Lieferung weltweit \ud83d\udd10 Sichere Zahlung  Nettogewicht: 180g","og_url":"https:\/\/relaisgourmet.com\/de\/produkt\/discovery-packung-salz-mit-espelette-pfeffer-pdo\/","og_site_name":"Relais Gourmet","article_publisher":"https:\/\/www.facebook.com\/relaisgourmet\/","article_modified_time":"2026-04-01T22:29:51+00:00","og_image":[{"width":1920,"height":1280,"url":"https:\/\/relaisgourmet.com\/wp-content\/uploads\/2026\/03\/relais-gourmet-packsel-detoure-scaled-1.webp","type":"image\/webp"}],"twitter_card":"summary_large_image","twitter_site":"@relaisgourmet64","twitter_misc":{"Gesch\u00e4tzte Lesezeit":"1\u00a0Minute"},"schema":{"@context":"https:\/\/schema.org","@graph":[{"@type":"WebPage","@id":"https:\/\/relaisgourmet.com\/de\/produkt\/discovery-packung-salz-mit-espelette-pfeffer-pdo\/","url":"https:\/\/relaisgourmet.com\/de\/produkt\/discovery-packung-salz-mit-espelette-pfeffer-pdo\/","name":"Discovery-Packung Salz mit Espelette-Pfeffer-PDO","isPartOf":{"@id":"https:\/\/relaisgourmet.com\/de\/#website"},"primaryImageOfPage":{"@id":"https:\/\/relaisgourmet.com\/de\/produkt\/discovery-packung-salz-mit-espelette-pfeffer-pdo\/#primaryimage"},"image":{"@id":"https:\/\/relaisgourmet.com\/de\/produkt\/discovery-packung-salz-mit-espelette-pfeffer-pdo\/#primaryimage"},"thumbnailUrl":"https:\/\/relaisgourmet.com\/wp-content\/uploads\/2026\/03\/relais-gourmet-packsel-detoure-scaled-1.webp","datePublished":"2026-03-10T12:27:00+00:00","dateModified":"2026-04-01T22:29:51+00:00","description":"Espelette-Pfeffer-PDO-Salzentdeckungspack: W\u00fcrze deine Gerichte mit authentischen baskischen Aromen auf. Ideal f\u00fcr Fleisch, Fisch und Gem\u00fcse.","breadcrumb":{"@id":"https:\/\/relaisgourmet.com\/de\/produkt\/discovery-packung-salz-mit-espelette-pfeffer-pdo\/#breadcrumb"},"inLanguage":"de","potentialAction":[{"@type":"ReadAction","target":["https:\/\/relaisgourmet.com\/de\/produkt\/discovery-packung-salz-mit-espelette-pfeffer-pdo\/"]}]},{"@type":"ImageObject","inLanguage":"de","@id":"https:\/\/relaisgourmet.com\/de\/produkt\/discovery-packung-salz-mit-espelette-pfeffer-pdo\/#primaryimage","url":"https:\/\/relaisgourmet.com\/wp-content\/uploads\/2026\/03\/relais-gourmet-packsel-detoure-scaled-1.webp","contentUrl":"https:\/\/relaisgourmet.com\/wp-content\/uploads\/2026\/03\/relais-gourmet-packsel-detoure-scaled-1.webp","width":1920,"height":1280},{"@type":"BreadcrumbList","@id":"https:\/\/relaisgourmet.com\/de\/produkt\/discovery-packung-salz-mit-espelette-pfeffer-pdo\/#breadcrumb","itemListElement":[{"@type":"ListItem","position":1,"name":"Startseite","item":"https:\/\/relaisgourmet.com\/de\/startseite\/"},{"@type":"ListItem","position":2,"name":"Alle unsere Produkte","item":"https:\/\/relaisgourmet.com\/de\/shop\/"},{"@type":"ListItem","position":3,"name":"Discovery-Packung Salz mit Espelette-Pfeffer-PDO"}]},{"@type":"WebSite","@id":"https:\/\/relaisgourmet.com\/de\/#website","url":"https:\/\/relaisgourmet.com\/de\/","name":"Relais Gourmet","description":"Foie Gras 100% Fran\u00e7ais","publisher":{"@id":"https:\/\/relaisgourmet.com\/de\/#organization"},"potentialAction":[{"@type":"SearchAction","target":{"@type":"EntryPoint","urlTemplate":"https:\/\/relaisgourmet.com\/de\/?s={search_term_string}"},"query-input":{"@type":"PropertyValueSpecification","valueRequired":true,"valueName":"search_term_string"}}],"inLanguage":"de"},{"@type":"Organization","@id":"https:\/\/relaisgourmet.com\/de\/#organization","name":"Relais Gourmet","url":"https:\/\/relaisgourmet.com\/de\/","logo":{"@type":"ImageObject","inLanguage":"de","@id":"https:\/\/relaisgourmet.com\/de\/#\/schema\/logo\/image\/","url":"https:\/\/relaisgourmet.com\/wp-content\/uploads\/2026\/03\/yoast-logo-2-relais-gourmet-.png","contentUrl":"https:\/\/relaisgourmet.com\/wp-content\/uploads\/2026\/03\/yoast-logo-2-relais-gourmet-.png","width":1200,"height":675,"caption":"Relais Gourmet"},"image":{"@id":"https:\/\/relaisgourmet.com\/de\/#\/schema\/logo\/image\/"},"sameAs":["https:\/\/www.facebook.com\/relaisgourmet\/","https:\/\/x.com\/relaisgourmet64","https:\/\/www.instagram.com\/relaisgourmetofficiel","https:\/\/www.pinterest.fr\/relaisgourmet\/"],"email":"yaqueche@relaisgourmet.com","telephone":"+33 0 5 40 07 07 65","legalName":"Relais Gourmet","vatID":"FR13482415015","taxID":"482415015"}]}},"_links":{"self":[{"href":"https:\/\/relaisgourmet.com\/de\/wp-json\/wp\/v2\/product\/64212","targetHints":{"allow":["GET"]}}],"collection":[{"href":"https:\/\/relaisgourmet.com\/de\/wp-json\/wp\/v2\/product"}],"about":[{"href":"https:\/\/relaisgourmet.com\/de\/wp-json\/wp\/v2\/types\/product"}],"replies":[{"embeddable":true,"href":"https:\/\/relaisgourmet.com\/de\/wp-json\/wp\/v2\/comments?post=64212"}],"wp:featuredmedia":[{"embeddable":true,"href":"https:\/\/relaisgourmet.com\/de\/wp-json\/wp\/v2\/media\/64213"}],"wp:attachment":[{"href":"https:\/\/relaisgourmet.com\/de\/wp-json\/wp\/v2\/media?parent=64212"}],"wp:term":[{"taxonomy":"product_brand","embeddable":true,"href":"https:\/\/relaisgourmet.com\/de\/wp-json\/wp\/v2\/product_brand?post=64212"},{"taxonomy":"product_cat","embeddable":true,"href":"https:\/\/relaisgourmet.com\/de\/wp-json\/wp\/v2\/product_cat?post=64212"},{"taxonomy":"product_tag","embeddable":true,"href":"https:\/\/relaisgourmet.com\/de\/wp-json\/wp\/v2\/product_tag?post=64212"},{"taxonomy":"giftcard-category","embeddable":true,"href":"https:\/\/relaisgourmet.com\/de\/wp-json\/wp\/v2\/giftcard-category?post=64212"}],"curies":[{"name":"wp","href":"https:\/\/api.w.org\/{rel}","templated":true}]}}