{"id":64154,"date":"2026-03-10T12:24:47","date_gmt":"2026-03-10T12:24:47","guid":{"rendered":"https:\/\/strange-jennings.213-136-85-46.plesk.page\/product\/hard-turron-von-alicante-supreme\/"},"modified":"2026-04-01T22:43:16","modified_gmt":"2026-04-01T22:43:16","slug":"hard-turron-von-alicante-supreme","status":"publish","type":"product","link":"https:\/\/relaisgourmet.com\/de\/produkt\/hard-turron-von-alicante-supreme\/","title":{"rendered":"Hard Turron von Alicante Supreme"},"content":{"rendered":"<p><strong>Die Herstellung von Maria Simonas Alicante-Nougat folgt <a href=\"https:\/\/mariasimona.com\/secrets-fabrication-turron-jijona\/\">dem traditionellen Rezept <\/a> <\/strong><\/p>\n<ul>\n<li><strong>Nettogewicht:<\/strong> 150gr<\/li>\n<li><strong>Haltbarkeit von Alicante Turron<\/strong> : mindestens 9 Monate. Nach dem \u00d6ffnen werden Sie an einem k\u00fchlen, trockenen, dunklen Ort und fern von Licht und Feuchtigkeit aufbewahrt, entweder in der Originalverpackung oder in Alufolie oder Frischhaltefolie gewickelt, dann in einer luftdichten Schachtel. Wir machen oft den Fehler, Nougat im K\u00fchlschrank zu lagern, was nur seine organoleptischen Eigenschaften sowie sein Aroma und seine Textur ver\u00e4ndert.  <\/li>\n<li><strong>Zutaten<\/strong> : 60 % ger\u00f6stete Mandeln, Zucker, Glukosesirup, 12 % Honig, Waffelschicht (Kartoffelst\u00e4rke und Sonnenblumen\u00f6l) und Eiwei\u00df. Kann Spuren von Erdn\u00fcssen, Sesam und Haseln\u00fcssen enthalten. <\/li>\n<\/ul>\n<p><strong>Dieses Produkt ist glutenfrei und daher f\u00fcr Z\u00f6liakiepatienten geeignet.<\/strong><\/p>\n<p>Maria Simonas Alicante Hardturron tr\u00e4gt eine <a href=\"https:\/\/www.mapa.gob.es\/es\/alimentacion\/temas\/calidad-diferenciada\/dop-igp\/pana_paste\/IGP_TurronJiJona.aspx\">Herkunftsbezeichnung und ist vom Regulierungsrat von Jijona gesch\u00fctzt<\/a>.<\/p>\n<h3>Die Geschichte des Turrons von Alicante<\/h3>\n<p>Obwohl niemand die enge Verbindung zwischen der Stadt Alicante und dieser S\u00fc\u00dfigkeit leugnen kann, ist nicht genau bekannt, wann und wie der &#8222;urspr\u00fcngliche&#8220; Turron erschien. Mandeln und Honig waren bereits in Griechenland und Rom ein g\u00e4ngiges Essen, um olympischen Athleten Energie zu geben. Das spanische Nougat weist auch einige \u00c4hnlichkeiten mit dem arabischen Baklava auf. Es wird allgemein anerkannt, dass das Rezept aus arabischen L\u00e4ndern stammt, aber daf\u00fcr gibt es keinen Beweis.   <\/p>\n<p>In jedem Fall ist diese S\u00fc\u00dfigkeit f\u00fcr die Gemeinde wichtig:<\/p>\n<p>\u2013 Zun\u00e4chst wissen wir, dass Turron bereits 1582 ein wichtiger Teil der Weihnachtskultur in Alicante war, da ein kommunales Dokument aus jener Zeit erw\u00e4hnt, dass die Arbeiter zu Weihnachten spanisches Nougat als Gehalt erhielten.<\/p>\n<p>\u2013 Dann wird im St\u00fcck &#8222;La Generosa Paliza&#8220; von Lope de Rueda aus dem Jahr 1570 der Turrat genannt, um den sich die Handlung dreht, der &#8222;Turron von Alicante&#8220;.<\/p>\n<p>\u2013 Schlie\u00dflich muss 1595 der spanische Nougat eine echte Leidenschaft in der Stadt gewesen sein, denn K\u00f6nig Philipp II. musste einen Brief schreiben, in dem er darum bat, die Ausgaben der Stadt f\u00fcr Turron und Feigenbrot zu begrenzen.<\/p>\n<p>Obwohl die Stadt schlie\u00dflich aufgrund eines Handelsstreits die Produktion spanischer Nougat einstellte, bleibt ihr Name ein Bezugspunkt, der mit der harten Variante dieser Spezialit\u00e4t verbunden ist.<\/p>\n<h3>F\u00fcr weitere Informationen:<\/h3>\n<p>Alle unsere Vorbereitungstipps finden Sie auf <a href=\"https:\/\/mariasimona.com\/\">Maria Simonas Website<\/a>.<\/p>\n<p>Besuchen Sie gerne unseren Blog, um <a href=\"https:\/\/mariasimona.com\/recettes-turron\/\">unsere k\u00f6stlichen Rezepte<\/a> zu entdecken.<\/p>\n<p>Und als Vorspeise \u2013 warum l\u00e4sst du dich nicht von <a href=\"https:\/\/epic-varahamihira.207-180-195-93.plesk.page\/\">den k\u00f6stlichen Relais Gourmet Foies Gras <\/a> verf\u00fchren?<\/p>\n","protected":false},"excerpt":{"rendered":"<p>Alicante Turron ist als harter Turron bekannt wegen seiner knusprigen Textur, des einzigartigen R\u00f6stens der Mandeln und der Mischung aus Honig und Eiwei\u00df. Es ist ein Klassiker! <\/p>\n<p>Maria Simonas Alicante Hard Turron wird nach <a href=\"https:\/\/mariasimona.com\/comment-faire-les-turrons\/\">dem traditionellen Rezept<\/a> hergestellt.<\/p>\n<p>Wir verwenden ausschlie\u00dflich hochwertige spanische Zutaten.<\/p>\n<p>Unser Turron hat eine <a href=\"https:\/\/www.mapa.gob.es\/es\/alimentacion\/temas\/calidad-diferenciada\/dop-igp\/pana_paste\/IGP_TurronJiJona.aspx\">Herkunftsbezeichnung und ist vom Regulierungsrat von Jijona gesch\u00fctzt<\/a>.<\/p>\n","protected":false},"featured_media":64161,"comment_status":"closed","ping_status":"closed","template":"","meta":{"_iconic_wsb_product_page_order_bump_ids":[],"_sku":["3c56750d601a"],"_iconic_wsb_product_page_bump_modal_ids":[]},"product_brand":[],"product_cat":[1670],"product_tag":[2148,2150,2149,2145,2147],"giftcard-category":[],"class_list":{"0":"post-64154","1":"product","2":"type-product","3":"status-publish","4":"has-post-thumbnail","6":"product_cat-spanische-turrons","7":"product_tag-alicante","8":"product_tag-hart","9":"product_tag-knusprig","10":"product_tag-nougat","11":"product_tag-turron","12":"product_shipping_class-standard","14":"first","15":"instock","16":"taxable","17":"shipping-taxable","18":"purchasable","19":"product-type-simple"},"yoast_head":"<!-- This site is optimized with the Yoast SEO Premium plugin v27.3 (Yoast SEO v27.3) - https:\/\/yoast.com\/product\/yoast-seo-premium-wordpress\/ -->\n<title>Harter Turron aus Alicante Spanisch | Relais Gourmet<\/title>\n<meta name=\"description\" content=\"Turron Dur de Alicante: ein knuspriger spanischer Klassiker mit ganzen Mandeln.\" \/>\n<meta name=\"robots\" content=\"index, follow, max-snippet:-1, max-image-preview:large, max-video-preview:-1\" \/>\n<link rel=\"canonical\" href=\"https:\/\/relaisgourmet.com\/de\/produkt\/hard-turron-von-alicante-supreme\/\" \/>\n<meta property=\"og:locale\" content=\"de_DE\" \/>\n<meta property=\"og:type\" content=\"article\" \/>\n<meta property=\"og:title\" content=\"Hard Turron von Alicante Supreme\" \/>\n<meta property=\"og:description\" content=\"Alicante Turron ist als harter Turron bekannt wegen seiner knusprigen Textur, des einzigartigen R\u00f6stens der Mandeln und der Mischung aus Honig und Eiwei\u00df. Es ist ein Klassiker!  Maria Simonas Alicante Hard Turron wird nach dem traditionellen Rezept hergestellt. Wir verwenden ausschlie\u00dflich hochwertige spanische Zutaten. Unser Turron hat eine Herkunftsbezeichnung und ist vom Regulierungsrat von Jijona gesch\u00fctzt.\" \/>\n<meta property=\"og:url\" content=\"https:\/\/relaisgourmet.com\/de\/produkt\/hard-turron-von-alicante-supreme\/\" \/>\n<meta property=\"og:site_name\" content=\"Relais Gourmet\" \/>\n<meta property=\"article:publisher\" content=\"https:\/\/www.facebook.com\/relaisgourmet\/\" \/>\n<meta property=\"article:modified_time\" content=\"2026-04-01T22:43:16+00:00\" \/>\n<meta property=\"og:image\" content=\"https:\/\/relaisgourmet.com\/wp-content\/uploads\/2026\/03\/Alicante-1.jpg\" \/>\n\t<meta property=\"og:image:width\" content=\"600\" \/>\n\t<meta property=\"og:image:height\" content=\"600\" \/>\n\t<meta property=\"og:image:type\" content=\"image\/jpeg\" \/>\n<meta name=\"twitter:card\" content=\"summary_large_image\" \/>\n<meta name=\"twitter:site\" content=\"@relaisgourmet64\" \/>\n<meta name=\"twitter:label1\" content=\"Gesch\u00e4tzte Lesezeit\" \/>\n\t<meta name=\"twitter:data1\" content=\"2\u00a0Minute\" \/>\n<script type=\"application\/ld+json\" class=\"yoast-schema-graph\">{\"@context\":\"https:\\\/\\\/schema.org\",\"@graph\":[{\"@type\":\"WebPage\",\"@id\":\"https:\\\/\\\/relaisgourmet.com\\\/de\\\/produkt\\\/hard-turron-von-alicante-supreme\\\/\",\"url\":\"https:\\\/\\\/relaisgourmet.com\\\/de\\\/produkt\\\/hard-turron-von-alicante-supreme\\\/\",\"name\":\"Harter Turron aus Alicante Spanisch | Relais Gourmet\",\"isPartOf\":{\"@id\":\"https:\\\/\\\/relaisgourmet.com\\\/de\\\/#website\"},\"primaryImageOfPage\":{\"@id\":\"https:\\\/\\\/relaisgourmet.com\\\/de\\\/produkt\\\/hard-turron-von-alicante-supreme\\\/#primaryimage\"},\"image\":{\"@id\":\"https:\\\/\\\/relaisgourmet.com\\\/de\\\/produkt\\\/hard-turron-von-alicante-supreme\\\/#primaryimage\"},\"thumbnailUrl\":\"https:\\\/\\\/relaisgourmet.com\\\/wp-content\\\/uploads\\\/2026\\\/03\\\/Alicante-1.jpg\",\"datePublished\":\"2026-03-10T12:24:47+00:00\",\"dateModified\":\"2026-04-01T22:43:16+00:00\",\"description\":\"Turron Dur de Alicante: ein knuspriger spanischer Klassiker mit ganzen Mandeln.\",\"breadcrumb\":{\"@id\":\"https:\\\/\\\/relaisgourmet.com\\\/de\\\/produkt\\\/hard-turron-von-alicante-supreme\\\/#breadcrumb\"},\"inLanguage\":\"de\",\"potentialAction\":[{\"@type\":\"ReadAction\",\"target\":[\"https:\\\/\\\/relaisgourmet.com\\\/de\\\/produkt\\\/hard-turron-von-alicante-supreme\\\/\"]}]},{\"@type\":\"ImageObject\",\"inLanguage\":\"de\",\"@id\":\"https:\\\/\\\/relaisgourmet.com\\\/de\\\/produkt\\\/hard-turron-von-alicante-supreme\\\/#primaryimage\",\"url\":\"https:\\\/\\\/relaisgourmet.com\\\/wp-content\\\/uploads\\\/2026\\\/03\\\/Alicante-1.jpg\",\"contentUrl\":\"https:\\\/\\\/relaisgourmet.com\\\/wp-content\\\/uploads\\\/2026\\\/03\\\/Alicante-1.jpg\",\"width\":600,\"height\":600},{\"@type\":\"BreadcrumbList\",\"@id\":\"https:\\\/\\\/relaisgourmet.com\\\/de\\\/produkt\\\/hard-turron-von-alicante-supreme\\\/#breadcrumb\",\"itemListElement\":[{\"@type\":\"ListItem\",\"position\":1,\"name\":\"Startseite\",\"item\":\"https:\\\/\\\/relaisgourmet.com\\\/de\\\/startseite\\\/\"},{\"@type\":\"ListItem\",\"position\":2,\"name\":\"Alle unsere Produkte\",\"item\":\"https:\\\/\\\/relaisgourmet.com\\\/de\\\/shop\\\/\"},{\"@type\":\"ListItem\",\"position\":3,\"name\":\"Hard Turron von Alicante Supreme\"}]},{\"@type\":\"WebSite\",\"@id\":\"https:\\\/\\\/relaisgourmet.com\\\/de\\\/#website\",\"url\":\"https:\\\/\\\/relaisgourmet.com\\\/de\\\/\",\"name\":\"Relais Gourmet\",\"description\":\"Foie Gras 100% Fran\u00e7ais\",\"publisher\":{\"@id\":\"https:\\\/\\\/relaisgourmet.com\\\/de\\\/#organization\"},\"potentialAction\":[{\"@type\":\"SearchAction\",\"target\":{\"@type\":\"EntryPoint\",\"urlTemplate\":\"https:\\\/\\\/relaisgourmet.com\\\/de\\\/?s={search_term_string}\"},\"query-input\":{\"@type\":\"PropertyValueSpecification\",\"valueRequired\":true,\"valueName\":\"search_term_string\"}}],\"inLanguage\":\"de\"},{\"@type\":\"Organization\",\"@id\":\"https:\\\/\\\/relaisgourmet.com\\\/de\\\/#organization\",\"name\":\"Relais Gourmet\",\"url\":\"https:\\\/\\\/relaisgourmet.com\\\/de\\\/\",\"logo\":{\"@type\":\"ImageObject\",\"inLanguage\":\"de\",\"@id\":\"https:\\\/\\\/relaisgourmet.com\\\/de\\\/#\\\/schema\\\/logo\\\/image\\\/\",\"url\":\"https:\\\/\\\/relaisgourmet.com\\\/wp-content\\\/uploads\\\/2026\\\/03\\\/yoast-logo-2-relais-gourmet-.png\",\"contentUrl\":\"https:\\\/\\\/relaisgourmet.com\\\/wp-content\\\/uploads\\\/2026\\\/03\\\/yoast-logo-2-relais-gourmet-.png\",\"width\":1200,\"height\":675,\"caption\":\"Relais Gourmet\"},\"image\":{\"@id\":\"https:\\\/\\\/relaisgourmet.com\\\/de\\\/#\\\/schema\\\/logo\\\/image\\\/\"},\"sameAs\":[\"https:\\\/\\\/www.facebook.com\\\/relaisgourmet\\\/\",\"https:\\\/\\\/x.com\\\/relaisgourmet64\",\"https:\\\/\\\/www.instagram.com\\\/relaisgourmetofficiel\",\"https:\\\/\\\/www.pinterest.fr\\\/relaisgourmet\\\/\"],\"email\":\"yaqueche@relaisgourmet.com\",\"telephone\":\"+33 0 5 40 07 07 65\",\"legalName\":\"Relais Gourmet\",\"vatID\":\"FR13482415015\",\"taxID\":\"482415015\"}]}<\/script>\n<!-- \/ Yoast SEO Premium plugin. -->","yoast_head_json":{"title":"Harter Turron aus Alicante Spanisch | Relais Gourmet","description":"Turron Dur de Alicante: ein knuspriger spanischer Klassiker mit ganzen Mandeln.","robots":{"index":"index","follow":"follow","max-snippet":"max-snippet:-1","max-image-preview":"max-image-preview:large","max-video-preview":"max-video-preview:-1"},"canonical":"https:\/\/relaisgourmet.com\/de\/produkt\/hard-turron-von-alicante-supreme\/","og_locale":"de_DE","og_type":"article","og_title":"Hard Turron von Alicante Supreme","og_description":"Alicante Turron ist als harter Turron bekannt wegen seiner knusprigen Textur, des einzigartigen R\u00f6stens der Mandeln und der Mischung aus Honig und Eiwei\u00df. Es ist ein Klassiker!  Maria Simonas Alicante Hard Turron wird nach dem traditionellen Rezept hergestellt. Wir verwenden ausschlie\u00dflich hochwertige spanische Zutaten. Unser Turron hat eine Herkunftsbezeichnung und ist vom Regulierungsrat von Jijona gesch\u00fctzt.","og_url":"https:\/\/relaisgourmet.com\/de\/produkt\/hard-turron-von-alicante-supreme\/","og_site_name":"Relais Gourmet","article_publisher":"https:\/\/www.facebook.com\/relaisgourmet\/","article_modified_time":"2026-04-01T22:43:16+00:00","og_image":[{"width":600,"height":600,"url":"https:\/\/relaisgourmet.com\/wp-content\/uploads\/2026\/03\/Alicante-1.jpg","type":"image\/jpeg"}],"twitter_card":"summary_large_image","twitter_site":"@relaisgourmet64","twitter_misc":{"Gesch\u00e4tzte Lesezeit":"2\u00a0Minute"},"schema":{"@context":"https:\/\/schema.org","@graph":[{"@type":"WebPage","@id":"https:\/\/relaisgourmet.com\/de\/produkt\/hard-turron-von-alicante-supreme\/","url":"https:\/\/relaisgourmet.com\/de\/produkt\/hard-turron-von-alicante-supreme\/","name":"Harter Turron aus Alicante Spanisch | Relais Gourmet","isPartOf":{"@id":"https:\/\/relaisgourmet.com\/de\/#website"},"primaryImageOfPage":{"@id":"https:\/\/relaisgourmet.com\/de\/produkt\/hard-turron-von-alicante-supreme\/#primaryimage"},"image":{"@id":"https:\/\/relaisgourmet.com\/de\/produkt\/hard-turron-von-alicante-supreme\/#primaryimage"},"thumbnailUrl":"https:\/\/relaisgourmet.com\/wp-content\/uploads\/2026\/03\/Alicante-1.jpg","datePublished":"2026-03-10T12:24:47+00:00","dateModified":"2026-04-01T22:43:16+00:00","description":"Turron Dur de Alicante: ein knuspriger spanischer Klassiker mit ganzen Mandeln.","breadcrumb":{"@id":"https:\/\/relaisgourmet.com\/de\/produkt\/hard-turron-von-alicante-supreme\/#breadcrumb"},"inLanguage":"de","potentialAction":[{"@type":"ReadAction","target":["https:\/\/relaisgourmet.com\/de\/produkt\/hard-turron-von-alicante-supreme\/"]}]},{"@type":"ImageObject","inLanguage":"de","@id":"https:\/\/relaisgourmet.com\/de\/produkt\/hard-turron-von-alicante-supreme\/#primaryimage","url":"https:\/\/relaisgourmet.com\/wp-content\/uploads\/2026\/03\/Alicante-1.jpg","contentUrl":"https:\/\/relaisgourmet.com\/wp-content\/uploads\/2026\/03\/Alicante-1.jpg","width":600,"height":600},{"@type":"BreadcrumbList","@id":"https:\/\/relaisgourmet.com\/de\/produkt\/hard-turron-von-alicante-supreme\/#breadcrumb","itemListElement":[{"@type":"ListItem","position":1,"name":"Startseite","item":"https:\/\/relaisgourmet.com\/de\/startseite\/"},{"@type":"ListItem","position":2,"name":"Alle unsere Produkte","item":"https:\/\/relaisgourmet.com\/de\/shop\/"},{"@type":"ListItem","position":3,"name":"Hard Turron von Alicante Supreme"}]},{"@type":"WebSite","@id":"https:\/\/relaisgourmet.com\/de\/#website","url":"https:\/\/relaisgourmet.com\/de\/","name":"Relais Gourmet","description":"Foie Gras 100% Fran\u00e7ais","publisher":{"@id":"https:\/\/relaisgourmet.com\/de\/#organization"},"potentialAction":[{"@type":"SearchAction","target":{"@type":"EntryPoint","urlTemplate":"https:\/\/relaisgourmet.com\/de\/?s={search_term_string}"},"query-input":{"@type":"PropertyValueSpecification","valueRequired":true,"valueName":"search_term_string"}}],"inLanguage":"de"},{"@type":"Organization","@id":"https:\/\/relaisgourmet.com\/de\/#organization","name":"Relais Gourmet","url":"https:\/\/relaisgourmet.com\/de\/","logo":{"@type":"ImageObject","inLanguage":"de","@id":"https:\/\/relaisgourmet.com\/de\/#\/schema\/logo\/image\/","url":"https:\/\/relaisgourmet.com\/wp-content\/uploads\/2026\/03\/yoast-logo-2-relais-gourmet-.png","contentUrl":"https:\/\/relaisgourmet.com\/wp-content\/uploads\/2026\/03\/yoast-logo-2-relais-gourmet-.png","width":1200,"height":675,"caption":"Relais Gourmet"},"image":{"@id":"https:\/\/relaisgourmet.com\/de\/#\/schema\/logo\/image\/"},"sameAs":["https:\/\/www.facebook.com\/relaisgourmet\/","https:\/\/x.com\/relaisgourmet64","https:\/\/www.instagram.com\/relaisgourmetofficiel","https:\/\/www.pinterest.fr\/relaisgourmet\/"],"email":"yaqueche@relaisgourmet.com","telephone":"+33 0 5 40 07 07 65","legalName":"Relais Gourmet","vatID":"FR13482415015","taxID":"482415015"}]}},"_links":{"self":[{"href":"https:\/\/relaisgourmet.com\/de\/wp-json\/wp\/v2\/product\/64154","targetHints":{"allow":["GET"]}}],"collection":[{"href":"https:\/\/relaisgourmet.com\/de\/wp-json\/wp\/v2\/product"}],"about":[{"href":"https:\/\/relaisgourmet.com\/de\/wp-json\/wp\/v2\/types\/product"}],"replies":[{"embeddable":true,"href":"https:\/\/relaisgourmet.com\/de\/wp-json\/wp\/v2\/comments?post=64154"}],"wp:featuredmedia":[{"embeddable":true,"href":"https:\/\/relaisgourmet.com\/de\/wp-json\/wp\/v2\/media\/64161"}],"wp:attachment":[{"href":"https:\/\/relaisgourmet.com\/de\/wp-json\/wp\/v2\/media?parent=64154"}],"wp:term":[{"taxonomy":"product_brand","embeddable":true,"href":"https:\/\/relaisgourmet.com\/de\/wp-json\/wp\/v2\/product_brand?post=64154"},{"taxonomy":"product_cat","embeddable":true,"href":"https:\/\/relaisgourmet.com\/de\/wp-json\/wp\/v2\/product_cat?post=64154"},{"taxonomy":"product_tag","embeddable":true,"href":"https:\/\/relaisgourmet.com\/de\/wp-json\/wp\/v2\/product_tag?post=64154"},{"taxonomy":"giftcard-category","embeddable":true,"href":"https:\/\/relaisgourmet.com\/de\/wp-json\/wp\/v2\/giftcard-category?post=64154"}],"curies":[{"name":"wp","href":"https:\/\/api.w.org\/{rel}","templated":true}]}}