{"id":64097,"date":"2026-03-10T12:24:09","date_gmt":"2026-03-10T12:24:09","guid":{"rendered":"https:\/\/strange-jennings.213-136-85-46.plesk.page\/product\/quintessenz-von-foie-gras-und-geraeucherter-entenbrust\/"},"modified":"2026-04-01T22:36:12","modified_gmt":"2026-04-01T22:36:12","slug":"quintessenz-von-foie-gras-und-geraeucherter-entenbrust","status":"publish","type":"product","link":"https:\/\/relaisgourmet.com\/de\/produkt\/quintessenz-von-foie-gras-und-geraeucherter-entenbrust\/","title":{"rendered":"Quintessenz von Foie Gras und ger\u00e4ucherter Entenbrust"},"content":{"rendered":"<p><span style=\"font-weight: 400;\">Dieses kulinarische Meisterwerk vereint die besten Zutaten zu einer unverwechselbaren Geschmacksmischung. <strong> Die Quintessenz von Foie Gras und ger\u00e4ucherter Entenbrust<\/strong> bietet einen echten Genuss f\u00fcr die Geschmacksknospen. Die <\/span>reiche Textur und Tiefe von<span style=\"font-weight: 400;\"> Foie Gras werden perfekt mit dem <\/span><b>Duft und der Finesse <\/b><span style=\"font-weight: 400;\">von R\u00e4ucherter Entenbrust kombiniert und sorgt f\u00fcr ein unvergleichliches Geschmackserlebnis. Wenn du diese Harmonie einmal gekostet hast, kannst du nicht mehr darauf verzichten! <\/span> <\/p>\n<p><b>Garantiert ohne Konservierungsmittel, Zusatzstoffe und Farbstoffe.<\/b><\/p>\n<p><b>Zutaten: <\/b><span style=\"font-weight: 400;\">Whole Duck Foie Gras 20%, Entenfett und mager, Schweinekr\u00f6hren, Entenbrust, Ei, Milch, Salz, Gew\u00fcrze.<\/span><\/p>\n<p><b>Keller:<\/b><span style=\"font-weight: 400;\"> 3 Jahre bei Zimmertemperatur. <\/span><span style=\"font-weight: 400;\">Nach dem \u00d6ffnen verzehre es innerhalb von 15 Tagen und lagere es im K\u00fchlschrank. <\/span> <\/p>\n<p><span style=\"font-weight: 400;\">Alle unsere Tipps und <a href=\"\/?page_id=33969\">Tricks <\/a>zur Zubereitung unserer Quintessenz von Foie Gras und R\u00e4ucherierter Entenbrust finden Sie im Blog-Bereich sowie auf unserer <a href=\"https:\/\/www.instagram.com\/relaisgourmetofficiel\/\">Instagram-Seite.<\/a><\/span><\/p>\n","protected":false},"excerpt":{"rendered":"<p><span style=\"vertical-align: inherit;\"><span style=\"vertical-align: inherit;\">Unsere Quintessenz aus Foie Gras und ger\u00e4ucherter Entenbrust mit einem einzigartigen Geschmack!<\/span><\/span><\/p>\n<p><img decoding=\"async\" class=\"emoji\" role=\"img\" draggable=\"false\" src=\"https:\/\/s.w.org\/images\/core\/emoji\/15.0.3\/svg\/1f1eb-1f1f7.svg\" alt=\"\ud83c\uddeb\ud83c\uddf7\"> Garantiert 100 % franz\u00f6sische<br \/>\n\u2714 Produktion Garantiert ohne Konservierungsmittel, Zusatzstoffe und Farbstoffe.<br \/>\nGelbe Maisgef\u00fctterte Enten, Schneller Versand weltweit<br \/>\n\ud83d\udd53, h\u00e4lt 3 Jahre sichere\ud83d\udd10<br \/>\n Zahlungszeit<\/p>\n<p>Nettogewicht: 180g\ud83d\ude9a<br \/>\n \ud83c\udf43<\/p>\n","protected":false},"featured_media":64098,"comment_status":"open","ping_status":"closed","template":"","meta":{"_iconic_wsb_product_page_order_bump_ids":[[59370,64092]],"_sku":["3760342081095"],"_iconic_wsb_product_page_bump_modal_ids":[[]]},"product_brand":[],"product_cat":[1660],"product_tag":[2107,2110,2109,2025,1661,2108,2104,2106,2105,1749],"giftcard-category":[],"class_list":{"0":"post-64097","1":"product","2":"type-product","3":"status-publish","4":"has-post-thumbnail","6":"product_cat-ganze-foie-gras","7":"product_tag-foie-gras-pate","8":"product_tag-foie-gras-und-geraucherte-entenbrust","9":"product_tag-foie-gras-verrine","10":"product_tag-klassisch","11":"product_tag-made-in-frankreich","12":"product_tag-quintessenz","13":"product_tag-raucherte-ente","14":"product_tag-raucherte-entenbrust","15":"product_tag-raucherte-entenbrust-und-foie-gras","16":"product_tag-tipoclasico","17":"product_shipping_class-tva-5-5","19":"first","20":"instock","21":"taxable","22":"shipping-taxable","23":"purchasable","24":"product-type-simple"},"yoast_head":"<!-- This site is optimized with the Yoast SEO Premium plugin v27.3 (Yoast SEO v27.3) - https:\/\/yoast.com\/product\/yoast-seo-premium-wordpress\/ -->\n<title>Quintessenz von Foie Gras und ger\u00e4ucherter Entenbrust &#8211; Relais Gourmet<\/title>\n<meta name=\"description\" content=\"Quintessence-Box: Die raffinierte Verbindung von Foie Gras und ger\u00e4uchertem Entenbrust, in einem exklusiven Format.\" \/>\n<meta name=\"robots\" content=\"index, follow, max-snippet:-1, max-image-preview:large, max-video-preview:-1\" \/>\n<link rel=\"canonical\" href=\"https:\/\/relaisgourmet.com\/de\/produkt\/quintessenz-von-foie-gras-und-geraeucherter-entenbrust\/\" \/>\n<meta property=\"og:locale\" content=\"de_DE\" \/>\n<meta property=\"og:type\" content=\"article\" \/>\n<meta property=\"og:title\" content=\"Quintessenz von Foie Gras und ger\u00e4ucherter Entenbrust\" \/>\n<meta property=\"og:description\" content=\"Unsere Quintessenz aus Foie Gras und ger\u00e4ucherter Entenbrust mit einem einzigartigen Geschmack!  Garantiert 100 % franz\u00f6sische \u2714 Produktion Garantiert ohne Konservierungsmittel, Zusatzstoffe und Farbstoffe. Gelbe Maisgef\u00fctterte Enten, Schneller Versand weltweit \ud83d\udd53, h\u00e4lt 3 Jahre sichere\ud83d\udd10 Zahlungszeit Nettogewicht: 180g\ud83d\ude9a \ud83c\udf43\" \/>\n<meta property=\"og:url\" content=\"https:\/\/relaisgourmet.com\/de\/produkt\/quintessenz-von-foie-gras-und-geraeucherter-entenbrust\/\" \/>\n<meta property=\"og:site_name\" content=\"Relais Gourmet\" \/>\n<meta property=\"article:publisher\" content=\"https:\/\/www.facebook.com\/relaisgourmet\/\" \/>\n<meta property=\"article:modified_time\" content=\"2026-04-01T22:36:12+00:00\" \/>\n<meta property=\"og:image\" content=\"https:\/\/relaisgourmet.com\/wp-content\/uploads\/2026\/03\/Apero-Quintessence-1-scaled-1.jpg\" \/>\n\t<meta property=\"og:image:width\" content=\"2560\" \/>\n\t<meta property=\"og:image:height\" content=\"2560\" \/>\n\t<meta property=\"og:image:type\" content=\"image\/jpeg\" \/>\n<meta name=\"twitter:card\" content=\"summary_large_image\" \/>\n<meta name=\"twitter:site\" content=\"@relaisgourmet64\" \/>\n<meta name=\"twitter:label1\" content=\"Gesch\u00e4tzte Lesezeit\" \/>\n\t<meta name=\"twitter:data1\" content=\"1\u00a0Minute\" \/>\n<script type=\"application\/ld+json\" class=\"yoast-schema-graph\">{\"@context\":\"https:\\\/\\\/schema.org\",\"@graph\":[{\"@type\":\"WebPage\",\"@id\":\"https:\\\/\\\/relaisgourmet.com\\\/de\\\/produkt\\\/quintessenz-von-foie-gras-und-geraeucherter-entenbrust\\\/\",\"url\":\"https:\\\/\\\/relaisgourmet.com\\\/de\\\/produkt\\\/quintessenz-von-foie-gras-und-geraeucherter-entenbrust\\\/\",\"name\":\"Quintessenz von Foie Gras und ger\u00e4ucherter Entenbrust &#8211; Relais Gourmet\",\"isPartOf\":{\"@id\":\"https:\\\/\\\/relaisgourmet.com\\\/de\\\/#website\"},\"primaryImageOfPage\":{\"@id\":\"https:\\\/\\\/relaisgourmet.com\\\/de\\\/produkt\\\/quintessenz-von-foie-gras-und-geraeucherter-entenbrust\\\/#primaryimage\"},\"image\":{\"@id\":\"https:\\\/\\\/relaisgourmet.com\\\/de\\\/produkt\\\/quintessenz-von-foie-gras-und-geraeucherter-entenbrust\\\/#primaryimage\"},\"thumbnailUrl\":\"https:\\\/\\\/relaisgourmet.com\\\/wp-content\\\/uploads\\\/2026\\\/03\\\/Apero-Quintessence-1-scaled-1.jpg\",\"datePublished\":\"2026-03-10T12:24:09+00:00\",\"dateModified\":\"2026-04-01T22:36:12+00:00\",\"description\":\"Quintessence-Box: Die raffinierte Verbindung von Foie Gras und ger\u00e4uchertem Entenbrust, in einem exklusiven Format.\",\"breadcrumb\":{\"@id\":\"https:\\\/\\\/relaisgourmet.com\\\/de\\\/produkt\\\/quintessenz-von-foie-gras-und-geraeucherter-entenbrust\\\/#breadcrumb\"},\"inLanguage\":\"de\",\"potentialAction\":[{\"@type\":\"ReadAction\",\"target\":[\"https:\\\/\\\/relaisgourmet.com\\\/de\\\/produkt\\\/quintessenz-von-foie-gras-und-geraeucherter-entenbrust\\\/\"]}]},{\"@type\":\"ImageObject\",\"inLanguage\":\"de\",\"@id\":\"https:\\\/\\\/relaisgourmet.com\\\/de\\\/produkt\\\/quintessenz-von-foie-gras-und-geraeucherter-entenbrust\\\/#primaryimage\",\"url\":\"https:\\\/\\\/relaisgourmet.com\\\/wp-content\\\/uploads\\\/2026\\\/03\\\/Apero-Quintessence-1-scaled-1.jpg\",\"contentUrl\":\"https:\\\/\\\/relaisgourmet.com\\\/wp-content\\\/uploads\\\/2026\\\/03\\\/Apero-Quintessence-1-scaled-1.jpg\",\"width\":2560,\"height\":2560},{\"@type\":\"BreadcrumbList\",\"@id\":\"https:\\\/\\\/relaisgourmet.com\\\/de\\\/produkt\\\/quintessenz-von-foie-gras-und-geraeucherter-entenbrust\\\/#breadcrumb\",\"itemListElement\":[{\"@type\":\"ListItem\",\"position\":1,\"name\":\"Startseite\",\"item\":\"https:\\\/\\\/relaisgourmet.com\\\/de\\\/startseite\\\/\"},{\"@type\":\"ListItem\",\"position\":2,\"name\":\"Alle unsere Produkte\",\"item\":\"https:\\\/\\\/relaisgourmet.com\\\/de\\\/shop\\\/\"},{\"@type\":\"ListItem\",\"position\":3,\"name\":\"Quintessenz von Foie Gras und ger\u00e4ucherter Entenbrust\"}]},{\"@type\":\"WebSite\",\"@id\":\"https:\\\/\\\/relaisgourmet.com\\\/de\\\/#website\",\"url\":\"https:\\\/\\\/relaisgourmet.com\\\/de\\\/\",\"name\":\"Relais Gourmet\",\"description\":\"Foie Gras 100% Fran\u00e7ais\",\"publisher\":{\"@id\":\"https:\\\/\\\/relaisgourmet.com\\\/de\\\/#organization\"},\"potentialAction\":[{\"@type\":\"SearchAction\",\"target\":{\"@type\":\"EntryPoint\",\"urlTemplate\":\"https:\\\/\\\/relaisgourmet.com\\\/de\\\/?s={search_term_string}\"},\"query-input\":{\"@type\":\"PropertyValueSpecification\",\"valueRequired\":true,\"valueName\":\"search_term_string\"}}],\"inLanguage\":\"de\"},{\"@type\":\"Organization\",\"@id\":\"https:\\\/\\\/relaisgourmet.com\\\/de\\\/#organization\",\"name\":\"Relais Gourmet\",\"url\":\"https:\\\/\\\/relaisgourmet.com\\\/de\\\/\",\"logo\":{\"@type\":\"ImageObject\",\"inLanguage\":\"de\",\"@id\":\"https:\\\/\\\/relaisgourmet.com\\\/de\\\/#\\\/schema\\\/logo\\\/image\\\/\",\"url\":\"https:\\\/\\\/relaisgourmet.com\\\/wp-content\\\/uploads\\\/2026\\\/03\\\/yoast-logo-2-relais-gourmet-.png\",\"contentUrl\":\"https:\\\/\\\/relaisgourmet.com\\\/wp-content\\\/uploads\\\/2026\\\/03\\\/yoast-logo-2-relais-gourmet-.png\",\"width\":1200,\"height\":675,\"caption\":\"Relais Gourmet\"},\"image\":{\"@id\":\"https:\\\/\\\/relaisgourmet.com\\\/de\\\/#\\\/schema\\\/logo\\\/image\\\/\"},\"sameAs\":[\"https:\\\/\\\/www.facebook.com\\\/relaisgourmet\\\/\",\"https:\\\/\\\/x.com\\\/relaisgourmet64\",\"https:\\\/\\\/www.instagram.com\\\/relaisgourmetofficiel\",\"https:\\\/\\\/www.pinterest.fr\\\/relaisgourmet\\\/\"],\"email\":\"yaqueche@relaisgourmet.com\",\"telephone\":\"+33 0 5 40 07 07 65\",\"legalName\":\"Relais Gourmet\",\"vatID\":\"FR13482415015\",\"taxID\":\"482415015\"}]}<\/script>\n<!-- \/ Yoast SEO Premium plugin. -->","yoast_head_json":{"title":"Quintessenz von Foie Gras und ger\u00e4ucherter Entenbrust &#8211; Relais Gourmet","description":"Quintessence-Box: Die raffinierte Verbindung von Foie Gras und ger\u00e4uchertem Entenbrust, in einem exklusiven Format.","robots":{"index":"index","follow":"follow","max-snippet":"max-snippet:-1","max-image-preview":"max-image-preview:large","max-video-preview":"max-video-preview:-1"},"canonical":"https:\/\/relaisgourmet.com\/de\/produkt\/quintessenz-von-foie-gras-und-geraeucherter-entenbrust\/","og_locale":"de_DE","og_type":"article","og_title":"Quintessenz von Foie Gras und ger\u00e4ucherter Entenbrust","og_description":"Unsere Quintessenz aus Foie Gras und ger\u00e4ucherter Entenbrust mit einem einzigartigen Geschmack!  Garantiert 100 % franz\u00f6sische \u2714 Produktion Garantiert ohne Konservierungsmittel, Zusatzstoffe und Farbstoffe. Gelbe Maisgef\u00fctterte Enten, Schneller Versand weltweit \ud83d\udd53, h\u00e4lt 3 Jahre sichere\ud83d\udd10 Zahlungszeit Nettogewicht: 180g\ud83d\ude9a \ud83c\udf43","og_url":"https:\/\/relaisgourmet.com\/de\/produkt\/quintessenz-von-foie-gras-und-geraeucherter-entenbrust\/","og_site_name":"Relais Gourmet","article_publisher":"https:\/\/www.facebook.com\/relaisgourmet\/","article_modified_time":"2026-04-01T22:36:12+00:00","og_image":[{"width":2560,"height":2560,"url":"https:\/\/relaisgourmet.com\/wp-content\/uploads\/2026\/03\/Apero-Quintessence-1-scaled-1.jpg","type":"image\/jpeg"}],"twitter_card":"summary_large_image","twitter_site":"@relaisgourmet64","twitter_misc":{"Gesch\u00e4tzte Lesezeit":"1\u00a0Minute"},"schema":{"@context":"https:\/\/schema.org","@graph":[{"@type":"WebPage","@id":"https:\/\/relaisgourmet.com\/de\/produkt\/quintessenz-von-foie-gras-und-geraeucherter-entenbrust\/","url":"https:\/\/relaisgourmet.com\/de\/produkt\/quintessenz-von-foie-gras-und-geraeucherter-entenbrust\/","name":"Quintessenz von Foie Gras und ger\u00e4ucherter Entenbrust &#8211; Relais Gourmet","isPartOf":{"@id":"https:\/\/relaisgourmet.com\/de\/#website"},"primaryImageOfPage":{"@id":"https:\/\/relaisgourmet.com\/de\/produkt\/quintessenz-von-foie-gras-und-geraeucherter-entenbrust\/#primaryimage"},"image":{"@id":"https:\/\/relaisgourmet.com\/de\/produkt\/quintessenz-von-foie-gras-und-geraeucherter-entenbrust\/#primaryimage"},"thumbnailUrl":"https:\/\/relaisgourmet.com\/wp-content\/uploads\/2026\/03\/Apero-Quintessence-1-scaled-1.jpg","datePublished":"2026-03-10T12:24:09+00:00","dateModified":"2026-04-01T22:36:12+00:00","description":"Quintessence-Box: Die raffinierte Verbindung von Foie Gras und ger\u00e4uchertem Entenbrust, in einem exklusiven Format.","breadcrumb":{"@id":"https:\/\/relaisgourmet.com\/de\/produkt\/quintessenz-von-foie-gras-und-geraeucherter-entenbrust\/#breadcrumb"},"inLanguage":"de","potentialAction":[{"@type":"ReadAction","target":["https:\/\/relaisgourmet.com\/de\/produkt\/quintessenz-von-foie-gras-und-geraeucherter-entenbrust\/"]}]},{"@type":"ImageObject","inLanguage":"de","@id":"https:\/\/relaisgourmet.com\/de\/produkt\/quintessenz-von-foie-gras-und-geraeucherter-entenbrust\/#primaryimage","url":"https:\/\/relaisgourmet.com\/wp-content\/uploads\/2026\/03\/Apero-Quintessence-1-scaled-1.jpg","contentUrl":"https:\/\/relaisgourmet.com\/wp-content\/uploads\/2026\/03\/Apero-Quintessence-1-scaled-1.jpg","width":2560,"height":2560},{"@type":"BreadcrumbList","@id":"https:\/\/relaisgourmet.com\/de\/produkt\/quintessenz-von-foie-gras-und-geraeucherter-entenbrust\/#breadcrumb","itemListElement":[{"@type":"ListItem","position":1,"name":"Startseite","item":"https:\/\/relaisgourmet.com\/de\/startseite\/"},{"@type":"ListItem","position":2,"name":"Alle unsere Produkte","item":"https:\/\/relaisgourmet.com\/de\/shop\/"},{"@type":"ListItem","position":3,"name":"Quintessenz von Foie Gras und ger\u00e4ucherter Entenbrust"}]},{"@type":"WebSite","@id":"https:\/\/relaisgourmet.com\/de\/#website","url":"https:\/\/relaisgourmet.com\/de\/","name":"Relais Gourmet","description":"Foie Gras 100% Fran\u00e7ais","publisher":{"@id":"https:\/\/relaisgourmet.com\/de\/#organization"},"potentialAction":[{"@type":"SearchAction","target":{"@type":"EntryPoint","urlTemplate":"https:\/\/relaisgourmet.com\/de\/?s={search_term_string}"},"query-input":{"@type":"PropertyValueSpecification","valueRequired":true,"valueName":"search_term_string"}}],"inLanguage":"de"},{"@type":"Organization","@id":"https:\/\/relaisgourmet.com\/de\/#organization","name":"Relais Gourmet","url":"https:\/\/relaisgourmet.com\/de\/","logo":{"@type":"ImageObject","inLanguage":"de","@id":"https:\/\/relaisgourmet.com\/de\/#\/schema\/logo\/image\/","url":"https:\/\/relaisgourmet.com\/wp-content\/uploads\/2026\/03\/yoast-logo-2-relais-gourmet-.png","contentUrl":"https:\/\/relaisgourmet.com\/wp-content\/uploads\/2026\/03\/yoast-logo-2-relais-gourmet-.png","width":1200,"height":675,"caption":"Relais Gourmet"},"image":{"@id":"https:\/\/relaisgourmet.com\/de\/#\/schema\/logo\/image\/"},"sameAs":["https:\/\/www.facebook.com\/relaisgourmet\/","https:\/\/x.com\/relaisgourmet64","https:\/\/www.instagram.com\/relaisgourmetofficiel","https:\/\/www.pinterest.fr\/relaisgourmet\/"],"email":"yaqueche@relaisgourmet.com","telephone":"+33 0 5 40 07 07 65","legalName":"Relais Gourmet","vatID":"FR13482415015","taxID":"482415015"}]}},"_links":{"self":[{"href":"https:\/\/relaisgourmet.com\/de\/wp-json\/wp\/v2\/product\/64097","targetHints":{"allow":["GET"]}}],"collection":[{"href":"https:\/\/relaisgourmet.com\/de\/wp-json\/wp\/v2\/product"}],"about":[{"href":"https:\/\/relaisgourmet.com\/de\/wp-json\/wp\/v2\/types\/product"}],"replies":[{"embeddable":true,"href":"https:\/\/relaisgourmet.com\/de\/wp-json\/wp\/v2\/comments?post=64097"}],"wp:featuredmedia":[{"embeddable":true,"href":"https:\/\/relaisgourmet.com\/de\/wp-json\/wp\/v2\/media\/64098"}],"wp:attachment":[{"href":"https:\/\/relaisgourmet.com\/de\/wp-json\/wp\/v2\/media?parent=64097"}],"wp:term":[{"taxonomy":"product_brand","embeddable":true,"href":"https:\/\/relaisgourmet.com\/de\/wp-json\/wp\/v2\/product_brand?post=64097"},{"taxonomy":"product_cat","embeddable":true,"href":"https:\/\/relaisgourmet.com\/de\/wp-json\/wp\/v2\/product_cat?post=64097"},{"taxonomy":"product_tag","embeddable":true,"href":"https:\/\/relaisgourmet.com\/de\/wp-json\/wp\/v2\/product_tag?post=64097"},{"taxonomy":"giftcard-category","embeddable":true,"href":"https:\/\/relaisgourmet.com\/de\/wp-json\/wp\/v2\/giftcard-category?post=64097"}],"curies":[{"name":"wp","href":"https:\/\/api.w.org\/{rel}","templated":true}]}}