{"id":63961,"date":"2026-03-10T12:27:02","date_gmt":"2026-03-10T12:27:02","guid":{"rendered":"https:\/\/strange-jennings.213-136-85-46.plesk.page\/product\/die-ganze-gansfoie-gras-tradition\/"},"modified":"2026-04-01T22:33:50","modified_gmt":"2026-04-01T22:33:50","slug":"die-ganze-gansfoie-gras-tradition","status":"publish","type":"product","link":"https:\/\/relaisgourmet.com\/de\/produkt\/die-ganze-gansfoie-gras-tradition\/","title":{"rendered":"Die ganze Gansfoie-Gras-Tradition"},"content":{"rendered":"<p data-start=\"516\" data-end=\"850\"><strong>Relais Gourmets gesamte handwerkliche G\u00e4nse-Foie Gras (limitierte Produktion)<\/strong> ist ein au\u00dfergew\u00f6hnliches Produkt, das die gro\u00dfe franz\u00f6sische Gastronomietradition symbolisiert. Hergestellt aus sorgf\u00e4ltig ausgew\u00e4hlten ganzen Lappen, verk\u00f6rpert er die Authentizit\u00e4t des <strong data-start=\"751\" data-end=\"771\">franz\u00f6sischen Terroirs<\/strong> und die Finesse eines <strong data-start=\"791\" data-end=\"849\">\u00fcber Generationen weitergegebenen handwerklichen Know-hows<\/strong>. <\/p>\n<p data-start=\"852\" data-end=\"1235\">Diese handwerkliche G\u00e4ns-Foie Gras zeichnet sich durch ihre schmelzende Textur, ihren feinen Geschmack und ihre aromatische F\u00fclle aus. Sie spiegelt die Edelheit der G\u00e4nseleber wider, die als subtiler als Entenleber bekannt ist und besonders bei Feinschmeckern beliebt ist. Die Herstellung basiert auf einem <strong data-start=\"1129\" data-end=\"1155\">traditionellen franz\u00f6sischen Rezept<\/strong> , das die Produkte, die Zubereitungszeiten und die Herkunft respektiert.  <\/p>\n<p data-start=\"1237\" data-end=\"1538\">Relais Gourmet verwendet nat\u00fcrliche, gesunde und reine Zutaten. Sie f\u00fcgen keine Konservierungsmittel, Zusatzstoffe oder Farbstoffe hinzu. Sie begn\u00fcgen sich mit dem Wesentlichen: ganzg\u00e4nser Foie Gras, Salz und Pfeffer. Jedes Glas wird von Hand gef\u00fcllt und dann f\u00fcr eine optimale Konservierung in ein Glas gestellt.   <\/p>\n<article class=\"text-token-text-primary w-full\" dir=\"auto\" data-testid=\"conversation-turn-44\" data-scroll-anchor=\"true\">\n<div class=\"text-base my-auto mx-auto py-5 [--thread-content-margin:--spacing(4)] @[37rem]:[--thread-content-margin:--spacing(6)] @[72rem]:[--thread-content-margin:--spacing(16)] px-(--thread-content-margin)\">\n<div class=\"[--thread-content-max-width:32rem] @[34rem]:[--thread-content-max-width:40rem] @[64rem]:[--thread-content-max-width:48rem] mx-auto flex max-w-(--thread-content-max-width) flex-1 text-base gap-4 md:gap-5 lg:gap-6 group\/turn-messages focus-visible:outline-hidden\" tabindex=\"-1\">\n<div class=\"group\/conversation-turn relative flex w-full min-w-0 flex-col agent-turn\">\n<div class=\"relative flex-col gap-1 md:gap-3\">\n<div class=\"flex max-w-full flex-col grow\">\n<div class=\"min-h-8 text-message relative flex w-full flex-col items-end gap-2 text-start break-words whitespace-normal [.text-message+&amp;]:mt-5\" dir=\"auto\" data-message-author-role=\"assistant\" data-message-id=\"8a734fe8-7629-4d2b-9657-e74ecd422f9f\" data-message-model-slug=\"gpt-4o\">\n<div class=\"flex w-full flex-col gap-1 empty:hidden first:pt-[3px]\">\n<div class=\"markdown prose dark:prose-invert w-full break-words light\">\n<p data-start=\"45\" data-end=\"210\">Sie k\u00f6nnen es bei<strong data-start=\"45\" data-end=\"210\" data-is-last-node=\"\"> Festmahlzeiten<\/strong> servieren, in eine<strong data-start=\"45\" data-end=\"210\" data-is-last-node=\"\"> Geschenkbox oder einen Gourmet-Korb <\/strong>legen oder als<strong data-start=\"45\" data-end=\"210\" data-is-last-node=\"\"> prestigetr\u00e4chtiges Gourmetgeschenk verschenken. <\/strong>Es passt perfekt zu leicht getoastetem Brot, Zwiebelconfit oder Feigenkompot und einem Glas s\u00fc\u00dfen Wein. Entdecken Sie alle unsere Begleiter-Tipps in unserem Artikel <a href=\"https:\/\/epic-varahamihira.207-180-195-93.plesk.page\/l-art-de-l-accompagnement-du-foie-gras\/\">Die Kunst, Foie Gras zu begleiten<\/a>. <\/p>\n<\/div>\n<\/div>\n<\/div>\n<\/div>\n<\/div>\n<\/div>\n<\/div>\n<\/div>\n<\/article>\n<p data-start=\"1866\" data-end=\"2037\"><strong data-start=\"1866\" data-end=\"1883\">Zutaten:<\/strong> Ganze Gans-Foiegras, Salz, Pfeffer.<br data-start=\"1920\" data-end=\"1923\"><strong data-start=\"1923\" data-end=\"1941\">Keller:<\/strong> 3 Jahre bei Zimmertemperatur. Nach dem \u00d6ffnen gek\u00fchlt aufbewahren und innerhalb von 15 Tagen konsumieren. <\/p>\n<p data-start=\"2039\" data-end=\"2147\">Alle unsere Verkostungstipps und kulinarischen Inspirationen finden Sie auf unserem <a href=\"https:\/\/epic-varahamihira.207-180-195-93.plesk.page\/blog-foies-gras-actualite\/\">Blog<\/a> und <a href=\"https:\/\/www.instagram.com\/relaisgourmetofficiel\/\">auf unserer Instagram-Seite<\/a>.<\/p>\n","protected":false},"excerpt":{"rendered":"<div class=\"text-base my-auto mx-auto py-5 [--thread-content-margin:--spacing(4)] @[37rem]:[--thread-content-margin:--spacing(6)] @[72rem]:[--thread-content-margin:--spacing(16)] px-(--thread-content-margin)\">\n<div class=\"[--thread-content-max-width:32rem] @[34rem]:[--thread-content-max-width:40rem] @[64rem]:[--thread-content-max-width:48rem] mx-auto flex max-w-(--thread-content-max-width) flex-1 text-base gap-4 md:gap-5 lg:gap-6 group\/turn-messages focus-visible:outline-hidden\" tabindex=\"-1\">\n<div class=\"group\/conversation-turn relative flex w-full min-w-0 flex-col agent-turn\">\n<div class=\"relative flex-col gap-1 md:gap-3\">\n<div class=\"flex max-w-full flex-col grow\">\n<div class=\"min-h-8 text-message relative flex w-full flex-col items-end gap-2 text-start break-words whitespace-normal [.text-message+&amp;]:mt-5\" dir=\"auto\" data-message-author-role=\"assistant\" data-message-id=\"d22bd784-1d95-4766-8f87-306743fc1983\" data-message-model-slug=\"gpt-4o\">\n<div class=\"flex w-full flex-col gap-1 empty:hidden first:pt-[3px]\">\n<div class=\"markdown prose dark:prose-invert w-full break-words light\">\n<p class=\"\" data-start=\"0\" data-end=\"145\">Die Finesse von Goose Foie Gras vermischt sich subtil mit der Reichhaltigkeit der Gew\u00fcrze und enth\u00fcllt authentische und zart w\u00fcrzige Aromen.<\/p>\n<\/div>\n<\/div>\n<\/div>\n<\/div>\n<\/div>\n<\/div>\n<\/div>\n<\/div>\n<p>\ud83c\uddeb\ud83c\uddf7 Begrenzte Produktion garantiert 100 % franz\u00f6sisch,<br \/>\n \u2714 garantiert ohne Konservierungsstoffe, Zusatzstoffe und Farbstoffe.<br \/>\nKunstgef\u00fctterte\ud83d\ude9a<br \/>\n G\u00e4nse Schnelle Lieferung weltweit\ud83d\udd53<br \/>\n Bleibt 3 Jahre<br \/>\n\ud83d\udd10 Sichere Zahlung \ud83c\udf43<\/p>\n<p>Nettogewicht: 200g<\/p>\n","protected":false},"featured_media":63962,"comment_status":"closed","ping_status":"closed","template":"","meta":{"_iconic_wsb_product_page_order_bump_ids":[[59370,59391]],"_sku":["3760342080494"],"_iconic_wsb_product_page_bump_modal_ids":[[]]},"product_brand":[],"product_cat":[1807],"product_tag":[1809,1750,1751,1810,1752,1814,1819,1811,1815,1817,1816,1813,1812,1818,1661,1749],"giftcard-category":[],"class_list":{"0":"post-63961","1":"product","2":"type-product","3":"status-publish","4":"has-post-thumbnail","6":"product_cat-begrenzte-serien","7":"product_tag-180g","8":"product_tag-2-teile","9":"product_tag-4-5-portionen","10":"product_tag-400g","11":"product_tag-80g","12":"product_tag-baskisches-foie-gras","13":"product_tag-einschrankungen","14":"product_tag-espelette","15":"product_tag-espelette-foie-gras","16":"product_tag-foie-gras-chili","17":"product_tag-foie-gras-espellette","18":"product_tag-foie-gras-mit-baskischer-pfeffer","19":"product_tag-foie-gras-mit-chili","20":"product_tag-gans-foie-gras","21":"product_tag-made-in-frankreich","22":"product_tag-tipoclasico","23":"product_shipping_class-tva-5-5","25":"first","26":"instock","27":"taxable","28":"shipping-taxable","29":"purchasable","30":"product-type-simple"},"yoast_head":"<!-- This site is optimized with the Yoast SEO Premium plugin v27.3 (Yoast SEO v27.3) - https:\/\/yoast.com\/product\/yoast-seo-premium-wordpress\/ -->\n<title>Die ganze Gansfoie-Gras-Tradition &#8211; Relais Gourmet<\/title>\n<meta name=\"description\" content=\"Handwerkliches ganses Foie Gras, 100 % nat\u00fcrlich, ohne Zusatzstoffe. Authentisches franz\u00f6sisches Rezept. Begrenzte Produktion, einzigartiger Geschmack\" \/>\n<meta name=\"robots\" content=\"index, follow, max-snippet:-1, max-image-preview:large, max-video-preview:-1\" \/>\n<link rel=\"canonical\" href=\"https:\/\/relaisgourmet.com\/de\/produkt\/die-ganze-gansfoie-gras-tradition\/\" \/>\n<meta property=\"og:locale\" content=\"de_DE\" \/>\n<meta property=\"og:type\" content=\"article\" \/>\n<meta property=\"og:title\" content=\"Die ganze Gansfoie-Gras-Tradition\" \/>\n<meta property=\"og:description\" content=\"Die Finesse von Goose Foie Gras vermischt sich subtil mit der Reichhaltigkeit der Gew\u00fcrze und enth\u00fcllt authentische und zart w\u00fcrzige Aromen.     \ud83c\uddeb\ud83c\uddf7 Begrenzte Produktion garantiert 100 % franz\u00f6sisch, \u2714 garantiert ohne Konservierungsstoffe, Zusatzstoffe und Farbstoffe. Kunstgef\u00fctterte\ud83d\ude9a G\u00e4nse Schnelle Lieferung weltweit\ud83d\udd53 Bleibt 3 Jahre \ud83d\udd10 Sichere Zahlung \ud83c\udf43 Nettogewicht: 200g\" \/>\n<meta property=\"og:url\" content=\"https:\/\/relaisgourmet.com\/de\/produkt\/die-ganze-gansfoie-gras-tradition\/\" \/>\n<meta property=\"og:site_name\" content=\"Relais Gourmet\" \/>\n<meta property=\"article:publisher\" content=\"https:\/\/www.facebook.com\/relaisgourmet\/\" \/>\n<meta property=\"article:modified_time\" content=\"2026-04-01T22:33:50+00:00\" \/>\n<meta property=\"og:image\" content=\"https:\/\/relaisgourmet.com\/wp-content\/uploads\/2026\/03\/Oie-min-scaled-1.webp\" \/>\n\t<meta property=\"og:image:width\" content=\"1920\" \/>\n\t<meta property=\"og:image:height\" content=\"1920\" \/>\n\t<meta property=\"og:image:type\" content=\"image\/webp\" \/>\n<meta name=\"twitter:card\" content=\"summary_large_image\" \/>\n<meta name=\"twitter:site\" content=\"@relaisgourmet64\" \/>\n<meta name=\"twitter:label1\" content=\"Gesch\u00e4tzte Lesezeit\" \/>\n\t<meta name=\"twitter:data1\" content=\"1\u00a0Minute\" \/>\n<script type=\"application\/ld+json\" class=\"yoast-schema-graph\">{\"@context\":\"https:\\\/\\\/schema.org\",\"@graph\":[{\"@type\":\"WebPage\",\"@id\":\"https:\\\/\\\/relaisgourmet.com\\\/de\\\/produkt\\\/die-ganze-gansfoie-gras-tradition\\\/\",\"url\":\"https:\\\/\\\/relaisgourmet.com\\\/de\\\/produkt\\\/die-ganze-gansfoie-gras-tradition\\\/\",\"name\":\"Die ganze Gansfoie-Gras-Tradition &#8211; Relais Gourmet\",\"isPartOf\":{\"@id\":\"https:\\\/\\\/relaisgourmet.com\\\/de\\\/#website\"},\"primaryImageOfPage\":{\"@id\":\"https:\\\/\\\/relaisgourmet.com\\\/de\\\/produkt\\\/die-ganze-gansfoie-gras-tradition\\\/#primaryimage\"},\"image\":{\"@id\":\"https:\\\/\\\/relaisgourmet.com\\\/de\\\/produkt\\\/die-ganze-gansfoie-gras-tradition\\\/#primaryimage\"},\"thumbnailUrl\":\"https:\\\/\\\/relaisgourmet.com\\\/wp-content\\\/uploads\\\/2026\\\/03\\\/Oie-min-scaled-1.webp\",\"datePublished\":\"2026-03-10T12:27:02+00:00\",\"dateModified\":\"2026-04-01T22:33:50+00:00\",\"description\":\"Handwerkliches ganses Foie Gras, 100 % nat\u00fcrlich, ohne Zusatzstoffe. Authentisches franz\u00f6sisches Rezept. Begrenzte Produktion, einzigartiger Geschmack\",\"breadcrumb\":{\"@id\":\"https:\\\/\\\/relaisgourmet.com\\\/de\\\/produkt\\\/die-ganze-gansfoie-gras-tradition\\\/#breadcrumb\"},\"inLanguage\":\"de\",\"potentialAction\":[{\"@type\":\"ReadAction\",\"target\":[\"https:\\\/\\\/relaisgourmet.com\\\/de\\\/produkt\\\/die-ganze-gansfoie-gras-tradition\\\/\"]}]},{\"@type\":\"ImageObject\",\"inLanguage\":\"de\",\"@id\":\"https:\\\/\\\/relaisgourmet.com\\\/de\\\/produkt\\\/die-ganze-gansfoie-gras-tradition\\\/#primaryimage\",\"url\":\"https:\\\/\\\/relaisgourmet.com\\\/wp-content\\\/uploads\\\/2026\\\/03\\\/Oie-min-scaled-1.webp\",\"contentUrl\":\"https:\\\/\\\/relaisgourmet.com\\\/wp-content\\\/uploads\\\/2026\\\/03\\\/Oie-min-scaled-1.webp\",\"width\":1920,\"height\":1920},{\"@type\":\"BreadcrumbList\",\"@id\":\"https:\\\/\\\/relaisgourmet.com\\\/de\\\/produkt\\\/die-ganze-gansfoie-gras-tradition\\\/#breadcrumb\",\"itemListElement\":[{\"@type\":\"ListItem\",\"position\":1,\"name\":\"Startseite\",\"item\":\"https:\\\/\\\/relaisgourmet.com\\\/de\\\/startseite\\\/\"},{\"@type\":\"ListItem\",\"position\":2,\"name\":\"Alle unsere Produkte\",\"item\":\"https:\\\/\\\/relaisgourmet.com\\\/de\\\/shop\\\/\"},{\"@type\":\"ListItem\",\"position\":3,\"name\":\"Die ganze Gansfoie-Gras-Tradition\"}]},{\"@type\":\"WebSite\",\"@id\":\"https:\\\/\\\/relaisgourmet.com\\\/de\\\/#website\",\"url\":\"https:\\\/\\\/relaisgourmet.com\\\/de\\\/\",\"name\":\"Relais Gourmet\",\"description\":\"Foie Gras 100% Fran\u00e7ais\",\"publisher\":{\"@id\":\"https:\\\/\\\/relaisgourmet.com\\\/de\\\/#organization\"},\"potentialAction\":[{\"@type\":\"SearchAction\",\"target\":{\"@type\":\"EntryPoint\",\"urlTemplate\":\"https:\\\/\\\/relaisgourmet.com\\\/de\\\/?s={search_term_string}\"},\"query-input\":{\"@type\":\"PropertyValueSpecification\",\"valueRequired\":true,\"valueName\":\"search_term_string\"}}],\"inLanguage\":\"de\"},{\"@type\":\"Organization\",\"@id\":\"https:\\\/\\\/relaisgourmet.com\\\/de\\\/#organization\",\"name\":\"Relais Gourmet\",\"url\":\"https:\\\/\\\/relaisgourmet.com\\\/de\\\/\",\"logo\":{\"@type\":\"ImageObject\",\"inLanguage\":\"de\",\"@id\":\"https:\\\/\\\/relaisgourmet.com\\\/de\\\/#\\\/schema\\\/logo\\\/image\\\/\",\"url\":\"https:\\\/\\\/relaisgourmet.com\\\/wp-content\\\/uploads\\\/2026\\\/03\\\/yoast-logo-2-relais-gourmet-.png\",\"contentUrl\":\"https:\\\/\\\/relaisgourmet.com\\\/wp-content\\\/uploads\\\/2026\\\/03\\\/yoast-logo-2-relais-gourmet-.png\",\"width\":1200,\"height\":675,\"caption\":\"Relais Gourmet\"},\"image\":{\"@id\":\"https:\\\/\\\/relaisgourmet.com\\\/de\\\/#\\\/schema\\\/logo\\\/image\\\/\"},\"sameAs\":[\"https:\\\/\\\/www.facebook.com\\\/relaisgourmet\\\/\",\"https:\\\/\\\/x.com\\\/relaisgourmet64\",\"https:\\\/\\\/www.instagram.com\\\/relaisgourmetofficiel\",\"https:\\\/\\\/www.pinterest.fr\\\/relaisgourmet\\\/\"],\"email\":\"yaqueche@relaisgourmet.com\",\"telephone\":\"+33 0 5 40 07 07 65\",\"legalName\":\"Relais Gourmet\",\"vatID\":\"FR13482415015\",\"taxID\":\"482415015\"}]}<\/script>\n<!-- \/ Yoast SEO Premium plugin. -->","yoast_head_json":{"title":"Die ganze Gansfoie-Gras-Tradition &#8211; Relais Gourmet","description":"Handwerkliches ganses Foie Gras, 100 % nat\u00fcrlich, ohne Zusatzstoffe. Authentisches franz\u00f6sisches Rezept. Begrenzte Produktion, einzigartiger Geschmack","robots":{"index":"index","follow":"follow","max-snippet":"max-snippet:-1","max-image-preview":"max-image-preview:large","max-video-preview":"max-video-preview:-1"},"canonical":"https:\/\/relaisgourmet.com\/de\/produkt\/die-ganze-gansfoie-gras-tradition\/","og_locale":"de_DE","og_type":"article","og_title":"Die ganze Gansfoie-Gras-Tradition","og_description":"Die Finesse von Goose Foie Gras vermischt sich subtil mit der Reichhaltigkeit der Gew\u00fcrze und enth\u00fcllt authentische und zart w\u00fcrzige Aromen.     \ud83c\uddeb\ud83c\uddf7 Begrenzte Produktion garantiert 100 % franz\u00f6sisch, \u2714 garantiert ohne Konservierungsstoffe, Zusatzstoffe und Farbstoffe. Kunstgef\u00fctterte\ud83d\ude9a G\u00e4nse Schnelle Lieferung weltweit\ud83d\udd53 Bleibt 3 Jahre \ud83d\udd10 Sichere Zahlung \ud83c\udf43 Nettogewicht: 200g","og_url":"https:\/\/relaisgourmet.com\/de\/produkt\/die-ganze-gansfoie-gras-tradition\/","og_site_name":"Relais Gourmet","article_publisher":"https:\/\/www.facebook.com\/relaisgourmet\/","article_modified_time":"2026-04-01T22:33:50+00:00","og_image":[{"width":1920,"height":1920,"url":"https:\/\/relaisgourmet.com\/wp-content\/uploads\/2026\/03\/Oie-min-scaled-1.webp","type":"image\/webp"}],"twitter_card":"summary_large_image","twitter_site":"@relaisgourmet64","twitter_misc":{"Gesch\u00e4tzte Lesezeit":"1\u00a0Minute"},"schema":{"@context":"https:\/\/schema.org","@graph":[{"@type":"WebPage","@id":"https:\/\/relaisgourmet.com\/de\/produkt\/die-ganze-gansfoie-gras-tradition\/","url":"https:\/\/relaisgourmet.com\/de\/produkt\/die-ganze-gansfoie-gras-tradition\/","name":"Die ganze Gansfoie-Gras-Tradition &#8211; Relais Gourmet","isPartOf":{"@id":"https:\/\/relaisgourmet.com\/de\/#website"},"primaryImageOfPage":{"@id":"https:\/\/relaisgourmet.com\/de\/produkt\/die-ganze-gansfoie-gras-tradition\/#primaryimage"},"image":{"@id":"https:\/\/relaisgourmet.com\/de\/produkt\/die-ganze-gansfoie-gras-tradition\/#primaryimage"},"thumbnailUrl":"https:\/\/relaisgourmet.com\/wp-content\/uploads\/2026\/03\/Oie-min-scaled-1.webp","datePublished":"2026-03-10T12:27:02+00:00","dateModified":"2026-04-01T22:33:50+00:00","description":"Handwerkliches ganses Foie Gras, 100 % nat\u00fcrlich, ohne Zusatzstoffe. Authentisches franz\u00f6sisches Rezept. Begrenzte Produktion, einzigartiger Geschmack","breadcrumb":{"@id":"https:\/\/relaisgourmet.com\/de\/produkt\/die-ganze-gansfoie-gras-tradition\/#breadcrumb"},"inLanguage":"de","potentialAction":[{"@type":"ReadAction","target":["https:\/\/relaisgourmet.com\/de\/produkt\/die-ganze-gansfoie-gras-tradition\/"]}]},{"@type":"ImageObject","inLanguage":"de","@id":"https:\/\/relaisgourmet.com\/de\/produkt\/die-ganze-gansfoie-gras-tradition\/#primaryimage","url":"https:\/\/relaisgourmet.com\/wp-content\/uploads\/2026\/03\/Oie-min-scaled-1.webp","contentUrl":"https:\/\/relaisgourmet.com\/wp-content\/uploads\/2026\/03\/Oie-min-scaled-1.webp","width":1920,"height":1920},{"@type":"BreadcrumbList","@id":"https:\/\/relaisgourmet.com\/de\/produkt\/die-ganze-gansfoie-gras-tradition\/#breadcrumb","itemListElement":[{"@type":"ListItem","position":1,"name":"Startseite","item":"https:\/\/relaisgourmet.com\/de\/startseite\/"},{"@type":"ListItem","position":2,"name":"Alle unsere Produkte","item":"https:\/\/relaisgourmet.com\/de\/shop\/"},{"@type":"ListItem","position":3,"name":"Die ganze Gansfoie-Gras-Tradition"}]},{"@type":"WebSite","@id":"https:\/\/relaisgourmet.com\/de\/#website","url":"https:\/\/relaisgourmet.com\/de\/","name":"Relais Gourmet","description":"Foie Gras 100% Fran\u00e7ais","publisher":{"@id":"https:\/\/relaisgourmet.com\/de\/#organization"},"potentialAction":[{"@type":"SearchAction","target":{"@type":"EntryPoint","urlTemplate":"https:\/\/relaisgourmet.com\/de\/?s={search_term_string}"},"query-input":{"@type":"PropertyValueSpecification","valueRequired":true,"valueName":"search_term_string"}}],"inLanguage":"de"},{"@type":"Organization","@id":"https:\/\/relaisgourmet.com\/de\/#organization","name":"Relais Gourmet","url":"https:\/\/relaisgourmet.com\/de\/","logo":{"@type":"ImageObject","inLanguage":"de","@id":"https:\/\/relaisgourmet.com\/de\/#\/schema\/logo\/image\/","url":"https:\/\/relaisgourmet.com\/wp-content\/uploads\/2026\/03\/yoast-logo-2-relais-gourmet-.png","contentUrl":"https:\/\/relaisgourmet.com\/wp-content\/uploads\/2026\/03\/yoast-logo-2-relais-gourmet-.png","width":1200,"height":675,"caption":"Relais Gourmet"},"image":{"@id":"https:\/\/relaisgourmet.com\/de\/#\/schema\/logo\/image\/"},"sameAs":["https:\/\/www.facebook.com\/relaisgourmet\/","https:\/\/x.com\/relaisgourmet64","https:\/\/www.instagram.com\/relaisgourmetofficiel","https:\/\/www.pinterest.fr\/relaisgourmet\/"],"email":"yaqueche@relaisgourmet.com","telephone":"+33 0 5 40 07 07 65","legalName":"Relais Gourmet","vatID":"FR13482415015","taxID":"482415015"}]}},"_links":{"self":[{"href":"https:\/\/relaisgourmet.com\/de\/wp-json\/wp\/v2\/product\/63961","targetHints":{"allow":["GET"]}}],"collection":[{"href":"https:\/\/relaisgourmet.com\/de\/wp-json\/wp\/v2\/product"}],"about":[{"href":"https:\/\/relaisgourmet.com\/de\/wp-json\/wp\/v2\/types\/product"}],"replies":[{"embeddable":true,"href":"https:\/\/relaisgourmet.com\/de\/wp-json\/wp\/v2\/comments?post=63961"}],"wp:featuredmedia":[{"embeddable":true,"href":"https:\/\/relaisgourmet.com\/de\/wp-json\/wp\/v2\/media\/63962"}],"wp:attachment":[{"href":"https:\/\/relaisgourmet.com\/de\/wp-json\/wp\/v2\/media?parent=63961"}],"wp:term":[{"taxonomy":"product_brand","embeddable":true,"href":"https:\/\/relaisgourmet.com\/de\/wp-json\/wp\/v2\/product_brand?post=63961"},{"taxonomy":"product_cat","embeddable":true,"href":"https:\/\/relaisgourmet.com\/de\/wp-json\/wp\/v2\/product_cat?post=63961"},{"taxonomy":"product_tag","embeddable":true,"href":"https:\/\/relaisgourmet.com\/de\/wp-json\/wp\/v2\/product_tag?post=63961"},{"taxonomy":"giftcard-category","embeddable":true,"href":"https:\/\/relaisgourmet.com\/de\/wp-json\/wp\/v2\/giftcard-category?post=63961"}],"curies":[{"name":"wp","href":"https:\/\/api.w.org\/{rel}","templated":true}]}}